{"id":22277,"date":"2019-11-26T13:41:52","date_gmt":"2019-11-26T12:41:52","guid":{"rendered":"http:\/\/doktorvolt.pl\/angebot\/ubrania-robocze\/"},"modified":"2025-08-11T09:17:58","modified_gmt":"2025-08-11T08:17:58","slug":"arbeitskleidung","status":"publish","type":"page","link":"https:\/\/doktorvolt.pl\/de\/angebot\/zubehoer\/bau-heimwerken-werkzeuge\/arbeitskleidung\/","title":{"rendered":"ARBEITSKLEIDUNG"},"content":{"rendered":"<div class=\"fusion-fullwidth fullwidth-box fusion-builder-row-1 nonhundred-percent-fullwidth non-hundred-percent-height-scrolling\" style=\"--awb-border-radius-top-left:0px;--awb-border-radius-top-right:0px;--awb-border-radius-bottom-right:0px;--awb-border-radius-bottom-left:0px;--awb-flex-wrap:wrap;\" ><div class=\"fusion-builder-row fusion-row\"><div class=\"fusion-layout-column fusion_builder_column fusion-builder-column-0 fusion_builder_column_1_1 1_1 fusion-one-full fusion-column-first fusion-column-last\" style=\"--awb-bg-size:cover;\"><div class=\"fusion-column-wrapper fusion-flex-column-wrapper-legacy\"><div class=\"fusion-title title fusion-title-1 fusion-sep-none fusion-title-center fusion-title-text fusion-title-size-two\" style=\"--awb-margin-bottom:20px;\"><h2 class=\"fusion-title-heading title-heading-center fusion-responsive-typography-calculated\" style=\"margin:0;--fontSize:40;line-height:1.3;\">ARBEITSKLEIDUNG<\/h2><\/div><div class=\"fusion-text fusion-text-1\"><p style=\"text-align: center;\"><span style=\"font-weight: 400;\">Die Arbeitskleidung soll vor kleineren Verletzungen sch\u00fctzen und eine gewisse Best\u00e4ndigkeit aufweisen, damit Sie auch \u00fcber einen l\u00e4ngeren Zeitraum hinweg bequem arbeiten k\u00f6nnen. Dar\u00fcber hinaus ist das Design wichtig, um das professionelle Erscheinungsbild der Arbeitskr\u00e4fte zu unterstreichen.<\/span><\/p>\n<\/div><div class=\"fusion-clearfix\"><\/div><\/div><\/div><div class=\"fusion-layout-column fusion_builder_column fusion-builder-column-1 fusion_builder_column_1_1 1_1 fusion-one-full fusion-column-first fusion-column-last\" style=\"--awb-bg-size:cover;\"><div class=\"fusion-column-wrapper fusion-flex-column-wrapper-legacy\"><div class=\"fusion-recent-posts fusion-recent-posts-1 avada-container layout-default layout-columns-3\"><section class=\"fusion-columns columns fusion-columns-3 columns-3\"><article class=\"post fusion-column column col col-lg-4 col-md-4 col-sm-4\"><div class=\"fusion-flexslider fusion-flexslider-loading flexslider flexslider-hover-type-zoomin\"><ul class=\"slides\"><li><a href=\"https:\/\/doktorvolt.pl\/de\/angebot\/zubehoer\/bau-heimwerken-werkzeuge\/arbeitskleidung\/microfleece-jacke-fuer-elektriker-doktorvolt-2\/\" aria-label=\"Microfleece Jacke f\u00fcr Elektriker Doktorvolt\" class=\"hover-type-zoomin\"><img decoding=\"async\" width=\"1000\" height=\"1000\" src=\"https:\/\/doktorvolt.pl\/wp-content\/uploads\/2025\/07\/pol_pl_Bluza-polarowa-robocza-Czarna-Doktorvolt-Rozmiar-S-2230-13497_2.jpg\" class=\"attachment-full size-full\" alt=\"\" srcset=\"https:\/\/doktorvolt.pl\/wp-content\/uploads\/2025\/07\/pol_pl_Bluza-polarowa-robocza-Czarna-Doktorvolt-Rozmiar-S-2230-13497_2-200x200.jpg 200w, https:\/\/doktorvolt.pl\/wp-content\/uploads\/2025\/07\/pol_pl_Bluza-polarowa-robocza-Czarna-Doktorvolt-Rozmiar-S-2230-13497_2-400x400.jpg 400w, https:\/\/doktorvolt.pl\/wp-content\/uploads\/2025\/07\/pol_pl_Bluza-polarowa-robocza-Czarna-Doktorvolt-Rozmiar-S-2230-13497_2-600x600.jpg 600w, https:\/\/doktorvolt.pl\/wp-content\/uploads\/2025\/07\/pol_pl_Bluza-polarowa-robocza-Czarna-Doktorvolt-Rozmiar-S-2230-13497_2-800x800.jpg 800w, https:\/\/doktorvolt.pl\/wp-content\/uploads\/2025\/07\/pol_pl_Bluza-polarowa-robocza-Czarna-Doktorvolt-Rozmiar-S-2230-13497_2.jpg 1000w\" sizes=\"(min-width: 2200px) 100vw, (min-width: 824px) 370px, (min-width: 732px) 555px, (min-width: 640px) 732px, \" \/><\/a><\/li><\/ul><\/div><div class=\"recent-posts-content\"><span class=\"vcard\" style=\"display: none;\"><span class=\"fn\"><a href=\"\" title=\"Beitr\u00e4ge von \" rel=\"author\"><\/a><\/span><\/span><span class=\"updated\" style=\"display:none;\">2025-07-22T09:11:58+02:00<\/span><h4 class=\"entry-title\"><a href=\"https:\/\/doktorvolt.pl\/de\/angebot\/zubehoer\/bau-heimwerken-werkzeuge\/arbeitskleidung\/microfleece-jacke-fuer-elektriker-doktorvolt-2\/\">Microfleece Jacke f\u00fcr Elektriker Doktorvolt<\/a><\/h4><\/div><\/article><article class=\"post fusion-column column col col-lg-4 col-md-4 col-sm-4\"><div class=\"fusion-flexslider fusion-flexslider-loading flexslider flexslider-hover-type-zoomin\"><ul class=\"slides\"><li><a href=\"https:\/\/doktorvolt.pl\/de\/angebot\/zubehoer\/bau-heimwerken-werkzeuge\/arbeitskleidung\/bund-arbeitshose-245-g-m2-fuer-elektriker-doktorvolt\/\" aria-label=\"Bund- Arbeitshose 245 g\/m2 f\u00fcr Elektriker Doktorvolt\" class=\"hover-type-zoomin\"><img decoding=\"async\" width=\"800\" height=\"800\" src=\"https:\/\/doktorvolt.pl\/wp-content\/uploads\/2021\/06\/spodnie-robocze-245-gm2-r62-wzmocnione-niebiesko-czarne-doktorvolt-2131.jpg\" class=\"attachment-full size-full\" alt=\"\" srcset=\"https:\/\/doktorvolt.pl\/wp-content\/uploads\/2021\/06\/spodnie-robocze-245-gm2-r62-wzmocnione-niebiesko-czarne-doktorvolt-2131-200x200.jpg 200w, https:\/\/doktorvolt.pl\/wp-content\/uploads\/2021\/06\/spodnie-robocze-245-gm2-r62-wzmocnione-niebiesko-czarne-doktorvolt-2131-400x400.jpg 400w, https:\/\/doktorvolt.pl\/wp-content\/uploads\/2021\/06\/spodnie-robocze-245-gm2-r62-wzmocnione-niebiesko-czarne-doktorvolt-2131-600x600.jpg 600w, https:\/\/doktorvolt.pl\/wp-content\/uploads\/2021\/06\/spodnie-robocze-245-gm2-r62-wzmocnione-niebiesko-czarne-doktorvolt-2131.jpg 800w\" sizes=\"(min-width: 2200px) 100vw, (min-width: 824px) 370px, (min-width: 732px) 555px, (min-width: 640px) 732px, \" \/><\/a><\/li><\/ul><\/div><div class=\"recent-posts-content\"><span class=\"vcard\" style=\"display: none;\"><span class=\"fn\"><a href=\"\" title=\"Beitr\u00e4ge von \" rel=\"author\"><\/a><\/span><\/span><span class=\"updated\" style=\"display:none;\">2026-02-11T12:57:51+02:00<\/span><h4 class=\"entry-title\"><a href=\"https:\/\/doktorvolt.pl\/de\/angebot\/zubehoer\/bau-heimwerken-werkzeuge\/arbeitskleidung\/bund-arbeitshose-245-g-m2-fuer-elektriker-doktorvolt\/\">Bund- Arbeitshose 245 g\/m2 f\u00fcr Elektriker Doktorvolt<\/a><\/h4><\/div><\/article><article class=\"post fusion-column column col col-lg-4 col-md-4 col-sm-4\"><div class=\"fusion-flexslider fusion-flexslider-loading flexslider flexslider-hover-type-zoomin\"><ul class=\"slides\"><li><a href=\"https:\/\/doktorvolt.pl\/de\/angebot\/zubehoer\/bau-heimwerken-werkzeuge\/arbeitskleidung\/arbeitsshorts-245-g-m2-fuer-elektriker-doktorvolt\/\" aria-label=\"Arbeitsshorts 245 g\/m2 f\u00fcr Elektriker Doktorvolt\" class=\"hover-type-zoomin\"><img decoding=\"async\" width=\"800\" height=\"800\" src=\"https:\/\/doktorvolt.pl\/wp-content\/uploads\/2021\/06\/spodnie-robocze-krotkie-245-gm2-r62-niebiesko-czarne-doktorvolt-2179.jpg\" class=\"attachment-full size-full\" alt=\"\" srcset=\"https:\/\/doktorvolt.pl\/wp-content\/uploads\/2021\/06\/spodnie-robocze-krotkie-245-gm2-r62-niebiesko-czarne-doktorvolt-2179-200x200.jpg 200w, https:\/\/doktorvolt.pl\/wp-content\/uploads\/2021\/06\/spodnie-robocze-krotkie-245-gm2-r62-niebiesko-czarne-doktorvolt-2179-400x400.jpg 400w, https:\/\/doktorvolt.pl\/wp-content\/uploads\/2021\/06\/spodnie-robocze-krotkie-245-gm2-r62-niebiesko-czarne-doktorvolt-2179-600x600.jpg 600w, https:\/\/doktorvolt.pl\/wp-content\/uploads\/2021\/06\/spodnie-robocze-krotkie-245-gm2-r62-niebiesko-czarne-doktorvolt-2179.jpg 800w\" sizes=\"(min-width: 2200px) 100vw, (min-width: 824px) 370px, (min-width: 732px) 555px, (min-width: 640px) 732px, \" \/><\/a><\/li><\/ul><\/div><div class=\"recent-posts-content\"><span class=\"vcard\" style=\"display: none;\"><span class=\"fn\"><a href=\"\" title=\"Beitr\u00e4ge von \" rel=\"author\"><\/a><\/span><\/span><span class=\"updated\" style=\"display:none;\">2026-02-11T13:02:31+02:00<\/span><h4 class=\"entry-title\"><a href=\"https:\/\/doktorvolt.pl\/de\/angebot\/zubehoer\/bau-heimwerken-werkzeuge\/arbeitskleidung\/arbeitsshorts-245-g-m2-fuer-elektriker-doktorvolt\/\">Arbeitsshorts 245 g\/m2 f\u00fcr Elektriker Doktorvolt<\/a><\/h4><\/div><\/article><\/section><\/div><div class=\"fusion-clearfix\"><\/div><\/div><\/div><\/div><\/div>\n","protected":false},"excerpt":{"rendered":"","protected":false},"author":15,"featured_media":22482,"parent":78959,"menu_order":0,"comment_status":"closed","ping_status":"closed","template":"100-width.php","meta":{"footnotes":""},"categories":[],"tags":[],"class_list":["post-22277","page","type-page","status-publish","has-post-thumbnail","hentry"],"yoast_head":"<!-- This site is optimized with the Yoast SEO plugin v27.0 - https:\/\/yoast.com\/product\/yoast-seo-wordpress\/ -->\n<title>ARBEITSKLEIDUNG - DOKTORVOLT\u00ae<\/title>\n<meta name=\"robots\" content=\"index, follow, max-snippet:-1, max-image-preview:large, max-video-preview:-1\" \/>\n<link rel=\"canonical\" href=\"https:\/\/doktorvolt.pl\/de\/angebot\/zubehoer\/bau-heimwerken-werkzeuge\/arbeitskleidung\/\" \/>\n<meta property=\"og:locale\" content=\"de_DE\" \/>\n<meta property=\"og:type\" content=\"article\" \/>\n<meta property=\"og:title\" content=\"ARBEITSKLEIDUNG - DOKTORVOLT\u00ae\" \/>\n<meta property=\"og:url\" content=\"https:\/\/doktorvolt.pl\/de\/angebot\/zubehoer\/bau-heimwerken-werkzeuge\/arbeitskleidung\/\" \/>\n<meta property=\"og:site_name\" content=\"DOKTORVOLT\u00ae\" \/>\n<meta property=\"article:modified_time\" content=\"2025-08-11T08:17:58+00:00\" \/>\n<meta property=\"og:image\" content=\"https:\/\/doktorvolt.pl\/wp-content\/uploads\/2021\/06\/ubrania.jpg\" \/>\n\t<meta property=\"og:image:width\" content=\"800\" \/>\n\t<meta property=\"og:image:height\" content=\"574\" \/>\n\t<meta property=\"og:image:type\" content=\"image\/jpeg\" \/>\n<meta name=\"twitter:card\" content=\"summary_large_image\" \/>\n<meta name=\"twitter:label1\" content=\"Gesch\u00e4tzte Lesezeit\" \/>\n\t<meta name=\"twitter:data1\" content=\"2\u00a0Minuten\" \/>\n<script type=\"application\/ld+json\" class=\"yoast-schema-graph\">{\"@context\":\"https:\/\/schema.org\",\"@graph\":[{\"@type\":\"WebPage\",\"@id\":\"https:\/\/doktorvolt.pl\/de\/angebot\/zubehoer\/bau-heimwerken-werkzeuge\/arbeitskleidung\/\",\"url\":\"https:\/\/doktorvolt.pl\/de\/angebot\/zubehoer\/bau-heimwerken-werkzeuge\/arbeitskleidung\/\",\"name\":\"ARBEITSKLEIDUNG - DOKTORVOLT\u00ae\",\"isPartOf\":{\"@id\":\"https:\/\/doktorvolt.pl\/de\/#website\"},\"primaryImageOfPage\":{\"@id\":\"https:\/\/doktorvolt.pl\/de\/angebot\/zubehoer\/bau-heimwerken-werkzeuge\/arbeitskleidung\/#primaryimage\"},\"image\":{\"@id\":\"https:\/\/doktorvolt.pl\/de\/angebot\/zubehoer\/bau-heimwerken-werkzeuge\/arbeitskleidung\/#primaryimage\"},\"thumbnailUrl\":\"https:\/\/doktorvolt.pl\/wp-content\/uploads\/2021\/06\/ubrania.jpg\",\"datePublished\":\"2019-11-26T12:41:52+00:00\",\"dateModified\":\"2025-08-11T08:17:58+00:00\",\"breadcrumb\":{\"@id\":\"https:\/\/doktorvolt.pl\/de\/angebot\/zubehoer\/bau-heimwerken-werkzeuge\/arbeitskleidung\/#breadcrumb\"},\"inLanguage\":\"de\",\"potentialAction\":[{\"@type\":\"ReadAction\",\"target\":[\"https:\/\/doktorvolt.pl\/de\/angebot\/zubehoer\/bau-heimwerken-werkzeuge\/arbeitskleidung\/\"]}]},{\"@type\":\"ImageObject\",\"inLanguage\":\"de\",\"@id\":\"https:\/\/doktorvolt.pl\/de\/angebot\/zubehoer\/bau-heimwerken-werkzeuge\/arbeitskleidung\/#primaryimage\",\"url\":\"https:\/\/doktorvolt.pl\/wp-content\/uploads\/2021\/06\/ubrania.jpg\",\"contentUrl\":\"https:\/\/doktorvolt.pl\/wp-content\/uploads\/2021\/06\/ubrania.jpg\",\"width\":800,\"height\":574},{\"@type\":\"BreadcrumbList\",\"@id\":\"https:\/\/doktorvolt.pl\/de\/angebot\/zubehoer\/bau-heimwerken-werkzeuge\/arbeitskleidung\/#breadcrumb\",\"itemListElement\":[{\"@type\":\"ListItem\",\"position\":1,\"name\":\"Strona g\u0142\u00f3wna\",\"item\":\"https:\/\/doktorvolt.pl\/de\/\"},{\"@type\":\"ListItem\",\"position\":2,\"name\":\"ANGEBOT\",\"item\":\"https:\/\/doktorvolt.pl\/de\/angebot\/\"},{\"@type\":\"ListItem\",\"position\":3,\"name\":\"ZUBEH\u00d6R\",\"item\":\"https:\/\/doktorvolt.pl\/de\/angebot\/zubehoer\/\"},{\"@type\":\"ListItem\",\"position\":4,\"name\":\"BAU, HEIMWERKEN, WERKZEUGE\",\"item\":\"https:\/\/doktorvolt.pl\/de\/angebot\/zubehoer\/bau-heimwerken-werkzeuge\/\"},{\"@type\":\"ListItem\",\"position\":5,\"name\":\"ARBEITSKLEIDUNG\"}]},{\"@type\":\"WebSite\",\"@id\":\"https:\/\/doktorvolt.pl\/de\/#website\",\"url\":\"https:\/\/doktorvolt.pl\/de\/\",\"name\":\"DOKTORVOLT\u00ae\",\"description\":\"Producent rozdzielnic budowlanych\",\"publisher\":{\"@id\":\"https:\/\/doktorvolt.pl\/de\/#organization\"},\"potentialAction\":[{\"@type\":\"SearchAction\",\"target\":{\"@type\":\"EntryPoint\",\"urlTemplate\":\"https:\/\/doktorvolt.pl\/de\/?s={search_term_string}\"},\"query-input\":{\"@type\":\"PropertyValueSpecification\",\"valueRequired\":true,\"valueName\":\"search_term_string\"}}],\"inLanguage\":\"de\"},{\"@type\":\"Organization\",\"@id\":\"https:\/\/doktorvolt.pl\/de\/#organization\",\"name\":\"DOKTORVOLT\u00ae\",\"url\":\"https:\/\/doktorvolt.pl\/de\/\",\"logo\":{\"@type\":\"ImageObject\",\"inLanguage\":\"de\",\"@id\":\"https:\/\/doktorvolt.pl\/de\/#\/schema\/logo\/image\/\",\"url\":\"https:\/\/doktorvolt.pl\/wp-content\/uploads\/2023\/10\/DoktorVOLT-black-png.png\",\"contentUrl\":\"https:\/\/doktorvolt.pl\/wp-content\/uploads\/2023\/10\/DoktorVOLT-black-png.png\",\"width\":729,\"height\":40,\"caption\":\"DOKTORVOLT\u00ae\"},\"image\":{\"@id\":\"https:\/\/doktorvolt.pl\/de\/#\/schema\/logo\/image\/\"}}]}<\/script>\n<!-- \/ Yoast SEO plugin. -->","yoast_head_json":{"title":"ARBEITSKLEIDUNG - DOKTORVOLT\u00ae","robots":{"index":"index","follow":"follow","max-snippet":"max-snippet:-1","max-image-preview":"max-image-preview:large","max-video-preview":"max-video-preview:-1"},"canonical":"https:\/\/doktorvolt.pl\/de\/angebot\/zubehoer\/bau-heimwerken-werkzeuge\/arbeitskleidung\/","og_locale":"de_DE","og_type":"article","og_title":"ARBEITSKLEIDUNG - DOKTORVOLT\u00ae","og_url":"https:\/\/doktorvolt.pl\/de\/angebot\/zubehoer\/bau-heimwerken-werkzeuge\/arbeitskleidung\/","og_site_name":"DOKTORVOLT\u00ae","article_modified_time":"2025-08-11T08:17:58+00:00","og_image":[{"width":800,"height":574,"url":"https:\/\/doktorvolt.pl\/wp-content\/uploads\/2021\/06\/ubrania.jpg","type":"image\/jpeg"}],"twitter_card":"summary_large_image","twitter_misc":{"Gesch\u00e4tzte Lesezeit":"2\u00a0Minuten"},"schema":{"@context":"https:\/\/schema.org","@graph":[{"@type":"WebPage","@id":"https:\/\/doktorvolt.pl\/de\/angebot\/zubehoer\/bau-heimwerken-werkzeuge\/arbeitskleidung\/","url":"https:\/\/doktorvolt.pl\/de\/angebot\/zubehoer\/bau-heimwerken-werkzeuge\/arbeitskleidung\/","name":"ARBEITSKLEIDUNG - DOKTORVOLT\u00ae","isPartOf":{"@id":"https:\/\/doktorvolt.pl\/de\/#website"},"primaryImageOfPage":{"@id":"https:\/\/doktorvolt.pl\/de\/angebot\/zubehoer\/bau-heimwerken-werkzeuge\/arbeitskleidung\/#primaryimage"},"image":{"@id":"https:\/\/doktorvolt.pl\/de\/angebot\/zubehoer\/bau-heimwerken-werkzeuge\/arbeitskleidung\/#primaryimage"},"thumbnailUrl":"https:\/\/doktorvolt.pl\/wp-content\/uploads\/2021\/06\/ubrania.jpg","datePublished":"2019-11-26T12:41:52+00:00","dateModified":"2025-08-11T08:17:58+00:00","breadcrumb":{"@id":"https:\/\/doktorvolt.pl\/de\/angebot\/zubehoer\/bau-heimwerken-werkzeuge\/arbeitskleidung\/#breadcrumb"},"inLanguage":"de","potentialAction":[{"@type":"ReadAction","target":["https:\/\/doktorvolt.pl\/de\/angebot\/zubehoer\/bau-heimwerken-werkzeuge\/arbeitskleidung\/"]}]},{"@type":"ImageObject","inLanguage":"de","@id":"https:\/\/doktorvolt.pl\/de\/angebot\/zubehoer\/bau-heimwerken-werkzeuge\/arbeitskleidung\/#primaryimage","url":"https:\/\/doktorvolt.pl\/wp-content\/uploads\/2021\/06\/ubrania.jpg","contentUrl":"https:\/\/doktorvolt.pl\/wp-content\/uploads\/2021\/06\/ubrania.jpg","width":800,"height":574},{"@type":"BreadcrumbList","@id":"https:\/\/doktorvolt.pl\/de\/angebot\/zubehoer\/bau-heimwerken-werkzeuge\/arbeitskleidung\/#breadcrumb","itemListElement":[{"@type":"ListItem","position":1,"name":"Strona g\u0142\u00f3wna","item":"https:\/\/doktorvolt.pl\/de\/"},{"@type":"ListItem","position":2,"name":"ANGEBOT","item":"https:\/\/doktorvolt.pl\/de\/angebot\/"},{"@type":"ListItem","position":3,"name":"ZUBEH\u00d6R","item":"https:\/\/doktorvolt.pl\/de\/angebot\/zubehoer\/"},{"@type":"ListItem","position":4,"name":"BAU, HEIMWERKEN, WERKZEUGE","item":"https:\/\/doktorvolt.pl\/de\/angebot\/zubehoer\/bau-heimwerken-werkzeuge\/"},{"@type":"ListItem","position":5,"name":"ARBEITSKLEIDUNG"}]},{"@type":"WebSite","@id":"https:\/\/doktorvolt.pl\/de\/#website","url":"https:\/\/doktorvolt.pl\/de\/","name":"DOKTORVOLT\u00ae","description":"Producent rozdzielnic budowlanych","publisher":{"@id":"https:\/\/doktorvolt.pl\/de\/#organization"},"potentialAction":[{"@type":"SearchAction","target":{"@type":"EntryPoint","urlTemplate":"https:\/\/doktorvolt.pl\/de\/?s={search_term_string}"},"query-input":{"@type":"PropertyValueSpecification","valueRequired":true,"valueName":"search_term_string"}}],"inLanguage":"de"},{"@type":"Organization","@id":"https:\/\/doktorvolt.pl\/de\/#organization","name":"DOKTORVOLT\u00ae","url":"https:\/\/doktorvolt.pl\/de\/","logo":{"@type":"ImageObject","inLanguage":"de","@id":"https:\/\/doktorvolt.pl\/de\/#\/schema\/logo\/image\/","url":"https:\/\/doktorvolt.pl\/wp-content\/uploads\/2023\/10\/DoktorVOLT-black-png.png","contentUrl":"https:\/\/doktorvolt.pl\/wp-content\/uploads\/2023\/10\/DoktorVOLT-black-png.png","width":729,"height":40,"caption":"DOKTORVOLT\u00ae"},"image":{"@id":"https:\/\/doktorvolt.pl\/de\/#\/schema\/logo\/image\/"}}]}},"_links":{"self":[{"href":"https:\/\/doktorvolt.pl\/de\/wp-json\/wp\/v2\/pages\/22277","targetHints":{"allow":["GET"]}}],"collection":[{"href":"https:\/\/doktorvolt.pl\/de\/wp-json\/wp\/v2\/pages"}],"about":[{"href":"https:\/\/doktorvolt.pl\/de\/wp-json\/wp\/v2\/types\/page"}],"author":[{"embeddable":true,"href":"https:\/\/doktorvolt.pl\/de\/wp-json\/wp\/v2\/users\/15"}],"replies":[{"embeddable":true,"href":"https:\/\/doktorvolt.pl\/de\/wp-json\/wp\/v2\/comments?post=22277"}],"version-history":[{"count":8,"href":"https:\/\/doktorvolt.pl\/de\/wp-json\/wp\/v2\/pages\/22277\/revisions"}],"predecessor-version":[{"id":83117,"href":"https:\/\/doktorvolt.pl\/de\/wp-json\/wp\/v2\/pages\/22277\/revisions\/83117"}],"up":[{"embeddable":true,"href":"https:\/\/doktorvolt.pl\/de\/wp-json\/wp\/v2\/pages\/78959"}],"wp:featuredmedia":[{"embeddable":true,"href":"https:\/\/doktorvolt.pl\/de\/wp-json\/wp\/v2\/media\/22482"}],"wp:attachment":[{"href":"https:\/\/doktorvolt.pl\/de\/wp-json\/wp\/v2\/media?parent=22277"}],"wp:term":[{"taxonomy":"category","embeddable":true,"href":"https:\/\/doktorvolt.pl\/de\/wp-json\/wp\/v2\/categories?post=22277"},{"taxonomy":"post_tag","embeddable":true,"href":"https:\/\/doktorvolt.pl\/de\/wp-json\/wp\/v2\/tags?post=22277"}],"curies":[{"name":"wp","href":"https:\/\/api.w.org\/{rel}","templated":true}]}}