{"id":6611,"date":"2018-07-09T09:38:33","date_gmt":"2018-07-09T08:38:33","guid":{"rendered":"http:\/\/doktorvolt.pl\/angebot\/phasenschienen\/seria-sztyftowe\/"},"modified":"2025-08-27T08:59:29","modified_gmt":"2025-08-27T06:59:29","slug":"stift-serie","status":"publish","type":"page","link":"https:\/\/doktorvolt.pl\/de\/angebot\/zubehoer\/phasenschienen\/stift-serie\/","title":{"rendered":"STIFT SERIE"},"content":{"rendered":"<div class=\"fusion-fullwidth fullwidth-box fusion-builder-row-1 nonhundred-percent-fullwidth non-hundred-percent-height-scrolling\" style=\"--awb-border-radius-top-left:0px;--awb-border-radius-top-right:0px;--awb-border-radius-bottom-right:0px;--awb-border-radius-bottom-left:0px;--awb-flex-wrap:wrap;\" ><div class=\"fusion-builder-row fusion-row\"><div class=\"fusion-layout-column fusion_builder_column fusion-builder-column-0 fusion_builder_column_1_1 1_1 fusion-one-full fusion-column-first fusion-column-last\" style=\"--awb-bg-size:cover;\"><div class=\"fusion-column-wrapper fusion-flex-column-wrapper-legacy\"><div class=\"fusion-recent-posts fusion-recent-posts-1 avada-container layout-default layout-columns-4\"><section class=\"fusion-columns columns fusion-columns-4 columns-4\"><article class=\"post fusion-column column col col-lg-3 col-md-3 col-sm-3\"><div class=\"fusion-flexslider fusion-flexslider-loading flexslider flexslider-hover-type-zoomin\"><ul class=\"slides\"><li><a href=\"https:\/\/doktorvolt.pl\/de\/angebot\/zubehoer\/phasenschienen\/stift-serie\/3p-phasenschiene-stift-11-polig-16mm%c2%b2-ps-sb-schiene-5149\/\" aria-label=\"3P Phasenschiene Stift 11-polig 16mm\u00b2 PS\/SB Schiene DV-5149-PSS\" class=\"hover-type-zoomin\"><img decoding=\"async\" width=\"700\" height=\"441\" src=\"https:\/\/doktorvolt.pl\/wp-content\/uploads\/2025\/02\/pol_pl_Szyna-laczeniowa-sztyftowa-PS-S-3F-11Mod-16mm2-5149-14319_1-700x441.jpg\" class=\"attachment-recent-posts size-recent-posts\" alt=\"\" srcset=\"https:\/\/doktorvolt.pl\/wp-content\/uploads\/2025\/02\/pol_pl_Szyna-laczeniowa-sztyftowa-PS-S-3F-11Mod-16mm2-5149-14319_1-320x202.jpg 320w, https:\/\/doktorvolt.pl\/wp-content\/uploads\/2025\/02\/pol_pl_Szyna-laczeniowa-sztyftowa-PS-S-3F-11Mod-16mm2-5149-14319_1-700x441.jpg 700w\" sizes=\"(max-width: 700px) 100vw, 700px\" \/><\/a><\/li><\/ul><\/div><div class=\"recent-posts-content\"><span class=\"vcard\" style=\"display: none;\"><span class=\"fn\"><a href=\"\" title=\"Beitr\u00e4ge von \" rel=\"author\"><\/a><\/span><\/span><span class=\"updated\" style=\"display:none;\">2025-09-09T09:21:47+02:00<\/span><h4 class=\"entry-title\"><a href=\"https:\/\/doktorvolt.pl\/de\/angebot\/zubehoer\/phasenschienen\/stift-serie\/3p-phasenschiene-stift-11-polig-16mm%c2%b2-ps-sb-schiene-5149\/\">3P Phasenschiene Stift 11-polig 16mm\u00b2 PS\/SB Schiene DV-5149-PSS<\/a><\/h4><\/div><\/article><article class=\"post fusion-column column col col-lg-3 col-md-3 col-sm-3\"><div class=\"fusion-flexslider fusion-flexslider-loading flexslider flexslider-hover-type-zoomin\"><ul class=\"slides\"><li><a href=\"https:\/\/doktorvolt.pl\/de\/angebot\/zubehoer\/phasenschienen\/stift-serie\/3p-phasenschiene-stift-8-polig-16mm%c2%b2-ps-s-schiene-dv-5132-pss\/\" aria-label=\"3P Phasenschiene Stift 8-polig 16mm\u00b2 PS\/S Schiene DV-5132-PSS\" class=\"hover-type-zoomin\"><img decoding=\"async\" width=\"700\" height=\"441\" src=\"https:\/\/doktorvolt.pl\/wp-content\/uploads\/2025\/09\/pol_pl_Szyna-laczeniowa-sztyftowa-PS-S-3F-8Mod-16mm2-DV-5132-PSS-14318_2-700x441.jpg\" class=\"attachment-recent-posts size-recent-posts\" alt=\"\" srcset=\"https:\/\/doktorvolt.pl\/wp-content\/uploads\/2025\/09\/pol_pl_Szyna-laczeniowa-sztyftowa-PS-S-3F-8Mod-16mm2-DV-5132-PSS-14318_2-320x202.jpg 320w, https:\/\/doktorvolt.pl\/wp-content\/uploads\/2025\/09\/pol_pl_Szyna-laczeniowa-sztyftowa-PS-S-3F-8Mod-16mm2-DV-5132-PSS-14318_2-700x441.jpg 700w\" sizes=\"(max-width: 700px) 100vw, 700px\" \/><\/a><\/li><\/ul><\/div><div class=\"recent-posts-content\"><span class=\"vcard\" style=\"display: none;\"><span class=\"fn\"><a href=\"\" title=\"Beitr\u00e4ge von \" rel=\"author\"><\/a><\/span><\/span><span class=\"updated\" style=\"display:none;\">2025-09-09T09:19:22+02:00<\/span><h4 class=\"entry-title\"><a href=\"https:\/\/doktorvolt.pl\/de\/angebot\/zubehoer\/phasenschienen\/stift-serie\/3p-phasenschiene-stift-8-polig-16mm%c2%b2-ps-s-schiene-dv-5132-pss\/\">3P Phasenschiene Stift 8-polig 16mm\u00b2 PS\/S Schiene DV-5132-PSS<\/a><\/h4><\/div><\/article><article class=\"post fusion-column column col col-lg-3 col-md-3 col-sm-3\"><div class=\"fusion-flexslider fusion-flexslider-loading flexslider flexslider-hover-type-zoomin\"><ul class=\"slides\"><li><a href=\"https:\/\/doktorvolt.pl\/de\/angebot\/zubehoer\/phasenschienen\/stift-serie\/3p-phasenschiene-stift-7-polig-16mm%c2%b2-ps-sb-schiene-5125\/\" aria-label=\"3P Phasenschiene Stift 7-polig 16mm\u00b2 PS\/SB Schiene DV-5125-PSS\" class=\"hover-type-zoomin\"><img decoding=\"async\" width=\"700\" height=\"441\" src=\"https:\/\/doktorvolt.pl\/wp-content\/uploads\/2025\/02\/pol_pl_Szyna-laczeniowa-sztyftowa-PS-S-3F-7Mod-16mm2-5125-14317_1-700x441.jpg\" class=\"attachment-recent-posts size-recent-posts\" alt=\"\" srcset=\"https:\/\/doktorvolt.pl\/wp-content\/uploads\/2025\/02\/pol_pl_Szyna-laczeniowa-sztyftowa-PS-S-3F-7Mod-16mm2-5125-14317_1-320x202.jpg 320w, https:\/\/doktorvolt.pl\/wp-content\/uploads\/2025\/02\/pol_pl_Szyna-laczeniowa-sztyftowa-PS-S-3F-7Mod-16mm2-5125-14317_1-700x441.jpg 700w\" sizes=\"(max-width: 700px) 100vw, 700px\" \/><\/a><\/li><\/ul><\/div><div class=\"recent-posts-content\"><span class=\"vcard\" style=\"display: none;\"><span class=\"fn\"><a href=\"\" title=\"Beitr\u00e4ge von \" rel=\"author\"><\/a><\/span><\/span><span class=\"updated\" style=\"display:none;\">2025-09-08T15:17:16+02:00<\/span><h4 class=\"entry-title\"><a href=\"https:\/\/doktorvolt.pl\/de\/angebot\/zubehoer\/phasenschienen\/stift-serie\/3p-phasenschiene-stift-7-polig-16mm%c2%b2-ps-sb-schiene-5125\/\">3P Phasenschiene Stift 7-polig 16mm\u00b2 PS\/SB Schiene DV-5125-PSS<\/a><\/h4><\/div><\/article><article class=\"post fusion-column column col col-lg-3 col-md-3 col-sm-3\"><div class=\"fusion-flexslider fusion-flexslider-loading flexslider flexslider-hover-type-zoomin\"><ul class=\"slides\"><li><a href=\"https:\/\/doktorvolt.pl\/de\/angebot\/zubehoer\/phasenschienen\/stift-serie\/1p-phasenschiene-stift-6-polig-16mm%c2%b2-ps-sb-schiene-5101\/\" aria-label=\"1P Phasenschiene Stift 6-polig 16mm\u00b2 PS\/SB Schiene DV-5101-PSS\" class=\"hover-type-zoomin\"><img decoding=\"async\" width=\"700\" height=\"441\" src=\"https:\/\/doktorvolt.pl\/wp-content\/uploads\/2025\/02\/pol_pl_Szyna-laczeniowa-sztyftowa-PS-S-1F-7Mod-16mm2-5118-14315_1-700x441.jpg\" class=\"attachment-recent-posts size-recent-posts\" alt=\"\" srcset=\"https:\/\/doktorvolt.pl\/wp-content\/uploads\/2025\/02\/pol_pl_Szyna-laczeniowa-sztyftowa-PS-S-1F-7Mod-16mm2-5118-14315_1-320x202.jpg 320w, https:\/\/doktorvolt.pl\/wp-content\/uploads\/2025\/02\/pol_pl_Szyna-laczeniowa-sztyftowa-PS-S-1F-7Mod-16mm2-5118-14315_1-700x441.jpg 700w\" sizes=\"(max-width: 700px) 100vw, 700px\" \/><\/a><\/li><\/ul><\/div><div class=\"recent-posts-content\"><span class=\"vcard\" style=\"display: none;\"><span class=\"fn\"><a href=\"\" title=\"Beitr\u00e4ge von \" rel=\"author\"><\/a><\/span><\/span><span class=\"updated\" style=\"display:none;\">2025-09-08T15:17:15+02:00<\/span><h4 class=\"entry-title\"><a href=\"https:\/\/doktorvolt.pl\/de\/angebot\/zubehoer\/phasenschienen\/stift-serie\/1p-phasenschiene-stift-6-polig-16mm%c2%b2-ps-sb-schiene-5101\/\">1P Phasenschiene Stift 6-polig 16mm\u00b2 PS\/SB Schiene DV-5101-PSS<\/a><\/h4><\/div><\/article><article class=\"post fusion-column column col col-lg-3 col-md-3 col-sm-3\"><div class=\"fusion-flexslider fusion-flexslider-loading flexslider flexslider-hover-type-zoomin\"><ul class=\"slides\"><li><a href=\"https:\/\/doktorvolt.pl\/de\/angebot\/zubehoer\/phasenschienen\/stift-serie\/1p-phasenschiene-stift-7-polig-16mm%c2%b2-ps-sb-schiene-5118\/\" aria-label=\"1P Phasenschiene Stift 7-polig 16mm\u00b2 PS\/SB Schiene DV-5118-PSS\" class=\"hover-type-zoomin\"><img decoding=\"async\" width=\"700\" height=\"441\" src=\"https:\/\/doktorvolt.pl\/wp-content\/uploads\/2025\/02\/pol_pl_Szyna-laczeniowa-sztyftowa-PS-S-1F-7Mod-16mm2-5118-14315_1-700x441.jpg\" class=\"attachment-recent-posts size-recent-posts\" alt=\"\" srcset=\"https:\/\/doktorvolt.pl\/wp-content\/uploads\/2025\/02\/pol_pl_Szyna-laczeniowa-sztyftowa-PS-S-1F-7Mod-16mm2-5118-14315_1-320x202.jpg 320w, https:\/\/doktorvolt.pl\/wp-content\/uploads\/2025\/02\/pol_pl_Szyna-laczeniowa-sztyftowa-PS-S-1F-7Mod-16mm2-5118-14315_1-700x441.jpg 700w\" sizes=\"(max-width: 700px) 100vw, 700px\" \/><\/a><\/li><\/ul><\/div><div class=\"recent-posts-content\"><span class=\"vcard\" style=\"display: none;\"><span class=\"fn\"><a href=\"\" title=\"Beitr\u00e4ge von \" rel=\"author\"><\/a><\/span><\/span><span class=\"updated\" style=\"display:none;\">2025-09-08T15:17:15+02:00<\/span><h4 class=\"entry-title\"><a href=\"https:\/\/doktorvolt.pl\/de\/angebot\/zubehoer\/phasenschienen\/stift-serie\/1p-phasenschiene-stift-7-polig-16mm%c2%b2-ps-sb-schiene-5118\/\">1P Phasenschiene Stift 7-polig 16mm\u00b2 PS\/SB Schiene DV-5118-PSS<\/a><\/h4><\/div><\/article><article class=\"post fusion-column column col col-lg-3 col-md-3 col-sm-3\"><div class=\"fusion-flexslider fusion-flexslider-loading flexslider flexslider-hover-type-zoomin\"><ul class=\"slides\"><li><a href=\"https:\/\/doktorvolt.pl\/de\/angebot\/zubehoer\/phasenschienen\/stift-serie\/szyna-laczeniowa-ps-s-3-fazowa-12-modulowa-10mm2\/\" aria-label=\"Phasenschiene PS\/S 3-phasige 12-polig 10mm2 DV-2077-PSS\" class=\"hover-type-zoomin\"><img decoding=\"async\" width=\"700\" height=\"441\" src=\"https:\/\/doktorvolt.pl\/wp-content\/uploads\/2018\/07\/DV-2077-PSS-700x441.jpg\" class=\"attachment-recent-posts size-recent-posts\" alt=\"\" srcset=\"https:\/\/doktorvolt.pl\/wp-content\/uploads\/2018\/07\/DV-2077-PSS-320x202.jpg 320w, https:\/\/doktorvolt.pl\/wp-content\/uploads\/2018\/07\/DV-2077-PSS-700x441.jpg 700w\" sizes=\"(max-width: 700px) 100vw, 700px\" \/><\/a><\/li><\/ul><\/div><div class=\"recent-posts-content\"><span class=\"vcard\" style=\"display: none;\"><span class=\"fn\"><a href=\"\" title=\"Beitr\u00e4ge von \" rel=\"author\"><\/a><\/span><\/span><span class=\"updated\" style=\"display:none;\">2025-09-08T15:17:14+02:00<\/span><h4 class=\"entry-title\"><a href=\"https:\/\/doktorvolt.pl\/de\/angebot\/zubehoer\/phasenschienen\/stift-serie\/szyna-laczeniowa-ps-s-3-fazowa-12-modulowa-10mm2\/\">Phasenschiene PS\/S 3-phasige 12-polig 10mm2 DV-2077-PSS<\/a><\/h4><\/div><\/article><article class=\"post fusion-column column col col-lg-3 col-md-3 col-sm-3\"><div class=\"fusion-flexslider fusion-flexslider-loading flexslider flexslider-hover-type-zoomin\"><ul class=\"slides\"><li><a href=\"https:\/\/doktorvolt.pl\/de\/angebot\/zubehoer\/phasenschienen\/stift-serie\/phasenschiene-ps-s-3-phasige-54-polig-10mm2\/\" aria-label=\"Phasenschiene PS\/S 3-phasige 54-polig 10mm2 DV-2084-PSS\" class=\"hover-type-zoomin\"><img decoding=\"async\" width=\"700\" height=\"441\" src=\"https:\/\/doktorvolt.pl\/wp-content\/uploads\/2018\/07\/DV-2084-PSS-700x441.jpg\" class=\"attachment-recent-posts size-recent-posts\" alt=\"\" srcset=\"https:\/\/doktorvolt.pl\/wp-content\/uploads\/2018\/07\/DV-2084-PSS-320x202.jpg 320w, https:\/\/doktorvolt.pl\/wp-content\/uploads\/2018\/07\/DV-2084-PSS-700x441.jpg 700w\" sizes=\"(max-width: 700px) 100vw, 700px\" \/><\/a><\/li><\/ul><\/div><div class=\"recent-posts-content\"><span class=\"vcard\" style=\"display: none;\"><span class=\"fn\"><a href=\"\" title=\"Beitr\u00e4ge von \" rel=\"author\"><\/a><\/span><\/span><span class=\"updated\" style=\"display:none;\">2025-09-08T15:17:13+02:00<\/span><h4 class=\"entry-title\"><a href=\"https:\/\/doktorvolt.pl\/de\/angebot\/zubehoer\/phasenschienen\/stift-serie\/phasenschiene-ps-s-3-phasige-54-polig-10mm2\/\">Phasenschiene PS\/S 3-phasige 54-polig 10mm2 DV-2084-PSS<\/a><\/h4><\/div><\/article><article class=\"post fusion-column column col col-lg-3 col-md-3 col-sm-3\"><div class=\"fusion-flexslider fusion-flexslider-loading flexslider flexslider-hover-type-zoomin\"><ul class=\"slides\"><li><a href=\"https:\/\/doktorvolt.pl\/de\/angebot\/zubehoer\/phasenschienen\/stift-serie\/phasenschiene-ps-s-1-phasige-54-polig-10mm2\/\" aria-label=\"Phasenschiene PS\/S 1-phasige 54-polig 10mm2 DV-2060-PSS\" class=\"hover-type-zoomin\"><img decoding=\"async\" width=\"700\" height=\"441\" src=\"https:\/\/doktorvolt.pl\/wp-content\/uploads\/2018\/07\/DV-2060-PSS-700x441.jpg\" class=\"attachment-recent-posts size-recent-posts\" alt=\"\" srcset=\"https:\/\/doktorvolt.pl\/wp-content\/uploads\/2018\/07\/DV-2060-PSS-320x202.jpg 320w, https:\/\/doktorvolt.pl\/wp-content\/uploads\/2018\/07\/DV-2060-PSS-700x441.jpg 700w\" sizes=\"(max-width: 700px) 100vw, 700px\" \/><\/a><\/li><\/ul><\/div><div class=\"recent-posts-content\"><span class=\"vcard\" style=\"display: none;\"><span class=\"fn\"><a href=\"\" title=\"Beitr\u00e4ge von \" rel=\"author\"><\/a><\/span><\/span><span class=\"updated\" style=\"display:none;\">2025-09-08T15:17:12+02:00<\/span><h4 class=\"entry-title\"><a href=\"https:\/\/doktorvolt.pl\/de\/angebot\/zubehoer\/phasenschienen\/stift-serie\/phasenschiene-ps-s-1-phasige-54-polig-10mm2\/\">Phasenschiene PS\/S 1-phasige 54-polig 10mm2 DV-2060-PSS<\/a><\/h4><\/div><\/article><article class=\"post fusion-column column col col-lg-3 col-md-3 col-sm-3\"><div class=\"fusion-flexslider fusion-flexslider-loading flexslider flexslider-hover-type-zoomin\"><ul class=\"slides\"><li><a href=\"https:\/\/doktorvolt.pl\/de\/angebot\/zubehoer\/phasenschienen\/stift-serie\/phasenschiene-ps-s-1-phasige-12-polig-10mm2\/\" aria-label=\"Phasenschiene PS\/S 1-phasige 12-polig 10mm2 DV-2053-PSS\" class=\"hover-type-zoomin\"><img decoding=\"async\" width=\"700\" height=\"441\" src=\"https:\/\/doktorvolt.pl\/wp-content\/uploads\/2018\/07\/DV-2053-PSS-700x441.jpg\" class=\"attachment-recent-posts size-recent-posts\" alt=\"\" srcset=\"https:\/\/doktorvolt.pl\/wp-content\/uploads\/2018\/07\/DV-2053-PSS-320x202.jpg 320w, https:\/\/doktorvolt.pl\/wp-content\/uploads\/2018\/07\/DV-2053-PSS-700x441.jpg 700w\" sizes=\"(max-width: 700px) 100vw, 700px\" \/><\/a><\/li><\/ul><\/div><div class=\"recent-posts-content\"><span class=\"vcard\" style=\"display: none;\"><span class=\"fn\"><a href=\"\" title=\"Beitr\u00e4ge von \" rel=\"author\"><\/a><\/span><\/span><span class=\"updated\" style=\"display:none;\">2025-09-08T15:17:11+02:00<\/span><h4 class=\"entry-title\"><a href=\"https:\/\/doktorvolt.pl\/de\/angebot\/zubehoer\/phasenschienen\/stift-serie\/phasenschiene-ps-s-1-phasige-12-polig-10mm2\/\">Phasenschiene PS\/S 1-phasige 12-polig 10mm2 DV-2053-PSS<\/a><\/h4><\/div><\/article><\/section><\/div><div class=\"fusion-clearfix\"><\/div><\/div><\/div><\/div><\/div>\n","protected":false},"excerpt":{"rendered":"","protected":false},"author":15,"featured_media":10711,"parent":6604,"menu_order":0,"comment_status":"closed","ping_status":"closed","template":"","meta":{"footnotes":""},"categories":[],"tags":[],"class_list":["post-6611","page","type-page","status-publish","has-post-thumbnail","hentry"],"yoast_head":"<!-- This site is optimized with the Yoast SEO plugin v27.0 - https:\/\/yoast.com\/product\/yoast-seo-wordpress\/ -->\n<title>STIFT SERIE - DOKTORVOLT\u00ae<\/title>\n<meta name=\"robots\" content=\"index, follow, max-snippet:-1, max-image-preview:large, max-video-preview:-1\" \/>\n<link rel=\"canonical\" href=\"https:\/\/doktorvolt.pl\/de\/angebot\/zubehoer\/phasenschienen\/stift-serie\/\" \/>\n<meta property=\"og:locale\" content=\"de_DE\" \/>\n<meta property=\"og:type\" content=\"article\" \/>\n<meta property=\"og:title\" content=\"STIFT SERIE - DOKTORVOLT\u00ae\" \/>\n<meta property=\"og:url\" content=\"https:\/\/doktorvolt.pl\/de\/angebot\/zubehoer\/phasenschienen\/stift-serie\/\" \/>\n<meta property=\"og:site_name\" content=\"DOKTORVOLT\u00ae\" \/>\n<meta property=\"article:modified_time\" content=\"2025-08-27T06:59:29+00:00\" \/>\n<meta property=\"og:image\" content=\"https:\/\/doktorvolt.pl\/wp-content\/uploads\/2019\/06\/Szyna-\u0142\u0105czeniowa-sztyftowa-PSSB-1-fazowa-12-modu\u0142owa-16mm2-Doktorvolt-5903260279450-9450-2.jpg\" \/>\n\t<meta property=\"og:image:width\" content=\"1000\" \/>\n\t<meta property=\"og:image:height\" content=\"1000\" \/>\n\t<meta property=\"og:image:type\" content=\"image\/jpeg\" \/>\n<meta name=\"twitter:card\" content=\"summary_large_image\" \/>\n<meta name=\"twitter:label1\" content=\"Gesch\u00e4tzte Lesezeit\" \/>\n\t<meta name=\"twitter:data1\" content=\"1\u00a0Minute\" \/>\n<script type=\"application\/ld+json\" class=\"yoast-schema-graph\">{\"@context\":\"https:\/\/schema.org\",\"@graph\":[{\"@type\":\"WebPage\",\"@id\":\"https:\/\/doktorvolt.pl\/de\/angebot\/zubehoer\/phasenschienen\/stift-serie\/\",\"url\":\"https:\/\/doktorvolt.pl\/de\/angebot\/zubehoer\/phasenschienen\/stift-serie\/\",\"name\":\"STIFT SERIE - DOKTORVOLT\u00ae\",\"isPartOf\":{\"@id\":\"https:\/\/doktorvolt.pl\/de\/#website\"},\"primaryImageOfPage\":{\"@id\":\"https:\/\/doktorvolt.pl\/de\/angebot\/zubehoer\/phasenschienen\/stift-serie\/#primaryimage\"},\"image\":{\"@id\":\"https:\/\/doktorvolt.pl\/de\/angebot\/zubehoer\/phasenschienen\/stift-serie\/#primaryimage\"},\"thumbnailUrl\":\"https:\/\/doktorvolt.pl\/wp-content\/uploads\/2019\/06\/Szyna-\u0142\u0105czeniowa-sztyftowa-PSSB-1-fazowa-12-modu\u0142owa-16mm2-Doktorvolt-5903260279450-9450-2.jpg\",\"datePublished\":\"2018-07-09T08:38:33+00:00\",\"dateModified\":\"2025-08-27T06:59:29+00:00\",\"breadcrumb\":{\"@id\":\"https:\/\/doktorvolt.pl\/de\/angebot\/zubehoer\/phasenschienen\/stift-serie\/#breadcrumb\"},\"inLanguage\":\"de\",\"potentialAction\":[{\"@type\":\"ReadAction\",\"target\":[\"https:\/\/doktorvolt.pl\/de\/angebot\/zubehoer\/phasenschienen\/stift-serie\/\"]}]},{\"@type\":\"ImageObject\",\"inLanguage\":\"de\",\"@id\":\"https:\/\/doktorvolt.pl\/de\/angebot\/zubehoer\/phasenschienen\/stift-serie\/#primaryimage\",\"url\":\"https:\/\/doktorvolt.pl\/wp-content\/uploads\/2019\/06\/Szyna-\u0142\u0105czeniowa-sztyftowa-PSSB-1-fazowa-12-modu\u0142owa-16mm2-Doktorvolt-5903260279450-9450-2.jpg\",\"contentUrl\":\"https:\/\/doktorvolt.pl\/wp-content\/uploads\/2019\/06\/Szyna-\u0142\u0105czeniowa-sztyftowa-PSSB-1-fazowa-12-modu\u0142owa-16mm2-Doktorvolt-5903260279450-9450-2.jpg\",\"width\":1000,\"height\":1000},{\"@type\":\"BreadcrumbList\",\"@id\":\"https:\/\/doktorvolt.pl\/de\/angebot\/zubehoer\/phasenschienen\/stift-serie\/#breadcrumb\",\"itemListElement\":[{\"@type\":\"ListItem\",\"position\":1,\"name\":\"Strona g\u0142\u00f3wna\",\"item\":\"https:\/\/doktorvolt.pl\/de\/\"},{\"@type\":\"ListItem\",\"position\":2,\"name\":\"ANGEBOT\",\"item\":\"https:\/\/doktorvolt.pl\/de\/angebot\/\"},{\"@type\":\"ListItem\",\"position\":3,\"name\":\"ZUBEH\u00d6R\",\"item\":\"https:\/\/doktorvolt.pl\/de\/angebot\/zubehoer\/\"},{\"@type\":\"ListItem\",\"position\":4,\"name\":\"PHASENSCHIENEN\",\"item\":\"https:\/\/doktorvolt.pl\/de\/angebot\/zubehoer\/phasenschienen\/\"},{\"@type\":\"ListItem\",\"position\":5,\"name\":\"STIFT SERIE\"}]},{\"@type\":\"WebSite\",\"@id\":\"https:\/\/doktorvolt.pl\/de\/#website\",\"url\":\"https:\/\/doktorvolt.pl\/de\/\",\"name\":\"DOKTORVOLT\u00ae\",\"description\":\"Producent rozdzielnic budowlanych\",\"publisher\":{\"@id\":\"https:\/\/doktorvolt.pl\/de\/#organization\"},\"potentialAction\":[{\"@type\":\"SearchAction\",\"target\":{\"@type\":\"EntryPoint\",\"urlTemplate\":\"https:\/\/doktorvolt.pl\/de\/?s={search_term_string}\"},\"query-input\":{\"@type\":\"PropertyValueSpecification\",\"valueRequired\":true,\"valueName\":\"search_term_string\"}}],\"inLanguage\":\"de\"},{\"@type\":\"Organization\",\"@id\":\"https:\/\/doktorvolt.pl\/de\/#organization\",\"name\":\"DOKTORVOLT\u00ae\",\"url\":\"https:\/\/doktorvolt.pl\/de\/\",\"logo\":{\"@type\":\"ImageObject\",\"inLanguage\":\"de\",\"@id\":\"https:\/\/doktorvolt.pl\/de\/#\/schema\/logo\/image\/\",\"url\":\"https:\/\/doktorvolt.pl\/wp-content\/uploads\/2023\/10\/DoktorVOLT-black-png.png\",\"contentUrl\":\"https:\/\/doktorvolt.pl\/wp-content\/uploads\/2023\/10\/DoktorVOLT-black-png.png\",\"width\":729,\"height\":40,\"caption\":\"DOKTORVOLT\u00ae\"},\"image\":{\"@id\":\"https:\/\/doktorvolt.pl\/de\/#\/schema\/logo\/image\/\"}}]}<\/script>\n<!-- \/ Yoast SEO plugin. -->","yoast_head_json":{"title":"STIFT SERIE - DOKTORVOLT\u00ae","robots":{"index":"index","follow":"follow","max-snippet":"max-snippet:-1","max-image-preview":"max-image-preview:large","max-video-preview":"max-video-preview:-1"},"canonical":"https:\/\/doktorvolt.pl\/de\/angebot\/zubehoer\/phasenschienen\/stift-serie\/","og_locale":"de_DE","og_type":"article","og_title":"STIFT SERIE - DOKTORVOLT\u00ae","og_url":"https:\/\/doktorvolt.pl\/de\/angebot\/zubehoer\/phasenschienen\/stift-serie\/","og_site_name":"DOKTORVOLT\u00ae","article_modified_time":"2025-08-27T06:59:29+00:00","og_image":[{"width":1000,"height":1000,"url":"https:\/\/doktorvolt.pl\/wp-content\/uploads\/2019\/06\/Szyna-\u0142\u0105czeniowa-sztyftowa-PSSB-1-fazowa-12-modu\u0142owa-16mm2-Doktorvolt-5903260279450-9450-2.jpg","type":"image\/jpeg"}],"twitter_card":"summary_large_image","twitter_misc":{"Gesch\u00e4tzte Lesezeit":"1\u00a0Minute"},"schema":{"@context":"https:\/\/schema.org","@graph":[{"@type":"WebPage","@id":"https:\/\/doktorvolt.pl\/de\/angebot\/zubehoer\/phasenschienen\/stift-serie\/","url":"https:\/\/doktorvolt.pl\/de\/angebot\/zubehoer\/phasenschienen\/stift-serie\/","name":"STIFT SERIE - DOKTORVOLT\u00ae","isPartOf":{"@id":"https:\/\/doktorvolt.pl\/de\/#website"},"primaryImageOfPage":{"@id":"https:\/\/doktorvolt.pl\/de\/angebot\/zubehoer\/phasenschienen\/stift-serie\/#primaryimage"},"image":{"@id":"https:\/\/doktorvolt.pl\/de\/angebot\/zubehoer\/phasenschienen\/stift-serie\/#primaryimage"},"thumbnailUrl":"https:\/\/doktorvolt.pl\/wp-content\/uploads\/2019\/06\/Szyna-\u0142\u0105czeniowa-sztyftowa-PSSB-1-fazowa-12-modu\u0142owa-16mm2-Doktorvolt-5903260279450-9450-2.jpg","datePublished":"2018-07-09T08:38:33+00:00","dateModified":"2025-08-27T06:59:29+00:00","breadcrumb":{"@id":"https:\/\/doktorvolt.pl\/de\/angebot\/zubehoer\/phasenschienen\/stift-serie\/#breadcrumb"},"inLanguage":"de","potentialAction":[{"@type":"ReadAction","target":["https:\/\/doktorvolt.pl\/de\/angebot\/zubehoer\/phasenschienen\/stift-serie\/"]}]},{"@type":"ImageObject","inLanguage":"de","@id":"https:\/\/doktorvolt.pl\/de\/angebot\/zubehoer\/phasenschienen\/stift-serie\/#primaryimage","url":"https:\/\/doktorvolt.pl\/wp-content\/uploads\/2019\/06\/Szyna-\u0142\u0105czeniowa-sztyftowa-PSSB-1-fazowa-12-modu\u0142owa-16mm2-Doktorvolt-5903260279450-9450-2.jpg","contentUrl":"https:\/\/doktorvolt.pl\/wp-content\/uploads\/2019\/06\/Szyna-\u0142\u0105czeniowa-sztyftowa-PSSB-1-fazowa-12-modu\u0142owa-16mm2-Doktorvolt-5903260279450-9450-2.jpg","width":1000,"height":1000},{"@type":"BreadcrumbList","@id":"https:\/\/doktorvolt.pl\/de\/angebot\/zubehoer\/phasenschienen\/stift-serie\/#breadcrumb","itemListElement":[{"@type":"ListItem","position":1,"name":"Strona g\u0142\u00f3wna","item":"https:\/\/doktorvolt.pl\/de\/"},{"@type":"ListItem","position":2,"name":"ANGEBOT","item":"https:\/\/doktorvolt.pl\/de\/angebot\/"},{"@type":"ListItem","position":3,"name":"ZUBEH\u00d6R","item":"https:\/\/doktorvolt.pl\/de\/angebot\/zubehoer\/"},{"@type":"ListItem","position":4,"name":"PHASENSCHIENEN","item":"https:\/\/doktorvolt.pl\/de\/angebot\/zubehoer\/phasenschienen\/"},{"@type":"ListItem","position":5,"name":"STIFT SERIE"}]},{"@type":"WebSite","@id":"https:\/\/doktorvolt.pl\/de\/#website","url":"https:\/\/doktorvolt.pl\/de\/","name":"DOKTORVOLT\u00ae","description":"Producent rozdzielnic budowlanych","publisher":{"@id":"https:\/\/doktorvolt.pl\/de\/#organization"},"potentialAction":[{"@type":"SearchAction","target":{"@type":"EntryPoint","urlTemplate":"https:\/\/doktorvolt.pl\/de\/?s={search_term_string}"},"query-input":{"@type":"PropertyValueSpecification","valueRequired":true,"valueName":"search_term_string"}}],"inLanguage":"de"},{"@type":"Organization","@id":"https:\/\/doktorvolt.pl\/de\/#organization","name":"DOKTORVOLT\u00ae","url":"https:\/\/doktorvolt.pl\/de\/","logo":{"@type":"ImageObject","inLanguage":"de","@id":"https:\/\/doktorvolt.pl\/de\/#\/schema\/logo\/image\/","url":"https:\/\/doktorvolt.pl\/wp-content\/uploads\/2023\/10\/DoktorVOLT-black-png.png","contentUrl":"https:\/\/doktorvolt.pl\/wp-content\/uploads\/2023\/10\/DoktorVOLT-black-png.png","width":729,"height":40,"caption":"DOKTORVOLT\u00ae"},"image":{"@id":"https:\/\/doktorvolt.pl\/de\/#\/schema\/logo\/image\/"}}]}},"_links":{"self":[{"href":"https:\/\/doktorvolt.pl\/de\/wp-json\/wp\/v2\/pages\/6611","targetHints":{"allow":["GET"]}}],"collection":[{"href":"https:\/\/doktorvolt.pl\/de\/wp-json\/wp\/v2\/pages"}],"about":[{"href":"https:\/\/doktorvolt.pl\/de\/wp-json\/wp\/v2\/types\/page"}],"author":[{"embeddable":true,"href":"https:\/\/doktorvolt.pl\/de\/wp-json\/wp\/v2\/users\/15"}],"replies":[{"embeddable":true,"href":"https:\/\/doktorvolt.pl\/de\/wp-json\/wp\/v2\/comments?post=6611"}],"version-history":[{"count":3,"href":"https:\/\/doktorvolt.pl\/de\/wp-json\/wp\/v2\/pages\/6611\/revisions"}],"predecessor-version":[{"id":81950,"href":"https:\/\/doktorvolt.pl\/de\/wp-json\/wp\/v2\/pages\/6611\/revisions\/81950"}],"up":[{"embeddable":true,"href":"https:\/\/doktorvolt.pl\/de\/wp-json\/wp\/v2\/pages\/6604"}],"wp:featuredmedia":[{"embeddable":true,"href":"https:\/\/doktorvolt.pl\/de\/wp-json\/wp\/v2\/media\/10711"}],"wp:attachment":[{"href":"https:\/\/doktorvolt.pl\/de\/wp-json\/wp\/v2\/media?parent=6611"}],"wp:term":[{"taxonomy":"category","embeddable":true,"href":"https:\/\/doktorvolt.pl\/de\/wp-json\/wp\/v2\/categories?post=6611"},{"taxonomy":"post_tag","embeddable":true,"href":"https:\/\/doktorvolt.pl\/de\/wp-json\/wp\/v2\/tags?post=6611"}],"curies":[{"name":"wp","href":"https:\/\/api.w.org\/{rel}","templated":true}]}}