{"id":70384,"date":"2021-05-31T09:45:09","date_gmt":"2021-05-31T08:45:09","guid":{"rendered":"https:\/\/doktorvolt.pl\/angebot\/kemping\/"},"modified":"2025-08-11T09:11:17","modified_gmt":"2025-08-11T08:11:17","slug":"camping","status":"publish","type":"page","link":"https:\/\/doktorvolt.pl\/de\/angebot\/camping\/","title":{"rendered":"CAMPING"},"content":{"rendered":"<p><div class=\"fusion-fullwidth fullwidth-box fusion-builder-row-1 nonhundred-percent-fullwidth non-hundred-percent-height-scrolling\" style=\"--awb-border-radius-top-left:0px;--awb-border-radius-top-right:0px;--awb-border-radius-bottom-right:0px;--awb-border-radius-bottom-left:0px;--awb-flex-wrap:wrap;\" ><div class=\"fusion-builder-row fusion-row\"><div class=\"fusion-layout-column fusion_builder_column fusion-builder-column-0 fusion_builder_column_1_1 1_1 fusion-one-full fusion-column-first fusion-column-last\" style=\"--awb-bg-size:cover;\"><div class=\"fusion-column-wrapper fusion-flex-column-wrapper-legacy\"><div class=\"fusion-title title fusion-title-1 fusion-sep-none fusion-title-center fusion-title-text fusion-title-size-two\" style=\"--awb-margin-bottom:20px;\"><h2 class=\"fusion-title-heading title-heading-center fusion-responsive-typography-calculated\" style=\"margin:0;--fontSize:40;line-height:1.3;\">CAMPING<\/h2><\/div><div class=\"fusion-text fusion-text-1\"><p style=\"text-align: center;\"><span style=\"font-weight: 400;\">Camping-Verteiler erm\u00f6glichen die Energie- und Wasserversorgung auf Campingpl\u00e4tzen, in Yachth\u00e4fen und auf Kleingartenanlagen. Dank ihnen k\u00f6nnen Sie Alltagsger\u00e4te wie Wasserkocher, K\u00fchlschrank oder Fernseher nutzen und Ihre elektronischen Ger\u00e4te w\u00e4hrend eines Aufenthalts problemlos aufladen und somit den vollen Komfort genie\u00dfen.<\/span><\/p>\n<\/div><div class=\"fusion-clearfix\"><\/div><\/div><\/div><\/div><\/div><div class=\"fusion-fullwidth fullwidth-box fusion-builder-row-2 nonhundred-percent-fullwidth non-hundred-percent-height-scrolling\" style=\"--awb-border-radius-top-left:0px;--awb-border-radius-top-right:0px;--awb-border-radius-bottom-right:0px;--awb-border-radius-bottom-left:0px;--awb-margin-top:15px;--awb-margin-bottom:15px;--awb-flex-wrap:wrap;\" ><div class=\"fusion-builder-row fusion-row\"><div class=\"fusion-layout-column fusion_builder_column fusion-builder-column-1 fusion_builder_column_1_3 1_3 fusion-one-third fusion-column-first\" style=\"--awb-bg-size:cover;width:33.333333333333%;width:calc(33.333333333333% - ( ( 4% ) * 0.33333333333333 ) );margin-right: 4%;\"><div class=\"fusion-column-wrapper fusion-flex-column-wrapper-legacy\"><div class=\"fusion-image-element fusion-image-align-center in-legacy-container\" style=\"text-align:center;--awb-caption-title-font-family:var(--h2_typography-font-family);--awb-caption-title-font-weight:var(--h2_typography-font-weight);--awb-caption-title-font-style:var(--h2_typography-font-style);--awb-caption-title-size:var(--h2_typography-font-size);--awb-caption-title-transform:var(--h2_typography-text-transform);--awb-caption-title-line-height:var(--h2_typography-line-height);--awb-caption-title-letter-spacing:var(--h2_typography-letter-spacing);\"><div class=\"imageframe-align-center\"><span class=\" fusion-imageframe imageframe-none imageframe-1 hover-type-zoomin\" style=\"border:1px solid #b5b5b5;\"><a class=\"fusion-no-lightbox\" href=\"https:\/\/doktorvolt.pl\/de\/angebot\/camping\/campinsaeulen\/\" target=\"_self\" aria-label=\"ikona s\u0142up\"><img decoding=\"async\" width=\"300\" height=\"300\" src=\"https:\/\/doktorvolt.pl\/wp-content\/uploads\/2025\/02\/ikona-slup-300x300.jpg\" alt class=\"img-responsive wp-image-67513\" srcset=\"https:\/\/doktorvolt.pl\/wp-content\/uploads\/2025\/02\/ikona-slup-200x200.jpg 200w, https:\/\/doktorvolt.pl\/wp-content\/uploads\/2025\/02\/ikona-slup-400x400.jpg 400w, https:\/\/doktorvolt.pl\/wp-content\/uploads\/2025\/02\/ikona-slup-600x600.jpg 600w, https:\/\/doktorvolt.pl\/wp-content\/uploads\/2025\/02\/ikona-slup-800x800.jpg 800w, https:\/\/doktorvolt.pl\/wp-content\/uploads\/2025\/02\/ikona-slup.jpg 1000w\" sizes=\"(max-width: 800px) 100vw, 400px\" \/><\/a><\/span><\/div><\/div><div class=\"fusion-clearfix\"><\/div><\/div><\/div><div class=\"fusion-layout-column fusion_builder_column fusion-builder-column-2 fusion_builder_column_2_3 2_3 fusion-two-third fusion-column-last\" style=\"--awb-bg-size:cover;width:66.666666666667%;width:calc(66.666666666667% - ( ( 4% ) * 0.66666666666667 ) );\"><div class=\"fusion-column-wrapper fusion-flex-column-wrapper-legacy\"><div class=\"fusion-title title fusion-title-2 fusion-sep-none fusion-title-text fusion-title-size-four\"><h4 class=\"fusion-title-heading title-heading-left fusion-responsive-typography-calculated\" style=\"margin:0;--fontSize:24;line-height:1.08;\">CAMPINGS\u00c4ULEN<\/h4><\/div><div class=\"fusion-text fusion-text-2 fusion-no-small-visibility\"><p style=\"text-align: justify;\">CV-CAMPs sind S\u00e4ulen f\u00fcr die Stromverteilung. Sie sind sowohl mit 230V- als auch 400V-Steckdosen ausgestattet. Jede ist durch eine Erdung und einen automatischen Fehlerstromschutzschalter mit Reset-Taste gesch\u00fctzt. Einige Modelle zus\u00e4tzlich \u00fcber eine Installation f\u00fcr die Wasserverteilung oder ein Revisionsfenster.<\/p>\n<\/div><div class=\"fusion-text fusion-text-3 fusion-no-medium-visibility fusion-no-large-visibility\"><p style=\"text-align: justify;\"><span style=\"font-weight: 400;\">Die Stromverteiler-S\u00e4ulen CV-CAMP sind sowohl mit 230V- als auch 400V-Steckdosen ausgestattet. Jede ist durch eine Erdung und einen automatischen FI-Schalter gesch\u00fctzt. Einige Modelle verf\u00fcgen zus\u00e4tzlich \u00fcber einen Wasserhahn oder ein Revisionsfenster.<\/span><\/p>\n<\/div><div class=\"fusion-button-wrapper\"><a class=\"fusion-button button-flat button-large button-custom fusion-button-default button-1 fusion-button-default-span \" style=\"--button_accent_color:#020202;--button_accent_hover_color:#ffffff;--button_border_hover_color:#ffffff;--button_gradient_top_color:#ffffff;--button_gradient_bottom_color:#ffffff;--button_gradient_top_color_hover:#020202;--button_gradient_bottom_color_hover:#020202;\" target=\"_self\" href=\"https:\/\/doktorvolt.pl\/de\/angebot\/camping\/campinsaeulen\/\"><span class=\"fusion-button-text awb-button__text awb-button__text--default\">CAMPINGS\u00c4ULEN<\/span><\/a><\/div><div class=\"fusion-clearfix\"><\/div><\/div><\/div><\/div><\/div><div class=\"fusion-fullwidth fullwidth-box fusion-builder-row-3 nonhundred-percent-fullwidth non-hundred-percent-height-scrolling\" style=\"--awb-border-radius-top-left:0px;--awb-border-radius-top-right:0px;--awb-border-radius-bottom-right:0px;--awb-border-radius-bottom-left:0px;--awb-margin-top:15px;--awb-margin-bottom:15px;--awb-flex-wrap:wrap;\" ><div class=\"fusion-builder-row fusion-row\"><div class=\"fusion-layout-column fusion_builder_column fusion-builder-column-3 fusion_builder_column_1_3 1_3 fusion-one-third fusion-column-first\" style=\"--awb-bg-size:cover;width:33.333333333333%;width:calc(33.333333333333% - ( ( 4% ) * 0.33333333333333 ) );margin-right: 4%;\"><div class=\"fusion-column-wrapper fusion-flex-column-wrapper-legacy\"><div class=\"fusion-image-element fusion-image-align-center in-legacy-container\" style=\"text-align:center;--awb-caption-title-font-family:var(--h2_typography-font-family);--awb-caption-title-font-weight:var(--h2_typography-font-weight);--awb-caption-title-font-style:var(--h2_typography-font-style);--awb-caption-title-size:var(--h2_typography-font-size);--awb-caption-title-transform:var(--h2_typography-text-transform);--awb-caption-title-line-height:var(--h2_typography-line-height);--awb-caption-title-letter-spacing:var(--h2_typography-letter-spacing);\"><div class=\"imageframe-align-center\"><span class=\" fusion-imageframe imageframe-none imageframe-2 hover-type-zoomin\" style=\"border:1px solid #b5b5b5;\"><a class=\"fusion-no-lightbox\" href=\"https:\/\/doktorvolt.pl\/de\/angebot\/camping\/camping-stromverteiler\/\" target=\"_self\" aria-label=\"ikona roz\"><img decoding=\"async\" width=\"300\" height=\"300\" src=\"https:\/\/doktorvolt.pl\/wp-content\/uploads\/2025\/02\/ikona-roz-300x300.jpg\" alt class=\"img-responsive wp-image-67517\" srcset=\"https:\/\/doktorvolt.pl\/wp-content\/uploads\/2025\/02\/ikona-roz-200x200.jpg 200w, https:\/\/doktorvolt.pl\/wp-content\/uploads\/2025\/02\/ikona-roz-400x400.jpg 400w, https:\/\/doktorvolt.pl\/wp-content\/uploads\/2025\/02\/ikona-roz-600x600.jpg 600w, https:\/\/doktorvolt.pl\/wp-content\/uploads\/2025\/02\/ikona-roz-800x800.jpg 800w, https:\/\/doktorvolt.pl\/wp-content\/uploads\/2025\/02\/ikona-roz.jpg 1000w\" sizes=\"(max-width: 800px) 100vw, 400px\" \/><\/a><\/span><\/div><\/div><div class=\"fusion-clearfix\"><\/div><\/div><\/div><div class=\"fusion-layout-column fusion_builder_column fusion-builder-column-4 fusion_builder_column_2_3 2_3 fusion-two-third fusion-column-last\" style=\"--awb-bg-size:cover;width:66.666666666667%;width:calc(66.666666666667% - ( ( 4% ) * 0.66666666666667 ) );\"><div class=\"fusion-column-wrapper fusion-flex-column-wrapper-legacy\"><div class=\"fusion-title title fusion-title-3 fusion-sep-none fusion-title-text fusion-title-size-four\"><h4 class=\"fusion-title-heading title-heading-left fusion-responsive-typography-calculated\" style=\"margin:0;--fontSize:24;line-height:1.08;\"><span data-sheets-root=\"1\">CAMPING STROMVERTEILER<\/span><\/h4><\/div><div class=\"fusion-text fusion-text-4 fusion-no-small-visibility\"><p style=\"text-align: justify;\">Campingverteiler sind Ger\u00e4te, die eine sichere und komfortable Stromverteilung auf Campingpl\u00e4tzen, Zeltpl\u00e4tzen und Freizeitanlagen gew\u00e4hrleisten. Sie erm\u00f6glichen den Anschluss verschiedener Ger\u00e4te wie Lampen oder Ladeger\u00e4te und bieten einen bequemen Zugang zu Strom. Zu den wichtigsten Vorteilen z\u00e4hlen die hohe Sicherheit durch \u00dcberlastungsschutz, die Mobilit\u00e4t dank leichter Bauweise sowie die Vielseitigkeit und Widerstandsf\u00e4higkeit gegen\u00fcber Feuchtigkeit und Besch\u00e4digungen.<\/p>\n<\/div><div class=\"fusion-text fusion-text-5 fusion-no-medium-visibility fusion-no-large-visibility\"><p style=\"text-align: justify;\"><span style=\"font-weight: 400;\">Campingverteiler gew\u00e4hrleisten eine sichere und komfortable Stromverteilung\u00a0 im Freien. Sie erm\u00f6glichen den Anschluss verschiedener Ger\u00e4te wie Lampen oder Ladeger\u00e4te und bieten einen bequemen Zugang zur Elektrizit\u00e4t.\u00a0<\/span><\/p>\n<\/div><div class=\"fusion-button-wrapper\"><a class=\"fusion-button button-flat button-large button-custom fusion-button-default button-2 fusion-button-default-span \" style=\"--button_accent_color:#020202;--button_accent_hover_color:#ffffff;--button_border_hover_color:#ffffff;--button_gradient_top_color:#ffffff;--button_gradient_bottom_color:#ffffff;--button_gradient_top_color_hover:#020202;--button_gradient_bottom_color_hover:#020202;\" target=\"_self\" href=\"https:\/\/doktorvolt.pl\/de\/angebot\/camping\/camping-stromverteiler\/\"><span class=\"fusion-button-text awb-button__text awb-button__text--default\">CAMPING STROMVERTEILER<\/span><\/a><\/div><div class=\"fusion-clearfix\"><\/div><\/div><\/div><\/div><\/div><\/p>\n","protected":false},"excerpt":{"rendered":"","protected":false},"author":15,"featured_media":22135,"parent":6436,"menu_order":0,"comment_status":"closed","ping_status":"closed","template":"100-width.php","meta":{"footnotes":""},"categories":[],"tags":[],"class_list":["post-70384","page","type-page","status-publish","has-post-thumbnail","hentry"],"yoast_head":"<!-- This site is optimized with the Yoast SEO plugin v27.0 - https:\/\/yoast.com\/product\/yoast-seo-wordpress\/ -->\n<title>CAMPING - DOKTORVOLT\u00ae<\/title>\n<meta name=\"robots\" content=\"index, follow, max-snippet:-1, max-image-preview:large, max-video-preview:-1\" \/>\n<link rel=\"canonical\" href=\"https:\/\/doktorvolt.pl\/de\/angebot\/camping\/\" \/>\n<meta property=\"og:locale\" content=\"de_DE\" \/>\n<meta property=\"og:type\" content=\"article\" \/>\n<meta property=\"og:title\" content=\"CAMPING - DOKTORVOLT\u00ae\" \/>\n<meta property=\"og:url\" content=\"https:\/\/doktorvolt.pl\/de\/angebot\/camping\/\" \/>\n<meta property=\"og:site_name\" content=\"DOKTORVOLT\u00ae\" \/>\n<meta property=\"article:modified_time\" content=\"2025-08-11T08:11:17+00:00\" \/>\n<meta property=\"og:image\" content=\"https:\/\/doktorvolt.pl\/wp-content\/uploads\/2021\/05\/kemping-1.jpg\" \/>\n\t<meta property=\"og:image:width\" content=\"800\" \/>\n\t<meta property=\"og:image:height\" content=\"574\" \/>\n\t<meta property=\"og:image:type\" content=\"image\/jpeg\" \/>\n<meta name=\"twitter:card\" content=\"summary_large_image\" \/>\n<meta name=\"twitter:label1\" content=\"Gesch\u00e4tzte Lesezeit\" \/>\n\t<meta name=\"twitter:data1\" content=\"7\u00a0Minuten\" \/>\n<script type=\"application\/ld+json\" class=\"yoast-schema-graph\">{\"@context\":\"https:\/\/schema.org\",\"@graph\":[{\"@type\":\"WebPage\",\"@id\":\"https:\/\/doktorvolt.pl\/de\/angebot\/camping\/\",\"url\":\"https:\/\/doktorvolt.pl\/de\/angebot\/camping\/\",\"name\":\"CAMPING - DOKTORVOLT\u00ae\",\"isPartOf\":{\"@id\":\"https:\/\/doktorvolt.pl\/de\/#website\"},\"primaryImageOfPage\":{\"@id\":\"https:\/\/doktorvolt.pl\/de\/angebot\/camping\/#primaryimage\"},\"image\":{\"@id\":\"https:\/\/doktorvolt.pl\/de\/angebot\/camping\/#primaryimage\"},\"thumbnailUrl\":\"https:\/\/doktorvolt.pl\/wp-content\/uploads\/2021\/05\/kemping-1.jpg\",\"datePublished\":\"2021-05-31T08:45:09+00:00\",\"dateModified\":\"2025-08-11T08:11:17+00:00\",\"breadcrumb\":{\"@id\":\"https:\/\/doktorvolt.pl\/de\/angebot\/camping\/#breadcrumb\"},\"inLanguage\":\"de\",\"potentialAction\":[{\"@type\":\"ReadAction\",\"target\":[\"https:\/\/doktorvolt.pl\/de\/angebot\/camping\/\"]}]},{\"@type\":\"ImageObject\",\"inLanguage\":\"de\",\"@id\":\"https:\/\/doktorvolt.pl\/de\/angebot\/camping\/#primaryimage\",\"url\":\"https:\/\/doktorvolt.pl\/wp-content\/uploads\/2021\/05\/kemping-1.jpg\",\"contentUrl\":\"https:\/\/doktorvolt.pl\/wp-content\/uploads\/2021\/05\/kemping-1.jpg\",\"width\":800,\"height\":574},{\"@type\":\"BreadcrumbList\",\"@id\":\"https:\/\/doktorvolt.pl\/de\/angebot\/camping\/#breadcrumb\",\"itemListElement\":[{\"@type\":\"ListItem\",\"position\":1,\"name\":\"Strona g\u0142\u00f3wna\",\"item\":\"https:\/\/doktorvolt.pl\/de\/\"},{\"@type\":\"ListItem\",\"position\":2,\"name\":\"ANGEBOT\",\"item\":\"https:\/\/doktorvolt.pl\/de\/angebot\/\"},{\"@type\":\"ListItem\",\"position\":3,\"name\":\"CAMPING\"}]},{\"@type\":\"WebSite\",\"@id\":\"https:\/\/doktorvolt.pl\/de\/#website\",\"url\":\"https:\/\/doktorvolt.pl\/de\/\",\"name\":\"DOKTORVOLT\u00ae\",\"description\":\"Producent rozdzielnic budowlanych\",\"publisher\":{\"@id\":\"https:\/\/doktorvolt.pl\/de\/#organization\"},\"potentialAction\":[{\"@type\":\"SearchAction\",\"target\":{\"@type\":\"EntryPoint\",\"urlTemplate\":\"https:\/\/doktorvolt.pl\/de\/?s={search_term_string}\"},\"query-input\":{\"@type\":\"PropertyValueSpecification\",\"valueRequired\":true,\"valueName\":\"search_term_string\"}}],\"inLanguage\":\"de\"},{\"@type\":\"Organization\",\"@id\":\"https:\/\/doktorvolt.pl\/de\/#organization\",\"name\":\"DOKTORVOLT\u00ae\",\"url\":\"https:\/\/doktorvolt.pl\/de\/\",\"logo\":{\"@type\":\"ImageObject\",\"inLanguage\":\"de\",\"@id\":\"https:\/\/doktorvolt.pl\/de\/#\/schema\/logo\/image\/\",\"url\":\"https:\/\/doktorvolt.pl\/wp-content\/uploads\/2023\/10\/DoktorVOLT-black-png.png\",\"contentUrl\":\"https:\/\/doktorvolt.pl\/wp-content\/uploads\/2023\/10\/DoktorVOLT-black-png.png\",\"width\":729,\"height\":40,\"caption\":\"DOKTORVOLT\u00ae\"},\"image\":{\"@id\":\"https:\/\/doktorvolt.pl\/de\/#\/schema\/logo\/image\/\"}}]}<\/script>\n<!-- \/ Yoast SEO plugin. -->","yoast_head_json":{"title":"CAMPING - DOKTORVOLT\u00ae","robots":{"index":"index","follow":"follow","max-snippet":"max-snippet:-1","max-image-preview":"max-image-preview:large","max-video-preview":"max-video-preview:-1"},"canonical":"https:\/\/doktorvolt.pl\/de\/angebot\/camping\/","og_locale":"de_DE","og_type":"article","og_title":"CAMPING - DOKTORVOLT\u00ae","og_url":"https:\/\/doktorvolt.pl\/de\/angebot\/camping\/","og_site_name":"DOKTORVOLT\u00ae","article_modified_time":"2025-08-11T08:11:17+00:00","og_image":[{"width":800,"height":574,"url":"https:\/\/doktorvolt.pl\/wp-content\/uploads\/2021\/05\/kemping-1.jpg","type":"image\/jpeg"}],"twitter_card":"summary_large_image","twitter_misc":{"Gesch\u00e4tzte Lesezeit":"7\u00a0Minuten"},"schema":{"@context":"https:\/\/schema.org","@graph":[{"@type":"WebPage","@id":"https:\/\/doktorvolt.pl\/de\/angebot\/camping\/","url":"https:\/\/doktorvolt.pl\/de\/angebot\/camping\/","name":"CAMPING - DOKTORVOLT\u00ae","isPartOf":{"@id":"https:\/\/doktorvolt.pl\/de\/#website"},"primaryImageOfPage":{"@id":"https:\/\/doktorvolt.pl\/de\/angebot\/camping\/#primaryimage"},"image":{"@id":"https:\/\/doktorvolt.pl\/de\/angebot\/camping\/#primaryimage"},"thumbnailUrl":"https:\/\/doktorvolt.pl\/wp-content\/uploads\/2021\/05\/kemping-1.jpg","datePublished":"2021-05-31T08:45:09+00:00","dateModified":"2025-08-11T08:11:17+00:00","breadcrumb":{"@id":"https:\/\/doktorvolt.pl\/de\/angebot\/camping\/#breadcrumb"},"inLanguage":"de","potentialAction":[{"@type":"ReadAction","target":["https:\/\/doktorvolt.pl\/de\/angebot\/camping\/"]}]},{"@type":"ImageObject","inLanguage":"de","@id":"https:\/\/doktorvolt.pl\/de\/angebot\/camping\/#primaryimage","url":"https:\/\/doktorvolt.pl\/wp-content\/uploads\/2021\/05\/kemping-1.jpg","contentUrl":"https:\/\/doktorvolt.pl\/wp-content\/uploads\/2021\/05\/kemping-1.jpg","width":800,"height":574},{"@type":"BreadcrumbList","@id":"https:\/\/doktorvolt.pl\/de\/angebot\/camping\/#breadcrumb","itemListElement":[{"@type":"ListItem","position":1,"name":"Strona g\u0142\u00f3wna","item":"https:\/\/doktorvolt.pl\/de\/"},{"@type":"ListItem","position":2,"name":"ANGEBOT","item":"https:\/\/doktorvolt.pl\/de\/angebot\/"},{"@type":"ListItem","position":3,"name":"CAMPING"}]},{"@type":"WebSite","@id":"https:\/\/doktorvolt.pl\/de\/#website","url":"https:\/\/doktorvolt.pl\/de\/","name":"DOKTORVOLT\u00ae","description":"Producent rozdzielnic budowlanych","publisher":{"@id":"https:\/\/doktorvolt.pl\/de\/#organization"},"potentialAction":[{"@type":"SearchAction","target":{"@type":"EntryPoint","urlTemplate":"https:\/\/doktorvolt.pl\/de\/?s={search_term_string}"},"query-input":{"@type":"PropertyValueSpecification","valueRequired":true,"valueName":"search_term_string"}}],"inLanguage":"de"},{"@type":"Organization","@id":"https:\/\/doktorvolt.pl\/de\/#organization","name":"DOKTORVOLT\u00ae","url":"https:\/\/doktorvolt.pl\/de\/","logo":{"@type":"ImageObject","inLanguage":"de","@id":"https:\/\/doktorvolt.pl\/de\/#\/schema\/logo\/image\/","url":"https:\/\/doktorvolt.pl\/wp-content\/uploads\/2023\/10\/DoktorVOLT-black-png.png","contentUrl":"https:\/\/doktorvolt.pl\/wp-content\/uploads\/2023\/10\/DoktorVOLT-black-png.png","width":729,"height":40,"caption":"DOKTORVOLT\u00ae"},"image":{"@id":"https:\/\/doktorvolt.pl\/de\/#\/schema\/logo\/image\/"}}]}},"_links":{"self":[{"href":"https:\/\/doktorvolt.pl\/de\/wp-json\/wp\/v2\/pages\/70384","targetHints":{"allow":["GET"]}}],"collection":[{"href":"https:\/\/doktorvolt.pl\/de\/wp-json\/wp\/v2\/pages"}],"about":[{"href":"https:\/\/doktorvolt.pl\/de\/wp-json\/wp\/v2\/types\/page"}],"author":[{"embeddable":true,"href":"https:\/\/doktorvolt.pl\/de\/wp-json\/wp\/v2\/users\/15"}],"replies":[{"embeddable":true,"href":"https:\/\/doktorvolt.pl\/de\/wp-json\/wp\/v2\/comments?post=70384"}],"version-history":[{"count":7,"href":"https:\/\/doktorvolt.pl\/de\/wp-json\/wp\/v2\/pages\/70384\/revisions"}],"predecessor-version":[{"id":83112,"href":"https:\/\/doktorvolt.pl\/de\/wp-json\/wp\/v2\/pages\/70384\/revisions\/83112"}],"up":[{"embeddable":true,"href":"https:\/\/doktorvolt.pl\/de\/wp-json\/wp\/v2\/pages\/6436"}],"wp:featuredmedia":[{"embeddable":true,"href":"https:\/\/doktorvolt.pl\/de\/wp-json\/wp\/v2\/media\/22135"}],"wp:attachment":[{"href":"https:\/\/doktorvolt.pl\/de\/wp-json\/wp\/v2\/media?parent=70384"}],"wp:term":[{"taxonomy":"category","embeddable":true,"href":"https:\/\/doktorvolt.pl\/de\/wp-json\/wp\/v2\/categories?post=70384"},{"taxonomy":"post_tag","embeddable":true,"href":"https:\/\/doktorvolt.pl\/de\/wp-json\/wp\/v2\/tags?post=70384"}],"curies":[{"name":"wp","href":"https:\/\/api.w.org\/{rel}","templated":true}]}}