{"id":78850,"date":"2018-06-25T09:26:48","date_gmt":"2018-06-25T08:26:48","guid":{"rendered":"https:\/\/doktorvolt.pl\/angebot\/zubehoer\/verlaengerungskabel\/seria-silowe\/"},"modified":"2025-07-14T14:32:00","modified_gmt":"2025-07-14T13:32:00","slug":"starkstrom-serie","status":"publish","type":"page","link":"https:\/\/doktorvolt.pl\/de\/angebot\/zubehoer\/verlaengerungskabel\/starkstrom-serie\/","title":{"rendered":"STARKSTROM SERIE"},"content":{"rendered":"<p><div class=\"fusion-fullwidth fullwidth-box fusion-builder-row-1 nonhundred-percent-fullwidth non-hundred-percent-height-scrolling\" style=\"--awb-border-radius-top-left:0px;--awb-border-radius-top-right:0px;--awb-border-radius-bottom-right:0px;--awb-border-radius-bottom-left:0px;--awb-margin-top:20px;--awb-margin-bottom:20px;--awb-flex-wrap:wrap;\" ><div class=\"fusion-builder-row fusion-row\"><div class=\"fusion-layout-column fusion_builder_column fusion-builder-column-0 fusion_builder_column_1_3 1_3 fusion-one-third fusion-column-first\" style=\"--awb-bg-size:cover;width:33.333333333333%;width:calc(33.333333333333% - ( ( 4% ) * 0.33333333333333 ) );margin-right: 4%;\"><div class=\"fusion-column-wrapper fusion-flex-column-wrapper-legacy\"><div class=\"fusion-image-element in-legacy-container\" style=\"--awb-caption-title-font-family:var(--h2_typography-font-family);--awb-caption-title-font-weight:var(--h2_typography-font-weight);--awb-caption-title-font-style:var(--h2_typography-font-style);--awb-caption-title-size:var(--h2_typography-font-size);--awb-caption-title-transform:var(--h2_typography-text-transform);--awb-caption-title-line-height:var(--h2_typography-line-height);--awb-caption-title-letter-spacing:var(--h2_typography-letter-spacing);\"><span class=\" fusion-imageframe imageframe-none imageframe-1 hover-type-none\"><img decoding=\"async\" width=\"300\" height=\"154\" title=\"Przed\u0142u\u017cacz si\u0142owy 16A\/5P IP44 CEE 400V\/16A H07RN-F 5&#215;2,5 Doktorvolt\u00ae\" src=\"https:\/\/doktorvolt.pl\/wp-content\/uploads\/2018\/06\/32A-300x154.jpg\" alt class=\"img-responsive wp-image-6472\" srcset=\"https:\/\/doktorvolt.pl\/wp-content\/uploads\/2018\/06\/32A-200x103.jpg 200w, https:\/\/doktorvolt.pl\/wp-content\/uploads\/2018\/06\/32A-400x205.jpg 400w, https:\/\/doktorvolt.pl\/wp-content\/uploads\/2018\/06\/32A-600x308.jpg 600w, https:\/\/doktorvolt.pl\/wp-content\/uploads\/2018\/06\/32A-800x410.jpg 800w, https:\/\/doktorvolt.pl\/wp-content\/uploads\/2018\/06\/32A-1200x615.jpg 1200w\" sizes=\"(max-width: 800px) 100vw, 400px\" \/><\/span><\/div><div class=\"fusion-clearfix\"><\/div><\/div><\/div><div class=\"fusion-layout-column fusion_builder_column fusion-builder-column-1 fusion_builder_column_2_3 2_3 fusion-two-third fusion-column-last\" style=\"--awb-bg-size:cover;width:66.666666666667%;width:calc(66.666666666667% - ( ( 4% ) * 0.66666666666667 ) );\"><div class=\"fusion-column-wrapper fusion-flex-column-wrapper-legacy\"><div class=\"fusion-title title fusion-title-1 fusion-sep-none fusion-title-text fusion-title-size-four\"><h4 class=\"fusion-title-heading title-heading-left fusion-responsive-typography-calculated\" style=\"margin:0;--fontSize:24;line-height:1.08;\">16A Serie<\/h4><\/div><div class=\"fusion-text fusion-text-1\"><p style=\"text-align: justify;\">Das 16A 5P IP44 Stromverl\u00e4ngerungskabel von Doktorvolt verf\u00fcgt \u00fcber ein H07RN-F 5\u00d72,5 mm\u00b2 Gummikabel, das gegen mechanische Besch\u00e4digungen, \u00d6l und Witterungseinfl\u00fcsse resistent ist. Es verf\u00fcgt \u00fcber CEE 400V 16A (3P+N+PE) Stecker mit Schutzart IP44 und ist somit ideal f\u00fcr Anwendungen im Bauwesen, in der Industrie und im Freien.<\/p>\n<\/div><div class=\"fusion-button-wrapper\"><a class=\"fusion-button button-flat button-large button-custom fusion-button-default button-1 fusion-button-default-span fusion-button-default-type\" style=\"--button_accent_color:#020202;--button_accent_hover_color:#ffffff;--button_border_hover_color:#ffffff;--button_gradient_top_color:#ffffff;--button_gradient_bottom_color:#ffffff;--button_gradient_top_color_hover:#020202;--button_gradient_bottom_color_hover:#020202;\" target=\"_self\" href=\"https:\/\/doktorvolt.pl\/de\/angebot\/zubehoer\/verlaengerungskabel\/starkstrom-serie\/16a-serie\/\"><span class=\"fusion-button-text awb-button__text awb-button__text--default\">F\u00dcR DIE 16A SERIE<\/span><\/a><\/div><div class=\"fusion-clearfix\"><\/div><\/div><\/div><\/div><\/div><div class=\"fusion-fullwidth fullwidth-box fusion-builder-row-2 nonhundred-percent-fullwidth non-hundred-percent-height-scrolling\" style=\"--awb-border-radius-top-left:0px;--awb-border-radius-top-right:0px;--awb-border-radius-bottom-right:0px;--awb-border-radius-bottom-left:0px;--awb-margin-top:20px;--awb-margin-bottom:20px;--awb-flex-wrap:wrap;\" ><div class=\"fusion-builder-row fusion-row\"><div class=\"fusion-layout-column fusion_builder_column fusion-builder-column-2 fusion_builder_column_1_3 1_3 fusion-one-third fusion-column-first\" style=\"--awb-bg-size:cover;width:33.333333333333%;width:calc(33.333333333333% - ( ( 4% ) * 0.33333333333333 ) );margin-right: 4%;\"><div class=\"fusion-column-wrapper fusion-flex-column-wrapper-legacy\"><div class=\"fusion-image-element in-legacy-container\" style=\"--awb-caption-title-font-family:var(--h2_typography-font-family);--awb-caption-title-font-weight:var(--h2_typography-font-weight);--awb-caption-title-font-style:var(--h2_typography-font-style);--awb-caption-title-size:var(--h2_typography-font-size);--awb-caption-title-transform:var(--h2_typography-text-transform);--awb-caption-title-line-height:var(--h2_typography-line-height);--awb-caption-title-letter-spacing:var(--h2_typography-letter-spacing);\"><span class=\" fusion-imageframe imageframe-none imageframe-2 hover-type-none\"><img decoding=\"async\" width=\"300\" height=\"231\" title=\"1\" src=\"https:\/\/doktorvolt.pl\/wp-content\/uploads\/2025\/02\/1-300x231.png\" alt class=\"img-responsive wp-image-64927\" srcset=\"https:\/\/doktorvolt.pl\/wp-content\/uploads\/2025\/02\/1-200x154.png 200w, https:\/\/doktorvolt.pl\/wp-content\/uploads\/2025\/02\/1-400x308.png 400w, https:\/\/doktorvolt.pl\/wp-content\/uploads\/2025\/02\/1-600x462.png 600w, https:\/\/doktorvolt.pl\/wp-content\/uploads\/2025\/02\/1-800x616.png 800w, https:\/\/doktorvolt.pl\/wp-content\/uploads\/2025\/02\/1-1200x924.png 1200w, https:\/\/doktorvolt.pl\/wp-content\/uploads\/2025\/02\/1.png 1299w\" sizes=\"(max-width: 800px) 100vw, 400px\" \/><\/span><\/div><div class=\"fusion-clearfix\"><\/div><\/div><\/div><div class=\"fusion-layout-column fusion_builder_column fusion-builder-column-3 fusion_builder_column_2_3 2_3 fusion-two-third fusion-column-last\" style=\"--awb-bg-size:cover;width:66.666666666667%;width:calc(66.666666666667% - ( ( 4% ) * 0.66666666666667 ) );\"><div class=\"fusion-column-wrapper fusion-flex-column-wrapper-legacy\"><div class=\"fusion-title title fusion-title-2 fusion-sep-none fusion-title-text fusion-title-size-four\"><h4 class=\"fusion-title-heading title-heading-left fusion-responsive-typography-calculated\" style=\"margin:0;--fontSize:24;line-height:1.08;\">32A SERIE<\/h4><\/div><div class=\"fusion-text fusion-text-2\"><p style=\"text-align: justify;\">Das 32 A\/5 P IP44 Stromverl\u00e4ngerungskabel von Doktorvolt verf\u00fcgt \u00fcber ein robustes H07RN-F 5\u00d74 mm\u00b2 Gummikabel, das gegen \u00d6l, mechanische Besch\u00e4digungen und niedrige Temperaturen resistent ist. CEE-Steckverbinder (ProTop\/Mennekes 32 A, 5-poliger Stecker und Buchse) sorgen f\u00fcr eine sichere 400-V-Drehstromversorgung mit Schutzart IP44 &#8211; ideal f\u00fcr Anwendungen auf dem Bau, in der Industrie, in der Landwirtschaft und bei Veranstaltungen<\/p>\n<\/div><div class=\"fusion-button-wrapper\"><a class=\"fusion-button button-flat button-large button-custom fusion-button-default button-2 fusion-button-default-span fusion-button-default-type\" style=\"--button_accent_color:#020202;--button_accent_hover_color:#ffffff;--button_border_hover_color:#ffffff;--button_gradient_top_color:#ffffff;--button_gradient_bottom_color:#ffffff;--button_gradient_top_color_hover:#020202;--button_gradient_bottom_color_hover:#020202;\" target=\"_self\" href=\"https:\/\/doktorvolt.pl\/de\/angebot\/zubehoer\/verlaengerungskabel\/starkstrom-serie\/seria-32a\/\"><span class=\"fusion-button-text awb-button__text awb-button__text--default\">F\u00dcR DIE 32A SERIE<\/span><\/a><\/div><div class=\"fusion-clearfix\"><\/div><\/div><\/div><\/div><\/div><div class=\"fusion-fullwidth fullwidth-box fusion-builder-row-3 nonhundred-percent-fullwidth non-hundred-percent-height-scrolling\" style=\"--awb-border-radius-top-left:0px;--awb-border-radius-top-right:0px;--awb-border-radius-bottom-right:0px;--awb-border-radius-bottom-left:0px;--awb-margin-top:20px;--awb-margin-bottom:20px;--awb-flex-wrap:wrap;\" ><div class=\"fusion-builder-row fusion-row\"><div class=\"fusion-layout-column fusion_builder_column fusion-builder-column-4 fusion_builder_column_1_3 1_3 fusion-one-third fusion-column-first\" style=\"--awb-bg-size:cover;width:33.333333333333%;width:calc(33.333333333333% - ( ( 4% ) * 0.33333333333333 ) );margin-right: 4%;\"><div class=\"fusion-column-wrapper fusion-flex-column-wrapper-legacy\"><div class=\"fusion-image-element in-legacy-container\" style=\"--awb-caption-title-font-family:var(--h2_typography-font-family);--awb-caption-title-font-weight:var(--h2_typography-font-weight);--awb-caption-title-font-style:var(--h2_typography-font-style);--awb-caption-title-size:var(--h2_typography-font-size);--awb-caption-title-transform:var(--h2_typography-text-transform);--awb-caption-title-line-height:var(--h2_typography-line-height);--awb-caption-title-letter-spacing:var(--h2_typography-letter-spacing);\"><span class=\" fusion-imageframe imageframe-none imageframe-3 hover-type-none\"><img decoding=\"async\" width=\"300\" height=\"231\" title=\"1\" src=\"https:\/\/doktorvolt.pl\/wp-content\/uploads\/2025\/02\/1-1-300x231.png\" alt class=\"img-responsive wp-image-64939\" srcset=\"https:\/\/doktorvolt.pl\/wp-content\/uploads\/2025\/02\/1-1-200x154.png 200w, https:\/\/doktorvolt.pl\/wp-content\/uploads\/2025\/02\/1-1-400x308.png 400w, https:\/\/doktorvolt.pl\/wp-content\/uploads\/2025\/02\/1-1-600x462.png 600w, https:\/\/doktorvolt.pl\/wp-content\/uploads\/2025\/02\/1-1-800x616.png 800w, https:\/\/doktorvolt.pl\/wp-content\/uploads\/2025\/02\/1-1-1200x924.png 1200w\" sizes=\"(max-width: 800px) 100vw, 400px\" \/><\/span><\/div><div class=\"fusion-clearfix\"><\/div><\/div><\/div><div class=\"fusion-layout-column fusion_builder_column fusion-builder-column-5 fusion_builder_column_2_3 2_3 fusion-two-third fusion-column-last\" style=\"--awb-bg-size:cover;width:66.666666666667%;width:calc(66.666666666667% - ( ( 4% ) * 0.66666666666667 ) );\"><div class=\"fusion-column-wrapper fusion-flex-column-wrapper-legacy\"><div class=\"fusion-title title fusion-title-3 fusion-sep-none fusion-title-text fusion-title-size-four\"><h4 class=\"fusion-title-heading title-heading-left fusion-responsive-typography-calculated\" style=\"margin:0;--fontSize:24;line-height:1.08;\">63A 5x10mm^2 SERIE<\/h4><\/div><div class=\"fusion-text fusion-text-3\"><p style=\"text-align: justify;\">Der 63 A\/5 P IP67 Power Extender von Doktorvolt ist ein professionelles, vollst\u00e4ndig wasserdichtes Ger\u00e4t mit H07RN-F 5\u00d710 mm\u00b2 Gummikabel, das resistent gegen \u00d6l, Besch\u00e4digungen und \u00e4u\u00dfere Bedingungen ist. Er verf\u00fcgt \u00fcber hochbelastbare CEE-Steckverbinder (3P+N+PE) mit Schutzart IP67 und bietet eine sichere 400-V-Drehstromversorgung unter h\u00e4rtesten Bedingungen &#8211; auf der Baustelle, in der Industrie, in der Landwirtschaft und in der Werkstatt.<\/p>\n<\/div><div class=\"fusion-button-wrapper\"><a class=\"fusion-button button-flat button-large button-custom fusion-button-default button-3 fusion-button-default-span fusion-button-default-type\" style=\"--button_accent_color:#020202;--button_accent_hover_color:#ffffff;--button_border_hover_color:#ffffff;--button_gradient_top_color:#ffffff;--button_gradient_bottom_color:#ffffff;--button_gradient_top_color_hover:#020202;--button_gradient_bottom_color_hover:#020202;\" target=\"_self\" href=\"https:\/\/doktorvolt.pl\/de\/angebot\/zubehoer\/verlaengerungskabel\/starkstrom-serie\/63a-5x10mm2-serie\/\"><span class=\"fusion-button-text awb-button__text awb-button__text--default\">F\u00dcR DIE 63A 5x10mm^2 SERIE<\/span><\/a><\/div><div class=\"fusion-clearfix\"><\/div><\/div><\/div><\/div><\/div><div class=\"fusion-fullwidth fullwidth-box fusion-builder-row-4 nonhundred-percent-fullwidth non-hundred-percent-height-scrolling\" style=\"--awb-border-radius-top-left:0px;--awb-border-radius-top-right:0px;--awb-border-radius-bottom-right:0px;--awb-border-radius-bottom-left:0px;--awb-margin-top:20px;--awb-margin-bottom:20px;--awb-flex-wrap:wrap;\" ><div class=\"fusion-builder-row fusion-row\"><div class=\"fusion-layout-column fusion_builder_column fusion-builder-column-6 fusion_builder_column_1_3 1_3 fusion-one-third fusion-column-first\" style=\"--awb-bg-size:cover;width:33.333333333333%;width:calc(33.333333333333% - ( ( 4% ) * 0.33333333333333 ) );margin-right: 4%;\"><div class=\"fusion-column-wrapper fusion-flex-column-wrapper-legacy\"><div class=\"fusion-image-element in-legacy-container\" style=\"--awb-caption-title-font-family:var(--h2_typography-font-family);--awb-caption-title-font-weight:var(--h2_typography-font-weight);--awb-caption-title-font-style:var(--h2_typography-font-style);--awb-caption-title-size:var(--h2_typography-font-size);--awb-caption-title-transform:var(--h2_typography-text-transform);--awb-caption-title-line-height:var(--h2_typography-line-height);--awb-caption-title-letter-spacing:var(--h2_typography-letter-spacing);\"><span class=\" fusion-imageframe imageframe-none imageframe-4 hover-type-none\"><img decoding=\"async\" width=\"300\" height=\"231\" title=\"1\" src=\"https:\/\/doktorvolt.pl\/wp-content\/uploads\/2025\/02\/1-2-300x231.png\" alt class=\"img-responsive wp-image-64947\" srcset=\"https:\/\/doktorvolt.pl\/wp-content\/uploads\/2025\/02\/1-2-200x154.png 200w, https:\/\/doktorvolt.pl\/wp-content\/uploads\/2025\/02\/1-2-400x308.png 400w, https:\/\/doktorvolt.pl\/wp-content\/uploads\/2025\/02\/1-2-600x462.png 600w, https:\/\/doktorvolt.pl\/wp-content\/uploads\/2025\/02\/1-2-800x616.png 800w, https:\/\/doktorvolt.pl\/wp-content\/uploads\/2025\/02\/1-2-1200x924.png 1200w, https:\/\/doktorvolt.pl\/wp-content\/uploads\/2025\/02\/1-2.png 1299w\" sizes=\"(max-width: 800px) 100vw, 400px\" \/><\/span><\/div><div class=\"fusion-clearfix\"><\/div><\/div><\/div><div class=\"fusion-layout-column fusion_builder_column fusion-builder-column-7 fusion_builder_column_2_3 2_3 fusion-two-third fusion-column-last\" style=\"--awb-bg-size:cover;width:66.666666666667%;width:calc(66.666666666667% - ( ( 4% ) * 0.66666666666667 ) );\"><div class=\"fusion-column-wrapper fusion-flex-column-wrapper-legacy\"><div class=\"fusion-title title fusion-title-4 fusion-sep-none fusion-title-text fusion-title-size-four\"><h4 class=\"fusion-title-heading title-heading-left fusion-responsive-typography-calculated\" style=\"margin:0;--fontSize:24;line-height:1.08;\">63A 5x16mm^2 SERIE<\/h4><\/div><div class=\"fusion-text fusion-text-4\"><p style=\"text-align: justify;\">Der 63 A\/5 P IP67 Power Extender von Doktorvolt ist ein professionelles, vollst\u00e4ndig wasserdichtes Ger\u00e4t mit H07RN-F 5\u00d716 mm\u00b2 Gummikabel, das resistent gegen \u00d6l, Besch\u00e4digungen und \u00e4u\u00dfere Bedingungen ist. Er verf\u00fcgt \u00fcber hochbelastbare CEE-Steckverbinder (3P+N+PE) mit Schutzart IP67 und bietet eine sichere 400-V-Drehstromversorgung unter h\u00e4rtesten Bedingungen &#8211; auf der Baustelle, in der Industrie, in der Landwirtschaft und in der Werkstatt.<\/p>\n<\/div><div class=\"fusion-button-wrapper\"><a class=\"fusion-button button-flat button-large button-custom fusion-button-default button-4 fusion-button-default-span fusion-button-default-type\" style=\"--button_accent_color:#020202;--button_accent_hover_color:#ffffff;--button_border_hover_color:#ffffff;--button_gradient_top_color:#ffffff;--button_gradient_bottom_color:#ffffff;--button_gradient_top_color_hover:#020202;--button_gradient_bottom_color_hover:#020202;\" target=\"_self\" href=\"https:\/\/doktorvolt.pl\/de\/angebot\/zubehoer\/verlaengerungskabel\/starkstrom-serie\/63a-5x16mm2-serie\/\"><span class=\"fusion-button-text awb-button__text awb-button__text--default\">F\u00dcR DIE 63A 5x16mm^2 SERIE<\/span><\/a><\/div><div class=\"fusion-clearfix\"><\/div><\/div><\/div><\/div><\/div><\/p>\n","protected":false},"excerpt":{"rendered":"","protected":false},"author":15,"featured_media":6472,"parent":6462,"menu_order":0,"comment_status":"closed","ping_status":"closed","template":"","meta":{"footnotes":""},"categories":[],"tags":[],"class_list":["post-78850","page","type-page","status-publish","has-post-thumbnail","hentry"],"yoast_head":"<!-- This site is optimized with the Yoast SEO plugin v27.0 - https:\/\/yoast.com\/product\/yoast-seo-wordpress\/ -->\n<title>STARKSTROM SERIE - DOKTORVOLT\u00ae<\/title>\n<meta name=\"robots\" content=\"index, follow, max-snippet:-1, max-image-preview:large, max-video-preview:-1\" \/>\n<link rel=\"canonical\" href=\"https:\/\/doktorvolt.pl\/oferta\/akcesoria\/przedluzacze\/seria-silowe\/\" \/>\n<meta property=\"og:locale\" content=\"de_DE\" \/>\n<meta property=\"og:type\" content=\"article\" \/>\n<meta property=\"og:title\" content=\"STARKSTROM SERIE - DOKTORVOLT\u00ae\" \/>\n<meta property=\"og:url\" content=\"https:\/\/doktorvolt.pl\/oferta\/akcesoria\/przedluzacze\/seria-silowe\/\" \/>\n<meta property=\"og:site_name\" content=\"DOKTORVOLT\u00ae\" \/>\n<meta property=\"article:modified_time\" content=\"2025-07-14T13:32:00+00:00\" \/>\n<meta property=\"og:image\" content=\"https:\/\/doktorvolt.pl\/wp-content\/uploads\/2018\/06\/32A.jpg\" \/>\n\t<meta property=\"og:image:width\" content=\"2340\" \/>\n\t<meta property=\"og:image:height\" content=\"1200\" \/>\n\t<meta property=\"og:image:type\" content=\"image\/jpeg\" \/>\n<meta name=\"twitter:card\" content=\"summary_large_image\" \/>\n<meta name=\"twitter:label1\" content=\"Gesch\u00e4tzte Lesezeit\" \/>\n\t<meta name=\"twitter:data1\" content=\"13\u00a0Minuten\" \/>\n<script type=\"application\/ld+json\" class=\"yoast-schema-graph\">{\"@context\":\"https:\/\/schema.org\",\"@graph\":[{\"@type\":\"WebPage\",\"@id\":\"https:\/\/doktorvolt.pl\/oferta\/akcesoria\/przedluzacze\/seria-silowe\/\",\"url\":\"https:\/\/doktorvolt.pl\/oferta\/akcesoria\/przedluzacze\/seria-silowe\/\",\"name\":\"STARKSTROM SERIE - DOKTORVOLT\u00ae\",\"isPartOf\":{\"@id\":\"https:\/\/doktorvolt.pl\/de\/#website\"},\"primaryImageOfPage\":{\"@id\":\"https:\/\/doktorvolt.pl\/oferta\/akcesoria\/przedluzacze\/seria-silowe\/#primaryimage\"},\"image\":{\"@id\":\"https:\/\/doktorvolt.pl\/oferta\/akcesoria\/przedluzacze\/seria-silowe\/#primaryimage\"},\"thumbnailUrl\":\"https:\/\/doktorvolt.pl\/wp-content\/uploads\/2018\/06\/32A.jpg\",\"datePublished\":\"2018-06-25T08:26:48+00:00\",\"dateModified\":\"2025-07-14T13:32:00+00:00\",\"breadcrumb\":{\"@id\":\"https:\/\/doktorvolt.pl\/oferta\/akcesoria\/przedluzacze\/seria-silowe\/#breadcrumb\"},\"inLanguage\":\"de\",\"potentialAction\":[{\"@type\":\"ReadAction\",\"target\":[\"https:\/\/doktorvolt.pl\/oferta\/akcesoria\/przedluzacze\/seria-silowe\/\"]}]},{\"@type\":\"ImageObject\",\"inLanguage\":\"de\",\"@id\":\"https:\/\/doktorvolt.pl\/oferta\/akcesoria\/przedluzacze\/seria-silowe\/#primaryimage\",\"url\":\"https:\/\/doktorvolt.pl\/wp-content\/uploads\/2018\/06\/32A.jpg\",\"contentUrl\":\"https:\/\/doktorvolt.pl\/wp-content\/uploads\/2018\/06\/32A.jpg\",\"width\":2340,\"height\":1200},{\"@type\":\"BreadcrumbList\",\"@id\":\"https:\/\/doktorvolt.pl\/oferta\/akcesoria\/przedluzacze\/seria-silowe\/#breadcrumb\",\"itemListElement\":[{\"@type\":\"ListItem\",\"position\":1,\"name\":\"Strona g\u0142\u00f3wna\",\"item\":\"https:\/\/doktorvolt.pl\/de\/\"},{\"@type\":\"ListItem\",\"position\":2,\"name\":\"ANGEBOT\",\"item\":\"https:\/\/doktorvolt.pl\/de\/angebot\/\"},{\"@type\":\"ListItem\",\"position\":3,\"name\":\"ZUBEH\u00d6R\",\"item\":\"https:\/\/doktorvolt.pl\/de\/angebot\/zubehoer\/\"},{\"@type\":\"ListItem\",\"position\":4,\"name\":\"VERL\u00c4NGERUNGSKABEL\",\"item\":\"https:\/\/doktorvolt.pl\/de\/angebot\/zubehoer\/verlaengerungskabel\/\"},{\"@type\":\"ListItem\",\"position\":5,\"name\":\"STARKSTROM SERIE\"}]},{\"@type\":\"WebSite\",\"@id\":\"https:\/\/doktorvolt.pl\/de\/#website\",\"url\":\"https:\/\/doktorvolt.pl\/de\/\",\"name\":\"DOKTORVOLT\u00ae\",\"description\":\"Producent rozdzielnic budowlanych\",\"publisher\":{\"@id\":\"https:\/\/doktorvolt.pl\/de\/#organization\"},\"potentialAction\":[{\"@type\":\"SearchAction\",\"target\":{\"@type\":\"EntryPoint\",\"urlTemplate\":\"https:\/\/doktorvolt.pl\/de\/?s={search_term_string}\"},\"query-input\":{\"@type\":\"PropertyValueSpecification\",\"valueRequired\":true,\"valueName\":\"search_term_string\"}}],\"inLanguage\":\"de\"},{\"@type\":\"Organization\",\"@id\":\"https:\/\/doktorvolt.pl\/de\/#organization\",\"name\":\"DOKTORVOLT\u00ae\",\"url\":\"https:\/\/doktorvolt.pl\/de\/\",\"logo\":{\"@type\":\"ImageObject\",\"inLanguage\":\"de\",\"@id\":\"https:\/\/doktorvolt.pl\/de\/#\/schema\/logo\/image\/\",\"url\":\"https:\/\/doktorvolt.pl\/wp-content\/uploads\/2023\/10\/DoktorVOLT-black-png.png\",\"contentUrl\":\"https:\/\/doktorvolt.pl\/wp-content\/uploads\/2023\/10\/DoktorVOLT-black-png.png\",\"width\":729,\"height\":40,\"caption\":\"DOKTORVOLT\u00ae\"},\"image\":{\"@id\":\"https:\/\/doktorvolt.pl\/de\/#\/schema\/logo\/image\/\"}}]}<\/script>\n<!-- \/ Yoast SEO plugin. -->","yoast_head_json":{"title":"STARKSTROM SERIE - DOKTORVOLT\u00ae","robots":{"index":"index","follow":"follow","max-snippet":"max-snippet:-1","max-image-preview":"max-image-preview:large","max-video-preview":"max-video-preview:-1"},"canonical":"https:\/\/doktorvolt.pl\/oferta\/akcesoria\/przedluzacze\/seria-silowe\/","og_locale":"de_DE","og_type":"article","og_title":"STARKSTROM SERIE - DOKTORVOLT\u00ae","og_url":"https:\/\/doktorvolt.pl\/oferta\/akcesoria\/przedluzacze\/seria-silowe\/","og_site_name":"DOKTORVOLT\u00ae","article_modified_time":"2025-07-14T13:32:00+00:00","og_image":[{"width":2340,"height":1200,"url":"https:\/\/doktorvolt.pl\/wp-content\/uploads\/2018\/06\/32A.jpg","type":"image\/jpeg"}],"twitter_card":"summary_large_image","twitter_misc":{"Gesch\u00e4tzte Lesezeit":"13\u00a0Minuten"},"schema":{"@context":"https:\/\/schema.org","@graph":[{"@type":"WebPage","@id":"https:\/\/doktorvolt.pl\/oferta\/akcesoria\/przedluzacze\/seria-silowe\/","url":"https:\/\/doktorvolt.pl\/oferta\/akcesoria\/przedluzacze\/seria-silowe\/","name":"STARKSTROM SERIE - DOKTORVOLT\u00ae","isPartOf":{"@id":"https:\/\/doktorvolt.pl\/de\/#website"},"primaryImageOfPage":{"@id":"https:\/\/doktorvolt.pl\/oferta\/akcesoria\/przedluzacze\/seria-silowe\/#primaryimage"},"image":{"@id":"https:\/\/doktorvolt.pl\/oferta\/akcesoria\/przedluzacze\/seria-silowe\/#primaryimage"},"thumbnailUrl":"https:\/\/doktorvolt.pl\/wp-content\/uploads\/2018\/06\/32A.jpg","datePublished":"2018-06-25T08:26:48+00:00","dateModified":"2025-07-14T13:32:00+00:00","breadcrumb":{"@id":"https:\/\/doktorvolt.pl\/oferta\/akcesoria\/przedluzacze\/seria-silowe\/#breadcrumb"},"inLanguage":"de","potentialAction":[{"@type":"ReadAction","target":["https:\/\/doktorvolt.pl\/oferta\/akcesoria\/przedluzacze\/seria-silowe\/"]}]},{"@type":"ImageObject","inLanguage":"de","@id":"https:\/\/doktorvolt.pl\/oferta\/akcesoria\/przedluzacze\/seria-silowe\/#primaryimage","url":"https:\/\/doktorvolt.pl\/wp-content\/uploads\/2018\/06\/32A.jpg","contentUrl":"https:\/\/doktorvolt.pl\/wp-content\/uploads\/2018\/06\/32A.jpg","width":2340,"height":1200},{"@type":"BreadcrumbList","@id":"https:\/\/doktorvolt.pl\/oferta\/akcesoria\/przedluzacze\/seria-silowe\/#breadcrumb","itemListElement":[{"@type":"ListItem","position":1,"name":"Strona g\u0142\u00f3wna","item":"https:\/\/doktorvolt.pl\/de\/"},{"@type":"ListItem","position":2,"name":"ANGEBOT","item":"https:\/\/doktorvolt.pl\/de\/angebot\/"},{"@type":"ListItem","position":3,"name":"ZUBEH\u00d6R","item":"https:\/\/doktorvolt.pl\/de\/angebot\/zubehoer\/"},{"@type":"ListItem","position":4,"name":"VERL\u00c4NGERUNGSKABEL","item":"https:\/\/doktorvolt.pl\/de\/angebot\/zubehoer\/verlaengerungskabel\/"},{"@type":"ListItem","position":5,"name":"STARKSTROM SERIE"}]},{"@type":"WebSite","@id":"https:\/\/doktorvolt.pl\/de\/#website","url":"https:\/\/doktorvolt.pl\/de\/","name":"DOKTORVOLT\u00ae","description":"Producent rozdzielnic budowlanych","publisher":{"@id":"https:\/\/doktorvolt.pl\/de\/#organization"},"potentialAction":[{"@type":"SearchAction","target":{"@type":"EntryPoint","urlTemplate":"https:\/\/doktorvolt.pl\/de\/?s={search_term_string}"},"query-input":{"@type":"PropertyValueSpecification","valueRequired":true,"valueName":"search_term_string"}}],"inLanguage":"de"},{"@type":"Organization","@id":"https:\/\/doktorvolt.pl\/de\/#organization","name":"DOKTORVOLT\u00ae","url":"https:\/\/doktorvolt.pl\/de\/","logo":{"@type":"ImageObject","inLanguage":"de","@id":"https:\/\/doktorvolt.pl\/de\/#\/schema\/logo\/image\/","url":"https:\/\/doktorvolt.pl\/wp-content\/uploads\/2023\/10\/DoktorVOLT-black-png.png","contentUrl":"https:\/\/doktorvolt.pl\/wp-content\/uploads\/2023\/10\/DoktorVOLT-black-png.png","width":729,"height":40,"caption":"DOKTORVOLT\u00ae"},"image":{"@id":"https:\/\/doktorvolt.pl\/de\/#\/schema\/logo\/image\/"}}]}},"_links":{"self":[{"href":"https:\/\/doktorvolt.pl\/de\/wp-json\/wp\/v2\/pages\/78850","targetHints":{"allow":["GET"]}}],"collection":[{"href":"https:\/\/doktorvolt.pl\/de\/wp-json\/wp\/v2\/pages"}],"about":[{"href":"https:\/\/doktorvolt.pl\/de\/wp-json\/wp\/v2\/types\/page"}],"author":[{"embeddable":true,"href":"https:\/\/doktorvolt.pl\/de\/wp-json\/wp\/v2\/users\/15"}],"replies":[{"embeddable":true,"href":"https:\/\/doktorvolt.pl\/de\/wp-json\/wp\/v2\/comments?post=78850"}],"version-history":[{"count":8,"href":"https:\/\/doktorvolt.pl\/de\/wp-json\/wp\/v2\/pages\/78850\/revisions"}],"predecessor-version":[{"id":78878,"href":"https:\/\/doktorvolt.pl\/de\/wp-json\/wp\/v2\/pages\/78850\/revisions\/78878"}],"up":[{"embeddable":true,"href":"https:\/\/doktorvolt.pl\/de\/wp-json\/wp\/v2\/pages\/6462"}],"wp:featuredmedia":[{"embeddable":true,"href":"https:\/\/doktorvolt.pl\/de\/wp-json\/wp\/v2\/media\/6472"}],"wp:attachment":[{"href":"https:\/\/doktorvolt.pl\/de\/wp-json\/wp\/v2\/media?parent=78850"}],"wp:term":[{"taxonomy":"category","embeddable":true,"href":"https:\/\/doktorvolt.pl\/de\/wp-json\/wp\/v2\/categories?post=78850"},{"taxonomy":"post_tag","embeddable":true,"href":"https:\/\/doktorvolt.pl\/de\/wp-json\/wp\/v2\/tags?post=78850"}],"curies":[{"name":"wp","href":"https:\/\/api.w.org\/{rel}","templated":true}]}}