{"id":78880,"date":"2025-07-10T10:15:23","date_gmt":"2025-07-10T09:15:23","guid":{"rendered":"https:\/\/doktorvolt.pl\/angebot\/zubehoer\/verlaengerungskabel\/przedluzacze-230v\/"},"modified":"2025-07-30T08:07:58","modified_gmt":"2025-07-30T07:07:58","slug":"verlaengerungskabel-230v","status":"publish","type":"page","link":"https:\/\/doktorvolt.pl\/de\/angebot\/zubehoer\/verlaengerungskabel\/verlaengerungskabel-230v\/","title":{"rendered":"VERL\u00c4NGERUNGSKABEL 230V"},"content":{"rendered":"<p><div class=\"fusion-fullwidth fullwidth-box fusion-builder-row-1 nonhundred-percent-fullwidth non-hundred-percent-height-scrolling\" style=\"--awb-border-radius-top-left:0px;--awb-border-radius-top-right:0px;--awb-border-radius-bottom-right:0px;--awb-border-radius-bottom-left:0px;--awb-flex-wrap:wrap;\" ><div class=\"fusion-builder-row fusion-row\"><div class=\"fusion-layout-column fusion_builder_column fusion-builder-column-0 fusion_builder_column_1_1 1_1 fusion-one-full fusion-column-first fusion-column-last\" style=\"--awb-bg-size:cover;\"><div class=\"fusion-column-wrapper fusion-flex-column-wrapper-legacy\"><div class=\"fusion-title title fusion-title-1 fusion-sep-none fusion-title-center fusion-title-text fusion-title-size-two\" style=\"--awb-margin-bottom:20px;\"><h2 class=\"fusion-title-heading title-heading-center fusion-responsive-typography-calculated\" style=\"margin:0;--fontSize:40;line-height:1.3;\"><p class=\"title-heading-left fusion-responsive-typography-calculated\" style=\"text-align: center;\">VERL\u00c4NGERUNGSKABEL 230V<\/p><\/h2><\/div><div class=\"fusion-text fusion-text-1\"><p style=\"text-align: center;\">Dieser Verl\u00e4ngerungskabel wird in zwei Varianten hergestellt: der deutsche Typ Schuko und der franz\u00f6sisch-belgische mit Erdung. Er besteht aus einer Leitung 3\u00d71,5mm2, Stecker und Steckdosen der Marke Bals. Dieses Produkt ist ideal f\u00fcr Arbeiten unter schweren Bedingungen dank seines Schutzgrades IP44.<\/p>\n<\/div><div class=\"fusion-clearfix\"><\/div><\/div><\/div><\/div><\/div><div class=\"fusion-fullwidth fullwidth-box fusion-builder-row-2 nonhundred-percent-fullwidth non-hundred-percent-height-scrolling\" style=\"--awb-border-radius-top-left:0px;--awb-border-radius-top-right:0px;--awb-border-radius-bottom-right:0px;--awb-border-radius-bottom-left:0px;--awb-margin-top:20px;--awb-margin-bottom:20px;--awb-flex-wrap:wrap;\" ><div class=\"fusion-builder-row fusion-row\"><div class=\"fusion-layout-column fusion_builder_column fusion-builder-column-1 fusion_builder_column_1_3 1_3 fusion-one-third fusion-column-first\" style=\"--awb-bg-size:cover;width:33.333333333333%;width:calc(33.333333333333% - ( ( 4% ) * 0.33333333333333 ) );margin-right: 4%;\"><div class=\"fusion-column-wrapper fusion-flex-column-wrapper-legacy\"><div class=\"fusion-image-element in-legacy-container\" style=\"--awb-caption-title-font-family:var(--h2_typography-font-family);--awb-caption-title-font-weight:var(--h2_typography-font-weight);--awb-caption-title-font-style:var(--h2_typography-font-style);--awb-caption-title-size:var(--h2_typography-font-size);--awb-caption-title-transform:var(--h2_typography-text-transform);--awb-caption-title-line-height:var(--h2_typography-line-height);--awb-caption-title-letter-spacing:var(--h2_typography-letter-spacing);\"><span class=\" fusion-imageframe imageframe-none imageframe-1 hover-type-none\"><img decoding=\"async\" width=\"300\" height=\"231\" title=\"Przed\u0142u\u017cacz 230V IP44 230V\/16A H07RN-F 3&#215;1,5 Doktorvolt\u00ae\" src=\"https:\/\/doktorvolt.pl\/wp-content\/uploads\/2018\/06\/230V-300x231.jpg\" alt class=\"img-responsive wp-image-6497\" srcset=\"https:\/\/doktorvolt.pl\/wp-content\/uploads\/2018\/06\/230V-200x154.jpg 200w, https:\/\/doktorvolt.pl\/wp-content\/uploads\/2018\/06\/230V-400x308.jpg 400w, https:\/\/doktorvolt.pl\/wp-content\/uploads\/2018\/06\/230V-600x462.jpg 600w, https:\/\/doktorvolt.pl\/wp-content\/uploads\/2018\/06\/230V-800x615.jpg 800w, https:\/\/doktorvolt.pl\/wp-content\/uploads\/2018\/06\/230V-1200x923.jpg 1200w\" sizes=\"(max-width: 800px) 100vw, 400px\" \/><\/span><\/div><div class=\"fusion-clearfix\"><\/div><\/div><\/div><div class=\"fusion-layout-column fusion_builder_column fusion-builder-column-2 fusion_builder_column_2_3 2_3 fusion-two-third fusion-column-last\" style=\"--awb-bg-size:cover;width:66.666666666667%;width:calc(66.666666666667% - ( ( 4% ) * 0.66666666666667 ) );\"><div class=\"fusion-column-wrapper fusion-flex-column-wrapper-legacy\"><div class=\"fusion-title title fusion-title-2 fusion-sep-none fusion-title-text fusion-title-size-four\"><h4 class=\"fusion-title-heading title-heading-left fusion-responsive-typography-calculated\" style=\"margin:0;--fontSize:24;line-height:1.08;\">VERL\u00c4NGERUNGSKABEL MIT EINER STECKDOSE<\/h4><\/div><div class=\"fusion-text fusion-text-2\"><p style=\"text-align: justify;\">Die Doktorvolt-Verl\u00e4ngerungskabel mit einer Steckdose haben ein robustes Kabel und sind resistent gegen mechanische Besch\u00e4digungen, \u00d6l und \u00e4u\u00dfere Einfl\u00fcsse. Die Schutzart IP44 garantiert Staub- und Spritzwasserschutz, und der mitgelieferte Klettverschluss erm\u00f6glicht eine bequeme Aufbewahrung.<\/p>\n<\/div><div class=\"fusion-button-wrapper\"><a class=\"fusion-button button-flat button-large button-custom fusion-button-default button-1 fusion-button-default-span fusion-button-default-type\" style=\"--button_accent_color:#020202;--button_accent_hover_color:#ffffff;--button_border_hover_color:#ffffff;--button_gradient_top_color:#ffffff;--button_gradient_bottom_color:#ffffff;--button_gradient_top_color_hover:#020202;--button_gradient_bottom_color_hover:#020202;\" target=\"_self\" href=\"https:\/\/doktorvolt.pl\/de\/angebot\/zubehoer\/verlaengerungskabel\/verlaengerungskabel-230v\/verlaengerungskabel-mit-einer-steckdose-230v\/\"><span class=\"fusion-button-text awb-button__text awb-button__text--default\">F\u00dcR DIE MIT EINER STECKDOSE SERIE<\/span><\/a><\/div><div class=\"fusion-clearfix\"><\/div><\/div><\/div><\/div><\/div><div class=\"fusion-fullwidth fullwidth-box fusion-builder-row-3 nonhundred-percent-fullwidth non-hundred-percent-height-scrolling\" style=\"--awb-border-radius-top-left:0px;--awb-border-radius-top-right:0px;--awb-border-radius-bottom-right:0px;--awb-border-radius-bottom-left:0px;--awb-margin-top:20px;--awb-margin-bottom:20px;--awb-flex-wrap:wrap;\" ><div class=\"fusion-builder-row fusion-row\"><div class=\"fusion-layout-column fusion_builder_column fusion-builder-column-3 fusion_builder_column_1_3 1_3 fusion-one-third fusion-column-first\" style=\"--awb-bg-size:cover;width:33.333333333333%;width:calc(33.333333333333% - ( ( 4% ) * 0.33333333333333 ) );margin-right: 4%;\"><div class=\"fusion-column-wrapper fusion-flex-column-wrapper-legacy\"><div class=\"fusion-image-element in-legacy-container\" style=\"--awb-caption-title-font-family:var(--h2_typography-font-family);--awb-caption-title-font-weight:var(--h2_typography-font-weight);--awb-caption-title-font-style:var(--h2_typography-font-style);--awb-caption-title-size:var(--h2_typography-font-size);--awb-caption-title-transform:var(--h2_typography-text-transform);--awb-caption-title-line-height:var(--h2_typography-line-height);--awb-caption-title-letter-spacing:var(--h2_typography-letter-spacing);\"><span class=\" fusion-imageframe imageframe-none imageframe-2 hover-type-none\"><img decoding=\"async\" width=\"300\" height=\"231\" title=\"pol_pl_Przedluzacz-elektryczny-4-krotny-15m-listwa-zasilajaca-4-gniazda-3&#215;1-5mm2-czarny-Doktorvolt-DV-4940-F-19927_1\" src=\"https:\/\/doktorvolt.pl\/wp-content\/uploads\/2025\/07\/pol_pl_Przedluzacz-elektryczny-4-krotny-15m-listwa-zasilajaca-4-gniazda-3x1-5mm2-czarny-Doktorvolt-DV-4940-F-19927_1-1-300x231.jpg\" alt class=\"img-responsive wp-image-76267\" srcset=\"https:\/\/doktorvolt.pl\/wp-content\/uploads\/2025\/07\/pol_pl_Przedluzacz-elektryczny-4-krotny-15m-listwa-zasilajaca-4-gniazda-3x1-5mm2-czarny-Doktorvolt-DV-4940-F-19927_1-1-200x154.jpg 200w, https:\/\/doktorvolt.pl\/wp-content\/uploads\/2025\/07\/pol_pl_Przedluzacz-elektryczny-4-krotny-15m-listwa-zasilajaca-4-gniazda-3x1-5mm2-czarny-Doktorvolt-DV-4940-F-19927_1-1-400x308.jpg 400w, https:\/\/doktorvolt.pl\/wp-content\/uploads\/2025\/07\/pol_pl_Przedluzacz-elektryczny-4-krotny-15m-listwa-zasilajaca-4-gniazda-3x1-5mm2-czarny-Doktorvolt-DV-4940-F-19927_1-1-600x462.jpg 600w, https:\/\/doktorvolt.pl\/wp-content\/uploads\/2025\/07\/pol_pl_Przedluzacz-elektryczny-4-krotny-15m-listwa-zasilajaca-4-gniazda-3x1-5mm2-czarny-Doktorvolt-DV-4940-F-19927_1-1-800x616.jpg 800w, https:\/\/doktorvolt.pl\/wp-content\/uploads\/2025\/07\/pol_pl_Przedluzacz-elektryczny-4-krotny-15m-listwa-zasilajaca-4-gniazda-3x1-5mm2-czarny-Doktorvolt-DV-4940-F-19927_1-1-1200x924.jpg 1200w\" sizes=\"(max-width: 800px) 100vw, 400px\" \/><\/span><\/div><div class=\"fusion-clearfix\"><\/div><\/div><\/div><div class=\"fusion-layout-column fusion_builder_column fusion-builder-column-4 fusion_builder_column_2_3 2_3 fusion-two-third fusion-column-last\" style=\"--awb-bg-size:cover;width:66.666666666667%;width:calc(66.666666666667% - ( ( 4% ) * 0.66666666666667 ) );\"><div class=\"fusion-column-wrapper fusion-flex-column-wrapper-legacy\"><div class=\"fusion-title title fusion-title-3 fusion-sep-none fusion-title-text fusion-title-size-four\"><h4 class=\"fusion-title-heading title-heading-left fusion-responsive-typography-calculated\" style=\"margin:0;--fontSize:24;line-height:1.08;\">MEHRFACH VERL\u00c4NGERUNGSKABEL<\/h4><\/div><div class=\"fusion-text fusion-text-3\"><p style=\"text-align: justify;\">Das 15 m lange Doktorvolt-Verl\u00e4ngerungskabel DV-4940-F verf\u00fcgt \u00fcber 4 230 V-Steckdosen (Typ Schuko) und einen 16 A IP44-Stecker. Hergestellt aus robustem H07RN-F-Kabel (3\u00d71,5 mm\u00b2), wird es sich im Garten, in der Werkstatt oder auf der Baustelle bew\u00e4hren.<\/p>\n<\/div><div class=\"fusion-button-wrapper\"><a class=\"fusion-button button-flat button-large button-custom fusion-button-default button-2 fusion-button-default-span fusion-button-default-type\" style=\"--button_accent_color:#020202;--button_accent_hover_color:#ffffff;--button_border_hover_color:#ffffff;--button_gradient_top_color:#ffffff;--button_gradient_bottom_color:#ffffff;--button_gradient_top_color_hover:#020202;--button_gradient_bottom_color_hover:#020202;\" target=\"_self\" href=\"https:\/\/doktorvolt.pl\/de\/angebot\/zubehoer\/verlaengerungskabel\/verlaengerungskabel-230v\/mehrfach-verlaengerungskabel-230v\/\"><span class=\"fusion-button-text awb-button__text awb-button__text--default\">F\u00dcR DIE MEHRFACH SERIE<\/span><\/a><\/div><div class=\"fusion-clearfix\"><\/div><\/div><\/div><\/div><\/div><\/p>\n","protected":false},"excerpt":{"rendered":"","protected":false},"author":15,"featured_media":6497,"parent":6462,"menu_order":0,"comment_status":"closed","ping_status":"closed","template":"100-width.php","meta":{"footnotes":""},"categories":[1672],"tags":[],"class_list":["post-78880","page","type-page","status-publish","has-post-thumbnail","hentry","category-verlaengerungskabel-mit-einer-steckdose"],"yoast_head":"<!-- This site is optimized with the Yoast SEO plugin v27.0 - https:\/\/yoast.com\/product\/yoast-seo-wordpress\/ -->\n<title>VERL\u00c4NGERUNGSKABEL 230V - DOKTORVOLT\u00ae<\/title>\n<meta name=\"robots\" content=\"index, follow, max-snippet:-1, max-image-preview:large, max-video-preview:-1\" \/>\n<link rel=\"canonical\" href=\"https:\/\/doktorvolt.pl\/de\/angebot\/zubehoer\/verlaengerungskabel\/verlaengerungskabel-230v\/\" \/>\n<meta property=\"og:locale\" content=\"de_DE\" \/>\n<meta property=\"og:type\" content=\"article\" \/>\n<meta property=\"og:title\" content=\"VERL\u00c4NGERUNGSKABEL 230V - DOKTORVOLT\u00ae\" \/>\n<meta property=\"og:url\" content=\"https:\/\/doktorvolt.pl\/de\/angebot\/zubehoer\/verlaengerungskabel\/verlaengerungskabel-230v\/\" \/>\n<meta property=\"og:site_name\" content=\"DOKTORVOLT\u00ae\" \/>\n<meta property=\"article:modified_time\" content=\"2025-07-30T07:07:58+00:00\" \/>\n<meta property=\"og:image\" content=\"https:\/\/doktorvolt.pl\/wp-content\/uploads\/2018\/06\/230V.jpg\" \/>\n\t<meta property=\"og:image:width\" content=\"2340\" \/>\n\t<meta property=\"og:image:height\" content=\"1800\" \/>\n\t<meta property=\"og:image:type\" content=\"image\/jpeg\" \/>\n<meta name=\"twitter:card\" content=\"summary_large_image\" \/>\n<meta name=\"twitter:label1\" content=\"Gesch\u00e4tzte Lesezeit\" \/>\n\t<meta name=\"twitter:data1\" content=\"7\u00a0Minuten\" \/>\n<script type=\"application\/ld+json\" class=\"yoast-schema-graph\">{\"@context\":\"https:\/\/schema.org\",\"@graph\":[{\"@type\":\"WebPage\",\"@id\":\"https:\/\/doktorvolt.pl\/de\/angebot\/zubehoer\/verlaengerungskabel\/verlaengerungskabel-230v\/\",\"url\":\"https:\/\/doktorvolt.pl\/de\/angebot\/zubehoer\/verlaengerungskabel\/verlaengerungskabel-230v\/\",\"name\":\"VERL\u00c4NGERUNGSKABEL 230V - DOKTORVOLT\u00ae\",\"isPartOf\":{\"@id\":\"https:\/\/doktorvolt.pl\/de\/#website\"},\"primaryImageOfPage\":{\"@id\":\"https:\/\/doktorvolt.pl\/de\/angebot\/zubehoer\/verlaengerungskabel\/verlaengerungskabel-230v\/#primaryimage\"},\"image\":{\"@id\":\"https:\/\/doktorvolt.pl\/de\/angebot\/zubehoer\/verlaengerungskabel\/verlaengerungskabel-230v\/#primaryimage\"},\"thumbnailUrl\":\"https:\/\/doktorvolt.pl\/wp-content\/uploads\/2018\/06\/230V.jpg\",\"datePublished\":\"2025-07-10T09:15:23+00:00\",\"dateModified\":\"2025-07-30T07:07:58+00:00\",\"breadcrumb\":{\"@id\":\"https:\/\/doktorvolt.pl\/de\/angebot\/zubehoer\/verlaengerungskabel\/verlaengerungskabel-230v\/#breadcrumb\"},\"inLanguage\":\"de\",\"potentialAction\":[{\"@type\":\"ReadAction\",\"target\":[\"https:\/\/doktorvolt.pl\/de\/angebot\/zubehoer\/verlaengerungskabel\/verlaengerungskabel-230v\/\"]}]},{\"@type\":\"ImageObject\",\"inLanguage\":\"de\",\"@id\":\"https:\/\/doktorvolt.pl\/de\/angebot\/zubehoer\/verlaengerungskabel\/verlaengerungskabel-230v\/#primaryimage\",\"url\":\"https:\/\/doktorvolt.pl\/wp-content\/uploads\/2018\/06\/230V.jpg\",\"contentUrl\":\"https:\/\/doktorvolt.pl\/wp-content\/uploads\/2018\/06\/230V.jpg\",\"width\":2340,\"height\":1800},{\"@type\":\"BreadcrumbList\",\"@id\":\"https:\/\/doktorvolt.pl\/de\/angebot\/zubehoer\/verlaengerungskabel\/verlaengerungskabel-230v\/#breadcrumb\",\"itemListElement\":[{\"@type\":\"ListItem\",\"position\":1,\"name\":\"Strona g\u0142\u00f3wna\",\"item\":\"https:\/\/doktorvolt.pl\/de\/\"},{\"@type\":\"ListItem\",\"position\":2,\"name\":\"ANGEBOT\",\"item\":\"https:\/\/doktorvolt.pl\/de\/angebot\/\"},{\"@type\":\"ListItem\",\"position\":3,\"name\":\"ZUBEH\u00d6R\",\"item\":\"https:\/\/doktorvolt.pl\/de\/angebot\/zubehoer\/\"},{\"@type\":\"ListItem\",\"position\":4,\"name\":\"VERL\u00c4NGERUNGSKABEL\",\"item\":\"https:\/\/doktorvolt.pl\/de\/angebot\/zubehoer\/verlaengerungskabel\/\"},{\"@type\":\"ListItem\",\"position\":5,\"name\":\"VERL\u00c4NGERUNGSKABEL 230V\"}]},{\"@type\":\"WebSite\",\"@id\":\"https:\/\/doktorvolt.pl\/de\/#website\",\"url\":\"https:\/\/doktorvolt.pl\/de\/\",\"name\":\"DOKTORVOLT\u00ae\",\"description\":\"Producent rozdzielnic budowlanych\",\"publisher\":{\"@id\":\"https:\/\/doktorvolt.pl\/de\/#organization\"},\"potentialAction\":[{\"@type\":\"SearchAction\",\"target\":{\"@type\":\"EntryPoint\",\"urlTemplate\":\"https:\/\/doktorvolt.pl\/de\/?s={search_term_string}\"},\"query-input\":{\"@type\":\"PropertyValueSpecification\",\"valueRequired\":true,\"valueName\":\"search_term_string\"}}],\"inLanguage\":\"de\"},{\"@type\":\"Organization\",\"@id\":\"https:\/\/doktorvolt.pl\/de\/#organization\",\"name\":\"DOKTORVOLT\u00ae\",\"url\":\"https:\/\/doktorvolt.pl\/de\/\",\"logo\":{\"@type\":\"ImageObject\",\"inLanguage\":\"de\",\"@id\":\"https:\/\/doktorvolt.pl\/de\/#\/schema\/logo\/image\/\",\"url\":\"https:\/\/doktorvolt.pl\/wp-content\/uploads\/2023\/10\/DoktorVOLT-black-png.png\",\"contentUrl\":\"https:\/\/doktorvolt.pl\/wp-content\/uploads\/2023\/10\/DoktorVOLT-black-png.png\",\"width\":729,\"height\":40,\"caption\":\"DOKTORVOLT\u00ae\"},\"image\":{\"@id\":\"https:\/\/doktorvolt.pl\/de\/#\/schema\/logo\/image\/\"}}]}<\/script>\n<!-- \/ Yoast SEO plugin. -->","yoast_head_json":{"title":"VERL\u00c4NGERUNGSKABEL 230V - DOKTORVOLT\u00ae","robots":{"index":"index","follow":"follow","max-snippet":"max-snippet:-1","max-image-preview":"max-image-preview:large","max-video-preview":"max-video-preview:-1"},"canonical":"https:\/\/doktorvolt.pl\/de\/angebot\/zubehoer\/verlaengerungskabel\/verlaengerungskabel-230v\/","og_locale":"de_DE","og_type":"article","og_title":"VERL\u00c4NGERUNGSKABEL 230V - DOKTORVOLT\u00ae","og_url":"https:\/\/doktorvolt.pl\/de\/angebot\/zubehoer\/verlaengerungskabel\/verlaengerungskabel-230v\/","og_site_name":"DOKTORVOLT\u00ae","article_modified_time":"2025-07-30T07:07:58+00:00","og_image":[{"width":2340,"height":1800,"url":"https:\/\/doktorvolt.pl\/wp-content\/uploads\/2018\/06\/230V.jpg","type":"image\/jpeg"}],"twitter_card":"summary_large_image","twitter_misc":{"Gesch\u00e4tzte Lesezeit":"7\u00a0Minuten"},"schema":{"@context":"https:\/\/schema.org","@graph":[{"@type":"WebPage","@id":"https:\/\/doktorvolt.pl\/de\/angebot\/zubehoer\/verlaengerungskabel\/verlaengerungskabel-230v\/","url":"https:\/\/doktorvolt.pl\/de\/angebot\/zubehoer\/verlaengerungskabel\/verlaengerungskabel-230v\/","name":"VERL\u00c4NGERUNGSKABEL 230V - DOKTORVOLT\u00ae","isPartOf":{"@id":"https:\/\/doktorvolt.pl\/de\/#website"},"primaryImageOfPage":{"@id":"https:\/\/doktorvolt.pl\/de\/angebot\/zubehoer\/verlaengerungskabel\/verlaengerungskabel-230v\/#primaryimage"},"image":{"@id":"https:\/\/doktorvolt.pl\/de\/angebot\/zubehoer\/verlaengerungskabel\/verlaengerungskabel-230v\/#primaryimage"},"thumbnailUrl":"https:\/\/doktorvolt.pl\/wp-content\/uploads\/2018\/06\/230V.jpg","datePublished":"2025-07-10T09:15:23+00:00","dateModified":"2025-07-30T07:07:58+00:00","breadcrumb":{"@id":"https:\/\/doktorvolt.pl\/de\/angebot\/zubehoer\/verlaengerungskabel\/verlaengerungskabel-230v\/#breadcrumb"},"inLanguage":"de","potentialAction":[{"@type":"ReadAction","target":["https:\/\/doktorvolt.pl\/de\/angebot\/zubehoer\/verlaengerungskabel\/verlaengerungskabel-230v\/"]}]},{"@type":"ImageObject","inLanguage":"de","@id":"https:\/\/doktorvolt.pl\/de\/angebot\/zubehoer\/verlaengerungskabel\/verlaengerungskabel-230v\/#primaryimage","url":"https:\/\/doktorvolt.pl\/wp-content\/uploads\/2018\/06\/230V.jpg","contentUrl":"https:\/\/doktorvolt.pl\/wp-content\/uploads\/2018\/06\/230V.jpg","width":2340,"height":1800},{"@type":"BreadcrumbList","@id":"https:\/\/doktorvolt.pl\/de\/angebot\/zubehoer\/verlaengerungskabel\/verlaengerungskabel-230v\/#breadcrumb","itemListElement":[{"@type":"ListItem","position":1,"name":"Strona g\u0142\u00f3wna","item":"https:\/\/doktorvolt.pl\/de\/"},{"@type":"ListItem","position":2,"name":"ANGEBOT","item":"https:\/\/doktorvolt.pl\/de\/angebot\/"},{"@type":"ListItem","position":3,"name":"ZUBEH\u00d6R","item":"https:\/\/doktorvolt.pl\/de\/angebot\/zubehoer\/"},{"@type":"ListItem","position":4,"name":"VERL\u00c4NGERUNGSKABEL","item":"https:\/\/doktorvolt.pl\/de\/angebot\/zubehoer\/verlaengerungskabel\/"},{"@type":"ListItem","position":5,"name":"VERL\u00c4NGERUNGSKABEL 230V"}]},{"@type":"WebSite","@id":"https:\/\/doktorvolt.pl\/de\/#website","url":"https:\/\/doktorvolt.pl\/de\/","name":"DOKTORVOLT\u00ae","description":"Producent rozdzielnic budowlanych","publisher":{"@id":"https:\/\/doktorvolt.pl\/de\/#organization"},"potentialAction":[{"@type":"SearchAction","target":{"@type":"EntryPoint","urlTemplate":"https:\/\/doktorvolt.pl\/de\/?s={search_term_string}"},"query-input":{"@type":"PropertyValueSpecification","valueRequired":true,"valueName":"search_term_string"}}],"inLanguage":"de"},{"@type":"Organization","@id":"https:\/\/doktorvolt.pl\/de\/#organization","name":"DOKTORVOLT\u00ae","url":"https:\/\/doktorvolt.pl\/de\/","logo":{"@type":"ImageObject","inLanguage":"de","@id":"https:\/\/doktorvolt.pl\/de\/#\/schema\/logo\/image\/","url":"https:\/\/doktorvolt.pl\/wp-content\/uploads\/2023\/10\/DoktorVOLT-black-png.png","contentUrl":"https:\/\/doktorvolt.pl\/wp-content\/uploads\/2023\/10\/DoktorVOLT-black-png.png","width":729,"height":40,"caption":"DOKTORVOLT\u00ae"},"image":{"@id":"https:\/\/doktorvolt.pl\/de\/#\/schema\/logo\/image\/"}}]}},"_links":{"self":[{"href":"https:\/\/doktorvolt.pl\/de\/wp-json\/wp\/v2\/pages\/78880","targetHints":{"allow":["GET"]}}],"collection":[{"href":"https:\/\/doktorvolt.pl\/de\/wp-json\/wp\/v2\/pages"}],"about":[{"href":"https:\/\/doktorvolt.pl\/de\/wp-json\/wp\/v2\/types\/page"}],"author":[{"embeddable":true,"href":"https:\/\/doktorvolt.pl\/de\/wp-json\/wp\/v2\/users\/15"}],"replies":[{"embeddable":true,"href":"https:\/\/doktorvolt.pl\/de\/wp-json\/wp\/v2\/comments?post=78880"}],"version-history":[{"count":4,"href":"https:\/\/doktorvolt.pl\/de\/wp-json\/wp\/v2\/pages\/78880\/revisions"}],"predecessor-version":[{"id":78893,"href":"https:\/\/doktorvolt.pl\/de\/wp-json\/wp\/v2\/pages\/78880\/revisions\/78893"}],"up":[{"embeddable":true,"href":"https:\/\/doktorvolt.pl\/de\/wp-json\/wp\/v2\/pages\/6462"}],"wp:featuredmedia":[{"embeddable":true,"href":"https:\/\/doktorvolt.pl\/de\/wp-json\/wp\/v2\/media\/6497"}],"wp:attachment":[{"href":"https:\/\/doktorvolt.pl\/de\/wp-json\/wp\/v2\/media?parent=78880"}],"wp:term":[{"taxonomy":"category","embeddable":true,"href":"https:\/\/doktorvolt.pl\/de\/wp-json\/wp\/v2\/categories?post=78880"},{"taxonomy":"post_tag","embeddable":true,"href":"https:\/\/doktorvolt.pl\/de\/wp-json\/wp\/v2\/tags?post=78880"}],"curies":[{"name":"wp","href":"https:\/\/api.w.org\/{rel}","templated":true}]}}