{"id":78952,"date":"2025-02-26T08:42:24","date_gmt":"2025-02-26T07:42:24","guid":{"rendered":"https:\/\/doktorvolt.pl\/angebot\/zubehoer\/stojaki-metalowe\/"},"modified":"2025-07-30T08:08:43","modified_gmt":"2025-07-30T07:08:43","slug":"metallstaender-fuer-stromverteiler","status":"publish","type":"page","link":"https:\/\/doktorvolt.pl\/de\/angebot\/zubehoer\/metallstaender-fuer-stromverteiler\/","title":{"rendered":"METALLST\u00c4NDER F\u00dcR STROMVERTEILER"},"content":{"rendered":"<div class=\"fusion-fullwidth fullwidth-box fusion-builder-row-1 nonhundred-percent-fullwidth non-hundred-percent-height-scrolling\" style=\"--awb-border-radius-top-left:0px;--awb-border-radius-top-right:0px;--awb-border-radius-bottom-right:0px;--awb-border-radius-bottom-left:0px;--awb-flex-wrap:wrap;\" ><div class=\"fusion-builder-row fusion-row\"><div class=\"fusion-layout-column fusion_builder_column fusion-builder-column-0 fusion_builder_column_1_1 1_1 fusion-one-full fusion-column-first fusion-column-last\" style=\"--awb-bg-size:cover;\"><div class=\"fusion-column-wrapper fusion-flex-column-wrapper-legacy\"><div class=\"fusion-title title fusion-title-1 fusion-sep-none fusion-title-center fusion-title-text fusion-title-size-two\" style=\"--awb-margin-bottom:20px;\"><h2 class=\"fusion-title-heading title-heading-center fusion-responsive-typography-calculated\" style=\"margin:0;--fontSize:40;line-height:1.3;\">Metallst\u00e4nder f\u00fcr Stromverteiler<\/h2><\/div><div class=\"fusion-text fusion-text-1\"><p style=\"text-align: center;\" align=\"justify\">Metallst\u00e4nder f\u00fcr Stromverteiler sind ideal f\u00fcr Baustellen und Bereiche, oder andere Orte, an denen Stromverteiler mobil und leicht zug\u00e4nglich bleiben m\u00fcssen. Sie bestehen aus verzinktem und pulverbeschichtetem Stahl und sind daher rost- und abriebfest.<\/p>\n<\/div><div class=\"fusion-clearfix\"><\/div><\/div><\/div><div class=\"fusion-layout-column fusion_builder_column fusion-builder-column-1 fusion_builder_column_1_1 1_1 fusion-one-full fusion-column-first fusion-column-last\" style=\"--awb-bg-size:cover;\"><div class=\"fusion-column-wrapper fusion-flex-column-wrapper-legacy\"><div class=\"fusion-recent-posts fusion-recent-posts-1 avada-container layout-default layout-columns-4\"><section class=\"fusion-columns columns fusion-columns-4 columns-4\"><article class=\"post fusion-column column col col-lg-3 col-md-3 col-sm-3\"><div class=\"fusion-flexslider fusion-flexslider-loading flexslider flexslider-hover-type-zoomin\"><ul class=\"slides\"><li><a href=\"https:\/\/doktorvolt.pl\/de\/angebot\/stromverteiler\/set-serie\/staender-fuer-baustromverteiler-gestell\/\" aria-label=\"St\u00e4nder f\u00fcr Baustromverteiler Gestell DV-8041-ST\" class=\"hover-type-zoomin\"><img decoding=\"async\" width=\"1000\" height=\"1000\" src=\"https:\/\/doktorvolt.pl\/wp-content\/uploads\/2023\/01\/nowy1.jpg\" class=\"attachment-full size-full\" alt=\"\" srcset=\"https:\/\/doktorvolt.pl\/wp-content\/uploads\/2023\/01\/nowy1-200x200.jpg 200w, https:\/\/doktorvolt.pl\/wp-content\/uploads\/2023\/01\/nowy1-400x400.jpg 400w, https:\/\/doktorvolt.pl\/wp-content\/uploads\/2023\/01\/nowy1-600x600.jpg 600w, https:\/\/doktorvolt.pl\/wp-content\/uploads\/2023\/01\/nowy1-800x800.jpg 800w, https:\/\/doktorvolt.pl\/wp-content\/uploads\/2023\/01\/nowy1.jpg 1000w\" sizes=\"(min-width: 2200px) 100vw, (min-width: 916px) 270px, (min-width: 824px) 360px, (min-width: 732px) 540px, (min-width: 640px) 732px, \" \/><\/a><\/li><\/ul><\/div><div class=\"recent-posts-content\"><span class=\"vcard\" style=\"display: none;\"><span class=\"fn\"><a href=\"\" title=\"Beitr\u00e4ge von \" rel=\"author\"><\/a><\/span><\/span><span class=\"updated\" style=\"display:none;\">2025-09-08T15:16:50+02:00<\/span><h4 class=\"entry-title\"><a href=\"https:\/\/doktorvolt.pl\/de\/angebot\/stromverteiler\/set-serie\/staender-fuer-baustromverteiler-gestell\/\">St\u00e4nder f\u00fcr Baustromverteiler Gestell DV-8041-ST<\/a><\/h4><\/div><\/article><article class=\"post fusion-column column col col-lg-3 col-md-3 col-sm-3\"><div class=\"fusion-flexslider fusion-flexslider-loading flexslider flexslider-hover-type-zoomin\"><ul class=\"slides\"><li><a href=\"https:\/\/doktorvolt.pl\/de\/angebot\/stromverteiler\/set-serie\/staender-fuer-td-stromverteiler-rot-stahlgestell\/\" aria-label=\"St\u00e4nder f\u00fcr TD Stromverteiler rot Stahlgestell DV-6092-ST\" class=\"hover-type-zoomin\"><img decoding=\"async\" width=\"800\" height=\"800\" src=\"https:\/\/doktorvolt.pl\/wp-content\/uploads\/2021\/06\/stojak-wolnostojacy-do-rozdzielnic-td-doktorvolt-6092.png\" class=\"attachment-full size-full\" alt=\"\" srcset=\"https:\/\/doktorvolt.pl\/wp-content\/uploads\/2021\/06\/stojak-wolnostojacy-do-rozdzielnic-td-doktorvolt-6092-200x200.png 200w, https:\/\/doktorvolt.pl\/wp-content\/uploads\/2021\/06\/stojak-wolnostojacy-do-rozdzielnic-td-doktorvolt-6092-400x400.png 400w, https:\/\/doktorvolt.pl\/wp-content\/uploads\/2021\/06\/stojak-wolnostojacy-do-rozdzielnic-td-doktorvolt-6092-600x600.png 600w, https:\/\/doktorvolt.pl\/wp-content\/uploads\/2021\/06\/stojak-wolnostojacy-do-rozdzielnic-td-doktorvolt-6092.png 800w\" sizes=\"(min-width: 2200px) 100vw, (min-width: 916px) 270px, (min-width: 824px) 360px, (min-width: 732px) 540px, (min-width: 640px) 732px, \" \/><\/a><\/li><\/ul><\/div><div class=\"recent-posts-content\"><span class=\"vcard\" style=\"display: none;\"><span class=\"fn\"><a href=\"\" title=\"Beitr\u00e4ge von \" rel=\"author\"><\/a><\/span><\/span><span class=\"updated\" style=\"display:none;\">2025-09-08T15:16:49+02:00<\/span><h4 class=\"entry-title\"><a href=\"https:\/\/doktorvolt.pl\/de\/angebot\/stromverteiler\/set-serie\/staender-fuer-td-stromverteiler-rot-stahlgestell\/\">St\u00e4nder f\u00fcr TD Stromverteiler rot Stahlgestell DV-6092-ST<\/a><\/h4><\/div><\/article><article class=\"post fusion-column column col col-lg-3 col-md-3 col-sm-3\"><div class=\"fusion-flexslider fusion-flexslider-loading flexslider flexslider-hover-type-zoomin\"><ul class=\"slides\"><li><a href=\"https:\/\/doktorvolt.pl\/de\/angebot\/stromverteiler\/set-serie\/staender-fuer-ext-stromverteiler-gestell-stahlgestell-auf-raedern\/\" aria-label=\"St\u00e4nder f\u00fcr eXT Stromverteiler Gestell Stahlgestell auf R\u00e4dern DV-6108-ST\" class=\"hover-type-zoomin\"><img decoding=\"async\" width=\"800\" height=\"800\" src=\"https:\/\/doktorvolt.pl\/wp-content\/uploads\/2021\/06\/stojak-na-kolkach-do-rozdzielnic-ext-doktorvolt-6108-6.png\" class=\"attachment-full size-full\" alt=\"\" srcset=\"https:\/\/doktorvolt.pl\/wp-content\/uploads\/2021\/06\/stojak-na-kolkach-do-rozdzielnic-ext-doktorvolt-6108-6-200x200.png 200w, https:\/\/doktorvolt.pl\/wp-content\/uploads\/2021\/06\/stojak-na-kolkach-do-rozdzielnic-ext-doktorvolt-6108-6-400x400.png 400w, https:\/\/doktorvolt.pl\/wp-content\/uploads\/2021\/06\/stojak-na-kolkach-do-rozdzielnic-ext-doktorvolt-6108-6-600x600.png 600w, https:\/\/doktorvolt.pl\/wp-content\/uploads\/2021\/06\/stojak-na-kolkach-do-rozdzielnic-ext-doktorvolt-6108-6.png 800w\" sizes=\"(min-width: 2200px) 100vw, (min-width: 916px) 270px, (min-width: 824px) 360px, (min-width: 732px) 540px, (min-width: 640px) 732px, \" \/><\/a><\/li><\/ul><\/div><div class=\"recent-posts-content\"><span class=\"vcard\" style=\"display: none;\"><span class=\"fn\"><a href=\"\" title=\"Beitr\u00e4ge von \" rel=\"author\"><\/a><\/span><\/span><span class=\"updated\" style=\"display:none;\">2025-09-08T15:16:47+02:00<\/span><h4 class=\"entry-title\"><a href=\"https:\/\/doktorvolt.pl\/de\/angebot\/stromverteiler\/set-serie\/staender-fuer-ext-stromverteiler-gestell-stahlgestell-auf-raedern\/\">St\u00e4nder f\u00fcr eXT Stromverteiler Gestell Stahlgestell auf R\u00e4dern DV-6108-ST<\/a><\/h4><\/div><\/article><article class=\"post fusion-column column col col-lg-3 col-md-3 col-sm-3\"><div class=\"fusion-flexslider fusion-flexslider-loading flexslider flexslider-hover-type-zoomin\"><ul class=\"slides\"><li><a href=\"https:\/\/doktorvolt.pl\/de\/angebot\/stromverteiler\/set-serie\/staender-fuer-stromverteiler-td-mobil-rot-stahlgestell-metallstaender\/\" aria-label=\"St\u00e4nder f\u00fcr Stromverteiler TD mobil rot Stahlgestell Metallst\u00e4nder DV-6078-ST\" class=\"hover-type-zoomin\"><img decoding=\"async\" width=\"800\" height=\"800\" src=\"https:\/\/doktorvolt.pl\/wp-content\/uploads\/2021\/06\/stalowy-przenosny-stojak-do-rozdzielnic-doktorvolt-9.png\" class=\"attachment-full size-full\" alt=\"\" srcset=\"https:\/\/doktorvolt.pl\/wp-content\/uploads\/2021\/06\/stalowy-przenosny-stojak-do-rozdzielnic-doktorvolt-9-200x200.png 200w, https:\/\/doktorvolt.pl\/wp-content\/uploads\/2021\/06\/stalowy-przenosny-stojak-do-rozdzielnic-doktorvolt-9-400x400.png 400w, https:\/\/doktorvolt.pl\/wp-content\/uploads\/2021\/06\/stalowy-przenosny-stojak-do-rozdzielnic-doktorvolt-9-600x600.png 600w, https:\/\/doktorvolt.pl\/wp-content\/uploads\/2021\/06\/stalowy-przenosny-stojak-do-rozdzielnic-doktorvolt-9.png 800w\" sizes=\"(min-width: 2200px) 100vw, (min-width: 916px) 270px, (min-width: 824px) 360px, (min-width: 732px) 540px, (min-width: 640px) 732px, \" \/><\/a><\/li><\/ul><\/div><div class=\"recent-posts-content\"><span class=\"vcard\" style=\"display: none;\"><span class=\"fn\"><a href=\"\" title=\"Beitr\u00e4ge von \" rel=\"author\"><\/a><\/span><\/span><span class=\"updated\" style=\"display:none;\">2025-09-08T15:16:46+02:00<\/span><h4 class=\"entry-title\"><a href=\"https:\/\/doktorvolt.pl\/de\/angebot\/stromverteiler\/set-serie\/staender-fuer-stromverteiler-td-mobil-rot-stahlgestell-metallstaender\/\">St\u00e4nder f\u00fcr Stromverteiler TD mobil rot Stahlgestell Metallst\u00e4nder DV-6078-ST<\/a><\/h4><\/div><\/article><article class=\"post fusion-column column col col-lg-3 col-md-3 col-sm-3\"><div class=\"fusion-flexslider fusion-flexslider-loading flexslider flexslider-hover-type-zoomin\"><ul class=\"slides\"><li><a href=\"https:\/\/doktorvolt.pl\/de\/angebot\/stromverteiler\/set-serie\/staender-fuer-stromverteiler-gestell-stellage-freistehend\/\" aria-label=\"St\u00e4nder f\u00fcr Stromverteiler Gestell Stellage Freistehend DV-6085-ST\" class=\"hover-type-zoomin\"><img decoding=\"async\" width=\"800\" height=\"800\" src=\"https:\/\/doktorvolt.pl\/wp-content\/uploads\/2021\/06\/stojak-wolnostojacy-do-rozdzielnic-doktorvolt-6085-2.png\" class=\"attachment-full size-full\" alt=\"\" srcset=\"https:\/\/doktorvolt.pl\/wp-content\/uploads\/2021\/06\/stojak-wolnostojacy-do-rozdzielnic-doktorvolt-6085-2-200x200.png 200w, https:\/\/doktorvolt.pl\/wp-content\/uploads\/2021\/06\/stojak-wolnostojacy-do-rozdzielnic-doktorvolt-6085-2-400x400.png 400w, https:\/\/doktorvolt.pl\/wp-content\/uploads\/2021\/06\/stojak-wolnostojacy-do-rozdzielnic-doktorvolt-6085-2-600x600.png 600w, https:\/\/doktorvolt.pl\/wp-content\/uploads\/2021\/06\/stojak-wolnostojacy-do-rozdzielnic-doktorvolt-6085-2.png 800w\" sizes=\"(min-width: 2200px) 100vw, (min-width: 916px) 270px, (min-width: 824px) 360px, (min-width: 732px) 540px, (min-width: 640px) 732px, \" \/><\/a><\/li><\/ul><\/div><div class=\"recent-posts-content\"><span class=\"vcard\" style=\"display: none;\"><span class=\"fn\"><a href=\"\" title=\"Beitr\u00e4ge von \" rel=\"author\"><\/a><\/span><\/span><span class=\"updated\" style=\"display:none;\">2025-09-08T15:16:44+02:00<\/span><h4 class=\"entry-title\"><a href=\"https:\/\/doktorvolt.pl\/de\/angebot\/stromverteiler\/set-serie\/staender-fuer-stromverteiler-gestell-stellage-freistehend\/\">St\u00e4nder f\u00fcr Stromverteiler Gestell Stellage Freistehend DV-6085-ST<\/a><\/h4><\/div><\/article><\/section><\/div><div class=\"fusion-clearfix\"><\/div><\/div><\/div><\/div><\/div>\n","protected":false},"excerpt":{"rendered":"","protected":false},"author":15,"featured_media":22478,"parent":6619,"menu_order":0,"comment_status":"closed","ping_status":"closed","template":"100-width.php","meta":{"footnotes":""},"categories":[],"tags":[],"class_list":["post-78952","page","type-page","status-publish","has-post-thumbnail","hentry"],"yoast_head":"<!-- This site is optimized with the Yoast SEO plugin v27.0 - https:\/\/yoast.com\/product\/yoast-seo-wordpress\/ -->\n<title>METALLST\u00c4NDER F\u00dcR STROMVERTEILER - DOKTORVOLT\u00ae<\/title>\n<meta name=\"robots\" content=\"index, follow, max-snippet:-1, max-image-preview:large, max-video-preview:-1\" \/>\n<link rel=\"canonical\" href=\"https:\/\/doktorvolt.pl\/de\/angebot\/zubehoer\/metallstaender-fuer-stromverteiler\/\" \/>\n<meta property=\"og:locale\" content=\"de_DE\" \/>\n<meta property=\"og:type\" content=\"article\" \/>\n<meta property=\"og:title\" content=\"METALLST\u00c4NDER F\u00dcR STROMVERTEILER - DOKTORVOLT\u00ae\" \/>\n<meta property=\"og:url\" content=\"https:\/\/doktorvolt.pl\/de\/angebot\/zubehoer\/metallstaender-fuer-stromverteiler\/\" \/>\n<meta property=\"og:site_name\" content=\"DOKTORVOLT\u00ae\" \/>\n<meta property=\"article:modified_time\" content=\"2025-07-30T07:08:43+00:00\" \/>\n<meta property=\"og:image\" content=\"https:\/\/doktorvolt.pl\/wp-content\/uploads\/2021\/06\/stojaki.jpg\" \/>\n\t<meta property=\"og:image:width\" content=\"800\" \/>\n\t<meta property=\"og:image:height\" content=\"574\" \/>\n\t<meta property=\"og:image:type\" content=\"image\/jpeg\" \/>\n<meta name=\"twitter:card\" content=\"summary_large_image\" \/>\n<meta name=\"twitter:label1\" content=\"Gesch\u00e4tzte Lesezeit\" \/>\n\t<meta name=\"twitter:data1\" content=\"2\u00a0Minuten\" \/>\n<script type=\"application\/ld+json\" class=\"yoast-schema-graph\">{\"@context\":\"https:\/\/schema.org\",\"@graph\":[{\"@type\":\"WebPage\",\"@id\":\"https:\/\/doktorvolt.pl\/de\/angebot\/zubehoer\/metallstaender-fuer-stromverteiler\/\",\"url\":\"https:\/\/doktorvolt.pl\/de\/angebot\/zubehoer\/metallstaender-fuer-stromverteiler\/\",\"name\":\"METALLST\u00c4NDER F\u00dcR STROMVERTEILER - DOKTORVOLT\u00ae\",\"isPartOf\":{\"@id\":\"https:\/\/doktorvolt.pl\/de\/#website\"},\"primaryImageOfPage\":{\"@id\":\"https:\/\/doktorvolt.pl\/de\/angebot\/zubehoer\/metallstaender-fuer-stromverteiler\/#primaryimage\"},\"image\":{\"@id\":\"https:\/\/doktorvolt.pl\/de\/angebot\/zubehoer\/metallstaender-fuer-stromverteiler\/#primaryimage\"},\"thumbnailUrl\":\"https:\/\/doktorvolt.pl\/wp-content\/uploads\/2021\/06\/stojaki.jpg\",\"datePublished\":\"2025-02-26T07:42:24+00:00\",\"dateModified\":\"2025-07-30T07:08:43+00:00\",\"breadcrumb\":{\"@id\":\"https:\/\/doktorvolt.pl\/de\/angebot\/zubehoer\/metallstaender-fuer-stromverteiler\/#breadcrumb\"},\"inLanguage\":\"de\",\"potentialAction\":[{\"@type\":\"ReadAction\",\"target\":[\"https:\/\/doktorvolt.pl\/de\/angebot\/zubehoer\/metallstaender-fuer-stromverteiler\/\"]}]},{\"@type\":\"ImageObject\",\"inLanguage\":\"de\",\"@id\":\"https:\/\/doktorvolt.pl\/de\/angebot\/zubehoer\/metallstaender-fuer-stromverteiler\/#primaryimage\",\"url\":\"https:\/\/doktorvolt.pl\/wp-content\/uploads\/2021\/06\/stojaki.jpg\",\"contentUrl\":\"https:\/\/doktorvolt.pl\/wp-content\/uploads\/2021\/06\/stojaki.jpg\",\"width\":800,\"height\":574},{\"@type\":\"BreadcrumbList\",\"@id\":\"https:\/\/doktorvolt.pl\/de\/angebot\/zubehoer\/metallstaender-fuer-stromverteiler\/#breadcrumb\",\"itemListElement\":[{\"@type\":\"ListItem\",\"position\":1,\"name\":\"Strona g\u0142\u00f3wna\",\"item\":\"https:\/\/doktorvolt.pl\/de\/\"},{\"@type\":\"ListItem\",\"position\":2,\"name\":\"ANGEBOT\",\"item\":\"https:\/\/doktorvolt.pl\/de\/angebot\/\"},{\"@type\":\"ListItem\",\"position\":3,\"name\":\"ZUBEH\u00d6R\",\"item\":\"https:\/\/doktorvolt.pl\/de\/angebot\/zubehoer\/\"},{\"@type\":\"ListItem\",\"position\":4,\"name\":\"METALLST\u00c4NDER F\u00dcR STROMVERTEILER\"}]},{\"@type\":\"WebSite\",\"@id\":\"https:\/\/doktorvolt.pl\/de\/#website\",\"url\":\"https:\/\/doktorvolt.pl\/de\/\",\"name\":\"DOKTORVOLT\u00ae\",\"description\":\"Producent rozdzielnic budowlanych\",\"publisher\":{\"@id\":\"https:\/\/doktorvolt.pl\/de\/#organization\"},\"potentialAction\":[{\"@type\":\"SearchAction\",\"target\":{\"@type\":\"EntryPoint\",\"urlTemplate\":\"https:\/\/doktorvolt.pl\/de\/?s={search_term_string}\"},\"query-input\":{\"@type\":\"PropertyValueSpecification\",\"valueRequired\":true,\"valueName\":\"search_term_string\"}}],\"inLanguage\":\"de\"},{\"@type\":\"Organization\",\"@id\":\"https:\/\/doktorvolt.pl\/de\/#organization\",\"name\":\"DOKTORVOLT\u00ae\",\"url\":\"https:\/\/doktorvolt.pl\/de\/\",\"logo\":{\"@type\":\"ImageObject\",\"inLanguage\":\"de\",\"@id\":\"https:\/\/doktorvolt.pl\/de\/#\/schema\/logo\/image\/\",\"url\":\"https:\/\/doktorvolt.pl\/wp-content\/uploads\/2023\/10\/DoktorVOLT-black-png.png\",\"contentUrl\":\"https:\/\/doktorvolt.pl\/wp-content\/uploads\/2023\/10\/DoktorVOLT-black-png.png\",\"width\":729,\"height\":40,\"caption\":\"DOKTORVOLT\u00ae\"},\"image\":{\"@id\":\"https:\/\/doktorvolt.pl\/de\/#\/schema\/logo\/image\/\"}}]}<\/script>\n<!-- \/ Yoast SEO plugin. -->","yoast_head_json":{"title":"METALLST\u00c4NDER F\u00dcR STROMVERTEILER - DOKTORVOLT\u00ae","robots":{"index":"index","follow":"follow","max-snippet":"max-snippet:-1","max-image-preview":"max-image-preview:large","max-video-preview":"max-video-preview:-1"},"canonical":"https:\/\/doktorvolt.pl\/de\/angebot\/zubehoer\/metallstaender-fuer-stromverteiler\/","og_locale":"de_DE","og_type":"article","og_title":"METALLST\u00c4NDER F\u00dcR STROMVERTEILER - DOKTORVOLT\u00ae","og_url":"https:\/\/doktorvolt.pl\/de\/angebot\/zubehoer\/metallstaender-fuer-stromverteiler\/","og_site_name":"DOKTORVOLT\u00ae","article_modified_time":"2025-07-30T07:08:43+00:00","og_image":[{"width":800,"height":574,"url":"https:\/\/doktorvolt.pl\/wp-content\/uploads\/2021\/06\/stojaki.jpg","type":"image\/jpeg"}],"twitter_card":"summary_large_image","twitter_misc":{"Gesch\u00e4tzte Lesezeit":"2\u00a0Minuten"},"schema":{"@context":"https:\/\/schema.org","@graph":[{"@type":"WebPage","@id":"https:\/\/doktorvolt.pl\/de\/angebot\/zubehoer\/metallstaender-fuer-stromverteiler\/","url":"https:\/\/doktorvolt.pl\/de\/angebot\/zubehoer\/metallstaender-fuer-stromverteiler\/","name":"METALLST\u00c4NDER F\u00dcR STROMVERTEILER - DOKTORVOLT\u00ae","isPartOf":{"@id":"https:\/\/doktorvolt.pl\/de\/#website"},"primaryImageOfPage":{"@id":"https:\/\/doktorvolt.pl\/de\/angebot\/zubehoer\/metallstaender-fuer-stromverteiler\/#primaryimage"},"image":{"@id":"https:\/\/doktorvolt.pl\/de\/angebot\/zubehoer\/metallstaender-fuer-stromverteiler\/#primaryimage"},"thumbnailUrl":"https:\/\/doktorvolt.pl\/wp-content\/uploads\/2021\/06\/stojaki.jpg","datePublished":"2025-02-26T07:42:24+00:00","dateModified":"2025-07-30T07:08:43+00:00","breadcrumb":{"@id":"https:\/\/doktorvolt.pl\/de\/angebot\/zubehoer\/metallstaender-fuer-stromverteiler\/#breadcrumb"},"inLanguage":"de","potentialAction":[{"@type":"ReadAction","target":["https:\/\/doktorvolt.pl\/de\/angebot\/zubehoer\/metallstaender-fuer-stromverteiler\/"]}]},{"@type":"ImageObject","inLanguage":"de","@id":"https:\/\/doktorvolt.pl\/de\/angebot\/zubehoer\/metallstaender-fuer-stromverteiler\/#primaryimage","url":"https:\/\/doktorvolt.pl\/wp-content\/uploads\/2021\/06\/stojaki.jpg","contentUrl":"https:\/\/doktorvolt.pl\/wp-content\/uploads\/2021\/06\/stojaki.jpg","width":800,"height":574},{"@type":"BreadcrumbList","@id":"https:\/\/doktorvolt.pl\/de\/angebot\/zubehoer\/metallstaender-fuer-stromverteiler\/#breadcrumb","itemListElement":[{"@type":"ListItem","position":1,"name":"Strona g\u0142\u00f3wna","item":"https:\/\/doktorvolt.pl\/de\/"},{"@type":"ListItem","position":2,"name":"ANGEBOT","item":"https:\/\/doktorvolt.pl\/de\/angebot\/"},{"@type":"ListItem","position":3,"name":"ZUBEH\u00d6R","item":"https:\/\/doktorvolt.pl\/de\/angebot\/zubehoer\/"},{"@type":"ListItem","position":4,"name":"METALLST\u00c4NDER F\u00dcR STROMVERTEILER"}]},{"@type":"WebSite","@id":"https:\/\/doktorvolt.pl\/de\/#website","url":"https:\/\/doktorvolt.pl\/de\/","name":"DOKTORVOLT\u00ae","description":"Producent rozdzielnic budowlanych","publisher":{"@id":"https:\/\/doktorvolt.pl\/de\/#organization"},"potentialAction":[{"@type":"SearchAction","target":{"@type":"EntryPoint","urlTemplate":"https:\/\/doktorvolt.pl\/de\/?s={search_term_string}"},"query-input":{"@type":"PropertyValueSpecification","valueRequired":true,"valueName":"search_term_string"}}],"inLanguage":"de"},{"@type":"Organization","@id":"https:\/\/doktorvolt.pl\/de\/#organization","name":"DOKTORVOLT\u00ae","url":"https:\/\/doktorvolt.pl\/de\/","logo":{"@type":"ImageObject","inLanguage":"de","@id":"https:\/\/doktorvolt.pl\/de\/#\/schema\/logo\/image\/","url":"https:\/\/doktorvolt.pl\/wp-content\/uploads\/2023\/10\/DoktorVOLT-black-png.png","contentUrl":"https:\/\/doktorvolt.pl\/wp-content\/uploads\/2023\/10\/DoktorVOLT-black-png.png","width":729,"height":40,"caption":"DOKTORVOLT\u00ae"},"image":{"@id":"https:\/\/doktorvolt.pl\/de\/#\/schema\/logo\/image\/"}}]}},"_links":{"self":[{"href":"https:\/\/doktorvolt.pl\/de\/wp-json\/wp\/v2\/pages\/78952","targetHints":{"allow":["GET"]}}],"collection":[{"href":"https:\/\/doktorvolt.pl\/de\/wp-json\/wp\/v2\/pages"}],"about":[{"href":"https:\/\/doktorvolt.pl\/de\/wp-json\/wp\/v2\/types\/page"}],"author":[{"embeddable":true,"href":"https:\/\/doktorvolt.pl\/de\/wp-json\/wp\/v2\/users\/15"}],"replies":[{"embeddable":true,"href":"https:\/\/doktorvolt.pl\/de\/wp-json\/wp\/v2\/comments?post=78952"}],"version-history":[{"count":3,"href":"https:\/\/doktorvolt.pl\/de\/wp-json\/wp\/v2\/pages\/78952\/revisions"}],"predecessor-version":[{"id":82054,"href":"https:\/\/doktorvolt.pl\/de\/wp-json\/wp\/v2\/pages\/78952\/revisions\/82054"}],"up":[{"embeddable":true,"href":"https:\/\/doktorvolt.pl\/de\/wp-json\/wp\/v2\/pages\/6619"}],"wp:featuredmedia":[{"embeddable":true,"href":"https:\/\/doktorvolt.pl\/de\/wp-json\/wp\/v2\/media\/22478"}],"wp:attachment":[{"href":"https:\/\/doktorvolt.pl\/de\/wp-json\/wp\/v2\/media?parent=78952"}],"wp:term":[{"taxonomy":"category","embeddable":true,"href":"https:\/\/doktorvolt.pl\/de\/wp-json\/wp\/v2\/categories?post=78952"},{"taxonomy":"post_tag","embeddable":true,"href":"https:\/\/doktorvolt.pl\/de\/wp-json\/wp\/v2\/tags?post=78952"}],"curies":[{"name":"wp","href":"https:\/\/api.w.org\/{rel}","templated":true}]}}