{"id":78959,"date":"2025-07-14T09:02:28","date_gmt":"2025-07-14T08:02:28","guid":{"rendered":"https:\/\/doktorvolt.pl\/angebot\/zubehoer\/budowa-remont-narzedzia\/"},"modified":"2025-08-11T09:17:38","modified_gmt":"2025-08-11T08:17:38","slug":"bau-heimwerken-werkzeuge","status":"publish","type":"page","link":"https:\/\/doktorvolt.pl\/de\/angebot\/zubehoer\/bau-heimwerken-werkzeuge\/","title":{"rendered":"BAU, HEIMWERKEN, WERKZEUGE"},"content":{"rendered":"<p><div class=\"fusion-fullwidth fullwidth-box fusion-builder-row-1 nonhundred-percent-fullwidth non-hundred-percent-height-scrolling\" style=\"--awb-border-radius-top-left:0px;--awb-border-radius-top-right:0px;--awb-border-radius-bottom-right:0px;--awb-border-radius-bottom-left:0px;--awb-flex-wrap:wrap;\" ><div class=\"fusion-builder-row fusion-row\"><div class=\"fusion-layout-column fusion_builder_column fusion-builder-column-0 fusion_builder_column_1_1 1_1 fusion-one-full fusion-column-first fusion-column-last\" style=\"--awb-bg-size:cover;\"><div class=\"fusion-column-wrapper fusion-flex-column-wrapper-legacy\"><div class=\"fusion-title title fusion-title-1 fusion-sep-none fusion-title-center fusion-title-text fusion-title-size-two\" style=\"--awb-margin-bottom:20px;\"><h2 class=\"fusion-title-heading title-heading-center fusion-responsive-typography-calculated\" style=\"margin:0;--fontSize:40;line-height:1.3;\">BAU, HEIMWERKEN, WERKZEUGE<\/h2><\/div><div class=\"fusion-text fusion-text-1\"><p style=\"text-align: center;\"><span style=\"font-weight: 400;\">In der Kategorie finden Sie eine gro\u00dfe Auswahl an Produkten, die f\u00fcr Installations-, Ausbau- und Wartungsarbeiten notwendig sind. Hier finden Sie professionelle Hand- und Elektrowerkzeuge, Montagezubeh\u00f6r und Ger\u00e4te, die Ihnen die t\u00e4gliche Arbeit auf der Baustelle und in der Werkstatt erleichtern.\u00a0<\/span><\/p>\n<\/div><div class=\"fusion-clearfix\"><\/div><\/div><\/div><\/div><\/div><div class=\"fusion-fullwidth fullwidth-box fusion-builder-row-2 fusion-flex-container nonhundred-percent-fullwidth non-hundred-percent-height-scrolling\" style=\"--awb-border-radius-top-left:0px;--awb-border-radius-top-right:0px;--awb-border-radius-bottom-right:0px;--awb-border-radius-bottom-left:0px;--awb-flex-wrap:wrap;\" ><div class=\"fusion-builder-row fusion-row fusion-flex-align-items-flex-start fusion-flex-content-wrap\" style=\"max-width:1216.8px;margin-left: calc(-4% \/ 2 );margin-right: calc(-4% \/ 2 );\"><div class=\"fusion-layout-column fusion_builder_column fusion-builder-column-1 fusion_builder_column_1_2 1_2 fusion-flex-column\" style=\"--awb-bg-size:cover;--awb-width-large:50%;--awb-margin-top-large:0px;--awb-spacing-right-large:3.84%;--awb-margin-bottom-large:20px;--awb-spacing-left-large:3.84%;--awb-width-medium:100%;--awb-order-medium:0;--awb-spacing-right-medium:1.92%;--awb-spacing-left-medium:1.92%;--awb-width-small:100%;--awb-order-small:0;--awb-spacing-right-small:1.92%;--awb-spacing-left-small:1.92%;\"><div class=\"fusion-column-wrapper fusion-column-has-shadow fusion-flex-justify-content-flex-start fusion-content-layout-column\"><div class=\"fusion-image-element \" style=\"--awb-caption-title-font-family:var(--h2_typography-font-family);--awb-caption-title-font-weight:var(--h2_typography-font-weight);--awb-caption-title-font-style:var(--h2_typography-font-style);--awb-caption-title-size:var(--h2_typography-font-size);--awb-caption-title-transform:var(--h2_typography-text-transform);--awb-caption-title-line-height:var(--h2_typography-line-height);--awb-caption-title-letter-spacing:var(--h2_typography-letter-spacing);\"><span class=\" fusion-imageframe imageframe-none imageframe-1 hover-type-zoomin\"><a class=\"fusion-no-lightbox\" href=\"https:\/\/doktorvolt.pl\/de\/angebot\/zubehoer\/bau-heimwerken-werkzeuge\/arbeitskleidung\/\" target=\"_self\" aria-label=\"pol_pl_Spodnie-robocze-245-g-m2-R54-WZMOCNIONE-NIEBIESKO-CZARNE-Doktorvolt-2117-13268_11\"><img decoding=\"async\" width=\"1333\" height=\"1000\" src=\"https:\/\/doktorvolt.pl\/wp-content\/uploads\/2025\/07\/pol_pl_Spodnie-robocze-245-g-m2-R54-WZMOCNIONE-NIEBIESKO-CZARNE-Doktorvolt-2117-13268_11.jpg\" alt class=\"img-responsive wp-image-78957\" srcset=\"https:\/\/doktorvolt.pl\/wp-content\/uploads\/2025\/07\/pol_pl_Spodnie-robocze-245-g-m2-R54-WZMOCNIONE-NIEBIESKO-CZARNE-Doktorvolt-2117-13268_11-200x150.jpg 200w, https:\/\/doktorvolt.pl\/wp-content\/uploads\/2025\/07\/pol_pl_Spodnie-robocze-245-g-m2-R54-WZMOCNIONE-NIEBIESKO-CZARNE-Doktorvolt-2117-13268_11-400x300.jpg 400w, https:\/\/doktorvolt.pl\/wp-content\/uploads\/2025\/07\/pol_pl_Spodnie-robocze-245-g-m2-R54-WZMOCNIONE-NIEBIESKO-CZARNE-Doktorvolt-2117-13268_11-600x450.jpg 600w, https:\/\/doktorvolt.pl\/wp-content\/uploads\/2025\/07\/pol_pl_Spodnie-robocze-245-g-m2-R54-WZMOCNIONE-NIEBIESKO-CZARNE-Doktorvolt-2117-13268_11-800x600.jpg 800w, https:\/\/doktorvolt.pl\/wp-content\/uploads\/2025\/07\/pol_pl_Spodnie-robocze-245-g-m2-R54-WZMOCNIONE-NIEBIESKO-CZARNE-Doktorvolt-2117-13268_11-1200x900.jpg 1200w, https:\/\/doktorvolt.pl\/wp-content\/uploads\/2025\/07\/pol_pl_Spodnie-robocze-245-g-m2-R54-WZMOCNIONE-NIEBIESKO-CZARNE-Doktorvolt-2117-13268_11.jpg 1333w\" sizes=\"(max-width: 1024px) 100vw, (max-width: 640px) 100vw, 600px\" \/><\/a><\/span><\/div><div class=\"fusion-separator fusion-full-width-sep\" style=\"align-self: center;margin-left: auto;margin-right: auto;margin-top:30px;width:100%;\"><\/div><div style=\"text-align:center;\"><a class=\"fusion-button button-flat button-large button-default fusion-button-default button-1 fusion-button-default-span fusion-button-default-type\" target=\"_self\" href=\"https:\/\/doktorvolt.pl\/de\/angebot\/zubehoer\/bau-heimwerken-werkzeuge\/arbeitskleidung\/\"><span class=\"fusion-button-text awb-button__text awb-button__text--default\">ARBEITSBEKLEIDUNG<\/span><\/a><\/div><\/div><\/div><div class=\"fusion-layout-column fusion_builder_column fusion-builder-column-2 fusion_builder_column_1_2 1_2 fusion-flex-column\" style=\"--awb-bg-size:cover;--awb-width-large:50%;--awb-margin-top-large:0px;--awb-spacing-right-large:3.84%;--awb-margin-bottom-large:20px;--awb-spacing-left-large:3.84%;--awb-width-medium:100%;--awb-order-medium:0;--awb-spacing-right-medium:1.92%;--awb-spacing-left-medium:1.92%;--awb-width-small:100%;--awb-order-small:0;--awb-spacing-right-small:1.92%;--awb-spacing-left-small:1.92%;\"><div class=\"fusion-column-wrapper fusion-column-has-shadow fusion-flex-justify-content-flex-start fusion-content-layout-column\"><div class=\"fusion-image-element \" style=\"--awb-caption-title-font-family:var(--h2_typography-font-family);--awb-caption-title-font-weight:var(--h2_typography-font-weight);--awb-caption-title-font-style:var(--h2_typography-font-style);--awb-caption-title-size:var(--h2_typography-font-size);--awb-caption-title-transform:var(--h2_typography-text-transform);--awb-caption-title-line-height:var(--h2_typography-line-height);--awb-caption-title-letter-spacing:var(--h2_typography-letter-spacing);\"><span class=\" fusion-imageframe imageframe-none imageframe-2 hover-type-zoomin\"><a class=\"fusion-no-lightbox\" href=\"https:\/\/doktorvolt.pl\/de\/angebot\/zubehoer\/bau-heimwerken-werkzeuge\/eimer-und-moertelkasten\/\" target=\"_self\" aria-label=\"ok\u0142adka\"><img decoding=\"async\" width=\"1333\" height=\"1000\" src=\"https:\/\/doktorvolt.pl\/wp-content\/uploads\/2025\/07\/okladka.png\" alt class=\"img-responsive wp-image-78504\" srcset=\"https:\/\/doktorvolt.pl\/wp-content\/uploads\/2025\/07\/okladka-200x150.png 200w, https:\/\/doktorvolt.pl\/wp-content\/uploads\/2025\/07\/okladka-400x300.png 400w, https:\/\/doktorvolt.pl\/wp-content\/uploads\/2025\/07\/okladka-600x450.png 600w, https:\/\/doktorvolt.pl\/wp-content\/uploads\/2025\/07\/okladka-800x600.png 800w, https:\/\/doktorvolt.pl\/wp-content\/uploads\/2025\/07\/okladka-1200x900.png 1200w, https:\/\/doktorvolt.pl\/wp-content\/uploads\/2025\/07\/okladka.png 1333w\" sizes=\"(max-width: 1024px) 100vw, (max-width: 640px) 100vw, 600px\" \/><\/a><\/span><\/div><div class=\"fusion-separator fusion-full-width-sep\" style=\"align-self: center;margin-left: auto;margin-right: auto;margin-top:30px;width:100%;\"><\/div><div style=\"text-align:center;\"><a class=\"fusion-button button-flat button-large button-default fusion-button-default button-2 fusion-button-default-span fusion-button-default-type\" target=\"_self\" href=\"https:\/\/doktorvolt.pl\/de\/angebot\/zubehoer\/bau-heimwerken-werkzeuge\/eimer-und-moertelkasten\/\"><span class=\"fusion-button-text awb-button__text awb-button__text--default\">EIMER UND M\u00d6RTELKASTEN<\/span><\/a><\/div><\/div><\/div><div class=\"fusion-layout-column fusion_builder_column fusion-builder-column-3 fusion_builder_column_1_2 1_2 fusion-flex-column\" style=\"--awb-bg-size:cover;--awb-width-large:50%;--awb-margin-top-large:0px;--awb-spacing-right-large:3.84%;--awb-margin-bottom-large:20px;--awb-spacing-left-large:3.84%;--awb-width-medium:100%;--awb-order-medium:0;--awb-spacing-right-medium:1.92%;--awb-spacing-left-medium:1.92%;--awb-width-small:100%;--awb-order-small:0;--awb-spacing-right-small:1.92%;--awb-spacing-left-small:1.92%;\"><div class=\"fusion-column-wrapper fusion-column-has-shadow fusion-flex-justify-content-flex-start fusion-content-layout-column\"><div class=\"fusion-image-element \" style=\"--awb-caption-title-font-family:var(--h2_typography-font-family);--awb-caption-title-font-weight:var(--h2_typography-font-weight);--awb-caption-title-font-style:var(--h2_typography-font-style);--awb-caption-title-size:var(--h2_typography-font-size);--awb-caption-title-transform:var(--h2_typography-text-transform);--awb-caption-title-line-height:var(--h2_typography-line-height);--awb-caption-title-letter-spacing:var(--h2_typography-letter-spacing);\"><span class=\" fusion-imageframe imageframe-none imageframe-3 hover-type-zoomin\"><a class=\"fusion-no-lightbox\" href=\"https:\/\/doktorvolt.pl\/de\/angebot\/zubehoer\/bau-heimwerken-werkzeuge\/verkehrleitkegel\/\" target=\"_self\" aria-label=\"OK\u0141ADKA PACHO\u0141KI\"><img decoding=\"async\" width=\"1333\" height=\"1000\" src=\"https:\/\/doktorvolt.pl\/wp-content\/uploads\/2025\/07\/OKLADKA-PACHOLKI.png\" alt class=\"img-responsive wp-image-78652\" srcset=\"https:\/\/doktorvolt.pl\/wp-content\/uploads\/2025\/07\/OKLADKA-PACHOLKI-200x150.png 200w, https:\/\/doktorvolt.pl\/wp-content\/uploads\/2025\/07\/OKLADKA-PACHOLKI-400x300.png 400w, https:\/\/doktorvolt.pl\/wp-content\/uploads\/2025\/07\/OKLADKA-PACHOLKI-600x450.png 600w, https:\/\/doktorvolt.pl\/wp-content\/uploads\/2025\/07\/OKLADKA-PACHOLKI-800x600.png 800w, https:\/\/doktorvolt.pl\/wp-content\/uploads\/2025\/07\/OKLADKA-PACHOLKI-1200x900.png 1200w, https:\/\/doktorvolt.pl\/wp-content\/uploads\/2025\/07\/OKLADKA-PACHOLKI.png 1333w\" sizes=\"(max-width: 1024px) 100vw, (max-width: 640px) 100vw, 600px\" \/><\/a><\/span><\/div><div class=\"fusion-separator fusion-full-width-sep\" style=\"align-self: center;margin-left: auto;margin-right: auto;margin-top:30px;width:100%;\"><\/div><div style=\"text-align:center;\"><a class=\"fusion-button button-flat button-large button-default fusion-button-default button-3 fusion-button-default-span fusion-button-default-type\" target=\"_self\" href=\"https:\/\/doktorvolt.pl\/de\/angebot\/zubehoer\/bau-heimwerken-werkzeuge\/verkehrleitkegel\/\"><span class=\"fusion-button-text awb-button__text awb-button__text--default\">VERKEHRLEITKEGEL<\/span><\/a><\/div><\/div><\/div><div class=\"fusion-layout-column fusion_builder_column fusion-builder-column-4 fusion_builder_column_1_2 1_2 fusion-flex-column\" style=\"--awb-bg-size:cover;--awb-width-large:50%;--awb-margin-top-large:0px;--awb-spacing-right-large:3.84%;--awb-margin-bottom-large:20px;--awb-spacing-left-large:3.84%;--awb-width-medium:100%;--awb-order-medium:0;--awb-spacing-right-medium:1.92%;--awb-spacing-left-medium:1.92%;--awb-width-small:100%;--awb-order-small:0;--awb-spacing-right-small:1.92%;--awb-spacing-left-small:1.92%;\"><div class=\"fusion-column-wrapper fusion-column-has-shadow fusion-flex-justify-content-flex-start fusion-content-layout-column\"><div class=\"fusion-image-element \" style=\"--awb-caption-title-font-family:var(--h2_typography-font-family);--awb-caption-title-font-weight:var(--h2_typography-font-weight);--awb-caption-title-font-style:var(--h2_typography-font-style);--awb-caption-title-size:var(--h2_typography-font-size);--awb-caption-title-transform:var(--h2_typography-text-transform);--awb-caption-title-line-height:var(--h2_typography-line-height);--awb-caption-title-letter-spacing:var(--h2_typography-letter-spacing);\"><span class=\" fusion-imageframe imageframe-none imageframe-4 hover-type-zoomin\"><a class=\"fusion-no-lightbox\" href=\"https:\/\/doktorvolt.pl\/de\/angebot\/zubehoer\/bau-heimwerken-werkzeuge\/stahlbaender-und-stahlklammern\/\" target=\"_self\" aria-label=\"5f1a9523-ff0f-40d4-90dd-b57739649231\"><img decoding=\"async\" width=\"1333\" height=\"1000\" src=\"https:\/\/doktorvolt.pl\/wp-content\/uploads\/2025\/07\/5f1a9523-ff0f-40d4-90dd-b57739649231.png\" alt class=\"img-responsive wp-image-78695\" srcset=\"https:\/\/doktorvolt.pl\/wp-content\/uploads\/2025\/07\/5f1a9523-ff0f-40d4-90dd-b57739649231-200x150.png 200w, https:\/\/doktorvolt.pl\/wp-content\/uploads\/2025\/07\/5f1a9523-ff0f-40d4-90dd-b57739649231-400x300.png 400w, https:\/\/doktorvolt.pl\/wp-content\/uploads\/2025\/07\/5f1a9523-ff0f-40d4-90dd-b57739649231-600x450.png 600w, https:\/\/doktorvolt.pl\/wp-content\/uploads\/2025\/07\/5f1a9523-ff0f-40d4-90dd-b57739649231-800x600.png 800w, https:\/\/doktorvolt.pl\/wp-content\/uploads\/2025\/07\/5f1a9523-ff0f-40d4-90dd-b57739649231-1200x900.png 1200w, https:\/\/doktorvolt.pl\/wp-content\/uploads\/2025\/07\/5f1a9523-ff0f-40d4-90dd-b57739649231.png 1333w\" sizes=\"(max-width: 1024px) 100vw, (max-width: 640px) 100vw, 600px\" \/><\/a><\/span><\/div><div class=\"fusion-separator fusion-full-width-sep\" style=\"align-self: center;margin-left: auto;margin-right: auto;margin-top:30px;width:100%;\"><\/div><div style=\"text-align:center;\"><a class=\"fusion-button button-flat button-large button-default fusion-button-default button-4 fusion-button-default-span fusion-button-default-type\" target=\"_self\" href=\"https:\/\/doktorvolt.pl\/de\/angebot\/zubehoer\/bau-heimwerken-werkzeuge\/stahlbaender-und-stahlklammern\/\"><span class=\"fusion-button-text awb-button__text awb-button__text--default\">STAHLB\u00c4NDER UND STAHLKLAMMERN<\/span><\/a><\/div><\/div><\/div><\/div><\/div><\/p>\n","protected":false},"excerpt":{"rendered":"","protected":false},"author":15,"featured_media":79698,"parent":6619,"menu_order":0,"comment_status":"closed","ping_status":"closed","template":"100-width.php","meta":{"footnotes":""},"categories":[],"tags":[],"class_list":["post-78959","page","type-page","status-publish","has-post-thumbnail","hentry"],"yoast_head":"<!-- This site is optimized with the Yoast SEO plugin v27.0 - https:\/\/yoast.com\/product\/yoast-seo-wordpress\/ -->\n<title>BAU, HEIMWERKEN, WERKZEUGE - DOKTORVOLT\u00ae<\/title>\n<meta name=\"robots\" content=\"index, follow, max-snippet:-1, max-image-preview:large, max-video-preview:-1\" \/>\n<link rel=\"canonical\" href=\"https:\/\/doktorvolt.pl\/de\/angebot\/zubehoer\/bau-heimwerken-werkzeuge\/\" \/>\n<meta property=\"og:locale\" content=\"de_DE\" \/>\n<meta property=\"og:type\" content=\"article\" \/>\n<meta property=\"og:title\" content=\"BAU, HEIMWERKEN, WERKZEUGE - DOKTORVOLT\u00ae\" \/>\n<meta property=\"og:url\" content=\"https:\/\/doktorvolt.pl\/de\/angebot\/zubehoer\/bau-heimwerken-werkzeuge\/\" \/>\n<meta property=\"og:site_name\" content=\"DOKTORVOLT\u00ae\" \/>\n<meta property=\"article:modified_time\" content=\"2025-08-11T08:17:38+00:00\" \/>\n<meta property=\"og:image\" content=\"https:\/\/doktorvolt.pl\/wp-content\/uploads\/2025\/07\/Budowa-remont-narzedzia-1.png\" \/>\n\t<meta property=\"og:image:width\" content=\"600\" \/>\n\t<meta property=\"og:image:height\" content=\"431\" \/>\n\t<meta property=\"og:image:type\" content=\"image\/png\" \/>\n<meta name=\"twitter:card\" content=\"summary_large_image\" \/>\n<meta name=\"twitter:label1\" content=\"Gesch\u00e4tzte Lesezeit\" \/>\n\t<meta name=\"twitter:data1\" content=\"9\u00a0Minuten\" \/>\n<script type=\"application\/ld+json\" class=\"yoast-schema-graph\">{\"@context\":\"https:\/\/schema.org\",\"@graph\":[{\"@type\":\"WebPage\",\"@id\":\"https:\/\/doktorvolt.pl\/de\/angebot\/zubehoer\/bau-heimwerken-werkzeuge\/\",\"url\":\"https:\/\/doktorvolt.pl\/de\/angebot\/zubehoer\/bau-heimwerken-werkzeuge\/\",\"name\":\"BAU, HEIMWERKEN, WERKZEUGE - DOKTORVOLT\u00ae\",\"isPartOf\":{\"@id\":\"https:\/\/doktorvolt.pl\/de\/#website\"},\"primaryImageOfPage\":{\"@id\":\"https:\/\/doktorvolt.pl\/de\/angebot\/zubehoer\/bau-heimwerken-werkzeuge\/#primaryimage\"},\"image\":{\"@id\":\"https:\/\/doktorvolt.pl\/de\/angebot\/zubehoer\/bau-heimwerken-werkzeuge\/#primaryimage\"},\"thumbnailUrl\":\"https:\/\/doktorvolt.pl\/wp-content\/uploads\/2025\/07\/Budowa-remont-narzedzia-1.png\",\"datePublished\":\"2025-07-14T08:02:28+00:00\",\"dateModified\":\"2025-08-11T08:17:38+00:00\",\"breadcrumb\":{\"@id\":\"https:\/\/doktorvolt.pl\/de\/angebot\/zubehoer\/bau-heimwerken-werkzeuge\/#breadcrumb\"},\"inLanguage\":\"de\",\"potentialAction\":[{\"@type\":\"ReadAction\",\"target\":[\"https:\/\/doktorvolt.pl\/de\/angebot\/zubehoer\/bau-heimwerken-werkzeuge\/\"]}]},{\"@type\":\"ImageObject\",\"inLanguage\":\"de\",\"@id\":\"https:\/\/doktorvolt.pl\/de\/angebot\/zubehoer\/bau-heimwerken-werkzeuge\/#primaryimage\",\"url\":\"https:\/\/doktorvolt.pl\/wp-content\/uploads\/2025\/07\/Budowa-remont-narzedzia-1.png\",\"contentUrl\":\"https:\/\/doktorvolt.pl\/wp-content\/uploads\/2025\/07\/Budowa-remont-narzedzia-1.png\",\"width\":600,\"height\":431},{\"@type\":\"BreadcrumbList\",\"@id\":\"https:\/\/doktorvolt.pl\/de\/angebot\/zubehoer\/bau-heimwerken-werkzeuge\/#breadcrumb\",\"itemListElement\":[{\"@type\":\"ListItem\",\"position\":1,\"name\":\"Strona g\u0142\u00f3wna\",\"item\":\"https:\/\/doktorvolt.pl\/de\/\"},{\"@type\":\"ListItem\",\"position\":2,\"name\":\"ANGEBOT\",\"item\":\"https:\/\/doktorvolt.pl\/de\/angebot\/\"},{\"@type\":\"ListItem\",\"position\":3,\"name\":\"ZUBEH\u00d6R\",\"item\":\"https:\/\/doktorvolt.pl\/de\/angebot\/zubehoer\/\"},{\"@type\":\"ListItem\",\"position\":4,\"name\":\"BAU, HEIMWERKEN, WERKZEUGE\"}]},{\"@type\":\"WebSite\",\"@id\":\"https:\/\/doktorvolt.pl\/de\/#website\",\"url\":\"https:\/\/doktorvolt.pl\/de\/\",\"name\":\"DOKTORVOLT\u00ae\",\"description\":\"Producent rozdzielnic budowlanych\",\"publisher\":{\"@id\":\"https:\/\/doktorvolt.pl\/de\/#organization\"},\"potentialAction\":[{\"@type\":\"SearchAction\",\"target\":{\"@type\":\"EntryPoint\",\"urlTemplate\":\"https:\/\/doktorvolt.pl\/de\/?s={search_term_string}\"},\"query-input\":{\"@type\":\"PropertyValueSpecification\",\"valueRequired\":true,\"valueName\":\"search_term_string\"}}],\"inLanguage\":\"de\"},{\"@type\":\"Organization\",\"@id\":\"https:\/\/doktorvolt.pl\/de\/#organization\",\"name\":\"DOKTORVOLT\u00ae\",\"url\":\"https:\/\/doktorvolt.pl\/de\/\",\"logo\":{\"@type\":\"ImageObject\",\"inLanguage\":\"de\",\"@id\":\"https:\/\/doktorvolt.pl\/de\/#\/schema\/logo\/image\/\",\"url\":\"https:\/\/doktorvolt.pl\/wp-content\/uploads\/2023\/10\/DoktorVOLT-black-png.png\",\"contentUrl\":\"https:\/\/doktorvolt.pl\/wp-content\/uploads\/2023\/10\/DoktorVOLT-black-png.png\",\"width\":729,\"height\":40,\"caption\":\"DOKTORVOLT\u00ae\"},\"image\":{\"@id\":\"https:\/\/doktorvolt.pl\/de\/#\/schema\/logo\/image\/\"}}]}<\/script>\n<!-- \/ Yoast SEO plugin. -->","yoast_head_json":{"title":"BAU, HEIMWERKEN, WERKZEUGE - DOKTORVOLT\u00ae","robots":{"index":"index","follow":"follow","max-snippet":"max-snippet:-1","max-image-preview":"max-image-preview:large","max-video-preview":"max-video-preview:-1"},"canonical":"https:\/\/doktorvolt.pl\/de\/angebot\/zubehoer\/bau-heimwerken-werkzeuge\/","og_locale":"de_DE","og_type":"article","og_title":"BAU, HEIMWERKEN, WERKZEUGE - DOKTORVOLT\u00ae","og_url":"https:\/\/doktorvolt.pl\/de\/angebot\/zubehoer\/bau-heimwerken-werkzeuge\/","og_site_name":"DOKTORVOLT\u00ae","article_modified_time":"2025-08-11T08:17:38+00:00","og_image":[{"width":600,"height":431,"url":"https:\/\/doktorvolt.pl\/wp-content\/uploads\/2025\/07\/Budowa-remont-narzedzia-1.png","type":"image\/png"}],"twitter_card":"summary_large_image","twitter_misc":{"Gesch\u00e4tzte Lesezeit":"9\u00a0Minuten"},"schema":{"@context":"https:\/\/schema.org","@graph":[{"@type":"WebPage","@id":"https:\/\/doktorvolt.pl\/de\/angebot\/zubehoer\/bau-heimwerken-werkzeuge\/","url":"https:\/\/doktorvolt.pl\/de\/angebot\/zubehoer\/bau-heimwerken-werkzeuge\/","name":"BAU, HEIMWERKEN, WERKZEUGE - DOKTORVOLT\u00ae","isPartOf":{"@id":"https:\/\/doktorvolt.pl\/de\/#website"},"primaryImageOfPage":{"@id":"https:\/\/doktorvolt.pl\/de\/angebot\/zubehoer\/bau-heimwerken-werkzeuge\/#primaryimage"},"image":{"@id":"https:\/\/doktorvolt.pl\/de\/angebot\/zubehoer\/bau-heimwerken-werkzeuge\/#primaryimage"},"thumbnailUrl":"https:\/\/doktorvolt.pl\/wp-content\/uploads\/2025\/07\/Budowa-remont-narzedzia-1.png","datePublished":"2025-07-14T08:02:28+00:00","dateModified":"2025-08-11T08:17:38+00:00","breadcrumb":{"@id":"https:\/\/doktorvolt.pl\/de\/angebot\/zubehoer\/bau-heimwerken-werkzeuge\/#breadcrumb"},"inLanguage":"de","potentialAction":[{"@type":"ReadAction","target":["https:\/\/doktorvolt.pl\/de\/angebot\/zubehoer\/bau-heimwerken-werkzeuge\/"]}]},{"@type":"ImageObject","inLanguage":"de","@id":"https:\/\/doktorvolt.pl\/de\/angebot\/zubehoer\/bau-heimwerken-werkzeuge\/#primaryimage","url":"https:\/\/doktorvolt.pl\/wp-content\/uploads\/2025\/07\/Budowa-remont-narzedzia-1.png","contentUrl":"https:\/\/doktorvolt.pl\/wp-content\/uploads\/2025\/07\/Budowa-remont-narzedzia-1.png","width":600,"height":431},{"@type":"BreadcrumbList","@id":"https:\/\/doktorvolt.pl\/de\/angebot\/zubehoer\/bau-heimwerken-werkzeuge\/#breadcrumb","itemListElement":[{"@type":"ListItem","position":1,"name":"Strona g\u0142\u00f3wna","item":"https:\/\/doktorvolt.pl\/de\/"},{"@type":"ListItem","position":2,"name":"ANGEBOT","item":"https:\/\/doktorvolt.pl\/de\/angebot\/"},{"@type":"ListItem","position":3,"name":"ZUBEH\u00d6R","item":"https:\/\/doktorvolt.pl\/de\/angebot\/zubehoer\/"},{"@type":"ListItem","position":4,"name":"BAU, HEIMWERKEN, WERKZEUGE"}]},{"@type":"WebSite","@id":"https:\/\/doktorvolt.pl\/de\/#website","url":"https:\/\/doktorvolt.pl\/de\/","name":"DOKTORVOLT\u00ae","description":"Producent rozdzielnic budowlanych","publisher":{"@id":"https:\/\/doktorvolt.pl\/de\/#organization"},"potentialAction":[{"@type":"SearchAction","target":{"@type":"EntryPoint","urlTemplate":"https:\/\/doktorvolt.pl\/de\/?s={search_term_string}"},"query-input":{"@type":"PropertyValueSpecification","valueRequired":true,"valueName":"search_term_string"}}],"inLanguage":"de"},{"@type":"Organization","@id":"https:\/\/doktorvolt.pl\/de\/#organization","name":"DOKTORVOLT\u00ae","url":"https:\/\/doktorvolt.pl\/de\/","logo":{"@type":"ImageObject","inLanguage":"de","@id":"https:\/\/doktorvolt.pl\/de\/#\/schema\/logo\/image\/","url":"https:\/\/doktorvolt.pl\/wp-content\/uploads\/2023\/10\/DoktorVOLT-black-png.png","contentUrl":"https:\/\/doktorvolt.pl\/wp-content\/uploads\/2023\/10\/DoktorVOLT-black-png.png","width":729,"height":40,"caption":"DOKTORVOLT\u00ae"},"image":{"@id":"https:\/\/doktorvolt.pl\/de\/#\/schema\/logo\/image\/"}}]}},"_links":{"self":[{"href":"https:\/\/doktorvolt.pl\/de\/wp-json\/wp\/v2\/pages\/78959","targetHints":{"allow":["GET"]}}],"collection":[{"href":"https:\/\/doktorvolt.pl\/de\/wp-json\/wp\/v2\/pages"}],"about":[{"href":"https:\/\/doktorvolt.pl\/de\/wp-json\/wp\/v2\/types\/page"}],"author":[{"embeddable":true,"href":"https:\/\/doktorvolt.pl\/de\/wp-json\/wp\/v2\/users\/15"}],"replies":[{"embeddable":true,"href":"https:\/\/doktorvolt.pl\/de\/wp-json\/wp\/v2\/comments?post=78959"}],"version-history":[{"count":10,"href":"https:\/\/doktorvolt.pl\/de\/wp-json\/wp\/v2\/pages\/78959\/revisions"}],"predecessor-version":[{"id":83116,"href":"https:\/\/doktorvolt.pl\/de\/wp-json\/wp\/v2\/pages\/78959\/revisions\/83116"}],"up":[{"embeddable":true,"href":"https:\/\/doktorvolt.pl\/de\/wp-json\/wp\/v2\/pages\/6619"}],"wp:featuredmedia":[{"embeddable":true,"href":"https:\/\/doktorvolt.pl\/de\/wp-json\/wp\/v2\/media\/79698"}],"wp:attachment":[{"href":"https:\/\/doktorvolt.pl\/de\/wp-json\/wp\/v2\/media?parent=78959"}],"wp:term":[{"taxonomy":"category","embeddable":true,"href":"https:\/\/doktorvolt.pl\/de\/wp-json\/wp\/v2\/categories?post=78959"},{"taxonomy":"post_tag","embeddable":true,"href":"https:\/\/doktorvolt.pl\/de\/wp-json\/wp\/v2\/tags?post=78959"}],"curies":[{"name":"wp","href":"https:\/\/api.w.org\/{rel}","templated":true}]}}