{"id":78966,"date":"2025-07-14T08:58:21","date_gmt":"2025-07-14T07:58:21","guid":{"rendered":"https:\/\/doktorvolt.pl\/angebot\/zubehoer\/bau-heimwerken-werkzeuge\/tasmy-i-zapinki-stalowe\/"},"modified":"2025-08-11T09:19:57","modified_gmt":"2025-08-11T08:19:57","slug":"stahlbaender-und-stahlklammern","status":"publish","type":"page","link":"https:\/\/doktorvolt.pl\/de\/angebot\/zubehoer\/bau-heimwerken-werkzeuge\/stahlbaender-und-stahlklammern\/","title":{"rendered":"STAHLB\u00c4NDER UND STAHLKLAMMERN"},"content":{"rendered":"<div class=\"fusion-fullwidth fullwidth-box fusion-builder-row-1 nonhundred-percent-fullwidth non-hundred-percent-height-scrolling\" style=\"--awb-border-radius-top-left:0px;--awb-border-radius-top-right:0px;--awb-border-radius-bottom-right:0px;--awb-border-radius-bottom-left:0px;--awb-flex-wrap:wrap;\" ><div class=\"fusion-builder-row fusion-row\"><div class=\"fusion-layout-column fusion_builder_column fusion-builder-column-0 fusion_builder_column_1_1 1_1 fusion-one-full fusion-column-first fusion-column-last\" style=\"--awb-bg-blend:overlay;--awb-bg-size:cover;\"><div class=\"fusion-column-wrapper fusion-flex-column-wrapper-legacy\"><div class=\"fusion-title title fusion-title-1 fusion-sep-none fusion-title-center fusion-title-text fusion-title-size-two\" style=\"--awb-margin-bottom:20px;\"><h2 class=\"fusion-title-heading title-heading-center fusion-responsive-typography-calculated\" style=\"margin:0;--fontSize:40;line-height:1.3;\">STAHLB\u00c4NDER UND STAHLKLAMMERN<\/h2><\/div><div class=\"fusion-text fusion-text-1\"><p style=\"text-align: center;\"><span style=\"font-weight: 400;\">Das besondere Verarbeitungsverfahren unserer B\u00e4nder sorgt f\u00fcr eine hohe Qualit\u00e4t und Festigkeit. Um diese Wirkung zu erzielen, werden warmgewalzte B\u00e4nder zus\u00e4tzlichen Walz- und Rekristallisationsgl\u00fchprozessen unterzogen. Dadurch werden sie leistungsf\u00e4higer und eignen sich f\u00fcr den Einsatz im Maschinenbau, bei der Herstellung von Komponenten, Maschinenelementen, im Motorenbau usw.<\/span><\/p>\n<\/div><div class=\"fusion-clearfix\"><\/div><\/div><\/div><div class=\"fusion-layout-column fusion_builder_column fusion-builder-column-1 fusion_builder_column_1_1 1_1 fusion-one-full fusion-column-first fusion-column-last\" style=\"--awb-bg-blend:overlay;--awb-bg-size:cover;\"><div class=\"fusion-column-wrapper fusion-flex-column-wrapper-legacy\"><div class=\"fusion-recent-posts fusion-recent-posts-1 avada-container layout-default layout-columns-4\"><section class=\"fusion-columns columns fusion-columns-4 columns-4\"><article class=\"post fusion-column column col col-lg-3 col-md-3 col-sm-3\"><div class=\"fusion-flexslider fusion-flexslider-loading flexslider flexslider-hover-type-zoomin\"><ul class=\"slides\"><li><a href=\"https:\/\/doktorvolt.pl\/de\/angebot\/zubehoer\/bau-heimwerken-werkzeuge\/stahlbaender-und-stahlklammern\/10stk-edelstahl-schlaufen-clip-style-ear-lock-19mm-v2a-fuer-edelstahlband-l-b-4920\/\" aria-label=\"10Stk. Edelstahl Schlaufen Clip Style Ear-Lock 19mm V2A f\u00fcr Edelstahlband L-B DV-4920-LZZ\" class=\"hover-type-zoomin\"><img decoding=\"async\" width=\"1000\" height=\"1000\" src=\"https:\/\/doktorvolt.pl\/wp-content\/uploads\/2025\/07\/pol_pl_10szt-Zapinka-ze-stali-nierdzewnej-z-zebami-Ear-Lock-19mm-gat-201-L-B-4920-14274_1.jpg\" class=\"attachment-full size-full\" alt=\"\" srcset=\"https:\/\/doktorvolt.pl\/wp-content\/uploads\/2025\/07\/pol_pl_10szt-Zapinka-ze-stali-nierdzewnej-z-zebami-Ear-Lock-19mm-gat-201-L-B-4920-14274_1-200x200.jpg 200w, https:\/\/doktorvolt.pl\/wp-content\/uploads\/2025\/07\/pol_pl_10szt-Zapinka-ze-stali-nierdzewnej-z-zebami-Ear-Lock-19mm-gat-201-L-B-4920-14274_1-400x400.jpg 400w, https:\/\/doktorvolt.pl\/wp-content\/uploads\/2025\/07\/pol_pl_10szt-Zapinka-ze-stali-nierdzewnej-z-zebami-Ear-Lock-19mm-gat-201-L-B-4920-14274_1-600x600.jpg 600w, https:\/\/doktorvolt.pl\/wp-content\/uploads\/2025\/07\/pol_pl_10szt-Zapinka-ze-stali-nierdzewnej-z-zebami-Ear-Lock-19mm-gat-201-L-B-4920-14274_1-800x800.jpg 800w, https:\/\/doktorvolt.pl\/wp-content\/uploads\/2025\/07\/pol_pl_10szt-Zapinka-ze-stali-nierdzewnej-z-zebami-Ear-Lock-19mm-gat-201-L-B-4920-14274_1.jpg 1000w\" sizes=\"(min-width: 2200px) 100vw, (min-width: 916px) 270px, (min-width: 824px) 360px, (min-width: 732px) 540px, (min-width: 640px) 732px, \" \/><\/a><\/li><\/ul><\/div><div class=\"recent-posts-content\"><span class=\"vcard\" style=\"display: none;\"><span class=\"fn\"><a href=\"\" title=\"Beitr\u00e4ge von \" rel=\"author\"><\/a><\/span><\/span><span class=\"updated\" style=\"display:none;\">2025-09-08T15:15:08+02:00<\/span><h4 class=\"entry-title\"><a href=\"https:\/\/doktorvolt.pl\/de\/angebot\/zubehoer\/bau-heimwerken-werkzeuge\/stahlbaender-und-stahlklammern\/10stk-edelstahl-schlaufen-clip-style-ear-lock-19mm-v2a-fuer-edelstahlband-l-b-4920\/\">10Stk. Edelstahl Schlaufen Clip Style Ear-Lock 19mm V2A f\u00fcr Edelstahlband L-B DV-4920-LZZ<\/a><\/h4><\/div><\/article><article class=\"post fusion-column column col col-lg-3 col-md-3 col-sm-3\"><div class=\"fusion-flexslider fusion-flexslider-loading flexslider flexslider-hover-type-zoomin\"><ul class=\"slides\"><li><a href=\"https:\/\/doktorvolt.pl\/de\/angebot\/zubehoer\/bau-heimwerken-werkzeuge\/stahlbaender-und-stahlklammern\/10stk-edelstahl-schlaufen-clip-style-ear-lock-10mm-v2a-fuer-edelstahlband-l-b-4937\/\" aria-label=\"10Stk. Edelstahl Schlaufen Clip Style Ear-Lock 10mm V2A f\u00fcr Edelstahlband L-B DV-4937-LZZ\" class=\"hover-type-zoomin\"><img decoding=\"async\" width=\"1000\" height=\"1000\" src=\"https:\/\/doktorvolt.pl\/wp-content\/uploads\/2025\/07\/pol_pl_10szt-Zapinka-ze-stali-nierdzewnej-z-zebami-Ear-Lock-10mm-gat-201-L-B-4937-14272_1.jpg\" class=\"attachment-full size-full\" alt=\"\" srcset=\"https:\/\/doktorvolt.pl\/wp-content\/uploads\/2025\/07\/pol_pl_10szt-Zapinka-ze-stali-nierdzewnej-z-zebami-Ear-Lock-10mm-gat-201-L-B-4937-14272_1-200x200.jpg 200w, https:\/\/doktorvolt.pl\/wp-content\/uploads\/2025\/07\/pol_pl_10szt-Zapinka-ze-stali-nierdzewnej-z-zebami-Ear-Lock-10mm-gat-201-L-B-4937-14272_1-400x400.jpg 400w, https:\/\/doktorvolt.pl\/wp-content\/uploads\/2025\/07\/pol_pl_10szt-Zapinka-ze-stali-nierdzewnej-z-zebami-Ear-Lock-10mm-gat-201-L-B-4937-14272_1-600x600.jpg 600w, https:\/\/doktorvolt.pl\/wp-content\/uploads\/2025\/07\/pol_pl_10szt-Zapinka-ze-stali-nierdzewnej-z-zebami-Ear-Lock-10mm-gat-201-L-B-4937-14272_1-800x800.jpg 800w, https:\/\/doktorvolt.pl\/wp-content\/uploads\/2025\/07\/pol_pl_10szt-Zapinka-ze-stali-nierdzewnej-z-zebami-Ear-Lock-10mm-gat-201-L-B-4937-14272_1.jpg 1000w\" sizes=\"(min-width: 2200px) 100vw, (min-width: 916px) 270px, (min-width: 824px) 360px, (min-width: 732px) 540px, (min-width: 640px) 732px, \" \/><\/a><\/li><\/ul><\/div><div class=\"recent-posts-content\"><span class=\"vcard\" style=\"display: none;\"><span class=\"fn\"><a href=\"\" title=\"Beitr\u00e4ge von \" rel=\"author\"><\/a><\/span><\/span><span class=\"updated\" style=\"display:none;\">2025-09-08T15:15:07+02:00<\/span><h4 class=\"entry-title\"><a href=\"https:\/\/doktorvolt.pl\/de\/angebot\/zubehoer\/bau-heimwerken-werkzeuge\/stahlbaender-und-stahlklammern\/10stk-edelstahl-schlaufen-clip-style-ear-lock-10mm-v2a-fuer-edelstahlband-l-b-4937\/\">10Stk. Edelstahl Schlaufen Clip Style Ear-Lock 10mm V2A f\u00fcr Edelstahlband L-B DV-4937-LZZ<\/a><\/h4><\/div><\/article><article class=\"post fusion-column column col col-lg-3 col-md-3 col-sm-3\"><div class=\"fusion-flexslider fusion-flexslider-loading flexslider flexslider-hover-type-zoomin\"><ul class=\"slides\"><li><a href=\"https:\/\/doktorvolt.pl\/de\/angebot\/zubehoer\/bau-heimwerken-werkzeuge\/stahlbaender-und-stahlklammern\/edelstahl-band-07-x-19mm-30m-v2a-metall-band-blech-streifen-l-b-4906\/\" aria-label=\"Edelstahl Band 0,7 x 19mm 30m V2A Metall Band Blech Streifen L-B DV-4906-LBP\" class=\"hover-type-zoomin\"><img decoding=\"async\" width=\"1000\" height=\"1000\" src=\"https:\/\/doktorvolt.pl\/wp-content\/uploads\/2025\/07\/pol_pl_Tasma-stalowa-0-7-x-19mm-30m-zimnowalcowana-nierdzewna-gat-304-z-uchwytem-L-B-4906-14270_1.jpg\" class=\"attachment-full size-full\" alt=\"\" srcset=\"https:\/\/doktorvolt.pl\/wp-content\/uploads\/2025\/07\/pol_pl_Tasma-stalowa-0-7-x-19mm-30m-zimnowalcowana-nierdzewna-gat-304-z-uchwytem-L-B-4906-14270_1-200x200.jpg 200w, https:\/\/doktorvolt.pl\/wp-content\/uploads\/2025\/07\/pol_pl_Tasma-stalowa-0-7-x-19mm-30m-zimnowalcowana-nierdzewna-gat-304-z-uchwytem-L-B-4906-14270_1-400x400.jpg 400w, https:\/\/doktorvolt.pl\/wp-content\/uploads\/2025\/07\/pol_pl_Tasma-stalowa-0-7-x-19mm-30m-zimnowalcowana-nierdzewna-gat-304-z-uchwytem-L-B-4906-14270_1-600x600.jpg 600w, https:\/\/doktorvolt.pl\/wp-content\/uploads\/2025\/07\/pol_pl_Tasma-stalowa-0-7-x-19mm-30m-zimnowalcowana-nierdzewna-gat-304-z-uchwytem-L-B-4906-14270_1-800x800.jpg 800w, https:\/\/doktorvolt.pl\/wp-content\/uploads\/2025\/07\/pol_pl_Tasma-stalowa-0-7-x-19mm-30m-zimnowalcowana-nierdzewna-gat-304-z-uchwytem-L-B-4906-14270_1.jpg 1000w\" sizes=\"(min-width: 2200px) 100vw, (min-width: 916px) 270px, (min-width: 824px) 360px, (min-width: 732px) 540px, (min-width: 640px) 732px, \" \/><\/a><\/li><\/ul><\/div><div class=\"recent-posts-content\"><span class=\"vcard\" style=\"display: none;\"><span class=\"fn\"><a href=\"\" title=\"Beitr\u00e4ge von \" rel=\"author\"><\/a><\/span><\/span><span class=\"updated\" style=\"display:none;\">2025-09-08T15:15:07+02:00<\/span><h4 class=\"entry-title\"><a href=\"https:\/\/doktorvolt.pl\/de\/angebot\/zubehoer\/bau-heimwerken-werkzeuge\/stahlbaender-und-stahlklammern\/edelstahl-band-07-x-19mm-30m-v2a-metall-band-blech-streifen-l-b-4906\/\">Edelstahl Band 0,7 x 19mm 30m V2A Metall Band Blech Streifen L-B DV-4906-LBP<\/a><\/h4><\/div><\/article><article class=\"post fusion-column column col col-lg-3 col-md-3 col-sm-3\"><div class=\"fusion-flexslider fusion-flexslider-loading flexslider flexslider-hover-type-zoomin\"><ul class=\"slides\"><li><a href=\"https:\/\/doktorvolt.pl\/de\/angebot\/zubehoer\/bau-heimwerken-werkzeuge\/stahlbaender-und-stahlklammern\/edelstahl-band-06-x-95mm-30m-v2a-metall-band-blech-streifen-l-b-4913\/\" aria-label=\"Edelstahl Band 0,6 x 9,5mm 30m V2A Metall Band Blech Streifen L-B DV-4913-LBK\" class=\"hover-type-zoomin\"><img decoding=\"async\" width=\"450\" height=\"450\" src=\"https:\/\/doktorvolt.pl\/wp-content\/uploads\/2025\/07\/pol_pm_Tasma-stalowa-0-6-x-9-5mm-30m-zimnowalcowana-nierdzewna-gat.jpg\" class=\"attachment-full size-full\" alt=\"\" srcset=\"https:\/\/doktorvolt.pl\/wp-content\/uploads\/2025\/07\/pol_pm_Tasma-stalowa-0-6-x-9-5mm-30m-zimnowalcowana-nierdzewna-gat-200x200.jpg 200w, https:\/\/doktorvolt.pl\/wp-content\/uploads\/2025\/07\/pol_pm_Tasma-stalowa-0-6-x-9-5mm-30m-zimnowalcowana-nierdzewna-gat-400x400.jpg 400w, https:\/\/doktorvolt.pl\/wp-content\/uploads\/2025\/07\/pol_pm_Tasma-stalowa-0-6-x-9-5mm-30m-zimnowalcowana-nierdzewna-gat.jpg 450w\" sizes=\"(min-width: 2200px) 100vw, (min-width: 916px) 270px, (min-width: 824px) 360px, (min-width: 732px) 540px, (min-width: 640px) 732px, \" \/><\/a><\/li><\/ul><\/div><div class=\"recent-posts-content\"><span class=\"vcard\" style=\"display: none;\"><span class=\"fn\"><a href=\"\" title=\"Beitr\u00e4ge von \" rel=\"author\"><\/a><\/span><\/span><span class=\"updated\" style=\"display:none;\">2025-09-08T15:15:06+02:00<\/span><h4 class=\"entry-title\"><a href=\"https:\/\/doktorvolt.pl\/de\/angebot\/zubehoer\/bau-heimwerken-werkzeuge\/stahlbaender-und-stahlklammern\/edelstahl-band-06-x-95mm-30m-v2a-metall-band-blech-streifen-l-b-4913\/\">Edelstahl Band 0,6 x 9,5mm 30m V2A Metall Band Blech Streifen L-B DV-4913-LBK<\/a><\/h4><\/div><\/article><\/section><\/div><div class=\"fusion-clearfix\"><\/div><\/div><\/div><\/div><\/div>\n","protected":false},"excerpt":{"rendered":"","protected":false},"author":15,"featured_media":78690,"parent":78959,"menu_order":0,"comment_status":"closed","ping_status":"closed","template":"100-width.php","meta":{"footnotes":""},"categories":[],"tags":[],"class_list":["post-78966","page","type-page","status-publish","has-post-thumbnail","hentry"],"yoast_head":"<!-- This site is optimized with the Yoast SEO plugin v27.0 - https:\/\/yoast.com\/product\/yoast-seo-wordpress\/ -->\n<title>STAHLB\u00c4NDER UND STAHLKLAMMERN - DOKTORVOLT\u00ae<\/title>\n<meta name=\"robots\" content=\"index, follow, max-snippet:-1, max-image-preview:large, max-video-preview:-1\" \/>\n<link rel=\"canonical\" href=\"https:\/\/doktorvolt.pl\/de\/angebot\/zubehoer\/bau-heimwerken-werkzeuge\/stahlbaender-und-stahlklammern\/\" \/>\n<meta property=\"og:locale\" content=\"de_DE\" \/>\n<meta property=\"og:type\" content=\"article\" \/>\n<meta property=\"og:title\" content=\"STAHLB\u00c4NDER UND STAHLKLAMMERN - DOKTORVOLT\u00ae\" \/>\n<meta property=\"og:url\" content=\"https:\/\/doktorvolt.pl\/de\/angebot\/zubehoer\/bau-heimwerken-werkzeuge\/stahlbaender-und-stahlklammern\/\" \/>\n<meta property=\"og:site_name\" content=\"DOKTORVOLT\u00ae\" \/>\n<meta property=\"article:modified_time\" content=\"2025-08-11T08:19:57+00:00\" \/>\n<meta property=\"og:image\" content=\"https:\/\/doktorvolt.pl\/wp-content\/uploads\/2025\/07\/pol_pm_Tasma-stalowa-0-6-x-9-5mm-30m-zimnowalcowana-nierdzewna-gat.jpg\" \/>\n\t<meta property=\"og:image:width\" content=\"450\" \/>\n\t<meta property=\"og:image:height\" content=\"450\" \/>\n\t<meta property=\"og:image:type\" content=\"image\/jpeg\" \/>\n<meta name=\"twitter:card\" content=\"summary_large_image\" \/>\n<meta name=\"twitter:label1\" content=\"Gesch\u00e4tzte Lesezeit\" \/>\n\t<meta name=\"twitter:data1\" content=\"2\u00a0Minuten\" \/>\n<script type=\"application\/ld+json\" class=\"yoast-schema-graph\">{\"@context\":\"https:\/\/schema.org\",\"@graph\":[{\"@type\":\"WebPage\",\"@id\":\"https:\/\/doktorvolt.pl\/de\/angebot\/zubehoer\/bau-heimwerken-werkzeuge\/stahlbaender-und-stahlklammern\/\",\"url\":\"https:\/\/doktorvolt.pl\/de\/angebot\/zubehoer\/bau-heimwerken-werkzeuge\/stahlbaender-und-stahlklammern\/\",\"name\":\"STAHLB\u00c4NDER UND STAHLKLAMMERN - DOKTORVOLT\u00ae\",\"isPartOf\":{\"@id\":\"https:\/\/doktorvolt.pl\/de\/#website\"},\"primaryImageOfPage\":{\"@id\":\"https:\/\/doktorvolt.pl\/de\/angebot\/zubehoer\/bau-heimwerken-werkzeuge\/stahlbaender-und-stahlklammern\/#primaryimage\"},\"image\":{\"@id\":\"https:\/\/doktorvolt.pl\/de\/angebot\/zubehoer\/bau-heimwerken-werkzeuge\/stahlbaender-und-stahlklammern\/#primaryimage\"},\"thumbnailUrl\":\"https:\/\/doktorvolt.pl\/wp-content\/uploads\/2025\/07\/pol_pm_Tasma-stalowa-0-6-x-9-5mm-30m-zimnowalcowana-nierdzewna-gat.jpg\",\"datePublished\":\"2025-07-14T07:58:21+00:00\",\"dateModified\":\"2025-08-11T08:19:57+00:00\",\"breadcrumb\":{\"@id\":\"https:\/\/doktorvolt.pl\/de\/angebot\/zubehoer\/bau-heimwerken-werkzeuge\/stahlbaender-und-stahlklammern\/#breadcrumb\"},\"inLanguage\":\"de\",\"potentialAction\":[{\"@type\":\"ReadAction\",\"target\":[\"https:\/\/doktorvolt.pl\/de\/angebot\/zubehoer\/bau-heimwerken-werkzeuge\/stahlbaender-und-stahlklammern\/\"]}]},{\"@type\":\"ImageObject\",\"inLanguage\":\"de\",\"@id\":\"https:\/\/doktorvolt.pl\/de\/angebot\/zubehoer\/bau-heimwerken-werkzeuge\/stahlbaender-und-stahlklammern\/#primaryimage\",\"url\":\"https:\/\/doktorvolt.pl\/wp-content\/uploads\/2025\/07\/pol_pm_Tasma-stalowa-0-6-x-9-5mm-30m-zimnowalcowana-nierdzewna-gat.jpg\",\"contentUrl\":\"https:\/\/doktorvolt.pl\/wp-content\/uploads\/2025\/07\/pol_pm_Tasma-stalowa-0-6-x-9-5mm-30m-zimnowalcowana-nierdzewna-gat.jpg\",\"width\":450,\"height\":450},{\"@type\":\"BreadcrumbList\",\"@id\":\"https:\/\/doktorvolt.pl\/de\/angebot\/zubehoer\/bau-heimwerken-werkzeuge\/stahlbaender-und-stahlklammern\/#breadcrumb\",\"itemListElement\":[{\"@type\":\"ListItem\",\"position\":1,\"name\":\"Strona g\u0142\u00f3wna\",\"item\":\"https:\/\/doktorvolt.pl\/de\/\"},{\"@type\":\"ListItem\",\"position\":2,\"name\":\"ANGEBOT\",\"item\":\"https:\/\/doktorvolt.pl\/de\/angebot\/\"},{\"@type\":\"ListItem\",\"position\":3,\"name\":\"ZUBEH\u00d6R\",\"item\":\"https:\/\/doktorvolt.pl\/de\/angebot\/zubehoer\/\"},{\"@type\":\"ListItem\",\"position\":4,\"name\":\"BAU, HEIMWERKEN, WERKZEUGE\",\"item\":\"https:\/\/doktorvolt.pl\/de\/angebot\/zubehoer\/bau-heimwerken-werkzeuge\/\"},{\"@type\":\"ListItem\",\"position\":5,\"name\":\"STAHLB\u00c4NDER UND STAHLKLAMMERN\"}]},{\"@type\":\"WebSite\",\"@id\":\"https:\/\/doktorvolt.pl\/de\/#website\",\"url\":\"https:\/\/doktorvolt.pl\/de\/\",\"name\":\"DOKTORVOLT\u00ae\",\"description\":\"Producent rozdzielnic budowlanych\",\"publisher\":{\"@id\":\"https:\/\/doktorvolt.pl\/de\/#organization\"},\"potentialAction\":[{\"@type\":\"SearchAction\",\"target\":{\"@type\":\"EntryPoint\",\"urlTemplate\":\"https:\/\/doktorvolt.pl\/de\/?s={search_term_string}\"},\"query-input\":{\"@type\":\"PropertyValueSpecification\",\"valueRequired\":true,\"valueName\":\"search_term_string\"}}],\"inLanguage\":\"de\"},{\"@type\":\"Organization\",\"@id\":\"https:\/\/doktorvolt.pl\/de\/#organization\",\"name\":\"DOKTORVOLT\u00ae\",\"url\":\"https:\/\/doktorvolt.pl\/de\/\",\"logo\":{\"@type\":\"ImageObject\",\"inLanguage\":\"de\",\"@id\":\"https:\/\/doktorvolt.pl\/de\/#\/schema\/logo\/image\/\",\"url\":\"https:\/\/doktorvolt.pl\/wp-content\/uploads\/2023\/10\/DoktorVOLT-black-png.png\",\"contentUrl\":\"https:\/\/doktorvolt.pl\/wp-content\/uploads\/2023\/10\/DoktorVOLT-black-png.png\",\"width\":729,\"height\":40,\"caption\":\"DOKTORVOLT\u00ae\"},\"image\":{\"@id\":\"https:\/\/doktorvolt.pl\/de\/#\/schema\/logo\/image\/\"}}]}<\/script>\n<!-- \/ Yoast SEO plugin. -->","yoast_head_json":{"title":"STAHLB\u00c4NDER UND STAHLKLAMMERN - DOKTORVOLT\u00ae","robots":{"index":"index","follow":"follow","max-snippet":"max-snippet:-1","max-image-preview":"max-image-preview:large","max-video-preview":"max-video-preview:-1"},"canonical":"https:\/\/doktorvolt.pl\/de\/angebot\/zubehoer\/bau-heimwerken-werkzeuge\/stahlbaender-und-stahlklammern\/","og_locale":"de_DE","og_type":"article","og_title":"STAHLB\u00c4NDER UND STAHLKLAMMERN - DOKTORVOLT\u00ae","og_url":"https:\/\/doktorvolt.pl\/de\/angebot\/zubehoer\/bau-heimwerken-werkzeuge\/stahlbaender-und-stahlklammern\/","og_site_name":"DOKTORVOLT\u00ae","article_modified_time":"2025-08-11T08:19:57+00:00","og_image":[{"width":450,"height":450,"url":"https:\/\/doktorvolt.pl\/wp-content\/uploads\/2025\/07\/pol_pm_Tasma-stalowa-0-6-x-9-5mm-30m-zimnowalcowana-nierdzewna-gat.jpg","type":"image\/jpeg"}],"twitter_card":"summary_large_image","twitter_misc":{"Gesch\u00e4tzte Lesezeit":"2\u00a0Minuten"},"schema":{"@context":"https:\/\/schema.org","@graph":[{"@type":"WebPage","@id":"https:\/\/doktorvolt.pl\/de\/angebot\/zubehoer\/bau-heimwerken-werkzeuge\/stahlbaender-und-stahlklammern\/","url":"https:\/\/doktorvolt.pl\/de\/angebot\/zubehoer\/bau-heimwerken-werkzeuge\/stahlbaender-und-stahlklammern\/","name":"STAHLB\u00c4NDER UND STAHLKLAMMERN - DOKTORVOLT\u00ae","isPartOf":{"@id":"https:\/\/doktorvolt.pl\/de\/#website"},"primaryImageOfPage":{"@id":"https:\/\/doktorvolt.pl\/de\/angebot\/zubehoer\/bau-heimwerken-werkzeuge\/stahlbaender-und-stahlklammern\/#primaryimage"},"image":{"@id":"https:\/\/doktorvolt.pl\/de\/angebot\/zubehoer\/bau-heimwerken-werkzeuge\/stahlbaender-und-stahlklammern\/#primaryimage"},"thumbnailUrl":"https:\/\/doktorvolt.pl\/wp-content\/uploads\/2025\/07\/pol_pm_Tasma-stalowa-0-6-x-9-5mm-30m-zimnowalcowana-nierdzewna-gat.jpg","datePublished":"2025-07-14T07:58:21+00:00","dateModified":"2025-08-11T08:19:57+00:00","breadcrumb":{"@id":"https:\/\/doktorvolt.pl\/de\/angebot\/zubehoer\/bau-heimwerken-werkzeuge\/stahlbaender-und-stahlklammern\/#breadcrumb"},"inLanguage":"de","potentialAction":[{"@type":"ReadAction","target":["https:\/\/doktorvolt.pl\/de\/angebot\/zubehoer\/bau-heimwerken-werkzeuge\/stahlbaender-und-stahlklammern\/"]}]},{"@type":"ImageObject","inLanguage":"de","@id":"https:\/\/doktorvolt.pl\/de\/angebot\/zubehoer\/bau-heimwerken-werkzeuge\/stahlbaender-und-stahlklammern\/#primaryimage","url":"https:\/\/doktorvolt.pl\/wp-content\/uploads\/2025\/07\/pol_pm_Tasma-stalowa-0-6-x-9-5mm-30m-zimnowalcowana-nierdzewna-gat.jpg","contentUrl":"https:\/\/doktorvolt.pl\/wp-content\/uploads\/2025\/07\/pol_pm_Tasma-stalowa-0-6-x-9-5mm-30m-zimnowalcowana-nierdzewna-gat.jpg","width":450,"height":450},{"@type":"BreadcrumbList","@id":"https:\/\/doktorvolt.pl\/de\/angebot\/zubehoer\/bau-heimwerken-werkzeuge\/stahlbaender-und-stahlklammern\/#breadcrumb","itemListElement":[{"@type":"ListItem","position":1,"name":"Strona g\u0142\u00f3wna","item":"https:\/\/doktorvolt.pl\/de\/"},{"@type":"ListItem","position":2,"name":"ANGEBOT","item":"https:\/\/doktorvolt.pl\/de\/angebot\/"},{"@type":"ListItem","position":3,"name":"ZUBEH\u00d6R","item":"https:\/\/doktorvolt.pl\/de\/angebot\/zubehoer\/"},{"@type":"ListItem","position":4,"name":"BAU, HEIMWERKEN, WERKZEUGE","item":"https:\/\/doktorvolt.pl\/de\/angebot\/zubehoer\/bau-heimwerken-werkzeuge\/"},{"@type":"ListItem","position":5,"name":"STAHLB\u00c4NDER UND STAHLKLAMMERN"}]},{"@type":"WebSite","@id":"https:\/\/doktorvolt.pl\/de\/#website","url":"https:\/\/doktorvolt.pl\/de\/","name":"DOKTORVOLT\u00ae","description":"Producent rozdzielnic budowlanych","publisher":{"@id":"https:\/\/doktorvolt.pl\/de\/#organization"},"potentialAction":[{"@type":"SearchAction","target":{"@type":"EntryPoint","urlTemplate":"https:\/\/doktorvolt.pl\/de\/?s={search_term_string}"},"query-input":{"@type":"PropertyValueSpecification","valueRequired":true,"valueName":"search_term_string"}}],"inLanguage":"de"},{"@type":"Organization","@id":"https:\/\/doktorvolt.pl\/de\/#organization","name":"DOKTORVOLT\u00ae","url":"https:\/\/doktorvolt.pl\/de\/","logo":{"@type":"ImageObject","inLanguage":"de","@id":"https:\/\/doktorvolt.pl\/de\/#\/schema\/logo\/image\/","url":"https:\/\/doktorvolt.pl\/wp-content\/uploads\/2023\/10\/DoktorVOLT-black-png.png","contentUrl":"https:\/\/doktorvolt.pl\/wp-content\/uploads\/2023\/10\/DoktorVOLT-black-png.png","width":729,"height":40,"caption":"DOKTORVOLT\u00ae"},"image":{"@id":"https:\/\/doktorvolt.pl\/de\/#\/schema\/logo\/image\/"}}]}},"_links":{"self":[{"href":"https:\/\/doktorvolt.pl\/de\/wp-json\/wp\/v2\/pages\/78966","targetHints":{"allow":["GET"]}}],"collection":[{"href":"https:\/\/doktorvolt.pl\/de\/wp-json\/wp\/v2\/pages"}],"about":[{"href":"https:\/\/doktorvolt.pl\/de\/wp-json\/wp\/v2\/types\/page"}],"author":[{"embeddable":true,"href":"https:\/\/doktorvolt.pl\/de\/wp-json\/wp\/v2\/users\/15"}],"replies":[{"embeddable":true,"href":"https:\/\/doktorvolt.pl\/de\/wp-json\/wp\/v2\/comments?post=78966"}],"version-history":[{"count":4,"href":"https:\/\/doktorvolt.pl\/de\/wp-json\/wp\/v2\/pages\/78966\/revisions"}],"predecessor-version":[{"id":83120,"href":"https:\/\/doktorvolt.pl\/de\/wp-json\/wp\/v2\/pages\/78966\/revisions\/83120"}],"up":[{"embeddable":true,"href":"https:\/\/doktorvolt.pl\/de\/wp-json\/wp\/v2\/pages\/78959"}],"wp:featuredmedia":[{"embeddable":true,"href":"https:\/\/doktorvolt.pl\/de\/wp-json\/wp\/v2\/media\/78690"}],"wp:attachment":[{"href":"https:\/\/doktorvolt.pl\/de\/wp-json\/wp\/v2\/media?parent=78966"}],"wp:term":[{"taxonomy":"category","embeddable":true,"href":"https:\/\/doktorvolt.pl\/de\/wp-json\/wp\/v2\/categories?post=78966"},{"taxonomy":"post_tag","embeddable":true,"href":"https:\/\/doktorvolt.pl\/de\/wp-json\/wp\/v2\/tags?post=78966"}],"curies":[{"name":"wp","href":"https:\/\/api.w.org\/{rel}","templated":true}]}}