{"id":79019,"date":"2025-02-27T08:23:26","date_gmt":"2025-02-27T07:23:26","guid":{"rendered":"https:\/\/doktorvolt.pl\/angebot\/zubehoer\/sicherungen\/wylaczniki-roznicowopradowe\/"},"modified":"2026-02-10T14:21:35","modified_gmt":"2026-02-10T12:21:35","slug":"fehlerstromschutzschalter","status":"publish","type":"page","link":"https:\/\/doktorvolt.pl\/de\/angebot\/modulare-geraete\/fehlerstromschutzschalter\/","title":{"rendered":"FEHLERSTROMSCHUTZSCHALTER"},"content":{"rendered":"<p><div class=\"fusion-fullwidth fullwidth-box fusion-builder-row-1 nonhundred-percent-fullwidth non-hundred-percent-height-scrolling\" style=\"--awb-border-radius-top-left:0px;--awb-border-radius-top-right:0px;--awb-border-radius-bottom-right:0px;--awb-border-radius-bottom-left:0px;--awb-flex-wrap:wrap;\" ><div class=\"fusion-builder-row fusion-row\"><div class=\"fusion-layout-column fusion_builder_column fusion-builder-column-0 fusion_builder_column_1_1 1_1 fusion-one-full fusion-column-first fusion-column-last\" style=\"--awb-bg-size:cover;\"><div class=\"fusion-column-wrapper fusion-flex-column-wrapper-legacy\"><div class=\"fusion-title title fusion-title-1 fusion-sep-none fusion-title-center fusion-title-text fusion-title-size-two\" style=\"--awb-margin-bottom:20px;\"><h2 class=\"fusion-title-heading title-heading-center fusion-responsive-typography-calculated\" style=\"margin:0;--fontSize:40;line-height:1.3;\">FEHLERSTROMSCHUTZSCHALTER<\/h2><\/div><div class=\"fusion-clearfix\"><\/div><\/div><\/div><\/div><\/div><div class=\"fusion-fullwidth fullwidth-box fusion-builder-row-2 nonhundred-percent-fullwidth non-hundred-percent-height-scrolling fusion-equal-height-columns\" style=\"--awb-border-radius-top-left:0px;--awb-border-radius-top-right:0px;--awb-border-radius-bottom-right:0px;--awb-border-radius-bottom-left:0px;--awb-margin-top:15px;--awb-margin-bottom:15px;--awb-flex-wrap:wrap;\" ><div class=\"fusion-builder-row fusion-row\"><div class=\"fusion-layout-column fusion_builder_column fusion-builder-column-1 fusion_builder_column_1_3 1_3 fusion-one-third fusion-column-first\" style=\"--awb-bg-size:cover;width:33.333333333333%;width:calc(33.333333333333% - ( ( 4% ) * 0.33333333333333 ) );margin-right: 4%;\"><div class=\"fusion-column-wrapper fusion-flex-column-wrapper-legacy\"><div class=\"fusion-image-element in-legacy-container\" style=\"--awb-caption-title-font-family:var(--h2_typography-font-family);--awb-caption-title-font-weight:var(--h2_typography-font-weight);--awb-caption-title-font-style:var(--h2_typography-font-style);--awb-caption-title-size:var(--h2_typography-font-size);--awb-caption-title-transform:var(--h2_typography-text-transform);--awb-caption-title-line-height:var(--h2_typography-line-height);--awb-caption-title-letter-spacing:var(--h2_typography-letter-spacing);\"><span class=\" fusion-imageframe imageframe-none imageframe-1 hover-type-zoomin\" style=\"border:1px solid #b5b5b5;\"><a class=\"fusion-no-lightbox\" href=\"https:\/\/doktorvolt.pl\/de\/angebot\/modulare-geraete\/fehlerstromschutzschalter\/fehlerstromschutzschalter-typ-ac\/\" target=\"_self\" aria-label=\"wylacznik-roznicowo-pradowy-4p-40a-30ma-typ-ac-doktorvolt-5026\"><img decoding=\"async\" width=\"400\" height=\"400\" src=\"https:\/\/doktorvolt.pl\/wp-content\/uploads\/2021\/06\/wylacznik-roznicowo-pradowy-4p-40a-30ma-typ-ac-doktorvolt-5026-e1753782926640.jpg\" alt class=\"img-responsive wp-image-22762\" srcset=\"https:\/\/doktorvolt.pl\/wp-content\/uploads\/2021\/06\/wylacznik-roznicowo-pradowy-4p-40a-30ma-typ-ac-doktorvolt-5026-e1753782926640-200x200.jpg 200w, https:\/\/doktorvolt.pl\/wp-content\/uploads\/2021\/06\/wylacznik-roznicowo-pradowy-4p-40a-30ma-typ-ac-doktorvolt-5026-e1753782926640.jpg 400w\" sizes=\"(max-width: 800px) 100vw, 400px\" \/><\/a><\/span><\/div><div class=\"fusion-clearfix\"><\/div><\/div><\/div><div class=\"fusion-layout-column fusion_builder_column fusion-builder-column-2 fusion_builder_column_2_3 2_3 fusion-two-third fusion-column-last\" style=\"--awb-bg-size:cover;width:66.666666666667%;width:calc(66.666666666667% - ( ( 4% ) * 0.66666666666667 ) );\"><div class=\"fusion-column-wrapper fusion-column-has-shadow fusion-flex-column-wrapper-legacy\"><div class=\"fusion-title title fusion-title-2 fusion-sep-none fusion-title-text fusion-title-size-four\"><h4 class=\"fusion-title-heading title-heading-left fusion-responsive-typography-calculated\" style=\"margin:0;--fontSize:24;line-height:1.08;\">FEHLERSTROMSCHUTZSCHALTER TYP AC<\/h4><\/div><div class=\"fusion-text fusion-text-1\"><p style=\"text-align: justify;\">Doktorvolt-Fehlerstromschutzschalter sind ein wirksamer Schutz vor Stromschl\u00e4gen und Sch\u00e4den an elektrischen Anlagen. Sie erkennen selbst minimale Leckstr\u00f6me schnell, unterbrechen sofort die Stromzufuhr und verhindern gef\u00e4hrliche Unf\u00e4lle. Aus hochwertigen Materialien gefertigt, garantieren sie Zuverl\u00e4ssigkeit und eine lange Lebensdauer.<\/p>\n<\/div><div class=\"fusion-button-wrapper\"><a class=\"fusion-button button-flat button-large button-custom fusion-button-default button-1 fusion-button-default-span \" style=\"--button_accent_color:#020202;--button_accent_hover_color:#ffffff;--button_border_hover_color:#ffffff;--button_gradient_top_color:#ffffff;--button_gradient_bottom_color:#ffffff;--button_gradient_top_color_hover:#020202;--button_gradient_bottom_color_hover:#020202;\" target=\"_self\" href=\"https:\/\/doktorvolt.pl\/de\/angebot\/modulare-geraete\/fehlerstromschutzschalter\/fehlerstromschutzschalter-typ-ac\/\"><span class=\"fusion-button-text awb-button__text awb-button__text--default\">FEHLERSTROMSCHUTZSCHALTER TYP AC<\/span><\/a><\/div><div class=\"fusion-clearfix\"><\/div><\/div><\/div><\/div><\/div><div class=\"fusion-fullwidth fullwidth-box fusion-builder-row-3 nonhundred-percent-fullwidth non-hundred-percent-height-scrolling fusion-equal-height-columns\" style=\"--awb-border-radius-top-left:0px;--awb-border-radius-top-right:0px;--awb-border-radius-bottom-right:0px;--awb-border-radius-bottom-left:0px;--awb-margin-top:15px;--awb-margin-bottom:15px;--awb-flex-wrap:wrap;\" ><div class=\"fusion-builder-row fusion-row\"><div class=\"fusion-layout-column fusion_builder_column fusion-builder-column-3 fusion_builder_column_1_3 1_3 fusion-one-third fusion-column-first\" style=\"--awb-bg-size:cover;width:33.333333333333%;width:calc(33.333333333333% - ( ( 4% ) * 0.33333333333333 ) );margin-right: 4%;\"><div class=\"fusion-column-wrapper fusion-flex-column-wrapper-legacy\"><div class=\"fusion-image-element in-legacy-container\" style=\"--awb-caption-title-font-family:var(--h2_typography-font-family);--awb-caption-title-font-weight:var(--h2_typography-font-weight);--awb-caption-title-font-style:var(--h2_typography-font-style);--awb-caption-title-size:var(--h2_typography-font-size);--awb-caption-title-transform:var(--h2_typography-text-transform);--awb-caption-title-line-height:var(--h2_typography-line-height);--awb-caption-title-letter-spacing:var(--h2_typography-letter-spacing);\"><span class=\" fusion-imageframe imageframe-none imageframe-2 hover-type-zoomin\" style=\"border:1px solid #b5b5b5;\"><a class=\"fusion-no-lightbox\" href=\"https:\/\/doktorvolt.pl\/de\/angebot\/modulare-geraete\/fehlerstromschutzschalter\/fehlerstromschutzschalter-typ-a\/\" target=\"_self\" aria-label=\"pol_pl_Wylacznik-roznicowopradowy-z-czlonem-nadpradowym-C32-Typ-A-30mA-32A-4P-RCBO-Doktorvolt-0867-16876_1\"><img decoding=\"async\" width=\"600\" height=\"600\" src=\"https:\/\/doktorvolt.pl\/wp-content\/uploads\/2025\/07\/pol_pl_Wylacznik-roznicowopradowy-z-czlonem-nadpradowym-C32-Typ-A-30mA-32A-4P-RCBO-Doktorvolt-0867-16876_1-e1753769862537-600x600.jpg\" alt class=\"img-responsive wp-image-76019\"\/><\/a><\/span><\/div><div class=\"fusion-clearfix\"><\/div><\/div><\/div><div class=\"fusion-layout-column fusion_builder_column fusion-builder-column-4 fusion_builder_column_2_3 2_3 fusion-two-third fusion-column-last\" style=\"--awb-bg-size:cover;width:66.666666666667%;width:calc(66.666666666667% - ( ( 4% ) * 0.66666666666667 ) );\"><div class=\"fusion-column-wrapper fusion-column-has-shadow fusion-flex-column-wrapper-legacy\"><div class=\"fusion-title title fusion-title-3 fusion-sep-none fusion-title-text fusion-title-size-four\"><h4 class=\"fusion-title-heading title-heading-left fusion-responsive-typography-calculated\" style=\"margin:0;--fontSize:24;line-height:1.08;\">FEHLERSTROMSCHUTZSCHALTER TYP A<\/h4><\/div><div class=\"fusion-text fusion-text-2\"><p style=\"text-align: justify;\">Doktorvolt-Fehlerstromschutzschalter sind ein wirksamer Schutz vor Stromschl\u00e4gen und Sch\u00e4den an elektrischen Anlagen. Sie erkennen selbst minimale Leckstr\u00f6me schnell, unterbrechen sofort die Stromzufuhr und verhindern gef\u00e4hrliche Unf\u00e4lle. Aus hochwertigen Materialien gefertigt, garantieren sie Zuverl\u00e4ssigkeit und eine lange Lebensdauer.<\/p>\n<\/div><div class=\"fusion-button-wrapper\"><a class=\"fusion-button button-flat button-large button-custom fusion-button-default button-2 fusion-button-default-span \" style=\"--button_accent_color:#020202;--button_accent_hover_color:#ffffff;--button_border_hover_color:#ffffff;--button_gradient_top_color:#ffffff;--button_gradient_bottom_color:#ffffff;--button_gradient_top_color_hover:#020202;--button_gradient_bottom_color_hover:#020202;\" target=\"_self\" href=\"https:\/\/doktorvolt.pl\/de\/angebot\/modulare-geraete\/fehlerstromschutzschalter\/fehlerstromschutzschalter-typ-a\/\"><span class=\"fusion-button-text awb-button__text awb-button__text--default\">FEHLERSTROMSCHUTZSCHALTER TYP A<\/span><\/a><\/div><div class=\"fusion-clearfix\"><\/div><\/div><\/div><\/div><\/div><div class=\"fusion-fullwidth fullwidth-box fusion-builder-row-4 nonhundred-percent-fullwidth non-hundred-percent-height-scrolling fusion-equal-height-columns\" style=\"--awb-border-radius-top-left:0px;--awb-border-radius-top-right:0px;--awb-border-radius-bottom-right:0px;--awb-border-radius-bottom-left:0px;--awb-margin-top:15px;--awb-margin-bottom:15px;--awb-flex-wrap:wrap;\" ><div class=\"fusion-builder-row fusion-row\"><div class=\"fusion-layout-column fusion_builder_column fusion-builder-column-5 fusion_builder_column_1_3 1_3 fusion-one-third fusion-column-first\" style=\"--awb-bg-size:cover;width:33.333333333333%;width:calc(33.333333333333% - ( ( 4% ) * 0.33333333333333 ) );margin-right: 4%;\"><div class=\"fusion-column-wrapper fusion-flex-column-wrapper-legacy\"><div class=\"fusion-image-element in-legacy-container\" style=\"--awb-caption-title-font-family:var(--h2_typography-font-family);--awb-caption-title-font-weight:var(--h2_typography-font-weight);--awb-caption-title-font-style:var(--h2_typography-font-style);--awb-caption-title-size:var(--h2_typography-font-size);--awb-caption-title-transform:var(--h2_typography-text-transform);--awb-caption-title-line-height:var(--h2_typography-line-height);--awb-caption-title-letter-spacing:var(--h2_typography-letter-spacing);\"><span class=\" fusion-imageframe imageframe-none imageframe-3 hover-type-zoomin\" style=\"border:1px solid #b5b5b5;\"><a class=\"fusion-no-lightbox\" href=\"https:\/\/doktorvolt.pl\/de\/angebot\/modulare-geraete\/fehlerstromschutzschalter\/fehlerstromschutzschalter-typ-b\/\" target=\"_self\" aria-label=\"wylacznik-roznicopradowy-do-wallboxa-typ-b-e-auto-40a-30ma-4p-ip20-rcd-5576\"><img decoding=\"async\" width=\"600\" height=\"600\" src=\"https:\/\/doktorvolt.pl\/wp-content\/uploads\/2021\/11\/wylacznik-roznicopradowy-do-wallboxa-typ-b-e-auto-40a-30ma-4p-ip20-rcd-5576-600x600.jpg\" alt class=\"img-responsive wp-image-28264\" srcset=\"https:\/\/doktorvolt.pl\/wp-content\/uploads\/2021\/11\/wylacznik-roznicopradowy-do-wallboxa-typ-b-e-auto-40a-30ma-4p-ip20-rcd-5576-200x200.jpg 200w, https:\/\/doktorvolt.pl\/wp-content\/uploads\/2021\/11\/wylacznik-roznicopradowy-do-wallboxa-typ-b-e-auto-40a-30ma-4p-ip20-rcd-5576-400x400.jpg 400w, https:\/\/doktorvolt.pl\/wp-content\/uploads\/2021\/11\/wylacznik-roznicopradowy-do-wallboxa-typ-b-e-auto-40a-30ma-4p-ip20-rcd-5576-600x600.jpg 600w, https:\/\/doktorvolt.pl\/wp-content\/uploads\/2021\/11\/wylacznik-roznicopradowy-do-wallboxa-typ-b-e-auto-40a-30ma-4p-ip20-rcd-5576.jpg 800w\" sizes=\"(max-width: 800px) 100vw, 400px\" \/><\/a><\/span><\/div><div class=\"fusion-clearfix\"><\/div><\/div><\/div><div class=\"fusion-layout-column fusion_builder_column fusion-builder-column-6 fusion_builder_column_2_3 2_3 fusion-two-third fusion-column-last\" style=\"--awb-bg-size:cover;width:66.666666666667%;width:calc(66.666666666667% - ( ( 4% ) * 0.66666666666667 ) );\"><div class=\"fusion-column-wrapper fusion-column-has-shadow fusion-flex-column-wrapper-legacy\"><div class=\"fusion-title title fusion-title-4 fusion-sep-none fusion-title-text fusion-title-size-four\"><h4 class=\"fusion-title-heading title-heading-left fusion-responsive-typography-calculated\" style=\"margin:0;--fontSize:24;line-height:1.08;\">FEHLERSTROMSCHUTZSCHALTER TYP B<\/h4><\/div><div class=\"fusion-text fusion-text-3\"><p style=\"text-align: justify;\">Doktorvolt-Fehlerstromschutzschalter sind ein wirksamer Schutz vor Stromschl\u00e4gen und Sch\u00e4den an elektrischen Anlagen. Sie erkennen selbst minimale Leckstr\u00f6me schnell, unterbrechen sofort die Stromzufuhr und verhindern gef\u00e4hrliche Unf\u00e4lle. Aus hochwertigen Materialien gefertigt, garantieren sie Zuverl\u00e4ssigkeit und eine lange Lebensdauer.<\/p>\n<\/div><div class=\"fusion-button-wrapper\"><a class=\"fusion-button button-flat button-large button-custom fusion-button-default button-3 fusion-button-default-span \" style=\"--button_accent_color:#020202;--button_accent_hover_color:#ffffff;--button_border_hover_color:#ffffff;--button_gradient_top_color:#ffffff;--button_gradient_bottom_color:#ffffff;--button_gradient_top_color_hover:#020202;--button_gradient_bottom_color_hover:#020202;\" target=\"_self\" href=\"https:\/\/doktorvolt.pl\/de\/angebot\/modulare-geraete\/fehlerstromschutzschalter\/fehlerstromschutzschalter-typ-b\/\"><span class=\"fusion-button-text awb-button__text awb-button__text--default\">FEHLERSTROMSCHUTZSCHALTER TYP B<\/span><\/a><\/div><div class=\"fusion-clearfix\"><\/div><\/div><\/div><\/div><\/div><\/p>\n","protected":false},"excerpt":{"rendered":"","protected":false},"author":15,"featured_media":71448,"parent":22640,"menu_order":0,"comment_status":"closed","ping_status":"closed","template":"100-width.php","meta":{"footnotes":""},"categories":[],"tags":[],"class_list":["post-79019","page","type-page","status-publish","has-post-thumbnail","hentry"],"yoast_head":"<!-- This site is optimized with the Yoast SEO plugin v27.0 - https:\/\/yoast.com\/product\/yoast-seo-wordpress\/ -->\n<title>FEHLERSTROMSCHUTZSCHALTER - DOKTORVOLT\u00ae<\/title>\n<meta name=\"robots\" content=\"index, follow, max-snippet:-1, max-image-preview:large, max-video-preview:-1\" \/>\n<link rel=\"canonical\" href=\"https:\/\/doktorvolt.pl\/de\/angebot\/modulare-geraete\/fehlerstromschutzschalter\/\" \/>\n<meta property=\"og:locale\" content=\"de_DE\" \/>\n<meta property=\"og:type\" content=\"article\" \/>\n<meta property=\"og:title\" content=\"FEHLERSTROMSCHUTZSCHALTER - DOKTORVOLT\u00ae\" \/>\n<meta property=\"og:url\" content=\"https:\/\/doktorvolt.pl\/de\/angebot\/modulare-geraete\/fehlerstromschutzschalter\/\" \/>\n<meta property=\"og:site_name\" content=\"DOKTORVOLT\u00ae\" \/>\n<meta property=\"article:modified_time\" content=\"2026-02-10T12:21:35+00:00\" \/>\n<meta property=\"og:image\" content=\"https:\/\/doktorvolt.pl\/wp-content\/uploads\/2025\/04\/pol_pl_Wylacznik-roznicowopradowy-RCCB-10kA-4P-40A-30mA-VDE-typ-A-Doktorvolt-DV-4247-19908_2.jpg\" \/>\n\t<meta property=\"og:image:width\" content=\"1600\" \/>\n\t<meta property=\"og:image:height\" content=\"1600\" \/>\n\t<meta property=\"og:image:type\" content=\"image\/jpeg\" \/>\n<meta name=\"twitter:card\" content=\"summary_large_image\" \/>\n<meta name=\"twitter:label1\" content=\"Gesch\u00e4tzte Lesezeit\" \/>\n\t<meta name=\"twitter:data1\" content=\"12\u00a0Minuten\" \/>\n<script type=\"application\/ld+json\" class=\"yoast-schema-graph\">{\"@context\":\"https:\/\/schema.org\",\"@graph\":[{\"@type\":\"WebPage\",\"@id\":\"https:\/\/doktorvolt.pl\/de\/angebot\/modulare-geraete\/fehlerstromschutzschalter\/\",\"url\":\"https:\/\/doktorvolt.pl\/de\/angebot\/modulare-geraete\/fehlerstromschutzschalter\/\",\"name\":\"FEHLERSTROMSCHUTZSCHALTER - DOKTORVOLT\u00ae\",\"isPartOf\":{\"@id\":\"https:\/\/doktorvolt.pl\/de\/#website\"},\"primaryImageOfPage\":{\"@id\":\"https:\/\/doktorvolt.pl\/de\/angebot\/modulare-geraete\/fehlerstromschutzschalter\/#primaryimage\"},\"image\":{\"@id\":\"https:\/\/doktorvolt.pl\/de\/angebot\/modulare-geraete\/fehlerstromschutzschalter\/#primaryimage\"},\"thumbnailUrl\":\"https:\/\/doktorvolt.pl\/wp-content\/uploads\/2025\/04\/pol_pl_Wylacznik-roznicowopradowy-RCCB-10kA-4P-40A-30mA-VDE-typ-A-Doktorvolt-DV-4247-19908_2.jpg\",\"datePublished\":\"2025-02-27T07:23:26+00:00\",\"dateModified\":\"2026-02-10T12:21:35+00:00\",\"breadcrumb\":{\"@id\":\"https:\/\/doktorvolt.pl\/de\/angebot\/modulare-geraete\/fehlerstromschutzschalter\/#breadcrumb\"},\"inLanguage\":\"de\",\"potentialAction\":[{\"@type\":\"ReadAction\",\"target\":[\"https:\/\/doktorvolt.pl\/de\/angebot\/modulare-geraete\/fehlerstromschutzschalter\/\"]}]},{\"@type\":\"ImageObject\",\"inLanguage\":\"de\",\"@id\":\"https:\/\/doktorvolt.pl\/de\/angebot\/modulare-geraete\/fehlerstromschutzschalter\/#primaryimage\",\"url\":\"https:\/\/doktorvolt.pl\/wp-content\/uploads\/2025\/04\/pol_pl_Wylacznik-roznicowopradowy-RCCB-10kA-4P-40A-30mA-VDE-typ-A-Doktorvolt-DV-4247-19908_2.jpg\",\"contentUrl\":\"https:\/\/doktorvolt.pl\/wp-content\/uploads\/2025\/04\/pol_pl_Wylacznik-roznicowopradowy-RCCB-10kA-4P-40A-30mA-VDE-typ-A-Doktorvolt-DV-4247-19908_2.jpg\",\"width\":1600,\"height\":1600},{\"@type\":\"BreadcrumbList\",\"@id\":\"https:\/\/doktorvolt.pl\/de\/angebot\/modulare-geraete\/fehlerstromschutzschalter\/#breadcrumb\",\"itemListElement\":[{\"@type\":\"ListItem\",\"position\":1,\"name\":\"Strona g\u0142\u00f3wna\",\"item\":\"https:\/\/doktorvolt.pl\/de\/\"},{\"@type\":\"ListItem\",\"position\":2,\"name\":\"ANGEBOT\",\"item\":\"https:\/\/doktorvolt.pl\/de\/angebot\/\"},{\"@type\":\"ListItem\",\"position\":3,\"name\":\"MODULARE GER\u00c4TE\",\"item\":\"https:\/\/doktorvolt.pl\/de\/angebot\/modulare-geraete\/\"},{\"@type\":\"ListItem\",\"position\":4,\"name\":\"FEHLERSTROMSCHUTZSCHALTER\"}]},{\"@type\":\"WebSite\",\"@id\":\"https:\/\/doktorvolt.pl\/de\/#website\",\"url\":\"https:\/\/doktorvolt.pl\/de\/\",\"name\":\"DOKTORVOLT\u00ae\",\"description\":\"Producent rozdzielnic budowlanych\",\"publisher\":{\"@id\":\"https:\/\/doktorvolt.pl\/de\/#organization\"},\"potentialAction\":[{\"@type\":\"SearchAction\",\"target\":{\"@type\":\"EntryPoint\",\"urlTemplate\":\"https:\/\/doktorvolt.pl\/de\/?s={search_term_string}\"},\"query-input\":{\"@type\":\"PropertyValueSpecification\",\"valueRequired\":true,\"valueName\":\"search_term_string\"}}],\"inLanguage\":\"de\"},{\"@type\":\"Organization\",\"@id\":\"https:\/\/doktorvolt.pl\/de\/#organization\",\"name\":\"DOKTORVOLT\u00ae\",\"url\":\"https:\/\/doktorvolt.pl\/de\/\",\"logo\":{\"@type\":\"ImageObject\",\"inLanguage\":\"de\",\"@id\":\"https:\/\/doktorvolt.pl\/de\/#\/schema\/logo\/image\/\",\"url\":\"https:\/\/doktorvolt.pl\/wp-content\/uploads\/2023\/10\/DoktorVOLT-black-png.png\",\"contentUrl\":\"https:\/\/doktorvolt.pl\/wp-content\/uploads\/2023\/10\/DoktorVOLT-black-png.png\",\"width\":729,\"height\":40,\"caption\":\"DOKTORVOLT\u00ae\"},\"image\":{\"@id\":\"https:\/\/doktorvolt.pl\/de\/#\/schema\/logo\/image\/\"}}]}<\/script>\n<!-- \/ Yoast SEO plugin. -->","yoast_head_json":{"title":"FEHLERSTROMSCHUTZSCHALTER - DOKTORVOLT\u00ae","robots":{"index":"index","follow":"follow","max-snippet":"max-snippet:-1","max-image-preview":"max-image-preview:large","max-video-preview":"max-video-preview:-1"},"canonical":"https:\/\/doktorvolt.pl\/de\/angebot\/modulare-geraete\/fehlerstromschutzschalter\/","og_locale":"de_DE","og_type":"article","og_title":"FEHLERSTROMSCHUTZSCHALTER - DOKTORVOLT\u00ae","og_url":"https:\/\/doktorvolt.pl\/de\/angebot\/modulare-geraete\/fehlerstromschutzschalter\/","og_site_name":"DOKTORVOLT\u00ae","article_modified_time":"2026-02-10T12:21:35+00:00","og_image":[{"width":1600,"height":1600,"url":"https:\/\/doktorvolt.pl\/wp-content\/uploads\/2025\/04\/pol_pl_Wylacznik-roznicowopradowy-RCCB-10kA-4P-40A-30mA-VDE-typ-A-Doktorvolt-DV-4247-19908_2.jpg","type":"image\/jpeg"}],"twitter_card":"summary_large_image","twitter_misc":{"Gesch\u00e4tzte Lesezeit":"12\u00a0Minuten"},"schema":{"@context":"https:\/\/schema.org","@graph":[{"@type":"WebPage","@id":"https:\/\/doktorvolt.pl\/de\/angebot\/modulare-geraete\/fehlerstromschutzschalter\/","url":"https:\/\/doktorvolt.pl\/de\/angebot\/modulare-geraete\/fehlerstromschutzschalter\/","name":"FEHLERSTROMSCHUTZSCHALTER - DOKTORVOLT\u00ae","isPartOf":{"@id":"https:\/\/doktorvolt.pl\/de\/#website"},"primaryImageOfPage":{"@id":"https:\/\/doktorvolt.pl\/de\/angebot\/modulare-geraete\/fehlerstromschutzschalter\/#primaryimage"},"image":{"@id":"https:\/\/doktorvolt.pl\/de\/angebot\/modulare-geraete\/fehlerstromschutzschalter\/#primaryimage"},"thumbnailUrl":"https:\/\/doktorvolt.pl\/wp-content\/uploads\/2025\/04\/pol_pl_Wylacznik-roznicowopradowy-RCCB-10kA-4P-40A-30mA-VDE-typ-A-Doktorvolt-DV-4247-19908_2.jpg","datePublished":"2025-02-27T07:23:26+00:00","dateModified":"2026-02-10T12:21:35+00:00","breadcrumb":{"@id":"https:\/\/doktorvolt.pl\/de\/angebot\/modulare-geraete\/fehlerstromschutzschalter\/#breadcrumb"},"inLanguage":"de","potentialAction":[{"@type":"ReadAction","target":["https:\/\/doktorvolt.pl\/de\/angebot\/modulare-geraete\/fehlerstromschutzschalter\/"]}]},{"@type":"ImageObject","inLanguage":"de","@id":"https:\/\/doktorvolt.pl\/de\/angebot\/modulare-geraete\/fehlerstromschutzschalter\/#primaryimage","url":"https:\/\/doktorvolt.pl\/wp-content\/uploads\/2025\/04\/pol_pl_Wylacznik-roznicowopradowy-RCCB-10kA-4P-40A-30mA-VDE-typ-A-Doktorvolt-DV-4247-19908_2.jpg","contentUrl":"https:\/\/doktorvolt.pl\/wp-content\/uploads\/2025\/04\/pol_pl_Wylacznik-roznicowopradowy-RCCB-10kA-4P-40A-30mA-VDE-typ-A-Doktorvolt-DV-4247-19908_2.jpg","width":1600,"height":1600},{"@type":"BreadcrumbList","@id":"https:\/\/doktorvolt.pl\/de\/angebot\/modulare-geraete\/fehlerstromschutzschalter\/#breadcrumb","itemListElement":[{"@type":"ListItem","position":1,"name":"Strona g\u0142\u00f3wna","item":"https:\/\/doktorvolt.pl\/de\/"},{"@type":"ListItem","position":2,"name":"ANGEBOT","item":"https:\/\/doktorvolt.pl\/de\/angebot\/"},{"@type":"ListItem","position":3,"name":"MODULARE GER\u00c4TE","item":"https:\/\/doktorvolt.pl\/de\/angebot\/modulare-geraete\/"},{"@type":"ListItem","position":4,"name":"FEHLERSTROMSCHUTZSCHALTER"}]},{"@type":"WebSite","@id":"https:\/\/doktorvolt.pl\/de\/#website","url":"https:\/\/doktorvolt.pl\/de\/","name":"DOKTORVOLT\u00ae","description":"Producent rozdzielnic budowlanych","publisher":{"@id":"https:\/\/doktorvolt.pl\/de\/#organization"},"potentialAction":[{"@type":"SearchAction","target":{"@type":"EntryPoint","urlTemplate":"https:\/\/doktorvolt.pl\/de\/?s={search_term_string}"},"query-input":{"@type":"PropertyValueSpecification","valueRequired":true,"valueName":"search_term_string"}}],"inLanguage":"de"},{"@type":"Organization","@id":"https:\/\/doktorvolt.pl\/de\/#organization","name":"DOKTORVOLT\u00ae","url":"https:\/\/doktorvolt.pl\/de\/","logo":{"@type":"ImageObject","inLanguage":"de","@id":"https:\/\/doktorvolt.pl\/de\/#\/schema\/logo\/image\/","url":"https:\/\/doktorvolt.pl\/wp-content\/uploads\/2023\/10\/DoktorVOLT-black-png.png","contentUrl":"https:\/\/doktorvolt.pl\/wp-content\/uploads\/2023\/10\/DoktorVOLT-black-png.png","width":729,"height":40,"caption":"DOKTORVOLT\u00ae"},"image":{"@id":"https:\/\/doktorvolt.pl\/de\/#\/schema\/logo\/image\/"}}]}},"_links":{"self":[{"href":"https:\/\/doktorvolt.pl\/de\/wp-json\/wp\/v2\/pages\/79019","targetHints":{"allow":["GET"]}}],"collection":[{"href":"https:\/\/doktorvolt.pl\/de\/wp-json\/wp\/v2\/pages"}],"about":[{"href":"https:\/\/doktorvolt.pl\/de\/wp-json\/wp\/v2\/types\/page"}],"author":[{"embeddable":true,"href":"https:\/\/doktorvolt.pl\/de\/wp-json\/wp\/v2\/users\/15"}],"replies":[{"embeddable":true,"href":"https:\/\/doktorvolt.pl\/de\/wp-json\/wp\/v2\/comments?post=79019"}],"version-history":[{"count":4,"href":"https:\/\/doktorvolt.pl\/de\/wp-json\/wp\/v2\/pages\/79019\/revisions"}],"predecessor-version":[{"id":95572,"href":"https:\/\/doktorvolt.pl\/de\/wp-json\/wp\/v2\/pages\/79019\/revisions\/95572"}],"up":[{"embeddable":true,"href":"https:\/\/doktorvolt.pl\/de\/wp-json\/wp\/v2\/pages\/22640"}],"wp:featuredmedia":[{"embeddable":true,"href":"https:\/\/doktorvolt.pl\/de\/wp-json\/wp\/v2\/media\/71448"}],"wp:attachment":[{"href":"https:\/\/doktorvolt.pl\/de\/wp-json\/wp\/v2\/media?parent=79019"}],"wp:term":[{"taxonomy":"category","embeddable":true,"href":"https:\/\/doktorvolt.pl\/de\/wp-json\/wp\/v2\/categories?post=79019"},{"taxonomy":"post_tag","embeddable":true,"href":"https:\/\/doktorvolt.pl\/de\/wp-json\/wp\/v2\/tags?post=79019"}],"curies":[{"name":"wp","href":"https:\/\/api.w.org\/{rel}","templated":true}]}}