{"id":79029,"date":"2025-07-08T13:06:55","date_gmt":"2025-07-08T12:06:55","guid":{"rendered":"https:\/\/doktorvolt.pl\/angebot\/zubehoer\/verlaengerungskabel\/przedluzacze-solarne\/"},"modified":"2025-07-30T08:11:27","modified_gmt":"2025-07-30T07:11:27","slug":"solarkabel-verlaengerungskabel","status":"publish","type":"page","link":"https:\/\/doktorvolt.pl\/de\/angebot\/zubehoer\/verlaengerungskabel\/solarkabel-verlaengerungskabel\/","title":{"rendered":"SOLARKABEL VERL\u00c4NGERUNGSKABEL"},"content":{"rendered":"<p><div class=\"fusion-fullwidth fullwidth-box fusion-builder-row-1 nonhundred-percent-fullwidth non-hundred-percent-height-scrolling\" style=\"--awb-border-radius-top-left:0px;--awb-border-radius-top-right:0px;--awb-border-radius-bottom-right:0px;--awb-border-radius-bottom-left:0px;--awb-flex-wrap:wrap;\" ><div class=\"fusion-builder-row fusion-row\"><div class=\"fusion-layout-column fusion_builder_column fusion-builder-column-0 fusion_builder_column_1_1 1_1 fusion-one-full fusion-column-first fusion-column-last\" style=\"--awb-bg-size:cover;\"><div class=\"fusion-column-wrapper fusion-flex-column-wrapper-legacy\"><div class=\"fusion-title title fusion-title-1 fusion-sep-none fusion-title-center fusion-title-text fusion-title-size-two\" style=\"--awb-margin-bottom:20px;\"><h2 class=\"fusion-title-heading title-heading-center fusion-responsive-typography-calculated\" style=\"margin:0;--fontSize:40;line-height:1.3;\">Solarkabel Verl\u00e4ngerungskabel<\/h2><\/div><div class=\"fusion-text fusion-text-1\"><p style=\"text-align: center;\">Hochwertiges Verl\u00e4ngerungskabel f\u00fcr Photovoltaikanlagen mit L\u00e4ngen von 1 &#8211; 50 Metern (w\u00e4hlbar) inklusive Stecker &#8211; MC4 (+) und (-) kompatible Stecker. Sie k\u00f6nnen sowohl im Freien als auch in Innenr\u00e4umen verwendet werden. Verl\u00e4ngerungskabel werden f\u00fcr den Anschluss von Photovoltaik-Paneelen verwendet. Die f\u00fcr die Herstellung der Verl\u00e4ngerungen verwendeten Verl\u00e4ngerungskabel sind 4mm2 oder 6mm2, mit weichem, verzinntem, mehrdr\u00e4htigem Leiter, isoliert und ummantelt mit vernetztem, halogenfreiem und \u00f6lbest\u00e4ndigem Kunststoff, sowie mit MC4-Solarsteckern.<\/p>\n<\/div><div class=\"fusion-clearfix\"><\/div><\/div><\/div><\/div><\/div><div class=\"fusion-fullwidth fullwidth-box fusion-builder-row-2 nonhundred-percent-fullwidth non-hundred-percent-height-scrolling\" style=\"--awb-border-radius-top-left:0px;--awb-border-radius-top-right:0px;--awb-border-radius-bottom-right:0px;--awb-border-radius-bottom-left:0px;--awb-margin-top:20px;--awb-margin-bottom:20px;--awb-flex-wrap:wrap;\" ><div class=\"fusion-builder-row fusion-row\"><div class=\"fusion-layout-column fusion_builder_column fusion-builder-column-1 fusion_builder_column_1_3 1_3 fusion-one-third fusion-column-first\" style=\"--awb-bg-size:cover;width:33.333333333333%;width:calc(33.333333333333% - ( ( 4% ) * 0.33333333333333 ) );margin-right: 4%;\"><div class=\"fusion-column-wrapper fusion-flex-column-wrapper-legacy\"><div class=\"fusion-image-element in-legacy-container\" style=\"--awb-caption-title-font-family:var(--h2_typography-font-family);--awb-caption-title-font-weight:var(--h2_typography-font-weight);--awb-caption-title-font-style:var(--h2_typography-font-style);--awb-caption-title-size:var(--h2_typography-font-size);--awb-caption-title-transform:var(--h2_typography-text-transform);--awb-caption-title-line-height:var(--h2_typography-line-height);--awb-caption-title-letter-spacing:var(--h2_typography-letter-spacing);\"><span class=\" fusion-imageframe imageframe-none imageframe-1 hover-type-none\"><img decoding=\"async\" width=\"300\" height=\"232\" title=\"pol_pl_Przedluzacz-solarny-kabel-4mm2-z-wtykami-MC4-czarny-czerwony-1-50m-15672_7\" src=\"https:\/\/doktorvolt.pl\/wp-content\/uploads\/2025\/02\/pol_pl_Przedluzacz-solarny-kabel-4mm2-z-wtykami-MC4-czarny-czerwony-1-50m-15672_7-300x232.png\" alt class=\"img-responsive wp-image-62612\" srcset=\"https:\/\/doktorvolt.pl\/wp-content\/uploads\/2025\/02\/pol_pl_Przedluzacz-solarny-kabel-4mm2-z-wtykami-MC4-czarny-czerwony-1-50m-15672_7-200x154.png 200w, https:\/\/doktorvolt.pl\/wp-content\/uploads\/2025\/02\/pol_pl_Przedluzacz-solarny-kabel-4mm2-z-wtykami-MC4-czarny-czerwony-1-50m-15672_7-400x309.png 400w, https:\/\/doktorvolt.pl\/wp-content\/uploads\/2025\/02\/pol_pl_Przedluzacz-solarny-kabel-4mm2-z-wtykami-MC4-czarny-czerwony-1-50m-15672_7-600x463.png 600w, https:\/\/doktorvolt.pl\/wp-content\/uploads\/2025\/02\/pol_pl_Przedluzacz-solarny-kabel-4mm2-z-wtykami-MC4-czarny-czerwony-1-50m-15672_7-800x618.png 800w, https:\/\/doktorvolt.pl\/wp-content\/uploads\/2025\/02\/pol_pl_Przedluzacz-solarny-kabel-4mm2-z-wtykami-MC4-czarny-czerwony-1-50m-15672_7-1200x926.png 1200w, https:\/\/doktorvolt.pl\/wp-content\/uploads\/2025\/02\/pol_pl_Przedluzacz-solarny-kabel-4mm2-z-wtykami-MC4-czarny-czerwony-1-50m-15672_7.png 1500w\" sizes=\"(max-width: 800px) 100vw, 400px\" \/><\/span><\/div><div class=\"fusion-clearfix\"><\/div><\/div><\/div><div class=\"fusion-layout-column fusion_builder_column fusion-builder-column-2 fusion_builder_column_2_3 2_3 fusion-two-third fusion-column-last\" style=\"--awb-bg-size:cover;width:66.666666666667%;width:calc(66.666666666667% - ( ( 4% ) * 0.66666666666667 ) );\"><div class=\"fusion-column-wrapper fusion-flex-column-wrapper-legacy\"><div class=\"fusion-title title fusion-title-2 fusion-sep-none fusion-title-text fusion-title-size-four\"><h4 class=\"fusion-title-heading title-heading-left fusion-responsive-typography-calculated\" style=\"margin:0;--fontSize:24;line-height:1.08;\">SOLARKABEL VERL\u00c4NGERUNGSKABEL 4mm\u00b2<\/h4><\/div><div class=\"fusion-text fusion-text-2\"><p>Hochwertiges 4mm\u00b2-Verl\u00e4ngerungskabel<\/p>\n<\/div><div class=\"fusion-button-wrapper\"><a class=\"fusion-button button-flat button-large button-custom fusion-button-default button-1 fusion-button-default-span fusion-button-default-type\" style=\"--button_accent_color:#020202;--button_accent_hover_color:#ffffff;--button_border_hover_color:#ffffff;--button_gradient_top_color:#ffffff;--button_gradient_bottom_color:#ffffff;--button_gradient_top_color_hover:#020202;--button_gradient_bottom_color_hover:#020202;\" target=\"_self\" href=\"https:\/\/doktorvolt.pl\/de\/angebot\/zubehoer\/verlaengerungskabel\/solarkabel-verlaengerungskabel\/solarkabel-verlaengerungskabel-4mm%c2%b2-mit-solarsteckern-rot-schwarz-1-50m\/\"><span class=\"fusion-button-text awb-button__text awb-button__text--default\">F\u00dcR DIE SOLAR 4mm\u00b2 SERIE<\/span><\/a><\/div><div class=\"fusion-clearfix\"><\/div><\/div><\/div><\/div><\/div><div class=\"fusion-fullwidth fullwidth-box fusion-builder-row-3 nonhundred-percent-fullwidth non-hundred-percent-height-scrolling\" style=\"--awb-border-radius-top-left:0px;--awb-border-radius-top-right:0px;--awb-border-radius-bottom-right:0px;--awb-border-radius-bottom-left:0px;--awb-margin-top:20px;--awb-margin-bottom:20px;--awb-flex-wrap:wrap;\" ><div class=\"fusion-builder-row fusion-row\"><div class=\"fusion-layout-column fusion_builder_column fusion-builder-column-3 fusion_builder_column_1_3 1_3 fusion-one-third fusion-column-first\" style=\"--awb-bg-size:cover;width:33.333333333333%;width:calc(33.333333333333% - ( ( 4% ) * 0.33333333333333 ) );margin-right: 4%;\"><div class=\"fusion-column-wrapper fusion-flex-column-wrapper-legacy\"><div class=\"fusion-image-element in-legacy-container\" style=\"--awb-caption-title-font-family:var(--h2_typography-font-family);--awb-caption-title-font-weight:var(--h2_typography-font-weight);--awb-caption-title-font-style:var(--h2_typography-font-style);--awb-caption-title-size:var(--h2_typography-font-size);--awb-caption-title-transform:var(--h2_typography-text-transform);--awb-caption-title-line-height:var(--h2_typography-line-height);--awb-caption-title-letter-spacing:var(--h2_typography-letter-spacing);\"><span class=\" fusion-imageframe imageframe-none imageframe-2 hover-type-none\"><img decoding=\"async\" width=\"300\" height=\"232\" title=\"pol_pl_Przedluzacz-solarny-kabel-4mm2-z-wtykami-MC4-czarny-czerwony-1-50m-15672_7\" src=\"https:\/\/doktorvolt.pl\/wp-content\/uploads\/2025\/02\/pol_pl_Przedluzacz-solarny-kabel-4mm2-z-wtykami-MC4-czarny-czerwony-1-50m-15672_7-300x232.png\" alt class=\"img-responsive wp-image-62612\" srcset=\"https:\/\/doktorvolt.pl\/wp-content\/uploads\/2025\/02\/pol_pl_Przedluzacz-solarny-kabel-4mm2-z-wtykami-MC4-czarny-czerwony-1-50m-15672_7-200x154.png 200w, https:\/\/doktorvolt.pl\/wp-content\/uploads\/2025\/02\/pol_pl_Przedluzacz-solarny-kabel-4mm2-z-wtykami-MC4-czarny-czerwony-1-50m-15672_7-400x309.png 400w, https:\/\/doktorvolt.pl\/wp-content\/uploads\/2025\/02\/pol_pl_Przedluzacz-solarny-kabel-4mm2-z-wtykami-MC4-czarny-czerwony-1-50m-15672_7-600x463.png 600w, https:\/\/doktorvolt.pl\/wp-content\/uploads\/2025\/02\/pol_pl_Przedluzacz-solarny-kabel-4mm2-z-wtykami-MC4-czarny-czerwony-1-50m-15672_7-800x618.png 800w, https:\/\/doktorvolt.pl\/wp-content\/uploads\/2025\/02\/pol_pl_Przedluzacz-solarny-kabel-4mm2-z-wtykami-MC4-czarny-czerwony-1-50m-15672_7-1200x926.png 1200w, https:\/\/doktorvolt.pl\/wp-content\/uploads\/2025\/02\/pol_pl_Przedluzacz-solarny-kabel-4mm2-z-wtykami-MC4-czarny-czerwony-1-50m-15672_7.png 1500w\" sizes=\"(max-width: 800px) 100vw, 400px\" \/><\/span><\/div><div class=\"fusion-clearfix\"><\/div><\/div><\/div><div class=\"fusion-layout-column fusion_builder_column fusion-builder-column-4 fusion_builder_column_2_3 2_3 fusion-two-third fusion-column-last\" style=\"--awb-bg-size:cover;width:66.666666666667%;width:calc(66.666666666667% - ( ( 4% ) * 0.66666666666667 ) );\"><div class=\"fusion-column-wrapper fusion-flex-column-wrapper-legacy\"><div class=\"fusion-title title fusion-title-3 fusion-sep-none fusion-title-text fusion-title-size-four\"><h4 class=\"fusion-title-heading title-heading-left fusion-responsive-typography-calculated\" style=\"margin:0;--fontSize:24;line-height:1.08;\">SOLARKABEL VERL\u00c4NGERUNGSKABEL 6mm\u00b2<\/h4><\/div><div class=\"fusion-text fusion-text-3\"><p>Hochwertiges 6mm\u00b2-Verl\u00e4ngerungskabel<\/p>\n<\/div><div class=\"fusion-button-wrapper\"><a class=\"fusion-button button-flat button-large button-custom fusion-button-default button-2 fusion-button-default-span fusion-button-default-type\" style=\"--button_accent_color:#020202;--button_accent_hover_color:#ffffff;--button_border_hover_color:#ffffff;--button_gradient_top_color:#ffffff;--button_gradient_bottom_color:#ffffff;--button_gradient_top_color_hover:#020202;--button_gradient_bottom_color_hover:#020202;\" target=\"_self\" href=\"https:\/\/doktorvolt.pl\/de\/angebot\/zubehoer\/verlaengerungskabel\/solarkabel-verlaengerungskabel\/solarkabel-verlaengerungskabel-6mm%c2%b2-mit-solarsteckern-rot-schwarz-1-50m\/\"><span class=\"fusion-button-text awb-button__text awb-button__text--default\">F\u00dcR DIE SOLAR 6mm\u00b2 SERIE<\/span><\/a><\/div><div class=\"fusion-clearfix\"><\/div><\/div><\/div><\/div><\/div><\/p>\n","protected":false},"excerpt":{"rendered":"","protected":false},"author":15,"featured_media":82108,"parent":6462,"menu_order":0,"comment_status":"closed","ping_status":"closed","template":"100-width.php","meta":{"footnotes":""},"categories":[],"tags":[],"class_list":["post-79029","page","type-page","status-publish","has-post-thumbnail","hentry"],"yoast_head":"<!-- This site is optimized with the Yoast SEO plugin v27.0 - https:\/\/yoast.com\/product\/yoast-seo-wordpress\/ -->\n<title>SOLARKABEL VERL\u00c4NGERUNGSKABEL - DOKTORVOLT\u00ae<\/title>\n<meta name=\"robots\" content=\"index, follow, max-snippet:-1, max-image-preview:large, max-video-preview:-1\" \/>\n<link rel=\"canonical\" href=\"https:\/\/doktorvolt.pl\/de\/angebot\/zubehoer\/verlaengerungskabel\/solarkabel-verlaengerungskabel\/\" \/>\n<meta property=\"og:locale\" content=\"de_DE\" \/>\n<meta property=\"og:type\" content=\"article\" \/>\n<meta property=\"og:title\" content=\"SOLARKABEL VERL\u00c4NGERUNGSKABEL - DOKTORVOLT\u00ae\" \/>\n<meta property=\"og:url\" content=\"https:\/\/doktorvolt.pl\/de\/angebot\/zubehoer\/verlaengerungskabel\/solarkabel-verlaengerungskabel\/\" \/>\n<meta property=\"og:site_name\" content=\"DOKTORVOLT\u00ae\" \/>\n<meta property=\"article:modified_time\" content=\"2025-07-30T07:11:27+00:00\" \/>\n<meta property=\"og:image\" content=\"https:\/\/doktorvolt.pl\/wp-content\/uploads\/2025\/07\/solar.jpg\" \/>\n\t<meta property=\"og:image:width\" content=\"800\" \/>\n\t<meta property=\"og:image:height\" content=\"574\" \/>\n\t<meta property=\"og:image:type\" content=\"image\/jpeg\" \/>\n<meta name=\"twitter:card\" content=\"summary_large_image\" \/>\n<meta name=\"twitter:label1\" content=\"Gesch\u00e4tzte Lesezeit\" \/>\n\t<meta name=\"twitter:data1\" content=\"8\u00a0Minuten\" \/>\n<script type=\"application\/ld+json\" class=\"yoast-schema-graph\">{\"@context\":\"https:\/\/schema.org\",\"@graph\":[{\"@type\":\"WebPage\",\"@id\":\"https:\/\/doktorvolt.pl\/de\/angebot\/zubehoer\/verlaengerungskabel\/solarkabel-verlaengerungskabel\/\",\"url\":\"https:\/\/doktorvolt.pl\/de\/angebot\/zubehoer\/verlaengerungskabel\/solarkabel-verlaengerungskabel\/\",\"name\":\"SOLARKABEL VERL\u00c4NGERUNGSKABEL - DOKTORVOLT\u00ae\",\"isPartOf\":{\"@id\":\"https:\/\/doktorvolt.pl\/de\/#website\"},\"primaryImageOfPage\":{\"@id\":\"https:\/\/doktorvolt.pl\/de\/angebot\/zubehoer\/verlaengerungskabel\/solarkabel-verlaengerungskabel\/#primaryimage\"},\"image\":{\"@id\":\"https:\/\/doktorvolt.pl\/de\/angebot\/zubehoer\/verlaengerungskabel\/solarkabel-verlaengerungskabel\/#primaryimage\"},\"thumbnailUrl\":\"https:\/\/doktorvolt.pl\/wp-content\/uploads\/2025\/07\/solar.jpg\",\"datePublished\":\"2025-07-08T12:06:55+00:00\",\"dateModified\":\"2025-07-30T07:11:27+00:00\",\"breadcrumb\":{\"@id\":\"https:\/\/doktorvolt.pl\/de\/angebot\/zubehoer\/verlaengerungskabel\/solarkabel-verlaengerungskabel\/#breadcrumb\"},\"inLanguage\":\"de\",\"potentialAction\":[{\"@type\":\"ReadAction\",\"target\":[\"https:\/\/doktorvolt.pl\/de\/angebot\/zubehoer\/verlaengerungskabel\/solarkabel-verlaengerungskabel\/\"]}]},{\"@type\":\"ImageObject\",\"inLanguage\":\"de\",\"@id\":\"https:\/\/doktorvolt.pl\/de\/angebot\/zubehoer\/verlaengerungskabel\/solarkabel-verlaengerungskabel\/#primaryimage\",\"url\":\"https:\/\/doktorvolt.pl\/wp-content\/uploads\/2025\/07\/solar.jpg\",\"contentUrl\":\"https:\/\/doktorvolt.pl\/wp-content\/uploads\/2025\/07\/solar.jpg\",\"width\":800,\"height\":574},{\"@type\":\"BreadcrumbList\",\"@id\":\"https:\/\/doktorvolt.pl\/de\/angebot\/zubehoer\/verlaengerungskabel\/solarkabel-verlaengerungskabel\/#breadcrumb\",\"itemListElement\":[{\"@type\":\"ListItem\",\"position\":1,\"name\":\"Strona g\u0142\u00f3wna\",\"item\":\"https:\/\/doktorvolt.pl\/de\/\"},{\"@type\":\"ListItem\",\"position\":2,\"name\":\"ANGEBOT\",\"item\":\"https:\/\/doktorvolt.pl\/de\/angebot\/\"},{\"@type\":\"ListItem\",\"position\":3,\"name\":\"ZUBEH\u00d6R\",\"item\":\"https:\/\/doktorvolt.pl\/de\/angebot\/zubehoer\/\"},{\"@type\":\"ListItem\",\"position\":4,\"name\":\"VERL\u00c4NGERUNGSKABEL\",\"item\":\"https:\/\/doktorvolt.pl\/de\/angebot\/zubehoer\/verlaengerungskabel\/\"},{\"@type\":\"ListItem\",\"position\":5,\"name\":\"SOLARKABEL VERL\u00c4NGERUNGSKABEL\"}]},{\"@type\":\"WebSite\",\"@id\":\"https:\/\/doktorvolt.pl\/de\/#website\",\"url\":\"https:\/\/doktorvolt.pl\/de\/\",\"name\":\"DOKTORVOLT\u00ae\",\"description\":\"Producent rozdzielnic budowlanych\",\"publisher\":{\"@id\":\"https:\/\/doktorvolt.pl\/de\/#organization\"},\"potentialAction\":[{\"@type\":\"SearchAction\",\"target\":{\"@type\":\"EntryPoint\",\"urlTemplate\":\"https:\/\/doktorvolt.pl\/de\/?s={search_term_string}\"},\"query-input\":{\"@type\":\"PropertyValueSpecification\",\"valueRequired\":true,\"valueName\":\"search_term_string\"}}],\"inLanguage\":\"de\"},{\"@type\":\"Organization\",\"@id\":\"https:\/\/doktorvolt.pl\/de\/#organization\",\"name\":\"DOKTORVOLT\u00ae\",\"url\":\"https:\/\/doktorvolt.pl\/de\/\",\"logo\":{\"@type\":\"ImageObject\",\"inLanguage\":\"de\",\"@id\":\"https:\/\/doktorvolt.pl\/de\/#\/schema\/logo\/image\/\",\"url\":\"https:\/\/doktorvolt.pl\/wp-content\/uploads\/2023\/10\/DoktorVOLT-black-png.png\",\"contentUrl\":\"https:\/\/doktorvolt.pl\/wp-content\/uploads\/2023\/10\/DoktorVOLT-black-png.png\",\"width\":729,\"height\":40,\"caption\":\"DOKTORVOLT\u00ae\"},\"image\":{\"@id\":\"https:\/\/doktorvolt.pl\/de\/#\/schema\/logo\/image\/\"}}]}<\/script>\n<!-- \/ Yoast SEO plugin. -->","yoast_head_json":{"title":"SOLARKABEL VERL\u00c4NGERUNGSKABEL - DOKTORVOLT\u00ae","robots":{"index":"index","follow":"follow","max-snippet":"max-snippet:-1","max-image-preview":"max-image-preview:large","max-video-preview":"max-video-preview:-1"},"canonical":"https:\/\/doktorvolt.pl\/de\/angebot\/zubehoer\/verlaengerungskabel\/solarkabel-verlaengerungskabel\/","og_locale":"de_DE","og_type":"article","og_title":"SOLARKABEL VERL\u00c4NGERUNGSKABEL - DOKTORVOLT\u00ae","og_url":"https:\/\/doktorvolt.pl\/de\/angebot\/zubehoer\/verlaengerungskabel\/solarkabel-verlaengerungskabel\/","og_site_name":"DOKTORVOLT\u00ae","article_modified_time":"2025-07-30T07:11:27+00:00","og_image":[{"width":800,"height":574,"url":"https:\/\/doktorvolt.pl\/wp-content\/uploads\/2025\/07\/solar.jpg","type":"image\/jpeg"}],"twitter_card":"summary_large_image","twitter_misc":{"Gesch\u00e4tzte Lesezeit":"8\u00a0Minuten"},"schema":{"@context":"https:\/\/schema.org","@graph":[{"@type":"WebPage","@id":"https:\/\/doktorvolt.pl\/de\/angebot\/zubehoer\/verlaengerungskabel\/solarkabel-verlaengerungskabel\/","url":"https:\/\/doktorvolt.pl\/de\/angebot\/zubehoer\/verlaengerungskabel\/solarkabel-verlaengerungskabel\/","name":"SOLARKABEL VERL\u00c4NGERUNGSKABEL - DOKTORVOLT\u00ae","isPartOf":{"@id":"https:\/\/doktorvolt.pl\/de\/#website"},"primaryImageOfPage":{"@id":"https:\/\/doktorvolt.pl\/de\/angebot\/zubehoer\/verlaengerungskabel\/solarkabel-verlaengerungskabel\/#primaryimage"},"image":{"@id":"https:\/\/doktorvolt.pl\/de\/angebot\/zubehoer\/verlaengerungskabel\/solarkabel-verlaengerungskabel\/#primaryimage"},"thumbnailUrl":"https:\/\/doktorvolt.pl\/wp-content\/uploads\/2025\/07\/solar.jpg","datePublished":"2025-07-08T12:06:55+00:00","dateModified":"2025-07-30T07:11:27+00:00","breadcrumb":{"@id":"https:\/\/doktorvolt.pl\/de\/angebot\/zubehoer\/verlaengerungskabel\/solarkabel-verlaengerungskabel\/#breadcrumb"},"inLanguage":"de","potentialAction":[{"@type":"ReadAction","target":["https:\/\/doktorvolt.pl\/de\/angebot\/zubehoer\/verlaengerungskabel\/solarkabel-verlaengerungskabel\/"]}]},{"@type":"ImageObject","inLanguage":"de","@id":"https:\/\/doktorvolt.pl\/de\/angebot\/zubehoer\/verlaengerungskabel\/solarkabel-verlaengerungskabel\/#primaryimage","url":"https:\/\/doktorvolt.pl\/wp-content\/uploads\/2025\/07\/solar.jpg","contentUrl":"https:\/\/doktorvolt.pl\/wp-content\/uploads\/2025\/07\/solar.jpg","width":800,"height":574},{"@type":"BreadcrumbList","@id":"https:\/\/doktorvolt.pl\/de\/angebot\/zubehoer\/verlaengerungskabel\/solarkabel-verlaengerungskabel\/#breadcrumb","itemListElement":[{"@type":"ListItem","position":1,"name":"Strona g\u0142\u00f3wna","item":"https:\/\/doktorvolt.pl\/de\/"},{"@type":"ListItem","position":2,"name":"ANGEBOT","item":"https:\/\/doktorvolt.pl\/de\/angebot\/"},{"@type":"ListItem","position":3,"name":"ZUBEH\u00d6R","item":"https:\/\/doktorvolt.pl\/de\/angebot\/zubehoer\/"},{"@type":"ListItem","position":4,"name":"VERL\u00c4NGERUNGSKABEL","item":"https:\/\/doktorvolt.pl\/de\/angebot\/zubehoer\/verlaengerungskabel\/"},{"@type":"ListItem","position":5,"name":"SOLARKABEL VERL\u00c4NGERUNGSKABEL"}]},{"@type":"WebSite","@id":"https:\/\/doktorvolt.pl\/de\/#website","url":"https:\/\/doktorvolt.pl\/de\/","name":"DOKTORVOLT\u00ae","description":"Producent rozdzielnic budowlanych","publisher":{"@id":"https:\/\/doktorvolt.pl\/de\/#organization"},"potentialAction":[{"@type":"SearchAction","target":{"@type":"EntryPoint","urlTemplate":"https:\/\/doktorvolt.pl\/de\/?s={search_term_string}"},"query-input":{"@type":"PropertyValueSpecification","valueRequired":true,"valueName":"search_term_string"}}],"inLanguage":"de"},{"@type":"Organization","@id":"https:\/\/doktorvolt.pl\/de\/#organization","name":"DOKTORVOLT\u00ae","url":"https:\/\/doktorvolt.pl\/de\/","logo":{"@type":"ImageObject","inLanguage":"de","@id":"https:\/\/doktorvolt.pl\/de\/#\/schema\/logo\/image\/","url":"https:\/\/doktorvolt.pl\/wp-content\/uploads\/2023\/10\/DoktorVOLT-black-png.png","contentUrl":"https:\/\/doktorvolt.pl\/wp-content\/uploads\/2023\/10\/DoktorVOLT-black-png.png","width":729,"height":40,"caption":"DOKTORVOLT\u00ae"},"image":{"@id":"https:\/\/doktorvolt.pl\/de\/#\/schema\/logo\/image\/"}}]}},"_links":{"self":[{"href":"https:\/\/doktorvolt.pl\/de\/wp-json\/wp\/v2\/pages\/79029","targetHints":{"allow":["GET"]}}],"collection":[{"href":"https:\/\/doktorvolt.pl\/de\/wp-json\/wp\/v2\/pages"}],"about":[{"href":"https:\/\/doktorvolt.pl\/de\/wp-json\/wp\/v2\/types\/page"}],"author":[{"embeddable":true,"href":"https:\/\/doktorvolt.pl\/de\/wp-json\/wp\/v2\/users\/15"}],"replies":[{"embeddable":true,"href":"https:\/\/doktorvolt.pl\/de\/wp-json\/wp\/v2\/comments?post=79029"}],"version-history":[{"count":3,"href":"https:\/\/doktorvolt.pl\/de\/wp-json\/wp\/v2\/pages\/79029\/revisions"}],"predecessor-version":[{"id":79030,"href":"https:\/\/doktorvolt.pl\/de\/wp-json\/wp\/v2\/pages\/79029\/revisions\/79030"}],"up":[{"embeddable":true,"href":"https:\/\/doktorvolt.pl\/de\/wp-json\/wp\/v2\/pages\/6462"}],"wp:featuredmedia":[{"embeddable":true,"href":"https:\/\/doktorvolt.pl\/de\/wp-json\/wp\/v2\/media\/82108"}],"wp:attachment":[{"href":"https:\/\/doktorvolt.pl\/de\/wp-json\/wp\/v2\/media?parent=79029"}],"wp:term":[{"taxonomy":"category","embeddable":true,"href":"https:\/\/doktorvolt.pl\/de\/wp-json\/wp\/v2\/categories?post=79029"},{"taxonomy":"post_tag","embeddable":true,"href":"https:\/\/doktorvolt.pl\/de\/wp-json\/wp\/v2\/tags?post=79029"}],"curies":[{"name":"wp","href":"https:\/\/api.w.org\/{rel}","templated":true}]}}