{"id":83659,"date":"2025-08-13T12:46:35","date_gmt":"2025-08-13T11:46:35","guid":{"rendered":"https:\/\/doktorvolt.pl\/angebot\/handelsprodukte\/saltek\/"},"modified":"2025-08-19T13:13:56","modified_gmt":"2025-08-19T11:13:56","slug":"saltek","status":"publish","type":"page","link":"https:\/\/doktorvolt.pl\/de\/angebot\/produkte-anderer-marken\/saltek\/","title":{"rendered":"SALTEK"},"content":{"rendered":"<p><div class=\"fusion-fullwidth fullwidth-box fusion-builder-row-1 nonhundred-percent-fullwidth non-hundred-percent-height-scrolling\" style=\"--awb-border-radius-top-left:0px;--awb-border-radius-top-right:0px;--awb-border-radius-bottom-right:0px;--awb-border-radius-bottom-left:0px;--awb-flex-wrap:wrap;\" ><div class=\"fusion-builder-row fusion-row\"><div class=\"fusion-layout-column fusion_builder_column fusion-builder-column-0 fusion_builder_column_1_1 1_1 fusion-one-full fusion-column-first fusion-column-last\" style=\"--awb-bg-size:cover;\"><div class=\"fusion-column-wrapper fusion-flex-column-wrapper-legacy\"><div class=\"fusion-title title fusion-title-1 fusion-sep-none fusion-title-center fusion-title-text fusion-title-size-two\" style=\"--awb-margin-bottom:20px;\"><h2 class=\"fusion-title-heading title-heading-center fusion-responsive-typography-calculated\" style=\"margin:0;--fontSize:40;line-height:1.3;\">Saltek<\/h2><\/div><div class=\"fusion-text fusion-text-1\"><p style=\"text-align: center;\" align=\"justify\"><span style=\"font-weight: 400;\">Saltek ist ein f\u00fchrender europ\u00e4ischer Hersteller von \u00dcberspannungsschutzger\u00e4ten. Das Unternehmen bietet innovative und zuverl\u00e4ssige L\u00f6sungen f\u00fcr Elektro-, Telekommunikations- und Industrieanlagen und verbindet h\u00f6chste Qualit\u00e4t mit modernster Technologie.<\/span><\/p>\n<\/div><div class=\"fusion-clearfix\"><\/div><\/div><\/div><\/div><\/div><div class=\"fusion-fullwidth fullwidth-box fusion-builder-row-2 nonhundred-percent-fullwidth non-hundred-percent-height-scrolling\" style=\"--awb-border-radius-top-left:0px;--awb-border-radius-top-right:0px;--awb-border-radius-bottom-right:0px;--awb-border-radius-bottom-left:0px;--awb-margin-top:15px;--awb-margin-bottom:15px;--awb-flex-wrap:wrap;\" ><div class=\"fusion-builder-row fusion-row\"><div class=\"fusion-layout-column fusion_builder_column fusion-builder-column-1 fusion_builder_column_1_3 1_3 fusion-one-third fusion-column-first\" style=\"--awb-bg-size:cover;width:33.333333333333%;width:calc(33.333333333333% - ( ( 4% ) * 0.33333333333333 ) );margin-right: 4%;\"><div class=\"fusion-column-wrapper fusion-flex-column-wrapper-legacy\"><div class=\"fusion-image-element in-legacy-container\" style=\"--awb-caption-title-font-family:var(--h2_typography-font-family);--awb-caption-title-font-weight:var(--h2_typography-font-weight);--awb-caption-title-font-style:var(--h2_typography-font-style);--awb-caption-title-size:var(--h2_typography-font-size);--awb-caption-title-transform:var(--h2_typography-text-transform);--awb-caption-title-line-height:var(--h2_typography-line-height);--awb-caption-title-letter-spacing:var(--h2_typography-letter-spacing);\"><span class=\" fusion-imageframe imageframe-none imageframe-1 hover-type-zoomin\" style=\"border:1px solid #b5b5b5;\"><a class=\"fusion-no-lightbox\" href=\"https:\/\/doktorvolt.pl\/de\/angebot\/produkte-anderer-marken\/saltek\/saltek-ueberspannungsschutz\/\" target=\"_self\" aria-label=\"pol_pl_Ogranicznik-przepiec-typ-1-50kA-FLP-12-5-V-3-1-do-255V-DC-szyna-DIN-warystorowy-ochronnik-przepieciowy-dla-niskiego-napiecia-20280_2\"><img decoding=\"async\" width=\"1600\" height=\"1600\" src=\"https:\/\/doktorvolt.pl\/wp-content\/uploads\/2025\/08\/pol_pl_Ogranicznik-przepiec-typ-1-50kA-FLP-12-5-V-3-1-do-255V-DC-szyna-DIN-warystorowy-ochronnik-przepieciowy-dla-niskiego-napiecia-20280_2.jpg\" alt class=\"img-responsive wp-image-83530\" srcset=\"https:\/\/doktorvolt.pl\/wp-content\/uploads\/2025\/08\/pol_pl_Ogranicznik-przepiec-typ-1-50kA-FLP-12-5-V-3-1-do-255V-DC-szyna-DIN-warystorowy-ochronnik-przepieciowy-dla-niskiego-napiecia-20280_2-200x200.jpg 200w, https:\/\/doktorvolt.pl\/wp-content\/uploads\/2025\/08\/pol_pl_Ogranicznik-przepiec-typ-1-50kA-FLP-12-5-V-3-1-do-255V-DC-szyna-DIN-warystorowy-ochronnik-przepieciowy-dla-niskiego-napiecia-20280_2-400x400.jpg 400w, https:\/\/doktorvolt.pl\/wp-content\/uploads\/2025\/08\/pol_pl_Ogranicznik-przepiec-typ-1-50kA-FLP-12-5-V-3-1-do-255V-DC-szyna-DIN-warystorowy-ochronnik-przepieciowy-dla-niskiego-napiecia-20280_2-600x600.jpg 600w, https:\/\/doktorvolt.pl\/wp-content\/uploads\/2025\/08\/pol_pl_Ogranicznik-przepiec-typ-1-50kA-FLP-12-5-V-3-1-do-255V-DC-szyna-DIN-warystorowy-ochronnik-przepieciowy-dla-niskiego-napiecia-20280_2-800x800.jpg 800w, https:\/\/doktorvolt.pl\/wp-content\/uploads\/2025\/08\/pol_pl_Ogranicznik-przepiec-typ-1-50kA-FLP-12-5-V-3-1-do-255V-DC-szyna-DIN-warystorowy-ochronnik-przepieciowy-dla-niskiego-napiecia-20280_2-1200x1200.jpg 1200w, https:\/\/doktorvolt.pl\/wp-content\/uploads\/2025\/08\/pol_pl_Ogranicznik-przepiec-typ-1-50kA-FLP-12-5-V-3-1-do-255V-DC-szyna-DIN-warystorowy-ochronnik-przepieciowy-dla-niskiego-napiecia-20280_2.jpg 1600w\" sizes=\"(max-width: 800px) 100vw, 400px\" \/><\/a><\/span><\/div><div class=\"fusion-clearfix\"><\/div><\/div><\/div><div class=\"fusion-layout-column fusion_builder_column fusion-builder-column-2 fusion_builder_column_2_3 2_3 fusion-two-third fusion-column-last\" style=\"--awb-bg-size:cover;width:66.666666666667%;width:calc(66.666666666667% - ( ( 4% ) * 0.66666666666667 ) );\"><div class=\"fusion-column-wrapper fusion-flex-column-wrapper-legacy\"><div class=\"fusion-title title fusion-title-2 fusion-sep-none fusion-title-text fusion-title-size-four\"><h4 class=\"fusion-title-heading title-heading-left fusion-responsive-typography-calculated\" style=\"margin:0;--fontSize:24;line-height:1.08;\">\u00dcberspannungsschutz<\/h4><\/div><div class=\"fusion-text fusion-text-2 fusion-no-small-visibility\"><p style=\"text-align: justify;\"><span style=\"font-weight: 400;\">Die \u00dcberspannungsableiter\u00a0 von Saltek sind hochwertige Schutzl\u00f6sungen f\u00fcr elektrische Anlagen, die vor den Folgen von \u00dcberspannungen und Blitzentladungen sch\u00fctzen. Die Produkte dieser renommierten europ\u00e4ischen Marke vereinen Zuverl\u00e4ssigkeit, Langlebigkeit und modernste Technologien und gew\u00e4hrleisten Sicherheit in vielf\u00e4ltigen Anwendungen.<\/span><\/p>\n<\/div><div class=\"fusion-text fusion-text-3 fusion-no-medium-visibility fusion-no-large-visibility\"><p style=\"text-align: justify;\"><span style=\"font-weight: 400;\">Die \u00dcberspannungsschutzger\u00e4te von Saltek sind hochwertige Schutzl\u00f6sungen f\u00fcr elektrische Anlagen. Sie vereinen Zuverl\u00e4ssigkeit, Langlebigkeit und modernste Technologien und sorgen f\u00fcr Sicherheit in unterschiedlichsten Einsatzbereichen.<\/span><\/p>\n<\/div><div class=\"fusion-button-wrapper\"><a class=\"fusion-button button-flat button-large button-custom fusion-button-default button-1 fusion-button-default-span \" style=\"--button_accent_color:#020202;--button_accent_hover_color:#ffffff;--button_border_hover_color:#ffffff;--button_gradient_top_color:#ffffff;--button_gradient_bottom_color:#ffffff;--button_gradient_top_color_hover:#020202;--button_gradient_bottom_color_hover:#020202;\" target=\"_self\" href=\"https:\/\/doktorvolt.pl\/de\/angebot\/produkte-anderer-marken\/saltek\/saltek-ueberspannungsschutz\/\"><span class=\"fusion-button-text awb-button__text awb-button__text--default\">\u00dcBERSPANNUNGSSCHUTZ<\/span><\/a><\/div><div class=\"fusion-clearfix\"><\/div><\/div><\/div><\/div><\/div><\/p>\n","protected":false},"excerpt":{"rendered":"","protected":false},"author":15,"featured_media":83630,"parent":83655,"menu_order":0,"comment_status":"closed","ping_status":"closed","template":"100-width.php","meta":{"footnotes":""},"categories":[],"tags":[],"class_list":["post-83659","page","type-page","status-publish","has-post-thumbnail","hentry"],"yoast_head":"<!-- This site is optimized with the Yoast SEO plugin v27.0 - https:\/\/yoast.com\/product\/yoast-seo-wordpress\/ -->\n<title>SALTEK - DOKTORVOLT\u00ae<\/title>\n<meta name=\"robots\" content=\"index, follow, max-snippet:-1, max-image-preview:large, max-video-preview:-1\" \/>\n<link rel=\"canonical\" href=\"https:\/\/doktorvolt.pl\/de\/angebot\/produkte-anderer-marken\/saltek\/\" \/>\n<meta property=\"og:locale\" content=\"de_DE\" \/>\n<meta property=\"og:type\" content=\"article\" \/>\n<meta property=\"og:title\" content=\"SALTEK - DOKTORVOLT\u00ae\" \/>\n<meta property=\"og:url\" content=\"https:\/\/doktorvolt.pl\/de\/angebot\/produkte-anderer-marken\/saltek\/\" \/>\n<meta property=\"og:site_name\" content=\"DOKTORVOLT\u00ae\" \/>\n<meta property=\"article:modified_time\" content=\"2025-08-19T11:13:56+00:00\" \/>\n<meta property=\"og:image\" content=\"https:\/\/doktorvolt.pl\/wp-content\/uploads\/2025\/08\/Saltek-okladka.png\" \/>\n\t<meta property=\"og:image:width\" content=\"1000\" \/>\n\t<meta property=\"og:image:height\" content=\"719\" \/>\n\t<meta property=\"og:image:type\" content=\"image\/png\" \/>\n<meta name=\"twitter:card\" content=\"summary_large_image\" \/>\n<meta name=\"twitter:label1\" content=\"Gesch\u00e4tzte Lesezeit\" \/>\n\t<meta name=\"twitter:data1\" content=\"5\u00a0Minuten\" \/>\n<script type=\"application\/ld+json\" class=\"yoast-schema-graph\">{\"@context\":\"https:\/\/schema.org\",\"@graph\":[{\"@type\":\"WebPage\",\"@id\":\"https:\/\/doktorvolt.pl\/de\/angebot\/produkte-anderer-marken\/saltek\/\",\"url\":\"https:\/\/doktorvolt.pl\/de\/angebot\/produkte-anderer-marken\/saltek\/\",\"name\":\"SALTEK - DOKTORVOLT\u00ae\",\"isPartOf\":{\"@id\":\"https:\/\/doktorvolt.pl\/de\/#website\"},\"primaryImageOfPage\":{\"@id\":\"https:\/\/doktorvolt.pl\/de\/angebot\/produkte-anderer-marken\/saltek\/#primaryimage\"},\"image\":{\"@id\":\"https:\/\/doktorvolt.pl\/de\/angebot\/produkte-anderer-marken\/saltek\/#primaryimage\"},\"thumbnailUrl\":\"https:\/\/doktorvolt.pl\/wp-content\/uploads\/2025\/08\/Saltek-okladka.png\",\"datePublished\":\"2025-08-13T11:46:35+00:00\",\"dateModified\":\"2025-08-19T11:13:56+00:00\",\"breadcrumb\":{\"@id\":\"https:\/\/doktorvolt.pl\/de\/angebot\/produkte-anderer-marken\/saltek\/#breadcrumb\"},\"inLanguage\":\"de\",\"potentialAction\":[{\"@type\":\"ReadAction\",\"target\":[\"https:\/\/doktorvolt.pl\/de\/angebot\/produkte-anderer-marken\/saltek\/\"]}]},{\"@type\":\"ImageObject\",\"inLanguage\":\"de\",\"@id\":\"https:\/\/doktorvolt.pl\/de\/angebot\/produkte-anderer-marken\/saltek\/#primaryimage\",\"url\":\"https:\/\/doktorvolt.pl\/wp-content\/uploads\/2025\/08\/Saltek-okladka.png\",\"contentUrl\":\"https:\/\/doktorvolt.pl\/wp-content\/uploads\/2025\/08\/Saltek-okladka.png\",\"width\":1000,\"height\":719},{\"@type\":\"BreadcrumbList\",\"@id\":\"https:\/\/doktorvolt.pl\/de\/angebot\/produkte-anderer-marken\/saltek\/#breadcrumb\",\"itemListElement\":[{\"@type\":\"ListItem\",\"position\":1,\"name\":\"Strona g\u0142\u00f3wna\",\"item\":\"https:\/\/doktorvolt.pl\/de\/\"},{\"@type\":\"ListItem\",\"position\":2,\"name\":\"ANGEBOT\",\"item\":\"https:\/\/doktorvolt.pl\/de\/angebot\/\"},{\"@type\":\"ListItem\",\"position\":3,\"name\":\"PRODUKTE ANDERER MARKEN\",\"item\":\"https:\/\/doktorvolt.pl\/de\/angebot\/produkte-anderer-marken\/\"},{\"@type\":\"ListItem\",\"position\":4,\"name\":\"SALTEK\"}]},{\"@type\":\"WebSite\",\"@id\":\"https:\/\/doktorvolt.pl\/de\/#website\",\"url\":\"https:\/\/doktorvolt.pl\/de\/\",\"name\":\"DOKTORVOLT\u00ae\",\"description\":\"Producent rozdzielnic budowlanych\",\"publisher\":{\"@id\":\"https:\/\/doktorvolt.pl\/de\/#organization\"},\"potentialAction\":[{\"@type\":\"SearchAction\",\"target\":{\"@type\":\"EntryPoint\",\"urlTemplate\":\"https:\/\/doktorvolt.pl\/de\/?s={search_term_string}\"},\"query-input\":{\"@type\":\"PropertyValueSpecification\",\"valueRequired\":true,\"valueName\":\"search_term_string\"}}],\"inLanguage\":\"de\"},{\"@type\":\"Organization\",\"@id\":\"https:\/\/doktorvolt.pl\/de\/#organization\",\"name\":\"DOKTORVOLT\u00ae\",\"url\":\"https:\/\/doktorvolt.pl\/de\/\",\"logo\":{\"@type\":\"ImageObject\",\"inLanguage\":\"de\",\"@id\":\"https:\/\/doktorvolt.pl\/de\/#\/schema\/logo\/image\/\",\"url\":\"https:\/\/doktorvolt.pl\/wp-content\/uploads\/2023\/10\/DoktorVOLT-black-png.png\",\"contentUrl\":\"https:\/\/doktorvolt.pl\/wp-content\/uploads\/2023\/10\/DoktorVOLT-black-png.png\",\"width\":729,\"height\":40,\"caption\":\"DOKTORVOLT\u00ae\"},\"image\":{\"@id\":\"https:\/\/doktorvolt.pl\/de\/#\/schema\/logo\/image\/\"}}]}<\/script>\n<!-- \/ Yoast SEO plugin. -->","yoast_head_json":{"title":"SALTEK - DOKTORVOLT\u00ae","robots":{"index":"index","follow":"follow","max-snippet":"max-snippet:-1","max-image-preview":"max-image-preview:large","max-video-preview":"max-video-preview:-1"},"canonical":"https:\/\/doktorvolt.pl\/de\/angebot\/produkte-anderer-marken\/saltek\/","og_locale":"de_DE","og_type":"article","og_title":"SALTEK - DOKTORVOLT\u00ae","og_url":"https:\/\/doktorvolt.pl\/de\/angebot\/produkte-anderer-marken\/saltek\/","og_site_name":"DOKTORVOLT\u00ae","article_modified_time":"2025-08-19T11:13:56+00:00","og_image":[{"width":1000,"height":719,"url":"https:\/\/doktorvolt.pl\/wp-content\/uploads\/2025\/08\/Saltek-okladka.png","type":"image\/png"}],"twitter_card":"summary_large_image","twitter_misc":{"Gesch\u00e4tzte Lesezeit":"5\u00a0Minuten"},"schema":{"@context":"https:\/\/schema.org","@graph":[{"@type":"WebPage","@id":"https:\/\/doktorvolt.pl\/de\/angebot\/produkte-anderer-marken\/saltek\/","url":"https:\/\/doktorvolt.pl\/de\/angebot\/produkte-anderer-marken\/saltek\/","name":"SALTEK - DOKTORVOLT\u00ae","isPartOf":{"@id":"https:\/\/doktorvolt.pl\/de\/#website"},"primaryImageOfPage":{"@id":"https:\/\/doktorvolt.pl\/de\/angebot\/produkte-anderer-marken\/saltek\/#primaryimage"},"image":{"@id":"https:\/\/doktorvolt.pl\/de\/angebot\/produkte-anderer-marken\/saltek\/#primaryimage"},"thumbnailUrl":"https:\/\/doktorvolt.pl\/wp-content\/uploads\/2025\/08\/Saltek-okladka.png","datePublished":"2025-08-13T11:46:35+00:00","dateModified":"2025-08-19T11:13:56+00:00","breadcrumb":{"@id":"https:\/\/doktorvolt.pl\/de\/angebot\/produkte-anderer-marken\/saltek\/#breadcrumb"},"inLanguage":"de","potentialAction":[{"@type":"ReadAction","target":["https:\/\/doktorvolt.pl\/de\/angebot\/produkte-anderer-marken\/saltek\/"]}]},{"@type":"ImageObject","inLanguage":"de","@id":"https:\/\/doktorvolt.pl\/de\/angebot\/produkte-anderer-marken\/saltek\/#primaryimage","url":"https:\/\/doktorvolt.pl\/wp-content\/uploads\/2025\/08\/Saltek-okladka.png","contentUrl":"https:\/\/doktorvolt.pl\/wp-content\/uploads\/2025\/08\/Saltek-okladka.png","width":1000,"height":719},{"@type":"BreadcrumbList","@id":"https:\/\/doktorvolt.pl\/de\/angebot\/produkte-anderer-marken\/saltek\/#breadcrumb","itemListElement":[{"@type":"ListItem","position":1,"name":"Strona g\u0142\u00f3wna","item":"https:\/\/doktorvolt.pl\/de\/"},{"@type":"ListItem","position":2,"name":"ANGEBOT","item":"https:\/\/doktorvolt.pl\/de\/angebot\/"},{"@type":"ListItem","position":3,"name":"PRODUKTE ANDERER MARKEN","item":"https:\/\/doktorvolt.pl\/de\/angebot\/produkte-anderer-marken\/"},{"@type":"ListItem","position":4,"name":"SALTEK"}]},{"@type":"WebSite","@id":"https:\/\/doktorvolt.pl\/de\/#website","url":"https:\/\/doktorvolt.pl\/de\/","name":"DOKTORVOLT\u00ae","description":"Producent rozdzielnic budowlanych","publisher":{"@id":"https:\/\/doktorvolt.pl\/de\/#organization"},"potentialAction":[{"@type":"SearchAction","target":{"@type":"EntryPoint","urlTemplate":"https:\/\/doktorvolt.pl\/de\/?s={search_term_string}"},"query-input":{"@type":"PropertyValueSpecification","valueRequired":true,"valueName":"search_term_string"}}],"inLanguage":"de"},{"@type":"Organization","@id":"https:\/\/doktorvolt.pl\/de\/#organization","name":"DOKTORVOLT\u00ae","url":"https:\/\/doktorvolt.pl\/de\/","logo":{"@type":"ImageObject","inLanguage":"de","@id":"https:\/\/doktorvolt.pl\/de\/#\/schema\/logo\/image\/","url":"https:\/\/doktorvolt.pl\/wp-content\/uploads\/2023\/10\/DoktorVOLT-black-png.png","contentUrl":"https:\/\/doktorvolt.pl\/wp-content\/uploads\/2023\/10\/DoktorVOLT-black-png.png","width":729,"height":40,"caption":"DOKTORVOLT\u00ae"},"image":{"@id":"https:\/\/doktorvolt.pl\/de\/#\/schema\/logo\/image\/"}}]}},"_links":{"self":[{"href":"https:\/\/doktorvolt.pl\/de\/wp-json\/wp\/v2\/pages\/83659","targetHints":{"allow":["GET"]}}],"collection":[{"href":"https:\/\/doktorvolt.pl\/de\/wp-json\/wp\/v2\/pages"}],"about":[{"href":"https:\/\/doktorvolt.pl\/de\/wp-json\/wp\/v2\/types\/page"}],"author":[{"embeddable":true,"href":"https:\/\/doktorvolt.pl\/de\/wp-json\/wp\/v2\/users\/15"}],"replies":[{"embeddable":true,"href":"https:\/\/doktorvolt.pl\/de\/wp-json\/wp\/v2\/comments?post=83659"}],"version-history":[{"count":6,"href":"https:\/\/doktorvolt.pl\/de\/wp-json\/wp\/v2\/pages\/83659\/revisions"}],"predecessor-version":[{"id":84140,"href":"https:\/\/doktorvolt.pl\/de\/wp-json\/wp\/v2\/pages\/83659\/revisions\/84140"}],"up":[{"embeddable":true,"href":"https:\/\/doktorvolt.pl\/de\/wp-json\/wp\/v2\/pages\/83655"}],"wp:featuredmedia":[{"embeddable":true,"href":"https:\/\/doktorvolt.pl\/de\/wp-json\/wp\/v2\/media\/83630"}],"wp:attachment":[{"href":"https:\/\/doktorvolt.pl\/de\/wp-json\/wp\/v2\/media?parent=83659"}],"wp:term":[{"taxonomy":"category","embeddable":true,"href":"https:\/\/doktorvolt.pl\/de\/wp-json\/wp\/v2\/categories?post=83659"},{"taxonomy":"post_tag","embeddable":true,"href":"https:\/\/doktorvolt.pl\/de\/wp-json\/wp\/v2\/tags?post=83659"}],"curies":[{"name":"wp","href":"https:\/\/api.w.org\/{rel}","templated":true}]}}