{"id":95639,"date":"2026-02-11T11:17:19","date_gmt":"2026-02-11T09:17:19","guid":{"rendered":"https:\/\/doktorvolt.pl\/angebot\/modulare-geraete\/akcesoria-modulowe\/"},"modified":"2026-02-11T11:45:17","modified_gmt":"2026-02-11T09:45:17","slug":"modulare-zubehoer","status":"publish","type":"page","link":"https:\/\/doktorvolt.pl\/de\/angebot\/modulare-geraete\/modulare-zubehoer\/","title":{"rendered":"MODULARE ZUBEH\u00d6R"},"content":{"rendered":"<div class=\"fusion-fullwidth fullwidth-box fusion-builder-row-1 nonhundred-percent-fullwidth non-hundred-percent-height-scrolling\" style=\"--awb-border-radius-top-left:0px;--awb-border-radius-top-right:0px;--awb-border-radius-bottom-right:0px;--awb-border-radius-bottom-left:0px;--awb-flex-wrap:wrap;\" ><div class=\"fusion-builder-row fusion-row\"><div class=\"fusion-layout-column fusion_builder_column fusion-builder-column-0 fusion_builder_column_1_1 1_1 fusion-one-full fusion-column-first fusion-column-last\" style=\"--awb-bg-size:cover;\"><div class=\"fusion-column-wrapper fusion-flex-column-wrapper-legacy\"><div class=\"fusion-title title fusion-title-1 fusion-sep-none fusion-title-center fusion-title-text fusion-title-size-two\" style=\"--awb-margin-bottom:20px;\"><h2 class=\"fusion-title-heading title-heading-center fusion-responsive-typography-calculated\" style=\"margin:0;--fontSize:40;line-height:1.3;\">MODULARE ZUBEH\u00d6R<\/h2><\/div><div class=\"fusion-text fusion-text-1\"><p style=\"text-align: center;\">Die modularen DIN-Zubeh\u00f6rteile von Doktorvolt sind hochwertige Komponenten f\u00fcr die Montage auf DIN-Schienen in Baustromverteiler. Sie bestechen durch ihre solide Verarbeitung, langlebigen Materialien und pr\u00e4zise Anpassung an die Modulger\u00e4te. Sie gew\u00e4hrleisten Zuverl\u00e4ssigkeit, Sicherheit der Installation und lange Lebensdauer auch unter anspruchsvollen Betriebsbedingungen.<\/p>\n<\/div><div class=\"fusion-clearfix\"><\/div><\/div><\/div><div class=\"fusion-layout-column fusion_builder_column fusion-builder-column-1 fusion_builder_column_1_1 1_1 fusion-one-full fusion-column-first fusion-column-last\" style=\"--awb-bg-size:cover;\"><div class=\"fusion-column-wrapper fusion-flex-column-wrapper-legacy\"><div class=\"fusion-recent-posts fusion-recent-posts-1 avada-container layout-default layout-columns-4\"><section class=\"fusion-columns columns fusion-columns-4 columns-4\"><article class=\"post fusion-column column col col-lg-3 col-md-3 col-sm-3\"><div class=\"fusion-flexslider fusion-flexslider-loading flexslider flexslider-hover-type-zoomin\"><ul class=\"slides\"><li><a href=\"https:\/\/doktorvolt.pl\/de\/angebot\/modulare-geraete\/modulare-zubehoer\/leuchtmelder-led-dreiphasig-230v-400v-phasenkontrolle-signalleuchte-dv-5596\/\" aria-label=\"Leuchtmelder LED Dreiphasig 230V\/400V Phasenkontrolle Signalleuchte DV-5596\" class=\"hover-type-zoomin\"><img decoding=\"async\" width=\"1600\" height=\"1600\" src=\"https:\/\/doktorvolt.pl\/wp-content\/uploads\/2026\/02\/pol_pl_Lampka-sygnalizacyjna-trojfazowa-230V-400V-diody-LED-3-f-czerwony-zielony-zolty-Doktorvolt-DV-5596-20355_4-1.jpg\" class=\"attachment-full size-full\" alt=\"\" srcset=\"https:\/\/doktorvolt.pl\/wp-content\/uploads\/2026\/02\/pol_pl_Lampka-sygnalizacyjna-trojfazowa-230V-400V-diody-LED-3-f-czerwony-zielony-zolty-Doktorvolt-DV-5596-20355_4-1-200x200.jpg 200w, https:\/\/doktorvolt.pl\/wp-content\/uploads\/2026\/02\/pol_pl_Lampka-sygnalizacyjna-trojfazowa-230V-400V-diody-LED-3-f-czerwony-zielony-zolty-Doktorvolt-DV-5596-20355_4-1-400x400.jpg 400w, https:\/\/doktorvolt.pl\/wp-content\/uploads\/2026\/02\/pol_pl_Lampka-sygnalizacyjna-trojfazowa-230V-400V-diody-LED-3-f-czerwony-zielony-zolty-Doktorvolt-DV-5596-20355_4-1-600x600.jpg 600w, https:\/\/doktorvolt.pl\/wp-content\/uploads\/2026\/02\/pol_pl_Lampka-sygnalizacyjna-trojfazowa-230V-400V-diody-LED-3-f-czerwony-zielony-zolty-Doktorvolt-DV-5596-20355_4-1-800x800.jpg 800w, https:\/\/doktorvolt.pl\/wp-content\/uploads\/2026\/02\/pol_pl_Lampka-sygnalizacyjna-trojfazowa-230V-400V-diody-LED-3-f-czerwony-zielony-zolty-Doktorvolt-DV-5596-20355_4-1-1200x1200.jpg 1200w, https:\/\/doktorvolt.pl\/wp-content\/uploads\/2026\/02\/pol_pl_Lampka-sygnalizacyjna-trojfazowa-230V-400V-diody-LED-3-f-czerwony-zielony-zolty-Doktorvolt-DV-5596-20355_4-1.jpg 1600w\" sizes=\"(min-width: 2200px) 100vw, (min-width: 916px) 270px, (min-width: 824px) 360px, (min-width: 732px) 540px, (min-width: 640px) 732px, \" \/><\/a><\/li><\/ul><\/div><div class=\"recent-posts-content\"><span class=\"vcard\" style=\"display: none;\"><span class=\"fn\"><a href=\"\" title=\"Beitr\u00e4ge von \" rel=\"author\"><\/a><\/span><\/span><span class=\"updated\" style=\"display:none;\">2026-02-11T11:51:52+02:00<\/span><h4 class=\"entry-title\"><a href=\"https:\/\/doktorvolt.pl\/de\/angebot\/modulare-geraete\/modulare-zubehoer\/leuchtmelder-led-dreiphasig-230v-400v-phasenkontrolle-signalleuchte-dv-5596\/\">Leuchtmelder LED Dreiphasig 230V\/400V Phasenkontrolle Signalleuchte DV-5596<\/a><\/h4><\/div><\/article><\/section><\/div><div class=\"fusion-clearfix\"><\/div><\/div><\/div><\/div><\/div>\n","protected":false},"excerpt":{"rendered":"","protected":false},"author":20,"featured_media":95641,"parent":22640,"menu_order":0,"comment_status":"closed","ping_status":"closed","template":"100-width.php","meta":{"footnotes":""},"categories":[],"tags":[],"class_list":["post-95639","page","type-page","status-publish","has-post-thumbnail","hentry"],"yoast_head":"<!-- This site is optimized with the Yoast SEO plugin v27.0 - https:\/\/yoast.com\/product\/yoast-seo-wordpress\/ -->\n<title>MODULARE ZUBEH\u00d6R - DOKTORVOLT\u00ae<\/title>\n<meta name=\"robots\" content=\"index, follow, max-snippet:-1, max-image-preview:large, max-video-preview:-1\" \/>\n<link rel=\"canonical\" href=\"https:\/\/doktorvolt.pl\/de\/angebot\/modulare-geraete\/modulare-zubehoer\/\" \/>\n<meta property=\"og:locale\" content=\"de_DE\" \/>\n<meta property=\"og:type\" content=\"article\" \/>\n<meta property=\"og:title\" content=\"MODULARE ZUBEH\u00d6R - DOKTORVOLT\u00ae\" \/>\n<meta property=\"og:url\" content=\"https:\/\/doktorvolt.pl\/de\/angebot\/modulare-geraete\/modulare-zubehoer\/\" \/>\n<meta property=\"og:site_name\" content=\"DOKTORVOLT\u00ae\" \/>\n<meta property=\"article:modified_time\" content=\"2026-02-11T09:45:17+00:00\" \/>\n<meta property=\"og:image\" content=\"https:\/\/doktorvolt.pl\/wp-content\/uploads\/2026\/02\/pol_pl_Lampka-sygnalizacyjna-trojfazowa-230V-400V-diody-LED-3-f-czerwony-zielony-zolty-Doktorvolt-DV-5596-20355_4-2.jpg\" \/>\n\t<meta property=\"og:image:width\" content=\"1600\" \/>\n\t<meta property=\"og:image:height\" content=\"1600\" \/>\n\t<meta property=\"og:image:type\" content=\"image\/jpeg\" \/>\n<meta name=\"twitter:card\" content=\"summary_large_image\" \/>\n<meta name=\"twitter:label1\" content=\"Gesch\u00e4tzte Lesezeit\" \/>\n\t<meta name=\"twitter:data1\" content=\"2\u00a0Minuten\" \/>\n<script type=\"application\/ld+json\" class=\"yoast-schema-graph\">{\"@context\":\"https:\/\/schema.org\",\"@graph\":[{\"@type\":\"WebPage\",\"@id\":\"https:\/\/doktorvolt.pl\/de\/angebot\/modulare-geraete\/modulare-zubehoer\/\",\"url\":\"https:\/\/doktorvolt.pl\/de\/angebot\/modulare-geraete\/modulare-zubehoer\/\",\"name\":\"MODULARE ZUBEH\u00d6R - DOKTORVOLT\u00ae\",\"isPartOf\":{\"@id\":\"https:\/\/doktorvolt.pl\/de\/#website\"},\"primaryImageOfPage\":{\"@id\":\"https:\/\/doktorvolt.pl\/de\/angebot\/modulare-geraete\/modulare-zubehoer\/#primaryimage\"},\"image\":{\"@id\":\"https:\/\/doktorvolt.pl\/de\/angebot\/modulare-geraete\/modulare-zubehoer\/#primaryimage\"},\"thumbnailUrl\":\"https:\/\/doktorvolt.pl\/wp-content\/uploads\/2026\/02\/pol_pl_Lampka-sygnalizacyjna-trojfazowa-230V-400V-diody-LED-3-f-czerwony-zielony-zolty-Doktorvolt-DV-5596-20355_4-2.jpg\",\"datePublished\":\"2026-02-11T09:17:19+00:00\",\"dateModified\":\"2026-02-11T09:45:17+00:00\",\"breadcrumb\":{\"@id\":\"https:\/\/doktorvolt.pl\/de\/angebot\/modulare-geraete\/modulare-zubehoer\/#breadcrumb\"},\"inLanguage\":\"de\",\"potentialAction\":[{\"@type\":\"ReadAction\",\"target\":[\"https:\/\/doktorvolt.pl\/de\/angebot\/modulare-geraete\/modulare-zubehoer\/\"]}]},{\"@type\":\"ImageObject\",\"inLanguage\":\"de\",\"@id\":\"https:\/\/doktorvolt.pl\/de\/angebot\/modulare-geraete\/modulare-zubehoer\/#primaryimage\",\"url\":\"https:\/\/doktorvolt.pl\/wp-content\/uploads\/2026\/02\/pol_pl_Lampka-sygnalizacyjna-trojfazowa-230V-400V-diody-LED-3-f-czerwony-zielony-zolty-Doktorvolt-DV-5596-20355_4-2.jpg\",\"contentUrl\":\"https:\/\/doktorvolt.pl\/wp-content\/uploads\/2026\/02\/pol_pl_Lampka-sygnalizacyjna-trojfazowa-230V-400V-diody-LED-3-f-czerwony-zielony-zolty-Doktorvolt-DV-5596-20355_4-2.jpg\",\"width\":1600,\"height\":1600},{\"@type\":\"BreadcrumbList\",\"@id\":\"https:\/\/doktorvolt.pl\/de\/angebot\/modulare-geraete\/modulare-zubehoer\/#breadcrumb\",\"itemListElement\":[{\"@type\":\"ListItem\",\"position\":1,\"name\":\"Strona g\u0142\u00f3wna\",\"item\":\"https:\/\/doktorvolt.pl\/de\/\"},{\"@type\":\"ListItem\",\"position\":2,\"name\":\"ANGEBOT\",\"item\":\"https:\/\/doktorvolt.pl\/de\/angebot\/\"},{\"@type\":\"ListItem\",\"position\":3,\"name\":\"MODULARE GER\u00c4TE\",\"item\":\"https:\/\/doktorvolt.pl\/de\/angebot\/modulare-geraete\/\"},{\"@type\":\"ListItem\",\"position\":4,\"name\":\"MODULARE ZUBEH\u00d6R\"}]},{\"@type\":\"WebSite\",\"@id\":\"https:\/\/doktorvolt.pl\/de\/#website\",\"url\":\"https:\/\/doktorvolt.pl\/de\/\",\"name\":\"DOKTORVOLT\u00ae\",\"description\":\"Producent rozdzielnic budowlanych\",\"publisher\":{\"@id\":\"https:\/\/doktorvolt.pl\/de\/#organization\"},\"potentialAction\":[{\"@type\":\"SearchAction\",\"target\":{\"@type\":\"EntryPoint\",\"urlTemplate\":\"https:\/\/doktorvolt.pl\/de\/?s={search_term_string}\"},\"query-input\":{\"@type\":\"PropertyValueSpecification\",\"valueRequired\":true,\"valueName\":\"search_term_string\"}}],\"inLanguage\":\"de\"},{\"@type\":\"Organization\",\"@id\":\"https:\/\/doktorvolt.pl\/de\/#organization\",\"name\":\"DOKTORVOLT\u00ae\",\"url\":\"https:\/\/doktorvolt.pl\/de\/\",\"logo\":{\"@type\":\"ImageObject\",\"inLanguage\":\"de\",\"@id\":\"https:\/\/doktorvolt.pl\/de\/#\/schema\/logo\/image\/\",\"url\":\"https:\/\/doktorvolt.pl\/wp-content\/uploads\/2023\/10\/DoktorVOLT-black-png.png\",\"contentUrl\":\"https:\/\/doktorvolt.pl\/wp-content\/uploads\/2023\/10\/DoktorVOLT-black-png.png\",\"width\":729,\"height\":40,\"caption\":\"DOKTORVOLT\u00ae\"},\"image\":{\"@id\":\"https:\/\/doktorvolt.pl\/de\/#\/schema\/logo\/image\/\"}}]}<\/script>\n<!-- \/ Yoast SEO plugin. -->","yoast_head_json":{"title":"MODULARE ZUBEH\u00d6R - DOKTORVOLT\u00ae","robots":{"index":"index","follow":"follow","max-snippet":"max-snippet:-1","max-image-preview":"max-image-preview:large","max-video-preview":"max-video-preview:-1"},"canonical":"https:\/\/doktorvolt.pl\/de\/angebot\/modulare-geraete\/modulare-zubehoer\/","og_locale":"de_DE","og_type":"article","og_title":"MODULARE ZUBEH\u00d6R - DOKTORVOLT\u00ae","og_url":"https:\/\/doktorvolt.pl\/de\/angebot\/modulare-geraete\/modulare-zubehoer\/","og_site_name":"DOKTORVOLT\u00ae","article_modified_time":"2026-02-11T09:45:17+00:00","og_image":[{"width":1600,"height":1600,"url":"https:\/\/doktorvolt.pl\/wp-content\/uploads\/2026\/02\/pol_pl_Lampka-sygnalizacyjna-trojfazowa-230V-400V-diody-LED-3-f-czerwony-zielony-zolty-Doktorvolt-DV-5596-20355_4-2.jpg","type":"image\/jpeg"}],"twitter_card":"summary_large_image","twitter_misc":{"Gesch\u00e4tzte Lesezeit":"2\u00a0Minuten"},"schema":{"@context":"https:\/\/schema.org","@graph":[{"@type":"WebPage","@id":"https:\/\/doktorvolt.pl\/de\/angebot\/modulare-geraete\/modulare-zubehoer\/","url":"https:\/\/doktorvolt.pl\/de\/angebot\/modulare-geraete\/modulare-zubehoer\/","name":"MODULARE ZUBEH\u00d6R - DOKTORVOLT\u00ae","isPartOf":{"@id":"https:\/\/doktorvolt.pl\/de\/#website"},"primaryImageOfPage":{"@id":"https:\/\/doktorvolt.pl\/de\/angebot\/modulare-geraete\/modulare-zubehoer\/#primaryimage"},"image":{"@id":"https:\/\/doktorvolt.pl\/de\/angebot\/modulare-geraete\/modulare-zubehoer\/#primaryimage"},"thumbnailUrl":"https:\/\/doktorvolt.pl\/wp-content\/uploads\/2026\/02\/pol_pl_Lampka-sygnalizacyjna-trojfazowa-230V-400V-diody-LED-3-f-czerwony-zielony-zolty-Doktorvolt-DV-5596-20355_4-2.jpg","datePublished":"2026-02-11T09:17:19+00:00","dateModified":"2026-02-11T09:45:17+00:00","breadcrumb":{"@id":"https:\/\/doktorvolt.pl\/de\/angebot\/modulare-geraete\/modulare-zubehoer\/#breadcrumb"},"inLanguage":"de","potentialAction":[{"@type":"ReadAction","target":["https:\/\/doktorvolt.pl\/de\/angebot\/modulare-geraete\/modulare-zubehoer\/"]}]},{"@type":"ImageObject","inLanguage":"de","@id":"https:\/\/doktorvolt.pl\/de\/angebot\/modulare-geraete\/modulare-zubehoer\/#primaryimage","url":"https:\/\/doktorvolt.pl\/wp-content\/uploads\/2026\/02\/pol_pl_Lampka-sygnalizacyjna-trojfazowa-230V-400V-diody-LED-3-f-czerwony-zielony-zolty-Doktorvolt-DV-5596-20355_4-2.jpg","contentUrl":"https:\/\/doktorvolt.pl\/wp-content\/uploads\/2026\/02\/pol_pl_Lampka-sygnalizacyjna-trojfazowa-230V-400V-diody-LED-3-f-czerwony-zielony-zolty-Doktorvolt-DV-5596-20355_4-2.jpg","width":1600,"height":1600},{"@type":"BreadcrumbList","@id":"https:\/\/doktorvolt.pl\/de\/angebot\/modulare-geraete\/modulare-zubehoer\/#breadcrumb","itemListElement":[{"@type":"ListItem","position":1,"name":"Strona g\u0142\u00f3wna","item":"https:\/\/doktorvolt.pl\/de\/"},{"@type":"ListItem","position":2,"name":"ANGEBOT","item":"https:\/\/doktorvolt.pl\/de\/angebot\/"},{"@type":"ListItem","position":3,"name":"MODULARE GER\u00c4TE","item":"https:\/\/doktorvolt.pl\/de\/angebot\/modulare-geraete\/"},{"@type":"ListItem","position":4,"name":"MODULARE ZUBEH\u00d6R"}]},{"@type":"WebSite","@id":"https:\/\/doktorvolt.pl\/de\/#website","url":"https:\/\/doktorvolt.pl\/de\/","name":"DOKTORVOLT\u00ae","description":"Producent rozdzielnic budowlanych","publisher":{"@id":"https:\/\/doktorvolt.pl\/de\/#organization"},"potentialAction":[{"@type":"SearchAction","target":{"@type":"EntryPoint","urlTemplate":"https:\/\/doktorvolt.pl\/de\/?s={search_term_string}"},"query-input":{"@type":"PropertyValueSpecification","valueRequired":true,"valueName":"search_term_string"}}],"inLanguage":"de"},{"@type":"Organization","@id":"https:\/\/doktorvolt.pl\/de\/#organization","name":"DOKTORVOLT\u00ae","url":"https:\/\/doktorvolt.pl\/de\/","logo":{"@type":"ImageObject","inLanguage":"de","@id":"https:\/\/doktorvolt.pl\/de\/#\/schema\/logo\/image\/","url":"https:\/\/doktorvolt.pl\/wp-content\/uploads\/2023\/10\/DoktorVOLT-black-png.png","contentUrl":"https:\/\/doktorvolt.pl\/wp-content\/uploads\/2023\/10\/DoktorVOLT-black-png.png","width":729,"height":40,"caption":"DOKTORVOLT\u00ae"},"image":{"@id":"https:\/\/doktorvolt.pl\/de\/#\/schema\/logo\/image\/"}}]}},"_links":{"self":[{"href":"https:\/\/doktorvolt.pl\/de\/wp-json\/wp\/v2\/pages\/95639","targetHints":{"allow":["GET"]}}],"collection":[{"href":"https:\/\/doktorvolt.pl\/de\/wp-json\/wp\/v2\/pages"}],"about":[{"href":"https:\/\/doktorvolt.pl\/de\/wp-json\/wp\/v2\/types\/page"}],"author":[{"embeddable":true,"href":"https:\/\/doktorvolt.pl\/de\/wp-json\/wp\/v2\/users\/20"}],"replies":[{"embeddable":true,"href":"https:\/\/doktorvolt.pl\/de\/wp-json\/wp\/v2\/comments?post=95639"}],"version-history":[{"count":2,"href":"https:\/\/doktorvolt.pl\/de\/wp-json\/wp\/v2\/pages\/95639\/revisions"}],"predecessor-version":[{"id":95644,"href":"https:\/\/doktorvolt.pl\/de\/wp-json\/wp\/v2\/pages\/95639\/revisions\/95644"}],"up":[{"embeddable":true,"href":"https:\/\/doktorvolt.pl\/de\/wp-json\/wp\/v2\/pages\/22640"}],"wp:featuredmedia":[{"embeddable":true,"href":"https:\/\/doktorvolt.pl\/de\/wp-json\/wp\/v2\/media\/95641"}],"wp:attachment":[{"href":"https:\/\/doktorvolt.pl\/de\/wp-json\/wp\/v2\/media?parent=95639"}],"wp:term":[{"taxonomy":"category","embeddable":true,"href":"https:\/\/doktorvolt.pl\/de\/wp-json\/wp\/v2\/categories?post=95639"},{"taxonomy":"post_tag","embeddable":true,"href":"https:\/\/doktorvolt.pl\/de\/wp-json\/wp\/v2\/tags?post=95639"}],"curies":[{"name":"wp","href":"https:\/\/api.w.org\/{rel}","templated":true}]}}