{"id":9691,"date":"2019-06-11T07:35:23","date_gmt":"2019-06-11T06:35:23","guid":{"rendered":"http:\/\/doktorvolt.pl\/?page_id=9691"},"modified":"2025-09-08T15:16:37","modified_gmt":"2025-09-08T13:16:37","slug":"3-wege-230v-verlaengerungskabel","status":"publish","type":"page","link":"https:\/\/doktorvolt.pl\/de\/angebot\/zubehoer\/verlaengerungskabel\/prcd-s-serie\/3-wege-230v-verlaengerungskabel\/","title":{"rendered":"3-Wege 230V Verl\u00e4ngerungskabel DV-9597-3-W-Y-FI"},"content":{"rendered":"<p><div class=\"fusion-fullwidth fullwidth-box fusion-builder-row-1 hundred-percent-fullwidth non-hundred-percent-height-scrolling\" style=\"--awb-border-radius-top-left:0px;--awb-border-radius-top-right:0px;--awb-border-radius-bottom-right:0px;--awb-border-radius-bottom-left:0px;--awb-flex-wrap:wrap;\" ><div class=\"fusion-builder-row fusion-row\"><div class=\"fusion-layout-column fusion_builder_column fusion-builder-column-0 fusion_builder_column_1_1 1_1 fusion-one-full fusion-column-first fusion-column-last\" style=\"--awb-bg-size:cover;\"><div class=\"fusion-column-wrapper fusion-flex-column-wrapper-legacy\"><div class=\"fusion-image-carousel fusion-image-carousel-auto fusion-image-carousel-1\"><div class=\"awb-carousel awb-swiper awb-swiper-carousel awb-carousel--carousel awb-swiper-dots-position-bottom\" data-layout=\"carousel\" data-autoplay=\"yes\" data-autoplayspeed=\"2500\" data-autoplaypause=\"no\" data-columns=\"1\" data-columnsmedium=\"1\" data-columnssmall=\"1\" data-itemmargin=\"0\" data-itemwidth=\"180\" data-touchscroll=\"no\" data-freemode=\"no\" data-imagesize=\"auto\" data-scrollitems=\"0\" data-centeredslides=\"no\" data-rotationangle=\"50\" data-depth=\"100\" data-speed=\"500\" data-shadow=\"no\" data-pagination=\"bullets\" style=\"--awb-columns:1;--awb-column-spacing:0px;\"><div class=\"swiper-wrapper awb-image-carousel-wrapper fusion-flex-align-items-center\"><div class=\"swiper-slide\"><div class=\"fusion-carousel-item-wrapper\"><div class=\"fusion-image-wrapper hover-type-none\"><img decoding=\"async\" width=\"2340\" height=\"1200\" src=\"https:\/\/doktorvolt.pl\/wp-content\/uploads\/2019\/06\/PRCD-s-3x20V.png\" class=\"attachment-full size-full\" alt=\"\" srcset=\"https:\/\/doktorvolt.pl\/wp-content\/uploads\/2019\/06\/PRCD-s-3x20V-200x103.png 200w, https:\/\/doktorvolt.pl\/wp-content\/uploads\/2019\/06\/PRCD-s-3x20V-300x154.png 300w, https:\/\/doktorvolt.pl\/wp-content\/uploads\/2019\/06\/PRCD-s-3x20V-400x205.png 400w, https:\/\/doktorvolt.pl\/wp-content\/uploads\/2019\/06\/PRCD-s-3x20V-500x256.png 500w, https:\/\/doktorvolt.pl\/wp-content\/uploads\/2019\/06\/PRCD-s-3x20V-600x308.png 600w, https:\/\/doktorvolt.pl\/wp-content\/uploads\/2019\/06\/PRCD-s-3x20V-700x359.png 700w, https:\/\/doktorvolt.pl\/wp-content\/uploads\/2019\/06\/PRCD-s-3x20V-768x394.png 768w, https:\/\/doktorvolt.pl\/wp-content\/uploads\/2019\/06\/PRCD-s-3x20V-800x410.png 800w, https:\/\/doktorvolt.pl\/wp-content\/uploads\/2019\/06\/PRCD-s-3x20V-1024x525.png 1024w, https:\/\/doktorvolt.pl\/wp-content\/uploads\/2019\/06\/PRCD-s-3x20V-1200x615.png 1200w, https:\/\/doktorvolt.pl\/wp-content\/uploads\/2019\/06\/PRCD-s-3x20V.png 2340w\" sizes=\"(max-width: 2340px) 100vw, 2340px\" \/><\/div><\/div><\/div><\/div><div class=\"awb-swiper-button awb-swiper-button-prev\"><i class=\"awb-icon-angle-left\" aria-hidden=\"true\"><\/i><\/div><div class=\"awb-swiper-button awb-swiper-button-next\"><i class=\"awb-icon-angle-right\" aria-hidden=\"true\"><\/i><\/div><\/div><\/div><div class=\"fusion-clearfix\"><\/div><\/div><\/div><\/div><\/div><div class=\"fusion-fullwidth fullwidth-box fusion-builder-row-2 fusion-flex-container nonhundred-percent-fullwidth non-hundred-percent-height-scrolling\" style=\"--awb-border-radius-top-left:0px;--awb-border-radius-top-right:0px;--awb-border-radius-bottom-right:0px;--awb-border-radius-bottom-left:0px;--awb-flex-wrap:wrap;\" ><div class=\"fusion-builder-row fusion-row fusion-flex-align-items-flex-start fusion-flex-content-wrap\" style=\"max-width:1216.8px;margin-left: calc(-4% \/ 2 );margin-right: calc(-4% \/ 2 );\"><div class=\"fusion-layout-column fusion_builder_column fusion-builder-column-1 fusion_builder_column_1_1 1_1 fusion-flex-column\" style=\"--awb-bg-size:cover;--awb-width-large:100%;--awb-margin-top-large:0px;--awb-spacing-right-large:1.92%;--awb-margin-bottom-large:20px;--awb-spacing-left-large:1.92%;--awb-width-medium:100%;--awb-order-medium:0;--awb-spacing-right-medium:1.92%;--awb-spacing-left-medium:1.92%;--awb-width-small:100%;--awb-order-small:0;--awb-spacing-right-small:1.92%;--awb-spacing-left-small:1.92%;\"><div class=\"fusion-column-wrapper fusion-column-has-shadow fusion-flex-justify-content-flex-start fusion-content-layout-column\"><div class=\"fusion-title title fusion-title-1 fusion-sep-none fusion-title-center fusion-title-text fusion-title-size-one\"><h1 class=\"fusion-title-heading title-heading-center fusion-responsive-typography-calculated\" style=\"margin:0;--fontSize:40;line-height:1.23;\"><h3 style=\"color: red;\">HIER KAUFEN: <a style=\"color: red;\" href=\"https:\/\/preis-zone.com\/personenschutzschalter-verlaengerungskabel\/2730-3-wege-verlaengerungskabel-3x230v-25m-3x25-personenschutzschalter-prcd-s-doktorvolt-9597-5903260279597.html?search_query=5903260279597&amp;results=1\">PREIS-ZONE.COM<\/a><\/h3><\/h1><\/div><\/div><\/div><\/div><\/div><div class=\"fusion-fullwidth fullwidth-box fusion-builder-row-3 nonhundred-percent-fullwidth non-hundred-percent-height-scrolling\" style=\"--awb-border-radius-top-left:0px;--awb-border-radius-top-right:0px;--awb-border-radius-bottom-right:0px;--awb-border-radius-bottom-left:0px;--awb-padding-bottom:100px;--awb-flex-wrap:wrap;\" ><div class=\"fusion-builder-row fusion-row\"><div class=\"fusion-layout-column fusion_builder_column fusion-builder-column-2 fusion_builder_column_1_3 1_3 fusion-one-third fusion-column-first\" style=\"--awb-bg-size:cover;--awb-margin-bottom:0px;width:30.6666%; margin-right: 4%;\"><div class=\"fusion-column-wrapper fusion-flex-column-wrapper-legacy\"><div class=\"fusion-text fusion-text-1\"><p>Verl\u00e4ngerungskabel aus Gummi f\u00fcr den Einsatz unter schwierigen Bedingungen. Ideal f\u00fcr die Stromversorgung tragbarer Ger\u00e4te. Kabel best\u00e4ndig gegen \u00d6le.<\/p>\n<p>Der elektrische Stecker PRCD-S + ist ein mobiler Fehlerstromschutzschalter mit Universalschalter. F\u00fcr den Einsatz in Steckdosen mit unbekannten Schutzma\u00dfnahmen.<\/p>\n<\/div><div class=\"fusion-clearfix\"><\/div><\/div><\/div><div class=\"fusion-layout-column fusion_builder_column fusion-builder-column-3 fusion_builder_column_2_3 2_3 fusion-two-third fusion-column-last\" style=\"--awb-bg-size:cover;--awb-margin-bottom:0px;width:65.3333%;\"><div class=\"fusion-column-wrapper fusion-flex-column-wrapper-legacy\">\n<div class=\"table-1\">\n<table style=\"margin-bottom: 50px;\">\n<thead>\n<tr align=\"left\">\n<td align=\"right\" valign=\"middle\"><strong>Nennspannung<\/strong><\/td>\n<td>230V AC<\/td>\n<\/tr>\n<tr align=\"left\">\n<td align=\"right\" valign=\"middle\"><strong>Nennstrom<\/strong><\/td>\n<td>16A<\/td>\n<\/tr>\n<tr align=\"left\">\n<td align=\"right\" valign=\"middle\"><strong>Leitungsquerschnitt<\/strong><\/td>\n<td>3&#215;2,5mm\u00b2<\/td>\n<\/tr>\n<tr align=\"left\">\n<td align=\"right\" valign=\"middle\"><strong>Kabeltyp<\/strong><\/td>\n<td>H07RN-F<\/p>\n<p>(Gummileitung OnPD, \u00f6lbestandig, mechanisch hoch belastbar)<\/td>\n<\/tr>\n<tr align=\"left\">\n<td align=\"right\" valign=\"middle\"><strong>Best\u00fcckung<\/strong><\/td>\n<td>Stecker UniSchuko 16A 230V IP44 Typ BL 7373 BALS<\/p>\n<p>3-Wege Kupplung 3x230V 16A IP44 TpE<\/p>\n<p>Personenschutzschalter PRCD-S+ PCE IP55<\/td>\n<\/tr>\n<tr align=\"left\">\n<td align=\"right\" valign=\"middle\"><strong>Kabelummantelung<\/strong><\/td>\n<td>Neopren-Kautschuk<\/td>\n<\/tr>\n<tr align=\"left\">\n<td align=\"right\" valign=\"middle\"><strong>L\u00e4nge<\/strong><\/td>\n<td>25m<\/td>\n<\/tr>\n<tr align=\"left\">\n<td align=\"right\" valign=\"middle\"><strong>Schutzart<\/strong><\/td>\n<td>IP44<\/td>\n<\/tr>\n<tr align=\"left\">\n<td align=\"right\" valign=\"middle\"><strong>Symbol<\/strong><\/td>\n<td>DV-9597-3-W-Y-FI<\/td>\n<\/tr>\n<tr align=\"left\">\n<td align=\"right\" valign=\"middle\"><strong>EAN<\/strong><\/td>\n<td>5903260279597<\/td>\n<\/tr>\n<\/thead>\n<\/table>\n<\/div>\n<div class=\"fusion-text fusion-text-2\"><p><strong>Selbstklebende Band &#8211; Klettverschluss zum Umschnallen des Kabels.<\/strong><\/p>\n<\/div><div class=\"fusion-clearfix\"><\/div><\/div><\/div><\/div><\/div><div class=\"fusion-fullwidth fullwidth-box fusion-builder-row-4 nonhundred-percent-fullwidth non-hundred-percent-height-scrolling fusion-equal-height-columns\" style=\"--awb-border-radius-top-left:0px;--awb-border-radius-top-right:0px;--awb-border-radius-bottom-right:0px;--awb-border-radius-bottom-left:0px;--awb-padding-top:0px;--awb-padding-right:0px;--awb-padding-bottom:0px;--awb-padding-left:0px;--awb-margin-top:0px;--awb-margin-bottom:0px;--awb-flex-wrap:wrap;\" ><div class=\"fusion-builder-row fusion-row\"><div class=\"fusion-layout-column fusion_builder_column fusion-builder-column-4 fusion_builder_column_1_1 1_1 fusion-one-full fusion-column-first fusion-column-last\" style=\"--awb-padding-top:0px;--awb-padding-right:0px;--awb-padding-bottom:0px;--awb-padding-left:0px;--awb-bg-size:cover;--awb-margin-bottom:0px;\"><div class=\"fusion-column-wrapper fusion-flex-column-wrapper-legacy\"><div class=\"fusion-title title fusion-title-2 fusion-sep-none fusion-title-text fusion-title-size-four\"><h4 class=\"fusion-title-heading title-heading-left fusion-responsive-typography-calculated\" style=\"margin:0;--fontSize:24;line-height:1.08;\">\u00c4hnliche Produkte<\/h4><\/div><div class=\"fusion-recent-posts fusion-recent-posts-1 avada-container layout-default layout-columns-4 font-podobne\"><section class=\"fusion-columns columns fusion-columns-4 columns-4\"><article class=\"post fusion-column column col col-lg-3 col-md-3 col-sm-3\"><div class=\"fusion-flexslider fusion-flexslider-loading flexslider flexslider-hover-type-zoomin\"><ul class=\"slides\"><li><a href=\"https:\/\/doktorvolt.pl\/de\/angebot\/zubehoer\/verlaengerungskabel\/prcd-s-serie\/3-wege-230v-verlaengerungskabel\/\" aria-label=\"3-Wege 230V Verl\u00e4ngerungskabel DV-9597-3-W-Y-FI\" class=\"hover-type-zoomin\"><img decoding=\"async\" width=\"700\" height=\"441\" src=\"https:\/\/doktorvolt.pl\/wp-content\/uploads\/2019\/06\/PRCD-s-3x20V-700x441.png\" class=\"attachment-recent-posts size-recent-posts\" alt=\"\" srcset=\"https:\/\/doktorvolt.pl\/wp-content\/uploads\/2019\/06\/PRCD-s-3x20V-320x202.png 320w, https:\/\/doktorvolt.pl\/wp-content\/uploads\/2019\/06\/PRCD-s-3x20V-700x441.png 700w\" sizes=\"(max-width: 700px) 100vw, 700px\" \/><\/a><\/li><\/ul><\/div><div class=\"recent-posts-content\"><span class=\"vcard\" style=\"display: none;\"><span class=\"fn\"><a href=\"\" title=\"Beitr\u00e4ge von \" rel=\"author\"><\/a><\/span><\/span><span class=\"updated\" style=\"display:none;\">2025-09-08T15:16:37+02:00<\/span><h4 class=\"entry-title\"><a href=\"https:\/\/doktorvolt.pl\/de\/angebot\/zubehoer\/verlaengerungskabel\/prcd-s-serie\/3-wege-230v-verlaengerungskabel\/\">3-Wege 230V Verl\u00e4ngerungskabel DV-9597-3-W-Y-FI<\/a><\/h4><\/div><\/article><article class=\"post fusion-column column col col-lg-3 col-md-3 col-sm-3\"><div class=\"fusion-flexslider fusion-flexslider-loading flexslider flexslider-hover-type-zoomin\"><ul class=\"slides\"><li><a href=\"https:\/\/doktorvolt.pl\/de\/angebot\/zubehoer\/verlaengerungskabel\/prcd-s-serie\/verlaengerungskabel-230v-mit-personenschutzschalter\/\" aria-label=\"Verl\u00e4ngerungskabel 230V mit Personenschutzschalter DV-9580-D-230-FI\" class=\"hover-type-zoomin\"><img decoding=\"async\" width=\"700\" height=\"441\" src=\"https:\/\/doktorvolt.pl\/wp-content\/uploads\/2019\/06\/PRCD-s-1-700x441.png\" class=\"attachment-recent-posts size-recent-posts\" alt=\"\" srcset=\"https:\/\/doktorvolt.pl\/wp-content\/uploads\/2019\/06\/PRCD-s-1-320x202.png 320w, https:\/\/doktorvolt.pl\/wp-content\/uploads\/2019\/06\/PRCD-s-1-700x441.png 700w\" sizes=\"(max-width: 700px) 100vw, 700px\" \/><\/a><\/li><\/ul><\/div><div class=\"recent-posts-content\"><span class=\"vcard\" style=\"display: none;\"><span class=\"fn\"><a href=\"\" title=\"Beitr\u00e4ge von \" rel=\"author\"><\/a><\/span><\/span><span class=\"updated\" style=\"display:none;\">2025-09-08T15:16:38+02:00<\/span><h4 class=\"entry-title\"><a href=\"https:\/\/doktorvolt.pl\/de\/angebot\/zubehoer\/verlaengerungskabel\/prcd-s-serie\/verlaengerungskabel-230v-mit-personenschutzschalter\/\">Verl\u00e4ngerungskabel 230V mit Personenschutzschalter DV-9580-D-230-FI<\/a><\/h4><\/div><\/article><\/section><\/div><div class=\"fusion-clearfix\"><\/div><\/div><\/div><\/div><\/div><\/p>\n","protected":false},"excerpt":{"rendered":"","protected":false},"author":15,"featured_media":11133,"parent":9679,"menu_order":0,"comment_status":"closed","ping_status":"closed","template":"","meta":{"footnotes":""},"categories":[133],"tags":[],"class_list":["post-9691","page","type-page","status-publish","has-post-thumbnail","hentry","category-prcd-s-serie"],"yoast_head":"<!-- This site is optimized with the Yoast SEO plugin v27.0 - https:\/\/yoast.com\/product\/yoast-seo-wordpress\/ -->\n<title>3-Wege 230V Verl\u00e4ngerungskabel DV-9597-3-W-Y-FI - DOKTORVOLT\u00ae<\/title>\n<meta name=\"robots\" content=\"index, follow, max-snippet:-1, max-image-preview:large, max-video-preview:-1\" \/>\n<link rel=\"canonical\" href=\"https:\/\/doktorvolt.pl\/de\/angebot\/zubehoer\/verlaengerungskabel\/prcd-s-serie\/3-wege-230v-verlaengerungskabel\/\" \/>\n<meta property=\"og:locale\" content=\"de_DE\" \/>\n<meta property=\"og:type\" content=\"article\" \/>\n<meta property=\"og:title\" content=\"3-Wege 230V Verl\u00e4ngerungskabel DV-9597-3-W-Y-FI - DOKTORVOLT\u00ae\" \/>\n<meta property=\"og:url\" content=\"https:\/\/doktorvolt.pl\/de\/angebot\/zubehoer\/verlaengerungskabel\/prcd-s-serie\/3-wege-230v-verlaengerungskabel\/\" \/>\n<meta property=\"og:site_name\" content=\"DOKTORVOLT\u00ae\" \/>\n<meta property=\"article:modified_time\" content=\"2025-09-08T13:16:37+00:00\" \/>\n<meta property=\"og:image\" content=\"https:\/\/doktorvolt.pl\/wp-content\/uploads\/2019\/06\/PRCD-s-3x20V.png\" \/>\n\t<meta property=\"og:image:width\" content=\"2340\" \/>\n\t<meta property=\"og:image:height\" content=\"1200\" \/>\n\t<meta property=\"og:image:type\" content=\"image\/png\" \/>\n<meta name=\"twitter:card\" content=\"summary_large_image\" \/>\n<meta name=\"twitter:label1\" content=\"Gesch\u00e4tzte Lesezeit\" \/>\n\t<meta name=\"twitter:data1\" content=\"3\u00a0Minuten\" \/>\n<script type=\"application\/ld+json\" class=\"yoast-schema-graph\">{\"@context\":\"https:\/\/schema.org\",\"@graph\":[{\"@type\":\"WebPage\",\"@id\":\"https:\/\/doktorvolt.pl\/de\/angebot\/zubehoer\/verlaengerungskabel\/prcd-s-serie\/3-wege-230v-verlaengerungskabel\/\",\"url\":\"https:\/\/doktorvolt.pl\/de\/angebot\/zubehoer\/verlaengerungskabel\/prcd-s-serie\/3-wege-230v-verlaengerungskabel\/\",\"name\":\"3-Wege 230V Verl\u00e4ngerungskabel DV-9597-3-W-Y-FI - DOKTORVOLT\u00ae\",\"isPartOf\":{\"@id\":\"https:\/\/doktorvolt.pl\/de\/#website\"},\"primaryImageOfPage\":{\"@id\":\"https:\/\/doktorvolt.pl\/de\/angebot\/zubehoer\/verlaengerungskabel\/prcd-s-serie\/3-wege-230v-verlaengerungskabel\/#primaryimage\"},\"image\":{\"@id\":\"https:\/\/doktorvolt.pl\/de\/angebot\/zubehoer\/verlaengerungskabel\/prcd-s-serie\/3-wege-230v-verlaengerungskabel\/#primaryimage\"},\"thumbnailUrl\":\"https:\/\/doktorvolt.pl\/wp-content\/uploads\/2019\/06\/PRCD-s-3x20V.png\",\"datePublished\":\"2019-06-11T06:35:23+00:00\",\"dateModified\":\"2025-09-08T13:16:37+00:00\",\"breadcrumb\":{\"@id\":\"https:\/\/doktorvolt.pl\/de\/angebot\/zubehoer\/verlaengerungskabel\/prcd-s-serie\/3-wege-230v-verlaengerungskabel\/#breadcrumb\"},\"inLanguage\":\"de\",\"potentialAction\":[{\"@type\":\"ReadAction\",\"target\":[\"https:\/\/doktorvolt.pl\/de\/angebot\/zubehoer\/verlaengerungskabel\/prcd-s-serie\/3-wege-230v-verlaengerungskabel\/\"]}]},{\"@type\":\"ImageObject\",\"inLanguage\":\"de\",\"@id\":\"https:\/\/doktorvolt.pl\/de\/angebot\/zubehoer\/verlaengerungskabel\/prcd-s-serie\/3-wege-230v-verlaengerungskabel\/#primaryimage\",\"url\":\"https:\/\/doktorvolt.pl\/wp-content\/uploads\/2019\/06\/PRCD-s-3x20V.png\",\"contentUrl\":\"https:\/\/doktorvolt.pl\/wp-content\/uploads\/2019\/06\/PRCD-s-3x20V.png\",\"width\":2340,\"height\":1200},{\"@type\":\"BreadcrumbList\",\"@id\":\"https:\/\/doktorvolt.pl\/de\/angebot\/zubehoer\/verlaengerungskabel\/prcd-s-serie\/3-wege-230v-verlaengerungskabel\/#breadcrumb\",\"itemListElement\":[{\"@type\":\"ListItem\",\"position\":1,\"name\":\"Strona g\u0142\u00f3wna\",\"item\":\"https:\/\/doktorvolt.pl\/de\/\"},{\"@type\":\"ListItem\",\"position\":2,\"name\":\"ANGEBOT\",\"item\":\"https:\/\/doktorvolt.pl\/de\/angebot\/\"},{\"@type\":\"ListItem\",\"position\":3,\"name\":\"ZUBEH\u00d6R\",\"item\":\"https:\/\/doktorvolt.pl\/de\/angebot\/zubehoer\/\"},{\"@type\":\"ListItem\",\"position\":4,\"name\":\"VERL\u00c4NGERUNGSKABEL\",\"item\":\"https:\/\/doktorvolt.pl\/de\/angebot\/zubehoer\/verlaengerungskabel\/\"},{\"@type\":\"ListItem\",\"position\":5,\"name\":\"PRCD-S SERIE\",\"item\":\"https:\/\/doktorvolt.pl\/de\/angebot\/zubehoer\/verlaengerungskabel\/prcd-s-serie\/\"},{\"@type\":\"ListItem\",\"position\":6,\"name\":\"3-Wege 230V Verl\u00e4ngerungskabel DV-9597-3-W-Y-FI\"}]},{\"@type\":\"WebSite\",\"@id\":\"https:\/\/doktorvolt.pl\/de\/#website\",\"url\":\"https:\/\/doktorvolt.pl\/de\/\",\"name\":\"DOKTORVOLT\u00ae\",\"description\":\"Producent rozdzielnic budowlanych\",\"publisher\":{\"@id\":\"https:\/\/doktorvolt.pl\/de\/#organization\"},\"potentialAction\":[{\"@type\":\"SearchAction\",\"target\":{\"@type\":\"EntryPoint\",\"urlTemplate\":\"https:\/\/doktorvolt.pl\/de\/?s={search_term_string}\"},\"query-input\":{\"@type\":\"PropertyValueSpecification\",\"valueRequired\":true,\"valueName\":\"search_term_string\"}}],\"inLanguage\":\"de\"},{\"@type\":\"Organization\",\"@id\":\"https:\/\/doktorvolt.pl\/de\/#organization\",\"name\":\"DOKTORVOLT\u00ae\",\"url\":\"https:\/\/doktorvolt.pl\/de\/\",\"logo\":{\"@type\":\"ImageObject\",\"inLanguage\":\"de\",\"@id\":\"https:\/\/doktorvolt.pl\/de\/#\/schema\/logo\/image\/\",\"url\":\"https:\/\/doktorvolt.pl\/wp-content\/uploads\/2023\/10\/DoktorVOLT-black-png.png\",\"contentUrl\":\"https:\/\/doktorvolt.pl\/wp-content\/uploads\/2023\/10\/DoktorVOLT-black-png.png\",\"width\":729,\"height\":40,\"caption\":\"DOKTORVOLT\u00ae\"},\"image\":{\"@id\":\"https:\/\/doktorvolt.pl\/de\/#\/schema\/logo\/image\/\"}}]}<\/script>\n<!-- \/ Yoast SEO plugin. -->","yoast_head_json":{"title":"3-Wege 230V Verl\u00e4ngerungskabel DV-9597-3-W-Y-FI - DOKTORVOLT\u00ae","robots":{"index":"index","follow":"follow","max-snippet":"max-snippet:-1","max-image-preview":"max-image-preview:large","max-video-preview":"max-video-preview:-1"},"canonical":"https:\/\/doktorvolt.pl\/de\/angebot\/zubehoer\/verlaengerungskabel\/prcd-s-serie\/3-wege-230v-verlaengerungskabel\/","og_locale":"de_DE","og_type":"article","og_title":"3-Wege 230V Verl\u00e4ngerungskabel DV-9597-3-W-Y-FI - DOKTORVOLT\u00ae","og_url":"https:\/\/doktorvolt.pl\/de\/angebot\/zubehoer\/verlaengerungskabel\/prcd-s-serie\/3-wege-230v-verlaengerungskabel\/","og_site_name":"DOKTORVOLT\u00ae","article_modified_time":"2025-09-08T13:16:37+00:00","og_image":[{"width":2340,"height":1200,"url":"https:\/\/doktorvolt.pl\/wp-content\/uploads\/2019\/06\/PRCD-s-3x20V.png","type":"image\/png"}],"twitter_card":"summary_large_image","twitter_misc":{"Gesch\u00e4tzte Lesezeit":"3\u00a0Minuten"},"schema":{"@context":"https:\/\/schema.org","@graph":[{"@type":"WebPage","@id":"https:\/\/doktorvolt.pl\/de\/angebot\/zubehoer\/verlaengerungskabel\/prcd-s-serie\/3-wege-230v-verlaengerungskabel\/","url":"https:\/\/doktorvolt.pl\/de\/angebot\/zubehoer\/verlaengerungskabel\/prcd-s-serie\/3-wege-230v-verlaengerungskabel\/","name":"3-Wege 230V Verl\u00e4ngerungskabel DV-9597-3-W-Y-FI - DOKTORVOLT\u00ae","isPartOf":{"@id":"https:\/\/doktorvolt.pl\/de\/#website"},"primaryImageOfPage":{"@id":"https:\/\/doktorvolt.pl\/de\/angebot\/zubehoer\/verlaengerungskabel\/prcd-s-serie\/3-wege-230v-verlaengerungskabel\/#primaryimage"},"image":{"@id":"https:\/\/doktorvolt.pl\/de\/angebot\/zubehoer\/verlaengerungskabel\/prcd-s-serie\/3-wege-230v-verlaengerungskabel\/#primaryimage"},"thumbnailUrl":"https:\/\/doktorvolt.pl\/wp-content\/uploads\/2019\/06\/PRCD-s-3x20V.png","datePublished":"2019-06-11T06:35:23+00:00","dateModified":"2025-09-08T13:16:37+00:00","breadcrumb":{"@id":"https:\/\/doktorvolt.pl\/de\/angebot\/zubehoer\/verlaengerungskabel\/prcd-s-serie\/3-wege-230v-verlaengerungskabel\/#breadcrumb"},"inLanguage":"de","potentialAction":[{"@type":"ReadAction","target":["https:\/\/doktorvolt.pl\/de\/angebot\/zubehoer\/verlaengerungskabel\/prcd-s-serie\/3-wege-230v-verlaengerungskabel\/"]}]},{"@type":"ImageObject","inLanguage":"de","@id":"https:\/\/doktorvolt.pl\/de\/angebot\/zubehoer\/verlaengerungskabel\/prcd-s-serie\/3-wege-230v-verlaengerungskabel\/#primaryimage","url":"https:\/\/doktorvolt.pl\/wp-content\/uploads\/2019\/06\/PRCD-s-3x20V.png","contentUrl":"https:\/\/doktorvolt.pl\/wp-content\/uploads\/2019\/06\/PRCD-s-3x20V.png","width":2340,"height":1200},{"@type":"BreadcrumbList","@id":"https:\/\/doktorvolt.pl\/de\/angebot\/zubehoer\/verlaengerungskabel\/prcd-s-serie\/3-wege-230v-verlaengerungskabel\/#breadcrumb","itemListElement":[{"@type":"ListItem","position":1,"name":"Strona g\u0142\u00f3wna","item":"https:\/\/doktorvolt.pl\/de\/"},{"@type":"ListItem","position":2,"name":"ANGEBOT","item":"https:\/\/doktorvolt.pl\/de\/angebot\/"},{"@type":"ListItem","position":3,"name":"ZUBEH\u00d6R","item":"https:\/\/doktorvolt.pl\/de\/angebot\/zubehoer\/"},{"@type":"ListItem","position":4,"name":"VERL\u00c4NGERUNGSKABEL","item":"https:\/\/doktorvolt.pl\/de\/angebot\/zubehoer\/verlaengerungskabel\/"},{"@type":"ListItem","position":5,"name":"PRCD-S SERIE","item":"https:\/\/doktorvolt.pl\/de\/angebot\/zubehoer\/verlaengerungskabel\/prcd-s-serie\/"},{"@type":"ListItem","position":6,"name":"3-Wege 230V Verl\u00e4ngerungskabel DV-9597-3-W-Y-FI"}]},{"@type":"WebSite","@id":"https:\/\/doktorvolt.pl\/de\/#website","url":"https:\/\/doktorvolt.pl\/de\/","name":"DOKTORVOLT\u00ae","description":"Producent rozdzielnic budowlanych","publisher":{"@id":"https:\/\/doktorvolt.pl\/de\/#organization"},"potentialAction":[{"@type":"SearchAction","target":{"@type":"EntryPoint","urlTemplate":"https:\/\/doktorvolt.pl\/de\/?s={search_term_string}"},"query-input":{"@type":"PropertyValueSpecification","valueRequired":true,"valueName":"search_term_string"}}],"inLanguage":"de"},{"@type":"Organization","@id":"https:\/\/doktorvolt.pl\/de\/#organization","name":"DOKTORVOLT\u00ae","url":"https:\/\/doktorvolt.pl\/de\/","logo":{"@type":"ImageObject","inLanguage":"de","@id":"https:\/\/doktorvolt.pl\/de\/#\/schema\/logo\/image\/","url":"https:\/\/doktorvolt.pl\/wp-content\/uploads\/2023\/10\/DoktorVOLT-black-png.png","contentUrl":"https:\/\/doktorvolt.pl\/wp-content\/uploads\/2023\/10\/DoktorVOLT-black-png.png","width":729,"height":40,"caption":"DOKTORVOLT\u00ae"},"image":{"@id":"https:\/\/doktorvolt.pl\/de\/#\/schema\/logo\/image\/"}}]}},"_links":{"self":[{"href":"https:\/\/doktorvolt.pl\/de\/wp-json\/wp\/v2\/pages\/9691","targetHints":{"allow":["GET"]}}],"collection":[{"href":"https:\/\/doktorvolt.pl\/de\/wp-json\/wp\/v2\/pages"}],"about":[{"href":"https:\/\/doktorvolt.pl\/de\/wp-json\/wp\/v2\/types\/page"}],"author":[{"embeddable":true,"href":"https:\/\/doktorvolt.pl\/de\/wp-json\/wp\/v2\/users\/15"}],"replies":[{"embeddable":true,"href":"https:\/\/doktorvolt.pl\/de\/wp-json\/wp\/v2\/comments?post=9691"}],"version-history":[{"count":8,"href":"https:\/\/doktorvolt.pl\/de\/wp-json\/wp\/v2\/pages\/9691\/revisions"}],"predecessor-version":[{"id":87353,"href":"https:\/\/doktorvolt.pl\/de\/wp-json\/wp\/v2\/pages\/9691\/revisions\/87353"}],"up":[{"embeddable":true,"href":"https:\/\/doktorvolt.pl\/de\/wp-json\/wp\/v2\/pages\/9679"}],"wp:featuredmedia":[{"embeddable":true,"href":"https:\/\/doktorvolt.pl\/de\/wp-json\/wp\/v2\/media\/11133"}],"wp:attachment":[{"href":"https:\/\/doktorvolt.pl\/de\/wp-json\/wp\/v2\/media?parent=9691"}],"wp:term":[{"taxonomy":"category","embeddable":true,"href":"https:\/\/doktorvolt.pl\/de\/wp-json\/wp\/v2\/categories?post=9691"},{"taxonomy":"post_tag","embeddable":true,"href":"https:\/\/doktorvolt.pl\/de\/wp-json\/wp\/v2\/tags?post=9691"}],"curies":[{"name":"wp","href":"https:\/\/api.w.org\/{rel}","templated":true}]}}