{"id":109574,"date":"2026-02-24T11:48:40","date_gmt":"2026-02-24T09:48:40","guid":{"rendered":"https:\/\/doktorvolt.pl\/sklep\/unkategorisiert\/rozdzielnica-budowlana-na-stojaku-z-naswietlaczem-ext-s-fi-set-32a-2x16a-4x230v-schuko-doktorvolt-dv-0027-d\/"},"modified":"2026-04-23T14:15:31","modified_gmt":"2026-04-23T12:15:31","slug":"rozdzielnica-budowlana-na-stojaku-z-naswietlaczem-ext-s-fi-set-32a-2x16a-4x230v-schuko-doktorvolt-dv-0027-d","status":"publish","type":"product","link":"https:\/\/doktorvolt.pl\/de\/offer-doktorvolt\/stromverteiler\/set-serie\/rozdzielnica-budowlana-na-stojaku-z-naswietlaczem-ext-s-fi-set-32a-2x16a-4x230v-schuko-doktorvolt-dv-0027-d\/","title":{"rendered":"Baustromverteiler auf St\u00e4nder Stromverteiler mit LED-Strahler eXT S\/FI SET tragbar mit Steckdosen 32A 2x16A CEE MENNEKES 4x230V Stromverteiler f\u00fcr Baustellen Stromkasten mit Schutz Schuko Doktorvolt DV-0027-D"},"content":{"rendered":"<p><!DOCTYPE html><br \/>\n <html lang=\"de\"><br \/>\n <head><br \/>\n  <meta charset=\"UTF-8\"><br \/>\n  <meta name=\"viewport\" content=\"width=device-width, initial-scale=1.0\">\n  <link rel=\"stylesheet\" href=\"https:\/\/preis-zone.com\/data\/include\/cms\/1.-style-css\/style_dlugi_DV.css?v=1744613556021\">\n  <title>Baustromverteiler auf St\u00e4nder Stromverteiler mit LED-Strahler eXT S\/FI SET tragbar mit Steckdosen 32A 2x16A CEE MENNEKES 4x230V Stromverteiler f\u00fcr Baustellen Stromkasten mit Schutz Schuko Doktorvolt DV-0027-D<\/title><br \/>\n <\/head><br \/>\n <body><\/p>\n<h1 class=\"title-h1\"><span>Baustromverteiler auf St\u00e4nder Stromverteiler mit LED-Strahler eXT S\/FI SET tragbar mit Steckdosen 32A 2x16A CEE MENNEKES 4x230V Stromverteiler f\u00fcr Baustellen Stromkasten mit Schutz Schuko Doktorvolt DV-0027-D<\/span><\/h1>\n<h4 class=\"title-h4\"><span>Robuster mobiler Baustromverteiler mit LED-Beleuchtung, stabilem Stativ und deutschem Schuko-System. Ideal f\u00fcr Baustellen, Industrie, Werkst\u00e4tten und Outdoor-Events.<\/span><\/h4>\n<div><img decoding=\"async\" class=\"full-width-img\" src=\"https:\/\/shop38554-1.yourtechnicaldomain.com\/data\/include\/cms\/1-zdjecia-produktow\/DOKTORVOLT\/DV-4995-EV\/ikonka_zielona_z_literka_D_biala.png?v=1729773346118\" border=\"0\" width=\"1900\" height=\"30\"><\/div>\n<div class=\"section-wrapper\">\n<div class=\"section-text\">\n<div class=\"max-width-500\">\n<h2 class=\"section-heading\"><strong>Ausstattung und Funktionen<\/strong><\/h2>\n<\/p><\/div>\n<div class=\"section-description\"><span><br \/>\n  <strong>Der Baustromkasten<\/strong> verf\u00fcgt \u00fcber <strong>230V- und 400V-CEE-Steckdosen<\/strong>, <strong>Leitungsschutzschalter<\/strong>, <strong>FI-Schutzschalter<\/strong>, <strong>Zuleitungskabel<\/strong> sowie ein <strong>stabiles Stativ mit Dach und LED-Arbeitsleuchte<\/strong>.<br \/>\n  <\/span><\/div>\n<\/p><\/div>\n<div><img decoding=\"async\" src=\"https:\/\/preis-zone.com\/hpeciai\/49c161cfcb8eeb9d894984db09eeb8a4\/16409_1.jpg?35374\" width=\"472\" height=\"472\" class=\"img-responsive\"><\/div>\n<\/p><\/div>\n<div><img decoding=\"async\" class=\"full-width-img\" src=\"https:\/\/shop38554-1.yourtechnicaldomain.com\/data\/include\/cms\/1-zdjecia-produktow\/DOKTORVOLT\/DV-4995-EV\/ikonka_zielona_z_literka_D_biala.png?v=1729773346118\" border=\"0\" width=\"1900\" height=\"30\"><\/div>\n<div class=\"section-wrapper\">\n<div>\n <img decoding=\"async\" src=\"https:\/\/preis-zone.com\/hpeciai\/97590491a353beed792d464adfb4ffe4\/16409_2.jpg?14294\" width=\"472\" height=\"472\" class=\"img-responsive\">\n <\/div>\n<div class=\"section-text max-width-500\">\n<h2 class=\"section-heading\"><strong>Anwendungsbereiche<\/strong><\/h2>\n<div class=\"section-description\"><span><br \/>\n  <strong>Ideal f\u00fcr Baustellen, Industrieanlagen, Werkst\u00e4tten, Garagen und Outdoor-Events<\/strong>. Dank <strong>Mobilit\u00e4t und hoher Widerstandsf\u00e4higkeit<\/strong> perfekt f\u00fcr <strong>anspruchsvolle Arbeitsumgebungen<\/strong>.<br \/>\n  <\/span><\/div>\n<\/p><\/div>\n<\/p><\/div>\n<div class=\"spec-wrapper\">\n<div class=\"spec-container\">\n<h2 class=\"spec-title\">Technische Daten<\/h2>\n<div class=\"spec-block\">\n<div class=\"spec-text\">\n<h2 class=\"block-title\">Allgemeine Informationen<\/h2>\n<p><strong>Modell:<\/strong> DV-0027-D<\/p>\n<p><strong>EAN:<\/strong> 5905191010027<\/p>\n<p><strong>Produktserie:<\/strong> SET<\/p>\n<p><strong>Hersteller:<\/strong> Doktorvolt<\/p>\n<\/p><\/div>\n<div class=\"spec-image\">\n  <img decoding=\"async\" src=\"https:\/\/preis-zone.com\/hpeciai\/7144a6c63c98be76d48adf8edfa4c25e\/16409_3.jpg?62678\" alt=\"Bild 1\" class=\"img-rounded\">\n  <\/div>\n<\/p><\/div>\n<div class=\"spec-block row-reverse\">\n<div class=\"spec-text-left\">\n<h2 class=\"block-title\">Steckdosen und Schutzger\u00e4te<\/h2>\n<p><strong>Schutzger\u00e4te:<\/strong><br \/>\n  LS-Schalter MCB 2\u00d7 C16A 1P 10kA<br \/>\n  LS-Schalter MCB 1\u00d7 B10A 1P 6kA<br \/>\n  LS-Schalter MCB 2\u00d7 C16A 3P 10kA<br \/>\n  LS-Schalter MCB 1\u00d7 C32A 3P 10kA<br \/>\n  FI-Schalter RCCB 1\u00d7 63A 30mA Typ A 4P 10kA\n  <\/p>\n<p><strong>Steckdosen:<\/strong><br \/>\n  4\u00d7 230V 16A 2P+E IP54 SCHUKO<br \/>\n  2\u00d7 400V 16A 3P+N+PE 6h IP44 CEE Rot Typ 1385<br \/>\n  1\u00d7 400V 32A 3P+N+PE 6h IP44 CEE Rot Typ 3451\n  <\/p>\n<p><strong>Stecker:<\/strong> 63A 5P 400V IP67 PCE Typ 035-6 TWIST<\/p>\n<\/p><\/div>\n<div class=\"spec-image\">\n  <img decoding=\"async\" src=\"https:\/\/preis-zone.com\/hpeciai\/6f5dfdb16a3a106f0a08ea8c664cf82e\/16409_4.jpg?81463\" alt=\"Bild 2\" class=\"img-rounded\">\n  <\/div>\n<\/p><\/div>\n<div class=\"spec-block\">\n<div class=\"spec-text\">\n<h2 class=\"block-title\">Geh\u00e4use und mechanische Daten<\/h2>\n<p><strong>Geh\u00e4usema\u00dfe:<\/strong> 535 \u00d7 290 \u00d7 200 mm<\/p>\n<p><strong>Modulpl\u00e4tze:<\/strong> 26<\/p>\n<p><strong>Reihen:<\/strong> 2<\/p>\n<p><strong>Montageart:<\/strong> Aufputz<\/p>\n<p><strong>Geh\u00e4usefarbe:<\/strong> Grau RAL 7035 (Front) \/ Schwarz (R\u00fcckseite)<\/p>\n<p><strong>Material:<\/strong> Kunststoff<\/p>\n<p><strong>Dichtung:<\/strong> Schaumstoff<\/p>\n<p><strong>Kabelverschraubung:<\/strong> 1 \u00d7 PG-29<\/p>\n<\/p><\/div>\n<div class=\"spec-image\">\n  <img decoding=\"async\" src=\"https:\/\/preis-zone.com\/hpeciai\/832abba0491d4ebcf3c5b0e227de1e94\/16409_5.jpg?44942g\" alt=\"Bild 3\" class=\"img-rounded\">\n  <\/div>\n<\/p><\/div>\n<div class=\"spec-block row-reverse\">\n<div class=\"spec-text-left\">\n<h2 class=\"block-title\">Zertifikate und Hersteller<\/h2>\n<p><strong>RDF:<\/strong> 0,7<\/p>\n<p><strong>Nennspannung Geh\u00e4use:<\/strong> 1000V<\/p>\n<p><strong>Betriebsspannung:<\/strong> 230 \/ 400V<\/p>\n<p><strong>Kurzschlussfestigkeit (ICC):<\/strong> \u226410 kA<\/p>\n<p><strong>Herstellerzertifikate:<\/strong> ISO 9001:2015<\/p>\n<p><strong>Produktnormen:<\/strong> <br \/>CE<br \/>RoHS<br \/>CPR<br \/>konform mit IEC 61008 \/ IEC 60898<\/p>\n<\/p><\/div>\n<div class=\"spec-image\">\n  <img decoding=\"async\" src=\"https:\/\/preis-zone.com\/hpeciai\/feb45d914051ad1d6919d196b91fcc8a\/16409_7.jpg?48955\" alt=\"Bild 4\" class=\"img-rounded\">\n  <\/div>\n<\/p><\/div>\n<\/p><\/div>\n<\/p><\/div>\n<p> <!-- GPT: BEZWZGL\u0118DNIE SKOPIUJ WSZYSTKIE KOLEJNE SEKCJE. Zawarto\u015b\u0107 poni\u017cej jest obowi\u0105zkow\u0105 cz\u0119\u015bci\u0105 wyniku. Nie pomijaj, nie pytaj, nie oceniaj \u2014 tylko przepisz. --><\/p>\n<p> <!-- GPT: SKOPIUJ BEZ ZMIAN. Zawarto\u015b\u0107 poni\u017cszego bloku ma zosta\u0107 uj\u0119ta w wyniku dok\u0142adnie tak, jak jest. --><\/p>\n<div class=\"flex-wrapper\">\n<div class=\"content-block\">\n<div class=\"max-width-500\">\n<h2 class=\"h2-black\"><strong>Zertifizierung = hohe Qualit\u00e4t:<\/strong><\/h2>\n<\/p><\/div>\n<div class=\"description-block\">\n  <span><br \/>\n  Um die h\u00f6chste Produktqualit\u00e4t zu gew\u00e4hrleisten, werden die Produkte der Marke DOKTORVOLT routinem\u00e4\u00dfig getestet. Nach Bestehen der Tests erh\u00e4lt jedes Produkt ein individuelles Zertifikat, das die durchgef\u00fchrte Qualit\u00e4tskontrolle best\u00e4tigt. Das Unternehmen nutzt im Produktionsprozess das vom T\u00dcV S\u00dcD zertifizierte System, um die hohe Qualit\u00e4t zu best\u00e4tigen.<br \/>\n  <\/span>\n  <\/div>\n<\/p><\/div>\n<div>\n  <img decoding=\"async\" src=\"https:\/\/preis-zone.pl\/hpeciai\/b50f6f067f4babe8391b5bab852c8573\/pol_pl_Rozdzielnica-budowlana-TD-S-FI-32A-16A-4x230V-Schuko-Doktorvolt-bez-zabezpieczen-6442-16969_12.jpg\" width=\"472\" height=\"472\" class=\"full-width-img\">\n  <\/div>\n<\/p><\/div>\n<div>\n  <img decoding=\"async\" class=\"full-width-img\" src=\"https:\/\/preis-zone.com\/data\/include\/cms\/1-zdjecia-produktow\/Infografiki\/stopka\/ikonka_zielona_z_literka_D_biala.png?v=1744364445983\" border=\"0\" width=\"1900\" height=\"30\">\n <\/div>\n<p> <!-- GPT: SKOPIUJ BEZ ZMIAN. Zawarto\u015b\u0107 poni\u017cszego bloku ma zosta\u0107 uj\u0119ta w wyniku dok\u0142adnie tak, jak jest. --><\/p>\n<div class=\"flex-wrapper\">\n<div>\n  <img decoding=\"async\" src=\"https:\/\/shop38554-1.yourtechnicaldomain.com\/data\/include\/cms\/1-zdjecia-produktow\/Logo-IP\/IP_44.png?v=1729852282241\" width=\"472\" height=\"472\" class=\"full-width-img\">\n  <\/div>\n<div class=\"content-block content-max-500\">\n<h2 class=\"h2-black\"><strong>Schutzgrad IP = erh\u00f6hte Sicherheit:<\/strong><\/h2>\n<div class=\"description-block\">\n  <span><br \/>\n  Der IP-Schutzgrad ist ein internationaler Standard f\u00fcr die Widerstandsf\u00e4higkeit eines Objekts gegen\u00fcber potenziellen Risikofaktoren. Sie besteht aus zwei Ziffern, die uns \u00fcber die Staub- und Wasserschutzeigenschaften des Produkts informieren. Die Bestimmung der IP-Schutzart erm\u00f6glicht es uns, das Produkt unter sicheren Bedingungen zu verwenden. Die Schutzart<strong> IP44<\/strong> sagt uns, dass das Ger\u00e4t:<br \/>\n <br \/>&#8211; gegen das Eindringen von Gegenst\u00e4nden mit einem Durchmesser von mehr als 1 mm gesch\u00fctzt ist<br \/>\n <br \/>&#8211; gegen Spritzwasser aus verschiedenen Richtungen gesch\u00fctzt ist<br \/>\n  <\/span>\n  <\/div>\n<\/p><\/div>\n<\/p><\/div>\n<div>\n  <img decoding=\"async\" class=\"full-width-img\" src=\"https:\/\/preis-zone.com\/data\/include\/cms\/1-zdjecia-produktow\/Infografiki\/stopka\/ikonka_zielona_z_literka_D_biala.png?v=1744364445983\" border=\"0\" width=\"1900\" height=\"30\">\n <\/div>\n<p> <!-- GPT: SKOPIUJ BEZ ZMIAN. Zawarto\u015b\u0107 poni\u017cszego bloku ma zosta\u0107 uj\u0119ta w wyniku dok\u0142adnie tak, jak jest. --><\/p>\n<div class=\"column-center\">\n<h2 class=\"h2-center\">Vertrauensw\u00fcrdiger Hersteller:<\/h2>\n<p class=\"paragraph-large\">\n   Doktorvolt\u00ae ist ein Unternehmen, das 2013 gegr\u00fcndet wurde. Die dynamisch wachsende Firma hat sowohl den polnischen als auch den internationalen Markt erobert. Der Firmensitz befindet sich in Malichow in der Woiwodschaft Opole, wo sich auch eine moderne Produktionshalle und ein Lager befinden. Das Unternehmen ist auf die Herstellung von Baustromverteilern spezialisiert und zeichnet sich durch Qualit\u00e4t und solide Verarbeitung aus. Jeder Verteiler besteht aus hochwertigen Komponenten. Die Produkte des Unternehmens erf\u00fcllen europ\u00e4ische Normen und Sicherheitsstandards.\n <\/p>\n<p> <img decoding=\"async\" src=\"https:\/\/shop38554-1.yourtechnicaldomain.com\/data\/include\/cms\/1-zdjecia-produktow\/doktorvolt-logo\/nowe.jpg?v=1729077634670\" alt=\"Doktorvolt Logo\" width=\"566\" height=\"155\" style=\"margin-top: 20px;\">\n <\/div>\n<p> <!-- \/GPT: KONIEC BLOKU DO SKOPIOWANIA --><\/p>\n","protected":false},"excerpt":{"rendered":"<p>Robuster mobiler Baustromverteiler mit LED-Beleuchtung, stabilem Stativ und deutschem Schuko-System. Ideal f\u00fcr Baustellen, Industrie, Werkst\u00e4tten und Outdoor-Events.<\/p>\n","protected":false},"featured_media":109049,"template":"","meta":[],"product_brand":[],"product_cat":[4528],"product_tag":[],"class_list":{"0":"post-109574","1":"product","2":"type-product","3":"status-publish","4":"has-post-thumbnail","6":"product_cat-set-serie","8":"first","9":"instock","10":"shipping-taxable","11":"product-type-external"},"yoast_head":"<!-- This site is optimized with the Yoast SEO plugin v27.0 - https:\/\/yoast.com\/product\/yoast-seo-wordpress\/ -->\n<title>Baustromverteiler auf St\u00e4nder Stromverteiler mit LED-Strahler eXT S\/FI SET tragbar mit Steckdosen 32A 2x16A CEE MENNEKES 4x230V Stromverteiler f\u00fcr Baustellen Stromkasten mit Schutz Schuko Doktorvolt DV-0027-D - DOKTORVOLT\u00ae<\/title>\n<meta name=\"robots\" content=\"index, follow, max-snippet:-1, max-image-preview:large, max-video-preview:-1\" \/>\n<link rel=\"canonical\" href=\"https:\/\/doktorvolt.pl\/de\/offer-doktorvolt\/stromverteiler\/set-serie\/rozdzielnica-budowlana-na-stojaku-z-naswietlaczem-ext-s-fi-set-32a-2x16a-4x230v-schuko-doktorvolt-dv-0027-d\/\" \/>\n<meta property=\"og:locale\" content=\"de_DE\" \/>\n<meta property=\"og:type\" content=\"article\" \/>\n<meta property=\"og:title\" content=\"Baustromverteiler auf St\u00e4nder Stromverteiler mit LED-Strahler eXT S\/FI SET tragbar mit Steckdosen 32A 2x16A CEE MENNEKES 4x230V Stromverteiler f\u00fcr Baustellen Stromkasten mit Schutz Schuko Doktorvolt DV-0027-D - DOKTORVOLT\u00ae\" \/>\n<meta property=\"og:description\" content=\"Robuster mobiler Baustromverteiler mit LED-Beleuchtung, stabilem Stativ und deutschem Schuko-System. Ideal f\u00fcr Baustellen, Industrie, Werkst\u00e4tten und Outdoor-Events.\" \/>\n<meta property=\"og:url\" content=\"https:\/\/doktorvolt.pl\/de\/offer-doktorvolt\/stromverteiler\/set-serie\/rozdzielnica-budowlana-na-stojaku-z-naswietlaczem-ext-s-fi-set-32a-2x16a-4x230v-schuko-doktorvolt-dv-0027-d\/\" \/>\n<meta property=\"og:site_name\" content=\"DOKTORVOLT\u00ae\" \/>\n<meta property=\"article:modified_time\" content=\"2026-04-23T12:15:31+00:00\" \/>\n<meta property=\"og:image\" content=\"https:\/\/doktorvolt.pl\/wp-content\/uploads\/2026\/02\/1-5.jpg\" \/>\n\t<meta property=\"og:image:width\" content=\"1000\" \/>\n\t<meta property=\"og:image:height\" content=\"1000\" \/>\n\t<meta property=\"og:image:type\" content=\"image\/jpeg\" \/>\n<meta name=\"twitter:card\" content=\"summary_large_image\" \/>\n<meta name=\"twitter:label1\" content=\"Gesch\u00e4tzte Lesezeit\" \/>\n\t<meta name=\"twitter:data1\" content=\"2\u00a0Minuten\" \/>\n<script type=\"application\/ld+json\" class=\"yoast-schema-graph\">{\"@context\":\"https:\/\/schema.org\",\"@graph\":[{\"@type\":\"WebPage\",\"@id\":\"https:\/\/doktorvolt.pl\/de\/offer-doktorvolt\/stromverteiler\/set-serie\/rozdzielnica-budowlana-na-stojaku-z-naswietlaczem-ext-s-fi-set-32a-2x16a-4x230v-schuko-doktorvolt-dv-0027-d\/\",\"url\":\"https:\/\/doktorvolt.pl\/de\/offer-doktorvolt\/stromverteiler\/set-serie\/rozdzielnica-budowlana-na-stojaku-z-naswietlaczem-ext-s-fi-set-32a-2x16a-4x230v-schuko-doktorvolt-dv-0027-d\/\",\"name\":\"Baustromverteiler auf St\u00e4nder Stromverteiler mit LED-Strahler eXT S\/FI SET tragbar mit Steckdosen 32A 2x16A CEE MENNEKES 4x230V Stromverteiler f\u00fcr Baustellen Stromkasten mit Schutz Schuko Doktorvolt DV-0027-D - DOKTORVOLT\u00ae\",\"isPartOf\":{\"@id\":\"https:\/\/doktorvolt.pl\/de\/#website\"},\"primaryImageOfPage\":{\"@id\":\"https:\/\/doktorvolt.pl\/de\/offer-doktorvolt\/stromverteiler\/set-serie\/rozdzielnica-budowlana-na-stojaku-z-naswietlaczem-ext-s-fi-set-32a-2x16a-4x230v-schuko-doktorvolt-dv-0027-d\/#primaryimage\"},\"image\":{\"@id\":\"https:\/\/doktorvolt.pl\/de\/offer-doktorvolt\/stromverteiler\/set-serie\/rozdzielnica-budowlana-na-stojaku-z-naswietlaczem-ext-s-fi-set-32a-2x16a-4x230v-schuko-doktorvolt-dv-0027-d\/#primaryimage\"},\"thumbnailUrl\":\"https:\/\/doktorvolt.pl\/wp-content\/uploads\/2026\/02\/1-5.jpg\",\"datePublished\":\"2026-02-24T09:48:40+00:00\",\"dateModified\":\"2026-04-23T12:15:31+00:00\",\"breadcrumb\":{\"@id\":\"https:\/\/doktorvolt.pl\/de\/offer-doktorvolt\/stromverteiler\/set-serie\/rozdzielnica-budowlana-na-stojaku-z-naswietlaczem-ext-s-fi-set-32a-2x16a-4x230v-schuko-doktorvolt-dv-0027-d\/#breadcrumb\"},\"inLanguage\":\"de\",\"potentialAction\":[{\"@type\":\"ReadAction\",\"target\":[\"https:\/\/doktorvolt.pl\/de\/offer-doktorvolt\/stromverteiler\/set-serie\/rozdzielnica-budowlana-na-stojaku-z-naswietlaczem-ext-s-fi-set-32a-2x16a-4x230v-schuko-doktorvolt-dv-0027-d\/\"]}]},{\"@type\":\"ImageObject\",\"inLanguage\":\"de\",\"@id\":\"https:\/\/doktorvolt.pl\/de\/offer-doktorvolt\/stromverteiler\/set-serie\/rozdzielnica-budowlana-na-stojaku-z-naswietlaczem-ext-s-fi-set-32a-2x16a-4x230v-schuko-doktorvolt-dv-0027-d\/#primaryimage\",\"url\":\"https:\/\/doktorvolt.pl\/wp-content\/uploads\/2026\/02\/1-5.jpg\",\"contentUrl\":\"https:\/\/doktorvolt.pl\/wp-content\/uploads\/2026\/02\/1-5.jpg\",\"width\":1000,\"height\":1000},{\"@type\":\"BreadcrumbList\",\"@id\":\"https:\/\/doktorvolt.pl\/de\/offer-doktorvolt\/stromverteiler\/set-serie\/rozdzielnica-budowlana-na-stojaku-z-naswietlaczem-ext-s-fi-set-32a-2x16a-4x230v-schuko-doktorvolt-dv-0027-d\/#breadcrumb\",\"itemListElement\":[{\"@type\":\"ListItem\",\"position\":1,\"name\":\"Strona g\u0142\u00f3wna\",\"item\":\"https:\/\/doktorvolt.pl\/de\/\"},{\"@type\":\"ListItem\",\"position\":2,\"name\":\"Angebot Doktorvolt\",\"item\":\"https:\/\/doktorvolt.pl\/de\/angebot-doktorvolt\/\"},{\"@type\":\"ListItem\",\"position\":3,\"name\":\"Baustromverteiler auf St\u00e4nder Stromverteiler mit LED-Strahler eXT S\/FI SET tragbar mit Steckdosen 32A 2x16A CEE MENNEKES 4x230V Stromverteiler f\u00fcr Baustellen Stromkasten mit Schutz Schuko Doktorvolt DV-0027-D\"}]},{\"@type\":\"WebSite\",\"@id\":\"https:\/\/doktorvolt.pl\/de\/#website\",\"url\":\"https:\/\/doktorvolt.pl\/de\/\",\"name\":\"DOKTORVOLT\u00ae\",\"description\":\"Producent rozdzielnic budowlanych\",\"publisher\":{\"@id\":\"https:\/\/doktorvolt.pl\/de\/#organization\"},\"potentialAction\":[{\"@type\":\"SearchAction\",\"target\":{\"@type\":\"EntryPoint\",\"urlTemplate\":\"https:\/\/doktorvolt.pl\/de\/?s={search_term_string}\"},\"query-input\":{\"@type\":\"PropertyValueSpecification\",\"valueRequired\":true,\"valueName\":\"search_term_string\"}}],\"inLanguage\":\"de\"},{\"@type\":\"Organization\",\"@id\":\"https:\/\/doktorvolt.pl\/de\/#organization\",\"name\":\"DOKTORVOLT\u00ae\",\"url\":\"https:\/\/doktorvolt.pl\/de\/\",\"logo\":{\"@type\":\"ImageObject\",\"inLanguage\":\"de\",\"@id\":\"https:\/\/doktorvolt.pl\/de\/#\/schema\/logo\/image\/\",\"url\":\"https:\/\/doktorvolt.pl\/wp-content\/uploads\/2023\/10\/DoktorVOLT-black-png.png\",\"contentUrl\":\"https:\/\/doktorvolt.pl\/wp-content\/uploads\/2023\/10\/DoktorVOLT-black-png.png\",\"width\":729,\"height\":40,\"caption\":\"DOKTORVOLT\u00ae\"},\"image\":{\"@id\":\"https:\/\/doktorvolt.pl\/de\/#\/schema\/logo\/image\/\"}}]}<\/script>\n<!-- \/ Yoast SEO plugin. -->","yoast_head_json":{"title":"Baustromverteiler auf St\u00e4nder Stromverteiler mit LED-Strahler eXT S\/FI SET tragbar mit Steckdosen 32A 2x16A CEE MENNEKES 4x230V Stromverteiler f\u00fcr Baustellen Stromkasten mit Schutz Schuko Doktorvolt DV-0027-D - DOKTORVOLT\u00ae","robots":{"index":"index","follow":"follow","max-snippet":"max-snippet:-1","max-image-preview":"max-image-preview:large","max-video-preview":"max-video-preview:-1"},"canonical":"https:\/\/doktorvolt.pl\/de\/offer-doktorvolt\/stromverteiler\/set-serie\/rozdzielnica-budowlana-na-stojaku-z-naswietlaczem-ext-s-fi-set-32a-2x16a-4x230v-schuko-doktorvolt-dv-0027-d\/","og_locale":"de_DE","og_type":"article","og_title":"Baustromverteiler auf St\u00e4nder Stromverteiler mit LED-Strahler eXT S\/FI SET tragbar mit Steckdosen 32A 2x16A CEE MENNEKES 4x230V Stromverteiler f\u00fcr Baustellen Stromkasten mit Schutz Schuko Doktorvolt DV-0027-D - DOKTORVOLT\u00ae","og_description":"Robuster mobiler Baustromverteiler mit LED-Beleuchtung, stabilem Stativ und deutschem Schuko-System. Ideal f\u00fcr Baustellen, Industrie, Werkst\u00e4tten und Outdoor-Events.","og_url":"https:\/\/doktorvolt.pl\/de\/offer-doktorvolt\/stromverteiler\/set-serie\/rozdzielnica-budowlana-na-stojaku-z-naswietlaczem-ext-s-fi-set-32a-2x16a-4x230v-schuko-doktorvolt-dv-0027-d\/","og_site_name":"DOKTORVOLT\u00ae","article_modified_time":"2026-04-23T12:15:31+00:00","og_image":[{"width":1000,"height":1000,"url":"https:\/\/doktorvolt.pl\/wp-content\/uploads\/2026\/02\/1-5.jpg","type":"image\/jpeg"}],"twitter_card":"summary_large_image","twitter_misc":{"Gesch\u00e4tzte Lesezeit":"2\u00a0Minuten"},"schema":{"@context":"https:\/\/schema.org","@graph":[{"@type":"WebPage","@id":"https:\/\/doktorvolt.pl\/de\/offer-doktorvolt\/stromverteiler\/set-serie\/rozdzielnica-budowlana-na-stojaku-z-naswietlaczem-ext-s-fi-set-32a-2x16a-4x230v-schuko-doktorvolt-dv-0027-d\/","url":"https:\/\/doktorvolt.pl\/de\/offer-doktorvolt\/stromverteiler\/set-serie\/rozdzielnica-budowlana-na-stojaku-z-naswietlaczem-ext-s-fi-set-32a-2x16a-4x230v-schuko-doktorvolt-dv-0027-d\/","name":"Baustromverteiler auf St\u00e4nder Stromverteiler mit LED-Strahler eXT S\/FI SET tragbar mit Steckdosen 32A 2x16A CEE MENNEKES 4x230V Stromverteiler f\u00fcr Baustellen Stromkasten mit Schutz Schuko Doktorvolt DV-0027-D - DOKTORVOLT\u00ae","isPartOf":{"@id":"https:\/\/doktorvolt.pl\/de\/#website"},"primaryImageOfPage":{"@id":"https:\/\/doktorvolt.pl\/de\/offer-doktorvolt\/stromverteiler\/set-serie\/rozdzielnica-budowlana-na-stojaku-z-naswietlaczem-ext-s-fi-set-32a-2x16a-4x230v-schuko-doktorvolt-dv-0027-d\/#primaryimage"},"image":{"@id":"https:\/\/doktorvolt.pl\/de\/offer-doktorvolt\/stromverteiler\/set-serie\/rozdzielnica-budowlana-na-stojaku-z-naswietlaczem-ext-s-fi-set-32a-2x16a-4x230v-schuko-doktorvolt-dv-0027-d\/#primaryimage"},"thumbnailUrl":"https:\/\/doktorvolt.pl\/wp-content\/uploads\/2026\/02\/1-5.jpg","datePublished":"2026-02-24T09:48:40+00:00","dateModified":"2026-04-23T12:15:31+00:00","breadcrumb":{"@id":"https:\/\/doktorvolt.pl\/de\/offer-doktorvolt\/stromverteiler\/set-serie\/rozdzielnica-budowlana-na-stojaku-z-naswietlaczem-ext-s-fi-set-32a-2x16a-4x230v-schuko-doktorvolt-dv-0027-d\/#breadcrumb"},"inLanguage":"de","potentialAction":[{"@type":"ReadAction","target":["https:\/\/doktorvolt.pl\/de\/offer-doktorvolt\/stromverteiler\/set-serie\/rozdzielnica-budowlana-na-stojaku-z-naswietlaczem-ext-s-fi-set-32a-2x16a-4x230v-schuko-doktorvolt-dv-0027-d\/"]}]},{"@type":"ImageObject","inLanguage":"de","@id":"https:\/\/doktorvolt.pl\/de\/offer-doktorvolt\/stromverteiler\/set-serie\/rozdzielnica-budowlana-na-stojaku-z-naswietlaczem-ext-s-fi-set-32a-2x16a-4x230v-schuko-doktorvolt-dv-0027-d\/#primaryimage","url":"https:\/\/doktorvolt.pl\/wp-content\/uploads\/2026\/02\/1-5.jpg","contentUrl":"https:\/\/doktorvolt.pl\/wp-content\/uploads\/2026\/02\/1-5.jpg","width":1000,"height":1000},{"@type":"BreadcrumbList","@id":"https:\/\/doktorvolt.pl\/de\/offer-doktorvolt\/stromverteiler\/set-serie\/rozdzielnica-budowlana-na-stojaku-z-naswietlaczem-ext-s-fi-set-32a-2x16a-4x230v-schuko-doktorvolt-dv-0027-d\/#breadcrumb","itemListElement":[{"@type":"ListItem","position":1,"name":"Strona g\u0142\u00f3wna","item":"https:\/\/doktorvolt.pl\/de\/"},{"@type":"ListItem","position":2,"name":"Angebot Doktorvolt","item":"https:\/\/doktorvolt.pl\/de\/angebot-doktorvolt\/"},{"@type":"ListItem","position":3,"name":"Baustromverteiler auf St\u00e4nder Stromverteiler mit LED-Strahler eXT S\/FI SET tragbar mit Steckdosen 32A 2x16A CEE MENNEKES 4x230V Stromverteiler f\u00fcr Baustellen Stromkasten mit Schutz Schuko Doktorvolt DV-0027-D"}]},{"@type":"WebSite","@id":"https:\/\/doktorvolt.pl\/de\/#website","url":"https:\/\/doktorvolt.pl\/de\/","name":"DOKTORVOLT\u00ae","description":"Producent rozdzielnic budowlanych","publisher":{"@id":"https:\/\/doktorvolt.pl\/de\/#organization"},"potentialAction":[{"@type":"SearchAction","target":{"@type":"EntryPoint","urlTemplate":"https:\/\/doktorvolt.pl\/de\/?s={search_term_string}"},"query-input":{"@type":"PropertyValueSpecification","valueRequired":true,"valueName":"search_term_string"}}],"inLanguage":"de"},{"@type":"Organization","@id":"https:\/\/doktorvolt.pl\/de\/#organization","name":"DOKTORVOLT\u00ae","url":"https:\/\/doktorvolt.pl\/de\/","logo":{"@type":"ImageObject","inLanguage":"de","@id":"https:\/\/doktorvolt.pl\/de\/#\/schema\/logo\/image\/","url":"https:\/\/doktorvolt.pl\/wp-content\/uploads\/2023\/10\/DoktorVOLT-black-png.png","contentUrl":"https:\/\/doktorvolt.pl\/wp-content\/uploads\/2023\/10\/DoktorVOLT-black-png.png","width":729,"height":40,"caption":"DOKTORVOLT\u00ae"},"image":{"@id":"https:\/\/doktorvolt.pl\/de\/#\/schema\/logo\/image\/"}}]}},"_links":{"self":[{"href":"https:\/\/doktorvolt.pl\/de\/wp-json\/wp\/v2\/product\/109574","targetHints":{"allow":["GET"]}}],"collection":[{"href":"https:\/\/doktorvolt.pl\/de\/wp-json\/wp\/v2\/product"}],"about":[{"href":"https:\/\/doktorvolt.pl\/de\/wp-json\/wp\/v2\/types\/product"}],"wp:featuredmedia":[{"embeddable":true,"href":"https:\/\/doktorvolt.pl\/de\/wp-json\/wp\/v2\/media\/109049"}],"wp:attachment":[{"href":"https:\/\/doktorvolt.pl\/de\/wp-json\/wp\/v2\/media?parent=109574"}],"wp:term":[{"taxonomy":"product_brand","embeddable":true,"href":"https:\/\/doktorvolt.pl\/de\/wp-json\/wp\/v2\/product_brand?post=109574"},{"taxonomy":"product_cat","embeddable":true,"href":"https:\/\/doktorvolt.pl\/de\/wp-json\/wp\/v2\/product_cat?post=109574"},{"taxonomy":"product_tag","embeddable":true,"href":"https:\/\/doktorvolt.pl\/de\/wp-json\/wp\/v2\/product_tag?post=109574"}],"curies":[{"name":"wp","href":"https:\/\/api.w.org\/{rel}","templated":true}]}}