{"id":109577,"date":"2026-02-24T11:48:34","date_gmt":"2026-02-24T09:48:34","guid":{"rendered":"https:\/\/doktorvolt.pl\/sklep\/unkategorisiert\/rozdzielnica-budowlana-na-stojaku-zabezpieczenia-siemens-ptd-s-fi-32a-mennekes-16a-4x230v-set-gniazda-mennekes-schuko-doktorvolt-dv-6221-d\/"},"modified":"2026-04-23T14:15:20","modified_gmt":"2026-04-23T12:15:20","slug":"rozdzielnica-budowlana-na-stojaku-zabezpieczenia-siemens-ptd-s-fi-32a-mennekes-16a-4x230v-set-gniazda-mennekes-schuko-doktorvolt-dv-6221-d","status":"publish","type":"product","link":"https:\/\/doktorvolt.pl\/de\/offer-doktorvolt\/stromverteiler\/set-serie\/rozdzielnica-budowlana-na-stojaku-zabezpieczenia-siemens-ptd-s-fi-32a-mennekes-16a-4x230v-set-gniazda-mennekes-schuko-doktorvolt-dv-6221-d\/","title":{"rendered":"Baustromverteiler auf St\u00e4nder Siemens Schutzschalter pTD-S\/FI SET tragbar mit Steckdosen 32A 16A CEE MENNEKES 4x230V Stromverteiler f\u00fcr Baustellen Stromkasten mit Schutz Doktorvolt DV-6221-D"},"content":{"rendered":"<link rel=\"stylesheet\" href=\"https:\/\/preis-zone.com\/data\/include\/cms\/1.-style-css\/style_dlugi_DV.css?v=1744613556021\">\n<p> <!-- Nag\u0142\u00f3wek --><\/p>\n<h1 class=\"title-h1\"><span>Baustromverteiler auf St\u00e4nder Siemens Schutzschalter pTD-S\/FI SET tragbar mit Steckdosen 32A 16A CEE MENNEKES 4x230V Stromverteiler f\u00fcr Baustellen Stromkasten mit Schutz Doktorvolt DV-6221-D<\/span><\/h1>\n<h4 class=\"title-h4\"><span>Baustromverteiler 32A 400V Aufputz Doktorvolt 4x230V Schuko Steckdosen 2x400V IP44 12 Module Siemens Schutzger\u00e4te FI RCCB Elektroverteiler Baustelle Industrie Werkstatt CE TSE ISO 9001<\/span><\/h4>\n<div><img decoding=\"async\" class=\"full-width-img\" src=\"https:\/\/shop38554-1.yourtechnicaldomain.com\/data\/include\/cms\/1-zdjecia-produktow\/DOKTORVOLT\/DV-4995-EV\/ikonka_zielona_z_literka_D_biala.png?v=1729773346118\" border=\"0\" width=\"1900\" height=\"30\"><\/div>\n<p> <!-- Sekcja 1: Zalety i wyposa\u017cenie (opisowa) --><\/p>\n<div class=\"section-wrapper\">\n<div class=\"section-text\">\n<div class=\"max-width-500\">\n<h2 class=\"section-heading\"><strong>Vorteile und Ausstattung<\/strong><\/h2>\n<\/p><\/div>\n<div class=\"section-description\">\n  <span><br \/>\n  <strong>Kompakte, robuste Konstruktion IP44<\/strong> aus <strong>hochwertigen Komponenten namhafter Hersteller<\/strong>, montiert auf einem <strong>stabilen Stahlst\u00e4nder mit schr\u00e4gem Dach<\/strong>. <strong>Verzinkter, pulverbeschichteter Stahl RAL3002<\/strong> bietet Schutz vor Korrosion und Besch\u00e4digung. <strong>Siemens-Schutzger\u00e4te<\/strong> sichern 230V- und 400V-Kreise, das <strong>werkseitig verdrahtete System<\/strong> ist sofort einsatzbereit.<br \/>\n  <\/span>\n <\/div>\n<\/p><\/div>\n<div><img decoding=\"async\" src=\"https:\/\/preis-zone.com\/hpeciai\/3c2035f04cd0aa264cdd93e7f39384ed\/14735_2.jpg?50885\" width=\"472\" height=\"472\" class=\"img-responsive\"><\/div>\n<\/p><\/div>\n<div><img decoding=\"async\" class=\"full-width-img\" src=\"https:\/\/shop38554-1.yourtechnicaldomain.com\/data\/include\/cms\/1-zdjecia-produktow\/DOKTORVOLT\/DV-4995-EV\/ikonka_zielona_z_literka_D_biala.png?v=1729773346118\" border=\"0\" width=\"1900\" height=\"30\"><\/div>\n<p> <!-- Sekcja 2: Zastosowanie (opisowa) --><\/p>\n<div class=\"section-wrapper\">\n<div>\n  <img decoding=\"async\" src=\"https:\/\/preis-zone.com\/hpeciai\/c73b003ec4bedc4f526315b13d1bc3af\/14735_1.jpg?70073\" width=\"472\" height=\"472\" class=\"img-responsive\">\n  <\/div>\n<div class=\"section-text max-width-500\">\n<h2 class=\"section-heading\"><strong>Anwendungsbereiche<\/strong><\/h2>\n<div class=\"section-description\">\n  <span><br \/>\n  Der Verteiler eignet sich ideal als <strong>zentrale Energieversorgung auf Baustellen<\/strong>, beim <strong>Stra\u00dfenbau<\/strong> und in <strong>Industrieanlagen<\/strong>. Er erm\u00f6glicht die <strong>sichere Versorgung ein- und dreiphasiger Ger\u00e4te<\/strong> in Werkst\u00e4tten und Garagen. Durch das <strong>robuste Geh\u00e4use und den stabilen St\u00e4nder<\/strong> ist er perfekt f\u00fcr <strong>Outdoor-Veranstaltungen<\/strong> und <strong>Gartenarbeiten<\/strong> geeignet.<br \/>\n  <\/span>\n <\/div>\n<\/p><\/div>\n<\/p><\/div>\n<p> <!-- Specyfikacja Techniczna --><\/p>\n<div class=\"spec-wrapper\">\n<div class=\"spec-container\">\n<h2 class=\"spec-title\">Technische Daten<\/h2>\n<p>  <!-- Block 1 (NIE ZMIENIA\u0106) --><\/p>\n<div class=\"spec-block\">\n<div class=\"spec-text\">\n<h2 class=\"block-title\">Allgemeine Informationen<\/h2>\n<p><strong>Modell:<\/strong> DV-6221-D<\/p>\n<p><strong>EAN:<\/strong> 5907589336221<\/p>\n<p><strong>Produktserie:<\/strong> SET<\/p>\n<p><strong>Hersteller:<\/strong> Doktorvolt<\/p>\n<p><strong>Modulanzahl:<\/strong> 12<\/p>\n<p><strong>Reihenanzahl:<\/strong> 1<\/p>\n<\/p><\/div>\n<div class=\"spec-image\">\n  <img decoding=\"async\" src=\"https:\/\/preis-zone.com\/hpeciai\/ef1a962a3dc0ce1901cbe2b754136c8b\/14735_3.jpg?21612\" alt=\"Obraz 1\" class=\"img-rounded\">\n  <\/div>\n<\/p><\/div>\n<p>  <!-- Block 2: Gniazda i Aparatura Zabezpieczeniowa --><\/p>\n<div class=\"spec-block row-reverse\">\n<div class=\"spec-text-left\">\n<h2 class=\"block-title\">Steckdosen und Schutzger\u00e4te<\/h2>\n<p><strong>Steckdosen:<\/strong><br \/>\n  4 \u00d7 230V 16A IP54 2P+E Schuko <strong>MENNEKES<\/strong><br \/>\n  1 \u00d7 16A 5P 400V IP44 Rot <strong>MENNEKES<\/strong> Typ 1385<br \/>\n  1 \u00d7 32A 5P 400V IP44 Rot <strong>MENNEKES<\/strong> Typ 3451<\/p>\n<p><strong>Schutzger\u00e4te:<\/strong><br \/>\n  FI-Schalter RCCB 40A 30mA 4P Typ A 10kA <strong>SIEMENS<\/strong><br \/>\n  2 \u00d7 LS-Schalter C16A 1P 10kA (230V-Stromkreise) <strong>SIEMENS<\/strong><br \/>\n  1 \u00d7 LS-Schalter C16A 3P 10kA <strong>SIEMENS<\/strong><br \/>\n  1 \u00d7 LS-Schalter C32A 3P 6kA <strong>SIEMENS<\/strong><\/p>\n<\/p><\/div>\n<div class=\"spec-image\">\n  <img decoding=\"async\" src=\"https:\/\/preis-zone.com\/hpeciai\/a43978d7e6a05f09715f8af8254cad4b\/14735_5.jpg?11665\" alt=\"Obraz 2\" class=\"img-rounded\">\n  <\/div>\n<\/p><\/div>\n<p>  <!-- Block 3: Okablowanie i Monta\u017c --><\/p>\n<div class=\"spec-block\">\n<div class=\"spec-text\">\n<h2 class=\"block-title\">Verdrahtung und Montage<\/h2>\n<p><strong>Installationsleitungen:<\/strong><br \/>\n  H07V-K 2,5mm\u00b2 gelb-gr\u00fcn<br \/>\n  H07V-K 2,5mm\u00b2 und 4mm\u00b2 schwarz<br \/>\n  H07V-K 2,5mm\u00b2 und 6mm\u00b2 blau<\/p>\n<p><strong>Anschlusskabel:<\/strong> H07RN-F (OnPd) 5\u00d74mm\u00b2, ca. 90cm<\/p>\n<p><strong>Montagezubeh\u00f6r:<\/strong> Dichtverschraubung im Set: 1\u00d7 PG-29<\/p>\n<p><strong>Montageart:<\/strong> Aufputz<\/p>\n<\/p><\/div>\n<div class=\"spec-image\">\n  <img decoding=\"async\" src=\"https:\/\/preis-zone.com\/hpeciai\/92125941633d4f5c9436ab14af13f6f4\/14735_6.jpg?49597\" alt=\"Obraz 3\" class=\"img-rounded\">\n  <\/div>\n<\/p><\/div>\n<p>  <!-- Block 4: Parametry Techniczne i Obudowa --><\/p>\n<div class=\"spec-block row-reverse\">\n<div class=\"spec-text-left\">\n<h2 class=\"block-title\">Technische Parameter und Geh\u00e4use<\/h2>\n<p><strong>Technische Parameter:<\/strong><br \/>\n  Nennstrom: 40A<br \/>\n  Nennspannung: 230\/400V<br \/>\n  Kurzschlussfestigkeit (ICC): \u226410kA<br \/>\n  RDF: 0,7<br \/>\n  Schutzart Gesamtger\u00e4t: IP44<\/p>\n<p><strong>Geh\u00e4use:<\/strong><br \/>\n  Geh\u00e4usenennspannung: 1000V<br \/>\n  Geh\u00e4usema\u00dfe mit Steckdosen: 360\u00d7260\u00d7185mm<br \/>\n  Geh\u00e4usematerial: Kunststoff<br \/>\n  Schraubenmaterial: Kunststoff<br \/>\n  Dichtungsmaterial: Schaumdichtung<\/p>\n<\/p><\/div>\n<div class=\"spec-image\">\n  <img decoding=\"async\" src=\"https:\/\/preis-zone.com\/hpeciai\/83e97aca1fa4dc1360f4241f2707ebdd\/14735_8.jpg?60053\" alt=\"Obraz 4\" class=\"img-rounded\">\n  <\/div>\n<\/p><\/div>\n<\/p><\/div>\n<\/p><\/div>\n<p> <!-- NIE ZMIENIA\u0106 \u2014 skopiowane sekcje --><\/p>\n<div class=\"flex-wrapper\">\n<div class=\"content-block\">\n<div class=\"max-width-500\">\n<h2 class=\"h2-black\"><strong>Zertifikat = Qualit\u00e4tsgarantie:<\/strong><\/h2>\n<\/p><\/div>\n<div class=\"description-block\">\n  <span><br \/>\n  Produkte von DOKTORVOLT werden routinem\u00e4\u00dfig getestet, um h\u00f6chste Produktqualit\u00e4t sicherzustellen. Nach bestandenen Tests erh\u00e4lt jedes Produkt ein individuelles Zertifikat zur Best\u00e4tigung der Qualit\u00e4tskontrolle. Das Unternehmen verwendet im Produktionsprozess ein T\u00dcV S\u00dcD-zertifiziertes System, das h\u00f6chste Standards best\u00e4tigt.<br \/>\n  <\/span>\n  <\/div>\n<\/p><\/div>\n<div>\n  <img decoding=\"async\" src=\"https:\/\/preis-zone.com\/hpeciai\/533f521a6502eaf2f9684a9ed05dee3c\/14731_9.jpg?36728\" width=\"472\" height=\"472\" class=\"full-width-img\">\n  <\/div>\n<\/p><\/div>\n<div>\n  <img decoding=\"async\" class=\"full-width-img\" src=\"https:\/\/preis-zone.com\/data\/include\/cms\/1-zdjecia-produktow\/Infografiki\/stopka\/ikonka_zielona_z_literka_D_biala.png?v=1744364445983\" border=\"0\" width=\"1900\" height=\"30\">\n <\/div>\n<div class=\"flex-wrapper\">\n<div>\n  <img decoding=\"async\" src=\"https:\/\/shop38554-1.yourtechnicaldomain.com\/data\/include\/cms\/1-zdjecia-produktow\/Logo-IP\/IP_44.png?v=1729852282241\" width=\"472\" height=\"472\" class=\"full-width-img\">\n  <\/div>\n<div class=\"content-block content-max-500\">\n<h2 class=\"h2-black\"><strong>Schutzart IP = mehr Sicherheit:<\/strong><\/h2>\n<div class=\"description-block\">\n  <span>Die Schutzart IP ist ein internationaler Standard, der den Schutzgrad eines Ger\u00e4ts gegen potenzielle Umwelteinfl\u00fcsse definiert. Sie besteht aus zwei Ziffern, die den Schutz gegen Staub und Wasser angeben. Die Schutzart<strong> IP44<\/strong> bedeutet:<br \/>\n <br \/>&#8211; Schutz gegen feste Fremdk\u00f6rper >1 mm<br \/>\n <br \/>&#8211; Schutz gegen Spritzwasser aus allen Richtungen<\/span>\n  <\/div>\n<\/p><\/div>\n<\/p><\/div>\n<div>\n  <img decoding=\"async\" class=\"full-width-img\" src=\"https:\/\/preis-zone.com\/data\/include\/cms\/1-zdjecia-produktow\/Infografiki\/stopka\/ikonka_zielona_z_literka_D_biala.png?v=1744364445983\" border=\"0\" width=\"1900\" height=\"30\">\n <\/div>\n<div class=\"column-center\">\n<h2 class=\"h2-center\">Vertrauensw\u00fcrdiger Hersteller:<\/h2>\n<p class=\"paragraph-large\">\n   Die Firma Doktorvolt\u00ae wurde 2013 gegr\u00fcndet. Das dynamisch wachsende Unternehmen hat den polnischen und internationalen Markt erobert. Der Firmensitz befindet sich in Malich\u00f3w in der Woiwodschaft Oppeln, wo sich eine moderne Produktions- und Lagerhalle befindet. Das Unternehmen ist auf die Herstellung von Baustromverteilern spezialisiert und zeichnet sich durch Qualit\u00e4t und Zuverl\u00e4ssigkeit aus. Jede Verteilung wird aus hochwertigen Komponenten gefertigt. Die Produkte erf\u00fcllen die Sicherheitsnormen der Europ\u00e4ischen Union.\n <\/p>\n<p> <img decoding=\"async\" src=\"https:\/\/shop38554-1.yourtechnicaldomain.com\/data\/include\/cms\/1-zdjecia-produktow\/doktorvolt-logo\/nowe.jpg?v=1729077634670\" alt=\"Doktorvolt Logo\" width=\"566\" height=\"155\" style=\"margin-top: 20px;\">\n <\/div>\n","protected":false},"excerpt":{"rendered":"<p>Baustromverteiler 32A 400V Aufputz Doktorvolt 4x230V Schuko Steckdosen 2x400V IP44 12 Module Siemens Schutzger\u00e4te FI RCCB Elektroverteiler Baustelle Industrie Werkstatt CE TSE ISO 9001<\/p>\n","protected":false},"featured_media":108940,"template":"","meta":[],"product_brand":[],"product_cat":[4528],"product_tag":[],"class_list":{"0":"post-109577","1":"product","2":"type-product","3":"status-publish","4":"has-post-thumbnail","6":"product_cat-set-serie","8":"first","9":"instock","10":"shipping-taxable","11":"product-type-external"},"yoast_head":"<!-- This site is optimized with the Yoast SEO plugin v27.0 - https:\/\/yoast.com\/product\/yoast-seo-wordpress\/ -->\n<title>Baustromverteiler auf St\u00e4nder Siemens Schutzschalter pTD-S\/FI SET tragbar mit Steckdosen 32A 16A CEE MENNEKES 4x230V Stromverteiler f\u00fcr Baustellen Stromkasten mit Schutz Doktorvolt DV-6221-D - DOKTORVOLT\u00ae<\/title>\n<meta name=\"robots\" content=\"index, follow, max-snippet:-1, max-image-preview:large, max-video-preview:-1\" \/>\n<link rel=\"canonical\" href=\"https:\/\/doktorvolt.pl\/de\/offer-doktorvolt\/stromverteiler\/set-serie\/rozdzielnica-budowlana-na-stojaku-zabezpieczenia-siemens-ptd-s-fi-32a-mennekes-16a-4x230v-set-gniazda-mennekes-schuko-doktorvolt-dv-6221-d\/\" \/>\n<meta property=\"og:locale\" content=\"de_DE\" \/>\n<meta property=\"og:type\" content=\"article\" \/>\n<meta property=\"og:title\" content=\"Baustromverteiler auf St\u00e4nder Siemens Schutzschalter pTD-S\/FI SET tragbar mit Steckdosen 32A 16A CEE MENNEKES 4x230V Stromverteiler f\u00fcr Baustellen Stromkasten mit Schutz Doktorvolt DV-6221-D - DOKTORVOLT\u00ae\" \/>\n<meta property=\"og:description\" content=\"Baustromverteiler 32A 400V Aufputz Doktorvolt 4x230V Schuko Steckdosen 2x400V IP44 12 Module Siemens Schutzger\u00e4te FI RCCB Elektroverteiler Baustelle Industrie Werkstatt CE TSE ISO 9001\" \/>\n<meta property=\"og:url\" content=\"https:\/\/doktorvolt.pl\/de\/offer-doktorvolt\/stromverteiler\/set-serie\/rozdzielnica-budowlana-na-stojaku-zabezpieczenia-siemens-ptd-s-fi-32a-mennekes-16a-4x230v-set-gniazda-mennekes-schuko-doktorvolt-dv-6221-d\/\" \/>\n<meta property=\"og:site_name\" content=\"DOKTORVOLT\u00ae\" \/>\n<meta property=\"article:modified_time\" content=\"2026-04-23T12:15:20+00:00\" \/>\n<meta property=\"og:image\" content=\"https:\/\/doktorvolt.pl\/wp-content\/uploads\/2026\/02\/2-2.jpg\" \/>\n\t<meta property=\"og:image:width\" content=\"1000\" \/>\n\t<meta property=\"og:image:height\" content=\"1000\" \/>\n\t<meta property=\"og:image:type\" content=\"image\/jpeg\" \/>\n<meta name=\"twitter:card\" content=\"summary_large_image\" \/>\n<meta name=\"twitter:label1\" content=\"Gesch\u00e4tzte Lesezeit\" \/>\n\t<meta name=\"twitter:data1\" content=\"2\u00a0Minuten\" \/>\n<script type=\"application\/ld+json\" class=\"yoast-schema-graph\">{\"@context\":\"https:\/\/schema.org\",\"@graph\":[{\"@type\":\"WebPage\",\"@id\":\"https:\/\/doktorvolt.pl\/de\/offer-doktorvolt\/stromverteiler\/set-serie\/rozdzielnica-budowlana-na-stojaku-zabezpieczenia-siemens-ptd-s-fi-32a-mennekes-16a-4x230v-set-gniazda-mennekes-schuko-doktorvolt-dv-6221-d\/\",\"url\":\"https:\/\/doktorvolt.pl\/de\/offer-doktorvolt\/stromverteiler\/set-serie\/rozdzielnica-budowlana-na-stojaku-zabezpieczenia-siemens-ptd-s-fi-32a-mennekes-16a-4x230v-set-gniazda-mennekes-schuko-doktorvolt-dv-6221-d\/\",\"name\":\"Baustromverteiler auf St\u00e4nder Siemens Schutzschalter pTD-S\/FI SET tragbar mit Steckdosen 32A 16A CEE MENNEKES 4x230V Stromverteiler f\u00fcr Baustellen Stromkasten mit Schutz Doktorvolt DV-6221-D - DOKTORVOLT\u00ae\",\"isPartOf\":{\"@id\":\"https:\/\/doktorvolt.pl\/de\/#website\"},\"primaryImageOfPage\":{\"@id\":\"https:\/\/doktorvolt.pl\/de\/offer-doktorvolt\/stromverteiler\/set-serie\/rozdzielnica-budowlana-na-stojaku-zabezpieczenia-siemens-ptd-s-fi-32a-mennekes-16a-4x230v-set-gniazda-mennekes-schuko-doktorvolt-dv-6221-d\/#primaryimage\"},\"image\":{\"@id\":\"https:\/\/doktorvolt.pl\/de\/offer-doktorvolt\/stromverteiler\/set-serie\/rozdzielnica-budowlana-na-stojaku-zabezpieczenia-siemens-ptd-s-fi-32a-mennekes-16a-4x230v-set-gniazda-mennekes-schuko-doktorvolt-dv-6221-d\/#primaryimage\"},\"thumbnailUrl\":\"https:\/\/doktorvolt.pl\/wp-content\/uploads\/2026\/02\/2-2.jpg\",\"datePublished\":\"2026-02-24T09:48:34+00:00\",\"dateModified\":\"2026-04-23T12:15:20+00:00\",\"breadcrumb\":{\"@id\":\"https:\/\/doktorvolt.pl\/de\/offer-doktorvolt\/stromverteiler\/set-serie\/rozdzielnica-budowlana-na-stojaku-zabezpieczenia-siemens-ptd-s-fi-32a-mennekes-16a-4x230v-set-gniazda-mennekes-schuko-doktorvolt-dv-6221-d\/#breadcrumb\"},\"inLanguage\":\"de\",\"potentialAction\":[{\"@type\":\"ReadAction\",\"target\":[\"https:\/\/doktorvolt.pl\/de\/offer-doktorvolt\/stromverteiler\/set-serie\/rozdzielnica-budowlana-na-stojaku-zabezpieczenia-siemens-ptd-s-fi-32a-mennekes-16a-4x230v-set-gniazda-mennekes-schuko-doktorvolt-dv-6221-d\/\"]}]},{\"@type\":\"ImageObject\",\"inLanguage\":\"de\",\"@id\":\"https:\/\/doktorvolt.pl\/de\/offer-doktorvolt\/stromverteiler\/set-serie\/rozdzielnica-budowlana-na-stojaku-zabezpieczenia-siemens-ptd-s-fi-32a-mennekes-16a-4x230v-set-gniazda-mennekes-schuko-doktorvolt-dv-6221-d\/#primaryimage\",\"url\":\"https:\/\/doktorvolt.pl\/wp-content\/uploads\/2026\/02\/2-2.jpg\",\"contentUrl\":\"https:\/\/doktorvolt.pl\/wp-content\/uploads\/2026\/02\/2-2.jpg\",\"width\":1000,\"height\":1000},{\"@type\":\"BreadcrumbList\",\"@id\":\"https:\/\/doktorvolt.pl\/de\/offer-doktorvolt\/stromverteiler\/set-serie\/rozdzielnica-budowlana-na-stojaku-zabezpieczenia-siemens-ptd-s-fi-32a-mennekes-16a-4x230v-set-gniazda-mennekes-schuko-doktorvolt-dv-6221-d\/#breadcrumb\",\"itemListElement\":[{\"@type\":\"ListItem\",\"position\":1,\"name\":\"Strona g\u0142\u00f3wna\",\"item\":\"https:\/\/doktorvolt.pl\/de\/\"},{\"@type\":\"ListItem\",\"position\":2,\"name\":\"Angebot Doktorvolt\",\"item\":\"https:\/\/doktorvolt.pl\/de\/angebot-doktorvolt\/\"},{\"@type\":\"ListItem\",\"position\":3,\"name\":\"Baustromverteiler auf St\u00e4nder Siemens Schutzschalter pTD-S\/FI SET tragbar mit Steckdosen 32A 16A CEE MENNEKES 4x230V Stromverteiler f\u00fcr Baustellen Stromkasten mit Schutz Doktorvolt DV-6221-D\"}]},{\"@type\":\"WebSite\",\"@id\":\"https:\/\/doktorvolt.pl\/de\/#website\",\"url\":\"https:\/\/doktorvolt.pl\/de\/\",\"name\":\"DOKTORVOLT\u00ae\",\"description\":\"Producent rozdzielnic budowlanych\",\"publisher\":{\"@id\":\"https:\/\/doktorvolt.pl\/de\/#organization\"},\"potentialAction\":[{\"@type\":\"SearchAction\",\"target\":{\"@type\":\"EntryPoint\",\"urlTemplate\":\"https:\/\/doktorvolt.pl\/de\/?s={search_term_string}\"},\"query-input\":{\"@type\":\"PropertyValueSpecification\",\"valueRequired\":true,\"valueName\":\"search_term_string\"}}],\"inLanguage\":\"de\"},{\"@type\":\"Organization\",\"@id\":\"https:\/\/doktorvolt.pl\/de\/#organization\",\"name\":\"DOKTORVOLT\u00ae\",\"url\":\"https:\/\/doktorvolt.pl\/de\/\",\"logo\":{\"@type\":\"ImageObject\",\"inLanguage\":\"de\",\"@id\":\"https:\/\/doktorvolt.pl\/de\/#\/schema\/logo\/image\/\",\"url\":\"https:\/\/doktorvolt.pl\/wp-content\/uploads\/2023\/10\/DoktorVOLT-black-png.png\",\"contentUrl\":\"https:\/\/doktorvolt.pl\/wp-content\/uploads\/2023\/10\/DoktorVOLT-black-png.png\",\"width\":729,\"height\":40,\"caption\":\"DOKTORVOLT\u00ae\"},\"image\":{\"@id\":\"https:\/\/doktorvolt.pl\/de\/#\/schema\/logo\/image\/\"}}]}<\/script>\n<!-- \/ Yoast SEO plugin. -->","yoast_head_json":{"title":"Baustromverteiler auf St\u00e4nder Siemens Schutzschalter pTD-S\/FI SET tragbar mit Steckdosen 32A 16A CEE MENNEKES 4x230V Stromverteiler f\u00fcr Baustellen Stromkasten mit Schutz Doktorvolt DV-6221-D - DOKTORVOLT\u00ae","robots":{"index":"index","follow":"follow","max-snippet":"max-snippet:-1","max-image-preview":"max-image-preview:large","max-video-preview":"max-video-preview:-1"},"canonical":"https:\/\/doktorvolt.pl\/de\/offer-doktorvolt\/stromverteiler\/set-serie\/rozdzielnica-budowlana-na-stojaku-zabezpieczenia-siemens-ptd-s-fi-32a-mennekes-16a-4x230v-set-gniazda-mennekes-schuko-doktorvolt-dv-6221-d\/","og_locale":"de_DE","og_type":"article","og_title":"Baustromverteiler auf St\u00e4nder Siemens Schutzschalter pTD-S\/FI SET tragbar mit Steckdosen 32A 16A CEE MENNEKES 4x230V Stromverteiler f\u00fcr Baustellen Stromkasten mit Schutz Doktorvolt DV-6221-D - DOKTORVOLT\u00ae","og_description":"Baustromverteiler 32A 400V Aufputz Doktorvolt 4x230V Schuko Steckdosen 2x400V IP44 12 Module Siemens Schutzger\u00e4te FI RCCB Elektroverteiler Baustelle Industrie Werkstatt CE TSE ISO 9001","og_url":"https:\/\/doktorvolt.pl\/de\/offer-doktorvolt\/stromverteiler\/set-serie\/rozdzielnica-budowlana-na-stojaku-zabezpieczenia-siemens-ptd-s-fi-32a-mennekes-16a-4x230v-set-gniazda-mennekes-schuko-doktorvolt-dv-6221-d\/","og_site_name":"DOKTORVOLT\u00ae","article_modified_time":"2026-04-23T12:15:20+00:00","og_image":[{"width":1000,"height":1000,"url":"https:\/\/doktorvolt.pl\/wp-content\/uploads\/2026\/02\/2-2.jpg","type":"image\/jpeg"}],"twitter_card":"summary_large_image","twitter_misc":{"Gesch\u00e4tzte Lesezeit":"2\u00a0Minuten"},"schema":{"@context":"https:\/\/schema.org","@graph":[{"@type":"WebPage","@id":"https:\/\/doktorvolt.pl\/de\/offer-doktorvolt\/stromverteiler\/set-serie\/rozdzielnica-budowlana-na-stojaku-zabezpieczenia-siemens-ptd-s-fi-32a-mennekes-16a-4x230v-set-gniazda-mennekes-schuko-doktorvolt-dv-6221-d\/","url":"https:\/\/doktorvolt.pl\/de\/offer-doktorvolt\/stromverteiler\/set-serie\/rozdzielnica-budowlana-na-stojaku-zabezpieczenia-siemens-ptd-s-fi-32a-mennekes-16a-4x230v-set-gniazda-mennekes-schuko-doktorvolt-dv-6221-d\/","name":"Baustromverteiler auf St\u00e4nder Siemens Schutzschalter pTD-S\/FI SET tragbar mit Steckdosen 32A 16A CEE MENNEKES 4x230V Stromverteiler f\u00fcr Baustellen Stromkasten mit Schutz Doktorvolt DV-6221-D - DOKTORVOLT\u00ae","isPartOf":{"@id":"https:\/\/doktorvolt.pl\/de\/#website"},"primaryImageOfPage":{"@id":"https:\/\/doktorvolt.pl\/de\/offer-doktorvolt\/stromverteiler\/set-serie\/rozdzielnica-budowlana-na-stojaku-zabezpieczenia-siemens-ptd-s-fi-32a-mennekes-16a-4x230v-set-gniazda-mennekes-schuko-doktorvolt-dv-6221-d\/#primaryimage"},"image":{"@id":"https:\/\/doktorvolt.pl\/de\/offer-doktorvolt\/stromverteiler\/set-serie\/rozdzielnica-budowlana-na-stojaku-zabezpieczenia-siemens-ptd-s-fi-32a-mennekes-16a-4x230v-set-gniazda-mennekes-schuko-doktorvolt-dv-6221-d\/#primaryimage"},"thumbnailUrl":"https:\/\/doktorvolt.pl\/wp-content\/uploads\/2026\/02\/2-2.jpg","datePublished":"2026-02-24T09:48:34+00:00","dateModified":"2026-04-23T12:15:20+00:00","breadcrumb":{"@id":"https:\/\/doktorvolt.pl\/de\/offer-doktorvolt\/stromverteiler\/set-serie\/rozdzielnica-budowlana-na-stojaku-zabezpieczenia-siemens-ptd-s-fi-32a-mennekes-16a-4x230v-set-gniazda-mennekes-schuko-doktorvolt-dv-6221-d\/#breadcrumb"},"inLanguage":"de","potentialAction":[{"@type":"ReadAction","target":["https:\/\/doktorvolt.pl\/de\/offer-doktorvolt\/stromverteiler\/set-serie\/rozdzielnica-budowlana-na-stojaku-zabezpieczenia-siemens-ptd-s-fi-32a-mennekes-16a-4x230v-set-gniazda-mennekes-schuko-doktorvolt-dv-6221-d\/"]}]},{"@type":"ImageObject","inLanguage":"de","@id":"https:\/\/doktorvolt.pl\/de\/offer-doktorvolt\/stromverteiler\/set-serie\/rozdzielnica-budowlana-na-stojaku-zabezpieczenia-siemens-ptd-s-fi-32a-mennekes-16a-4x230v-set-gniazda-mennekes-schuko-doktorvolt-dv-6221-d\/#primaryimage","url":"https:\/\/doktorvolt.pl\/wp-content\/uploads\/2026\/02\/2-2.jpg","contentUrl":"https:\/\/doktorvolt.pl\/wp-content\/uploads\/2026\/02\/2-2.jpg","width":1000,"height":1000},{"@type":"BreadcrumbList","@id":"https:\/\/doktorvolt.pl\/de\/offer-doktorvolt\/stromverteiler\/set-serie\/rozdzielnica-budowlana-na-stojaku-zabezpieczenia-siemens-ptd-s-fi-32a-mennekes-16a-4x230v-set-gniazda-mennekes-schuko-doktorvolt-dv-6221-d\/#breadcrumb","itemListElement":[{"@type":"ListItem","position":1,"name":"Strona g\u0142\u00f3wna","item":"https:\/\/doktorvolt.pl\/de\/"},{"@type":"ListItem","position":2,"name":"Angebot Doktorvolt","item":"https:\/\/doktorvolt.pl\/de\/angebot-doktorvolt\/"},{"@type":"ListItem","position":3,"name":"Baustromverteiler auf St\u00e4nder Siemens Schutzschalter pTD-S\/FI SET tragbar mit Steckdosen 32A 16A CEE MENNEKES 4x230V Stromverteiler f\u00fcr Baustellen Stromkasten mit Schutz Doktorvolt DV-6221-D"}]},{"@type":"WebSite","@id":"https:\/\/doktorvolt.pl\/de\/#website","url":"https:\/\/doktorvolt.pl\/de\/","name":"DOKTORVOLT\u00ae","description":"Producent rozdzielnic budowlanych","publisher":{"@id":"https:\/\/doktorvolt.pl\/de\/#organization"},"potentialAction":[{"@type":"SearchAction","target":{"@type":"EntryPoint","urlTemplate":"https:\/\/doktorvolt.pl\/de\/?s={search_term_string}"},"query-input":{"@type":"PropertyValueSpecification","valueRequired":true,"valueName":"search_term_string"}}],"inLanguage":"de"},{"@type":"Organization","@id":"https:\/\/doktorvolt.pl\/de\/#organization","name":"DOKTORVOLT\u00ae","url":"https:\/\/doktorvolt.pl\/de\/","logo":{"@type":"ImageObject","inLanguage":"de","@id":"https:\/\/doktorvolt.pl\/de\/#\/schema\/logo\/image\/","url":"https:\/\/doktorvolt.pl\/wp-content\/uploads\/2023\/10\/DoktorVOLT-black-png.png","contentUrl":"https:\/\/doktorvolt.pl\/wp-content\/uploads\/2023\/10\/DoktorVOLT-black-png.png","width":729,"height":40,"caption":"DOKTORVOLT\u00ae"},"image":{"@id":"https:\/\/doktorvolt.pl\/de\/#\/schema\/logo\/image\/"}}]}},"_links":{"self":[{"href":"https:\/\/doktorvolt.pl\/de\/wp-json\/wp\/v2\/product\/109577","targetHints":{"allow":["GET"]}}],"collection":[{"href":"https:\/\/doktorvolt.pl\/de\/wp-json\/wp\/v2\/product"}],"about":[{"href":"https:\/\/doktorvolt.pl\/de\/wp-json\/wp\/v2\/types\/product"}],"wp:featuredmedia":[{"embeddable":true,"href":"https:\/\/doktorvolt.pl\/de\/wp-json\/wp\/v2\/media\/108940"}],"wp:attachment":[{"href":"https:\/\/doktorvolt.pl\/de\/wp-json\/wp\/v2\/media?parent=109577"}],"wp:term":[{"taxonomy":"product_brand","embeddable":true,"href":"https:\/\/doktorvolt.pl\/de\/wp-json\/wp\/v2\/product_brand?post=109577"},{"taxonomy":"product_cat","embeddable":true,"href":"https:\/\/doktorvolt.pl\/de\/wp-json\/wp\/v2\/product_cat?post=109577"},{"taxonomy":"product_tag","embeddable":true,"href":"https:\/\/doktorvolt.pl\/de\/wp-json\/wp\/v2\/product_tag?post=109577"}],"curies":[{"name":"wp","href":"https:\/\/api.w.org\/{rel}","templated":true}]}}