{"id":109581,"date":"2026-02-24T10:26:16","date_gmt":"2026-02-24T08:26:16","guid":{"rendered":"https:\/\/doktorvolt.pl\/sklep\/unkategorisiert\/rozdzielnica-pv-fotowoltaiczna-solarna-2-stringowa-dc-1000v-t1-t2-pg-doktorvolt-4470\/"},"modified":"2026-04-23T14:19:07","modified_gmt":"2026-04-23T12:19:07","slug":"rozdzielnica-pv-fotowoltaiczna-solarna-2-stringowa-dc-1000v-t1-t2-pg-doktorvolt-4470","status":"publish","type":"product","link":"https:\/\/doktorvolt.pl\/de\/offer-doktorvolt\/photovoltaik\/rozdzielnica-pv-fotowoltaiczna-solarna-2-stringowa-dc-1000v-t1-t2-pg-doktorvolt-4470\/","title":{"rendered":"Solar Anschlusskasten PV 2-String DC 1000V T1 T2 PG Doktorvolt DV-4470-FOT"},"content":{"rendered":"<h1 style=\"font-size:13pt;text-align:center;\"><span style=\"color:#000000;\">Solarverteiler DV-7740 Doktorvolt<\/span><\/h1>\n<p style=\"font-size:13pt;text-align:justify;\"><span style=\"color:#000000;\"><strong>Die Firma Doktorvolt<\/strong> spezialisiert sich auf die Herstellung von hochwertigen Baustromverteilern mit Steckdosen, Solarverteilern und Verl\u00e4ngerungskabeln. Auf dem Markt zeichnen sie sich durch ihre Qualit\u00e4t, die Liebe zum Detail und einen umfassenden Kundenservice aus. Die Produkte von Doktorvolt werden aus gepr\u00fcften Komponenten hergestellt, die von europ\u00e4ischen Lieferanten bezogen werden.<\/span><\/p>\n<p style=\"font-size:13pt;text-align:justify;\"><span style=\"color:#000000;\"><strong>Der Verteiler<\/strong> unterst\u00fctzt Systeme bis zu 1000V DC und ist mit T1 T2 PG-Schutz ausgestattet, <strong>was Sicherheit und wirksamen \u00dcberspannungsschutz garantiert.<\/strong> Der Schutzgrad IP65 gew\u00e4hrleistet Staubdichtigkeit und Schutz gegen Wasserstrahlen. Der Verteiler ist mit 8 Modulen in einer Reihe ausgestattet. Die Aufputzmontage des Verteilers erm\u00f6glicht eine einfache Installation und erleichterte Wartung.<\/span><\/p>\n<p style=\"font-size:13pt;text-align:justify;\"><strong><span style=\"color:#000000;\">Solarverteiler der Marke Doktorvolt:<\/span><\/strong><\/p>\n<ul>\n<li style=\"font-size:13pt;text-align:left;\"><span style=\"color:#000000;\">ist mit hochwertigen Komponenten im Bereich des Stromschutzes ausgestattet,<\/span><\/li>\n<li style=\"font-size:13pt;text-align:left;\"><span style=\"color:#000000;\">f\u00fcr den \u00dcberspannungsschutz DC wurden zwei \u00dcberspannungsableiter einer anerkannten Marke verwendet, die sich durch hohe Leistungsf\u00e4higkeit und die Schutzklasse T1 T2 auszeichnen,<\/span><\/li>\n<li style=\"font-size:13pt;text-align:left;\"><span style=\"color:#000000;\">der Verteiler hat einen Schutzgrad von IP65, der ihn vor dem Eindringen von Staub in sein Inneres sch\u00fctzt und ihn gegen Wasserstrahlen aus jeder Richtung widerstandsf\u00e4hig macht. Ein solcher Schutz bietet ein hohes Ma\u00df an Sicherheit unter \u00e4u\u00dferen Bedingungen.<\/span><\/li>\n<\/ul>\n<p style=\"font-size:13pt;text-align:justify;\"><strong><span style=\"color:#000000;\">Die Firma Doktorvolt\u00ae hat im Produktionsprozess der Verteiler ein von T\u00dcV S\u00dcD zertifiziertes Managementsystem eingef\u00fchrt:<\/span><\/strong><\/p>\n<ul>\n<li style=\"font-size:13pt;text-align:left;\"><span style=\"color:#000000;\">Garantie f\u00fcr hohe Qualit\u00e4t,<\/span><\/li>\n<li style=\"font-size:13pt;text-align:left;\"><span style=\"color:#000000;\">transparenter Informationsfluss,<\/span><\/li>\n<li style=\"font-size:13pt;text-align:left;\"><span style=\"color:#000000;\">Sicherheitsgarantie,<\/span><\/li>\n<li style=\"font-size:13pt;text-align:left;\"><span style=\"color:#000000;\">gew\u00e4hrleisteter guter Kundenservice.<\/span><\/li>\n<\/ul>\n<p style=\"text-align:center;\"><img decoding=\"async\" src=\"\/data\/include\/cms\/description\/img\/cms\/certyfikat%20TUV.png\" alt=\"\" width=\"306\" height=\"152\" \/><\/p>\n<p style=\"font-size:13pt;text-align:justify;\"><strong><span style=\"color:#000000;\">Technische Spezifikation:<\/span><\/strong><\/p>\n<ul>\n<li style=\"font-size:13pt;text-align:left;\"><strong><span style=\"color:#000000;\">Geh\u00e4use<\/span><\/strong><\/li>\n<li style=\"font-size:13pt;text-align:left;\"><span style=\"color:#000000;\">Anzahl der Module: <strong>8<\/strong><\/span><\/li>\n<li style=\"font-size:13pt;text-align:left;\"><span style=\"color:#000000;\">Anzahl der Reihen: <strong>1<\/strong><\/span><\/li>\n<li style=\"font-size:13pt;text-align:left;\"><span style=\"color:#000000;\">Montageart: <strong>Aufputz<\/strong><\/span><\/li>\n<li style=\"font-size:13pt;text-align:left;\"><span style=\"color:#000000;\">Schutzgrad des Verteilers: <strong>IP65<\/strong><\/span><\/li>\n<li style=\"font-size:13pt;text-align:left;\"><span style=\"color:#000000;\">Nennspannung des Geh\u00e4uses: <strong>1000V<\/strong><\/span><\/li>\n<li style=\"font-size:13pt;text-align:left;\"><span style=\"color:#000000;\">Abmessungen des Geh\u00e4uses: <strong>215 x 210 x 133 mm<\/strong><\/span><\/li>\n<li style=\"font-size:13pt;text-align:left;\"><span style=\"color:#000000;\">Abmessungen des Geh\u00e4uses mit PG-Verschraubungen: <strong>215 x 240 x 133 mm<\/strong><\/span><\/li>\n<li style=\"font-size:13pt;text-align:left;\"><span style=\"color:#000000;\">Material des Geh\u00e4uses: <strong>Technopolymer<\/strong><\/span><\/li>\n<li style=\"font-size:13pt;text-align:left;\"><span style=\"color:#000000;\">Material der T\u00fcr: <strong>Polycarbonat<\/strong><\/span><\/li>\n<li style=\"font-size:13pt;text-align:left;\"><span style=\"color:#000000;\">Farbe des Geh\u00e4uses: <strong>Grau RAL 7035<\/strong><\/span><\/li>\n<li style=\"font-size:13pt;text-align:left;\"><span style=\"color:#000000;\">Material der Schrauben: <strong>Edelstahl<\/strong><\/span><\/li>\n<li style=\"font-size:13pt;text-align:left;\"><span style=\"color:#000000;\">Material der Dichtung: <strong>EPDM-Gummi<\/strong><\/span><\/li>\n<li style=\"font-size:13pt;text-align:left;\"><span style=\"color:#000000;\">Kabeleinf\u00fchrungen: <strong>1x PG-11, 8x PG-7<\/strong><\/span><\/li>\n<li style=\"font-size:13pt;text-align:left;\"><span style=\"color:#000000;\">Zertifikate und Normen: <strong>CE gem\u00e4\u00df EU 2002\/95\/EC RoHS Deca-BDE, CEI 23-48<\/strong><\/span><\/li>\n<li style=\"font-size:13pt;text-align:left;\"><span style=\"color:#000000;\">Schutz der Leitungen: <strong>DC<\/strong><\/span><\/li>\n<li style=\"font-size:13pt;text-align:left;\"><span style=\"color:#000000;\">DC-\u00dcberspannungsableiter: <strong>2x STPT12-5K1000V-YPV Mersen<\/strong><\/span><\/li>\n<li style=\"font-size:13pt;text-align:left;\"><span style=\"color:#000000;\">Maximale Betriebsspannung: <strong>Un 1000V DC<\/strong><\/span><\/li>\n<li style=\"font-size:13pt;text-align:left;\"><span style=\"color:#000000;\">H\u00f6chste Betriebsspannung: <strong>Uc 1060V DC<\/strong><\/span><\/li>\n<li style=\"font-size:13pt;text-align:left;\"><span style=\"color:#000000;\">Schutzklasse: <strong>T1 T2<\/strong><\/span><\/li>\n<li style=\"font-size:13pt;text-align:left;\"><span style=\"color:#000000;\">Sto\u00dfstrom: <strong>limp 5kA<\/strong><\/span><\/li>\n<li style=\"font-size:13pt;text-align:left;\"><span style=\"color:#000000;\">Pr\u00fcfstrom: <strong>In 20kA<\/strong><\/span><\/li>\n<li style=\"font-size:13pt;text-align:left;\"><span style=\"color:#000000;\">Maximaler Strom: <strong>Imax 40kA<\/strong><\/span><\/li>\n<li style=\"font-size:13pt;text-align:left;\"><span style=\"color:#000000;\">Spannungsschutzniveau: <strong>Up &lt; 4,0kV<\/strong><\/span><\/li>\n<li style=\"font-size:13pt;text-align:left;\"><span style=\"color:#000000;\">Anzahl der DC-Kreise (Strings): <strong>2<\/strong><\/span><\/li>\n<li style=\"font-size:13pt;text-align:left;\"><span style=\"color:#000000;\">Zertifikate, Normen und Klassifikationen: UL, CE, EN\/IEC 61643<\/span><\/li>\n<\/ul>\n<ul>\n<li style=\"font-size:13pt;text-align:left;\"><strong><span style=\"color:#000000;\">Verwendete Verkabelung:<\/span><\/strong><\/li>\n<li style=\"font-size:13pt;text-align:left;\"><span style=\"color:#000000;\">Verkabelung: <strong>Steuerleitung H07V-K 16 mm\u00b2 gelbgr\u00fcn<\/strong><\/span><\/li>\n<\/ul>\n<ul>\n<li style=\"font-size:13pt;text-align:left;\"><strong><span style=\"color:#000000;\">Herstellerinformationen:<\/span><\/strong><\/li>\n<li style=\"font-size:13pt;text-align:left;\"><span style=\"color:#000000;\">Hersteller: <strong>Doktorvolt<\/strong><\/span><\/li>\n<li style=\"font-size:13pt;text-align:left;\"><span style=\"color:#000000;\">Zertifikate und Normen des Herstellers: <strong>T\u00dcV S\u00dcD ISO 9001:2015, CE, IEC 61439<\/strong><\/span><\/li>\n<li style=\"font-size:13pt;text-align:left;\"><span style=\"color:#000000;\">Herstellerbezeichnung: <strong>DV-4470-FOT, EAN 5907589334470<\/strong><\/span><\/li>\n<\/ul>\n","protected":false},"excerpt":{"rendered":"","protected":false},"featured_media":108809,"template":"","meta":[],"product_brand":[],"product_cat":[4563],"product_tag":[],"class_list":{"0":"post-109581","1":"product","2":"type-product","3":"status-publish","4":"has-post-thumbnail","6":"product_cat-photovoltaik","8":"first","9":"instock","10":"shipping-taxable","11":"product-type-external"},"yoast_head":"<!-- This site is optimized with the Yoast SEO plugin v27.0 - https:\/\/yoast.com\/product\/yoast-seo-wordpress\/ -->\n<title>Solar Anschlusskasten PV 2-String DC 1000V T1 T2 PG Doktorvolt DV-4470-FOT - DOKTORVOLT\u00ae<\/title>\n<meta name=\"robots\" content=\"index, follow, max-snippet:-1, max-image-preview:large, max-video-preview:-1\" \/>\n<link rel=\"canonical\" href=\"https:\/\/doktorvolt.pl\/de\/offer-doktorvolt\/photovoltaik\/rozdzielnica-pv-fotowoltaiczna-solarna-2-stringowa-dc-1000v-t1-t2-pg-doktorvolt-4470\/\" \/>\n<meta property=\"og:locale\" content=\"de_DE\" \/>\n<meta property=\"og:type\" content=\"article\" \/>\n<meta property=\"og:title\" content=\"Solar Anschlusskasten PV 2-String DC 1000V T1 T2 PG Doktorvolt DV-4470-FOT - DOKTORVOLT\u00ae\" \/>\n<meta property=\"og:url\" content=\"https:\/\/doktorvolt.pl\/de\/offer-doktorvolt\/photovoltaik\/rozdzielnica-pv-fotowoltaiczna-solarna-2-stringowa-dc-1000v-t1-t2-pg-doktorvolt-4470\/\" \/>\n<meta property=\"og:site_name\" content=\"DOKTORVOLT\u00ae\" \/>\n<meta property=\"article:modified_time\" content=\"2026-04-23T12:19:07+00:00\" \/>\n<meta property=\"og:image\" content=\"https:\/\/doktorvolt.pl\/wp-content\/uploads\/2026\/02\/pol_pl_16891-16891_1.jpg\" \/>\n\t<meta property=\"og:image:width\" content=\"1000\" \/>\n\t<meta property=\"og:image:height\" content=\"1000\" \/>\n\t<meta property=\"og:image:type\" content=\"image\/jpeg\" \/>\n<meta name=\"twitter:card\" content=\"summary_large_image\" \/>\n<meta name=\"twitter:label1\" content=\"Gesch\u00e4tzte Lesezeit\" \/>\n\t<meta name=\"twitter:data1\" content=\"2\u00a0Minuten\" \/>\n<script type=\"application\/ld+json\" class=\"yoast-schema-graph\">{\"@context\":\"https:\/\/schema.org\",\"@graph\":[{\"@type\":\"WebPage\",\"@id\":\"https:\/\/doktorvolt.pl\/de\/offer-doktorvolt\/photovoltaik\/rozdzielnica-pv-fotowoltaiczna-solarna-2-stringowa-dc-1000v-t1-t2-pg-doktorvolt-4470\/\",\"url\":\"https:\/\/doktorvolt.pl\/de\/offer-doktorvolt\/photovoltaik\/rozdzielnica-pv-fotowoltaiczna-solarna-2-stringowa-dc-1000v-t1-t2-pg-doktorvolt-4470\/\",\"name\":\"Solar Anschlusskasten PV 2-String DC 1000V T1 T2 PG Doktorvolt DV-4470-FOT - DOKTORVOLT\u00ae\",\"isPartOf\":{\"@id\":\"https:\/\/doktorvolt.pl\/de\/#website\"},\"primaryImageOfPage\":{\"@id\":\"https:\/\/doktorvolt.pl\/de\/offer-doktorvolt\/photovoltaik\/rozdzielnica-pv-fotowoltaiczna-solarna-2-stringowa-dc-1000v-t1-t2-pg-doktorvolt-4470\/#primaryimage\"},\"image\":{\"@id\":\"https:\/\/doktorvolt.pl\/de\/offer-doktorvolt\/photovoltaik\/rozdzielnica-pv-fotowoltaiczna-solarna-2-stringowa-dc-1000v-t1-t2-pg-doktorvolt-4470\/#primaryimage\"},\"thumbnailUrl\":\"https:\/\/doktorvolt.pl\/wp-content\/uploads\/2026\/02\/pol_pl_16891-16891_1.jpg\",\"datePublished\":\"2026-02-24T08:26:16+00:00\",\"dateModified\":\"2026-04-23T12:19:07+00:00\",\"breadcrumb\":{\"@id\":\"https:\/\/doktorvolt.pl\/de\/offer-doktorvolt\/photovoltaik\/rozdzielnica-pv-fotowoltaiczna-solarna-2-stringowa-dc-1000v-t1-t2-pg-doktorvolt-4470\/#breadcrumb\"},\"inLanguage\":\"de\",\"potentialAction\":[{\"@type\":\"ReadAction\",\"target\":[\"https:\/\/doktorvolt.pl\/de\/offer-doktorvolt\/photovoltaik\/rozdzielnica-pv-fotowoltaiczna-solarna-2-stringowa-dc-1000v-t1-t2-pg-doktorvolt-4470\/\"]}]},{\"@type\":\"ImageObject\",\"inLanguage\":\"de\",\"@id\":\"https:\/\/doktorvolt.pl\/de\/offer-doktorvolt\/photovoltaik\/rozdzielnica-pv-fotowoltaiczna-solarna-2-stringowa-dc-1000v-t1-t2-pg-doktorvolt-4470\/#primaryimage\",\"url\":\"https:\/\/doktorvolt.pl\/wp-content\/uploads\/2026\/02\/pol_pl_16891-16891_1.jpg\",\"contentUrl\":\"https:\/\/doktorvolt.pl\/wp-content\/uploads\/2026\/02\/pol_pl_16891-16891_1.jpg\",\"width\":1000,\"height\":1000},{\"@type\":\"BreadcrumbList\",\"@id\":\"https:\/\/doktorvolt.pl\/de\/offer-doktorvolt\/photovoltaik\/rozdzielnica-pv-fotowoltaiczna-solarna-2-stringowa-dc-1000v-t1-t2-pg-doktorvolt-4470\/#breadcrumb\",\"itemListElement\":[{\"@type\":\"ListItem\",\"position\":1,\"name\":\"Strona g\u0142\u00f3wna\",\"item\":\"https:\/\/doktorvolt.pl\/de\/\"},{\"@type\":\"ListItem\",\"position\":2,\"name\":\"Angebot Doktorvolt\",\"item\":\"https:\/\/doktorvolt.pl\/de\/angebot-doktorvolt\/\"},{\"@type\":\"ListItem\",\"position\":3,\"name\":\"Solar Anschlusskasten PV 2-String DC 1000V T1 T2 PG Doktorvolt DV-4470-FOT\"}]},{\"@type\":\"WebSite\",\"@id\":\"https:\/\/doktorvolt.pl\/de\/#website\",\"url\":\"https:\/\/doktorvolt.pl\/de\/\",\"name\":\"DOKTORVOLT\u00ae\",\"description\":\"Producent rozdzielnic budowlanych\",\"publisher\":{\"@id\":\"https:\/\/doktorvolt.pl\/de\/#organization\"},\"potentialAction\":[{\"@type\":\"SearchAction\",\"target\":{\"@type\":\"EntryPoint\",\"urlTemplate\":\"https:\/\/doktorvolt.pl\/de\/?s={search_term_string}\"},\"query-input\":{\"@type\":\"PropertyValueSpecification\",\"valueRequired\":true,\"valueName\":\"search_term_string\"}}],\"inLanguage\":\"de\"},{\"@type\":\"Organization\",\"@id\":\"https:\/\/doktorvolt.pl\/de\/#organization\",\"name\":\"DOKTORVOLT\u00ae\",\"url\":\"https:\/\/doktorvolt.pl\/de\/\",\"logo\":{\"@type\":\"ImageObject\",\"inLanguage\":\"de\",\"@id\":\"https:\/\/doktorvolt.pl\/de\/#\/schema\/logo\/image\/\",\"url\":\"https:\/\/doktorvolt.pl\/wp-content\/uploads\/2023\/10\/DoktorVOLT-black-png.png\",\"contentUrl\":\"https:\/\/doktorvolt.pl\/wp-content\/uploads\/2023\/10\/DoktorVOLT-black-png.png\",\"width\":729,\"height\":40,\"caption\":\"DOKTORVOLT\u00ae\"},\"image\":{\"@id\":\"https:\/\/doktorvolt.pl\/de\/#\/schema\/logo\/image\/\"}}]}<\/script>\n<!-- \/ Yoast SEO plugin. -->","yoast_head_json":{"title":"Solar Anschlusskasten PV 2-String DC 1000V T1 T2 PG Doktorvolt DV-4470-FOT - DOKTORVOLT\u00ae","robots":{"index":"index","follow":"follow","max-snippet":"max-snippet:-1","max-image-preview":"max-image-preview:large","max-video-preview":"max-video-preview:-1"},"canonical":"https:\/\/doktorvolt.pl\/de\/offer-doktorvolt\/photovoltaik\/rozdzielnica-pv-fotowoltaiczna-solarna-2-stringowa-dc-1000v-t1-t2-pg-doktorvolt-4470\/","og_locale":"de_DE","og_type":"article","og_title":"Solar Anschlusskasten PV 2-String DC 1000V T1 T2 PG Doktorvolt DV-4470-FOT - DOKTORVOLT\u00ae","og_url":"https:\/\/doktorvolt.pl\/de\/offer-doktorvolt\/photovoltaik\/rozdzielnica-pv-fotowoltaiczna-solarna-2-stringowa-dc-1000v-t1-t2-pg-doktorvolt-4470\/","og_site_name":"DOKTORVOLT\u00ae","article_modified_time":"2026-04-23T12:19:07+00:00","og_image":[{"width":1000,"height":1000,"url":"https:\/\/doktorvolt.pl\/wp-content\/uploads\/2026\/02\/pol_pl_16891-16891_1.jpg","type":"image\/jpeg"}],"twitter_card":"summary_large_image","twitter_misc":{"Gesch\u00e4tzte Lesezeit":"2\u00a0Minuten"},"schema":{"@context":"https:\/\/schema.org","@graph":[{"@type":"WebPage","@id":"https:\/\/doktorvolt.pl\/de\/offer-doktorvolt\/photovoltaik\/rozdzielnica-pv-fotowoltaiczna-solarna-2-stringowa-dc-1000v-t1-t2-pg-doktorvolt-4470\/","url":"https:\/\/doktorvolt.pl\/de\/offer-doktorvolt\/photovoltaik\/rozdzielnica-pv-fotowoltaiczna-solarna-2-stringowa-dc-1000v-t1-t2-pg-doktorvolt-4470\/","name":"Solar Anschlusskasten PV 2-String DC 1000V T1 T2 PG Doktorvolt DV-4470-FOT - DOKTORVOLT\u00ae","isPartOf":{"@id":"https:\/\/doktorvolt.pl\/de\/#website"},"primaryImageOfPage":{"@id":"https:\/\/doktorvolt.pl\/de\/offer-doktorvolt\/photovoltaik\/rozdzielnica-pv-fotowoltaiczna-solarna-2-stringowa-dc-1000v-t1-t2-pg-doktorvolt-4470\/#primaryimage"},"image":{"@id":"https:\/\/doktorvolt.pl\/de\/offer-doktorvolt\/photovoltaik\/rozdzielnica-pv-fotowoltaiczna-solarna-2-stringowa-dc-1000v-t1-t2-pg-doktorvolt-4470\/#primaryimage"},"thumbnailUrl":"https:\/\/doktorvolt.pl\/wp-content\/uploads\/2026\/02\/pol_pl_16891-16891_1.jpg","datePublished":"2026-02-24T08:26:16+00:00","dateModified":"2026-04-23T12:19:07+00:00","breadcrumb":{"@id":"https:\/\/doktorvolt.pl\/de\/offer-doktorvolt\/photovoltaik\/rozdzielnica-pv-fotowoltaiczna-solarna-2-stringowa-dc-1000v-t1-t2-pg-doktorvolt-4470\/#breadcrumb"},"inLanguage":"de","potentialAction":[{"@type":"ReadAction","target":["https:\/\/doktorvolt.pl\/de\/offer-doktorvolt\/photovoltaik\/rozdzielnica-pv-fotowoltaiczna-solarna-2-stringowa-dc-1000v-t1-t2-pg-doktorvolt-4470\/"]}]},{"@type":"ImageObject","inLanguage":"de","@id":"https:\/\/doktorvolt.pl\/de\/offer-doktorvolt\/photovoltaik\/rozdzielnica-pv-fotowoltaiczna-solarna-2-stringowa-dc-1000v-t1-t2-pg-doktorvolt-4470\/#primaryimage","url":"https:\/\/doktorvolt.pl\/wp-content\/uploads\/2026\/02\/pol_pl_16891-16891_1.jpg","contentUrl":"https:\/\/doktorvolt.pl\/wp-content\/uploads\/2026\/02\/pol_pl_16891-16891_1.jpg","width":1000,"height":1000},{"@type":"BreadcrumbList","@id":"https:\/\/doktorvolt.pl\/de\/offer-doktorvolt\/photovoltaik\/rozdzielnica-pv-fotowoltaiczna-solarna-2-stringowa-dc-1000v-t1-t2-pg-doktorvolt-4470\/#breadcrumb","itemListElement":[{"@type":"ListItem","position":1,"name":"Strona g\u0142\u00f3wna","item":"https:\/\/doktorvolt.pl\/de\/"},{"@type":"ListItem","position":2,"name":"Angebot Doktorvolt","item":"https:\/\/doktorvolt.pl\/de\/angebot-doktorvolt\/"},{"@type":"ListItem","position":3,"name":"Solar Anschlusskasten PV 2-String DC 1000V T1 T2 PG Doktorvolt DV-4470-FOT"}]},{"@type":"WebSite","@id":"https:\/\/doktorvolt.pl\/de\/#website","url":"https:\/\/doktorvolt.pl\/de\/","name":"DOKTORVOLT\u00ae","description":"Producent rozdzielnic budowlanych","publisher":{"@id":"https:\/\/doktorvolt.pl\/de\/#organization"},"potentialAction":[{"@type":"SearchAction","target":{"@type":"EntryPoint","urlTemplate":"https:\/\/doktorvolt.pl\/de\/?s={search_term_string}"},"query-input":{"@type":"PropertyValueSpecification","valueRequired":true,"valueName":"search_term_string"}}],"inLanguage":"de"},{"@type":"Organization","@id":"https:\/\/doktorvolt.pl\/de\/#organization","name":"DOKTORVOLT\u00ae","url":"https:\/\/doktorvolt.pl\/de\/","logo":{"@type":"ImageObject","inLanguage":"de","@id":"https:\/\/doktorvolt.pl\/de\/#\/schema\/logo\/image\/","url":"https:\/\/doktorvolt.pl\/wp-content\/uploads\/2023\/10\/DoktorVOLT-black-png.png","contentUrl":"https:\/\/doktorvolt.pl\/wp-content\/uploads\/2023\/10\/DoktorVOLT-black-png.png","width":729,"height":40,"caption":"DOKTORVOLT\u00ae"},"image":{"@id":"https:\/\/doktorvolt.pl\/de\/#\/schema\/logo\/image\/"}}]}},"_links":{"self":[{"href":"https:\/\/doktorvolt.pl\/de\/wp-json\/wp\/v2\/product\/109581","targetHints":{"allow":["GET"]}}],"collection":[{"href":"https:\/\/doktorvolt.pl\/de\/wp-json\/wp\/v2\/product"}],"about":[{"href":"https:\/\/doktorvolt.pl\/de\/wp-json\/wp\/v2\/types\/product"}],"wp:featuredmedia":[{"embeddable":true,"href":"https:\/\/doktorvolt.pl\/de\/wp-json\/wp\/v2\/media\/108809"}],"wp:attachment":[{"href":"https:\/\/doktorvolt.pl\/de\/wp-json\/wp\/v2\/media?parent=109581"}],"wp:term":[{"taxonomy":"product_brand","embeddable":true,"href":"https:\/\/doktorvolt.pl\/de\/wp-json\/wp\/v2\/product_brand?post=109581"},{"taxonomy":"product_cat","embeddable":true,"href":"https:\/\/doktorvolt.pl\/de\/wp-json\/wp\/v2\/product_cat?post=109581"},{"taxonomy":"product_tag","embeddable":true,"href":"https:\/\/doktorvolt.pl\/de\/wp-json\/wp\/v2\/product_tag?post=109581"}],"curies":[{"name":"wp","href":"https:\/\/api.w.org\/{rel}","templated":true}]}}