{"id":109590,"date":"2026-02-24T10:23:57","date_gmt":"2026-02-24T08:23:57","guid":{"rendered":"https:\/\/doktorvolt.pl\/sklep\/unkategorisiert\/doktorvolt-rozdzielnica-pv-fotowoltaiczna-solarna-ac-siemens-3f-b10a-25a-300ma-t2-0737\/"},"modified":"2026-04-23T14:18:49","modified_gmt":"2026-04-23T12:18:49","slug":"doktorvolt-rozdzielnica-pv-fotowoltaiczna-solarna-ac-siemens-3f-b10a-25a-300ma-t2-0737","status":"publish","type":"product","link":"https:\/\/doktorvolt.pl\/de\/offer-doktorvolt\/photovoltaik\/doktorvolt-rozdzielnica-pv-fotowoltaiczna-solarna-ac-siemens-3f-b10a-25a-300ma-t2-0737\/","title":{"rendered":"Doktorvolt Solar Anschlusskasten Photovoltaik AC SIEMENS 3P B10A 25A 300mA \u00dcberspannungsschutz T2 DV-0737-FOT"},"content":{"rendered":"<h2><span style=\"color:#000000;\">Doktorvolt Solar Anschlusskasten mit <strong><span style=\"color:#d0121a;\">SIEMENS<\/span> <\/strong>Schutzvorrichtungen &#8211; h\u00f6chste Qualit\u00e4t und Schutz f\u00fcr Ihre Photovoltaikanlage!<\/span><\/h2>\n<p><span style=\"color:#000000;\"><b>Solar Anschlusskasten<\/b>, <b>anschlussfertig verdrahtet<\/b>, <b>mit Komponenten h\u00f6chster Qualit\u00e4t<\/b>, die <b>Zuverl\u00e4ssigkeit und Sicherheit<\/b> Ihres Photovoltaiksystems garantieren.<\/span><\/p>\n<p><span style=\"color:#000000;\">Der Solar Anschlusskasten ist mit einem <\/span><b style=\"color:#000000;\">Fehlerstromschutzschalter <\/b><span style=\"color:#000000;\"><b>25A 4P 300mA Typ A<\/b> und einem <\/span><b style=\"color:#000000;\">Leitungsschutzschalter <\/b><span style=\"color:#000000;\"><b>B10A 3P 10kA<\/b><\/span> <b style=\"color:#000000;\">der renommierten Marke <span style=\"color:#d0121a;\">SIEMENS<\/span><\/b><span style=\"color:#000000;\"> ausgestattet. Dank dieser Kombination wird der sichere Betrieb der Photovoltaikanlage gew\u00e4hrleistet und das Risiko von Sch\u00e4den, Unf\u00e4llen oder Br\u00e4nden minimiert.<\/span><\/p>\n<p><span style=\"color:#000000;\">F\u00fcr den <b>AC-\u00dcberspannungsschutz<\/b> wurde ein <b>\u00dcberspannungsableiter 4P 20-40kA AC der Marke Doktorvolt<\/b> eingesetzt. Dieses <b>qualitativ hochwertige<\/b> \u00dcberspannungsschutzger\u00e4t zeichnet sich durch eine hervorragende Leistung und die<b> Schutzklasse T2<\/b> aus, wodurch Ihre Ger\u00e4te wirksam vor gef\u00e4hrlichen \u00dcberspannungen gesch\u00fctzt werden.<\/span><\/p>\n<p><span style=\"color:#000000;\">Der Solar Anschlusskasten wurde mit Blick auf Langlebigkeit und Zuverl\u00e4ssigkeit entwickelt. Die <b>Schutzart IP65<\/b> sichert Schutz vor dem Eindringen von Staub und Wasser.<\/span><\/p>\n<p><span style=\"color:#000000;\">Dank unserer <b>ISO 9001 T\u00dcV S\u00dcD-Zertifizierung<\/b> k\u00f6nnen wir Ihnen<b> Produkte von h\u00f6chster Zuverl\u00e4ssigkeit und Langlebigkeit<\/b> garantieren.<\/span><\/p>\n<p><span style=\"color:#000000;\"><b>Unsere Kunden vertrauen auf uns, wenn es um Qualit\u00e4t geht<\/b>, und wir sind stolz darauf, ihre Erwartungen immer wieder zu \u00fcbertreffen.<\/span><\/p>\n<h3><span style=\"color:#000000;\">Geh\u00e4use:<\/span><\/h3>\n<ul style=\"list-style-type:disc;\">\n<li><span style=\"color:#000000;\">Anzahl der Module: <strong style=\"font-weight:bold;\">12<\/strong><\/span><\/li>\n<li><span style=\"color:#000000;\">Anzahl der Reihen: <strong>1<\/strong><\/span><\/li>\n<li><span style=\"color:#000000;\">Montage: <strong>Aufputzmontage<\/strong><\/span><\/li>\n<li><span style=\"color:#000000;\">Schutzart: <strong>IP65<\/strong><\/span><\/li>\n<li><span style=\"color:#000000;\">Nennspannung des Geh\u00e4uses: <strong>1000V<\/strong><\/span><\/li>\n<li><span style=\"color:#000000;\">Abmessungen: <\/span><span style=\"color:#000000;\"><b>290 x 260 x 140 mm<\/b><\/span><\/li>\n<li><span style=\"color:#000000;\">Abmessungen mit PG-Kabelverschraubungen: <\/span><span style=\"color:#000000;\"><b>290 x 295 x 140 mm<\/b><\/span><\/li>\n<li><span style=\"color:#000000;\">Geh\u00e4usematerial: <strong>Technopolymer<\/strong><\/span><\/li>\n<li><span style=\"color:#000000;\">T\u00fcrmaterial: <strong>Polycarbonat<\/strong><\/span><\/li>\n<li><span style=\"color:#000000;\">Geh\u00e4usefarbe: <strong>grau RAL 7035<\/strong><\/span><\/li>\n<li><span style=\"color:#000000;\">Schraubenmaterial: <strong>rostfreier Stahl<\/strong><\/span><\/li>\n<li><span style=\"color:#000000;\">Dichtungsmaterial: <strong>EPDM-Gummi<\/strong><\/span><\/li>\n<li><span style=\"color:#000000;\">PG-Kabelverschraubungen: <strong>2x PG-21,1x PG-11<\/strong><\/span><\/li>\n<li><span style=\"color:#000000;\">Zertifikate und Normen: <strong>CE, Eu 2002\/95\/EC, RoHS, Deca-BDE, CEI 23-48<\/strong><\/span><\/li>\n<\/ul>\n<h3><span style=\"color:#000000;\">Fehlerstromabsicherung und \u00dcberstromschutz:<\/span><\/h3>\n<ul style=\"list-style-type:disc;\">\n<li><span style=\"color:#000000;\">Fehlerstromschutzschalter: <span style=\"color:#d0121a;\"><strong>SIEMENS RCCB 25A 4P 300mA Typ A<\/strong><\/span><\/span><\/li>\n<li><span style=\"color:#000000;\">Leitungsschutzschalter: <span style=\"color:#d0121a;\"><strong>SIEMENS B10A 3P 10kA<\/strong><\/span><\/span><\/li>\n<li><span style=\"color:#000000;\">Zertifikate und Normen des Fehlerstromschutzschalters: <strong>CCC, VDE, \u00d6VE, CE, DIN EN 61246-2, IEC 81346-2:2009<\/strong><\/span><\/li>\n<li><span style=\"color:#000000;\">Zertifikate und Normen des Leitungsschutzschalters: <strong>VDE, EAC, CE, CEBEC, IMQ, IRAM, UKCA, IEC\/EN 60898-1<\/strong><\/span><\/li>\n<\/ul>\n<h3><span style=\"color:#000000;\">AC Absicherung:<\/span><\/h3>\n<ul style=\"list-style-type:disc;\">\n<li><span style=\"color:#000000;\">\u00dcberspannungsschutz AC: <strong>Doktorvolt <\/strong><b>4P 20-40kA AC T2<\/b><\/span><\/li>\n<li><span style=\"color:#000000;\">Maximale Betriebsspannung Uc: <b>275V AC<\/b><\/span><\/li>\n<li><span style=\"color:#000000;\">Schutzklasse: <b>T2<\/b><\/span><\/li>\n<li><span style=\"color:#000000;\">Pr\u00fcfstrom In: <b>20 kA<\/b><\/span><\/li>\n<li><span style=\"color:#000000;\">Maximalstrom Imax: <b>40 kA<\/b><\/span><\/li>\n<li><span style=\"color:#000000;\">Spannungsschutzstufe: <b>Up < 1,8 kV<\/b><\/span><\/li>\n<li><span style=\"color:#000000;\">Zertifikate und Normen: <b>CE, IEC61643-11<\/b><\/span><\/li>\n<\/ul>\n<h3><span style=\"color:#000000;\">Verkabelung:<\/span><\/h3>\n<ul style=\"list-style-type:disc;\">\n<li><span style=\"color:#000000;\">Verwendete Verdrahtung: <strong>Leitung H07V-K 4mm2 schwarz, Leitung H07V-K 4mm2 blau, Leitung H07V-K 16mm2 gelb-gr\u00fcn<\/strong><\/span><br \/><span style=\"color:#000000;\"><\/span><\/li>\n<\/ul>\n<h3><span style=\"color:#000000;\">Allgemeine Informationen:<\/span><\/h3>\n<ul style=\"list-style-type:disc;\">\n<li><span style=\"color:#000000;\">Hersteller: <strong>Doktorvolt<\/strong><\/span><br \/><span style=\"color:#000000;\"><\/span><\/li>\n<li><span style=\"color:#000000;\">Herstellerzertifikate und -normen: <strong>T\u00dcV S\u00dcD, ISO 9001:2015<\/strong><\/span><\/li>\n<li><span style=\"color:#000000;\">Produktzertifikate und -normen: <strong>CE, IEC 61439 EN 62196-2<\/strong><\/span><\/li>\n<\/ul>\n<p><center style=\"font-weight:bold;\"><\/p>\n<p><iframe width=\"660\" height=\"415\" src=\"https:\/\/www.youtube.com\/embed\/5qYO2aMBz6A\" frameborder=\"0\"><\/iframe><\/p>\n<\/p>\n<p> <\/center><\/p>\n","protected":false},"excerpt":{"rendered":"","protected":false},"featured_media":108656,"template":"","meta":[],"product_brand":[],"product_cat":[4563],"product_tag":[],"class_list":{"0":"post-109590","1":"product","2":"type-product","3":"status-publish","4":"has-post-thumbnail","6":"product_cat-photovoltaik","8":"first","9":"instock","10":"shipping-taxable","11":"product-type-external"},"yoast_head":"<!-- This site is optimized with the Yoast SEO plugin v27.0 - https:\/\/yoast.com\/product\/yoast-seo-wordpress\/ -->\n<title>Doktorvolt Solar Anschlusskasten Photovoltaik AC SIEMENS 3P B10A 25A 300mA \u00dcberspannungsschutz T2 DV-0737-FOT - DOKTORVOLT\u00ae<\/title>\n<meta name=\"robots\" content=\"index, follow, max-snippet:-1, max-image-preview:large, max-video-preview:-1\" \/>\n<link rel=\"canonical\" href=\"https:\/\/doktorvolt.pl\/de\/offer-doktorvolt\/photovoltaik\/doktorvolt-rozdzielnica-pv-fotowoltaiczna-solarna-ac-siemens-3f-b10a-25a-300ma-t2-0737\/\" \/>\n<meta property=\"og:locale\" content=\"de_DE\" \/>\n<meta property=\"og:type\" content=\"article\" \/>\n<meta property=\"og:title\" content=\"Doktorvolt Solar Anschlusskasten Photovoltaik AC SIEMENS 3P B10A 25A 300mA \u00dcberspannungsschutz T2 DV-0737-FOT - DOKTORVOLT\u00ae\" \/>\n<meta property=\"og:url\" content=\"https:\/\/doktorvolt.pl\/de\/offer-doktorvolt\/photovoltaik\/doktorvolt-rozdzielnica-pv-fotowoltaiczna-solarna-ac-siemens-3f-b10a-25a-300ma-t2-0737\/\" \/>\n<meta property=\"og:site_name\" content=\"DOKTORVOLT\u00ae\" \/>\n<meta property=\"article:modified_time\" content=\"2026-04-23T12:18:49+00:00\" \/>\n<meta property=\"og:image\" content=\"https:\/\/doktorvolt.pl\/wp-content\/uploads\/2026\/02\/pol_pl_16750-16750_1.jpg\" \/>\n\t<meta property=\"og:image:width\" content=\"1000\" \/>\n\t<meta property=\"og:image:height\" content=\"1000\" \/>\n\t<meta property=\"og:image:type\" content=\"image\/jpeg\" \/>\n<meta name=\"twitter:card\" content=\"summary_large_image\" \/>\n<meta name=\"twitter:label1\" content=\"Gesch\u00e4tzte Lesezeit\" \/>\n\t<meta name=\"twitter:data1\" content=\"2\u00a0Minuten\" \/>\n<script type=\"application\/ld+json\" class=\"yoast-schema-graph\">{\"@context\":\"https:\/\/schema.org\",\"@graph\":[{\"@type\":\"WebPage\",\"@id\":\"https:\/\/doktorvolt.pl\/de\/offer-doktorvolt\/photovoltaik\/doktorvolt-rozdzielnica-pv-fotowoltaiczna-solarna-ac-siemens-3f-b10a-25a-300ma-t2-0737\/\",\"url\":\"https:\/\/doktorvolt.pl\/de\/offer-doktorvolt\/photovoltaik\/doktorvolt-rozdzielnica-pv-fotowoltaiczna-solarna-ac-siemens-3f-b10a-25a-300ma-t2-0737\/\",\"name\":\"Doktorvolt Solar Anschlusskasten Photovoltaik AC SIEMENS 3P B10A 25A 300mA \u00dcberspannungsschutz T2 DV-0737-FOT - DOKTORVOLT\u00ae\",\"isPartOf\":{\"@id\":\"https:\/\/doktorvolt.pl\/de\/#website\"},\"primaryImageOfPage\":{\"@id\":\"https:\/\/doktorvolt.pl\/de\/offer-doktorvolt\/photovoltaik\/doktorvolt-rozdzielnica-pv-fotowoltaiczna-solarna-ac-siemens-3f-b10a-25a-300ma-t2-0737\/#primaryimage\"},\"image\":{\"@id\":\"https:\/\/doktorvolt.pl\/de\/offer-doktorvolt\/photovoltaik\/doktorvolt-rozdzielnica-pv-fotowoltaiczna-solarna-ac-siemens-3f-b10a-25a-300ma-t2-0737\/#primaryimage\"},\"thumbnailUrl\":\"https:\/\/doktorvolt.pl\/wp-content\/uploads\/2026\/02\/pol_pl_16750-16750_1.jpg\",\"datePublished\":\"2026-02-24T08:23:57+00:00\",\"dateModified\":\"2026-04-23T12:18:49+00:00\",\"breadcrumb\":{\"@id\":\"https:\/\/doktorvolt.pl\/de\/offer-doktorvolt\/photovoltaik\/doktorvolt-rozdzielnica-pv-fotowoltaiczna-solarna-ac-siemens-3f-b10a-25a-300ma-t2-0737\/#breadcrumb\"},\"inLanguage\":\"de\",\"potentialAction\":[{\"@type\":\"ReadAction\",\"target\":[\"https:\/\/doktorvolt.pl\/de\/offer-doktorvolt\/photovoltaik\/doktorvolt-rozdzielnica-pv-fotowoltaiczna-solarna-ac-siemens-3f-b10a-25a-300ma-t2-0737\/\"]}]},{\"@type\":\"ImageObject\",\"inLanguage\":\"de\",\"@id\":\"https:\/\/doktorvolt.pl\/de\/offer-doktorvolt\/photovoltaik\/doktorvolt-rozdzielnica-pv-fotowoltaiczna-solarna-ac-siemens-3f-b10a-25a-300ma-t2-0737\/#primaryimage\",\"url\":\"https:\/\/doktorvolt.pl\/wp-content\/uploads\/2026\/02\/pol_pl_16750-16750_1.jpg\",\"contentUrl\":\"https:\/\/doktorvolt.pl\/wp-content\/uploads\/2026\/02\/pol_pl_16750-16750_1.jpg\",\"width\":1000,\"height\":1000},{\"@type\":\"BreadcrumbList\",\"@id\":\"https:\/\/doktorvolt.pl\/de\/offer-doktorvolt\/photovoltaik\/doktorvolt-rozdzielnica-pv-fotowoltaiczna-solarna-ac-siemens-3f-b10a-25a-300ma-t2-0737\/#breadcrumb\",\"itemListElement\":[{\"@type\":\"ListItem\",\"position\":1,\"name\":\"Strona g\u0142\u00f3wna\",\"item\":\"https:\/\/doktorvolt.pl\/de\/\"},{\"@type\":\"ListItem\",\"position\":2,\"name\":\"Angebot Doktorvolt\",\"item\":\"https:\/\/doktorvolt.pl\/de\/angebot-doktorvolt\/\"},{\"@type\":\"ListItem\",\"position\":3,\"name\":\"Doktorvolt Solar Anschlusskasten Photovoltaik AC SIEMENS 3P B10A 25A 300mA \u00dcberspannungsschutz T2 DV-0737-FOT\"}]},{\"@type\":\"WebSite\",\"@id\":\"https:\/\/doktorvolt.pl\/de\/#website\",\"url\":\"https:\/\/doktorvolt.pl\/de\/\",\"name\":\"DOKTORVOLT\u00ae\",\"description\":\"Producent rozdzielnic budowlanych\",\"publisher\":{\"@id\":\"https:\/\/doktorvolt.pl\/de\/#organization\"},\"potentialAction\":[{\"@type\":\"SearchAction\",\"target\":{\"@type\":\"EntryPoint\",\"urlTemplate\":\"https:\/\/doktorvolt.pl\/de\/?s={search_term_string}\"},\"query-input\":{\"@type\":\"PropertyValueSpecification\",\"valueRequired\":true,\"valueName\":\"search_term_string\"}}],\"inLanguage\":\"de\"},{\"@type\":\"Organization\",\"@id\":\"https:\/\/doktorvolt.pl\/de\/#organization\",\"name\":\"DOKTORVOLT\u00ae\",\"url\":\"https:\/\/doktorvolt.pl\/de\/\",\"logo\":{\"@type\":\"ImageObject\",\"inLanguage\":\"de\",\"@id\":\"https:\/\/doktorvolt.pl\/de\/#\/schema\/logo\/image\/\",\"url\":\"https:\/\/doktorvolt.pl\/wp-content\/uploads\/2023\/10\/DoktorVOLT-black-png.png\",\"contentUrl\":\"https:\/\/doktorvolt.pl\/wp-content\/uploads\/2023\/10\/DoktorVOLT-black-png.png\",\"width\":729,\"height\":40,\"caption\":\"DOKTORVOLT\u00ae\"},\"image\":{\"@id\":\"https:\/\/doktorvolt.pl\/de\/#\/schema\/logo\/image\/\"}}]}<\/script>\n<!-- \/ Yoast SEO plugin. -->","yoast_head_json":{"title":"Doktorvolt Solar Anschlusskasten Photovoltaik AC SIEMENS 3P B10A 25A 300mA \u00dcberspannungsschutz T2 DV-0737-FOT - DOKTORVOLT\u00ae","robots":{"index":"index","follow":"follow","max-snippet":"max-snippet:-1","max-image-preview":"max-image-preview:large","max-video-preview":"max-video-preview:-1"},"canonical":"https:\/\/doktorvolt.pl\/de\/offer-doktorvolt\/photovoltaik\/doktorvolt-rozdzielnica-pv-fotowoltaiczna-solarna-ac-siemens-3f-b10a-25a-300ma-t2-0737\/","og_locale":"de_DE","og_type":"article","og_title":"Doktorvolt Solar Anschlusskasten Photovoltaik AC SIEMENS 3P B10A 25A 300mA \u00dcberspannungsschutz T2 DV-0737-FOT - DOKTORVOLT\u00ae","og_url":"https:\/\/doktorvolt.pl\/de\/offer-doktorvolt\/photovoltaik\/doktorvolt-rozdzielnica-pv-fotowoltaiczna-solarna-ac-siemens-3f-b10a-25a-300ma-t2-0737\/","og_site_name":"DOKTORVOLT\u00ae","article_modified_time":"2026-04-23T12:18:49+00:00","og_image":[{"width":1000,"height":1000,"url":"https:\/\/doktorvolt.pl\/wp-content\/uploads\/2026\/02\/pol_pl_16750-16750_1.jpg","type":"image\/jpeg"}],"twitter_card":"summary_large_image","twitter_misc":{"Gesch\u00e4tzte Lesezeit":"2\u00a0Minuten"},"schema":{"@context":"https:\/\/schema.org","@graph":[{"@type":"WebPage","@id":"https:\/\/doktorvolt.pl\/de\/offer-doktorvolt\/photovoltaik\/doktorvolt-rozdzielnica-pv-fotowoltaiczna-solarna-ac-siemens-3f-b10a-25a-300ma-t2-0737\/","url":"https:\/\/doktorvolt.pl\/de\/offer-doktorvolt\/photovoltaik\/doktorvolt-rozdzielnica-pv-fotowoltaiczna-solarna-ac-siemens-3f-b10a-25a-300ma-t2-0737\/","name":"Doktorvolt Solar Anschlusskasten Photovoltaik AC SIEMENS 3P B10A 25A 300mA \u00dcberspannungsschutz T2 DV-0737-FOT - DOKTORVOLT\u00ae","isPartOf":{"@id":"https:\/\/doktorvolt.pl\/de\/#website"},"primaryImageOfPage":{"@id":"https:\/\/doktorvolt.pl\/de\/offer-doktorvolt\/photovoltaik\/doktorvolt-rozdzielnica-pv-fotowoltaiczna-solarna-ac-siemens-3f-b10a-25a-300ma-t2-0737\/#primaryimage"},"image":{"@id":"https:\/\/doktorvolt.pl\/de\/offer-doktorvolt\/photovoltaik\/doktorvolt-rozdzielnica-pv-fotowoltaiczna-solarna-ac-siemens-3f-b10a-25a-300ma-t2-0737\/#primaryimage"},"thumbnailUrl":"https:\/\/doktorvolt.pl\/wp-content\/uploads\/2026\/02\/pol_pl_16750-16750_1.jpg","datePublished":"2026-02-24T08:23:57+00:00","dateModified":"2026-04-23T12:18:49+00:00","breadcrumb":{"@id":"https:\/\/doktorvolt.pl\/de\/offer-doktorvolt\/photovoltaik\/doktorvolt-rozdzielnica-pv-fotowoltaiczna-solarna-ac-siemens-3f-b10a-25a-300ma-t2-0737\/#breadcrumb"},"inLanguage":"de","potentialAction":[{"@type":"ReadAction","target":["https:\/\/doktorvolt.pl\/de\/offer-doktorvolt\/photovoltaik\/doktorvolt-rozdzielnica-pv-fotowoltaiczna-solarna-ac-siemens-3f-b10a-25a-300ma-t2-0737\/"]}]},{"@type":"ImageObject","inLanguage":"de","@id":"https:\/\/doktorvolt.pl\/de\/offer-doktorvolt\/photovoltaik\/doktorvolt-rozdzielnica-pv-fotowoltaiczna-solarna-ac-siemens-3f-b10a-25a-300ma-t2-0737\/#primaryimage","url":"https:\/\/doktorvolt.pl\/wp-content\/uploads\/2026\/02\/pol_pl_16750-16750_1.jpg","contentUrl":"https:\/\/doktorvolt.pl\/wp-content\/uploads\/2026\/02\/pol_pl_16750-16750_1.jpg","width":1000,"height":1000},{"@type":"BreadcrumbList","@id":"https:\/\/doktorvolt.pl\/de\/offer-doktorvolt\/photovoltaik\/doktorvolt-rozdzielnica-pv-fotowoltaiczna-solarna-ac-siemens-3f-b10a-25a-300ma-t2-0737\/#breadcrumb","itemListElement":[{"@type":"ListItem","position":1,"name":"Strona g\u0142\u00f3wna","item":"https:\/\/doktorvolt.pl\/de\/"},{"@type":"ListItem","position":2,"name":"Angebot Doktorvolt","item":"https:\/\/doktorvolt.pl\/de\/angebot-doktorvolt\/"},{"@type":"ListItem","position":3,"name":"Doktorvolt Solar Anschlusskasten Photovoltaik AC SIEMENS 3P B10A 25A 300mA \u00dcberspannungsschutz T2 DV-0737-FOT"}]},{"@type":"WebSite","@id":"https:\/\/doktorvolt.pl\/de\/#website","url":"https:\/\/doktorvolt.pl\/de\/","name":"DOKTORVOLT\u00ae","description":"Producent rozdzielnic budowlanych","publisher":{"@id":"https:\/\/doktorvolt.pl\/de\/#organization"},"potentialAction":[{"@type":"SearchAction","target":{"@type":"EntryPoint","urlTemplate":"https:\/\/doktorvolt.pl\/de\/?s={search_term_string}"},"query-input":{"@type":"PropertyValueSpecification","valueRequired":true,"valueName":"search_term_string"}}],"inLanguage":"de"},{"@type":"Organization","@id":"https:\/\/doktorvolt.pl\/de\/#organization","name":"DOKTORVOLT\u00ae","url":"https:\/\/doktorvolt.pl\/de\/","logo":{"@type":"ImageObject","inLanguage":"de","@id":"https:\/\/doktorvolt.pl\/de\/#\/schema\/logo\/image\/","url":"https:\/\/doktorvolt.pl\/wp-content\/uploads\/2023\/10\/DoktorVOLT-black-png.png","contentUrl":"https:\/\/doktorvolt.pl\/wp-content\/uploads\/2023\/10\/DoktorVOLT-black-png.png","width":729,"height":40,"caption":"DOKTORVOLT\u00ae"},"image":{"@id":"https:\/\/doktorvolt.pl\/de\/#\/schema\/logo\/image\/"}}]}},"_links":{"self":[{"href":"https:\/\/doktorvolt.pl\/de\/wp-json\/wp\/v2\/product\/109590","targetHints":{"allow":["GET"]}}],"collection":[{"href":"https:\/\/doktorvolt.pl\/de\/wp-json\/wp\/v2\/product"}],"about":[{"href":"https:\/\/doktorvolt.pl\/de\/wp-json\/wp\/v2\/types\/product"}],"wp:featuredmedia":[{"embeddable":true,"href":"https:\/\/doktorvolt.pl\/de\/wp-json\/wp\/v2\/media\/108656"}],"wp:attachment":[{"href":"https:\/\/doktorvolt.pl\/de\/wp-json\/wp\/v2\/media?parent=109590"}],"wp:term":[{"taxonomy":"product_brand","embeddable":true,"href":"https:\/\/doktorvolt.pl\/de\/wp-json\/wp\/v2\/product_brand?post=109590"},{"taxonomy":"product_cat","embeddable":true,"href":"https:\/\/doktorvolt.pl\/de\/wp-json\/wp\/v2\/product_cat?post=109590"},{"taxonomy":"product_tag","embeddable":true,"href":"https:\/\/doktorvolt.pl\/de\/wp-json\/wp\/v2\/product_tag?post=109590"}],"curies":[{"name":"wp","href":"https:\/\/api.w.org\/{rel}","templated":true}]}}