{"id":109594,"date":"2026-02-24T10:23:31","date_gmt":"2026-02-24T08:23:31","guid":{"rendered":"https:\/\/doktorvolt.pl\/sklep\/unkategorisiert\/rozdzielnica-fotowoltaiczna-solarna-pv-ac-rcbo-b16a-300ma-3f-t1-t2-phoenix-doktorvolt-0249\/"},"modified":"2026-04-23T14:18:39","modified_gmt":"2026-04-23T12:18:39","slug":"rozdzielnica-fotowoltaiczna-solarna-pv-ac-rcbo-b16a-300ma-3f-t1-t2-phoenix-doktorvolt-0249","status":"publish","type":"product","link":"https:\/\/doktorvolt.pl\/de\/offer-doktorvolt\/photovoltaik\/rozdzielnica-fotowoltaiczna-solarna-pv-ac-rcbo-b16a-300ma-3f-t1-t2-phoenix-doktorvolt-0249\/","title":{"rendered":"Solar Anschlusskasten PV AC RCBO B16A 300mA 3F T1 T2 Phoenix Doktorvolt DV-0249-FOT"},"content":{"rendered":"<h2><span style=\"color:#000000;\">Solar Anschlusskasten PV AC RCBO B16A 300mA 3F T1 T2 Phoenix<\/span><\/h2>\n<p><span style=\"color:#000000;\">F\u00fcr den AC-\u00dcberspannungsschutz werden \u00dcberspannungsableiter der renommierten Marke Phoenix eingesetzt, die sich durch hohe Leistung und Schutzklasse III und IV auszeichnen.<\/span><\/p>\n<p><span style=\"color:#000000;\"><strong>Alle DOKTORVOLT-Stromverteiler werden einer messtechnischen Kontrolle unterzogen, bei der eine abschlie\u00dfende \u00dcberpr\u00fcfung vorgenommen wird. Jeder Verteiler ist mit einem Zertifikat versehen, das besagt, dass das Produkt getestet und gepr\u00fcft wurde und der Norm IEC 61439 entspricht. Der Stromverteiler RCBO verf\u00fcgt auch \u00fcber andere Zertifikate: T\u00dcV S\u00dcD, ISO 9001:2015, CE.<br \/><\/strong><\/span><\/p>\n<h3><span style=\"color:#000000;\">Vorteile \/ Eigenschaften:<\/span><\/h3>\n<ul style=\"list-style-type:disc;\">\n<li><span style=\"color:#000000;\">kompaktes und stabiles Geh\u00e4use aus hochwertigen Materialien<\/span><\/li>\n<li><span style=\"color:#000000;\">mit zwei 230V 16A 3P und einem Lasttrennschalter RV63N 63A 230V 3+N 4P ausgestattet<\/span><\/li>\n<li><span style=\"color:#000000;\">Verkabelung und Steckdosen von namhaften Herstellern von Elektroger\u00e4ten<\/span><\/li>\n<li><span style=\"color:#000000;\">Schutzart IP44<\/span><\/li>\n<li><span style=\"color:#000000;\">Geh\u00e4use aus robustem Verbundwerkstoff, wetterfest<\/span><\/li>\n<li><span style=\"color:#000000;\">Fehlerstromschutzschalter mit \u00dcberstromschutz <span>RCBO B16A 4P 300mA<\/span><\/span><\/li>\n<\/ul>\n<h3><span style=\"color:#000000;\">Geh\u00e4use:<\/span><\/h3>\n<ul style=\"list-style-type:disc;\">\n<li><span style=\"color:#000000;\">Anzahl der Zeilen: <strong>1<\/strong><\/span><\/li>\n<li><span style=\"color:#000000;\">Montage :<strong> Aufputzmontage<\/strong><\/span><\/li>\n<li><span style=\"color:#000000;\">Schutzart des Verteilers: <strong>IP66<\/strong><\/span><\/li>\n<li><span style=\"color:#000000;\">Nennspannung des Geh\u00e4uses: <strong>1000V<\/strong><\/span><\/li>\n<li><span style=\"color:#000000;\">Abmessungen des Geh\u00e4uses: <strong>300 x 220 x 120 mm<\/strong><\/span><\/li>\n<\/ul>\n<h3><span style=\"color:#000000;\">Anwendung:<\/span><\/h3>\n<ul style=\"list-style-type:disc;\">\n<li><span style=\"color:#000000;\">Ausgestattet mit hochwertigen Komponenten im Bereich des Stromschutzes<\/span><\/li>\n<\/ul>\n<h3><span style=\"color:#000000;\">Technische Daten:<\/span><\/h3>\n<ul style=\"list-style-type:disc;\">\n<li><span style=\"color:#000000;\">Nennspannung des Geh\u00e4uses: <strong>1000V<\/strong><\/span><\/li>\n<li><span style=\"color:#000000;\">Nennstrom: <strong>32A<\/strong><\/span><\/li>\n<li><span style=\"color:#000000;\">maximaler Strom Imax: <strong>50kA<\/strong><\/span><\/li>\n<li><span style=\"color:#000000;\">RDF: <strong>0,7<\/strong><\/span><\/li>\n<li><span style=\"color:#000000;\">Abmessungen mit Kabelverschraubungen: <strong>300 x 260 x 120 mm (ohne Steckdosen)<\/strong><\/span><\/li>\n<li><span style=\"color:#000000;\">Zertifikate:<strong> T\u00dcV S\u00dcD, ISO 9001:2015, CE, IEC 61439<\/strong><\/span><\/li>\n<li><span style=\"color:#000000;\">Artikelnummer: <strong>DV-0249-FOT<\/strong><\/span><\/li>\n<li><span style=\"color:#000000;\"><span style=\"color:#000000;\">EAN: <strong>5905191010249<\/strong><\/span><\/span>\n<p style=\"text-align:center;\"><img decoding=\"async\" src=\"\/data\/include\/cms\/description\/img\/p\/2\/8\/4\/9\/0\/28490-f32d243d5aa519759cda68df79a07246.jpg\" alt=\"Baustromverteiler PV AC RCBO B16A 300mA 3F T1 T2 Phoenix\" width=\"500\" height=\"500\" \/><\/p>\n<\/li>\n<\/ul>\n","protected":false},"excerpt":{"rendered":"","protected":false},"featured_media":108588,"template":"","meta":[],"product_brand":[],"product_cat":[4563],"product_tag":[],"class_list":{"0":"post-109594","1":"product","2":"type-product","3":"status-publish","4":"has-post-thumbnail","6":"product_cat-photovoltaik","8":"first","9":"instock","10":"shipping-taxable","11":"product-type-external"},"yoast_head":"<!-- This site is optimized with the Yoast SEO plugin v27.0 - https:\/\/yoast.com\/product\/yoast-seo-wordpress\/ -->\n<title>Solar Anschlusskasten PV AC RCBO B16A 300mA 3F T1 T2 Phoenix Doktorvolt DV-0249-FOT - DOKTORVOLT\u00ae<\/title>\n<meta name=\"robots\" content=\"index, follow, max-snippet:-1, max-image-preview:large, max-video-preview:-1\" \/>\n<link rel=\"canonical\" href=\"https:\/\/doktorvolt.pl\/de\/offer-doktorvolt\/photovoltaik\/rozdzielnica-fotowoltaiczna-solarna-pv-ac-rcbo-b16a-300ma-3f-t1-t2-phoenix-doktorvolt-0249\/\" \/>\n<meta property=\"og:locale\" content=\"de_DE\" \/>\n<meta property=\"og:type\" content=\"article\" \/>\n<meta property=\"og:title\" content=\"Solar Anschlusskasten PV AC RCBO B16A 300mA 3F T1 T2 Phoenix Doktorvolt DV-0249-FOT - DOKTORVOLT\u00ae\" \/>\n<meta property=\"og:url\" content=\"https:\/\/doktorvolt.pl\/de\/offer-doktorvolt\/photovoltaik\/rozdzielnica-fotowoltaiczna-solarna-pv-ac-rcbo-b16a-300ma-3f-t1-t2-phoenix-doktorvolt-0249\/\" \/>\n<meta property=\"og:site_name\" content=\"DOKTORVOLT\u00ae\" \/>\n<meta property=\"article:modified_time\" content=\"2026-04-23T12:18:39+00:00\" \/>\n<meta property=\"og:image\" content=\"https:\/\/doktorvolt.pl\/wp-content\/uploads\/2026\/02\/pol_pl_16627-16627_1.jpg\" \/>\n\t<meta property=\"og:image:width\" content=\"1000\" \/>\n\t<meta property=\"og:image:height\" content=\"1000\" \/>\n\t<meta property=\"og:image:type\" content=\"image\/jpeg\" \/>\n<meta name=\"twitter:card\" content=\"summary_large_image\" \/>\n<meta name=\"twitter:label1\" content=\"Gesch\u00e4tzte Lesezeit\" \/>\n\t<meta name=\"twitter:data1\" content=\"1\u00a0Minute\" \/>\n<script type=\"application\/ld+json\" class=\"yoast-schema-graph\">{\"@context\":\"https:\/\/schema.org\",\"@graph\":[{\"@type\":\"WebPage\",\"@id\":\"https:\/\/doktorvolt.pl\/de\/offer-doktorvolt\/photovoltaik\/rozdzielnica-fotowoltaiczna-solarna-pv-ac-rcbo-b16a-300ma-3f-t1-t2-phoenix-doktorvolt-0249\/\",\"url\":\"https:\/\/doktorvolt.pl\/de\/offer-doktorvolt\/photovoltaik\/rozdzielnica-fotowoltaiczna-solarna-pv-ac-rcbo-b16a-300ma-3f-t1-t2-phoenix-doktorvolt-0249\/\",\"name\":\"Solar Anschlusskasten PV AC RCBO B16A 300mA 3F T1 T2 Phoenix Doktorvolt DV-0249-FOT - DOKTORVOLT\u00ae\",\"isPartOf\":{\"@id\":\"https:\/\/doktorvolt.pl\/de\/#website\"},\"primaryImageOfPage\":{\"@id\":\"https:\/\/doktorvolt.pl\/de\/offer-doktorvolt\/photovoltaik\/rozdzielnica-fotowoltaiczna-solarna-pv-ac-rcbo-b16a-300ma-3f-t1-t2-phoenix-doktorvolt-0249\/#primaryimage\"},\"image\":{\"@id\":\"https:\/\/doktorvolt.pl\/de\/offer-doktorvolt\/photovoltaik\/rozdzielnica-fotowoltaiczna-solarna-pv-ac-rcbo-b16a-300ma-3f-t1-t2-phoenix-doktorvolt-0249\/#primaryimage\"},\"thumbnailUrl\":\"https:\/\/doktorvolt.pl\/wp-content\/uploads\/2026\/02\/pol_pl_16627-16627_1.jpg\",\"datePublished\":\"2026-02-24T08:23:31+00:00\",\"dateModified\":\"2026-04-23T12:18:39+00:00\",\"breadcrumb\":{\"@id\":\"https:\/\/doktorvolt.pl\/de\/offer-doktorvolt\/photovoltaik\/rozdzielnica-fotowoltaiczna-solarna-pv-ac-rcbo-b16a-300ma-3f-t1-t2-phoenix-doktorvolt-0249\/#breadcrumb\"},\"inLanguage\":\"de\",\"potentialAction\":[{\"@type\":\"ReadAction\",\"target\":[\"https:\/\/doktorvolt.pl\/de\/offer-doktorvolt\/photovoltaik\/rozdzielnica-fotowoltaiczna-solarna-pv-ac-rcbo-b16a-300ma-3f-t1-t2-phoenix-doktorvolt-0249\/\"]}]},{\"@type\":\"ImageObject\",\"inLanguage\":\"de\",\"@id\":\"https:\/\/doktorvolt.pl\/de\/offer-doktorvolt\/photovoltaik\/rozdzielnica-fotowoltaiczna-solarna-pv-ac-rcbo-b16a-300ma-3f-t1-t2-phoenix-doktorvolt-0249\/#primaryimage\",\"url\":\"https:\/\/doktorvolt.pl\/wp-content\/uploads\/2026\/02\/pol_pl_16627-16627_1.jpg\",\"contentUrl\":\"https:\/\/doktorvolt.pl\/wp-content\/uploads\/2026\/02\/pol_pl_16627-16627_1.jpg\",\"width\":1000,\"height\":1000},{\"@type\":\"BreadcrumbList\",\"@id\":\"https:\/\/doktorvolt.pl\/de\/offer-doktorvolt\/photovoltaik\/rozdzielnica-fotowoltaiczna-solarna-pv-ac-rcbo-b16a-300ma-3f-t1-t2-phoenix-doktorvolt-0249\/#breadcrumb\",\"itemListElement\":[{\"@type\":\"ListItem\",\"position\":1,\"name\":\"Strona g\u0142\u00f3wna\",\"item\":\"https:\/\/doktorvolt.pl\/de\/\"},{\"@type\":\"ListItem\",\"position\":2,\"name\":\"Angebot Doktorvolt\",\"item\":\"https:\/\/doktorvolt.pl\/de\/angebot-doktorvolt\/\"},{\"@type\":\"ListItem\",\"position\":3,\"name\":\"Solar Anschlusskasten PV AC RCBO B16A 300mA 3F T1 T2 Phoenix Doktorvolt DV-0249-FOT\"}]},{\"@type\":\"WebSite\",\"@id\":\"https:\/\/doktorvolt.pl\/de\/#website\",\"url\":\"https:\/\/doktorvolt.pl\/de\/\",\"name\":\"DOKTORVOLT\u00ae\",\"description\":\"Producent rozdzielnic budowlanych\",\"publisher\":{\"@id\":\"https:\/\/doktorvolt.pl\/de\/#organization\"},\"potentialAction\":[{\"@type\":\"SearchAction\",\"target\":{\"@type\":\"EntryPoint\",\"urlTemplate\":\"https:\/\/doktorvolt.pl\/de\/?s={search_term_string}\"},\"query-input\":{\"@type\":\"PropertyValueSpecification\",\"valueRequired\":true,\"valueName\":\"search_term_string\"}}],\"inLanguage\":\"de\"},{\"@type\":\"Organization\",\"@id\":\"https:\/\/doktorvolt.pl\/de\/#organization\",\"name\":\"DOKTORVOLT\u00ae\",\"url\":\"https:\/\/doktorvolt.pl\/de\/\",\"logo\":{\"@type\":\"ImageObject\",\"inLanguage\":\"de\",\"@id\":\"https:\/\/doktorvolt.pl\/de\/#\/schema\/logo\/image\/\",\"url\":\"https:\/\/doktorvolt.pl\/wp-content\/uploads\/2023\/10\/DoktorVOLT-black-png.png\",\"contentUrl\":\"https:\/\/doktorvolt.pl\/wp-content\/uploads\/2023\/10\/DoktorVOLT-black-png.png\",\"width\":729,\"height\":40,\"caption\":\"DOKTORVOLT\u00ae\"},\"image\":{\"@id\":\"https:\/\/doktorvolt.pl\/de\/#\/schema\/logo\/image\/\"}}]}<\/script>\n<!-- \/ Yoast SEO plugin. -->","yoast_head_json":{"title":"Solar Anschlusskasten PV AC RCBO B16A 300mA 3F T1 T2 Phoenix Doktorvolt DV-0249-FOT - DOKTORVOLT\u00ae","robots":{"index":"index","follow":"follow","max-snippet":"max-snippet:-1","max-image-preview":"max-image-preview:large","max-video-preview":"max-video-preview:-1"},"canonical":"https:\/\/doktorvolt.pl\/de\/offer-doktorvolt\/photovoltaik\/rozdzielnica-fotowoltaiczna-solarna-pv-ac-rcbo-b16a-300ma-3f-t1-t2-phoenix-doktorvolt-0249\/","og_locale":"de_DE","og_type":"article","og_title":"Solar Anschlusskasten PV AC RCBO B16A 300mA 3F T1 T2 Phoenix Doktorvolt DV-0249-FOT - DOKTORVOLT\u00ae","og_url":"https:\/\/doktorvolt.pl\/de\/offer-doktorvolt\/photovoltaik\/rozdzielnica-fotowoltaiczna-solarna-pv-ac-rcbo-b16a-300ma-3f-t1-t2-phoenix-doktorvolt-0249\/","og_site_name":"DOKTORVOLT\u00ae","article_modified_time":"2026-04-23T12:18:39+00:00","og_image":[{"width":1000,"height":1000,"url":"https:\/\/doktorvolt.pl\/wp-content\/uploads\/2026\/02\/pol_pl_16627-16627_1.jpg","type":"image\/jpeg"}],"twitter_card":"summary_large_image","twitter_misc":{"Gesch\u00e4tzte Lesezeit":"1\u00a0Minute"},"schema":{"@context":"https:\/\/schema.org","@graph":[{"@type":"WebPage","@id":"https:\/\/doktorvolt.pl\/de\/offer-doktorvolt\/photovoltaik\/rozdzielnica-fotowoltaiczna-solarna-pv-ac-rcbo-b16a-300ma-3f-t1-t2-phoenix-doktorvolt-0249\/","url":"https:\/\/doktorvolt.pl\/de\/offer-doktorvolt\/photovoltaik\/rozdzielnica-fotowoltaiczna-solarna-pv-ac-rcbo-b16a-300ma-3f-t1-t2-phoenix-doktorvolt-0249\/","name":"Solar Anschlusskasten PV AC RCBO B16A 300mA 3F T1 T2 Phoenix Doktorvolt DV-0249-FOT - DOKTORVOLT\u00ae","isPartOf":{"@id":"https:\/\/doktorvolt.pl\/de\/#website"},"primaryImageOfPage":{"@id":"https:\/\/doktorvolt.pl\/de\/offer-doktorvolt\/photovoltaik\/rozdzielnica-fotowoltaiczna-solarna-pv-ac-rcbo-b16a-300ma-3f-t1-t2-phoenix-doktorvolt-0249\/#primaryimage"},"image":{"@id":"https:\/\/doktorvolt.pl\/de\/offer-doktorvolt\/photovoltaik\/rozdzielnica-fotowoltaiczna-solarna-pv-ac-rcbo-b16a-300ma-3f-t1-t2-phoenix-doktorvolt-0249\/#primaryimage"},"thumbnailUrl":"https:\/\/doktorvolt.pl\/wp-content\/uploads\/2026\/02\/pol_pl_16627-16627_1.jpg","datePublished":"2026-02-24T08:23:31+00:00","dateModified":"2026-04-23T12:18:39+00:00","breadcrumb":{"@id":"https:\/\/doktorvolt.pl\/de\/offer-doktorvolt\/photovoltaik\/rozdzielnica-fotowoltaiczna-solarna-pv-ac-rcbo-b16a-300ma-3f-t1-t2-phoenix-doktorvolt-0249\/#breadcrumb"},"inLanguage":"de","potentialAction":[{"@type":"ReadAction","target":["https:\/\/doktorvolt.pl\/de\/offer-doktorvolt\/photovoltaik\/rozdzielnica-fotowoltaiczna-solarna-pv-ac-rcbo-b16a-300ma-3f-t1-t2-phoenix-doktorvolt-0249\/"]}]},{"@type":"ImageObject","inLanguage":"de","@id":"https:\/\/doktorvolt.pl\/de\/offer-doktorvolt\/photovoltaik\/rozdzielnica-fotowoltaiczna-solarna-pv-ac-rcbo-b16a-300ma-3f-t1-t2-phoenix-doktorvolt-0249\/#primaryimage","url":"https:\/\/doktorvolt.pl\/wp-content\/uploads\/2026\/02\/pol_pl_16627-16627_1.jpg","contentUrl":"https:\/\/doktorvolt.pl\/wp-content\/uploads\/2026\/02\/pol_pl_16627-16627_1.jpg","width":1000,"height":1000},{"@type":"BreadcrumbList","@id":"https:\/\/doktorvolt.pl\/de\/offer-doktorvolt\/photovoltaik\/rozdzielnica-fotowoltaiczna-solarna-pv-ac-rcbo-b16a-300ma-3f-t1-t2-phoenix-doktorvolt-0249\/#breadcrumb","itemListElement":[{"@type":"ListItem","position":1,"name":"Strona g\u0142\u00f3wna","item":"https:\/\/doktorvolt.pl\/de\/"},{"@type":"ListItem","position":2,"name":"Angebot Doktorvolt","item":"https:\/\/doktorvolt.pl\/de\/angebot-doktorvolt\/"},{"@type":"ListItem","position":3,"name":"Solar Anschlusskasten PV AC RCBO B16A 300mA 3F T1 T2 Phoenix Doktorvolt DV-0249-FOT"}]},{"@type":"WebSite","@id":"https:\/\/doktorvolt.pl\/de\/#website","url":"https:\/\/doktorvolt.pl\/de\/","name":"DOKTORVOLT\u00ae","description":"Producent rozdzielnic budowlanych","publisher":{"@id":"https:\/\/doktorvolt.pl\/de\/#organization"},"potentialAction":[{"@type":"SearchAction","target":{"@type":"EntryPoint","urlTemplate":"https:\/\/doktorvolt.pl\/de\/?s={search_term_string}"},"query-input":{"@type":"PropertyValueSpecification","valueRequired":true,"valueName":"search_term_string"}}],"inLanguage":"de"},{"@type":"Organization","@id":"https:\/\/doktorvolt.pl\/de\/#organization","name":"DOKTORVOLT\u00ae","url":"https:\/\/doktorvolt.pl\/de\/","logo":{"@type":"ImageObject","inLanguage":"de","@id":"https:\/\/doktorvolt.pl\/de\/#\/schema\/logo\/image\/","url":"https:\/\/doktorvolt.pl\/wp-content\/uploads\/2023\/10\/DoktorVOLT-black-png.png","contentUrl":"https:\/\/doktorvolt.pl\/wp-content\/uploads\/2023\/10\/DoktorVOLT-black-png.png","width":729,"height":40,"caption":"DOKTORVOLT\u00ae"},"image":{"@id":"https:\/\/doktorvolt.pl\/de\/#\/schema\/logo\/image\/"}}]}},"_links":{"self":[{"href":"https:\/\/doktorvolt.pl\/de\/wp-json\/wp\/v2\/product\/109594","targetHints":{"allow":["GET"]}}],"collection":[{"href":"https:\/\/doktorvolt.pl\/de\/wp-json\/wp\/v2\/product"}],"about":[{"href":"https:\/\/doktorvolt.pl\/de\/wp-json\/wp\/v2\/types\/product"}],"wp:featuredmedia":[{"embeddable":true,"href":"https:\/\/doktorvolt.pl\/de\/wp-json\/wp\/v2\/media\/108588"}],"wp:attachment":[{"href":"https:\/\/doktorvolt.pl\/de\/wp-json\/wp\/v2\/media?parent=109594"}],"wp:term":[{"taxonomy":"product_brand","embeddable":true,"href":"https:\/\/doktorvolt.pl\/de\/wp-json\/wp\/v2\/product_brand?post=109594"},{"taxonomy":"product_cat","embeddable":true,"href":"https:\/\/doktorvolt.pl\/de\/wp-json\/wp\/v2\/product_cat?post=109594"},{"taxonomy":"product_tag","embeddable":true,"href":"https:\/\/doktorvolt.pl\/de\/wp-json\/wp\/v2\/product_tag?post=109594"}],"curies":[{"name":"wp","href":"https:\/\/api.w.org\/{rel}","templated":true}]}}