{"id":109613,"date":"2026-02-24T10:20:32","date_gmt":"2026-02-24T08:20:32","guid":{"rendered":"https:\/\/doktorvolt.pl\/sklep\/unkategorisiert\/ac-1f-c16-25a-300ma-t1-t2-rozdzielnica-pv-fotowoltaiczna-solarna-vcx-doktorvolt-4500\/"},"modified":"2026-02-27T09:33:26","modified_gmt":"2026-02-27T07:33:26","slug":"ac-1f-c16-25a-300ma-t1-t2-rozdzielnica-pv-fotowoltaiczna-solarna-vcx-doktorvolt-4500","status":"publish","type":"product","link":"https:\/\/doktorvolt.pl\/de\/oferta-doktorvolt\/photovoltaik\/ac-1f-c16-25a-300ma-t1-t2-rozdzielnica-pv-fotowoltaiczna-solarna-vcx-doktorvolt-4500\/","title":{"rendered":"AC 1F C16 25A 300mA T1 T2 Rozdzielnica PV Fotowoltaiczna Solarna Doktorvolt DV-4500-FOT"},"content":{"rendered":"<p>AC 320V 4P Klasse T1 T2 Photovoltaik-Schaltanlage mit \u00dcberspannungsschutz und IP65. Ideal f\u00fcr den Schutz von PV-Anlagen auf der AC-Seite. Hochwertige Komponenten und T\u00dcV S\u00dcD-Zertifizierung garantieren Zuverl\u00e4ssigkeit.<\/p>\n","protected":false},"excerpt":{"rendered":"<p>AC 320V 4P Klasse T1 T2 Photovoltaik-Schaltanlage mit \u00dcberspannungsschutz und IP65. Ideal f\u00fcr den Schutz von PV-Anlagen auf der AC-Seite. Hochwertige Komponenten und T\u00dcV S\u00dcD-Zertifizierung garantieren Zuverl\u00e4ssigkeit.<\/p>\n","protected":false},"featured_media":108305,"template":"","meta":[],"product_brand":[],"product_cat":[4563],"product_tag":[],"class_list":{"0":"post-109613","1":"product","2":"type-product","3":"status-publish","4":"has-post-thumbnail","6":"product_cat-photovoltaik","8":"first","9":"instock","10":"shipping-taxable","11":"product-type-external"},"yoast_head":"<!-- This site is optimized with the Yoast SEO plugin v27.0 - https:\/\/yoast.com\/product\/yoast-seo-wordpress\/ -->\n<title>AC 1F C16 25A 300mA T1 T2 Rozdzielnica PV Fotowoltaiczna Solarna Doktorvolt DV-4500-FOT - DOKTORVOLT\u00ae<\/title>\n<meta name=\"robots\" content=\"index, follow, max-snippet:-1, max-image-preview:large, max-video-preview:-1\" \/>\n<link rel=\"canonical\" href=\"https:\/\/doktorvolt.pl\/de\/oferta-doktorvolt\/photovoltaik\/ac-1f-c16-25a-300ma-t1-t2-rozdzielnica-pv-fotowoltaiczna-solarna-vcx-doktorvolt-4500\/\" \/>\n<meta property=\"og:locale\" content=\"de_DE\" \/>\n<meta property=\"og:type\" content=\"article\" \/>\n<meta property=\"og:title\" content=\"AC 1F C16 25A 300mA T1 T2 Rozdzielnica PV Fotowoltaiczna Solarna Doktorvolt DV-4500-FOT - DOKTORVOLT\u00ae\" \/>\n<meta property=\"og:description\" content=\"AC 320V 4P Klasse T1 T2 Photovoltaik-Schaltanlage mit \u00dcberspannungsschutz und IP65. Ideal f\u00fcr den Schutz von PV-Anlagen auf der AC-Seite. Hochwertige Komponenten und T\u00dcV S\u00dcD-Zertifizierung garantieren Zuverl\u00e4ssigkeit.\" \/>\n<meta property=\"og:url\" content=\"https:\/\/doktorvolt.pl\/de\/oferta-doktorvolt\/photovoltaik\/ac-1f-c16-25a-300ma-t1-t2-rozdzielnica-pv-fotowoltaiczna-solarna-vcx-doktorvolt-4500\/\" \/>\n<meta property=\"og:site_name\" content=\"DOKTORVOLT\u00ae\" \/>\n<meta property=\"article:modified_time\" content=\"2026-02-27T07:33:26+00:00\" \/>\n<meta property=\"og:image\" content=\"https:\/\/doktorvolt.pl\/wp-content\/uploads\/2026\/02\/pol_pl_AC-1F-C16-25A-300mA-T1-T2-Rozdzielnica-PV-Fotowoltaiczna-Solarna-VCX-Doktorvolt-4500-14248_1.jpg\" \/>\n\t<meta property=\"og:image:width\" content=\"1000\" \/>\n\t<meta property=\"og:image:height\" content=\"1000\" \/>\n\t<meta property=\"og:image:type\" content=\"image\/jpeg\" \/>\n<meta name=\"twitter:card\" content=\"summary_large_image\" \/>\n<script type=\"application\/ld+json\" class=\"yoast-schema-graph\">{\"@context\":\"https:\/\/schema.org\",\"@graph\":[{\"@type\":\"WebPage\",\"@id\":\"https:\/\/doktorvolt.pl\/de\/oferta-doktorvolt\/photovoltaik\/ac-1f-c16-25a-300ma-t1-t2-rozdzielnica-pv-fotowoltaiczna-solarna-vcx-doktorvolt-4500\/\",\"url\":\"https:\/\/doktorvolt.pl\/de\/oferta-doktorvolt\/photovoltaik\/ac-1f-c16-25a-300ma-t1-t2-rozdzielnica-pv-fotowoltaiczna-solarna-vcx-doktorvolt-4500\/\",\"name\":\"AC 1F C16 25A 300mA T1 T2 Rozdzielnica PV Fotowoltaiczna Solarna Doktorvolt DV-4500-FOT - DOKTORVOLT\u00ae\",\"isPartOf\":{\"@id\":\"https:\/\/doktorvolt.pl\/de\/#website\"},\"primaryImageOfPage\":{\"@id\":\"https:\/\/doktorvolt.pl\/de\/oferta-doktorvolt\/photovoltaik\/ac-1f-c16-25a-300ma-t1-t2-rozdzielnica-pv-fotowoltaiczna-solarna-vcx-doktorvolt-4500\/#primaryimage\"},\"image\":{\"@id\":\"https:\/\/doktorvolt.pl\/de\/oferta-doktorvolt\/photovoltaik\/ac-1f-c16-25a-300ma-t1-t2-rozdzielnica-pv-fotowoltaiczna-solarna-vcx-doktorvolt-4500\/#primaryimage\"},\"thumbnailUrl\":\"https:\/\/doktorvolt.pl\/wp-content\/uploads\/2026\/02\/pol_pl_AC-1F-C16-25A-300mA-T1-T2-Rozdzielnica-PV-Fotowoltaiczna-Solarna-VCX-Doktorvolt-4500-14248_1.jpg\",\"datePublished\":\"2026-02-24T08:20:32+00:00\",\"dateModified\":\"2026-02-27T07:33:26+00:00\",\"breadcrumb\":{\"@id\":\"https:\/\/doktorvolt.pl\/de\/oferta-doktorvolt\/photovoltaik\/ac-1f-c16-25a-300ma-t1-t2-rozdzielnica-pv-fotowoltaiczna-solarna-vcx-doktorvolt-4500\/#breadcrumb\"},\"inLanguage\":\"de\",\"potentialAction\":[{\"@type\":\"ReadAction\",\"target\":[\"https:\/\/doktorvolt.pl\/de\/oferta-doktorvolt\/photovoltaik\/ac-1f-c16-25a-300ma-t1-t2-rozdzielnica-pv-fotowoltaiczna-solarna-vcx-doktorvolt-4500\/\"]}]},{\"@type\":\"ImageObject\",\"inLanguage\":\"de\",\"@id\":\"https:\/\/doktorvolt.pl\/de\/oferta-doktorvolt\/photovoltaik\/ac-1f-c16-25a-300ma-t1-t2-rozdzielnica-pv-fotowoltaiczna-solarna-vcx-doktorvolt-4500\/#primaryimage\",\"url\":\"https:\/\/doktorvolt.pl\/wp-content\/uploads\/2026\/02\/pol_pl_AC-1F-C16-25A-300mA-T1-T2-Rozdzielnica-PV-Fotowoltaiczna-Solarna-VCX-Doktorvolt-4500-14248_1.jpg\",\"contentUrl\":\"https:\/\/doktorvolt.pl\/wp-content\/uploads\/2026\/02\/pol_pl_AC-1F-C16-25A-300mA-T1-T2-Rozdzielnica-PV-Fotowoltaiczna-Solarna-VCX-Doktorvolt-4500-14248_1.jpg\",\"width\":1000,\"height\":1000},{\"@type\":\"BreadcrumbList\",\"@id\":\"https:\/\/doktorvolt.pl\/de\/oferta-doktorvolt\/photovoltaik\/ac-1f-c16-25a-300ma-t1-t2-rozdzielnica-pv-fotowoltaiczna-solarna-vcx-doktorvolt-4500\/#breadcrumb\",\"itemListElement\":[{\"@type\":\"ListItem\",\"position\":1,\"name\":\"Strona g\u0142\u00f3wna\",\"item\":\"https:\/\/doktorvolt.pl\/de\/\"},{\"@type\":\"ListItem\",\"position\":2,\"name\":\"Angebot Doktorvolt\",\"item\":\"https:\/\/doktorvolt.pl\/de\/angebot-doktorvolt\/\"},{\"@type\":\"ListItem\",\"position\":3,\"name\":\"AC 1F C16 25A 300mA T1 T2 Rozdzielnica PV Fotowoltaiczna Solarna Doktorvolt DV-4500-FOT\"}]},{\"@type\":\"WebSite\",\"@id\":\"https:\/\/doktorvolt.pl\/de\/#website\",\"url\":\"https:\/\/doktorvolt.pl\/de\/\",\"name\":\"DOKTORVOLT\u00ae\",\"description\":\"Producent rozdzielnic budowlanych\",\"publisher\":{\"@id\":\"https:\/\/doktorvolt.pl\/de\/#organization\"},\"potentialAction\":[{\"@type\":\"SearchAction\",\"target\":{\"@type\":\"EntryPoint\",\"urlTemplate\":\"https:\/\/doktorvolt.pl\/de\/?s={search_term_string}\"},\"query-input\":{\"@type\":\"PropertyValueSpecification\",\"valueRequired\":true,\"valueName\":\"search_term_string\"}}],\"inLanguage\":\"de\"},{\"@type\":\"Organization\",\"@id\":\"https:\/\/doktorvolt.pl\/de\/#organization\",\"name\":\"DOKTORVOLT\u00ae\",\"url\":\"https:\/\/doktorvolt.pl\/de\/\",\"logo\":{\"@type\":\"ImageObject\",\"inLanguage\":\"de\",\"@id\":\"https:\/\/doktorvolt.pl\/de\/#\/schema\/logo\/image\/\",\"url\":\"https:\/\/doktorvolt.pl\/wp-content\/uploads\/2023\/10\/DoktorVOLT-black-png.png\",\"contentUrl\":\"https:\/\/doktorvolt.pl\/wp-content\/uploads\/2023\/10\/DoktorVOLT-black-png.png\",\"width\":729,\"height\":40,\"caption\":\"DOKTORVOLT\u00ae\"},\"image\":{\"@id\":\"https:\/\/doktorvolt.pl\/de\/#\/schema\/logo\/image\/\"}}]}<\/script>\n<!-- \/ Yoast SEO plugin. -->","yoast_head_json":{"title":"AC 1F C16 25A 300mA T1 T2 Rozdzielnica PV Fotowoltaiczna Solarna Doktorvolt DV-4500-FOT - DOKTORVOLT\u00ae","robots":{"index":"index","follow":"follow","max-snippet":"max-snippet:-1","max-image-preview":"max-image-preview:large","max-video-preview":"max-video-preview:-1"},"canonical":"https:\/\/doktorvolt.pl\/de\/oferta-doktorvolt\/photovoltaik\/ac-1f-c16-25a-300ma-t1-t2-rozdzielnica-pv-fotowoltaiczna-solarna-vcx-doktorvolt-4500\/","og_locale":"de_DE","og_type":"article","og_title":"AC 1F C16 25A 300mA T1 T2 Rozdzielnica PV Fotowoltaiczna Solarna Doktorvolt DV-4500-FOT - DOKTORVOLT\u00ae","og_description":"AC 320V 4P Klasse T1 T2 Photovoltaik-Schaltanlage mit \u00dcberspannungsschutz und IP65. Ideal f\u00fcr den Schutz von PV-Anlagen auf der AC-Seite. Hochwertige Komponenten und T\u00dcV S\u00dcD-Zertifizierung garantieren Zuverl\u00e4ssigkeit.","og_url":"https:\/\/doktorvolt.pl\/de\/oferta-doktorvolt\/photovoltaik\/ac-1f-c16-25a-300ma-t1-t2-rozdzielnica-pv-fotowoltaiczna-solarna-vcx-doktorvolt-4500\/","og_site_name":"DOKTORVOLT\u00ae","article_modified_time":"2026-02-27T07:33:26+00:00","og_image":[{"width":1000,"height":1000,"url":"https:\/\/doktorvolt.pl\/wp-content\/uploads\/2026\/02\/pol_pl_AC-1F-C16-25A-300mA-T1-T2-Rozdzielnica-PV-Fotowoltaiczna-Solarna-VCX-Doktorvolt-4500-14248_1.jpg","type":"image\/jpeg"}],"twitter_card":"summary_large_image","schema":{"@context":"https:\/\/schema.org","@graph":[{"@type":"WebPage","@id":"https:\/\/doktorvolt.pl\/de\/oferta-doktorvolt\/photovoltaik\/ac-1f-c16-25a-300ma-t1-t2-rozdzielnica-pv-fotowoltaiczna-solarna-vcx-doktorvolt-4500\/","url":"https:\/\/doktorvolt.pl\/de\/oferta-doktorvolt\/photovoltaik\/ac-1f-c16-25a-300ma-t1-t2-rozdzielnica-pv-fotowoltaiczna-solarna-vcx-doktorvolt-4500\/","name":"AC 1F C16 25A 300mA T1 T2 Rozdzielnica PV Fotowoltaiczna Solarna Doktorvolt DV-4500-FOT - DOKTORVOLT\u00ae","isPartOf":{"@id":"https:\/\/doktorvolt.pl\/de\/#website"},"primaryImageOfPage":{"@id":"https:\/\/doktorvolt.pl\/de\/oferta-doktorvolt\/photovoltaik\/ac-1f-c16-25a-300ma-t1-t2-rozdzielnica-pv-fotowoltaiczna-solarna-vcx-doktorvolt-4500\/#primaryimage"},"image":{"@id":"https:\/\/doktorvolt.pl\/de\/oferta-doktorvolt\/photovoltaik\/ac-1f-c16-25a-300ma-t1-t2-rozdzielnica-pv-fotowoltaiczna-solarna-vcx-doktorvolt-4500\/#primaryimage"},"thumbnailUrl":"https:\/\/doktorvolt.pl\/wp-content\/uploads\/2026\/02\/pol_pl_AC-1F-C16-25A-300mA-T1-T2-Rozdzielnica-PV-Fotowoltaiczna-Solarna-VCX-Doktorvolt-4500-14248_1.jpg","datePublished":"2026-02-24T08:20:32+00:00","dateModified":"2026-02-27T07:33:26+00:00","breadcrumb":{"@id":"https:\/\/doktorvolt.pl\/de\/oferta-doktorvolt\/photovoltaik\/ac-1f-c16-25a-300ma-t1-t2-rozdzielnica-pv-fotowoltaiczna-solarna-vcx-doktorvolt-4500\/#breadcrumb"},"inLanguage":"de","potentialAction":[{"@type":"ReadAction","target":["https:\/\/doktorvolt.pl\/de\/oferta-doktorvolt\/photovoltaik\/ac-1f-c16-25a-300ma-t1-t2-rozdzielnica-pv-fotowoltaiczna-solarna-vcx-doktorvolt-4500\/"]}]},{"@type":"ImageObject","inLanguage":"de","@id":"https:\/\/doktorvolt.pl\/de\/oferta-doktorvolt\/photovoltaik\/ac-1f-c16-25a-300ma-t1-t2-rozdzielnica-pv-fotowoltaiczna-solarna-vcx-doktorvolt-4500\/#primaryimage","url":"https:\/\/doktorvolt.pl\/wp-content\/uploads\/2026\/02\/pol_pl_AC-1F-C16-25A-300mA-T1-T2-Rozdzielnica-PV-Fotowoltaiczna-Solarna-VCX-Doktorvolt-4500-14248_1.jpg","contentUrl":"https:\/\/doktorvolt.pl\/wp-content\/uploads\/2026\/02\/pol_pl_AC-1F-C16-25A-300mA-T1-T2-Rozdzielnica-PV-Fotowoltaiczna-Solarna-VCX-Doktorvolt-4500-14248_1.jpg","width":1000,"height":1000},{"@type":"BreadcrumbList","@id":"https:\/\/doktorvolt.pl\/de\/oferta-doktorvolt\/photovoltaik\/ac-1f-c16-25a-300ma-t1-t2-rozdzielnica-pv-fotowoltaiczna-solarna-vcx-doktorvolt-4500\/#breadcrumb","itemListElement":[{"@type":"ListItem","position":1,"name":"Strona g\u0142\u00f3wna","item":"https:\/\/doktorvolt.pl\/de\/"},{"@type":"ListItem","position":2,"name":"Angebot Doktorvolt","item":"https:\/\/doktorvolt.pl\/de\/angebot-doktorvolt\/"},{"@type":"ListItem","position":3,"name":"AC 1F C16 25A 300mA T1 T2 Rozdzielnica PV Fotowoltaiczna Solarna Doktorvolt DV-4500-FOT"}]},{"@type":"WebSite","@id":"https:\/\/doktorvolt.pl\/de\/#website","url":"https:\/\/doktorvolt.pl\/de\/","name":"DOKTORVOLT\u00ae","description":"Producent rozdzielnic budowlanych","publisher":{"@id":"https:\/\/doktorvolt.pl\/de\/#organization"},"potentialAction":[{"@type":"SearchAction","target":{"@type":"EntryPoint","urlTemplate":"https:\/\/doktorvolt.pl\/de\/?s={search_term_string}"},"query-input":{"@type":"PropertyValueSpecification","valueRequired":true,"valueName":"search_term_string"}}],"inLanguage":"de"},{"@type":"Organization","@id":"https:\/\/doktorvolt.pl\/de\/#organization","name":"DOKTORVOLT\u00ae","url":"https:\/\/doktorvolt.pl\/de\/","logo":{"@type":"ImageObject","inLanguage":"de","@id":"https:\/\/doktorvolt.pl\/de\/#\/schema\/logo\/image\/","url":"https:\/\/doktorvolt.pl\/wp-content\/uploads\/2023\/10\/DoktorVOLT-black-png.png","contentUrl":"https:\/\/doktorvolt.pl\/wp-content\/uploads\/2023\/10\/DoktorVOLT-black-png.png","width":729,"height":40,"caption":"DOKTORVOLT\u00ae"},"image":{"@id":"https:\/\/doktorvolt.pl\/de\/#\/schema\/logo\/image\/"}}]}},"_links":{"self":[{"href":"https:\/\/doktorvolt.pl\/de\/wp-json\/wp\/v2\/product\/109613","targetHints":{"allow":["GET"]}}],"collection":[{"href":"https:\/\/doktorvolt.pl\/de\/wp-json\/wp\/v2\/product"}],"about":[{"href":"https:\/\/doktorvolt.pl\/de\/wp-json\/wp\/v2\/types\/product"}],"wp:featuredmedia":[{"embeddable":true,"href":"https:\/\/doktorvolt.pl\/de\/wp-json\/wp\/v2\/media\/108305"}],"wp:attachment":[{"href":"https:\/\/doktorvolt.pl\/de\/wp-json\/wp\/v2\/media?parent=109613"}],"wp:term":[{"taxonomy":"product_brand","embeddable":true,"href":"https:\/\/doktorvolt.pl\/de\/wp-json\/wp\/v2\/product_brand?post=109613"},{"taxonomy":"product_cat","embeddable":true,"href":"https:\/\/doktorvolt.pl\/de\/wp-json\/wp\/v2\/product_cat?post=109613"},{"taxonomy":"product_tag","embeddable":true,"href":"https:\/\/doktorvolt.pl\/de\/wp-json\/wp\/v2\/product_tag?post=109613"}],"curies":[{"name":"wp","href":"https:\/\/api.w.org\/{rel}","templated":true}]}}