{"id":109617,"date":"2026-02-24T10:19:56","date_gmt":"2026-02-24T08:19:56","guid":{"rendered":"https:\/\/doktorvolt.pl\/sklep\/unkategorisiert\/rozdzielnica-pv-fotowoltaiczna-solarna-dc-1000v-t2-phoenix-contact-pg-doktorvolt-dv-4357-fot\/"},"modified":"2026-04-23T14:17:51","modified_gmt":"2026-04-23T12:17:51","slug":"rozdzielnica-pv-fotowoltaiczna-solarna-dc-1000v-t2-phoenix-contact-pg-doktorvolt-dv-4357-fot","status":"publish","type":"product","link":"https:\/\/doktorvolt.pl\/de\/offer-doktorvolt\/photovoltaik\/rozdzielnica-pv-fotowoltaiczna-solarna-dc-1000v-t2-phoenix-contact-pg-doktorvolt-dv-4357-fot\/","title":{"rendered":"Solar Anschlusskasten PV DC 1000V 1x T2 Phoenix 1-String PG Doktorvolt DV-4357-FOT"},"content":{"rendered":"<p><!-- Auktion von D\u017cesa --><\/p>\n<h1 style=\"text-align: center;\"><span style=\"color: #000000;\">Photovoltaik-Verteiler DC \u00dcberspannungsschutz 1000 V DC Typ 1+2 3-polig 40 kA 5 kA 4,2 kV 3-modulig<br \/><\/span><\/h1>\n<\/p>\n<p style=\"font-family: verdana, geneva; font-size: 12pt; text-align: center;\"><span style=\"color: #000000;\">&#x2b50;&#x2b50;&#x2b50;&#x2b50;&#x2b50;<\/span><\/p>\n<\/p>\n<p style=\"font-size: 13pt; text-align: left;\"><span style=\"color: #000000;\"><strong>&#x27a1;&#xfe0f; Photovoltaik-Verteiler der Marke Doktorvolt:<\/strong><\/span><\/p>\n<p style=\"text-align: justify;\"><span style=\"font-family: verdana, geneva; font-size: 12pt; color: #000000;\">&#x2714;&#xfe0f; ausgestattet mit hochwertigen Komponenten im Bereich \u00dcberspannungsschutz und Stromschutz,<\/span><\/p>\n<p style=\"text-align: justify;\"><span style=\"font-family: verdana, geneva; font-size: 12pt; color: #000000;\">&#x2714;&#xfe0f; zur DC-\u00dcberspannungsschutzanwendung wurde ein \u00dcberspannungsschutz Typ 1+2 1000 V DC 3-polig 40 kA 5 kA 4,2 kV 3-modulig verwendet, der sich durch hohe Leistungsf\u00e4higkeit und Zuverl\u00e4ssigkeit auszeichnet,<\/span><\/p>\n<p style=\"text-align: justify;\"><span style=\"font-family: verdana, geneva; font-size: 12pt; color: #000000;\">&#x2714;&#xfe0f; der Verteiler verf\u00fcgt \u00fcber den Schutzgrad IP65, was ihm Hermetik und Wasserdichtigkeit verleiht.<\/span><\/p>\n<\/p>\n<p style=\"font-size: 13pt; text-align: left;\"><span style=\"color: #000000;\"><strong>&#x27a1;&#xfe0f; Das Unternehmen Doktorvolt\u00ae hat im Herstellungsprozess der Verteiler ein nach T\u00dcV S\u00dcD zertifiziertes Managementsystem eingef\u00fchrt:<\/strong><\/span><\/p>\n<p style=\"text-align: justify;\"><span style=\"font-family: verdana, geneva; font-size: 12pt; color: #000000;\">&#x2714;&#xfe0f; Garantie f\u00fcr hohe Qualit\u00e4t,<\/span><\/p>\n<p style=\"text-align: justify;\"><span style=\"font-family: verdana, geneva; font-size: 12pt; color: #000000;\">&#x2714;&#xfe0f; transparenter Informationsfluss,<\/span><\/p>\n<p style=\"text-align: justify;\"><span style=\"font-family: verdana, geneva; font-size: 12pt; color: #000000;\">&#x2714;&#xfe0f; Sicherheitsgarantie,<\/span><\/p>\n<p style=\"text-align: justify;\"><span style=\"font-family: verdana, geneva; font-size: 12pt; color: #000000;\">&#x2714;&#xfe0f; gew\u00e4hrleisteter guter Kundenservice.<\/span><\/p>\n<p style=\"text-align: center;\"><img decoding=\"async\" src=\"\/data\/include\/cms\/description\/img\/cms\/certyfikat%20TUV.png\" alt=\"\" width=\"306\" height=\"152\" \/><\/p>\n<\/p>\n<p> <center><\/p>\n<p><iframe width=\"660\" height=\"415\" src=\"https:\/\/www.youtube.com\/embed\/OGZNz2HYkaQ\" frameborder=\"0\"><\/iframe><\/p>\n<p> <\/center><\/p>\n<p style=\"text-align: justify;\"><span style=\"font-family: verdana, geneva; font-size: 12pt; color: #000000;\">&#x27a1;&#xfe0f; Das Unternehmen Doktorvolt spezialisiert sich auf die Produktion hochwertiger Verteiler-L\u00f6sungen mit Steckdosen, Photovoltaik-Verteilern und Verl\u00e4ngerungskabeln. Auf dem Markt zeichnen sie sich durch Qualit\u00e4t, Detailtreue und umfassenden Kundenservice aus. Die Produkte von Doktorvolt werden aus gepr\u00fcften Komponenten von europ\u00e4ischen Lieferanten gefertigt.<\/span><\/p>\n<\/p>\n<table class=\"center\" style=\"background-color: #f5f5f5; margin-left: auto; margin-right: auto; width: 631px; border: 1px solid #ffffff;\" align=\"center\">\n<tbody>\n<tr>\n<td colspan=\"2\" style=\"text-align:right; padding:15px;\"><span style=\"font-size:16px;\">Geh\u00e4use<\/span><\/td>\n<\/tr>\n<tr>\n<td style=\"text-align:right; padding:15px;\">Anzahl Module<\/td>\n<td style=\"background:#fff; text-align:center;\">4<\/td>\n<\/tr>\n<tr>\n<td style=\"text-align:right; padding:15px;\">Anzahl Reihen<\/td>\n<td style=\"background:#fff; text-align:center;\">1<\/td>\n<\/tr>\n<tr>\n<td style=\"text-align:right; padding:15px;\">Montage<\/td>\n<td style=\"background:#fff; text-align:center;\">Aufputz<\/td>\n<\/tr>\n<tr>\n<td style=\"text-align:right; padding:15px;\">Schutzgrad Verteiler<\/td>\n<td style=\"background:#fff; text-align:center;\">IP65<\/td>\n<\/tr>\n<tr>\n<td style=\"text-align:right; padding:15px;\">Nennspannung Geh\u00e4use<\/td>\n<td style=\"background:#fff; text-align:center;\">1000 V<\/td>\n<\/tr>\n<tr>\n<td style=\"text-align:right; padding:15px;\">Abmessungen Geh\u00e4use<\/td>\n<td style=\"background:#fff; text-align:center;\">142\u00d7210\u00d7100 mm<\/td>\n<\/tr>\n<tr>\n<td style=\"text-align:right; padding:15px;\">Abmessungen Geh\u00e4use mit PG-Verschraubungen<\/td>\n<td style=\"background:#fff; text-align:center;\">142\u00d7240\u00d7100 mm<\/td>\n<\/tr>\n<tr>\n<td style=\"text-align:right; padding:15px;\">Material Geh\u00e4use<\/td>\n<td style=\"background:#fff; text-align:center;\">Technopolymer<\/td>\n<\/tr>\n<tr>\n<td style=\"text-align:right; padding:15px;\">Material T\u00fcr<\/td>\n<td style=\"background:#fff; text-align:center;\">Polycarbonat<\/td>\n<\/tr>\n<tr>\n<td style=\"text-align:right; padding:15px;\">Farbe Geh\u00e4use<\/td>\n<td style=\"background:#fff; text-align:center;\">Grau RAL 7035<\/td>\n<\/tr>\n<tr>\n<td style=\"text-align:right; padding:15px;\">Material Schrauben<\/td>\n<td style=\"background:#fff; text-align:center;\">Edelstahl<\/td>\n<\/tr>\n<tr>\n<td style=\"text-align:right; padding:15px;\">Material Dichtung<\/td>\n<td style=\"background:#fff; text-align:center;\">EPDM-Gummi<\/td>\n<\/tr>\n<tr>\n<td style=\"text-align:right; padding:15px;\">Kabelverschraubungen PG<\/td>\n<td style=\"background:#fff; text-align:center;\">1\u00d7PG11<br \/>4\u00d7PG7<\/td>\n<\/tr>\n<tr>\n<td style=\"text-align:right; padding:15px;\">Zertifikate &#038; Normen<\/td>\n<td style=\"background:#fff; text-align:center;\">CE<br \/>RoHS<br \/>Deca-BDE<br \/>CEI 23-48<\/td>\n<\/tr>\n<tr>\n<td colspan=\"2\" style=\"text-align:right; padding:15px;\">Schutz der DC-Leitungen<\/td>\n<\/tr>\n<tr>\n<td style=\"text-align:right; padding:15px;\">\u00dcberspannungsschutz DC<\/td>\n<td style=\"background:#fff; text-align:center;\">Typ 1+2 \u2022 3-polig \u2022 3-modulig \u2022 1000 V DC<\/td>\n<\/tr>\n<tr>\n<td style=\"text-align:right; padding:15px;\">Nennbetriebsspannung Un<\/td>\n<td style=\"background:#fff; text-align:center;\">1000 V DC<\/td>\n<\/tr>\n<tr>\n<td style=\"text-align:right; padding:15px;\">Max. Betriebsspannung Uc<\/td>\n<td style=\"background:#fff; text-align:center;\">1200 V DC<\/td>\n<\/tr>\n<tr>\n<td style=\"text-align:right; padding:15px;\">Schutzklasse<\/td>\n<td style=\"background:#fff; text-align:center;\">Typ 1+2 (T1\/T2)<\/td>\n<\/tr>\n<tr>\n<td style=\"text-align:right; padding:15px;\">Bemessungssto\u00dfstrom In<\/td>\n<td style=\"background:#fff; text-align:center;\">40 kA (8\/20 \u00b5s)<\/td>\n<\/tr>\n<tr>\n<td style=\"text-align:right; padding:15px;\">Max. Impulsstrom Imax<\/td>\n<td style=\"background:#fff; text-align:center;\">5 kA (10\/350 \u00b5s)<\/td>\n<\/tr>\n<tr>\n<td style=\"text-align:right; padding:15px;\">Spannungs-Schutzpegel Up<\/td>\n<td style=\"background:#fff; text-align:center;\">4,2 kV<\/td>\n<\/tr>\n<tr>\n<td style=\"text-align:right; padding:15px;\">Anzahl DC-Kreise (Strings)<\/td>\n<td style=\"background:#fff; text-align:center;\">3<\/td>\n<\/tr>\n<tr>\n<td style=\"text-align:right; padding:15px;\">Zertifikate, Klassifikationen &#038; Normen<\/td>\n<td style=\"background:#fff; text-align:center;\">IEC 61643-31 \u2022 CE<\/td>\n<\/tr>\n<tr>\n<td colspan=\"2\" style=\"text-align:right; padding:15px;\">Herstellerinfos<\/td>\n<\/tr>\n<tr>\n<td style=\"text-align:right; padding:15px;\">Hersteller<\/td>\n<td style=\"background:#fff; text-align:center;\">Doktorvolt<\/td>\n<\/tr>\n<tr>\n<td style=\"text-align:right; padding:15px;\">Zertifikate &#038; Normen Hersteller<\/td>\n<td style=\"background:#fff; text-align:center;\">T\u00dcV S\u00dcD<br \/>ISO 9001:2015<br \/>CE<br \/>IEC 61439<\/td>\n<\/tr>\n<tr>\n<td style=\"text-align:right; padding:15px;\">Hersteller-Bezeichnung<\/td>\n<td style=\"background:#fff; text-align:center;\">DV-4357-FOT<\/td>\n<\/tr>\n<tr>\n<td style=\"text-align:right; padding:15px;\">EAN<\/td>\n<td style=\"background:#fff; text-align:center;\">5907589334357<\/td>\n<\/tr>\n<\/tbody>\n<\/table>\n","protected":false},"excerpt":{"rendered":"<p>Solar Anschlusskasten PV DC 1000V Phoenix Contact T2 1xPG-11 8xPG-7 Photovoltaik IP65 Doktorvolt DV-4357-FOT Preis-Zone<\/p>\n","protected":false},"featured_media":108245,"template":"","meta":[],"product_brand":[],"product_cat":[4563],"product_tag":[],"class_list":{"0":"post-109617","1":"product","2":"type-product","3":"status-publish","4":"has-post-thumbnail","6":"product_cat-photovoltaik","8":"first","9":"instock","10":"shipping-taxable","11":"product-type-external"},"yoast_head":"<!-- This site is optimized with the Yoast SEO plugin v27.0 - https:\/\/yoast.com\/product\/yoast-seo-wordpress\/ -->\n<title>Solar Anschlusskasten PV DC 1000V 1x T2 Phoenix 1-String PG Doktorvolt DV-4357-FOT - DOKTORVOLT\u00ae<\/title>\n<meta name=\"robots\" content=\"index, follow, max-snippet:-1, max-image-preview:large, max-video-preview:-1\" \/>\n<link rel=\"canonical\" href=\"https:\/\/doktorvolt.pl\/offer-doktorvolt\/fotowoltaika\/rozdzielnica-pv-fotowoltaiczna-solarna-dc-1000v-t2-phoenix-contact-pg-doktorvolt-dv-4357-fot\/\" \/>\n<meta property=\"og:locale\" content=\"de_DE\" \/>\n<meta property=\"og:type\" content=\"article\" \/>\n<meta property=\"og:title\" content=\"Solar Anschlusskasten PV DC 1000V 1x T2 Phoenix 1-String PG Doktorvolt DV-4357-FOT - DOKTORVOLT\u00ae\" \/>\n<meta property=\"og:description\" content=\"Solar Anschlusskasten PV DC 1000V Phoenix Contact T2 1xPG-11 8xPG-7 Photovoltaik IP65 Doktorvolt DV-4357-FOT Preis-Zone\" \/>\n<meta property=\"og:url\" content=\"https:\/\/doktorvolt.pl\/offer-doktorvolt\/fotowoltaika\/rozdzielnica-pv-fotowoltaiczna-solarna-dc-1000v-t2-phoenix-contact-pg-doktorvolt-dv-4357-fot\/\" \/>\n<meta property=\"og:site_name\" content=\"DOKTORVOLT\u00ae\" \/>\n<meta property=\"article:modified_time\" content=\"2026-04-23T12:17:51+00:00\" \/>\n<meta property=\"og:image\" content=\"https:\/\/doktorvolt.pl\/wp-content\/uploads\/2026\/02\/pol_pl_Rozdzielnica-PV-Fotowoltaiczna-Solarna-DC-1000V-T2-Phoenix-Contact-PG-Doktorvolt-DV-4357-FOT-14228_1.jpg\" \/>\n\t<meta property=\"og:image:width\" content=\"1000\" \/>\n\t<meta property=\"og:image:height\" content=\"1000\" \/>\n\t<meta property=\"og:image:type\" content=\"image\/jpeg\" \/>\n<meta name=\"twitter:card\" content=\"summary_large_image\" \/>\n<meta name=\"twitter:label1\" content=\"Gesch\u00e4tzte Lesezeit\" \/>\n\t<meta name=\"twitter:data1\" content=\"1\u00a0Minute\" \/>\n<script type=\"application\/ld+json\" class=\"yoast-schema-graph\">{\"@context\":\"https:\/\/schema.org\",\"@graph\":[{\"@type\":\"WebPage\",\"@id\":\"https:\/\/doktorvolt.pl\/offer-doktorvolt\/fotowoltaika\/rozdzielnica-pv-fotowoltaiczna-solarna-dc-1000v-t2-phoenix-contact-pg-doktorvolt-dv-4357-fot\/\",\"url\":\"https:\/\/doktorvolt.pl\/offer-doktorvolt\/fotowoltaika\/rozdzielnica-pv-fotowoltaiczna-solarna-dc-1000v-t2-phoenix-contact-pg-doktorvolt-dv-4357-fot\/\",\"name\":\"Solar Anschlusskasten PV DC 1000V 1x T2 Phoenix 1-String PG Doktorvolt DV-4357-FOT - DOKTORVOLT\u00ae\",\"isPartOf\":{\"@id\":\"https:\/\/doktorvolt.pl\/de\/#website\"},\"primaryImageOfPage\":{\"@id\":\"https:\/\/doktorvolt.pl\/offer-doktorvolt\/fotowoltaika\/rozdzielnica-pv-fotowoltaiczna-solarna-dc-1000v-t2-phoenix-contact-pg-doktorvolt-dv-4357-fot\/#primaryimage\"},\"image\":{\"@id\":\"https:\/\/doktorvolt.pl\/offer-doktorvolt\/fotowoltaika\/rozdzielnica-pv-fotowoltaiczna-solarna-dc-1000v-t2-phoenix-contact-pg-doktorvolt-dv-4357-fot\/#primaryimage\"},\"thumbnailUrl\":\"https:\/\/doktorvolt.pl\/wp-content\/uploads\/2026\/02\/pol_pl_Rozdzielnica-PV-Fotowoltaiczna-Solarna-DC-1000V-T2-Phoenix-Contact-PG-Doktorvolt-DV-4357-FOT-14228_1.jpg\",\"datePublished\":\"2026-02-24T08:19:56+00:00\",\"dateModified\":\"2026-04-23T12:17:51+00:00\",\"breadcrumb\":{\"@id\":\"https:\/\/doktorvolt.pl\/offer-doktorvolt\/fotowoltaika\/rozdzielnica-pv-fotowoltaiczna-solarna-dc-1000v-t2-phoenix-contact-pg-doktorvolt-dv-4357-fot\/#breadcrumb\"},\"inLanguage\":\"de\",\"potentialAction\":[{\"@type\":\"ReadAction\",\"target\":[\"https:\/\/doktorvolt.pl\/offer-doktorvolt\/fotowoltaika\/rozdzielnica-pv-fotowoltaiczna-solarna-dc-1000v-t2-phoenix-contact-pg-doktorvolt-dv-4357-fot\/\"]}]},{\"@type\":\"ImageObject\",\"inLanguage\":\"de\",\"@id\":\"https:\/\/doktorvolt.pl\/offer-doktorvolt\/fotowoltaika\/rozdzielnica-pv-fotowoltaiczna-solarna-dc-1000v-t2-phoenix-contact-pg-doktorvolt-dv-4357-fot\/#primaryimage\",\"url\":\"https:\/\/doktorvolt.pl\/wp-content\/uploads\/2026\/02\/pol_pl_Rozdzielnica-PV-Fotowoltaiczna-Solarna-DC-1000V-T2-Phoenix-Contact-PG-Doktorvolt-DV-4357-FOT-14228_1.jpg\",\"contentUrl\":\"https:\/\/doktorvolt.pl\/wp-content\/uploads\/2026\/02\/pol_pl_Rozdzielnica-PV-Fotowoltaiczna-Solarna-DC-1000V-T2-Phoenix-Contact-PG-Doktorvolt-DV-4357-FOT-14228_1.jpg\",\"width\":1000,\"height\":1000},{\"@type\":\"BreadcrumbList\",\"@id\":\"https:\/\/doktorvolt.pl\/offer-doktorvolt\/fotowoltaika\/rozdzielnica-pv-fotowoltaiczna-solarna-dc-1000v-t2-phoenix-contact-pg-doktorvolt-dv-4357-fot\/#breadcrumb\",\"itemListElement\":[{\"@type\":\"ListItem\",\"position\":1,\"name\":\"Strona g\u0142\u00f3wna\",\"item\":\"https:\/\/doktorvolt.pl\/de\/\"},{\"@type\":\"ListItem\",\"position\":2,\"name\":\"Angebot Doktorvolt\",\"item\":\"https:\/\/doktorvolt.pl\/de\/angebot-doktorvolt\/\"},{\"@type\":\"ListItem\",\"position\":3,\"name\":\"Solar Anschlusskasten PV DC 1000V 1x T2 Phoenix 1-String PG Doktorvolt DV-4357-FOT\"}]},{\"@type\":\"WebSite\",\"@id\":\"https:\/\/doktorvolt.pl\/de\/#website\",\"url\":\"https:\/\/doktorvolt.pl\/de\/\",\"name\":\"DOKTORVOLT\u00ae\",\"description\":\"Producent rozdzielnic budowlanych\",\"publisher\":{\"@id\":\"https:\/\/doktorvolt.pl\/de\/#organization\"},\"potentialAction\":[{\"@type\":\"SearchAction\",\"target\":{\"@type\":\"EntryPoint\",\"urlTemplate\":\"https:\/\/doktorvolt.pl\/de\/?s={search_term_string}\"},\"query-input\":{\"@type\":\"PropertyValueSpecification\",\"valueRequired\":true,\"valueName\":\"search_term_string\"}}],\"inLanguage\":\"de\"},{\"@type\":\"Organization\",\"@id\":\"https:\/\/doktorvolt.pl\/de\/#organization\",\"name\":\"DOKTORVOLT\u00ae\",\"url\":\"https:\/\/doktorvolt.pl\/de\/\",\"logo\":{\"@type\":\"ImageObject\",\"inLanguage\":\"de\",\"@id\":\"https:\/\/doktorvolt.pl\/de\/#\/schema\/logo\/image\/\",\"url\":\"https:\/\/doktorvolt.pl\/wp-content\/uploads\/2023\/10\/DoktorVOLT-black-png.png\",\"contentUrl\":\"https:\/\/doktorvolt.pl\/wp-content\/uploads\/2023\/10\/DoktorVOLT-black-png.png\",\"width\":729,\"height\":40,\"caption\":\"DOKTORVOLT\u00ae\"},\"image\":{\"@id\":\"https:\/\/doktorvolt.pl\/de\/#\/schema\/logo\/image\/\"}}]}<\/script>\n<!-- \/ Yoast SEO plugin. -->","yoast_head_json":{"title":"Solar Anschlusskasten PV DC 1000V 1x T2 Phoenix 1-String PG Doktorvolt DV-4357-FOT - DOKTORVOLT\u00ae","robots":{"index":"index","follow":"follow","max-snippet":"max-snippet:-1","max-image-preview":"max-image-preview:large","max-video-preview":"max-video-preview:-1"},"canonical":"https:\/\/doktorvolt.pl\/offer-doktorvolt\/fotowoltaika\/rozdzielnica-pv-fotowoltaiczna-solarna-dc-1000v-t2-phoenix-contact-pg-doktorvolt-dv-4357-fot\/","og_locale":"de_DE","og_type":"article","og_title":"Solar Anschlusskasten PV DC 1000V 1x T2 Phoenix 1-String PG Doktorvolt DV-4357-FOT - DOKTORVOLT\u00ae","og_description":"Solar Anschlusskasten PV DC 1000V Phoenix Contact T2 1xPG-11 8xPG-7 Photovoltaik IP65 Doktorvolt DV-4357-FOT Preis-Zone","og_url":"https:\/\/doktorvolt.pl\/offer-doktorvolt\/fotowoltaika\/rozdzielnica-pv-fotowoltaiczna-solarna-dc-1000v-t2-phoenix-contact-pg-doktorvolt-dv-4357-fot\/","og_site_name":"DOKTORVOLT\u00ae","article_modified_time":"2026-04-23T12:17:51+00:00","og_image":[{"width":1000,"height":1000,"url":"https:\/\/doktorvolt.pl\/wp-content\/uploads\/2026\/02\/pol_pl_Rozdzielnica-PV-Fotowoltaiczna-Solarna-DC-1000V-T2-Phoenix-Contact-PG-Doktorvolt-DV-4357-FOT-14228_1.jpg","type":"image\/jpeg"}],"twitter_card":"summary_large_image","twitter_misc":{"Gesch\u00e4tzte Lesezeit":"1\u00a0Minute"},"schema":{"@context":"https:\/\/schema.org","@graph":[{"@type":"WebPage","@id":"https:\/\/doktorvolt.pl\/offer-doktorvolt\/fotowoltaika\/rozdzielnica-pv-fotowoltaiczna-solarna-dc-1000v-t2-phoenix-contact-pg-doktorvolt-dv-4357-fot\/","url":"https:\/\/doktorvolt.pl\/offer-doktorvolt\/fotowoltaika\/rozdzielnica-pv-fotowoltaiczna-solarna-dc-1000v-t2-phoenix-contact-pg-doktorvolt-dv-4357-fot\/","name":"Solar Anschlusskasten PV DC 1000V 1x T2 Phoenix 1-String PG Doktorvolt DV-4357-FOT - DOKTORVOLT\u00ae","isPartOf":{"@id":"https:\/\/doktorvolt.pl\/de\/#website"},"primaryImageOfPage":{"@id":"https:\/\/doktorvolt.pl\/offer-doktorvolt\/fotowoltaika\/rozdzielnica-pv-fotowoltaiczna-solarna-dc-1000v-t2-phoenix-contact-pg-doktorvolt-dv-4357-fot\/#primaryimage"},"image":{"@id":"https:\/\/doktorvolt.pl\/offer-doktorvolt\/fotowoltaika\/rozdzielnica-pv-fotowoltaiczna-solarna-dc-1000v-t2-phoenix-contact-pg-doktorvolt-dv-4357-fot\/#primaryimage"},"thumbnailUrl":"https:\/\/doktorvolt.pl\/wp-content\/uploads\/2026\/02\/pol_pl_Rozdzielnica-PV-Fotowoltaiczna-Solarna-DC-1000V-T2-Phoenix-Contact-PG-Doktorvolt-DV-4357-FOT-14228_1.jpg","datePublished":"2026-02-24T08:19:56+00:00","dateModified":"2026-04-23T12:17:51+00:00","breadcrumb":{"@id":"https:\/\/doktorvolt.pl\/offer-doktorvolt\/fotowoltaika\/rozdzielnica-pv-fotowoltaiczna-solarna-dc-1000v-t2-phoenix-contact-pg-doktorvolt-dv-4357-fot\/#breadcrumb"},"inLanguage":"de","potentialAction":[{"@type":"ReadAction","target":["https:\/\/doktorvolt.pl\/offer-doktorvolt\/fotowoltaika\/rozdzielnica-pv-fotowoltaiczna-solarna-dc-1000v-t2-phoenix-contact-pg-doktorvolt-dv-4357-fot\/"]}]},{"@type":"ImageObject","inLanguage":"de","@id":"https:\/\/doktorvolt.pl\/offer-doktorvolt\/fotowoltaika\/rozdzielnica-pv-fotowoltaiczna-solarna-dc-1000v-t2-phoenix-contact-pg-doktorvolt-dv-4357-fot\/#primaryimage","url":"https:\/\/doktorvolt.pl\/wp-content\/uploads\/2026\/02\/pol_pl_Rozdzielnica-PV-Fotowoltaiczna-Solarna-DC-1000V-T2-Phoenix-Contact-PG-Doktorvolt-DV-4357-FOT-14228_1.jpg","contentUrl":"https:\/\/doktorvolt.pl\/wp-content\/uploads\/2026\/02\/pol_pl_Rozdzielnica-PV-Fotowoltaiczna-Solarna-DC-1000V-T2-Phoenix-Contact-PG-Doktorvolt-DV-4357-FOT-14228_1.jpg","width":1000,"height":1000},{"@type":"BreadcrumbList","@id":"https:\/\/doktorvolt.pl\/offer-doktorvolt\/fotowoltaika\/rozdzielnica-pv-fotowoltaiczna-solarna-dc-1000v-t2-phoenix-contact-pg-doktorvolt-dv-4357-fot\/#breadcrumb","itemListElement":[{"@type":"ListItem","position":1,"name":"Strona g\u0142\u00f3wna","item":"https:\/\/doktorvolt.pl\/de\/"},{"@type":"ListItem","position":2,"name":"Angebot Doktorvolt","item":"https:\/\/doktorvolt.pl\/de\/angebot-doktorvolt\/"},{"@type":"ListItem","position":3,"name":"Solar Anschlusskasten PV DC 1000V 1x T2 Phoenix 1-String PG Doktorvolt DV-4357-FOT"}]},{"@type":"WebSite","@id":"https:\/\/doktorvolt.pl\/de\/#website","url":"https:\/\/doktorvolt.pl\/de\/","name":"DOKTORVOLT\u00ae","description":"Producent rozdzielnic budowlanych","publisher":{"@id":"https:\/\/doktorvolt.pl\/de\/#organization"},"potentialAction":[{"@type":"SearchAction","target":{"@type":"EntryPoint","urlTemplate":"https:\/\/doktorvolt.pl\/de\/?s={search_term_string}"},"query-input":{"@type":"PropertyValueSpecification","valueRequired":true,"valueName":"search_term_string"}}],"inLanguage":"de"},{"@type":"Organization","@id":"https:\/\/doktorvolt.pl\/de\/#organization","name":"DOKTORVOLT\u00ae","url":"https:\/\/doktorvolt.pl\/de\/","logo":{"@type":"ImageObject","inLanguage":"de","@id":"https:\/\/doktorvolt.pl\/de\/#\/schema\/logo\/image\/","url":"https:\/\/doktorvolt.pl\/wp-content\/uploads\/2023\/10\/DoktorVOLT-black-png.png","contentUrl":"https:\/\/doktorvolt.pl\/wp-content\/uploads\/2023\/10\/DoktorVOLT-black-png.png","width":729,"height":40,"caption":"DOKTORVOLT\u00ae"},"image":{"@id":"https:\/\/doktorvolt.pl\/de\/#\/schema\/logo\/image\/"}}]}},"_links":{"self":[{"href":"https:\/\/doktorvolt.pl\/de\/wp-json\/wp\/v2\/product\/109617","targetHints":{"allow":["GET"]}}],"collection":[{"href":"https:\/\/doktorvolt.pl\/de\/wp-json\/wp\/v2\/product"}],"about":[{"href":"https:\/\/doktorvolt.pl\/de\/wp-json\/wp\/v2\/types\/product"}],"wp:featuredmedia":[{"embeddable":true,"href":"https:\/\/doktorvolt.pl\/de\/wp-json\/wp\/v2\/media\/108245"}],"wp:attachment":[{"href":"https:\/\/doktorvolt.pl\/de\/wp-json\/wp\/v2\/media?parent=109617"}],"wp:term":[{"taxonomy":"product_brand","embeddable":true,"href":"https:\/\/doktorvolt.pl\/de\/wp-json\/wp\/v2\/product_brand?post=109617"},{"taxonomy":"product_cat","embeddable":true,"href":"https:\/\/doktorvolt.pl\/de\/wp-json\/wp\/v2\/product_cat?post=109617"},{"taxonomy":"product_tag","embeddable":true,"href":"https:\/\/doktorvolt.pl\/de\/wp-json\/wp\/v2\/product_tag?post=109617"}],"curies":[{"name":"wp","href":"https:\/\/api.w.org\/{rel}","templated":true}]}}