{"id":109643,"date":"2026-02-23T16:32:19","date_gmt":"2026-02-23T14:32:19","guid":{"rendered":"https:\/\/doktorvolt.pl\/sklep\/unkategorisiert\/ogranicznik-przepiec-typ-1-12-5ka-flp-125-v-4-do-350v-dc-szyna-din-ochronnik-przepieciowy-dla-niskiego-napiecia\/"},"modified":"2026-04-23T14:21:48","modified_gmt":"2026-04-23T12:21:48","slug":"ogranicznik-przepiec-typ-1-12-5ka-flp-125-v-4-do-350v-dc-szyna-din-ochronnik-przepieciowy-dla-niskiego-napiecia","status":"publish","type":"product","link":"https:\/\/doktorvolt.pl\/de\/offer-doktorvolt\/produkte-anderer-marken\/saltek\/saltek-ueberspannungsschutz\/ogranicznik-przepiec-typ-1-12-5ka-flp-125-v-4-do-350v-dc-szyna-din-ochronnik-przepieciowy-dla-niskiego-napiecia\/","title":{"rendered":"\u00dcberspannungsableiter t1+t2 12,5kA FLP-12,5 V\/4 bis 350V DC f\u00fcr Hutschiene \u00dcberspannungsschutz Blitzschutz f\u00fcr Niederspannung A03429"},"content":{"rendered":"<link rel=\"stylesheet\" href=\"https:\/\/preis-zone.com\/data\/include\/cms\/1.-style-css\/style_krotki_PZ.css?v=1749626390021\">\n<p> <!-- GPT: Wype\u0142nij tylko placeholdery {{Tytul}} oraz {{Opis1}}. Nie zmieniaj styl\u00f3w ani uk\u0142adu. --><br \/>\n <!-- Nag\u0142\u00f3wek g\u0142\u00f3wny strony --><\/p>\n<h1>\n  <!-- Tytu\u0142 strony --><br \/>\n  <span>\u00dcberspannungsableiter Typ 1 12,5kA FLP-12,5 V\/4 bis 350V DC f\u00fcr Hutschiene \u00dcberspannungsschutz Blitzschutz f\u00fcr Niederspannung<\/span><br \/>\n <\/h1>\n<p> <!-- Kr\u00f3tki opis produktu --><\/p>\n<h4>\n  <span>Vierpoliger \u00dcberspannungsableiter Typ 1 (SPD T1) f\u00fcr TN-S-Installationen. Mit steckbaren Modulen, Fehleranzeige und Modulverriegelung. Effektiver \u00dcberspannungsschutz.<\/span><br \/>\n <\/h4>\n<p> <!-- Dekoracyjny przerywnik \u2014 nie modyfikuj --><\/p>\n<div>\n  <img decoding=\"async\" class=\"decorative-img\" src=\"https:\/\/shop38554-1.yourtechnicaldomain.com\/data\/include\/cms\/1-zdjecia-produktow\/Infografiki\/stopka\/preis_zone_przerywnik.png?v=1730189337244\"\n  border=\"0\" width=\"1900\" height=\"30\">\n <\/div>\n<p> <!-- GPT: Pierwsza sekcja tre\u015bci. Wype\u0142nij tylko {{Podtytul1}} oraz {{Podopis1}}. Nie zmieniaj uk\u0142adu, nie modyfikuj obrazka. --><\/p>\n<div class=\"flex-container\">\n  <!-- Sekcja tekstowa z opisem produktu --><\/p>\n<div class=\"text-section\">\n<h2><strong>Vierpoliger Schutz f\u00fcr TN-S-Systeme<\/strong><\/h2>\n<p>FLP-12,5 V\/4 ist ein vierpoliger \u00dcberspannungsableiter Typ 1+2 f\u00fcr TN-S-Netze. Das hocheffiziente Ger\u00e4t sch\u00fctzt vor induzierten \u00dcberspannungen, Teilentladungen und Schalt\u00fcberspannungen. Montage an der Grenze zwischen den Zonen LPZ 0 und LPZ 1 oder h\u00f6her. Ausgestattet mit steckbaren Modulen, Verriegelung und visueller Fehleranzeige. Geeignet f\u00fcr Anlagen der Schutzklassen LPL III und IV.<\/p>\n<\/p><\/div>\n<p>  <!-- Sekcja z obrazem produktu --><\/p>\n<div class=\"image-section\">\n  <img decoding=\"async\" src=\"https:\/\/preis-zone.com\/hpeciai\/f893de255fa29e0275600b34e5ed7208\/20281_2.jpg?472\"\n  width=\"472\" height=\"472\">\n  <\/div>\n<\/p><\/div>\n<p> <!-- Dekoracyjny przerywnik \u2014 nie modyfikuj --><\/p>\n<div>\n  <img decoding=\"async\" class=\"decorative-img\" src=\"https:\/\/shop38554-1.yourtechnicaldomain.com\/data\/include\/cms\/1-zdjecia-produktow\/Infografiki\/stopka\/preis_zone_przerywnik.png?v=1730189337244\"\n  border=\"0\" width=\"1900\" height=\"30\">\n <\/div>\n<p> <!-- Sekcja video i specyfikacja techniczna --><\/p>\n<div class=\"video-spec-container\" style=\"display: flex !important; align-items: center !important; justify-content: center !important; gap: 50px !important; max-width: 1200px !important; margin: 0 auto !important;\">\n  <!-- Sekcja z video --><\/p>\n<div class=\"image-section\" style=\"flex: 0 0 auto !important; display: flex !important; align-items: center !important; justify-content: center !important;\">\n  <video class=\"video-custom\" width=\"400\" height=\"300\" src=\"https:\/\/preis-zone.com\/data\/include\/cms\/1-zdjecia-produktow\/Saltek\/A03429\/A03429_v.mp4?v=1752215173268\" type=\"video\/mp4\" controls autoplay muted loop controlsList=\"nodownload\"><\/video>\n  <\/div>\n<p>  <!-- GPT: BLOK SPECYFIKACJI. Wype\u0142nij ten blok dynamiczn\u0105 list\u0105 parametr\u00f3w technicznych w formacie \n\n<p><strong>Nazwa:<\/strong> Warto\u015b\u0107<\/p>\n\n. Nie zmieniaj struktury nadrz\u0119dnego \n\n<div>, nie modyfikuj tytu\u0142u ani styl\u00f3w. Nie dodawaj nic poza \n\n<p>. --><\/p>\n<div class=\"spec-section\">\n<h2><strong>Technische Daten<\/strong><\/h2>\n<p><strong>Typ des Ableiters:<\/strong> Typ 1<\/p>\n<p><strong>Montage:<\/strong> DIN-Schiene 35 mm<\/p>\n<p><strong>Nennspannung Un:<\/strong> 230 V AC<\/p>\n<p><strong>Maximale Betriebsspannung Uc:<\/strong> 275 V AC \/ 350 V DC<\/p>\n<p><strong>Netztyp:<\/strong> TN-S<\/p>\n<p><strong>Maximale Vorsicherung:<\/strong> 160 A gL\/gG<\/p>\n<p><strong>Kurzschlussstrom ISCCR:<\/strong> 50 kA<\/p>\n<p><strong>Gesamt-Ableitstrom (10\/350 \u00b5s):<\/strong> 50 kA<\/p>\n<p><strong>Sto\u00dfstrom (10\/350 \u00b5s):<\/strong> 12,5 kA<\/p>\n<p><strong>Nenn-Ableitstrom (8\/20 \u00b5s):<\/strong> 30 kA<\/p>\n<p><strong>Maximaler Ableitstrom (8\/20 \u00b5s):<\/strong> 60 kA<\/p>\n<p><strong>Spannungsschutzpegel Up:<\/strong> 1,5 kV<\/p>\n<p><strong>Up bei 5 kA:<\/strong> 0,9 kV<\/p>\n<p><strong>Ansprechzeit:<\/strong> 25 ns<\/p>\n<p><strong>TOV 5s L-N:<\/strong> 335 V<\/p>\n<p><strong>TOV-Verhalten:<\/strong> Best\u00e4ndig<\/p>\n<p><strong>Leiterquerschnitt (eindr\u00e4htig):<\/strong> 1\u201335 mm\u00b2<\/p>\n<p><strong>Leiterquerschnitt (mehrdr\u00e4htig):<\/strong> 1\u201325 mm\u00b2<\/p>\n<p><strong>Fehleranzeige:<\/strong> Rotes Feld<\/p>\n<p><strong>Schutzart:<\/strong> IP20<\/p>\n<p><strong>Betriebstemperatur:<\/strong> -40\u00b0C bis +80\u00b0C<\/p>\n<p><strong>Luftfeuchtigkeit:<\/strong> 5\u201395%<\/p>\n<p><strong>Normen:<\/strong> EN 61643-11:2012, IEC 61643-11:2011<\/p>\n<p><strong>ETIM-Klasse:<\/strong> EC001457<\/p>\n<p><strong>Steckmodul:<\/strong> FLP-12,5 V\/0<\/p>\n<p><strong>Warennummer (Zoll):<\/strong> 85363090<\/p>\n<p><strong>EAN:<\/strong> 8595090534297<\/p>\n<p><strong>SKU:<\/strong> A03429<\/p>\n<\/p><\/div>\n<\/p><\/div>\n<p><\/p>\n<div><img decoding=\"async\" style=\"max-width: 100%;\" src=\"https:\/\/shop38554-1.yourtechnicaldomain.com\/data\/include\/cms\/1-zdjecia-produktow\/Infografiki\/stopka\/preis_zone_przerywnik.png?v=1730189337244\" border=\"0\" width=\"1900\" height=\"30\"><\/div>\n<p><\/p>\n<div style=\"display: flex; flex-direction: column; align-items: center; justify-content: center; text-align: center; width: 100%;\">\n<h2 style=\"font-size: 18pt; color: #000; color: #000 !important;\">Vertrauensw\u00fcrdiger Hersteller:<\/h2>\n<p style=\"font-size: 16pt; line-height: 1.5; color: #000; max-width: 800px; text-align: justify;\">\n   <b>Saltek<\/b> ist ein renommiertes <b>tschechisches Unternehmen<\/b>, das sich auf den <b>\u00dcberspannungsschutz<\/b> spezialisiert hat. Seit <b>\u00fcber 25 Jahren<\/b> ist das Unternehmen auf dem Markt t\u00e4tig und genie\u00dft das Vertrauen von Kunden in <b>\u00fcber 60 L\u00e4ndern<\/b>. Der <b>Firmensitz<\/b> sowie ein <b>modernes Produktions- und Entwicklungszentrum<\/b> befinden sich in <b>\u00dast\u00ed nad Labem<\/b>. Saltek bietet ein <b>breites Sortiment an \u00dcberspannungsschutzger\u00e4ten<\/b> f\u00fcr Niederspannungssysteme, Photovoltaikanlagen, Telekommunikations- und Signalanwendungen. Die Produkte zeichnen sich durch <b>Zuverl\u00e4ssigkeit<\/b>, <b>\u00dcbereinstimmung mit internationalen Normen<\/b> und <b>hohe Verarbeitungsqualit\u00e4t<\/b> aus. Dank einer <b>eigenen Entwicklungsabteilung<\/b> und <b>strenger Qualit\u00e4tskontrolle<\/b> garantiert Saltek <b>Innovationen<\/b> und <b>Sicherheit auf h\u00f6chstem Niveau<\/b>.\n <\/p>\n<p> <img decoding=\"async\" src=\"https:\/\/preis-zone.com\/data\/include\/cms\/1-zdjecia-produktow\/Saltek\/logo\/SALTEK-logo3.png?v=1753768823500\" alt=\"Saltek Logo\" width=\"466\" height=\"255\" style=\"margin-top: 20px;\">\n <\/div>\n","protected":false},"excerpt":{"rendered":"<p>Vierpoliger \u00dcberspannungsableiter Typ 1 (SPD T1) f\u00fcr TN-S-Installationen. Mit steckbaren Modulen, Fehleranzeige und Modulverriegelung. Effektiver \u00dcberspannungsschutz.<\/p>\n","protected":false},"featured_media":107817,"template":"","meta":[],"product_brand":[],"product_cat":[4568],"product_tag":[],"class_list":{"0":"post-109643","1":"product","2":"type-product","3":"status-publish","4":"has-post-thumbnail","6":"product_cat-saltek-ueberspannungsschutz","8":"first","9":"instock","10":"shipping-taxable","11":"product-type-external"},"yoast_head":"<!-- This site is optimized with the Yoast SEO plugin v27.0 - https:\/\/yoast.com\/product\/yoast-seo-wordpress\/ -->\n<title>\u00dcberspannungsableiter t1+t2 12,5kA FLP-12,5 V\/4 bis 350V DC f\u00fcr Hutschiene \u00dcberspannungsschutz Blitzschutz f\u00fcr Niederspannung A03429 - DOKTORVOLT\u00ae<\/title>\n<meta name=\"robots\" content=\"index, follow, max-snippet:-1, max-image-preview:large, max-video-preview:-1\" \/>\n<link rel=\"canonical\" href=\"https:\/\/doktorvolt.pl\/de\/offer-doktorvolt\/produkte-anderer-marken\/saltek\/saltek-ueberspannungsschutz\/ogranicznik-przepiec-typ-1-12-5ka-flp-125-v-4-do-350v-dc-szyna-din-ochronnik-przepieciowy-dla-niskiego-napiecia\/\" \/>\n<meta property=\"og:locale\" content=\"de_DE\" \/>\n<meta property=\"og:type\" content=\"article\" \/>\n<meta property=\"og:title\" content=\"\u00dcberspannungsableiter t1+t2 12,5kA FLP-12,5 V\/4 bis 350V DC f\u00fcr Hutschiene \u00dcberspannungsschutz Blitzschutz f\u00fcr Niederspannung A03429 - DOKTORVOLT\u00ae\" \/>\n<meta property=\"og:description\" content=\"Vierpoliger \u00dcberspannungsableiter Typ 1 (SPD T1) f\u00fcr TN-S-Installationen. Mit steckbaren Modulen, Fehleranzeige und Modulverriegelung. Effektiver \u00dcberspannungsschutz.\" \/>\n<meta property=\"og:url\" content=\"https:\/\/doktorvolt.pl\/de\/offer-doktorvolt\/produkte-anderer-marken\/saltek\/saltek-ueberspannungsschutz\/ogranicznik-przepiec-typ-1-12-5ka-flp-125-v-4-do-350v-dc-szyna-din-ochronnik-przepieciowy-dla-niskiego-napiecia\/\" \/>\n<meta property=\"og:site_name\" content=\"DOKTORVOLT\u00ae\" \/>\n<meta property=\"article:modified_time\" content=\"2026-04-23T12:21:48+00:00\" \/>\n<meta property=\"og:image\" content=\"https:\/\/doktorvolt.pl\/wp-content\/uploads\/2026\/02\/pol_pl_Ogranicznik-przepiec-typ-1-12-5kA-FLP-12-5-V-4-do-350V-DC-szyna-DIN-ochronnik-przepieciowy-dla-niskiego-napiecia-20281_4.jpg\" \/>\n\t<meta property=\"og:image:width\" content=\"1600\" \/>\n\t<meta property=\"og:image:height\" content=\"1600\" \/>\n\t<meta property=\"og:image:type\" content=\"image\/jpeg\" \/>\n<meta name=\"twitter:card\" content=\"summary_large_image\" \/>\n<meta name=\"twitter:label1\" content=\"Gesch\u00e4tzte Lesezeit\" \/>\n\t<meta name=\"twitter:data1\" content=\"1\u00a0Minute\" \/>\n<script type=\"application\/ld+json\" class=\"yoast-schema-graph\">{\"@context\":\"https:\/\/schema.org\",\"@graph\":[{\"@type\":\"WebPage\",\"@id\":\"https:\/\/doktorvolt.pl\/de\/offer-doktorvolt\/produkte-anderer-marken\/saltek\/saltek-ueberspannungsschutz\/ogranicznik-przepiec-typ-1-12-5ka-flp-125-v-4-do-350v-dc-szyna-din-ochronnik-przepieciowy-dla-niskiego-napiecia\/\",\"url\":\"https:\/\/doktorvolt.pl\/de\/offer-doktorvolt\/produkte-anderer-marken\/saltek\/saltek-ueberspannungsschutz\/ogranicznik-przepiec-typ-1-12-5ka-flp-125-v-4-do-350v-dc-szyna-din-ochronnik-przepieciowy-dla-niskiego-napiecia\/\",\"name\":\"\u00dcberspannungsableiter t1+t2 12,5kA FLP-12,5 V\/4 bis 350V DC f\u00fcr Hutschiene \u00dcberspannungsschutz Blitzschutz f\u00fcr Niederspannung A03429 - DOKTORVOLT\u00ae\",\"isPartOf\":{\"@id\":\"https:\/\/doktorvolt.pl\/de\/#website\"},\"primaryImageOfPage\":{\"@id\":\"https:\/\/doktorvolt.pl\/de\/offer-doktorvolt\/produkte-anderer-marken\/saltek\/saltek-ueberspannungsschutz\/ogranicznik-przepiec-typ-1-12-5ka-flp-125-v-4-do-350v-dc-szyna-din-ochronnik-przepieciowy-dla-niskiego-napiecia\/#primaryimage\"},\"image\":{\"@id\":\"https:\/\/doktorvolt.pl\/de\/offer-doktorvolt\/produkte-anderer-marken\/saltek\/saltek-ueberspannungsschutz\/ogranicznik-przepiec-typ-1-12-5ka-flp-125-v-4-do-350v-dc-szyna-din-ochronnik-przepieciowy-dla-niskiego-napiecia\/#primaryimage\"},\"thumbnailUrl\":\"https:\/\/doktorvolt.pl\/wp-content\/uploads\/2026\/02\/pol_pl_Ogranicznik-przepiec-typ-1-12-5kA-FLP-12-5-V-4-do-350V-DC-szyna-DIN-ochronnik-przepieciowy-dla-niskiego-napiecia-20281_4.jpg\",\"datePublished\":\"2026-02-23T14:32:19+00:00\",\"dateModified\":\"2026-04-23T12:21:48+00:00\",\"breadcrumb\":{\"@id\":\"https:\/\/doktorvolt.pl\/de\/offer-doktorvolt\/produkte-anderer-marken\/saltek\/saltek-ueberspannungsschutz\/ogranicznik-przepiec-typ-1-12-5ka-flp-125-v-4-do-350v-dc-szyna-din-ochronnik-przepieciowy-dla-niskiego-napiecia\/#breadcrumb\"},\"inLanguage\":\"de\",\"potentialAction\":[{\"@type\":\"ReadAction\",\"target\":[\"https:\/\/doktorvolt.pl\/de\/offer-doktorvolt\/produkte-anderer-marken\/saltek\/saltek-ueberspannungsschutz\/ogranicznik-przepiec-typ-1-12-5ka-flp-125-v-4-do-350v-dc-szyna-din-ochronnik-przepieciowy-dla-niskiego-napiecia\/\"]}]},{\"@type\":\"ImageObject\",\"inLanguage\":\"de\",\"@id\":\"https:\/\/doktorvolt.pl\/de\/offer-doktorvolt\/produkte-anderer-marken\/saltek\/saltek-ueberspannungsschutz\/ogranicznik-przepiec-typ-1-12-5ka-flp-125-v-4-do-350v-dc-szyna-din-ochronnik-przepieciowy-dla-niskiego-napiecia\/#primaryimage\",\"url\":\"https:\/\/doktorvolt.pl\/wp-content\/uploads\/2026\/02\/pol_pl_Ogranicznik-przepiec-typ-1-12-5kA-FLP-12-5-V-4-do-350V-DC-szyna-DIN-ochronnik-przepieciowy-dla-niskiego-napiecia-20281_4.jpg\",\"contentUrl\":\"https:\/\/doktorvolt.pl\/wp-content\/uploads\/2026\/02\/pol_pl_Ogranicznik-przepiec-typ-1-12-5kA-FLP-12-5-V-4-do-350V-DC-szyna-DIN-ochronnik-przepieciowy-dla-niskiego-napiecia-20281_4.jpg\",\"width\":1600,\"height\":1600},{\"@type\":\"BreadcrumbList\",\"@id\":\"https:\/\/doktorvolt.pl\/de\/offer-doktorvolt\/produkte-anderer-marken\/saltek\/saltek-ueberspannungsschutz\/ogranicznik-przepiec-typ-1-12-5ka-flp-125-v-4-do-350v-dc-szyna-din-ochronnik-przepieciowy-dla-niskiego-napiecia\/#breadcrumb\",\"itemListElement\":[{\"@type\":\"ListItem\",\"position\":1,\"name\":\"Strona g\u0142\u00f3wna\",\"item\":\"https:\/\/doktorvolt.pl\/de\/\"},{\"@type\":\"ListItem\",\"position\":2,\"name\":\"Angebot Doktorvolt\",\"item\":\"https:\/\/doktorvolt.pl\/de\/angebot-doktorvolt\/\"},{\"@type\":\"ListItem\",\"position\":3,\"name\":\"\u00dcberspannungsableiter t1+t2 12,5kA FLP-12,5 V\/4 bis 350V DC f\u00fcr Hutschiene \u00dcberspannungsschutz Blitzschutz f\u00fcr Niederspannung A03429\"}]},{\"@type\":\"WebSite\",\"@id\":\"https:\/\/doktorvolt.pl\/de\/#website\",\"url\":\"https:\/\/doktorvolt.pl\/de\/\",\"name\":\"DOKTORVOLT\u00ae\",\"description\":\"Producent rozdzielnic budowlanych\",\"publisher\":{\"@id\":\"https:\/\/doktorvolt.pl\/de\/#organization\"},\"potentialAction\":[{\"@type\":\"SearchAction\",\"target\":{\"@type\":\"EntryPoint\",\"urlTemplate\":\"https:\/\/doktorvolt.pl\/de\/?s={search_term_string}\"},\"query-input\":{\"@type\":\"PropertyValueSpecification\",\"valueRequired\":true,\"valueName\":\"search_term_string\"}}],\"inLanguage\":\"de\"},{\"@type\":\"Organization\",\"@id\":\"https:\/\/doktorvolt.pl\/de\/#organization\",\"name\":\"DOKTORVOLT\u00ae\",\"url\":\"https:\/\/doktorvolt.pl\/de\/\",\"logo\":{\"@type\":\"ImageObject\",\"inLanguage\":\"de\",\"@id\":\"https:\/\/doktorvolt.pl\/de\/#\/schema\/logo\/image\/\",\"url\":\"https:\/\/doktorvolt.pl\/wp-content\/uploads\/2023\/10\/DoktorVOLT-black-png.png\",\"contentUrl\":\"https:\/\/doktorvolt.pl\/wp-content\/uploads\/2023\/10\/DoktorVOLT-black-png.png\",\"width\":729,\"height\":40,\"caption\":\"DOKTORVOLT\u00ae\"},\"image\":{\"@id\":\"https:\/\/doktorvolt.pl\/de\/#\/schema\/logo\/image\/\"}}]}<\/script>\n<!-- \/ Yoast SEO plugin. -->","yoast_head_json":{"title":"\u00dcberspannungsableiter t1+t2 12,5kA FLP-12,5 V\/4 bis 350V DC f\u00fcr Hutschiene \u00dcberspannungsschutz Blitzschutz f\u00fcr Niederspannung A03429 - DOKTORVOLT\u00ae","robots":{"index":"index","follow":"follow","max-snippet":"max-snippet:-1","max-image-preview":"max-image-preview:large","max-video-preview":"max-video-preview:-1"},"canonical":"https:\/\/doktorvolt.pl\/de\/offer-doktorvolt\/produkte-anderer-marken\/saltek\/saltek-ueberspannungsschutz\/ogranicznik-przepiec-typ-1-12-5ka-flp-125-v-4-do-350v-dc-szyna-din-ochronnik-przepieciowy-dla-niskiego-napiecia\/","og_locale":"de_DE","og_type":"article","og_title":"\u00dcberspannungsableiter t1+t2 12,5kA FLP-12,5 V\/4 bis 350V DC f\u00fcr Hutschiene \u00dcberspannungsschutz Blitzschutz f\u00fcr Niederspannung A03429 - DOKTORVOLT\u00ae","og_description":"Vierpoliger \u00dcberspannungsableiter Typ 1 (SPD T1) f\u00fcr TN-S-Installationen. Mit steckbaren Modulen, Fehleranzeige und Modulverriegelung. Effektiver \u00dcberspannungsschutz.","og_url":"https:\/\/doktorvolt.pl\/de\/offer-doktorvolt\/produkte-anderer-marken\/saltek\/saltek-ueberspannungsschutz\/ogranicznik-przepiec-typ-1-12-5ka-flp-125-v-4-do-350v-dc-szyna-din-ochronnik-przepieciowy-dla-niskiego-napiecia\/","og_site_name":"DOKTORVOLT\u00ae","article_modified_time":"2026-04-23T12:21:48+00:00","og_image":[{"width":1600,"height":1600,"url":"https:\/\/doktorvolt.pl\/wp-content\/uploads\/2026\/02\/pol_pl_Ogranicznik-przepiec-typ-1-12-5kA-FLP-12-5-V-4-do-350V-DC-szyna-DIN-ochronnik-przepieciowy-dla-niskiego-napiecia-20281_4.jpg","type":"image\/jpeg"}],"twitter_card":"summary_large_image","twitter_misc":{"Gesch\u00e4tzte Lesezeit":"1\u00a0Minute"},"schema":{"@context":"https:\/\/schema.org","@graph":[{"@type":"WebPage","@id":"https:\/\/doktorvolt.pl\/de\/offer-doktorvolt\/produkte-anderer-marken\/saltek\/saltek-ueberspannungsschutz\/ogranicznik-przepiec-typ-1-12-5ka-flp-125-v-4-do-350v-dc-szyna-din-ochronnik-przepieciowy-dla-niskiego-napiecia\/","url":"https:\/\/doktorvolt.pl\/de\/offer-doktorvolt\/produkte-anderer-marken\/saltek\/saltek-ueberspannungsschutz\/ogranicznik-przepiec-typ-1-12-5ka-flp-125-v-4-do-350v-dc-szyna-din-ochronnik-przepieciowy-dla-niskiego-napiecia\/","name":"\u00dcberspannungsableiter t1+t2 12,5kA FLP-12,5 V\/4 bis 350V DC f\u00fcr Hutschiene \u00dcberspannungsschutz Blitzschutz f\u00fcr Niederspannung A03429 - DOKTORVOLT\u00ae","isPartOf":{"@id":"https:\/\/doktorvolt.pl\/de\/#website"},"primaryImageOfPage":{"@id":"https:\/\/doktorvolt.pl\/de\/offer-doktorvolt\/produkte-anderer-marken\/saltek\/saltek-ueberspannungsschutz\/ogranicznik-przepiec-typ-1-12-5ka-flp-125-v-4-do-350v-dc-szyna-din-ochronnik-przepieciowy-dla-niskiego-napiecia\/#primaryimage"},"image":{"@id":"https:\/\/doktorvolt.pl\/de\/offer-doktorvolt\/produkte-anderer-marken\/saltek\/saltek-ueberspannungsschutz\/ogranicznik-przepiec-typ-1-12-5ka-flp-125-v-4-do-350v-dc-szyna-din-ochronnik-przepieciowy-dla-niskiego-napiecia\/#primaryimage"},"thumbnailUrl":"https:\/\/doktorvolt.pl\/wp-content\/uploads\/2026\/02\/pol_pl_Ogranicznik-przepiec-typ-1-12-5kA-FLP-12-5-V-4-do-350V-DC-szyna-DIN-ochronnik-przepieciowy-dla-niskiego-napiecia-20281_4.jpg","datePublished":"2026-02-23T14:32:19+00:00","dateModified":"2026-04-23T12:21:48+00:00","breadcrumb":{"@id":"https:\/\/doktorvolt.pl\/de\/offer-doktorvolt\/produkte-anderer-marken\/saltek\/saltek-ueberspannungsschutz\/ogranicznik-przepiec-typ-1-12-5ka-flp-125-v-4-do-350v-dc-szyna-din-ochronnik-przepieciowy-dla-niskiego-napiecia\/#breadcrumb"},"inLanguage":"de","potentialAction":[{"@type":"ReadAction","target":["https:\/\/doktorvolt.pl\/de\/offer-doktorvolt\/produkte-anderer-marken\/saltek\/saltek-ueberspannungsschutz\/ogranicznik-przepiec-typ-1-12-5ka-flp-125-v-4-do-350v-dc-szyna-din-ochronnik-przepieciowy-dla-niskiego-napiecia\/"]}]},{"@type":"ImageObject","inLanguage":"de","@id":"https:\/\/doktorvolt.pl\/de\/offer-doktorvolt\/produkte-anderer-marken\/saltek\/saltek-ueberspannungsschutz\/ogranicznik-przepiec-typ-1-12-5ka-flp-125-v-4-do-350v-dc-szyna-din-ochronnik-przepieciowy-dla-niskiego-napiecia\/#primaryimage","url":"https:\/\/doktorvolt.pl\/wp-content\/uploads\/2026\/02\/pol_pl_Ogranicznik-przepiec-typ-1-12-5kA-FLP-12-5-V-4-do-350V-DC-szyna-DIN-ochronnik-przepieciowy-dla-niskiego-napiecia-20281_4.jpg","contentUrl":"https:\/\/doktorvolt.pl\/wp-content\/uploads\/2026\/02\/pol_pl_Ogranicznik-przepiec-typ-1-12-5kA-FLP-12-5-V-4-do-350V-DC-szyna-DIN-ochronnik-przepieciowy-dla-niskiego-napiecia-20281_4.jpg","width":1600,"height":1600},{"@type":"BreadcrumbList","@id":"https:\/\/doktorvolt.pl\/de\/offer-doktorvolt\/produkte-anderer-marken\/saltek\/saltek-ueberspannungsschutz\/ogranicznik-przepiec-typ-1-12-5ka-flp-125-v-4-do-350v-dc-szyna-din-ochronnik-przepieciowy-dla-niskiego-napiecia\/#breadcrumb","itemListElement":[{"@type":"ListItem","position":1,"name":"Strona g\u0142\u00f3wna","item":"https:\/\/doktorvolt.pl\/de\/"},{"@type":"ListItem","position":2,"name":"Angebot Doktorvolt","item":"https:\/\/doktorvolt.pl\/de\/angebot-doktorvolt\/"},{"@type":"ListItem","position":3,"name":"\u00dcberspannungsableiter t1+t2 12,5kA FLP-12,5 V\/4 bis 350V DC f\u00fcr Hutschiene \u00dcberspannungsschutz Blitzschutz f\u00fcr Niederspannung A03429"}]},{"@type":"WebSite","@id":"https:\/\/doktorvolt.pl\/de\/#website","url":"https:\/\/doktorvolt.pl\/de\/","name":"DOKTORVOLT\u00ae","description":"Producent rozdzielnic budowlanych","publisher":{"@id":"https:\/\/doktorvolt.pl\/de\/#organization"},"potentialAction":[{"@type":"SearchAction","target":{"@type":"EntryPoint","urlTemplate":"https:\/\/doktorvolt.pl\/de\/?s={search_term_string}"},"query-input":{"@type":"PropertyValueSpecification","valueRequired":true,"valueName":"search_term_string"}}],"inLanguage":"de"},{"@type":"Organization","@id":"https:\/\/doktorvolt.pl\/de\/#organization","name":"DOKTORVOLT\u00ae","url":"https:\/\/doktorvolt.pl\/de\/","logo":{"@type":"ImageObject","inLanguage":"de","@id":"https:\/\/doktorvolt.pl\/de\/#\/schema\/logo\/image\/","url":"https:\/\/doktorvolt.pl\/wp-content\/uploads\/2023\/10\/DoktorVOLT-black-png.png","contentUrl":"https:\/\/doktorvolt.pl\/wp-content\/uploads\/2023\/10\/DoktorVOLT-black-png.png","width":729,"height":40,"caption":"DOKTORVOLT\u00ae"},"image":{"@id":"https:\/\/doktorvolt.pl\/de\/#\/schema\/logo\/image\/"}}]}},"_links":{"self":[{"href":"https:\/\/doktorvolt.pl\/de\/wp-json\/wp\/v2\/product\/109643","targetHints":{"allow":["GET"]}}],"collection":[{"href":"https:\/\/doktorvolt.pl\/de\/wp-json\/wp\/v2\/product"}],"about":[{"href":"https:\/\/doktorvolt.pl\/de\/wp-json\/wp\/v2\/types\/product"}],"wp:featuredmedia":[{"embeddable":true,"href":"https:\/\/doktorvolt.pl\/de\/wp-json\/wp\/v2\/media\/107817"}],"wp:attachment":[{"href":"https:\/\/doktorvolt.pl\/de\/wp-json\/wp\/v2\/media?parent=109643"}],"wp:term":[{"taxonomy":"product_brand","embeddable":true,"href":"https:\/\/doktorvolt.pl\/de\/wp-json\/wp\/v2\/product_brand?post=109643"},{"taxonomy":"product_cat","embeddable":true,"href":"https:\/\/doktorvolt.pl\/de\/wp-json\/wp\/v2\/product_cat?post=109643"},{"taxonomy":"product_tag","embeddable":true,"href":"https:\/\/doktorvolt.pl\/de\/wp-json\/wp\/v2\/product_tag?post=109643"}],"curies":[{"name":"wp","href":"https:\/\/api.w.org\/{rel}","templated":true}]}}