{"id":109648,"date":"2026-02-23T16:31:14","date_gmt":"2026-02-23T14:31:14","guid":{"rendered":"https:\/\/doktorvolt.pl\/sklep\/unkategorisiert\/ogranicznik-przepiec-pv-typ-1-40ka-flp-pv1500-y-do-1500v-dc-szyna-din-warystorowy-ochronnik-przepieciowy-fotowoltaiczny\/"},"modified":"2026-04-23T14:21:44","modified_gmt":"2026-04-23T12:21:44","slug":"ogranicznik-przepiec-pv-typ-1-40ka-flp-pv1500-y-do-1500v-dc-szyna-din-warystorowy-ochronnik-przepieciowy-fotowoltaiczny","status":"publish","type":"product","link":"https:\/\/doktorvolt.pl\/de\/offer-doktorvolt\/produkte-anderer-marken\/saltek\/saltek-ueberspannungsschutz\/ogranicznik-przepiec-pv-typ-1-40ka-flp-pv1500-y-do-1500v-dc-szyna-din-warystorowy-ochronnik-przepieciowy-fotowoltaiczny\/","title":{"rendered":"PV-\u00dcberspannungsableiter Typ 1 40kA FLP-PV1500\/Y bis 1500V DC f\u00fcr Hutschiene \u00dcberspannungsschutz Blitzschutz Photovoltaik Varistortechnologie VDE A04200"},"content":{"rendered":"<link rel=\"stylesheet\" href=\"https:\/\/preis-zone.com\/data\/include\/cms\/1.-style-css\/style_krotki_PZ.css?v=1749626390021\">\n<p> <!-- GPT: Wype\u0142nij tylko placeholdery {{Tytul}} oraz {{Opis1}}. Nie zmieniaj styl\u00f3w ani uk\u0142adu. --><br \/>\n <!-- Nag\u0142\u00f3wek g\u0142\u00f3wny strony --><\/p>\n<h1>\n  <!-- Tytu\u0142 strony --><br \/>\n  <span>PV-\u00dcberspannungsableiter Typ 1 40kA FLP-PV1500\/Y bis 1500V DC f\u00fcr Hutschiene \u00dcberspannungsschutz Blitzschutz Photovoltaik Varistortechnologie<\/span><br \/>\n <\/h1>\n<p> <!-- Kr\u00f3tki opis produktu --><\/p>\n<h4>\n  <span>FLP-PV1500\/Y ist ein \u00dcberspannungsableiter Typ 1 f\u00fcr Photovoltaikanlagen bis 1500 V DC, ausgef\u00fchrt in Y-Schaltung. Bietet effektiven Schutz von PV-Systemen gegen Sto\u00dfstr\u00f6me und \u00dcberspannungen. Mit visueller Fehleranzeige, geeignet f\u00fcr DIN-Schienenmontage.<\/span><br \/>\n <\/h4>\n<p> <!-- Dekoracyjny przerywnik \u2014 nie modyfikuj --><\/p>\n<div>\n  <img decoding=\"async\" class=\"decorative-img\" src=\"https:\/\/shop38554-1.yourtechnicaldomain.com\/data\/include\/cms\/1-zdjecia-produktow\/Infografiki\/stopka\/preis_zone_przerywnik.png?v=1730189337244\"\n  border=\"0\" width=\"1900\" height=\"30\">\n <\/div>\n<p> <!-- GPT: Pierwsza sekcja tre\u015bci. Wype\u0142nij tylko {{Podtytul1}} oraz {{Podopis1}}. Nie zmieniaj uk\u0142adu, nie modyfikuj obrazka. --><\/p>\n<div class=\"flex-container\">\n  <!-- Sekcja tekstowa z opisem produktu --><\/p>\n<div class=\"text-section\">\n<h2><strong>Erweiterter PV-Schutz in Y-Schaltung<\/strong><\/h2>\n<p>FLP-PV1500\/Y ist ein leistungsstarker \u00dcberspannungsableiter Typ 1 f\u00fcr Photovoltaikanlagen bis 1500 V DC. Die Varistortechnologie in Y-Schaltung eignet sich ideal f\u00fcr PV-Dachanlagen mit \u00e4u\u00dferem Blitzschutzsystem (LPS), bei denen kein Trennungsabstand eingehalten wird. Sch\u00fctzt zuverl\u00e4ssig vor \u00dcberspannungen, Sto\u00dfstr\u00f6men und Blitzeinwirkungen. Mit Fehleranzeige und DIN-Schienenmontage.<\/p>\n<\/p><\/div>\n<p>  <!-- Sekcja z obrazem produktu --><\/p>\n<div class=\"image-section\">\n  <img decoding=\"async\" src=\"https:\/\/preis-zone.com\/hpeciai\/fb1e3cd0a6feb957ce972695d950017d\/20286_1.jpg?27148\"\n  width=\"472\" height=\"472\">\n  <\/div>\n<\/p><\/div>\n<p> <!-- Dekoracyjny przerywnik \u2014 nie modyfikuj --><\/p>\n<div>\n  <img decoding=\"async\" class=\"decorative-img\" src=\"https:\/\/shop38554-1.yourtechnicaldomain.com\/data\/include\/cms\/1-zdjecia-produktow\/Infografiki\/stopka\/preis_zone_przerywnik.png?v=1730189337244\"\n  border=\"0\" width=\"1900\" height=\"30\">\n <\/div>\n<p> <!-- Sekcja video i specyfikacja techniczna --><\/p>\n<div class=\"video-spec-container\" style=\"display: flex !important; align-items: center !important; justify-content: center !important; gap: 50px !important; max-width: 1200px !important; margin: 0 auto !important;\">\n  <!-- Sekcja z video --><\/p>\n<div class=\"image-section\" style=\"flex: 0 0 auto !important; display: flex !important; align-items: center !important; justify-content: center !important;\">\n  <video class=\"video-custom\" width=\"400\" height=\"300\" src=\"https:\/\/preis-zone.com\/data\/include\/cms\/1-zdjecia-produktow\/Saltek\/A04200\/A04200_v.mp4?v=1752214498727\" type=\"video\/mp4\" controls autoplay muted loop controlsList=\"nodownload\"><\/video>\n  <\/div>\n<p>  <!-- GPT: BLOK SPECYFIKACJI. Wype\u0142nij ten blok dynamiczn\u0105 list\u0105 parametr\u00f3w technicznych w formacie \n\n<p><strong>Nazwa:<\/strong> Warto\u015b\u0107<\/p>\n\n. Nie zmieniaj struktury nadrz\u0119dnego \n\n<div>, nie modyfikuj tytu\u0142u ani styl\u00f3w. Nie dodawaj nic poza \n\n<p>. --><\/p>\n<div class=\"spec-section\">\n<h2><strong>Technische Daten<\/strong><\/h2>\n<p><strong>Ableitertyp:<\/strong> PV Typ 1<\/p>\n<p><strong>Montage:<\/strong> DIN-Schiene 35 mm<\/p>\n<p><strong>Max. Betriebsspannung UCPV (+\/PE, -\/PE):<\/strong> 1500 V DC<\/p>\n<p><strong>Kurzschlussstrom ISCPV:<\/strong> 10 000 A DC<\/p>\n<p><strong>Leckstrom (+\/PE, -\/PE) IPE:<\/strong> 1.000 mA AC \/ 0.010 mA DC<\/p>\n<p><strong>Gesamt-Ableitstrom (10\/350 \u00b5s):<\/strong> 12,5 kA<\/p>\n<p><strong>Sto\u00dfstrom (10\/350 \u00b5s):<\/strong> 6,25 kA<\/p>\n<p><strong>Gesamt-Ableitstrom (8\/20 \u00b5s):<\/strong> 80 kA<\/p>\n<p><strong>Nenn-Ableitstrom (8\/20 \u00b5s):<\/strong> 20 kA<\/p>\n<p><strong>Maximaler Ableitstrom (8\/20 \u00b5s):<\/strong> 40 kA<\/p>\n<p><strong>Spannungsschutzpegel +\/-:<\/strong> 5,40 kV<\/p>\n<p><strong>Spannungsschutzpegel +\/PE, -\/PE:<\/strong> 5,40 kV<\/p>\n<p><strong>Ansprechzeit:<\/strong> 25 ns<\/p>\n<p><strong>Leiterquerschnitt (eindr\u00e4htig):<\/strong> 4\u201335 mm\u00b2<\/p>\n<p><strong>Leiterquerschnitt (mehrdr\u00e4htig):<\/strong> 2,5\u201325 mm\u00b2<\/p>\n<p><strong>Fehleranzeige:<\/strong> Rotes Feld<\/p>\n<p><strong>Schutzart:<\/strong> IP20<\/p>\n<p><strong>Betriebstemperatur:<\/strong> -40\u00b0C bis +80\u00b0C<\/p>\n<p><strong>Normen:<\/strong> EN 61643-31, IEC 61643-31<\/p>\n<p><strong>ETIM-Klasse:<\/strong> EC001457<\/p>\n<p><strong>Warennummer (Zoll):<\/strong> 85363090<\/p>\n<p><strong>EAN:<\/strong> 8595090542001<\/p>\n<p><strong>SKU:<\/strong> A04200<\/p>\n<\/p><\/div>\n<\/p><\/div>\n<p><\/p>\n<div><img decoding=\"async\" style=\"max-width: 100%;\" src=\"https:\/\/shop38554-1.yourtechnicaldomain.com\/data\/include\/cms\/1-zdjecia-produktow\/Infografiki\/stopka\/preis_zone_przerywnik.png?v=1730189337244\" border=\"0\" width=\"1900\" height=\"30\"><\/div>\n<p><\/p>\n<div style=\"display: flex; flex-direction: column; align-items: center; justify-content: center; text-align: center; width: 100%;\">\n<h2 style=\"font-size: 18pt; color: #000; color: #000 !important;\">Vertrauensw\u00fcrdiger Hersteller:<\/h2>\n<p style=\"font-size: 16pt; line-height: 1.5; color: #000; max-width: 800px; text-align: justify;\">\n   <b>Saltek<\/b> ist ein renommiertes <b>tschechisches Unternehmen<\/b>, das sich auf den <b>\u00dcberspannungsschutz<\/b> spezialisiert hat. Seit <b>\u00fcber 25 Jahren<\/b> ist das Unternehmen auf dem Markt t\u00e4tig und genie\u00dft das Vertrauen von Kunden in <b>\u00fcber 60 L\u00e4ndern<\/b>. Der <b>Firmensitz<\/b> sowie ein <b>modernes Produktions- und Entwicklungszentrum<\/b> befinden sich in <b>\u00dast\u00ed nad Labem<\/b>. Saltek bietet ein <b>breites Sortiment an \u00dcberspannungsschutzger\u00e4ten<\/b> f\u00fcr Niederspannungssysteme, Photovoltaikanlagen, Telekommunikations- und Signalanwendungen. Die Produkte zeichnen sich durch <b>Zuverl\u00e4ssigkeit<\/b>, <b>\u00dcbereinstimmung mit internationalen Normen<\/b> und <b>hohe Verarbeitungsqualit\u00e4t<\/b> aus. Dank einer <b>eigenen Entwicklungsabteilung<\/b> und <b>strenger Qualit\u00e4tskontrolle<\/b> garantiert Saltek <b>Innovationen<\/b> und <b>Sicherheit auf h\u00f6chstem Niveau<\/b>.\n <\/p>\n<p> <img decoding=\"async\" src=\"https:\/\/preis-zone.com\/data\/include\/cms\/1-zdjecia-produktow\/Saltek\/logo\/SALTEK-logo3.png?v=1753768823500\" alt=\"Saltek Logo\" width=\"466\" height=\"255\" style=\"margin-top: 20px;\">\n <\/div>\n","protected":false},"excerpt":{"rendered":"<p>FLP-PV1500\/Y ist ein \u00dcberspannungsableiter Typ 1 f\u00fcr Photovoltaikanlagen bis 1500 V DC, ausgef\u00fchrt in Y-Schaltung. Bietet effektiven Schutz von PV-Systemen gegen Sto\u00dfstr\u00f6me und \u00dcberspannungen.<\/p>\n","protected":false},"featured_media":107732,"template":"","meta":[],"product_brand":[],"product_cat":[4568],"product_tag":[],"class_list":{"0":"post-109648","1":"product","2":"type-product","3":"status-publish","4":"has-post-thumbnail","6":"product_cat-saltek-ueberspannungsschutz","8":"first","9":"instock","10":"shipping-taxable","11":"product-type-external"},"yoast_head":"<!-- This site is optimized with the Yoast SEO plugin v27.0 - https:\/\/yoast.com\/product\/yoast-seo-wordpress\/ -->\n<title>PV-\u00dcberspannungsableiter Typ 1 40kA FLP-PV1500\/Y bis 1500V DC f\u00fcr Hutschiene \u00dcberspannungsschutz Blitzschutz Photovoltaik Varistortechnologie VDE A04200 - DOKTORVOLT\u00ae<\/title>\n<meta name=\"robots\" content=\"index, follow, max-snippet:-1, max-image-preview:large, max-video-preview:-1\" \/>\n<link rel=\"canonical\" href=\"https:\/\/doktorvolt.pl\/de\/offer-doktorvolt\/produkte-anderer-marken\/saltek\/saltek-ueberspannungsschutz\/ogranicznik-przepiec-pv-typ-1-40ka-flp-pv1500-y-do-1500v-dc-szyna-din-warystorowy-ochronnik-przepieciowy-fotowoltaiczny\/\" \/>\n<meta property=\"og:locale\" content=\"de_DE\" \/>\n<meta property=\"og:type\" content=\"article\" \/>\n<meta property=\"og:title\" content=\"PV-\u00dcberspannungsableiter Typ 1 40kA FLP-PV1500\/Y bis 1500V DC f\u00fcr Hutschiene \u00dcberspannungsschutz Blitzschutz Photovoltaik Varistortechnologie VDE A04200 - DOKTORVOLT\u00ae\" \/>\n<meta property=\"og:description\" content=\"FLP-PV1500\/Y ist ein \u00dcberspannungsableiter Typ 1 f\u00fcr Photovoltaikanlagen bis 1500 V DC, ausgef\u00fchrt in Y-Schaltung. Bietet effektiven Schutz von PV-Systemen gegen Sto\u00dfstr\u00f6me und \u00dcberspannungen.\" \/>\n<meta property=\"og:url\" content=\"https:\/\/doktorvolt.pl\/de\/offer-doktorvolt\/produkte-anderer-marken\/saltek\/saltek-ueberspannungsschutz\/ogranicznik-przepiec-pv-typ-1-40ka-flp-pv1500-y-do-1500v-dc-szyna-din-warystorowy-ochronnik-przepieciowy-fotowoltaiczny\/\" \/>\n<meta property=\"og:site_name\" content=\"DOKTORVOLT\u00ae\" \/>\n<meta property=\"article:modified_time\" content=\"2026-04-23T12:21:44+00:00\" \/>\n<meta property=\"og:image\" content=\"https:\/\/doktorvolt.pl\/wp-content\/uploads\/2026\/02\/pol_pl_Ogranicznik-przepiec-PV-typ-1-40kA-FLP-PV1500-Y-do-1500V-DC-szyna-DIN-warystorowy-ochronnik-przepieciowy-fotowoltaiczny-20286_2.jpg\" \/>\n\t<meta property=\"og:image:width\" content=\"1600\" \/>\n\t<meta property=\"og:image:height\" content=\"1600\" \/>\n\t<meta property=\"og:image:type\" content=\"image\/jpeg\" \/>\n<meta name=\"twitter:card\" content=\"summary_large_image\" \/>\n<meta name=\"twitter:label1\" content=\"Gesch\u00e4tzte Lesezeit\" \/>\n\t<meta name=\"twitter:data1\" content=\"1\u00a0Minute\" \/>\n<script type=\"application\/ld+json\" class=\"yoast-schema-graph\">{\"@context\":\"https:\/\/schema.org\",\"@graph\":[{\"@type\":\"WebPage\",\"@id\":\"https:\/\/doktorvolt.pl\/de\/offer-doktorvolt\/produkte-anderer-marken\/saltek\/saltek-ueberspannungsschutz\/ogranicznik-przepiec-pv-typ-1-40ka-flp-pv1500-y-do-1500v-dc-szyna-din-warystorowy-ochronnik-przepieciowy-fotowoltaiczny\/\",\"url\":\"https:\/\/doktorvolt.pl\/de\/offer-doktorvolt\/produkte-anderer-marken\/saltek\/saltek-ueberspannungsschutz\/ogranicznik-przepiec-pv-typ-1-40ka-flp-pv1500-y-do-1500v-dc-szyna-din-warystorowy-ochronnik-przepieciowy-fotowoltaiczny\/\",\"name\":\"PV-\u00dcberspannungsableiter Typ 1 40kA FLP-PV1500\/Y bis 1500V DC f\u00fcr Hutschiene \u00dcberspannungsschutz Blitzschutz Photovoltaik Varistortechnologie VDE A04200 - DOKTORVOLT\u00ae\",\"isPartOf\":{\"@id\":\"https:\/\/doktorvolt.pl\/de\/#website\"},\"primaryImageOfPage\":{\"@id\":\"https:\/\/doktorvolt.pl\/de\/offer-doktorvolt\/produkte-anderer-marken\/saltek\/saltek-ueberspannungsschutz\/ogranicznik-przepiec-pv-typ-1-40ka-flp-pv1500-y-do-1500v-dc-szyna-din-warystorowy-ochronnik-przepieciowy-fotowoltaiczny\/#primaryimage\"},\"image\":{\"@id\":\"https:\/\/doktorvolt.pl\/de\/offer-doktorvolt\/produkte-anderer-marken\/saltek\/saltek-ueberspannungsschutz\/ogranicznik-przepiec-pv-typ-1-40ka-flp-pv1500-y-do-1500v-dc-szyna-din-warystorowy-ochronnik-przepieciowy-fotowoltaiczny\/#primaryimage\"},\"thumbnailUrl\":\"https:\/\/doktorvolt.pl\/wp-content\/uploads\/2026\/02\/pol_pl_Ogranicznik-przepiec-PV-typ-1-40kA-FLP-PV1500-Y-do-1500V-DC-szyna-DIN-warystorowy-ochronnik-przepieciowy-fotowoltaiczny-20286_2.jpg\",\"datePublished\":\"2026-02-23T14:31:14+00:00\",\"dateModified\":\"2026-04-23T12:21:44+00:00\",\"breadcrumb\":{\"@id\":\"https:\/\/doktorvolt.pl\/de\/offer-doktorvolt\/produkte-anderer-marken\/saltek\/saltek-ueberspannungsschutz\/ogranicznik-przepiec-pv-typ-1-40ka-flp-pv1500-y-do-1500v-dc-szyna-din-warystorowy-ochronnik-przepieciowy-fotowoltaiczny\/#breadcrumb\"},\"inLanguage\":\"de\",\"potentialAction\":[{\"@type\":\"ReadAction\",\"target\":[\"https:\/\/doktorvolt.pl\/de\/offer-doktorvolt\/produkte-anderer-marken\/saltek\/saltek-ueberspannungsschutz\/ogranicznik-przepiec-pv-typ-1-40ka-flp-pv1500-y-do-1500v-dc-szyna-din-warystorowy-ochronnik-przepieciowy-fotowoltaiczny\/\"]}]},{\"@type\":\"ImageObject\",\"inLanguage\":\"de\",\"@id\":\"https:\/\/doktorvolt.pl\/de\/offer-doktorvolt\/produkte-anderer-marken\/saltek\/saltek-ueberspannungsschutz\/ogranicznik-przepiec-pv-typ-1-40ka-flp-pv1500-y-do-1500v-dc-szyna-din-warystorowy-ochronnik-przepieciowy-fotowoltaiczny\/#primaryimage\",\"url\":\"https:\/\/doktorvolt.pl\/wp-content\/uploads\/2026\/02\/pol_pl_Ogranicznik-przepiec-PV-typ-1-40kA-FLP-PV1500-Y-do-1500V-DC-szyna-DIN-warystorowy-ochronnik-przepieciowy-fotowoltaiczny-20286_2.jpg\",\"contentUrl\":\"https:\/\/doktorvolt.pl\/wp-content\/uploads\/2026\/02\/pol_pl_Ogranicznik-przepiec-PV-typ-1-40kA-FLP-PV1500-Y-do-1500V-DC-szyna-DIN-warystorowy-ochronnik-przepieciowy-fotowoltaiczny-20286_2.jpg\",\"width\":1600,\"height\":1600},{\"@type\":\"BreadcrumbList\",\"@id\":\"https:\/\/doktorvolt.pl\/de\/offer-doktorvolt\/produkte-anderer-marken\/saltek\/saltek-ueberspannungsschutz\/ogranicznik-przepiec-pv-typ-1-40ka-flp-pv1500-y-do-1500v-dc-szyna-din-warystorowy-ochronnik-przepieciowy-fotowoltaiczny\/#breadcrumb\",\"itemListElement\":[{\"@type\":\"ListItem\",\"position\":1,\"name\":\"Strona g\u0142\u00f3wna\",\"item\":\"https:\/\/doktorvolt.pl\/de\/\"},{\"@type\":\"ListItem\",\"position\":2,\"name\":\"Angebot Doktorvolt\",\"item\":\"https:\/\/doktorvolt.pl\/de\/angebot-doktorvolt\/\"},{\"@type\":\"ListItem\",\"position\":3,\"name\":\"PV-\u00dcberspannungsableiter Typ 1 40kA FLP-PV1500\/Y bis 1500V DC f\u00fcr Hutschiene \u00dcberspannungsschutz Blitzschutz Photovoltaik Varistortechnologie VDE A04200\"}]},{\"@type\":\"WebSite\",\"@id\":\"https:\/\/doktorvolt.pl\/de\/#website\",\"url\":\"https:\/\/doktorvolt.pl\/de\/\",\"name\":\"DOKTORVOLT\u00ae\",\"description\":\"Producent rozdzielnic budowlanych\",\"publisher\":{\"@id\":\"https:\/\/doktorvolt.pl\/de\/#organization\"},\"potentialAction\":[{\"@type\":\"SearchAction\",\"target\":{\"@type\":\"EntryPoint\",\"urlTemplate\":\"https:\/\/doktorvolt.pl\/de\/?s={search_term_string}\"},\"query-input\":{\"@type\":\"PropertyValueSpecification\",\"valueRequired\":true,\"valueName\":\"search_term_string\"}}],\"inLanguage\":\"de\"},{\"@type\":\"Organization\",\"@id\":\"https:\/\/doktorvolt.pl\/de\/#organization\",\"name\":\"DOKTORVOLT\u00ae\",\"url\":\"https:\/\/doktorvolt.pl\/de\/\",\"logo\":{\"@type\":\"ImageObject\",\"inLanguage\":\"de\",\"@id\":\"https:\/\/doktorvolt.pl\/de\/#\/schema\/logo\/image\/\",\"url\":\"https:\/\/doktorvolt.pl\/wp-content\/uploads\/2023\/10\/DoktorVOLT-black-png.png\",\"contentUrl\":\"https:\/\/doktorvolt.pl\/wp-content\/uploads\/2023\/10\/DoktorVOLT-black-png.png\",\"width\":729,\"height\":40,\"caption\":\"DOKTORVOLT\u00ae\"},\"image\":{\"@id\":\"https:\/\/doktorvolt.pl\/de\/#\/schema\/logo\/image\/\"}}]}<\/script>\n<!-- \/ Yoast SEO plugin. -->","yoast_head_json":{"title":"PV-\u00dcberspannungsableiter Typ 1 40kA FLP-PV1500\/Y bis 1500V DC f\u00fcr Hutschiene \u00dcberspannungsschutz Blitzschutz Photovoltaik Varistortechnologie VDE A04200 - DOKTORVOLT\u00ae","robots":{"index":"index","follow":"follow","max-snippet":"max-snippet:-1","max-image-preview":"max-image-preview:large","max-video-preview":"max-video-preview:-1"},"canonical":"https:\/\/doktorvolt.pl\/de\/offer-doktorvolt\/produkte-anderer-marken\/saltek\/saltek-ueberspannungsschutz\/ogranicznik-przepiec-pv-typ-1-40ka-flp-pv1500-y-do-1500v-dc-szyna-din-warystorowy-ochronnik-przepieciowy-fotowoltaiczny\/","og_locale":"de_DE","og_type":"article","og_title":"PV-\u00dcberspannungsableiter Typ 1 40kA FLP-PV1500\/Y bis 1500V DC f\u00fcr Hutschiene \u00dcberspannungsschutz Blitzschutz Photovoltaik Varistortechnologie VDE A04200 - DOKTORVOLT\u00ae","og_description":"FLP-PV1500\/Y ist ein \u00dcberspannungsableiter Typ 1 f\u00fcr Photovoltaikanlagen bis 1500 V DC, ausgef\u00fchrt in Y-Schaltung. Bietet effektiven Schutz von PV-Systemen gegen Sto\u00dfstr\u00f6me und \u00dcberspannungen.","og_url":"https:\/\/doktorvolt.pl\/de\/offer-doktorvolt\/produkte-anderer-marken\/saltek\/saltek-ueberspannungsschutz\/ogranicznik-przepiec-pv-typ-1-40ka-flp-pv1500-y-do-1500v-dc-szyna-din-warystorowy-ochronnik-przepieciowy-fotowoltaiczny\/","og_site_name":"DOKTORVOLT\u00ae","article_modified_time":"2026-04-23T12:21:44+00:00","og_image":[{"width":1600,"height":1600,"url":"https:\/\/doktorvolt.pl\/wp-content\/uploads\/2026\/02\/pol_pl_Ogranicznik-przepiec-PV-typ-1-40kA-FLP-PV1500-Y-do-1500V-DC-szyna-DIN-warystorowy-ochronnik-przepieciowy-fotowoltaiczny-20286_2.jpg","type":"image\/jpeg"}],"twitter_card":"summary_large_image","twitter_misc":{"Gesch\u00e4tzte Lesezeit":"1\u00a0Minute"},"schema":{"@context":"https:\/\/schema.org","@graph":[{"@type":"WebPage","@id":"https:\/\/doktorvolt.pl\/de\/offer-doktorvolt\/produkte-anderer-marken\/saltek\/saltek-ueberspannungsschutz\/ogranicznik-przepiec-pv-typ-1-40ka-flp-pv1500-y-do-1500v-dc-szyna-din-warystorowy-ochronnik-przepieciowy-fotowoltaiczny\/","url":"https:\/\/doktorvolt.pl\/de\/offer-doktorvolt\/produkte-anderer-marken\/saltek\/saltek-ueberspannungsschutz\/ogranicznik-przepiec-pv-typ-1-40ka-flp-pv1500-y-do-1500v-dc-szyna-din-warystorowy-ochronnik-przepieciowy-fotowoltaiczny\/","name":"PV-\u00dcberspannungsableiter Typ 1 40kA FLP-PV1500\/Y bis 1500V DC f\u00fcr Hutschiene \u00dcberspannungsschutz Blitzschutz Photovoltaik Varistortechnologie VDE A04200 - DOKTORVOLT\u00ae","isPartOf":{"@id":"https:\/\/doktorvolt.pl\/de\/#website"},"primaryImageOfPage":{"@id":"https:\/\/doktorvolt.pl\/de\/offer-doktorvolt\/produkte-anderer-marken\/saltek\/saltek-ueberspannungsschutz\/ogranicznik-przepiec-pv-typ-1-40ka-flp-pv1500-y-do-1500v-dc-szyna-din-warystorowy-ochronnik-przepieciowy-fotowoltaiczny\/#primaryimage"},"image":{"@id":"https:\/\/doktorvolt.pl\/de\/offer-doktorvolt\/produkte-anderer-marken\/saltek\/saltek-ueberspannungsschutz\/ogranicznik-przepiec-pv-typ-1-40ka-flp-pv1500-y-do-1500v-dc-szyna-din-warystorowy-ochronnik-przepieciowy-fotowoltaiczny\/#primaryimage"},"thumbnailUrl":"https:\/\/doktorvolt.pl\/wp-content\/uploads\/2026\/02\/pol_pl_Ogranicznik-przepiec-PV-typ-1-40kA-FLP-PV1500-Y-do-1500V-DC-szyna-DIN-warystorowy-ochronnik-przepieciowy-fotowoltaiczny-20286_2.jpg","datePublished":"2026-02-23T14:31:14+00:00","dateModified":"2026-04-23T12:21:44+00:00","breadcrumb":{"@id":"https:\/\/doktorvolt.pl\/de\/offer-doktorvolt\/produkte-anderer-marken\/saltek\/saltek-ueberspannungsschutz\/ogranicznik-przepiec-pv-typ-1-40ka-flp-pv1500-y-do-1500v-dc-szyna-din-warystorowy-ochronnik-przepieciowy-fotowoltaiczny\/#breadcrumb"},"inLanguage":"de","potentialAction":[{"@type":"ReadAction","target":["https:\/\/doktorvolt.pl\/de\/offer-doktorvolt\/produkte-anderer-marken\/saltek\/saltek-ueberspannungsschutz\/ogranicznik-przepiec-pv-typ-1-40ka-flp-pv1500-y-do-1500v-dc-szyna-din-warystorowy-ochronnik-przepieciowy-fotowoltaiczny\/"]}]},{"@type":"ImageObject","inLanguage":"de","@id":"https:\/\/doktorvolt.pl\/de\/offer-doktorvolt\/produkte-anderer-marken\/saltek\/saltek-ueberspannungsschutz\/ogranicznik-przepiec-pv-typ-1-40ka-flp-pv1500-y-do-1500v-dc-szyna-din-warystorowy-ochronnik-przepieciowy-fotowoltaiczny\/#primaryimage","url":"https:\/\/doktorvolt.pl\/wp-content\/uploads\/2026\/02\/pol_pl_Ogranicznik-przepiec-PV-typ-1-40kA-FLP-PV1500-Y-do-1500V-DC-szyna-DIN-warystorowy-ochronnik-przepieciowy-fotowoltaiczny-20286_2.jpg","contentUrl":"https:\/\/doktorvolt.pl\/wp-content\/uploads\/2026\/02\/pol_pl_Ogranicznik-przepiec-PV-typ-1-40kA-FLP-PV1500-Y-do-1500V-DC-szyna-DIN-warystorowy-ochronnik-przepieciowy-fotowoltaiczny-20286_2.jpg","width":1600,"height":1600},{"@type":"BreadcrumbList","@id":"https:\/\/doktorvolt.pl\/de\/offer-doktorvolt\/produkte-anderer-marken\/saltek\/saltek-ueberspannungsschutz\/ogranicznik-przepiec-pv-typ-1-40ka-flp-pv1500-y-do-1500v-dc-szyna-din-warystorowy-ochronnik-przepieciowy-fotowoltaiczny\/#breadcrumb","itemListElement":[{"@type":"ListItem","position":1,"name":"Strona g\u0142\u00f3wna","item":"https:\/\/doktorvolt.pl\/de\/"},{"@type":"ListItem","position":2,"name":"Angebot Doktorvolt","item":"https:\/\/doktorvolt.pl\/de\/angebot-doktorvolt\/"},{"@type":"ListItem","position":3,"name":"PV-\u00dcberspannungsableiter Typ 1 40kA FLP-PV1500\/Y bis 1500V DC f\u00fcr Hutschiene \u00dcberspannungsschutz Blitzschutz Photovoltaik Varistortechnologie VDE A04200"}]},{"@type":"WebSite","@id":"https:\/\/doktorvolt.pl\/de\/#website","url":"https:\/\/doktorvolt.pl\/de\/","name":"DOKTORVOLT\u00ae","description":"Producent rozdzielnic budowlanych","publisher":{"@id":"https:\/\/doktorvolt.pl\/de\/#organization"},"potentialAction":[{"@type":"SearchAction","target":{"@type":"EntryPoint","urlTemplate":"https:\/\/doktorvolt.pl\/de\/?s={search_term_string}"},"query-input":{"@type":"PropertyValueSpecification","valueRequired":true,"valueName":"search_term_string"}}],"inLanguage":"de"},{"@type":"Organization","@id":"https:\/\/doktorvolt.pl\/de\/#organization","name":"DOKTORVOLT\u00ae","url":"https:\/\/doktorvolt.pl\/de\/","logo":{"@type":"ImageObject","inLanguage":"de","@id":"https:\/\/doktorvolt.pl\/de\/#\/schema\/logo\/image\/","url":"https:\/\/doktorvolt.pl\/wp-content\/uploads\/2023\/10\/DoktorVOLT-black-png.png","contentUrl":"https:\/\/doktorvolt.pl\/wp-content\/uploads\/2023\/10\/DoktorVOLT-black-png.png","width":729,"height":40,"caption":"DOKTORVOLT\u00ae"},"image":{"@id":"https:\/\/doktorvolt.pl\/de\/#\/schema\/logo\/image\/"}}]}},"_links":{"self":[{"href":"https:\/\/doktorvolt.pl\/de\/wp-json\/wp\/v2\/product\/109648","targetHints":{"allow":["GET"]}}],"collection":[{"href":"https:\/\/doktorvolt.pl\/de\/wp-json\/wp\/v2\/product"}],"about":[{"href":"https:\/\/doktorvolt.pl\/de\/wp-json\/wp\/v2\/types\/product"}],"wp:featuredmedia":[{"embeddable":true,"href":"https:\/\/doktorvolt.pl\/de\/wp-json\/wp\/v2\/media\/107732"}],"wp:attachment":[{"href":"https:\/\/doktorvolt.pl\/de\/wp-json\/wp\/v2\/media?parent=109648"}],"wp:term":[{"taxonomy":"product_brand","embeddable":true,"href":"https:\/\/doktorvolt.pl\/de\/wp-json\/wp\/v2\/product_brand?post=109648"},{"taxonomy":"product_cat","embeddable":true,"href":"https:\/\/doktorvolt.pl\/de\/wp-json\/wp\/v2\/product_cat?post=109648"},{"taxonomy":"product_tag","embeddable":true,"href":"https:\/\/doktorvolt.pl\/de\/wp-json\/wp\/v2\/product_tag?post=109648"}],"curies":[{"name":"wp","href":"https:\/\/api.w.org\/{rel}","templated":true}]}}