{"id":109688,"date":"2026-02-23T16:24:49","date_gmt":"2026-02-23T14:24:49","guid":{"rendered":"https:\/\/doktorvolt.pl\/sklep\/unkategorisiert\/multimedialna-skrzynka-elektryczna-54-modulowa-z-uchwytem-na-modem-z-mozliwoscia-zwiekszenia-ilosci-modulow-mm-6-54e-doktorvolt\/"},"modified":"2026-02-27T09:40:01","modified_gmt":"2026-02-27T07:40:01","slug":"multimedialna-skrzynka-elektryczna-54-modulowa-z-uchwytem-na-modem-z-mozliwoscia-zwiekszenia-ilosci-modulow-mm-6-54e-doktorvolt","status":"publish","type":"product","link":"https:\/\/doktorvolt.pl\/de\/oferta-doktorvolt\/modulare-verteilerkasten\/mm-serie\/multimedialna-skrzynka-elektryczna-54-modulowa-z-uchwytem-na-modem-z-mozliwoscia-zwiekszenia-ilosci-modulow-mm-6-54e-doktorvolt\/","title":{"rendered":"Multimediales Leergeh\u00e4use 54 Modulen halterung f\u00fcr den Modem und M\u00f6glichkeit zur Erweiterung der Modulanzahl MM-6\/54e Doktorvolt"},"content":{"rendered":"<p>Das Multimedia Leergeh\u00e4use ist aus hochwertigen Materialien gefertigt. Es ist f\u00fcr die Unterputzmontage geeignet und erm\u00f6glicht die Modernisierung des Innenraums.<\/p>\n","protected":false},"excerpt":{"rendered":"<p>Das Multimedia Leergeh\u00e4use ist aus hochwertigen Materialien gefertigt. Es ist f\u00fcr die Unterputzmontage geeignet und erm\u00f6glicht die Modernisierung des Innenraums.<\/p>\n","protected":false},"featured_media":107084,"template":"","meta":[],"product_brand":[],"product_cat":[4537],"product_tag":[],"class_list":{"0":"post-109688","1":"product","2":"type-product","3":"status-publish","4":"has-post-thumbnail","6":"product_cat-mm-serie","7":"pa_liczba-modulow-54-moduly-2","8":"pa_liczba-rzedow-3-rzedy-2","9":"pa_material-verzinkter-stahl","10":"pa_stopien-ochrony-ip30","11":"pa_typ-montazu-montaz-podtynkowy","13":"first","14":"instock","15":"shipping-taxable","16":"product-type-external"},"yoast_head":"<!-- This site is optimized with the Yoast SEO plugin v27.0 - https:\/\/yoast.com\/product\/yoast-seo-wordpress\/ -->\n<title>Multimediales Leergeh\u00e4use 54 Modulen halterung f\u00fcr den Modem und M\u00f6glichkeit zur Erweiterung der Modulanzahl MM-6\/54e Doktorvolt - DOKTORVOLT\u00ae<\/title>\n<meta name=\"robots\" content=\"index, follow, max-snippet:-1, max-image-preview:large, max-video-preview:-1\" \/>\n<link rel=\"canonical\" href=\"https:\/\/doktorvolt.pl\/de\/oferta-doktorvolt\/modulare-verteilerkasten\/mm-serie\/multimedialna-skrzynka-elektryczna-54-modulowa-z-uchwytem-na-modem-z-mozliwoscia-zwiekszenia-ilosci-modulow-mm-6-54e-doktorvolt\/\" \/>\n<meta property=\"og:locale\" content=\"de_DE\" \/>\n<meta property=\"og:type\" content=\"article\" \/>\n<meta property=\"og:title\" content=\"Multimediales Leergeh\u00e4use 54 Modulen halterung f\u00fcr den Modem und M\u00f6glichkeit zur Erweiterung der Modulanzahl MM-6\/54e Doktorvolt - DOKTORVOLT\u00ae\" \/>\n<meta property=\"og:description\" content=\"Das Multimedia Leergeh\u00e4use ist aus hochwertigen Materialien gefertigt. Es ist f\u00fcr die Unterputzmontage geeignet und erm\u00f6glicht die Modernisierung des Innenraums.\" \/>\n<meta property=\"og:url\" content=\"https:\/\/doktorvolt.pl\/de\/oferta-doktorvolt\/modulare-verteilerkasten\/mm-serie\/multimedialna-skrzynka-elektryczna-54-modulowa-z-uchwytem-na-modem-z-mozliwoscia-zwiekszenia-ilosci-modulow-mm-6-54e-doktorvolt\/\" \/>\n<meta property=\"og:site_name\" content=\"DOKTORVOLT\u00ae\" \/>\n<meta property=\"article:modified_time\" content=\"2026-02-27T07:40:01+00:00\" \/>\n<meta property=\"og:image\" content=\"https:\/\/doktorvolt.pl\/wp-content\/uploads\/2026\/02\/pol_pl_Multimedialna-skrzynka-elektryczna-54-modulowa-z-uchwytem-na-modem-z-mozliwoscia-zwiekszenia-ilosci-modulow-MM-6-54e-Doktorvolt-20392_4.jpg\" \/>\n\t<meta property=\"og:image:width\" content=\"1600\" \/>\n\t<meta property=\"og:image:height\" content=\"1600\" \/>\n\t<meta property=\"og:image:type\" content=\"image\/jpeg\" \/>\n<meta name=\"twitter:card\" content=\"summary_large_image\" \/>\n<script type=\"application\/ld+json\" class=\"yoast-schema-graph\">{\"@context\":\"https:\/\/schema.org\",\"@graph\":[{\"@type\":\"WebPage\",\"@id\":\"https:\/\/doktorvolt.pl\/de\/oferta-doktorvolt\/modulare-verteilerkasten\/mm-serie\/multimedialna-skrzynka-elektryczna-54-modulowa-z-uchwytem-na-modem-z-mozliwoscia-zwiekszenia-ilosci-modulow-mm-6-54e-doktorvolt\/\",\"url\":\"https:\/\/doktorvolt.pl\/de\/oferta-doktorvolt\/modulare-verteilerkasten\/mm-serie\/multimedialna-skrzynka-elektryczna-54-modulowa-z-uchwytem-na-modem-z-mozliwoscia-zwiekszenia-ilosci-modulow-mm-6-54e-doktorvolt\/\",\"name\":\"Multimediales Leergeh\u00e4use 54 Modulen halterung f\u00fcr den Modem und M\u00f6glichkeit zur Erweiterung der Modulanzahl MM-6\/54e Doktorvolt - DOKTORVOLT\u00ae\",\"isPartOf\":{\"@id\":\"https:\/\/doktorvolt.pl\/de\/#website\"},\"primaryImageOfPage\":{\"@id\":\"https:\/\/doktorvolt.pl\/de\/oferta-doktorvolt\/modulare-verteilerkasten\/mm-serie\/multimedialna-skrzynka-elektryczna-54-modulowa-z-uchwytem-na-modem-z-mozliwoscia-zwiekszenia-ilosci-modulow-mm-6-54e-doktorvolt\/#primaryimage\"},\"image\":{\"@id\":\"https:\/\/doktorvolt.pl\/de\/oferta-doktorvolt\/modulare-verteilerkasten\/mm-serie\/multimedialna-skrzynka-elektryczna-54-modulowa-z-uchwytem-na-modem-z-mozliwoscia-zwiekszenia-ilosci-modulow-mm-6-54e-doktorvolt\/#primaryimage\"},\"thumbnailUrl\":\"https:\/\/doktorvolt.pl\/wp-content\/uploads\/2026\/02\/pol_pl_Multimedialna-skrzynka-elektryczna-54-modulowa-z-uchwytem-na-modem-z-mozliwoscia-zwiekszenia-ilosci-modulow-MM-6-54e-Doktorvolt-20392_4.jpg\",\"datePublished\":\"2026-02-23T14:24:49+00:00\",\"dateModified\":\"2026-02-27T07:40:01+00:00\",\"breadcrumb\":{\"@id\":\"https:\/\/doktorvolt.pl\/de\/oferta-doktorvolt\/modulare-verteilerkasten\/mm-serie\/multimedialna-skrzynka-elektryczna-54-modulowa-z-uchwytem-na-modem-z-mozliwoscia-zwiekszenia-ilosci-modulow-mm-6-54e-doktorvolt\/#breadcrumb\"},\"inLanguage\":\"de\",\"potentialAction\":[{\"@type\":\"ReadAction\",\"target\":[\"https:\/\/doktorvolt.pl\/de\/oferta-doktorvolt\/modulare-verteilerkasten\/mm-serie\/multimedialna-skrzynka-elektryczna-54-modulowa-z-uchwytem-na-modem-z-mozliwoscia-zwiekszenia-ilosci-modulow-mm-6-54e-doktorvolt\/\"]}]},{\"@type\":\"ImageObject\",\"inLanguage\":\"de\",\"@id\":\"https:\/\/doktorvolt.pl\/de\/oferta-doktorvolt\/modulare-verteilerkasten\/mm-serie\/multimedialna-skrzynka-elektryczna-54-modulowa-z-uchwytem-na-modem-z-mozliwoscia-zwiekszenia-ilosci-modulow-mm-6-54e-doktorvolt\/#primaryimage\",\"url\":\"https:\/\/doktorvolt.pl\/wp-content\/uploads\/2026\/02\/pol_pl_Multimedialna-skrzynka-elektryczna-54-modulowa-z-uchwytem-na-modem-z-mozliwoscia-zwiekszenia-ilosci-modulow-MM-6-54e-Doktorvolt-20392_4.jpg\",\"contentUrl\":\"https:\/\/doktorvolt.pl\/wp-content\/uploads\/2026\/02\/pol_pl_Multimedialna-skrzynka-elektryczna-54-modulowa-z-uchwytem-na-modem-z-mozliwoscia-zwiekszenia-ilosci-modulow-MM-6-54e-Doktorvolt-20392_4.jpg\",\"width\":1600,\"height\":1600},{\"@type\":\"BreadcrumbList\",\"@id\":\"https:\/\/doktorvolt.pl\/de\/oferta-doktorvolt\/modulare-verteilerkasten\/mm-serie\/multimedialna-skrzynka-elektryczna-54-modulowa-z-uchwytem-na-modem-z-mozliwoscia-zwiekszenia-ilosci-modulow-mm-6-54e-doktorvolt\/#breadcrumb\",\"itemListElement\":[{\"@type\":\"ListItem\",\"position\":1,\"name\":\"Strona g\u0142\u00f3wna\",\"item\":\"https:\/\/doktorvolt.pl\/de\/\"},{\"@type\":\"ListItem\",\"position\":2,\"name\":\"Angebot Doktorvolt\",\"item\":\"https:\/\/doktorvolt.pl\/de\/angebot-doktorvolt\/\"},{\"@type\":\"ListItem\",\"position\":3,\"name\":\"Multimediales Leergeh\u00e4use 54 Modulen halterung f\u00fcr den Modem und M\u00f6glichkeit zur Erweiterung der Modulanzahl MM-6\/54e Doktorvolt\"}]},{\"@type\":\"WebSite\",\"@id\":\"https:\/\/doktorvolt.pl\/de\/#website\",\"url\":\"https:\/\/doktorvolt.pl\/de\/\",\"name\":\"DOKTORVOLT\u00ae\",\"description\":\"Producent rozdzielnic budowlanych\",\"publisher\":{\"@id\":\"https:\/\/doktorvolt.pl\/de\/#organization\"},\"potentialAction\":[{\"@type\":\"SearchAction\",\"target\":{\"@type\":\"EntryPoint\",\"urlTemplate\":\"https:\/\/doktorvolt.pl\/de\/?s={search_term_string}\"},\"query-input\":{\"@type\":\"PropertyValueSpecification\",\"valueRequired\":true,\"valueName\":\"search_term_string\"}}],\"inLanguage\":\"de\"},{\"@type\":\"Organization\",\"@id\":\"https:\/\/doktorvolt.pl\/de\/#organization\",\"name\":\"DOKTORVOLT\u00ae\",\"url\":\"https:\/\/doktorvolt.pl\/de\/\",\"logo\":{\"@type\":\"ImageObject\",\"inLanguage\":\"de\",\"@id\":\"https:\/\/doktorvolt.pl\/de\/#\/schema\/logo\/image\/\",\"url\":\"https:\/\/doktorvolt.pl\/wp-content\/uploads\/2023\/10\/DoktorVOLT-black-png.png\",\"contentUrl\":\"https:\/\/doktorvolt.pl\/wp-content\/uploads\/2023\/10\/DoktorVOLT-black-png.png\",\"width\":729,\"height\":40,\"caption\":\"DOKTORVOLT\u00ae\"},\"image\":{\"@id\":\"https:\/\/doktorvolt.pl\/de\/#\/schema\/logo\/image\/\"}}]}<\/script>\n<!-- \/ Yoast SEO plugin. -->","yoast_head_json":{"title":"Multimediales Leergeh\u00e4use 54 Modulen halterung f\u00fcr den Modem und M\u00f6glichkeit zur Erweiterung der Modulanzahl MM-6\/54e Doktorvolt - DOKTORVOLT\u00ae","robots":{"index":"index","follow":"follow","max-snippet":"max-snippet:-1","max-image-preview":"max-image-preview:large","max-video-preview":"max-video-preview:-1"},"canonical":"https:\/\/doktorvolt.pl\/de\/oferta-doktorvolt\/modulare-verteilerkasten\/mm-serie\/multimedialna-skrzynka-elektryczna-54-modulowa-z-uchwytem-na-modem-z-mozliwoscia-zwiekszenia-ilosci-modulow-mm-6-54e-doktorvolt\/","og_locale":"de_DE","og_type":"article","og_title":"Multimediales Leergeh\u00e4use 54 Modulen halterung f\u00fcr den Modem und M\u00f6glichkeit zur Erweiterung der Modulanzahl MM-6\/54e Doktorvolt - DOKTORVOLT\u00ae","og_description":"Das Multimedia Leergeh\u00e4use ist aus hochwertigen Materialien gefertigt. Es ist f\u00fcr die Unterputzmontage geeignet und erm\u00f6glicht die Modernisierung des Innenraums.","og_url":"https:\/\/doktorvolt.pl\/de\/oferta-doktorvolt\/modulare-verteilerkasten\/mm-serie\/multimedialna-skrzynka-elektryczna-54-modulowa-z-uchwytem-na-modem-z-mozliwoscia-zwiekszenia-ilosci-modulow-mm-6-54e-doktorvolt\/","og_site_name":"DOKTORVOLT\u00ae","article_modified_time":"2026-02-27T07:40:01+00:00","og_image":[{"width":1600,"height":1600,"url":"https:\/\/doktorvolt.pl\/wp-content\/uploads\/2026\/02\/pol_pl_Multimedialna-skrzynka-elektryczna-54-modulowa-z-uchwytem-na-modem-z-mozliwoscia-zwiekszenia-ilosci-modulow-MM-6-54e-Doktorvolt-20392_4.jpg","type":"image\/jpeg"}],"twitter_card":"summary_large_image","schema":{"@context":"https:\/\/schema.org","@graph":[{"@type":"WebPage","@id":"https:\/\/doktorvolt.pl\/de\/oferta-doktorvolt\/modulare-verteilerkasten\/mm-serie\/multimedialna-skrzynka-elektryczna-54-modulowa-z-uchwytem-na-modem-z-mozliwoscia-zwiekszenia-ilosci-modulow-mm-6-54e-doktorvolt\/","url":"https:\/\/doktorvolt.pl\/de\/oferta-doktorvolt\/modulare-verteilerkasten\/mm-serie\/multimedialna-skrzynka-elektryczna-54-modulowa-z-uchwytem-na-modem-z-mozliwoscia-zwiekszenia-ilosci-modulow-mm-6-54e-doktorvolt\/","name":"Multimediales Leergeh\u00e4use 54 Modulen halterung f\u00fcr den Modem und M\u00f6glichkeit zur Erweiterung der Modulanzahl MM-6\/54e Doktorvolt - DOKTORVOLT\u00ae","isPartOf":{"@id":"https:\/\/doktorvolt.pl\/de\/#website"},"primaryImageOfPage":{"@id":"https:\/\/doktorvolt.pl\/de\/oferta-doktorvolt\/modulare-verteilerkasten\/mm-serie\/multimedialna-skrzynka-elektryczna-54-modulowa-z-uchwytem-na-modem-z-mozliwoscia-zwiekszenia-ilosci-modulow-mm-6-54e-doktorvolt\/#primaryimage"},"image":{"@id":"https:\/\/doktorvolt.pl\/de\/oferta-doktorvolt\/modulare-verteilerkasten\/mm-serie\/multimedialna-skrzynka-elektryczna-54-modulowa-z-uchwytem-na-modem-z-mozliwoscia-zwiekszenia-ilosci-modulow-mm-6-54e-doktorvolt\/#primaryimage"},"thumbnailUrl":"https:\/\/doktorvolt.pl\/wp-content\/uploads\/2026\/02\/pol_pl_Multimedialna-skrzynka-elektryczna-54-modulowa-z-uchwytem-na-modem-z-mozliwoscia-zwiekszenia-ilosci-modulow-MM-6-54e-Doktorvolt-20392_4.jpg","datePublished":"2026-02-23T14:24:49+00:00","dateModified":"2026-02-27T07:40:01+00:00","breadcrumb":{"@id":"https:\/\/doktorvolt.pl\/de\/oferta-doktorvolt\/modulare-verteilerkasten\/mm-serie\/multimedialna-skrzynka-elektryczna-54-modulowa-z-uchwytem-na-modem-z-mozliwoscia-zwiekszenia-ilosci-modulow-mm-6-54e-doktorvolt\/#breadcrumb"},"inLanguage":"de","potentialAction":[{"@type":"ReadAction","target":["https:\/\/doktorvolt.pl\/de\/oferta-doktorvolt\/modulare-verteilerkasten\/mm-serie\/multimedialna-skrzynka-elektryczna-54-modulowa-z-uchwytem-na-modem-z-mozliwoscia-zwiekszenia-ilosci-modulow-mm-6-54e-doktorvolt\/"]}]},{"@type":"ImageObject","inLanguage":"de","@id":"https:\/\/doktorvolt.pl\/de\/oferta-doktorvolt\/modulare-verteilerkasten\/mm-serie\/multimedialna-skrzynka-elektryczna-54-modulowa-z-uchwytem-na-modem-z-mozliwoscia-zwiekszenia-ilosci-modulow-mm-6-54e-doktorvolt\/#primaryimage","url":"https:\/\/doktorvolt.pl\/wp-content\/uploads\/2026\/02\/pol_pl_Multimedialna-skrzynka-elektryczna-54-modulowa-z-uchwytem-na-modem-z-mozliwoscia-zwiekszenia-ilosci-modulow-MM-6-54e-Doktorvolt-20392_4.jpg","contentUrl":"https:\/\/doktorvolt.pl\/wp-content\/uploads\/2026\/02\/pol_pl_Multimedialna-skrzynka-elektryczna-54-modulowa-z-uchwytem-na-modem-z-mozliwoscia-zwiekszenia-ilosci-modulow-MM-6-54e-Doktorvolt-20392_4.jpg","width":1600,"height":1600},{"@type":"BreadcrumbList","@id":"https:\/\/doktorvolt.pl\/de\/oferta-doktorvolt\/modulare-verteilerkasten\/mm-serie\/multimedialna-skrzynka-elektryczna-54-modulowa-z-uchwytem-na-modem-z-mozliwoscia-zwiekszenia-ilosci-modulow-mm-6-54e-doktorvolt\/#breadcrumb","itemListElement":[{"@type":"ListItem","position":1,"name":"Strona g\u0142\u00f3wna","item":"https:\/\/doktorvolt.pl\/de\/"},{"@type":"ListItem","position":2,"name":"Angebot Doktorvolt","item":"https:\/\/doktorvolt.pl\/de\/angebot-doktorvolt\/"},{"@type":"ListItem","position":3,"name":"Multimediales Leergeh\u00e4use 54 Modulen halterung f\u00fcr den Modem und M\u00f6glichkeit zur Erweiterung der Modulanzahl MM-6\/54e Doktorvolt"}]},{"@type":"WebSite","@id":"https:\/\/doktorvolt.pl\/de\/#website","url":"https:\/\/doktorvolt.pl\/de\/","name":"DOKTORVOLT\u00ae","description":"Producent rozdzielnic budowlanych","publisher":{"@id":"https:\/\/doktorvolt.pl\/de\/#organization"},"potentialAction":[{"@type":"SearchAction","target":{"@type":"EntryPoint","urlTemplate":"https:\/\/doktorvolt.pl\/de\/?s={search_term_string}"},"query-input":{"@type":"PropertyValueSpecification","valueRequired":true,"valueName":"search_term_string"}}],"inLanguage":"de"},{"@type":"Organization","@id":"https:\/\/doktorvolt.pl\/de\/#organization","name":"DOKTORVOLT\u00ae","url":"https:\/\/doktorvolt.pl\/de\/","logo":{"@type":"ImageObject","inLanguage":"de","@id":"https:\/\/doktorvolt.pl\/de\/#\/schema\/logo\/image\/","url":"https:\/\/doktorvolt.pl\/wp-content\/uploads\/2023\/10\/DoktorVOLT-black-png.png","contentUrl":"https:\/\/doktorvolt.pl\/wp-content\/uploads\/2023\/10\/DoktorVOLT-black-png.png","width":729,"height":40,"caption":"DOKTORVOLT\u00ae"},"image":{"@id":"https:\/\/doktorvolt.pl\/de\/#\/schema\/logo\/image\/"}}]}},"_links":{"self":[{"href":"https:\/\/doktorvolt.pl\/de\/wp-json\/wp\/v2\/product\/109688","targetHints":{"allow":["GET"]}}],"collection":[{"href":"https:\/\/doktorvolt.pl\/de\/wp-json\/wp\/v2\/product"}],"about":[{"href":"https:\/\/doktorvolt.pl\/de\/wp-json\/wp\/v2\/types\/product"}],"wp:featuredmedia":[{"embeddable":true,"href":"https:\/\/doktorvolt.pl\/de\/wp-json\/wp\/v2\/media\/107084"}],"wp:attachment":[{"href":"https:\/\/doktorvolt.pl\/de\/wp-json\/wp\/v2\/media?parent=109688"}],"wp:term":[{"taxonomy":"product_brand","embeddable":true,"href":"https:\/\/doktorvolt.pl\/de\/wp-json\/wp\/v2\/product_brand?post=109688"},{"taxonomy":"product_cat","embeddable":true,"href":"https:\/\/doktorvolt.pl\/de\/wp-json\/wp\/v2\/product_cat?post=109688"},{"taxonomy":"product_tag","embeddable":true,"href":"https:\/\/doktorvolt.pl\/de\/wp-json\/wp\/v2\/product_tag?post=109688"}],"curies":[{"name":"wp","href":"https:\/\/api.w.org\/{rel}","templated":true}]}}