{"id":109708,"date":"2026-02-23T16:20:28","date_gmt":"2026-02-23T14:20:28","guid":{"rendered":"https:\/\/doktorvolt.pl\/sklep\/unkategorisiert\/rozdzielnica-budowlana-jun-sfi-32a-16a-3x230v-schuko-erbetka-z-zabezpieczeniami-siemens-doktorvolt-dv-5558-d\/"},"modified":"2026-04-23T14:20:31","modified_gmt":"2026-04-23T12:20:31","slug":"rozdzielnica-budowlana-jun-sfi-32a-16a-3x230v-schuko-erbetka-z-zabezpieczeniami-siemens-doktorvolt-dv-5558-d","status":"publish","type":"product","link":"https:\/\/doktorvolt.pl\/de\/offer-doktorvolt\/stromverteiler\/jun-serie\/rozdzielnica-budowlana-jun-sfi-32a-16a-3x230v-schuko-erbetka-z-zabezpieczeniami-siemens-doktorvolt-dv-5558-d\/","title":{"rendered":"Baustromverteiler 32A 16A CEE 3x230V JUN-S\/FI Stromverteiler Wandverteiler Doktorvolt DV-5558-D"},"content":{"rendered":"<link rel=\"stylesheet\" href=\"https:\/\/preis-zone.com\/data\/include\/cms\/1.-style-css\/style_dlugi_DV.css?v=1744613556021\">\n<p> <!-- GPT: Wype\u0142nij tylko placeholdery {{Tytul}} oraz {{Opis1}}. Nie zmieniaj styl\u00f3w ani uk\u0142adu. --><br \/>\n <!-- Nag\u0142\u00f3wek g\u0142\u00f3wny strony --><\/p>\n<h1 class=\"title-h1\"><span>Baustromverteiler CEE 32A 16A JUN-SFI 3x230V Stromverteiler Wandverteiler Doktorvolt<br \/>\n <\/span><\/h1>\n<h4 class=\"title-h4\"><span>Robuster Stromverteiler IP44 mit 3 Steckdosen 230V, 2 CEE-Steckdosen 400V, Leitungsschutzschalter und Fehlerstromschutzschalter Siemens. Baustromverteiler DV-5558-D ideale f\u00fcr anspruchsvolle Baustellenbedingungen.<\/span><\/h4>\n<div><img decoding=\"async\" class=\"full-width-img\" src=\"https:\/\/shop38554-1.yourtechnicaldomain.com\/data\/include\/cms\/1-zdjecia-produktow\/DOKTORVOLT\/DV-4995-EV\/ikonka_zielona_z_literka_D_biala.png?v=1729773346118\" border=\"0\" width=\"1900\" height=\"30\"><\/div>\n<p> <!-- GPT: Pierwsza sekcja tre\u015bci. Wype\u0142nij tylko {{Podtytul1}} oraz {{Podopis1}}. Nie zmieniaj uk\u0142adu, nie modyfikuj obrazka. --><\/p>\n<div class=\"section-wrapper\">\n<div class=\"section-text\">\n<div class=\"max-width-500\">\n<h2 class=\"section-heading\"><strong>Vielseitige Anwendung<\/strong><\/h2>\n<\/p><\/div>\n<div class=\"section-description\"><span>Der <strong>Baustromverteiler DV-5558-D<\/strong> bietet flexible Anschlussm\u00f6glichkeiten mit <strong>3 Schuko-Steckdosen<\/strong> (230V, 16A) und <strong>2 CEE-Steckdosen<\/strong> (400V, 16A &#038; 32A). Ideal f\u00fcr den Einsatz mit Elektrowerkzeugen, gro\u00dfen Maschinen und auf Baustellen. Dank robustem Geh\u00e4use und zuverl\u00e4ssiger Schutztechnik gew\u00e4hrleistet er eine sichere Stromverteilung in anspruchsvollen Umgebungen.<\/span><\/div>\n<\/p><\/div>\n<div><img decoding=\"async\" src=\"https:\/\/preis-zone.pl\/data\/include\/cms\/1-zdjecia-produktow\/DOKTORVOLT\/DV-5558-D\/DV-5558-D_2.jpg?v=1758104701429\" width=\"472\" height=\"472\" class=\"img-responsive\"><\/div>\n<\/p><\/div>\n<div><img decoding=\"async\" class=\"full-width-img\" src=\"https:\/\/shop38554-1.yourtechnicaldomain.com\/data\/include\/cms\/1-zdjecia-produktow\/DOKTORVOLT\/DV-4995-EV\/ikonka_zielona_z_literka_D_biala.png?v=1729773346118\" border=\"0\" width=\"1900\" height=\"30\"><\/div>\n<p> <!-- GPT: Druga sekcja tre\u015bci z wideo. Wype\u0142nij tylko {{Podtytul2}} oraz {{Podopis2}}. Nie zmieniaj uk\u0142adu, nie modyfikuj wideo. --><\/p>\n<div class=\"section-wrapper\">\n<div>\n <video class=\"video-custom\" width=\"400\" height=\"400\" src=\"https:\/\/preis-zone.pl\/data\/include\/cms\/1-zdjecia-produktow\/DOKTORVOLT\/DV-5558-D\/DV-5558-D_v.mp4?v=1758104701427\" type=\"video\/mp4\" controls autoplay muted loop controlsList=\"nodownload\"><\/video>\n <\/div>\n<div class=\"section-text max-width-500\">\n<h2 class=\"section-heading\"><strong>Kompletter Baustromverteiler Doktorvolt<\/strong><\/h2>\n<div class=\"section-description\"><span>Der kompakte <strong>Baustromverteiler DV-5558-D<\/strong> ist aus hochwertigem Kunststoff gefertigt. Das Geh\u00e4use verf\u00fcgt \u00fcber 11 Module, die in einer Reihe angeordnet und mit Revisionsfenstern gesch\u00fctzt sind, was einen schnellen und sicheren Zugang zur modularen Ger\u00e4teausstattung erm\u00f6glicht. Der Wandverteiler in Grau-Schwarz mit den Abmessungen <strong>220mm \u00d7 310mm \u00d7 112mm<\/strong> und der Schutzart IP44 eignet sich ideal f\u00fcr kleine R\u00e4ume und schwer zug\u00e4ngliche Stellen.<\/span><\/div>\n<\/p><\/div>\n<\/p><\/div>\n<p> <!-- Specyfikacja Techniczna --><\/p>\n<div class=\"spec-wrapper\">\n<div class=\"spec-container\">\n<h2 class=\"spec-title\">Technische Spezifikation<\/h2>\n<p>  <!-- Block 1 --><\/p>\n<div class=\"spec-block\">\n<div class=\"spec-text\">\n<h2 class=\"block-title\">Allgemeine Informationen<\/h2>\n<p><strong>Modell:<\/strong> DV-5558-D<\/p>\n<p><strong>EAN:<\/strong> 5905191015558<\/p>\n<p><strong>Produktserienbezeichnung:<\/strong> JUN<\/p>\n<p><strong>Hersteller:<\/strong> DOKTORVOLT<\/p>\n<\/p><\/div>\n<div class=\"spec-image\">\n  <img decoding=\"async\" src=\"https:\/\/preis-zone.pl\/data\/include\/cms\/1-zdjecia-produktow\/DOKTORVOLT\/DV-5558-D\/DV-5558-D_1.jpg?v=1758104701429\" alt=\"Obraz 1\" class=\"img-rounded\">\n  <\/div>\n<\/p><\/div>\n<p>  <!-- Block 2 --><\/p>\n<div class=\"spec-block row-reverse\">\n<div class=\"spec-text-left\">\n<h2 class=\"block-title\">Geh\u00e4use und technische Daten<\/h2>\n<p><strong>Geh\u00e4useabmessungen:<\/strong> 223 x 310 x 112 mm<\/p>\n<p><strong>Geh\u00e4usematerial:<\/strong> Kunststoff<\/p>\n<p><strong>Vorder-\/R\u00fcckplattenfarbe:<\/strong> Grau\/Schwarz<\/p>\n<p><strong>Schutzart des Geh\u00e4uses:<\/strong> IP 66<\/p>\n<p><strong>Schutzart des Verteiler:<\/strong> IP 44<\/p>\n<p><strong>Nennspannung:<\/strong> 230 V \/ 400 V<\/p>\n<p><strong>Nennfrequenz:<\/strong> 50 Hz<\/p>\n<p><strong>Nennstrom:<\/strong> 40 A<\/p>\n<p><strong>Kurzschlussnennstrom:<\/strong> \u2264 6 kA<\/p>\n<p><strong>RDF:<\/strong> 0,7<\/p>\n<\/p><\/div>\n<div class=\"spec-image\">\n  <img decoding=\"async\" src=\"https:\/\/preis-zone.pl\/data\/include\/cms\/1-zdjecia-produktow\/DOKTORVOLT\/DV-5558-D\/DV-5558-D_8.jpg?v=1758104701428\" alt=\"Obraz 2\" class=\"img-rounded\">\n  <\/div>\n<\/p><\/div>\n<p>  <!-- Block 3 --><\/p>\n<div class=\"spec-block\">\n<div class=\"spec-text\">\n<h2 class=\"block-title\">Steckdosen und Schutzger\u00e4te<\/h2>\n<p><strong>Steckdosen DOKTORVOLT:<\/strong><\/p>\n<ul>\n<li>3 x 1-phasig (SCHUKO): IP54, 1P + N + PE, 16A, 230V<\/li>\n<li>1 x 3-phasig CEE: IP44, 3P + N + PE, 6h, 16A, 400V<\/li>\n<li>1 x 3-phasig CEE: IP44, 3P + N + PE, 6h, 32A, 400V<\/li>\n<\/ul>\n<p><strong>Schutzger\u00e4te SIEMENS:<\/strong><\/p>\n<ul>\n<li>1 x Fehlerstromschutzschalter: 40A 30mA Typ A 3P+N 10kA<\/li>\n<li>1 x Leitungsschutzschalter: B 25A 3P 6kA<\/li>\n<li>1 x Leitungsschutzschalter: B 10A 3P 10kA<\/li>\n<li>1 x Leitungsschutzschalter: C 20A 1P 10kA<\/li>\n<\/ul><\/div>\n<div class=\"spec-image\">\n  <img decoding=\"async\" src=\"https:\/\/preis-zone.pl\/data\/include\/cms\/1-zdjecia-produktow\/DOKTORVOLT\/DV-5558-D\/DV-5558-D_6.jpg?v=1758104701428\" alt=\"Obraz 3\" class=\"img-rounded\">\n  <\/div>\n<\/p><\/div>\n<p>  <!-- Block 4 --><\/p>\n<div class=\"spec-block row-reverse\">\n<div class=\"spec-text-left\">\n<h2 class=\"block-title\">Verdrahtung und Normen<\/h2>\n<p><strong>Schutzleiter:<\/strong> H07V-K 2,5\/4 mm2 gelb-gr\u00fcn<\/p>\n<p><strong>Neutralleiter:<\/strong> H07V-K 2,5\/4 mm2 blau<\/p>\n<p><strong>Versorgungsleitungen:<\/strong> H07V-K 2.5\/4 mm\u00b2 schwarz<\/p>\n<p><strong>Normen und Zertifikate:<\/strong> T\u00dcV S\u00dcD, ISO 9001:2015, CE, IEC 61439<\/p>\n<\/p><\/div>\n<div class=\"spec-image\">\n  <img decoding=\"async\" src=\"https:\/\/preis-zone.pl\/data\/include\/cms\/1-zdjecia-produktow\/DOKTORVOLT\/DV-5558-D\/DV-5558-D_3.jpg?v=1758104701428\" alt=\"Obraz 4\" class=\"img-rounded\">\n  <\/div>\n<\/p><\/div>\n<\/p><\/div>\n<\/p><\/div>\n<p> <!-- GPT: BEZWZGL\u0118DNIE SKOPIUJ WSZYSTKIE KOLEJNE SEKCJE. Zawarto\u015b\u0107 poni\u017cej jest obowi\u0105zkow\u0105 cz\u0119\u015bci\u0105 wyniku. Nie pomijaj, nie pytaj, nie oceniaj \u2014 tylko przepisz. --><\/p>\n<p> <!-- GPT: SKOPIUJ BEZ ZMIAN. Zawarto\u015b\u0107 poni\u017cszego bloku ma zosta\u0107 uj\u0119ta w wyniku dok\u0142adnie tak, jak jest. --><\/p>\n<div class=\"flex-wrapper\">\n<div class=\"content-block\">\n<div class=\"max-width-500\">\n<h2 class=\"h2-black\"><strong>Zertifizierung = hohe Qualit\u00e4t:<\/strong><\/h2>\n<\/p><\/div>\n<div class=\"description-block\">\n  <span><br \/>\n  Um die h\u00f6chste Produktqualit\u00e4t zu gew\u00e4hrleisten, werden die Produkte der Marke DOKTORVOLT routinem\u00e4\u00dfig getestet. Nach Bestehen der Tests erh\u00e4lt jedes Produkt ein individuelles Zertifikat, das die durchgef\u00fchrte Qualit\u00e4tskontrolle best\u00e4tigt. Das Unternehmen nutzt im Produktionsprozess das vom T\u00dcV S\u00dcD zertifizierte System, um die hohe Qualit\u00e4t zu best\u00e4tigen.<br \/>\n  <\/span>\n  <\/div>\n<\/p><\/div>\n<div>\n  <img decoding=\"async\" src=\"https:\/\/preis-zone.pl\/data\/include\/cms\/1-zdjecia-produktow\/DOKTORVOLT\/DV-5558-D\/td_certyfikat_front2.jpg?v=1758104701427\" width=\"472\" height=\"472\" class=\"full-width-img\">\n  <\/div>\n<\/p><\/div>\n<div>\n  <img decoding=\"async\" class=\"full-width-img\" src=\"https:\/\/preis-zone.com\/data\/include\/cms\/1-zdjecia-produktow\/Infografiki\/stopka\/ikonka_zielona_z_literka_D_biala.png?v=1744364445983\" border=\"0\" width=\"1900\" height=\"30\">\n <\/div>\n<p> <!-- GPT: SKOPIUJ BEZ ZMIAN. Zawarto\u015b\u0107 poni\u017cszego bloku ma zosta\u0107 uj\u0119ta w wyniku dok\u0142adnie tak, jak jest. --><\/p>\n<div class=\"flex-wrapper\">\n<div>\n  <img decoding=\"async\" src=\"https:\/\/shop38554-1.yourtechnicaldomain.com\/data\/include\/cms\/1-zdjecia-produktow\/Logo-IP\/IP_44.png?v=1729852282241\" width=\"472\" height=\"472\" class=\"full-width-img\">\n  <\/div>\n<div class=\"content-block content-max-500\">\n<h2 class=\"h2-black\"><strong>Schutzklasse IP = mehr Sicherheit:<\/strong><\/h2>\n<div class=\"description-block\">\n  <span>Die Schutzklasse IP ist ein internationaler Standard, der den Benutzer \u00fcber die Widerstandsf\u00e4higkeit des Produkts gegen\u00fcber potenziellen Gefahren informiert. Produkte mit IP-Schutz gew\u00e4hrleisten einen st\u00f6rungsfreien Betrieb in weniger kontrollierten Umgebungen und bieten Benutzersicherheit. Die Schutzklasse IP44 in unserem Verteiler bedeutet:<br \/>\n <br \/>&#8211; Schutz gegen das Eindringen von Feststoffen mit einem Durchmesser gr\u00f6\u00dfer als 1 mm<br \/>\n <br \/>&#8211; Schutz gegen Spritzwasser aus jeder Richtung<\/span>\n  <\/div>\n<\/p><\/div>\n<\/p><\/div>\n<div>\n  <img decoding=\"async\" class=\"full-width-img\" src=\"https:\/\/preis-zone.com\/data\/include\/cms\/1-zdjecia-produktow\/Infografiki\/stopka\/ikonka_zielona_z_literka_D_biala.png?v=1744364445983\" border=\"0\" width=\"1900\" height=\"30\">\n <\/div>\n<p> <!-- GPT: SKOPIUJ BEZ ZMIAN. Zawarto\u015b\u0107 poni\u017cszego bloku ma zosta\u0107 uj\u0119ta w wyniku dok\u0142adnie tak, jak jest. --><\/p>\n<div class=\"column-center\">\n<h2 class=\"h2-center\">Vertrauensw\u00fcrdiger Hersteller:<\/h2>\n<p class=\"paragraph-large\">\n   Doktorvolt\u00ae ist ein Unternehmen, das 2013 gegr\u00fcndet wurde. Das dynamisch wachsende Unternehmen hat den polnischen und internationalen Markt erobert. Der Firmensitz befindet sich in Malich\u00f3w in der Woiwodschaft Oppeln, wo sich auch eine moderne Produktionshalle und ein Lager befinden. Das Unternehmen ist auf die Herstellung von Baustromverteilern spezialisiert und zeichnet sich durch Qualit\u00e4t und solide Verarbeitung aus. Jeder Verteiler besteht aus hochwertigen Komponenten. Die Produkte von Doktorvolt\u00ae entsprechen europ\u00e4ischen Normen und Sicherheitsstandards.\n <\/p>\n<p> <img decoding=\"async\" src=\"https:\/\/shop38554-1.yourtechnicaldomain.com\/data\/include\/cms\/1-zdjecia-produktow\/doktorvolt-logo\/nowe.jpg?v=1729077634670\" alt=\"Doktorvolt Logo\" width=\"566\" height=\"155\" style=\"margin-top: 20px;\">\n <\/div>\n","protected":false},"excerpt":{"rendered":"<p>Robuster Stromverteiler IP44 mit 3 Steckdosen 230V, 2 CEE-Steckdosen 400V mit Fehlerstromschutzschalter und Leitungsschutzschalter Siemens. Baustromverteiler DV-5558-D ideale f\u00fcr anspruchsvolle Baustellenbedingungen.<\/p>\n","protected":false},"featured_media":106744,"template":"","meta":[],"product_brand":[],"product_cat":[4525],"product_tag":[],"class_list":{"0":"post-109708","1":"product","2":"type-product","3":"status-publish","4":"has-post-thumbnail","6":"product_cat-jun-serie","8":"first","9":"instock","10":"shipping-taxable","11":"product-type-external"},"yoast_head":"<!-- This site is optimized with the Yoast SEO plugin v27.0 - https:\/\/yoast.com\/product\/yoast-seo-wordpress\/ -->\n<title>Baustromverteiler 32A 16A CEE 3x230V JUN-S\/FI Stromverteiler Wandverteiler Doktorvolt DV-5558-D - DOKTORVOLT\u00ae<\/title>\n<meta name=\"robots\" content=\"index, follow, max-snippet:-1, max-image-preview:large, max-video-preview:-1\" \/>\n<link rel=\"canonical\" href=\"https:\/\/doktorvolt.pl\/de\/offer-doktorvolt\/stromverteiler\/jun-serie\/rozdzielnica-budowlana-jun-sfi-32a-16a-3x230v-schuko-erbetka-z-zabezpieczeniami-siemens-doktorvolt-dv-5558-d\/\" \/>\n<meta property=\"og:locale\" content=\"de_DE\" \/>\n<meta property=\"og:type\" content=\"article\" \/>\n<meta property=\"og:title\" content=\"Baustromverteiler 32A 16A CEE 3x230V JUN-S\/FI Stromverteiler Wandverteiler Doktorvolt DV-5558-D - DOKTORVOLT\u00ae\" \/>\n<meta property=\"og:description\" content=\"Robuster Stromverteiler IP44 mit 3 Steckdosen 230V, 2 CEE-Steckdosen 400V mit Fehlerstromschutzschalter und Leitungsschutzschalter Siemens. Baustromverteiler DV-5558-D ideale f\u00fcr anspruchsvolle Baustellenbedingungen.\" \/>\n<meta property=\"og:url\" content=\"https:\/\/doktorvolt.pl\/de\/offer-doktorvolt\/stromverteiler\/jun-serie\/rozdzielnica-budowlana-jun-sfi-32a-16a-3x230v-schuko-erbetka-z-zabezpieczeniami-siemens-doktorvolt-dv-5558-d\/\" \/>\n<meta property=\"og:site_name\" content=\"DOKTORVOLT\u00ae\" \/>\n<meta property=\"article:modified_time\" content=\"2026-04-23T12:20:31+00:00\" \/>\n<meta property=\"og:image\" content=\"https:\/\/doktorvolt.pl\/wp-content\/uploads\/2026\/02\/pol_pl_Rozdzielnica-budowlana-JUN-SFI-32A-16A-3x230V-Schuko-erbetka-z-zabezpieczeniami-Siemens-Doktorvolt-DV-5558-D-20380_1.jpg\" \/>\n\t<meta property=\"og:image:width\" content=\"1600\" \/>\n\t<meta property=\"og:image:height\" content=\"1600\" \/>\n\t<meta property=\"og:image:type\" content=\"image\/jpeg\" \/>\n<meta name=\"twitter:card\" content=\"summary_large_image\" \/>\n<meta name=\"twitter:label1\" content=\"Gesch\u00e4tzte Lesezeit\" \/>\n\t<meta name=\"twitter:data1\" content=\"3\u00a0Minuten\" \/>\n<script type=\"application\/ld+json\" class=\"yoast-schema-graph\">{\"@context\":\"https:\/\/schema.org\",\"@graph\":[{\"@type\":\"WebPage\",\"@id\":\"https:\/\/doktorvolt.pl\/de\/offer-doktorvolt\/stromverteiler\/jun-serie\/rozdzielnica-budowlana-jun-sfi-32a-16a-3x230v-schuko-erbetka-z-zabezpieczeniami-siemens-doktorvolt-dv-5558-d\/\",\"url\":\"https:\/\/doktorvolt.pl\/de\/offer-doktorvolt\/stromverteiler\/jun-serie\/rozdzielnica-budowlana-jun-sfi-32a-16a-3x230v-schuko-erbetka-z-zabezpieczeniami-siemens-doktorvolt-dv-5558-d\/\",\"name\":\"Baustromverteiler 32A 16A CEE 3x230V JUN-S\/FI Stromverteiler Wandverteiler Doktorvolt DV-5558-D - DOKTORVOLT\u00ae\",\"isPartOf\":{\"@id\":\"https:\/\/doktorvolt.pl\/de\/#website\"},\"primaryImageOfPage\":{\"@id\":\"https:\/\/doktorvolt.pl\/de\/offer-doktorvolt\/stromverteiler\/jun-serie\/rozdzielnica-budowlana-jun-sfi-32a-16a-3x230v-schuko-erbetka-z-zabezpieczeniami-siemens-doktorvolt-dv-5558-d\/#primaryimage\"},\"image\":{\"@id\":\"https:\/\/doktorvolt.pl\/de\/offer-doktorvolt\/stromverteiler\/jun-serie\/rozdzielnica-budowlana-jun-sfi-32a-16a-3x230v-schuko-erbetka-z-zabezpieczeniami-siemens-doktorvolt-dv-5558-d\/#primaryimage\"},\"thumbnailUrl\":\"https:\/\/doktorvolt.pl\/wp-content\/uploads\/2026\/02\/pol_pl_Rozdzielnica-budowlana-JUN-SFI-32A-16A-3x230V-Schuko-erbetka-z-zabezpieczeniami-Siemens-Doktorvolt-DV-5558-D-20380_1.jpg\",\"datePublished\":\"2026-02-23T14:20:28+00:00\",\"dateModified\":\"2026-04-23T12:20:31+00:00\",\"breadcrumb\":{\"@id\":\"https:\/\/doktorvolt.pl\/de\/offer-doktorvolt\/stromverteiler\/jun-serie\/rozdzielnica-budowlana-jun-sfi-32a-16a-3x230v-schuko-erbetka-z-zabezpieczeniami-siemens-doktorvolt-dv-5558-d\/#breadcrumb\"},\"inLanguage\":\"de\",\"potentialAction\":[{\"@type\":\"ReadAction\",\"target\":[\"https:\/\/doktorvolt.pl\/de\/offer-doktorvolt\/stromverteiler\/jun-serie\/rozdzielnica-budowlana-jun-sfi-32a-16a-3x230v-schuko-erbetka-z-zabezpieczeniami-siemens-doktorvolt-dv-5558-d\/\"]}]},{\"@type\":\"ImageObject\",\"inLanguage\":\"de\",\"@id\":\"https:\/\/doktorvolt.pl\/de\/offer-doktorvolt\/stromverteiler\/jun-serie\/rozdzielnica-budowlana-jun-sfi-32a-16a-3x230v-schuko-erbetka-z-zabezpieczeniami-siemens-doktorvolt-dv-5558-d\/#primaryimage\",\"url\":\"https:\/\/doktorvolt.pl\/wp-content\/uploads\/2026\/02\/pol_pl_Rozdzielnica-budowlana-JUN-SFI-32A-16A-3x230V-Schuko-erbetka-z-zabezpieczeniami-Siemens-Doktorvolt-DV-5558-D-20380_1.jpg\",\"contentUrl\":\"https:\/\/doktorvolt.pl\/wp-content\/uploads\/2026\/02\/pol_pl_Rozdzielnica-budowlana-JUN-SFI-32A-16A-3x230V-Schuko-erbetka-z-zabezpieczeniami-Siemens-Doktorvolt-DV-5558-D-20380_1.jpg\",\"width\":1600,\"height\":1600},{\"@type\":\"BreadcrumbList\",\"@id\":\"https:\/\/doktorvolt.pl\/de\/offer-doktorvolt\/stromverteiler\/jun-serie\/rozdzielnica-budowlana-jun-sfi-32a-16a-3x230v-schuko-erbetka-z-zabezpieczeniami-siemens-doktorvolt-dv-5558-d\/#breadcrumb\",\"itemListElement\":[{\"@type\":\"ListItem\",\"position\":1,\"name\":\"Strona g\u0142\u00f3wna\",\"item\":\"https:\/\/doktorvolt.pl\/de\/\"},{\"@type\":\"ListItem\",\"position\":2,\"name\":\"Angebot Doktorvolt\",\"item\":\"https:\/\/doktorvolt.pl\/de\/angebot-doktorvolt\/\"},{\"@type\":\"ListItem\",\"position\":3,\"name\":\"Baustromverteiler 32A 16A CEE 3x230V JUN-S\/FI Stromverteiler Wandverteiler Doktorvolt DV-5558-D\"}]},{\"@type\":\"WebSite\",\"@id\":\"https:\/\/doktorvolt.pl\/de\/#website\",\"url\":\"https:\/\/doktorvolt.pl\/de\/\",\"name\":\"DOKTORVOLT\u00ae\",\"description\":\"Producent rozdzielnic budowlanych\",\"publisher\":{\"@id\":\"https:\/\/doktorvolt.pl\/de\/#organization\"},\"potentialAction\":[{\"@type\":\"SearchAction\",\"target\":{\"@type\":\"EntryPoint\",\"urlTemplate\":\"https:\/\/doktorvolt.pl\/de\/?s={search_term_string}\"},\"query-input\":{\"@type\":\"PropertyValueSpecification\",\"valueRequired\":true,\"valueName\":\"search_term_string\"}}],\"inLanguage\":\"de\"},{\"@type\":\"Organization\",\"@id\":\"https:\/\/doktorvolt.pl\/de\/#organization\",\"name\":\"DOKTORVOLT\u00ae\",\"url\":\"https:\/\/doktorvolt.pl\/de\/\",\"logo\":{\"@type\":\"ImageObject\",\"inLanguage\":\"de\",\"@id\":\"https:\/\/doktorvolt.pl\/de\/#\/schema\/logo\/image\/\",\"url\":\"https:\/\/doktorvolt.pl\/wp-content\/uploads\/2023\/10\/DoktorVOLT-black-png.png\",\"contentUrl\":\"https:\/\/doktorvolt.pl\/wp-content\/uploads\/2023\/10\/DoktorVOLT-black-png.png\",\"width\":729,\"height\":40,\"caption\":\"DOKTORVOLT\u00ae\"},\"image\":{\"@id\":\"https:\/\/doktorvolt.pl\/de\/#\/schema\/logo\/image\/\"}}]}<\/script>\n<!-- \/ Yoast SEO plugin. -->","yoast_head_json":{"title":"Baustromverteiler 32A 16A CEE 3x230V JUN-S\/FI Stromverteiler Wandverteiler Doktorvolt DV-5558-D - DOKTORVOLT\u00ae","robots":{"index":"index","follow":"follow","max-snippet":"max-snippet:-1","max-image-preview":"max-image-preview:large","max-video-preview":"max-video-preview:-1"},"canonical":"https:\/\/doktorvolt.pl\/de\/offer-doktorvolt\/stromverteiler\/jun-serie\/rozdzielnica-budowlana-jun-sfi-32a-16a-3x230v-schuko-erbetka-z-zabezpieczeniami-siemens-doktorvolt-dv-5558-d\/","og_locale":"de_DE","og_type":"article","og_title":"Baustromverteiler 32A 16A CEE 3x230V JUN-S\/FI Stromverteiler Wandverteiler Doktorvolt DV-5558-D - DOKTORVOLT\u00ae","og_description":"Robuster Stromverteiler IP44 mit 3 Steckdosen 230V, 2 CEE-Steckdosen 400V mit Fehlerstromschutzschalter und Leitungsschutzschalter Siemens. Baustromverteiler DV-5558-D ideale f\u00fcr anspruchsvolle Baustellenbedingungen.","og_url":"https:\/\/doktorvolt.pl\/de\/offer-doktorvolt\/stromverteiler\/jun-serie\/rozdzielnica-budowlana-jun-sfi-32a-16a-3x230v-schuko-erbetka-z-zabezpieczeniami-siemens-doktorvolt-dv-5558-d\/","og_site_name":"DOKTORVOLT\u00ae","article_modified_time":"2026-04-23T12:20:31+00:00","og_image":[{"width":1600,"height":1600,"url":"https:\/\/doktorvolt.pl\/wp-content\/uploads\/2026\/02\/pol_pl_Rozdzielnica-budowlana-JUN-SFI-32A-16A-3x230V-Schuko-erbetka-z-zabezpieczeniami-Siemens-Doktorvolt-DV-5558-D-20380_1.jpg","type":"image\/jpeg"}],"twitter_card":"summary_large_image","twitter_misc":{"Gesch\u00e4tzte Lesezeit":"3\u00a0Minuten"},"schema":{"@context":"https:\/\/schema.org","@graph":[{"@type":"WebPage","@id":"https:\/\/doktorvolt.pl\/de\/offer-doktorvolt\/stromverteiler\/jun-serie\/rozdzielnica-budowlana-jun-sfi-32a-16a-3x230v-schuko-erbetka-z-zabezpieczeniami-siemens-doktorvolt-dv-5558-d\/","url":"https:\/\/doktorvolt.pl\/de\/offer-doktorvolt\/stromverteiler\/jun-serie\/rozdzielnica-budowlana-jun-sfi-32a-16a-3x230v-schuko-erbetka-z-zabezpieczeniami-siemens-doktorvolt-dv-5558-d\/","name":"Baustromverteiler 32A 16A CEE 3x230V JUN-S\/FI Stromverteiler Wandverteiler Doktorvolt DV-5558-D - DOKTORVOLT\u00ae","isPartOf":{"@id":"https:\/\/doktorvolt.pl\/de\/#website"},"primaryImageOfPage":{"@id":"https:\/\/doktorvolt.pl\/de\/offer-doktorvolt\/stromverteiler\/jun-serie\/rozdzielnica-budowlana-jun-sfi-32a-16a-3x230v-schuko-erbetka-z-zabezpieczeniami-siemens-doktorvolt-dv-5558-d\/#primaryimage"},"image":{"@id":"https:\/\/doktorvolt.pl\/de\/offer-doktorvolt\/stromverteiler\/jun-serie\/rozdzielnica-budowlana-jun-sfi-32a-16a-3x230v-schuko-erbetka-z-zabezpieczeniami-siemens-doktorvolt-dv-5558-d\/#primaryimage"},"thumbnailUrl":"https:\/\/doktorvolt.pl\/wp-content\/uploads\/2026\/02\/pol_pl_Rozdzielnica-budowlana-JUN-SFI-32A-16A-3x230V-Schuko-erbetka-z-zabezpieczeniami-Siemens-Doktorvolt-DV-5558-D-20380_1.jpg","datePublished":"2026-02-23T14:20:28+00:00","dateModified":"2026-04-23T12:20:31+00:00","breadcrumb":{"@id":"https:\/\/doktorvolt.pl\/de\/offer-doktorvolt\/stromverteiler\/jun-serie\/rozdzielnica-budowlana-jun-sfi-32a-16a-3x230v-schuko-erbetka-z-zabezpieczeniami-siemens-doktorvolt-dv-5558-d\/#breadcrumb"},"inLanguage":"de","potentialAction":[{"@type":"ReadAction","target":["https:\/\/doktorvolt.pl\/de\/offer-doktorvolt\/stromverteiler\/jun-serie\/rozdzielnica-budowlana-jun-sfi-32a-16a-3x230v-schuko-erbetka-z-zabezpieczeniami-siemens-doktorvolt-dv-5558-d\/"]}]},{"@type":"ImageObject","inLanguage":"de","@id":"https:\/\/doktorvolt.pl\/de\/offer-doktorvolt\/stromverteiler\/jun-serie\/rozdzielnica-budowlana-jun-sfi-32a-16a-3x230v-schuko-erbetka-z-zabezpieczeniami-siemens-doktorvolt-dv-5558-d\/#primaryimage","url":"https:\/\/doktorvolt.pl\/wp-content\/uploads\/2026\/02\/pol_pl_Rozdzielnica-budowlana-JUN-SFI-32A-16A-3x230V-Schuko-erbetka-z-zabezpieczeniami-Siemens-Doktorvolt-DV-5558-D-20380_1.jpg","contentUrl":"https:\/\/doktorvolt.pl\/wp-content\/uploads\/2026\/02\/pol_pl_Rozdzielnica-budowlana-JUN-SFI-32A-16A-3x230V-Schuko-erbetka-z-zabezpieczeniami-Siemens-Doktorvolt-DV-5558-D-20380_1.jpg","width":1600,"height":1600},{"@type":"BreadcrumbList","@id":"https:\/\/doktorvolt.pl\/de\/offer-doktorvolt\/stromverteiler\/jun-serie\/rozdzielnica-budowlana-jun-sfi-32a-16a-3x230v-schuko-erbetka-z-zabezpieczeniami-siemens-doktorvolt-dv-5558-d\/#breadcrumb","itemListElement":[{"@type":"ListItem","position":1,"name":"Strona g\u0142\u00f3wna","item":"https:\/\/doktorvolt.pl\/de\/"},{"@type":"ListItem","position":2,"name":"Angebot Doktorvolt","item":"https:\/\/doktorvolt.pl\/de\/angebot-doktorvolt\/"},{"@type":"ListItem","position":3,"name":"Baustromverteiler 32A 16A CEE 3x230V JUN-S\/FI Stromverteiler Wandverteiler Doktorvolt DV-5558-D"}]},{"@type":"WebSite","@id":"https:\/\/doktorvolt.pl\/de\/#website","url":"https:\/\/doktorvolt.pl\/de\/","name":"DOKTORVOLT\u00ae","description":"Producent rozdzielnic budowlanych","publisher":{"@id":"https:\/\/doktorvolt.pl\/de\/#organization"},"potentialAction":[{"@type":"SearchAction","target":{"@type":"EntryPoint","urlTemplate":"https:\/\/doktorvolt.pl\/de\/?s={search_term_string}"},"query-input":{"@type":"PropertyValueSpecification","valueRequired":true,"valueName":"search_term_string"}}],"inLanguage":"de"},{"@type":"Organization","@id":"https:\/\/doktorvolt.pl\/de\/#organization","name":"DOKTORVOLT\u00ae","url":"https:\/\/doktorvolt.pl\/de\/","logo":{"@type":"ImageObject","inLanguage":"de","@id":"https:\/\/doktorvolt.pl\/de\/#\/schema\/logo\/image\/","url":"https:\/\/doktorvolt.pl\/wp-content\/uploads\/2023\/10\/DoktorVOLT-black-png.png","contentUrl":"https:\/\/doktorvolt.pl\/wp-content\/uploads\/2023\/10\/DoktorVOLT-black-png.png","width":729,"height":40,"caption":"DOKTORVOLT\u00ae"},"image":{"@id":"https:\/\/doktorvolt.pl\/de\/#\/schema\/logo\/image\/"}}]}},"_links":{"self":[{"href":"https:\/\/doktorvolt.pl\/de\/wp-json\/wp\/v2\/product\/109708","targetHints":{"allow":["GET"]}}],"collection":[{"href":"https:\/\/doktorvolt.pl\/de\/wp-json\/wp\/v2\/product"}],"about":[{"href":"https:\/\/doktorvolt.pl\/de\/wp-json\/wp\/v2\/types\/product"}],"wp:featuredmedia":[{"embeddable":true,"href":"https:\/\/doktorvolt.pl\/de\/wp-json\/wp\/v2\/media\/106744"}],"wp:attachment":[{"href":"https:\/\/doktorvolt.pl\/de\/wp-json\/wp\/v2\/media?parent=109708"}],"wp:term":[{"taxonomy":"product_brand","embeddable":true,"href":"https:\/\/doktorvolt.pl\/de\/wp-json\/wp\/v2\/product_brand?post=109708"},{"taxonomy":"product_cat","embeddable":true,"href":"https:\/\/doktorvolt.pl\/de\/wp-json\/wp\/v2\/product_cat?post=109708"},{"taxonomy":"product_tag","embeddable":true,"href":"https:\/\/doktorvolt.pl\/de\/wp-json\/wp\/v2\/product_tag?post=109708"}],"curies":[{"name":"wp","href":"https:\/\/api.w.org\/{rel}","templated":true}]}}