{"id":109714,"date":"2026-02-23T16:19:05","date_gmt":"2026-02-23T14:19:05","guid":{"rendered":"https:\/\/doktorvolt.pl\/sklep\/unkategorisiert\/rozdzielnica-budowlana-32a-16a-4x230v-tgd-bez-zabezpieczen-doktorvolt-dv-6029-d\/"},"modified":"2026-04-23T14:20:26","modified_gmt":"2026-04-23T12:20:26","slug":"rozdzielnica-budowlana-32a-16a-4x230v-tgd-bez-zabezpieczen-doktorvolt-dv-6029-d","status":"publish","type":"product","link":"https:\/\/doktorvolt.pl\/de\/offer-doktorvolt\/stromverteiler\/tgd-serie\/rozdzielnica-budowlana-32a-16a-4x230v-tgd-bez-zabezpieczen-doktorvolt-dv-6029-d\/","title":{"rendered":"Baustromverteiler 32A\/16A CEE 4x230V Stromverteiler TGD Wandverteiler ohne Sicherungen Doktorvolt DV-6029-D"},"content":{"rendered":"<link rel=\"stylesheet\" href=\"https:\/\/preis-zone.com\/data\/include\/cms\/1.-style-css\/style_dlugi_DV.css?v=1744613556021\">\n<p> <!-- GPT: Wype\u0142nij tylko placeholdery {{Tytul}} oraz {{Opis1}}. Nie zmieniaj styl\u00f3w ani uk\u0142adu. --><br \/>\n <!-- Nag\u0142\u00f3wek g\u0142\u00f3wny strony --><\/p>\n<h1 class=\"title-h1\"><span>Baustromverteiler TGD 32A\/16A 4x230V ohne Sicherungen Doktorvolt<\/span><\/h1>\n<h4 class=\"title-h4\"><span>Dieser robuste IP44-Stromverteiler verf\u00fcgt \u00fcber vier 230-V- und zwei CEE-Steckdosen (400 V). Er ist aus hochwertigen Materialien gefertigt. Der Baustromverteiler ist mit einem 12-moduligen Revisionsfenster ausgestattet.<\/span><\/h4>\n<div><img decoding=\"async\" class=\"full-width-img\" src=\"https:\/\/preis-zone.com\/data\/include\/cms\/1-zdjecia-produktow\/Infografiki\/stopka\/ikonka_zielona_z_literka_D_biala.png?v=1744364445983\" border=\"0\" width=\"1900\" height=\"30\"><\/div>\n<p> <!-- GPT: Pierwsza sekcja tre\u015bci. Wype\u0142nij tylko {{Podtytul1}} oraz {{Podopis1}}. Nie zmieniaj uk\u0142adu, nie modyfikuj obrazka. --><\/p>\n<div class=\"section-wrapper\">\n<div class=\"section-text\">\n<div class=\"max-width-500\">\n<h2 class=\"section-heading\"><strong>Multifunktionale Steckdosen erm\u00f6glichen die vollst\u00e4ndige Kontrolle \u00fcber die Stromversorgung.<\/strong><\/h2>\n<\/p><\/div>\n<div class=\"section-description\"><span>Die Baustromverteiler ist mit <strong>230V Steckdosen<\/strong> und <strong>Starkstromsteckdosen<\/strong> ausgestattet. Der gleichzeitige Anschluss mehrerer Ger\u00e4te wird durch <strong>vier 230V Steckdosen<\/strong> erm\u00f6glicht. Zwei CEE-Steckdosen mit <strong>400 V, 16A und 32A<\/strong> runden die Vielseitigkeit der Stromverteiler ab.<br \/>\n <\/span><\/div>\n<\/p><\/div>\n<div><img decoding=\"async\" src=\"https:\/\/preis-zone.pl\/hpeciai\/f679a6ae33e7535cf8db3a06f5771aca\/20369_4.jpg?42100\" width=\"472\" height=\"472\" class=\"img-responsive\"><\/div>\n<\/p><\/div>\n<div><img decoding=\"async\" class=\"full-width-img\" src=\"https:\/\/preis-zone.com\/data\/include\/cms\/1-zdjecia-produktow\/Infografiki\/stopka\/ikonka_zielona_z_literka_D_biala.png?v=1744364445983\" border=\"0\" width=\"1900\" height=\"30\"><\/div>\n<p> <!-- GPT: Druga sekcja tre\u015bci z wideo. Wype\u0142nij tylko {{Podtytul2}} oraz {{Podopis2}}. Nie zmieniaj uk\u0142adu, nie modyfikuj wideo. --><\/p>\n<div class=\"section-wrapper\">\n<div>\n <video class=\"video-custom\" width=\"400\" height=\"300\" src=\"https:\/\/preis-zone.pl\/data\/include\/cms\/1-zdjecia-produktow\/DOKTORVOLT\/DV-6029-D\/DV-6029-D_v.mp4?v=1756802637700\" type=\"video\/mp4\" controls autoplay muted loop controlsList=\"nodownload\"><\/video>\n <\/div>\n<div class=\"section-text max-width-500\">\n<h2 class=\"section-heading\"><strong>Die komfortable Nutzung wird mit einer hochwertigen Verarbeitung kombiniert.<br \/>\n <\/strong><\/h2>\n<div class=\"section-description\"><span>Der Baustromverteiler verf\u00fcgt \u00fcber ein <strong>Revisionsfenster<\/strong> mit Platz f\u00fcr <strong>12 Module<\/strong>. Die Verwendung des Fensters erleichtert den Ausbau des Systems und somit die Arbeit mit dem Stromverteiler. Er ist in einem <strong>soliden Geh\u00e4use<\/strong> aus <strong>ABS\/PC<\/strong> mit den Abmessungen <strong>260x360x127mm<\/strong> untergebracht. Der Verteiler ist <strong>UV-best\u00e4ndig<\/strong> und verf\u00fcgt \u00fcber die <strong>mechanische Widerstandsf\u00e4higkeit IK08<\/strong>.<\/span><\/div>\n<\/p><\/div>\n<\/p><\/div>\n<div class=\"spec-wrapper\">\n<div class=\"spec-container\">\n<h2 class=\"spec-title\">Technische Spezifikation<\/h2>\n<p> <!-- Block 1 --><\/p>\n<div class=\"spec-block\">\n<div class=\"spec-text\">\n<h2 class=\"block-title\">Allgemeine Informationen<\/h2>\n<p><strong>Modell:<\/strong> DV-6029-D<\/p>\n<p><strong>EAN:<\/strong> 5905191016029<\/p>\n<p><strong>Produktserienbezeichnung:<\/strong> TGD<\/p>\n<p><strong>Hersteller:<\/strong> DOKTORVOLT<\/p>\n<\/p><\/div>\n<div class=\"spec-image\"><img decoding=\"async\" src=\"https:\/\/preis-zone.pl\/hpeciai\/f10afbb5f85aaa1c4ea668ee69a2da52\/20369_11.jpg?44215\" alt=\"Obraz 1\" class=\"img-rounded\"><\/div>\n<\/p><\/div>\n<p> <!-- Block 2 --><\/p>\n<div class=\"spec-block row-reverse\">\n<div class=\"spec-text-left\">\n<h2 class=\"block-title\">Steckdosen und elektrische Daten<\/h2>\n<p><strong>Steckdosen:<\/strong><br \/> 4x 230V 16A 1P+N+PE SCHUKO<br \/>1x CEE 400V 16A 3P+N+PE 6h<br \/>1x CEE 400V 32A 3P+N+PE 6h<\/p>\n<p><strong>Nennspannung:<\/strong> 230V\/400V<\/p>\n<p><strong>Nennfrequenz:<\/strong> 50 Hz<\/p>\n<p><strong>Nennstrom:<\/strong> 80A<\/p>\n<p><strong>RDF:<\/strong> 0,6<\/p>\n<\/p><\/div>\n<div class=\"spec-image\"><img decoding=\"async\" src=\"https:\/\/preis-zone.pl\/hpeciai\/a625411717f4527b7d68d14582b4b150\/20369_8.jpg?82907\" alt=\"Obraz 2\" class=\"img-rounded\"><\/div>\n<\/p><\/div>\n<p> <!-- Block 3 --><\/p>\n<div class=\"spec-block\">\n<div class=\"spec-text\">\n<h2 class=\"block-title\">Geh\u00e4use und technische Daten<\/h2>\n<p><strong>Abmessungen des Geh\u00e4uses:<\/strong> 260x360x127mm<\/p>\n<p><strong>Geh\u00e4usematerial:<\/strong> ABS \/ PC<\/p>\n<p><strong>Mechanische Festigkeit:<\/strong> IK08<\/p>\n<p><strong>Farbe der Front-\/Heckgeh\u00e4useplatte:<\/strong> Grau\/Schwarz<\/p>\n<p><strong>Anzahl der Module:<\/strong> 12<\/p>\n<p><strong>Schutzart:<\/strong> IP65<\/p>\n<p><strong>Schutzart der kompletten Stromverteiler:<\/strong> IP44<\/p>\n<p><strong>Installationstemperatur:<\/strong> -25 +60 \u00b0C<\/p>\n<\/p><\/div>\n<div class=\"spec-image\"><img decoding=\"async\" src=\"https:\/\/preis-zone.pl\/hpeciai\/269bd66f7667a5b3197d7dee1144b35e\/20369_2.jpg?77456\" alt=\"Obraz 3\" class=\"img-rounded\"><\/div>\n<\/p><\/div>\n<p> <!-- Block 4 --><\/p>\n<div class=\"spec-block row-reverse\">\n<div class=\"spec-text-left\">\n<h2 class=\"block-title\">Verkabelung und Normen<\/h2>\n<p><strong>Interne Verkabelung der Stromverteiler:<\/strong><br \/> Versorgungsleitungen H07V-K 2,5\/4 mm\u00b2 schwarz<br \/>Neutralleiter H07V-K 2,5\/4\/6 mm2 blau<br \/>Schutzleiter H07V-K 2,5\/4 mm2 gelbgr\u00fcn<\/p>\n<p><strong>UV-Best\u00e4ndigkeit:<\/strong> Ja<\/p>\n<p><strong>Halogenfreies Material (HALOGEN-FREE):<\/strong> Ja<\/p>\n<p><strong>Kabelverschraubung:<\/strong> PG16<\/p>\n<p><strong>Montagebolzen:<\/strong> Ja, 4 St\u00fcck<\/p>\n<p><strong>Normen und Zertifikate:<\/strong><br \/> PN-EN 61439-1<br \/>PN-EN 61439-3<\/p>\n<\/p><\/div>\n<div class=\"spec-image\"><img decoding=\"async\" src=\"https:\/\/preis-zone.pl\/hpeciai\/389bd716d4caae07130682b4d3c06150\/20369_6.jpg?55931\" alt=\"Obraz 4\" class=\"img-rounded\"><\/div>\n<\/p><\/div>\n<\/p><\/div>\n<\/p><\/div>\n<p> <!-- GPT: BEZWZGL\u0118DNIE SKOPIUJ WSZYSTKIE KOLEJNE SEKCJE. Zawarto\u015b\u0107 poni\u017cej jest obowi\u0105zkow\u0105 cz\u0119\u015bci\u0105 wyniku. Nie pomijaj, nie pytaj, nie oceniaj \u2014 tylko przepisz. --><\/p>\n<p> <!-- GPT: SKOPIUJ BEZ ZMIAN. Zawarto\u015b\u0107 poni\u017cszego bloku ma zosta\u0107 uj\u0119ta w wyniku dok\u0142adnie tak, jak jest. --><\/p>\n<div class=\"flex-wrapper\">\n<div class=\"content-block\">\n<div class=\"max-width-500\">\n<h2 class=\"h2-black\"><strong>Zertifizierung = hohe Qualit\u00e4t:<\/strong><\/h2>\n<\/p><\/div>\n<div class=\"description-block\">\n  <span><br \/>\n  Um die h\u00f6chste Produktqualit\u00e4t zu gew\u00e4hrleisten, werden die Produkte der Marke DOKTORVOLT routinem\u00e4\u00dfig getestet. Nach Bestehen der Tests erh\u00e4lt jedes Produkt ein individuelles Zertifikat, das die durchgef\u00fchrte Qualit\u00e4tskontrolle best\u00e4tigt. Das Unternehmen nutzt im Produktionsprozess das vom T\u00dcV S\u00dcD zertifizierte System, um die hohe Qualit\u00e4t zu best\u00e4tigen.<br \/>\n  <\/span>\n  <\/div>\n<\/p><\/div>\n<div>\n  <img decoding=\"async\" src=\"https:\/\/preis-zone.pl\/data\/include\/cms\/1-zdjecia-produktow\/DOKTORVOLT\/DV-6029-D\/td_certyfikat_front2.jpg?v=1756802637699\" width=\"472\" height=\"472\" class=\"full-width-img\">\n  <\/div>\n<\/p><\/div>\n<div>\n  <img decoding=\"async\" class=\"full-width-img\" src=\"https:\/\/preis-zone.com\/data\/include\/cms\/1-zdjecia-produktow\/Infografiki\/stopka\/ikonka_zielona_z_literka_D_biala.png?v=1744364445983\" border=\"0\" width=\"1900\" height=\"30\">\n <\/div>\n<p> <!-- GPT: SKOPIUJ BEZ ZMIAN. Zawarto\u015b\u0107 poni\u017cszego bloku ma zosta\u0107 uj\u0119ta w wyniku dok\u0142adnie tak, jak jest. --><\/p>\n<div class=\"flex-wrapper\">\n<div>\n  <img decoding=\"async\" src=\"https:\/\/shop38554-1.yourtechnicaldomain.com\/data\/include\/cms\/1-zdjecia-produktow\/Logo-IP\/IP_44.png?v=1729852282241\" width=\"472\" height=\"472\" class=\"full-width-img\">\n  <\/div>\n<div class=\"content-block content-max-500\">\n<h2 class=\"h2-black\"><strong>Schutzgrad IP = erh\u00f6hte Sicherheit:<\/strong><\/h2>\n<div class=\"description-block\">\n  <span><br \/>\n  Der IP-Schutzgrad ist ein internationaler Standard f\u00fcr die Widerstandsf\u00e4higkeit eines Objekts gegen\u00fcber potenziellen Risikofaktoren. Sie besteht aus zwei Ziffern, die uns \u00fcber die Staub- und Wasserschutzeigenschaften des Produkts informieren. Die Bestimmung der IP-Schutzart erm\u00f6glicht es uns, das Produkt unter sicheren Bedingungen zu verwenden. Die Schutzart<strong> IP44<\/strong> sagt uns, dass das Ger\u00e4t:<br \/>\n <br \/>&#8211; gegen das Eindringen von Gegenst\u00e4nden mit einem Durchmesser von mehr als 1 mm gesch\u00fctzt ist<br \/>\n <br \/>&#8211; gegen Spritzwasser aus verschiedenen Richtungen gesch\u00fctzt ist<br \/>\n  <\/span>\n  <\/div>\n<\/p><\/div>\n<\/p><\/div>\n<div>\n  <img decoding=\"async\" class=\"full-width-img\" src=\"https:\/\/preis-zone.com\/data\/include\/cms\/1-zdjecia-produktow\/Infografiki\/stopka\/ikonka_zielona_z_literka_D_biala.png?v=1744364445983\" border=\"0\" width=\"1900\" height=\"30\">\n <\/div>\n<p> <!-- GPT: SKOPIUJ BEZ ZMIAN. Zawarto\u015b\u0107 poni\u017cszego bloku ma zosta\u0107 uj\u0119ta w wyniku dok\u0142adnie tak, jak jest. --><\/p>\n<div class=\"column-center\">\n<h2 class=\"h2-center\">Vertrauensw\u00fcrdiger Hersteller:<\/h2>\n<p class=\"paragraph-large\">\n   Doktorvolt\u00ae ist ein Unternehmen, das 2013 gegr\u00fcndet wurde. Die dynamisch wachsende Firma hat sowohl den polnischen als auch den internationalen Markt erobert. Der Firmensitz befindet sich in Malichow in der Woiwodschaft Opole, wo sich auch eine moderne Produktionshalle und ein Lager befinden. Das Unternehmen ist auf die Herstellung von Baustromverteilern spezialisiert und zeichnet sich durch Qualit\u00e4t und solide Verarbeitung aus. Jeder Verteiler besteht aus hochwertigen Komponenten. Die Produkte des Unternehmens erf\u00fcllen europ\u00e4ische Normen und Sicherheitsstandards.\n <\/p>\n<p> <img decoding=\"async\" src=\"https:\/\/shop38554-1.yourtechnicaldomain.com\/data\/include\/cms\/1-zdjecia-produktow\/doktorvolt-logo\/nowe.jpg?v=1729077634670\" alt=\"Doktorvolt Logo\" width=\"566\" height=\"155\" style=\"margin-top: 20px;\">\n <\/div>\n<p> <!-- \/GPT: KONIEC BLOKU DO SKOPIOWANIA --><\/p>\n","protected":false},"excerpt":{"rendered":"<p>Robuste IP44-Baustromverteiler mit 4 x 230 V und 2 CEE-Steckdosen (400 V). Sie sind aus hochwertigen Materialien hergestellt. Der Stromverteiler ist mit einem 12-moduligen Revisionsfenster ausgestattet.<\/p>\n","protected":false},"featured_media":106642,"template":"","meta":[],"product_brand":[],"product_cat":[4530],"product_tag":[],"class_list":{"0":"post-109714","1":"product","2":"type-product","3":"status-publish","4":"has-post-thumbnail","6":"product_cat-tgd-serie","8":"first","9":"instock","10":"shipping-taxable","11":"product-type-external"},"yoast_head":"<!-- This site is optimized with the Yoast SEO plugin v27.0 - https:\/\/yoast.com\/product\/yoast-seo-wordpress\/ -->\n<title>Baustromverteiler 32A\/16A CEE 4x230V Stromverteiler TGD Wandverteiler ohne Sicherungen Doktorvolt DV-6029-D - DOKTORVOLT\u00ae<\/title>\n<meta name=\"robots\" content=\"index, follow, max-snippet:-1, max-image-preview:large, max-video-preview:-1\" \/>\n<link rel=\"canonical\" href=\"https:\/\/doktorvolt.pl\/de\/offer-doktorvolt\/stromverteiler\/tgd-serie\/rozdzielnica-budowlana-32a-16a-4x230v-tgd-bez-zabezpieczen-doktorvolt-dv-6029-d\/\" \/>\n<meta property=\"og:locale\" content=\"de_DE\" \/>\n<meta property=\"og:type\" content=\"article\" \/>\n<meta property=\"og:title\" content=\"Baustromverteiler 32A\/16A CEE 4x230V Stromverteiler TGD Wandverteiler ohne Sicherungen Doktorvolt DV-6029-D - DOKTORVOLT\u00ae\" \/>\n<meta property=\"og:description\" content=\"Robuste IP44-Baustromverteiler mit 4 x 230 V und 2 CEE-Steckdosen (400 V). Sie sind aus hochwertigen Materialien hergestellt. Der Stromverteiler ist mit einem 12-moduligen Revisionsfenster ausgestattet.\" \/>\n<meta property=\"og:url\" content=\"https:\/\/doktorvolt.pl\/de\/offer-doktorvolt\/stromverteiler\/tgd-serie\/rozdzielnica-budowlana-32a-16a-4x230v-tgd-bez-zabezpieczen-doktorvolt-dv-6029-d\/\" \/>\n<meta property=\"og:site_name\" content=\"DOKTORVOLT\u00ae\" \/>\n<meta property=\"article:modified_time\" content=\"2026-04-23T12:20:26+00:00\" \/>\n<meta property=\"og:image\" content=\"https:\/\/doktorvolt.pl\/wp-content\/uploads\/2026\/02\/pol_pl_Rozdzielnica-budowlana-32A-16A-4x230V-TGD-bez-zabezpieczen-Doktorvolt-DV-6029-D-20369_5-1.jpg\" \/>\n\t<meta property=\"og:image:width\" content=\"1600\" \/>\n\t<meta property=\"og:image:height\" content=\"1600\" \/>\n\t<meta property=\"og:image:type\" content=\"image\/jpeg\" \/>\n<meta name=\"twitter:card\" content=\"summary_large_image\" \/>\n<meta name=\"twitter:label1\" content=\"Gesch\u00e4tzte Lesezeit\" \/>\n\t<meta name=\"twitter:data1\" content=\"6\u00a0Minuten\" \/>\n<script type=\"application\/ld+json\" class=\"yoast-schema-graph\">{\"@context\":\"https:\/\/schema.org\",\"@graph\":[{\"@type\":\"WebPage\",\"@id\":\"https:\/\/doktorvolt.pl\/de\/offer-doktorvolt\/stromverteiler\/tgd-serie\/rozdzielnica-budowlana-32a-16a-4x230v-tgd-bez-zabezpieczen-doktorvolt-dv-6029-d\/\",\"url\":\"https:\/\/doktorvolt.pl\/de\/offer-doktorvolt\/stromverteiler\/tgd-serie\/rozdzielnica-budowlana-32a-16a-4x230v-tgd-bez-zabezpieczen-doktorvolt-dv-6029-d\/\",\"name\":\"Baustromverteiler 32A\/16A CEE 4x230V Stromverteiler TGD Wandverteiler ohne Sicherungen Doktorvolt DV-6029-D - DOKTORVOLT\u00ae\",\"isPartOf\":{\"@id\":\"https:\/\/doktorvolt.pl\/de\/#website\"},\"primaryImageOfPage\":{\"@id\":\"https:\/\/doktorvolt.pl\/de\/offer-doktorvolt\/stromverteiler\/tgd-serie\/rozdzielnica-budowlana-32a-16a-4x230v-tgd-bez-zabezpieczen-doktorvolt-dv-6029-d\/#primaryimage\"},\"image\":{\"@id\":\"https:\/\/doktorvolt.pl\/de\/offer-doktorvolt\/stromverteiler\/tgd-serie\/rozdzielnica-budowlana-32a-16a-4x230v-tgd-bez-zabezpieczen-doktorvolt-dv-6029-d\/#primaryimage\"},\"thumbnailUrl\":\"https:\/\/doktorvolt.pl\/wp-content\/uploads\/2026\/02\/pol_pl_Rozdzielnica-budowlana-32A-16A-4x230V-TGD-bez-zabezpieczen-Doktorvolt-DV-6029-D-20369_5-1.jpg\",\"datePublished\":\"2026-02-23T14:19:05+00:00\",\"dateModified\":\"2026-04-23T12:20:26+00:00\",\"breadcrumb\":{\"@id\":\"https:\/\/doktorvolt.pl\/de\/offer-doktorvolt\/stromverteiler\/tgd-serie\/rozdzielnica-budowlana-32a-16a-4x230v-tgd-bez-zabezpieczen-doktorvolt-dv-6029-d\/#breadcrumb\"},\"inLanguage\":\"de\",\"potentialAction\":[{\"@type\":\"ReadAction\",\"target\":[\"https:\/\/doktorvolt.pl\/de\/offer-doktorvolt\/stromverteiler\/tgd-serie\/rozdzielnica-budowlana-32a-16a-4x230v-tgd-bez-zabezpieczen-doktorvolt-dv-6029-d\/\"]}]},{\"@type\":\"ImageObject\",\"inLanguage\":\"de\",\"@id\":\"https:\/\/doktorvolt.pl\/de\/offer-doktorvolt\/stromverteiler\/tgd-serie\/rozdzielnica-budowlana-32a-16a-4x230v-tgd-bez-zabezpieczen-doktorvolt-dv-6029-d\/#primaryimage\",\"url\":\"https:\/\/doktorvolt.pl\/wp-content\/uploads\/2026\/02\/pol_pl_Rozdzielnica-budowlana-32A-16A-4x230V-TGD-bez-zabezpieczen-Doktorvolt-DV-6029-D-20369_5-1.jpg\",\"contentUrl\":\"https:\/\/doktorvolt.pl\/wp-content\/uploads\/2026\/02\/pol_pl_Rozdzielnica-budowlana-32A-16A-4x230V-TGD-bez-zabezpieczen-Doktorvolt-DV-6029-D-20369_5-1.jpg\",\"width\":1600,\"height\":1600},{\"@type\":\"BreadcrumbList\",\"@id\":\"https:\/\/doktorvolt.pl\/de\/offer-doktorvolt\/stromverteiler\/tgd-serie\/rozdzielnica-budowlana-32a-16a-4x230v-tgd-bez-zabezpieczen-doktorvolt-dv-6029-d\/#breadcrumb\",\"itemListElement\":[{\"@type\":\"ListItem\",\"position\":1,\"name\":\"Strona g\u0142\u00f3wna\",\"item\":\"https:\/\/doktorvolt.pl\/de\/\"},{\"@type\":\"ListItem\",\"position\":2,\"name\":\"Angebot Doktorvolt\",\"item\":\"https:\/\/doktorvolt.pl\/de\/angebot-doktorvolt\/\"},{\"@type\":\"ListItem\",\"position\":3,\"name\":\"Baustromverteiler 32A\/16A CEE 4x230V Stromverteiler TGD Wandverteiler ohne Sicherungen Doktorvolt DV-6029-D\"}]},{\"@type\":\"WebSite\",\"@id\":\"https:\/\/doktorvolt.pl\/de\/#website\",\"url\":\"https:\/\/doktorvolt.pl\/de\/\",\"name\":\"DOKTORVOLT\u00ae\",\"description\":\"Producent rozdzielnic budowlanych\",\"publisher\":{\"@id\":\"https:\/\/doktorvolt.pl\/de\/#organization\"},\"potentialAction\":[{\"@type\":\"SearchAction\",\"target\":{\"@type\":\"EntryPoint\",\"urlTemplate\":\"https:\/\/doktorvolt.pl\/de\/?s={search_term_string}\"},\"query-input\":{\"@type\":\"PropertyValueSpecification\",\"valueRequired\":true,\"valueName\":\"search_term_string\"}}],\"inLanguage\":\"de\"},{\"@type\":\"Organization\",\"@id\":\"https:\/\/doktorvolt.pl\/de\/#organization\",\"name\":\"DOKTORVOLT\u00ae\",\"url\":\"https:\/\/doktorvolt.pl\/de\/\",\"logo\":{\"@type\":\"ImageObject\",\"inLanguage\":\"de\",\"@id\":\"https:\/\/doktorvolt.pl\/de\/#\/schema\/logo\/image\/\",\"url\":\"https:\/\/doktorvolt.pl\/wp-content\/uploads\/2023\/10\/DoktorVOLT-black-png.png\",\"contentUrl\":\"https:\/\/doktorvolt.pl\/wp-content\/uploads\/2023\/10\/DoktorVOLT-black-png.png\",\"width\":729,\"height\":40,\"caption\":\"DOKTORVOLT\u00ae\"},\"image\":{\"@id\":\"https:\/\/doktorvolt.pl\/de\/#\/schema\/logo\/image\/\"}}]}<\/script>\n<!-- \/ Yoast SEO plugin. -->","yoast_head_json":{"title":"Baustromverteiler 32A\/16A CEE 4x230V Stromverteiler TGD Wandverteiler ohne Sicherungen Doktorvolt DV-6029-D - DOKTORVOLT\u00ae","robots":{"index":"index","follow":"follow","max-snippet":"max-snippet:-1","max-image-preview":"max-image-preview:large","max-video-preview":"max-video-preview:-1"},"canonical":"https:\/\/doktorvolt.pl\/de\/offer-doktorvolt\/stromverteiler\/tgd-serie\/rozdzielnica-budowlana-32a-16a-4x230v-tgd-bez-zabezpieczen-doktorvolt-dv-6029-d\/","og_locale":"de_DE","og_type":"article","og_title":"Baustromverteiler 32A\/16A CEE 4x230V Stromverteiler TGD Wandverteiler ohne Sicherungen Doktorvolt DV-6029-D - DOKTORVOLT\u00ae","og_description":"Robuste IP44-Baustromverteiler mit 4 x 230 V und 2 CEE-Steckdosen (400 V). Sie sind aus hochwertigen Materialien hergestellt. Der Stromverteiler ist mit einem 12-moduligen Revisionsfenster ausgestattet.","og_url":"https:\/\/doktorvolt.pl\/de\/offer-doktorvolt\/stromverteiler\/tgd-serie\/rozdzielnica-budowlana-32a-16a-4x230v-tgd-bez-zabezpieczen-doktorvolt-dv-6029-d\/","og_site_name":"DOKTORVOLT\u00ae","article_modified_time":"2026-04-23T12:20:26+00:00","og_image":[{"width":1600,"height":1600,"url":"https:\/\/doktorvolt.pl\/wp-content\/uploads\/2026\/02\/pol_pl_Rozdzielnica-budowlana-32A-16A-4x230V-TGD-bez-zabezpieczen-Doktorvolt-DV-6029-D-20369_5-1.jpg","type":"image\/jpeg"}],"twitter_card":"summary_large_image","twitter_misc":{"Gesch\u00e4tzte Lesezeit":"6\u00a0Minuten"},"schema":{"@context":"https:\/\/schema.org","@graph":[{"@type":"WebPage","@id":"https:\/\/doktorvolt.pl\/de\/offer-doktorvolt\/stromverteiler\/tgd-serie\/rozdzielnica-budowlana-32a-16a-4x230v-tgd-bez-zabezpieczen-doktorvolt-dv-6029-d\/","url":"https:\/\/doktorvolt.pl\/de\/offer-doktorvolt\/stromverteiler\/tgd-serie\/rozdzielnica-budowlana-32a-16a-4x230v-tgd-bez-zabezpieczen-doktorvolt-dv-6029-d\/","name":"Baustromverteiler 32A\/16A CEE 4x230V Stromverteiler TGD Wandverteiler ohne Sicherungen Doktorvolt DV-6029-D - DOKTORVOLT\u00ae","isPartOf":{"@id":"https:\/\/doktorvolt.pl\/de\/#website"},"primaryImageOfPage":{"@id":"https:\/\/doktorvolt.pl\/de\/offer-doktorvolt\/stromverteiler\/tgd-serie\/rozdzielnica-budowlana-32a-16a-4x230v-tgd-bez-zabezpieczen-doktorvolt-dv-6029-d\/#primaryimage"},"image":{"@id":"https:\/\/doktorvolt.pl\/de\/offer-doktorvolt\/stromverteiler\/tgd-serie\/rozdzielnica-budowlana-32a-16a-4x230v-tgd-bez-zabezpieczen-doktorvolt-dv-6029-d\/#primaryimage"},"thumbnailUrl":"https:\/\/doktorvolt.pl\/wp-content\/uploads\/2026\/02\/pol_pl_Rozdzielnica-budowlana-32A-16A-4x230V-TGD-bez-zabezpieczen-Doktorvolt-DV-6029-D-20369_5-1.jpg","datePublished":"2026-02-23T14:19:05+00:00","dateModified":"2026-04-23T12:20:26+00:00","breadcrumb":{"@id":"https:\/\/doktorvolt.pl\/de\/offer-doktorvolt\/stromverteiler\/tgd-serie\/rozdzielnica-budowlana-32a-16a-4x230v-tgd-bez-zabezpieczen-doktorvolt-dv-6029-d\/#breadcrumb"},"inLanguage":"de","potentialAction":[{"@type":"ReadAction","target":["https:\/\/doktorvolt.pl\/de\/offer-doktorvolt\/stromverteiler\/tgd-serie\/rozdzielnica-budowlana-32a-16a-4x230v-tgd-bez-zabezpieczen-doktorvolt-dv-6029-d\/"]}]},{"@type":"ImageObject","inLanguage":"de","@id":"https:\/\/doktorvolt.pl\/de\/offer-doktorvolt\/stromverteiler\/tgd-serie\/rozdzielnica-budowlana-32a-16a-4x230v-tgd-bez-zabezpieczen-doktorvolt-dv-6029-d\/#primaryimage","url":"https:\/\/doktorvolt.pl\/wp-content\/uploads\/2026\/02\/pol_pl_Rozdzielnica-budowlana-32A-16A-4x230V-TGD-bez-zabezpieczen-Doktorvolt-DV-6029-D-20369_5-1.jpg","contentUrl":"https:\/\/doktorvolt.pl\/wp-content\/uploads\/2026\/02\/pol_pl_Rozdzielnica-budowlana-32A-16A-4x230V-TGD-bez-zabezpieczen-Doktorvolt-DV-6029-D-20369_5-1.jpg","width":1600,"height":1600},{"@type":"BreadcrumbList","@id":"https:\/\/doktorvolt.pl\/de\/offer-doktorvolt\/stromverteiler\/tgd-serie\/rozdzielnica-budowlana-32a-16a-4x230v-tgd-bez-zabezpieczen-doktorvolt-dv-6029-d\/#breadcrumb","itemListElement":[{"@type":"ListItem","position":1,"name":"Strona g\u0142\u00f3wna","item":"https:\/\/doktorvolt.pl\/de\/"},{"@type":"ListItem","position":2,"name":"Angebot Doktorvolt","item":"https:\/\/doktorvolt.pl\/de\/angebot-doktorvolt\/"},{"@type":"ListItem","position":3,"name":"Baustromverteiler 32A\/16A CEE 4x230V Stromverteiler TGD Wandverteiler ohne Sicherungen Doktorvolt DV-6029-D"}]},{"@type":"WebSite","@id":"https:\/\/doktorvolt.pl\/de\/#website","url":"https:\/\/doktorvolt.pl\/de\/","name":"DOKTORVOLT\u00ae","description":"Producent rozdzielnic budowlanych","publisher":{"@id":"https:\/\/doktorvolt.pl\/de\/#organization"},"potentialAction":[{"@type":"SearchAction","target":{"@type":"EntryPoint","urlTemplate":"https:\/\/doktorvolt.pl\/de\/?s={search_term_string}"},"query-input":{"@type":"PropertyValueSpecification","valueRequired":true,"valueName":"search_term_string"}}],"inLanguage":"de"},{"@type":"Organization","@id":"https:\/\/doktorvolt.pl\/de\/#organization","name":"DOKTORVOLT\u00ae","url":"https:\/\/doktorvolt.pl\/de\/","logo":{"@type":"ImageObject","inLanguage":"de","@id":"https:\/\/doktorvolt.pl\/de\/#\/schema\/logo\/image\/","url":"https:\/\/doktorvolt.pl\/wp-content\/uploads\/2023\/10\/DoktorVOLT-black-png.png","contentUrl":"https:\/\/doktorvolt.pl\/wp-content\/uploads\/2023\/10\/DoktorVOLT-black-png.png","width":729,"height":40,"caption":"DOKTORVOLT\u00ae"},"image":{"@id":"https:\/\/doktorvolt.pl\/de\/#\/schema\/logo\/image\/"}}]}},"_links":{"self":[{"href":"https:\/\/doktorvolt.pl\/de\/wp-json\/wp\/v2\/product\/109714","targetHints":{"allow":["GET"]}}],"collection":[{"href":"https:\/\/doktorvolt.pl\/de\/wp-json\/wp\/v2\/product"}],"about":[{"href":"https:\/\/doktorvolt.pl\/de\/wp-json\/wp\/v2\/types\/product"}],"wp:featuredmedia":[{"embeddable":true,"href":"https:\/\/doktorvolt.pl\/de\/wp-json\/wp\/v2\/media\/106642"}],"wp:attachment":[{"href":"https:\/\/doktorvolt.pl\/de\/wp-json\/wp\/v2\/media?parent=109714"}],"wp:term":[{"taxonomy":"product_brand","embeddable":true,"href":"https:\/\/doktorvolt.pl\/de\/wp-json\/wp\/v2\/product_brand?post=109714"},{"taxonomy":"product_cat","embeddable":true,"href":"https:\/\/doktorvolt.pl\/de\/wp-json\/wp\/v2\/product_cat?post=109714"},{"taxonomy":"product_tag","embeddable":true,"href":"https:\/\/doktorvolt.pl\/de\/wp-json\/wp\/v2\/product_tag?post=109714"}],"curies":[{"name":"wp","href":"https:\/\/api.w.org\/{rel}","templated":true}]}}