{"id":109716,"date":"2026-02-23T16:18:37","date_gmt":"2026-02-23T14:18:37","guid":{"rendered":"https:\/\/doktorvolt.pl\/sklep\/unkategorisiert\/lampka-sygnalizacyjna-trojfazowa-diody-led-czerwony-zielony-zolty-doktorvolt-dv-5596\/"},"modified":"2026-04-23T14:20:24","modified_gmt":"2026-04-23T12:20:24","slug":"lampka-sygnalizacyjna-trojfazowa-diody-led-czerwony-zielony-zolty-doktorvolt-dv-5596","status":"publish","type":"product","link":"https:\/\/doktorvolt.pl\/de\/offer-doktorvolt\/modulare-geraete\/modulare-zubehoer\/lampka-sygnalizacyjna-trojfazowa-diody-led-czerwony-zielony-zolty-doktorvolt-dv-5596\/","title":{"rendered":"Leuchtmelder LED Dreiphasig 230V\/400V Phasenkontrolle Signalleuchte rot gr\u00fcn gelb Doktorvolt DV-5596"},"content":{"rendered":"<p><!-- Nag\u0142\u00f3wek g\u0142\u00f3wny strony --><\/p>\n<h1 style=\"font-size: 24pt;\">\n  <!-- Tytu\u0142 strony --><br \/>\n  <span style=\"display: inline-block; width: 100%;\">Dreiphasige Signalleuchte mit LEDs<\/span><br \/>\n <\/h1>\n<p> <!-- Kr\u00f3tki opis produktu --><\/p>\n<h4 style=\"font-size: 14pt;\">\n  <span>Diese Signalleuchte aus hochwertigen Materialien dient zur Anzeige der Spannungsversorgung in allen drei Phasen.<\/span><br \/>\n <\/h4>\n<p> <!-- Separator graficzny --><\/p>\n<div>\n  <img decoding=\"async\" style=\"max-width: 100%; margin-bottom: 20px; margin-top: 20px;\"\n  src=\"https:\/\/shop38554-1.yourtechnicaldomain.com\/data\/include\/cms\/1-zdjecia-produktow\/DOKTORVOLT\/DV-4995-EV\/ikonka_zielona_z_literka_D_biala.png?v=1729773346118\"\n  border=\"0\" width=\"1900\" height=\"30\">\n <\/div>\n<p> <!-- G\u0142\u00f3wna sekcja z opisem i obrazem produktu --><\/p>\n<div style=\"display: flex; width: 100%; justify-content: space-between; align-items: center; flex-wrap: wrap; gap: 20px; padding: 30px;\">\n  <!-- Sekcja tekstowa z opisem produktu --><\/p>\n<div style=\"flex: auto; max-width: 550px;\">\n<h2 style=\"font-size: 16pt; padding-bottom: 10px; color: #000 !important; border-bottom: 5px solid #7dd956;\">\n  <strong>Hochwertige Verarbeitung<\/strong><br \/>\n  <\/h2>\n<p style=\"font-size: 14pt; text-align: justify;\">\n  <strong>Dreiphasige Leuchtmelder<\/strong> mit <strong>3 LEDs<\/strong> zur Anzeige des Betriebszustands jeder der drei Phasen. LEDs in den Farben <strong>Rot, Gelb und Gr\u00fcn<\/strong>. Diese L\u00f6sung erm\u00f6glicht eine schnelle und problemlose Beurteilung des Betriebszustands.\n  <\/p>\n<\/p><\/div>\n<p>  <!-- Sekcja z obrazem produktu --><\/p>\n<div style=\"flex: auto; max-width: 472px;\">\n  <img decoding=\"async\" src=\"https:\/\/preis-zone.pl\/hpeciai\/d33fc81b17f31217be2ef23e9b2c17cb\/20355_3.jpg?71259\"\n  width=\"472\" height=\"472\" style=\"max-width: 100%; border-radius: 8px;\">\n  <\/div>\n<\/p><\/div>\n<p> <!-- Separator graficzny --><\/p>\n<div>\n  <img decoding=\"async\" style=\"max-width: 100%; margin-bottom: 20px; margin-top: 20px;\"\n  src=\"https:\/\/shop38554-1.yourtechnicaldomain.com\/data\/include\/cms\/1-zdjecia-produktow\/DOKTORVOLT\/DV-4995-EV\/ikonka_zielona_z_literka_D_biala.png?v=1729773346118\"\n  border=\"0\" width=\"1900\" height=\"30\">\n <\/div>\n<p> <!-- Sekcja video i specyfikacja techniczna --><\/p>\n<div style=\"display: flex; width: 100%; flex-wrap: wrap; justify-content: space-around;\">\n  <!-- Sekcja z video --><\/p>\n<div style=\"flex: auto; max-width: 472px;\">\n <video style=\"max-width=100%; margin-top: 10px; padding-top: 10px;\" width=\"500\" height=\"400\" src=\"https:\/\/preis-zone.pl\/data\/include\/cms\/1-zdjecia-produktow\/DOKTORVOLT\/DV-5596\/DV-5596_v.mp4?v=1755078618666\" type=\"video\/mp4\" controls autoplay muted loop controlsList=\"nodownload\"><\/video>\n <\/div>\n<p>  <!-- Specyfikacja techniczna produktu --><\/p>\n<div style=\"display: flex; flex-direction: column; justify-content: center; align-items: left; padding-left: 50px; padding-right: 50px; padding-top: 30px; max-width: 500px; font-size: 14pt;\">\n<h2 style=\"font-size: 16pt; color: #000 !important; padding-bottom: 10px; border-bottom: 5px solid #7dd956;\">\n  <strong>Technische Spezifikationen<\/strong><br \/>\n  <\/h2>\n<p style=\"margin: 5px;\"><strong>Farbe:<\/strong> wei\u00df<\/p>\n<p style=\"margin: 5px;\"><strong>Montage:<\/strong> DIN-Schiene TH35<\/p>\n<p style=\"margin: 5px;\"><strong>Anzahl der Module:<\/strong> 1<\/p>\n<p style=\"margin: 5px;\"><strong>Leistungsaufnahme [W]:<\/strong> 0.6<\/p>\n<p style=\"margin: 5px;\"><strong>Nennspannung:<\/strong> 230V AC<\/p>\n<p style=\"margin: 5px;\"><strong>Frequenz:<\/strong> 50\/60 Hz <\/p>\n<p style=\"margin: 5px;\"><strong>Art des Anschlusses:<\/strong> Anschlussklemme <\/p>\n<p style=\"margin: 5px;\"><strong>IP-Schutzart:<\/strong> IP20 <\/p>\n<\/p><\/div>\n<\/p><\/div>\n","protected":false},"excerpt":{"rendered":"<p>Diese dreiphasige Signalleuchte mit drei LEDs erm\u00f6glicht eine problemlose Funktionsbewertung. Die LEDs sind in den Farben Rot, Gelb und Gr\u00fcn erh\u00e4ltlich.<\/p>\n","protected":false},"featured_media":106608,"template":"","meta":[],"product_brand":[],"product_cat":[4549],"product_tag":[],"class_list":{"0":"post-109716","1":"product","2":"type-product","3":"status-publish","4":"has-post-thumbnail","6":"product_cat-modulare-zubehoer","8":"first","9":"instock","10":"shipping-taxable","11":"product-type-external"},"yoast_head":"<!-- This site is optimized with the Yoast SEO plugin v27.0 - https:\/\/yoast.com\/product\/yoast-seo-wordpress\/ -->\n<title>Leuchtmelder LED Dreiphasig 230V\/400V Phasenkontrolle Signalleuchte rot gr\u00fcn gelb Doktorvolt DV-5596 - DOKTORVOLT\u00ae<\/title>\n<meta name=\"robots\" content=\"index, follow, max-snippet:-1, max-image-preview:large, max-video-preview:-1\" \/>\n<link rel=\"canonical\" href=\"https:\/\/doktorvolt.pl\/de\/offer-doktorvolt\/modulare-geraete\/modulare-zubehoer\/lampka-sygnalizacyjna-trojfazowa-diody-led-czerwony-zielony-zolty-doktorvolt-dv-5596\/\" \/>\n<meta property=\"og:locale\" content=\"de_DE\" \/>\n<meta property=\"og:type\" content=\"article\" \/>\n<meta property=\"og:title\" content=\"Leuchtmelder LED Dreiphasig 230V\/400V Phasenkontrolle Signalleuchte rot gr\u00fcn gelb Doktorvolt DV-5596 - DOKTORVOLT\u00ae\" \/>\n<meta property=\"og:description\" content=\"Diese dreiphasige Signalleuchte mit drei LEDs erm\u00f6glicht eine problemlose Funktionsbewertung. Die LEDs sind in den Farben Rot, Gelb und Gr\u00fcn erh\u00e4ltlich.\" \/>\n<meta property=\"og:url\" content=\"https:\/\/doktorvolt.pl\/de\/offer-doktorvolt\/modulare-geraete\/modulare-zubehoer\/lampka-sygnalizacyjna-trojfazowa-diody-led-czerwony-zielony-zolty-doktorvolt-dv-5596\/\" \/>\n<meta property=\"og:site_name\" content=\"DOKTORVOLT\u00ae\" \/>\n<meta property=\"article:modified_time\" content=\"2026-04-23T12:20:24+00:00\" \/>\n<meta property=\"og:image\" content=\"https:\/\/doktorvolt.pl\/wp-content\/uploads\/2026\/02\/pol_pl_Lampka-sygnalizacyjna-trojfazowa-diody-LED-czerwony-zielony-zolty-Doktorvolt-DV-5596-20355_3.jpg\" \/>\n\t<meta property=\"og:image:width\" content=\"1600\" \/>\n\t<meta property=\"og:image:height\" content=\"1600\" \/>\n\t<meta property=\"og:image:type\" content=\"image\/jpeg\" \/>\n<meta name=\"twitter:card\" content=\"summary_large_image\" \/>\n<script type=\"application\/ld+json\" class=\"yoast-schema-graph\">{\"@context\":\"https:\/\/schema.org\",\"@graph\":[{\"@type\":\"WebPage\",\"@id\":\"https:\/\/doktorvolt.pl\/de\/offer-doktorvolt\/modulare-geraete\/modulare-zubehoer\/lampka-sygnalizacyjna-trojfazowa-diody-led-czerwony-zielony-zolty-doktorvolt-dv-5596\/\",\"url\":\"https:\/\/doktorvolt.pl\/de\/offer-doktorvolt\/modulare-geraete\/modulare-zubehoer\/lampka-sygnalizacyjna-trojfazowa-diody-led-czerwony-zielony-zolty-doktorvolt-dv-5596\/\",\"name\":\"Leuchtmelder LED Dreiphasig 230V\/400V Phasenkontrolle Signalleuchte rot gr\u00fcn gelb Doktorvolt DV-5596 - DOKTORVOLT\u00ae\",\"isPartOf\":{\"@id\":\"https:\/\/doktorvolt.pl\/de\/#website\"},\"primaryImageOfPage\":{\"@id\":\"https:\/\/doktorvolt.pl\/de\/offer-doktorvolt\/modulare-geraete\/modulare-zubehoer\/lampka-sygnalizacyjna-trojfazowa-diody-led-czerwony-zielony-zolty-doktorvolt-dv-5596\/#primaryimage\"},\"image\":{\"@id\":\"https:\/\/doktorvolt.pl\/de\/offer-doktorvolt\/modulare-geraete\/modulare-zubehoer\/lampka-sygnalizacyjna-trojfazowa-diody-led-czerwony-zielony-zolty-doktorvolt-dv-5596\/#primaryimage\"},\"thumbnailUrl\":\"https:\/\/doktorvolt.pl\/wp-content\/uploads\/2026\/02\/pol_pl_Lampka-sygnalizacyjna-trojfazowa-diody-LED-czerwony-zielony-zolty-Doktorvolt-DV-5596-20355_3.jpg\",\"datePublished\":\"2026-02-23T14:18:37+00:00\",\"dateModified\":\"2026-04-23T12:20:24+00:00\",\"breadcrumb\":{\"@id\":\"https:\/\/doktorvolt.pl\/de\/offer-doktorvolt\/modulare-geraete\/modulare-zubehoer\/lampka-sygnalizacyjna-trojfazowa-diody-led-czerwony-zielony-zolty-doktorvolt-dv-5596\/#breadcrumb\"},\"inLanguage\":\"de\",\"potentialAction\":[{\"@type\":\"ReadAction\",\"target\":[\"https:\/\/doktorvolt.pl\/de\/offer-doktorvolt\/modulare-geraete\/modulare-zubehoer\/lampka-sygnalizacyjna-trojfazowa-diody-led-czerwony-zielony-zolty-doktorvolt-dv-5596\/\"]}]},{\"@type\":\"ImageObject\",\"inLanguage\":\"de\",\"@id\":\"https:\/\/doktorvolt.pl\/de\/offer-doktorvolt\/modulare-geraete\/modulare-zubehoer\/lampka-sygnalizacyjna-trojfazowa-diody-led-czerwony-zielony-zolty-doktorvolt-dv-5596\/#primaryimage\",\"url\":\"https:\/\/doktorvolt.pl\/wp-content\/uploads\/2026\/02\/pol_pl_Lampka-sygnalizacyjna-trojfazowa-diody-LED-czerwony-zielony-zolty-Doktorvolt-DV-5596-20355_3.jpg\",\"contentUrl\":\"https:\/\/doktorvolt.pl\/wp-content\/uploads\/2026\/02\/pol_pl_Lampka-sygnalizacyjna-trojfazowa-diody-LED-czerwony-zielony-zolty-Doktorvolt-DV-5596-20355_3.jpg\",\"width\":1600,\"height\":1600},{\"@type\":\"BreadcrumbList\",\"@id\":\"https:\/\/doktorvolt.pl\/de\/offer-doktorvolt\/modulare-geraete\/modulare-zubehoer\/lampka-sygnalizacyjna-trojfazowa-diody-led-czerwony-zielony-zolty-doktorvolt-dv-5596\/#breadcrumb\",\"itemListElement\":[{\"@type\":\"ListItem\",\"position\":1,\"name\":\"Strona g\u0142\u00f3wna\",\"item\":\"https:\/\/doktorvolt.pl\/de\/\"},{\"@type\":\"ListItem\",\"position\":2,\"name\":\"Angebot Doktorvolt\",\"item\":\"https:\/\/doktorvolt.pl\/de\/angebot-doktorvolt\/\"},{\"@type\":\"ListItem\",\"position\":3,\"name\":\"Leuchtmelder LED Dreiphasig 230V\/400V Phasenkontrolle Signalleuchte rot gr\u00fcn gelb Doktorvolt DV-5596\"}]},{\"@type\":\"WebSite\",\"@id\":\"https:\/\/doktorvolt.pl\/de\/#website\",\"url\":\"https:\/\/doktorvolt.pl\/de\/\",\"name\":\"DOKTORVOLT\u00ae\",\"description\":\"Producent rozdzielnic budowlanych\",\"publisher\":{\"@id\":\"https:\/\/doktorvolt.pl\/de\/#organization\"},\"potentialAction\":[{\"@type\":\"SearchAction\",\"target\":{\"@type\":\"EntryPoint\",\"urlTemplate\":\"https:\/\/doktorvolt.pl\/de\/?s={search_term_string}\"},\"query-input\":{\"@type\":\"PropertyValueSpecification\",\"valueRequired\":true,\"valueName\":\"search_term_string\"}}],\"inLanguage\":\"de\"},{\"@type\":\"Organization\",\"@id\":\"https:\/\/doktorvolt.pl\/de\/#organization\",\"name\":\"DOKTORVOLT\u00ae\",\"url\":\"https:\/\/doktorvolt.pl\/de\/\",\"logo\":{\"@type\":\"ImageObject\",\"inLanguage\":\"de\",\"@id\":\"https:\/\/doktorvolt.pl\/de\/#\/schema\/logo\/image\/\",\"url\":\"https:\/\/doktorvolt.pl\/wp-content\/uploads\/2023\/10\/DoktorVOLT-black-png.png\",\"contentUrl\":\"https:\/\/doktorvolt.pl\/wp-content\/uploads\/2023\/10\/DoktorVOLT-black-png.png\",\"width\":729,\"height\":40,\"caption\":\"DOKTORVOLT\u00ae\"},\"image\":{\"@id\":\"https:\/\/doktorvolt.pl\/de\/#\/schema\/logo\/image\/\"}}]}<\/script>\n<!-- \/ Yoast SEO plugin. -->","yoast_head_json":{"title":"Leuchtmelder LED Dreiphasig 230V\/400V Phasenkontrolle Signalleuchte rot gr\u00fcn gelb Doktorvolt DV-5596 - DOKTORVOLT\u00ae","robots":{"index":"index","follow":"follow","max-snippet":"max-snippet:-1","max-image-preview":"max-image-preview:large","max-video-preview":"max-video-preview:-1"},"canonical":"https:\/\/doktorvolt.pl\/de\/offer-doktorvolt\/modulare-geraete\/modulare-zubehoer\/lampka-sygnalizacyjna-trojfazowa-diody-led-czerwony-zielony-zolty-doktorvolt-dv-5596\/","og_locale":"de_DE","og_type":"article","og_title":"Leuchtmelder LED Dreiphasig 230V\/400V Phasenkontrolle Signalleuchte rot gr\u00fcn gelb Doktorvolt DV-5596 - DOKTORVOLT\u00ae","og_description":"Diese dreiphasige Signalleuchte mit drei LEDs erm\u00f6glicht eine problemlose Funktionsbewertung. Die LEDs sind in den Farben Rot, Gelb und Gr\u00fcn erh\u00e4ltlich.","og_url":"https:\/\/doktorvolt.pl\/de\/offer-doktorvolt\/modulare-geraete\/modulare-zubehoer\/lampka-sygnalizacyjna-trojfazowa-diody-led-czerwony-zielony-zolty-doktorvolt-dv-5596\/","og_site_name":"DOKTORVOLT\u00ae","article_modified_time":"2026-04-23T12:20:24+00:00","og_image":[{"width":1600,"height":1600,"url":"https:\/\/doktorvolt.pl\/wp-content\/uploads\/2026\/02\/pol_pl_Lampka-sygnalizacyjna-trojfazowa-diody-LED-czerwony-zielony-zolty-Doktorvolt-DV-5596-20355_3.jpg","type":"image\/jpeg"}],"twitter_card":"summary_large_image","schema":{"@context":"https:\/\/schema.org","@graph":[{"@type":"WebPage","@id":"https:\/\/doktorvolt.pl\/de\/offer-doktorvolt\/modulare-geraete\/modulare-zubehoer\/lampka-sygnalizacyjna-trojfazowa-diody-led-czerwony-zielony-zolty-doktorvolt-dv-5596\/","url":"https:\/\/doktorvolt.pl\/de\/offer-doktorvolt\/modulare-geraete\/modulare-zubehoer\/lampka-sygnalizacyjna-trojfazowa-diody-led-czerwony-zielony-zolty-doktorvolt-dv-5596\/","name":"Leuchtmelder LED Dreiphasig 230V\/400V Phasenkontrolle Signalleuchte rot gr\u00fcn gelb Doktorvolt DV-5596 - DOKTORVOLT\u00ae","isPartOf":{"@id":"https:\/\/doktorvolt.pl\/de\/#website"},"primaryImageOfPage":{"@id":"https:\/\/doktorvolt.pl\/de\/offer-doktorvolt\/modulare-geraete\/modulare-zubehoer\/lampka-sygnalizacyjna-trojfazowa-diody-led-czerwony-zielony-zolty-doktorvolt-dv-5596\/#primaryimage"},"image":{"@id":"https:\/\/doktorvolt.pl\/de\/offer-doktorvolt\/modulare-geraete\/modulare-zubehoer\/lampka-sygnalizacyjna-trojfazowa-diody-led-czerwony-zielony-zolty-doktorvolt-dv-5596\/#primaryimage"},"thumbnailUrl":"https:\/\/doktorvolt.pl\/wp-content\/uploads\/2026\/02\/pol_pl_Lampka-sygnalizacyjna-trojfazowa-diody-LED-czerwony-zielony-zolty-Doktorvolt-DV-5596-20355_3.jpg","datePublished":"2026-02-23T14:18:37+00:00","dateModified":"2026-04-23T12:20:24+00:00","breadcrumb":{"@id":"https:\/\/doktorvolt.pl\/de\/offer-doktorvolt\/modulare-geraete\/modulare-zubehoer\/lampka-sygnalizacyjna-trojfazowa-diody-led-czerwony-zielony-zolty-doktorvolt-dv-5596\/#breadcrumb"},"inLanguage":"de","potentialAction":[{"@type":"ReadAction","target":["https:\/\/doktorvolt.pl\/de\/offer-doktorvolt\/modulare-geraete\/modulare-zubehoer\/lampka-sygnalizacyjna-trojfazowa-diody-led-czerwony-zielony-zolty-doktorvolt-dv-5596\/"]}]},{"@type":"ImageObject","inLanguage":"de","@id":"https:\/\/doktorvolt.pl\/de\/offer-doktorvolt\/modulare-geraete\/modulare-zubehoer\/lampka-sygnalizacyjna-trojfazowa-diody-led-czerwony-zielony-zolty-doktorvolt-dv-5596\/#primaryimage","url":"https:\/\/doktorvolt.pl\/wp-content\/uploads\/2026\/02\/pol_pl_Lampka-sygnalizacyjna-trojfazowa-diody-LED-czerwony-zielony-zolty-Doktorvolt-DV-5596-20355_3.jpg","contentUrl":"https:\/\/doktorvolt.pl\/wp-content\/uploads\/2026\/02\/pol_pl_Lampka-sygnalizacyjna-trojfazowa-diody-LED-czerwony-zielony-zolty-Doktorvolt-DV-5596-20355_3.jpg","width":1600,"height":1600},{"@type":"BreadcrumbList","@id":"https:\/\/doktorvolt.pl\/de\/offer-doktorvolt\/modulare-geraete\/modulare-zubehoer\/lampka-sygnalizacyjna-trojfazowa-diody-led-czerwony-zielony-zolty-doktorvolt-dv-5596\/#breadcrumb","itemListElement":[{"@type":"ListItem","position":1,"name":"Strona g\u0142\u00f3wna","item":"https:\/\/doktorvolt.pl\/de\/"},{"@type":"ListItem","position":2,"name":"Angebot Doktorvolt","item":"https:\/\/doktorvolt.pl\/de\/angebot-doktorvolt\/"},{"@type":"ListItem","position":3,"name":"Leuchtmelder LED Dreiphasig 230V\/400V Phasenkontrolle Signalleuchte rot gr\u00fcn gelb Doktorvolt DV-5596"}]},{"@type":"WebSite","@id":"https:\/\/doktorvolt.pl\/de\/#website","url":"https:\/\/doktorvolt.pl\/de\/","name":"DOKTORVOLT\u00ae","description":"Producent rozdzielnic budowlanych","publisher":{"@id":"https:\/\/doktorvolt.pl\/de\/#organization"},"potentialAction":[{"@type":"SearchAction","target":{"@type":"EntryPoint","urlTemplate":"https:\/\/doktorvolt.pl\/de\/?s={search_term_string}"},"query-input":{"@type":"PropertyValueSpecification","valueRequired":true,"valueName":"search_term_string"}}],"inLanguage":"de"},{"@type":"Organization","@id":"https:\/\/doktorvolt.pl\/de\/#organization","name":"DOKTORVOLT\u00ae","url":"https:\/\/doktorvolt.pl\/de\/","logo":{"@type":"ImageObject","inLanguage":"de","@id":"https:\/\/doktorvolt.pl\/de\/#\/schema\/logo\/image\/","url":"https:\/\/doktorvolt.pl\/wp-content\/uploads\/2023\/10\/DoktorVOLT-black-png.png","contentUrl":"https:\/\/doktorvolt.pl\/wp-content\/uploads\/2023\/10\/DoktorVOLT-black-png.png","width":729,"height":40,"caption":"DOKTORVOLT\u00ae"},"image":{"@id":"https:\/\/doktorvolt.pl\/de\/#\/schema\/logo\/image\/"}}]}},"_links":{"self":[{"href":"https:\/\/doktorvolt.pl\/de\/wp-json\/wp\/v2\/product\/109716","targetHints":{"allow":["GET"]}}],"collection":[{"href":"https:\/\/doktorvolt.pl\/de\/wp-json\/wp\/v2\/product"}],"about":[{"href":"https:\/\/doktorvolt.pl\/de\/wp-json\/wp\/v2\/types\/product"}],"wp:featuredmedia":[{"embeddable":true,"href":"https:\/\/doktorvolt.pl\/de\/wp-json\/wp\/v2\/media\/106608"}],"wp:attachment":[{"href":"https:\/\/doktorvolt.pl\/de\/wp-json\/wp\/v2\/media?parent=109716"}],"wp:term":[{"taxonomy":"product_brand","embeddable":true,"href":"https:\/\/doktorvolt.pl\/de\/wp-json\/wp\/v2\/product_brand?post=109716"},{"taxonomy":"product_cat","embeddable":true,"href":"https:\/\/doktorvolt.pl\/de\/wp-json\/wp\/v2\/product_cat?post=109716"},{"taxonomy":"product_tag","embeddable":true,"href":"https:\/\/doktorvolt.pl\/de\/wp-json\/wp\/v2\/product_tag?post=109716"}],"curies":[{"name":"wp","href":"https:\/\/api.w.org\/{rel}","templated":true}]}}