{"id":109717,"date":"2026-02-23T16:18:24","date_gmt":"2026-02-23T14:18:24","guid":{"rendered":"https:\/\/doktorvolt.pl\/sklep\/unkategorisiert\/rozdzielnica-budowlana-6x230v-kompaktowa-erbetka-hermetyczna-ip54-typ-e-niezabezpieczona-skrzynka-doktorvolt-dv-0171-f\/"},"modified":"2026-02-27T09:39:16","modified_gmt":"2026-02-27T07:39:16","slug":"rozdzielnica-budowlana-6x230v-kompaktowa-erbetka-hermetyczna-ip54-typ-e-niezabezpieczona-skrzynka-doktorvolt-dv-0171-f","status":"publish","type":"product","link":"https:\/\/doktorvolt.pl\/de\/oferta-doktorvolt\/stromverteiler\/fred-serie\/rozdzielnica-budowlana-6x230v-kompaktowa-erbetka-hermetyczna-ip54-typ-e-niezabezpieczona-skrzynka-doktorvolt-dv-0171-f\/","title":{"rendered":"Baustromverteiler 16A 6x230V kompakt Stromverteiler hermetisch IP54 Schuko ohne Sicherungen Doktorvolt DV-0171-F"},"content":{"rendered":"<p>Hermetischer Baustromverteiler DOKTORVOLT WDD 16A IP54 mit 6x230V Steckdosen. UV-best\u00e4ndiges Geh\u00e4use. Zertifiziert nach CE, T\u00dcV, IEC 61439. Ideal f\u00fcr Baustelle, Industrie und Au\u00dfenmontage geeignet<\/p>\n","protected":false},"excerpt":{"rendered":"<p>Hermetischer Baustromverteiler DOKTORVOLT WDD 16A IP54 mit 6x230V Steckdosen. UV-best\u00e4ndiges Geh\u00e4use. Zertifiziert nach CE, T\u00dcV, IEC 61439. Ideal f\u00fcr Baustelle, Industrie und Au\u00dfenmontage geeignet<\/p>\n","protected":false},"featured_media":106591,"template":"","meta":[],"product_brand":[],"product_cat":[4518],"product_tag":[],"class_list":{"0":"post-109717","1":"product","2":"type-product","3":"status-publish","4":"has-post-thumbnail","6":"product_cat-fred-serie","7":"pa_material-obudowy-kunststoff","8":"pa_typ-gniazd-typ-e-z-bolcem-uziemiajacym","9":"pa_zabezpieczenie-bez-zabezpieczen","11":"first","12":"instock","13":"shipping-taxable","14":"product-type-external"},"yoast_head":"<!-- This site is optimized with the Yoast SEO plugin v27.0 - https:\/\/yoast.com\/product\/yoast-seo-wordpress\/ -->\n<title>Baustromverteiler 16A 6x230V kompakt Stromverteiler hermetisch IP54 Schuko ohne Sicherungen Doktorvolt DV-0171-F - DOKTORVOLT\u00ae<\/title>\n<meta name=\"robots\" content=\"index, follow, max-snippet:-1, max-image-preview:large, max-video-preview:-1\" \/>\n<link rel=\"canonical\" href=\"https:\/\/doktorvolt.pl\/de\/oferta-doktorvolt\/stromverteiler\/fred-serie\/rozdzielnica-budowlana-6x230v-kompaktowa-erbetka-hermetyczna-ip54-typ-e-niezabezpieczona-skrzynka-doktorvolt-dv-0171-f\/\" \/>\n<meta property=\"og:locale\" content=\"de_DE\" \/>\n<meta property=\"og:type\" content=\"article\" \/>\n<meta property=\"og:title\" content=\"Baustromverteiler 16A 6x230V kompakt Stromverteiler hermetisch IP54 Schuko ohne Sicherungen Doktorvolt DV-0171-F - DOKTORVOLT\u00ae\" \/>\n<meta property=\"og:description\" content=\"Hermetischer Baustromverteiler DOKTORVOLT WDD 16A IP54 mit 6x230V Steckdosen. UV-best\u00e4ndiges Geh\u00e4use. Zertifiziert nach CE, T\u00dcV, IEC 61439. Ideal f\u00fcr Baustelle, Industrie und Au\u00dfenmontage geeignet\" \/>\n<meta property=\"og:url\" content=\"https:\/\/doktorvolt.pl\/de\/oferta-doktorvolt\/stromverteiler\/fred-serie\/rozdzielnica-budowlana-6x230v-kompaktowa-erbetka-hermetyczna-ip54-typ-e-niezabezpieczona-skrzynka-doktorvolt-dv-0171-f\/\" \/>\n<meta property=\"og:site_name\" content=\"DOKTORVOLT\u00ae\" \/>\n<meta property=\"article:modified_time\" content=\"2026-02-27T07:39:16+00:00\" \/>\n<meta property=\"og:image\" content=\"https:\/\/doktorvolt.pl\/wp-content\/uploads\/2026\/02\/pol_pl_Rozdzielnica-budowlana-6x230V-kompaktowa-erbetka-hermetyczna-IP54-typ-E-niezabezpieczona-skrzynka-Doktorvolt-DV-0171-F-19996_3.jpg\" \/>\n\t<meta property=\"og:image:width\" content=\"1600\" \/>\n\t<meta property=\"og:image:height\" content=\"1600\" \/>\n\t<meta property=\"og:image:type\" content=\"image\/jpeg\" \/>\n<meta name=\"twitter:card\" content=\"summary_large_image\" \/>\n<script type=\"application\/ld+json\" class=\"yoast-schema-graph\">{\"@context\":\"https:\/\/schema.org\",\"@graph\":[{\"@type\":\"WebPage\",\"@id\":\"https:\/\/doktorvolt.pl\/de\/oferta-doktorvolt\/stromverteiler\/fred-serie\/rozdzielnica-budowlana-6x230v-kompaktowa-erbetka-hermetyczna-ip54-typ-e-niezabezpieczona-skrzynka-doktorvolt-dv-0171-f\/\",\"url\":\"https:\/\/doktorvolt.pl\/de\/oferta-doktorvolt\/stromverteiler\/fred-serie\/rozdzielnica-budowlana-6x230v-kompaktowa-erbetka-hermetyczna-ip54-typ-e-niezabezpieczona-skrzynka-doktorvolt-dv-0171-f\/\",\"name\":\"Baustromverteiler 16A 6x230V kompakt Stromverteiler hermetisch IP54 Schuko ohne Sicherungen Doktorvolt DV-0171-F - DOKTORVOLT\u00ae\",\"isPartOf\":{\"@id\":\"https:\/\/doktorvolt.pl\/de\/#website\"},\"primaryImageOfPage\":{\"@id\":\"https:\/\/doktorvolt.pl\/de\/oferta-doktorvolt\/stromverteiler\/fred-serie\/rozdzielnica-budowlana-6x230v-kompaktowa-erbetka-hermetyczna-ip54-typ-e-niezabezpieczona-skrzynka-doktorvolt-dv-0171-f\/#primaryimage\"},\"image\":{\"@id\":\"https:\/\/doktorvolt.pl\/de\/oferta-doktorvolt\/stromverteiler\/fred-serie\/rozdzielnica-budowlana-6x230v-kompaktowa-erbetka-hermetyczna-ip54-typ-e-niezabezpieczona-skrzynka-doktorvolt-dv-0171-f\/#primaryimage\"},\"thumbnailUrl\":\"https:\/\/doktorvolt.pl\/wp-content\/uploads\/2026\/02\/pol_pl_Rozdzielnica-budowlana-6x230V-kompaktowa-erbetka-hermetyczna-IP54-typ-E-niezabezpieczona-skrzynka-Doktorvolt-DV-0171-F-19996_3.jpg\",\"datePublished\":\"2026-02-23T14:18:24+00:00\",\"dateModified\":\"2026-02-27T07:39:16+00:00\",\"breadcrumb\":{\"@id\":\"https:\/\/doktorvolt.pl\/de\/oferta-doktorvolt\/stromverteiler\/fred-serie\/rozdzielnica-budowlana-6x230v-kompaktowa-erbetka-hermetyczna-ip54-typ-e-niezabezpieczona-skrzynka-doktorvolt-dv-0171-f\/#breadcrumb\"},\"inLanguage\":\"de\",\"potentialAction\":[{\"@type\":\"ReadAction\",\"target\":[\"https:\/\/doktorvolt.pl\/de\/oferta-doktorvolt\/stromverteiler\/fred-serie\/rozdzielnica-budowlana-6x230v-kompaktowa-erbetka-hermetyczna-ip54-typ-e-niezabezpieczona-skrzynka-doktorvolt-dv-0171-f\/\"]}]},{\"@type\":\"ImageObject\",\"inLanguage\":\"de\",\"@id\":\"https:\/\/doktorvolt.pl\/de\/oferta-doktorvolt\/stromverteiler\/fred-serie\/rozdzielnica-budowlana-6x230v-kompaktowa-erbetka-hermetyczna-ip54-typ-e-niezabezpieczona-skrzynka-doktorvolt-dv-0171-f\/#primaryimage\",\"url\":\"https:\/\/doktorvolt.pl\/wp-content\/uploads\/2026\/02\/pol_pl_Rozdzielnica-budowlana-6x230V-kompaktowa-erbetka-hermetyczna-IP54-typ-E-niezabezpieczona-skrzynka-Doktorvolt-DV-0171-F-19996_3.jpg\",\"contentUrl\":\"https:\/\/doktorvolt.pl\/wp-content\/uploads\/2026\/02\/pol_pl_Rozdzielnica-budowlana-6x230V-kompaktowa-erbetka-hermetyczna-IP54-typ-E-niezabezpieczona-skrzynka-Doktorvolt-DV-0171-F-19996_3.jpg\",\"width\":1600,\"height\":1600},{\"@type\":\"BreadcrumbList\",\"@id\":\"https:\/\/doktorvolt.pl\/de\/oferta-doktorvolt\/stromverteiler\/fred-serie\/rozdzielnica-budowlana-6x230v-kompaktowa-erbetka-hermetyczna-ip54-typ-e-niezabezpieczona-skrzynka-doktorvolt-dv-0171-f\/#breadcrumb\",\"itemListElement\":[{\"@type\":\"ListItem\",\"position\":1,\"name\":\"Strona g\u0142\u00f3wna\",\"item\":\"https:\/\/doktorvolt.pl\/de\/\"},{\"@type\":\"ListItem\",\"position\":2,\"name\":\"Angebot Doktorvolt\",\"item\":\"https:\/\/doktorvolt.pl\/de\/angebot-doktorvolt\/\"},{\"@type\":\"ListItem\",\"position\":3,\"name\":\"Baustromverteiler 16A 6x230V kompakt Stromverteiler hermetisch IP54 Schuko ohne Sicherungen Doktorvolt DV-0171-F\"}]},{\"@type\":\"WebSite\",\"@id\":\"https:\/\/doktorvolt.pl\/de\/#website\",\"url\":\"https:\/\/doktorvolt.pl\/de\/\",\"name\":\"DOKTORVOLT\u00ae\",\"description\":\"Producent rozdzielnic budowlanych\",\"publisher\":{\"@id\":\"https:\/\/doktorvolt.pl\/de\/#organization\"},\"potentialAction\":[{\"@type\":\"SearchAction\",\"target\":{\"@type\":\"EntryPoint\",\"urlTemplate\":\"https:\/\/doktorvolt.pl\/de\/?s={search_term_string}\"},\"query-input\":{\"@type\":\"PropertyValueSpecification\",\"valueRequired\":true,\"valueName\":\"search_term_string\"}}],\"inLanguage\":\"de\"},{\"@type\":\"Organization\",\"@id\":\"https:\/\/doktorvolt.pl\/de\/#organization\",\"name\":\"DOKTORVOLT\u00ae\",\"url\":\"https:\/\/doktorvolt.pl\/de\/\",\"logo\":{\"@type\":\"ImageObject\",\"inLanguage\":\"de\",\"@id\":\"https:\/\/doktorvolt.pl\/de\/#\/schema\/logo\/image\/\",\"url\":\"https:\/\/doktorvolt.pl\/wp-content\/uploads\/2023\/10\/DoktorVOLT-black-png.png\",\"contentUrl\":\"https:\/\/doktorvolt.pl\/wp-content\/uploads\/2023\/10\/DoktorVOLT-black-png.png\",\"width\":729,\"height\":40,\"caption\":\"DOKTORVOLT\u00ae\"},\"image\":{\"@id\":\"https:\/\/doktorvolt.pl\/de\/#\/schema\/logo\/image\/\"}}]}<\/script>\n<!-- \/ Yoast SEO plugin. -->","yoast_head_json":{"title":"Baustromverteiler 16A 6x230V kompakt Stromverteiler hermetisch IP54 Schuko ohne Sicherungen Doktorvolt DV-0171-F - DOKTORVOLT\u00ae","robots":{"index":"index","follow":"follow","max-snippet":"max-snippet:-1","max-image-preview":"max-image-preview:large","max-video-preview":"max-video-preview:-1"},"canonical":"https:\/\/doktorvolt.pl\/de\/oferta-doktorvolt\/stromverteiler\/fred-serie\/rozdzielnica-budowlana-6x230v-kompaktowa-erbetka-hermetyczna-ip54-typ-e-niezabezpieczona-skrzynka-doktorvolt-dv-0171-f\/","og_locale":"de_DE","og_type":"article","og_title":"Baustromverteiler 16A 6x230V kompakt Stromverteiler hermetisch IP54 Schuko ohne Sicherungen Doktorvolt DV-0171-F - DOKTORVOLT\u00ae","og_description":"Hermetischer Baustromverteiler DOKTORVOLT WDD 16A IP54 mit 6x230V Steckdosen. UV-best\u00e4ndiges Geh\u00e4use. Zertifiziert nach CE, T\u00dcV, IEC 61439. Ideal f\u00fcr Baustelle, Industrie und Au\u00dfenmontage geeignet","og_url":"https:\/\/doktorvolt.pl\/de\/oferta-doktorvolt\/stromverteiler\/fred-serie\/rozdzielnica-budowlana-6x230v-kompaktowa-erbetka-hermetyczna-ip54-typ-e-niezabezpieczona-skrzynka-doktorvolt-dv-0171-f\/","og_site_name":"DOKTORVOLT\u00ae","article_modified_time":"2026-02-27T07:39:16+00:00","og_image":[{"width":1600,"height":1600,"url":"https:\/\/doktorvolt.pl\/wp-content\/uploads\/2026\/02\/pol_pl_Rozdzielnica-budowlana-6x230V-kompaktowa-erbetka-hermetyczna-IP54-typ-E-niezabezpieczona-skrzynka-Doktorvolt-DV-0171-F-19996_3.jpg","type":"image\/jpeg"}],"twitter_card":"summary_large_image","schema":{"@context":"https:\/\/schema.org","@graph":[{"@type":"WebPage","@id":"https:\/\/doktorvolt.pl\/de\/oferta-doktorvolt\/stromverteiler\/fred-serie\/rozdzielnica-budowlana-6x230v-kompaktowa-erbetka-hermetyczna-ip54-typ-e-niezabezpieczona-skrzynka-doktorvolt-dv-0171-f\/","url":"https:\/\/doktorvolt.pl\/de\/oferta-doktorvolt\/stromverteiler\/fred-serie\/rozdzielnica-budowlana-6x230v-kompaktowa-erbetka-hermetyczna-ip54-typ-e-niezabezpieczona-skrzynka-doktorvolt-dv-0171-f\/","name":"Baustromverteiler 16A 6x230V kompakt Stromverteiler hermetisch IP54 Schuko ohne Sicherungen Doktorvolt DV-0171-F - DOKTORVOLT\u00ae","isPartOf":{"@id":"https:\/\/doktorvolt.pl\/de\/#website"},"primaryImageOfPage":{"@id":"https:\/\/doktorvolt.pl\/de\/oferta-doktorvolt\/stromverteiler\/fred-serie\/rozdzielnica-budowlana-6x230v-kompaktowa-erbetka-hermetyczna-ip54-typ-e-niezabezpieczona-skrzynka-doktorvolt-dv-0171-f\/#primaryimage"},"image":{"@id":"https:\/\/doktorvolt.pl\/de\/oferta-doktorvolt\/stromverteiler\/fred-serie\/rozdzielnica-budowlana-6x230v-kompaktowa-erbetka-hermetyczna-ip54-typ-e-niezabezpieczona-skrzynka-doktorvolt-dv-0171-f\/#primaryimage"},"thumbnailUrl":"https:\/\/doktorvolt.pl\/wp-content\/uploads\/2026\/02\/pol_pl_Rozdzielnica-budowlana-6x230V-kompaktowa-erbetka-hermetyczna-IP54-typ-E-niezabezpieczona-skrzynka-Doktorvolt-DV-0171-F-19996_3.jpg","datePublished":"2026-02-23T14:18:24+00:00","dateModified":"2026-02-27T07:39:16+00:00","breadcrumb":{"@id":"https:\/\/doktorvolt.pl\/de\/oferta-doktorvolt\/stromverteiler\/fred-serie\/rozdzielnica-budowlana-6x230v-kompaktowa-erbetka-hermetyczna-ip54-typ-e-niezabezpieczona-skrzynka-doktorvolt-dv-0171-f\/#breadcrumb"},"inLanguage":"de","potentialAction":[{"@type":"ReadAction","target":["https:\/\/doktorvolt.pl\/de\/oferta-doktorvolt\/stromverteiler\/fred-serie\/rozdzielnica-budowlana-6x230v-kompaktowa-erbetka-hermetyczna-ip54-typ-e-niezabezpieczona-skrzynka-doktorvolt-dv-0171-f\/"]}]},{"@type":"ImageObject","inLanguage":"de","@id":"https:\/\/doktorvolt.pl\/de\/oferta-doktorvolt\/stromverteiler\/fred-serie\/rozdzielnica-budowlana-6x230v-kompaktowa-erbetka-hermetyczna-ip54-typ-e-niezabezpieczona-skrzynka-doktorvolt-dv-0171-f\/#primaryimage","url":"https:\/\/doktorvolt.pl\/wp-content\/uploads\/2026\/02\/pol_pl_Rozdzielnica-budowlana-6x230V-kompaktowa-erbetka-hermetyczna-IP54-typ-E-niezabezpieczona-skrzynka-Doktorvolt-DV-0171-F-19996_3.jpg","contentUrl":"https:\/\/doktorvolt.pl\/wp-content\/uploads\/2026\/02\/pol_pl_Rozdzielnica-budowlana-6x230V-kompaktowa-erbetka-hermetyczna-IP54-typ-E-niezabezpieczona-skrzynka-Doktorvolt-DV-0171-F-19996_3.jpg","width":1600,"height":1600},{"@type":"BreadcrumbList","@id":"https:\/\/doktorvolt.pl\/de\/oferta-doktorvolt\/stromverteiler\/fred-serie\/rozdzielnica-budowlana-6x230v-kompaktowa-erbetka-hermetyczna-ip54-typ-e-niezabezpieczona-skrzynka-doktorvolt-dv-0171-f\/#breadcrumb","itemListElement":[{"@type":"ListItem","position":1,"name":"Strona g\u0142\u00f3wna","item":"https:\/\/doktorvolt.pl\/de\/"},{"@type":"ListItem","position":2,"name":"Angebot Doktorvolt","item":"https:\/\/doktorvolt.pl\/de\/angebot-doktorvolt\/"},{"@type":"ListItem","position":3,"name":"Baustromverteiler 16A 6x230V kompakt Stromverteiler hermetisch IP54 Schuko ohne Sicherungen Doktorvolt DV-0171-F"}]},{"@type":"WebSite","@id":"https:\/\/doktorvolt.pl\/de\/#website","url":"https:\/\/doktorvolt.pl\/de\/","name":"DOKTORVOLT\u00ae","description":"Producent rozdzielnic budowlanych","publisher":{"@id":"https:\/\/doktorvolt.pl\/de\/#organization"},"potentialAction":[{"@type":"SearchAction","target":{"@type":"EntryPoint","urlTemplate":"https:\/\/doktorvolt.pl\/de\/?s={search_term_string}"},"query-input":{"@type":"PropertyValueSpecification","valueRequired":true,"valueName":"search_term_string"}}],"inLanguage":"de"},{"@type":"Organization","@id":"https:\/\/doktorvolt.pl\/de\/#organization","name":"DOKTORVOLT\u00ae","url":"https:\/\/doktorvolt.pl\/de\/","logo":{"@type":"ImageObject","inLanguage":"de","@id":"https:\/\/doktorvolt.pl\/de\/#\/schema\/logo\/image\/","url":"https:\/\/doktorvolt.pl\/wp-content\/uploads\/2023\/10\/DoktorVOLT-black-png.png","contentUrl":"https:\/\/doktorvolt.pl\/wp-content\/uploads\/2023\/10\/DoktorVOLT-black-png.png","width":729,"height":40,"caption":"DOKTORVOLT\u00ae"},"image":{"@id":"https:\/\/doktorvolt.pl\/de\/#\/schema\/logo\/image\/"}}]}},"_links":{"self":[{"href":"https:\/\/doktorvolt.pl\/de\/wp-json\/wp\/v2\/product\/109717","targetHints":{"allow":["GET"]}}],"collection":[{"href":"https:\/\/doktorvolt.pl\/de\/wp-json\/wp\/v2\/product"}],"about":[{"href":"https:\/\/doktorvolt.pl\/de\/wp-json\/wp\/v2\/types\/product"}],"wp:featuredmedia":[{"embeddable":true,"href":"https:\/\/doktorvolt.pl\/de\/wp-json\/wp\/v2\/media\/106591"}],"wp:attachment":[{"href":"https:\/\/doktorvolt.pl\/de\/wp-json\/wp\/v2\/media?parent=109717"}],"wp:term":[{"taxonomy":"product_brand","embeddable":true,"href":"https:\/\/doktorvolt.pl\/de\/wp-json\/wp\/v2\/product_brand?post=109717"},{"taxonomy":"product_cat","embeddable":true,"href":"https:\/\/doktorvolt.pl\/de\/wp-json\/wp\/v2\/product_cat?post=109717"},{"taxonomy":"product_tag","embeddable":true,"href":"https:\/\/doktorvolt.pl\/de\/wp-json\/wp\/v2\/product_tag?post=109717"}],"curies":[{"name":"wp","href":"https:\/\/api.w.org\/{rel}","templated":true}]}}