{"id":109721,"date":"2026-02-23T16:17:39","date_gmt":"2026-02-23T14:17:39","guid":{"rendered":"https:\/\/doktorvolt.pl\/sklep\/unkategorisiert\/wylacznik-nadpradowy-mcb-6ka-1p-16a-vde-c16a-doktorvolt-dv-2687\/"},"modified":"2026-04-23T14:20:21","modified_gmt":"2026-04-23T12:20:21","slug":"wylacznik-nadpradowy-mcb-6ka-1p-16a-vde-c16a-doktorvolt-dv-2687","status":"publish","type":"product","link":"https:\/\/doktorvolt.pl\/de\/offer-doktorvolt\/modulare-geraete\/leitungsschutzschalter\/6ka-leitungsschutzschalter\/wylacznik-nadpradowy-mcb-6ka-1p-16a-vde-c16a-doktorvolt-dv-2687\/","title":{"rendered":"Leitungsschutzschalter MCB 6kA 1P 16A VDE C16A LS-Schalter Doktorvolt DV-2687"},"content":{"rendered":"<p><!-- Haupt\u00fcberschrift der Seite --><\/p>\n<h1 style=\"font-size: 24pt;\">\n  <!-- Seitentitel --><br \/>\n  <span style=\"display: inline-block; width: 100%;\">Leitungsschutzschalter MCB 6kA 1P 16A VDE C16A Doktorvolt DV-2687<\/span><br \/>\n <\/h1>\n<p> <!-- Kurze Produktbeschreibung --><\/p>\n<h4 style=\"font-size: 14pt;\">\n  <span>Der LS-schalter wurde aus hochwertigen Materialien gefertigt, um die Sicherheit der Benutzer zu gew\u00e4hrleisten. Seine Aufgabe ist es, auf pl\u00f6tzliche Stromst\u00f6\u00dfe, die typischerweise bei Kurzschl\u00fcssen auftreten, zu reagieren und automatisch einzugreifen. Er verf\u00fcgt \u00fcber ein VDE-Zertifikat, das die Einhaltung internationaler Sicherheitsnormen im Elektrobereich best\u00e4tigt.<\/span><br \/>\n <\/h4>\n<p> <!-- Grafischer Trenner --><\/p>\n<div>\n  <img decoding=\"async\" style=\"max-width: 100%; margin-bottom: 20px; margin-top: 20px;\"\n  src=\"https:\/\/shop38554-1.yourtechnicaldomain.com\/data\/include\/cms\/1-zdjecia-produktow\/DOKTORVOLT\/DV-4995-EV\/ikonka_zielona_z_literka_D_biala.png?v=1729773346118\"\n  border=\"0\" width=\"1900\" height=\"30\">\n <\/div>\n<p> <!-- Hauptsektion mit Produktbeschreibung und Bild --><\/p>\n<div style=\"display: flex; width: 100%; justify-content: space-between; align-items: center; flex-wrap: wrap; gap: 20px; padding: 30px;\">\n  <!-- Textsektion mit Produktbeschreibung --><\/p>\n<div style=\"flex: auto; max-width: 550px;\">\n<h2 style=\"font-size: 16pt; padding-bottom: 10px; color: #000 !important; border-bottom: 5px solid #7dd956;\">\n  <strong>Hochwertige Verarbeitung<\/strong><br \/>\n  <\/h2>\n<p style=\"font-size: 14pt; text-align: justify;\">\n  Der Leitungsschutzschalter DV-2687 mit einem Nennstrom von <strong>16A<\/strong> und einer Nennspannung von <strong>230V<\/strong> bietet zuverl\u00e4ssigen Schutz f\u00fcr elektrische Anlagen in Industrie und Bauwesen. <strong>Er besitzt die Charakteristik Typ C<\/strong>, was bedeutet, dass er f\u00fcr den Schutz von Stromkreisen mit h\u00f6heren Einschaltstr\u00f6men wie Motoren, Transformatoren und LEDBeleuchtung ausgelegt ist, bei denen eine verz\u00f6gerte Ausl\u00f6sung bei \u00dcberlast erforderlich ist. Unter einer Kunststoffklappe l\u00e4sst sich das Ger\u00e4t beschriften und identifizieren. Die <strong>VDE-Zertifizierung<\/strong> best\u00e4tigt seine hohe Qualit\u00e4t und Zuverl\u00e4ssigkeit. Die Kurzschlussfestigkeit von bis zu<strong> 6kA<\/strong> macht ihn zur idealen Wahl f\u00fcr anspruchsvolle elektrische Systeme, die ein Maximum an Sicherheit und Zuverl\u00e4ssigkeit erfordern.\n  <\/p>\n<\/p><\/div>\n<p>  <!-- Abschnitt mit Produktbild --><\/p>\n<div style=\"flex: auto; max-width: 472px;\">\n  <img decoding=\"async\" src=\"https:\/\/preis-zone.pl\/hpeciai\/32cdb45a09c88928a8583da9f754aab8\/20345_5.jpg?83657\"\n  width=\"472\" height=\"472\" style=\"max-width: 100%; border-radius: 8px;\">\n  <\/div>\n<\/p><\/div>\n<p> <!-- Grafischer Trenner --><\/p>\n<div>\n  <img decoding=\"async\" style=\"max-width: 100%; margin-bottom: 20px; margin-top: 20px;\"\n  src=\"https:\/\/shop38554-1.yourtechnicaldomain.com\/data\/include\/cms\/1-zdjecia-produktow\/DOKTORVOLT\/DV-4995-EV\/ikonka_zielona_z_literka_D_biala.png?v=1729773346118\"\n  border=\"0\" width=\"1900\" height=\"30\">\n <\/div>\n<p> <!-- Video- und technische Spezifikationssektion --><\/p>\n<div style=\"display: flex; width: 100%; flex-wrap: wrap; justify-content: space-around;\">\n  <!-- Videosektion --><\/p>\n<div style=\"flex: auto; max-width: 472px;\">\n <video style=\"max-width=100%; margin-top: 10px; padding-top: 10px;\" width=\"500\" height=\"400\" src=\"https:\/\/preis-zone.pl\/data\/include\/cms\/1-zdjecia-produktow\/DOKTORVOLT\/DV-2687\/DV-2687_v.mp4?v=1754637421702\" type=\"video\/mp4\" controls autoplay muted loop controlsList=\"nodownload\"><\/video>\n <\/div>\n<p>  <!-- Technische Spezifikation des Produkts --><\/p>\n<div style=\"display: flex; flex-direction: column; justify-content: center; align-items: left; padding-left: 50px; padding-right: 50px; padding-top: 30px; max-width: 500px; font-size: 14pt;\">\n<h2 style=\"font-size: 16pt; color: #000 !important; padding-bottom: 10px; border-bottom: 5px solid #7dd956;\">\n  <strong>Technische Spezifikation<\/strong><br \/>\n  <\/h2>\n<p style=\"margin: 5px;\"><strong>Schaltverm\u00f6gen:<\/strong> 6kA<\/p>\n<p style=\"margin: 5px;\"><strong>Nennstrom:<\/strong> 16A<\/p>\n<p style=\"margin: 5px;\"><strong>Anzahl der Pole:<\/strong> 1P<\/p>\n<p style=\"margin: 5px;\"><strong>Nennspannung:<\/strong> 230V<\/p>\n<p style=\"margin: 5px;\"><strong>Betriebstemperaturbereich:<\/strong> -25 &#8211; +40<\/p>\n<p style=\"margin: 5px;\"><strong>Schutzart:<\/strong> IP20<\/p>\n<p style=\"margin: 5px;\"><strong>Montage:<\/strong> DIN-Schiene 35mm<\/p>\n<p style=\"margin: 5px;\"><strong>Charakteristik:<\/strong> C<\/p>\n<p style=\"margin: 5px;\"><strong>Frequenz:<\/strong> 50\/60 Hz<\/p>\n<\/p><\/div>\n<\/p><\/div>\n","protected":false},"excerpt":{"rendered":"<p>LS-Schalter 6kA von Doktorvolt. Hergestellt aus hochwertigen Materialien. Bietet Schutz vor den Auswirkungen von Kurzschl\u00fcssen. Der Leitungsschutzschalter verf\u00fcgt \u00fcber ein VDE-Zertifikat, das die Einhaltung der internationalen elektrischen Sicherheits<\/p>\n","protected":false},"featured_media":106539,"template":"","meta":[],"product_brand":[],"product_cat":[4553],"product_tag":[],"class_list":{"0":"post-109721","1":"product","2":"type-product","3":"status-publish","4":"has-post-thumbnail","6":"product_cat-6ka-leitungsschutzschalter","7":"pa_liczba-biegunow-1p","9":"first","10":"instock","11":"shipping-taxable","12":"product-type-external"},"yoast_head":"<!-- This site is optimized with the Yoast SEO plugin v27.0 - https:\/\/yoast.com\/product\/yoast-seo-wordpress\/ -->\n<title>Leitungsschutzschalter MCB 6kA 1P 16A VDE C16A LS-Schalter Doktorvolt DV-2687 - DOKTORVOLT\u00ae<\/title>\n<meta name=\"robots\" content=\"index, follow, max-snippet:-1, max-image-preview:large, max-video-preview:-1\" \/>\n<link rel=\"canonical\" href=\"https:\/\/doktorvolt.pl\/de\/offer-doktorvolt\/modulare-geraete\/leitungsschutzschalter\/6ka-leitungsschutzschalter\/wylacznik-nadpradowy-mcb-6ka-1p-16a-vde-c16a-doktorvolt-dv-2687\/\" \/>\n<meta property=\"og:locale\" content=\"de_DE\" \/>\n<meta property=\"og:type\" content=\"article\" \/>\n<meta property=\"og:title\" content=\"Leitungsschutzschalter MCB 6kA 1P 16A VDE C16A LS-Schalter Doktorvolt DV-2687 - DOKTORVOLT\u00ae\" \/>\n<meta property=\"og:description\" content=\"LS-Schalter 6kA von Doktorvolt. Hergestellt aus hochwertigen Materialien. Bietet Schutz vor den Auswirkungen von Kurzschl\u00fcssen. Der Leitungsschutzschalter verf\u00fcgt \u00fcber ein VDE-Zertifikat, das die Einhaltung der internationalen elektrischen Sicherheits\" \/>\n<meta property=\"og:url\" content=\"https:\/\/doktorvolt.pl\/de\/offer-doktorvolt\/modulare-geraete\/leitungsschutzschalter\/6ka-leitungsschutzschalter\/wylacznik-nadpradowy-mcb-6ka-1p-16a-vde-c16a-doktorvolt-dv-2687\/\" \/>\n<meta property=\"og:site_name\" content=\"DOKTORVOLT\u00ae\" \/>\n<meta property=\"article:modified_time\" content=\"2026-04-23T12:20:21+00:00\" \/>\n<meta property=\"og:image\" content=\"https:\/\/doktorvolt.pl\/wp-content\/uploads\/2026\/02\/pol_pl_Wylacznik-nadpradowy-MCB-6kA-1P-16A-VDE-C16A-Doktorvolt-DV-2687-20345_4.jpg\" \/>\n\t<meta property=\"og:image:width\" content=\"1600\" \/>\n\t<meta property=\"og:image:height\" content=\"1600\" \/>\n\t<meta property=\"og:image:type\" content=\"image\/jpeg\" \/>\n<meta name=\"twitter:card\" content=\"summary_large_image\" \/>\n<meta name=\"twitter:label1\" content=\"Gesch\u00e4tzte Lesezeit\" \/>\n\t<meta name=\"twitter:data1\" content=\"1\u00a0Minute\" \/>\n<script type=\"application\/ld+json\" class=\"yoast-schema-graph\">{\"@context\":\"https:\/\/schema.org\",\"@graph\":[{\"@type\":\"WebPage\",\"@id\":\"https:\/\/doktorvolt.pl\/de\/offer-doktorvolt\/modulare-geraete\/leitungsschutzschalter\/6ka-leitungsschutzschalter\/wylacznik-nadpradowy-mcb-6ka-1p-16a-vde-c16a-doktorvolt-dv-2687\/\",\"url\":\"https:\/\/doktorvolt.pl\/de\/offer-doktorvolt\/modulare-geraete\/leitungsschutzschalter\/6ka-leitungsschutzschalter\/wylacznik-nadpradowy-mcb-6ka-1p-16a-vde-c16a-doktorvolt-dv-2687\/\",\"name\":\"Leitungsschutzschalter MCB 6kA 1P 16A VDE C16A LS-Schalter Doktorvolt DV-2687 - DOKTORVOLT\u00ae\",\"isPartOf\":{\"@id\":\"https:\/\/doktorvolt.pl\/de\/#website\"},\"primaryImageOfPage\":{\"@id\":\"https:\/\/doktorvolt.pl\/de\/offer-doktorvolt\/modulare-geraete\/leitungsschutzschalter\/6ka-leitungsschutzschalter\/wylacznik-nadpradowy-mcb-6ka-1p-16a-vde-c16a-doktorvolt-dv-2687\/#primaryimage\"},\"image\":{\"@id\":\"https:\/\/doktorvolt.pl\/de\/offer-doktorvolt\/modulare-geraete\/leitungsschutzschalter\/6ka-leitungsschutzschalter\/wylacznik-nadpradowy-mcb-6ka-1p-16a-vde-c16a-doktorvolt-dv-2687\/#primaryimage\"},\"thumbnailUrl\":\"https:\/\/doktorvolt.pl\/wp-content\/uploads\/2026\/02\/pol_pl_Wylacznik-nadpradowy-MCB-6kA-1P-16A-VDE-C16A-Doktorvolt-DV-2687-20345_4.jpg\",\"datePublished\":\"2026-02-23T14:17:39+00:00\",\"dateModified\":\"2026-04-23T12:20:21+00:00\",\"breadcrumb\":{\"@id\":\"https:\/\/doktorvolt.pl\/de\/offer-doktorvolt\/modulare-geraete\/leitungsschutzschalter\/6ka-leitungsschutzschalter\/wylacznik-nadpradowy-mcb-6ka-1p-16a-vde-c16a-doktorvolt-dv-2687\/#breadcrumb\"},\"inLanguage\":\"de\",\"potentialAction\":[{\"@type\":\"ReadAction\",\"target\":[\"https:\/\/doktorvolt.pl\/de\/offer-doktorvolt\/modulare-geraete\/leitungsschutzschalter\/6ka-leitungsschutzschalter\/wylacznik-nadpradowy-mcb-6ka-1p-16a-vde-c16a-doktorvolt-dv-2687\/\"]}]},{\"@type\":\"ImageObject\",\"inLanguage\":\"de\",\"@id\":\"https:\/\/doktorvolt.pl\/de\/offer-doktorvolt\/modulare-geraete\/leitungsschutzschalter\/6ka-leitungsschutzschalter\/wylacznik-nadpradowy-mcb-6ka-1p-16a-vde-c16a-doktorvolt-dv-2687\/#primaryimage\",\"url\":\"https:\/\/doktorvolt.pl\/wp-content\/uploads\/2026\/02\/pol_pl_Wylacznik-nadpradowy-MCB-6kA-1P-16A-VDE-C16A-Doktorvolt-DV-2687-20345_4.jpg\",\"contentUrl\":\"https:\/\/doktorvolt.pl\/wp-content\/uploads\/2026\/02\/pol_pl_Wylacznik-nadpradowy-MCB-6kA-1P-16A-VDE-C16A-Doktorvolt-DV-2687-20345_4.jpg\",\"width\":1600,\"height\":1600},{\"@type\":\"BreadcrumbList\",\"@id\":\"https:\/\/doktorvolt.pl\/de\/offer-doktorvolt\/modulare-geraete\/leitungsschutzschalter\/6ka-leitungsschutzschalter\/wylacznik-nadpradowy-mcb-6ka-1p-16a-vde-c16a-doktorvolt-dv-2687\/#breadcrumb\",\"itemListElement\":[{\"@type\":\"ListItem\",\"position\":1,\"name\":\"Strona g\u0142\u00f3wna\",\"item\":\"https:\/\/doktorvolt.pl\/de\/\"},{\"@type\":\"ListItem\",\"position\":2,\"name\":\"Angebot Doktorvolt\",\"item\":\"https:\/\/doktorvolt.pl\/de\/angebot-doktorvolt\/\"},{\"@type\":\"ListItem\",\"position\":3,\"name\":\"Leitungsschutzschalter MCB 6kA 1P 16A VDE C16A LS-Schalter Doktorvolt DV-2687\"}]},{\"@type\":\"WebSite\",\"@id\":\"https:\/\/doktorvolt.pl\/de\/#website\",\"url\":\"https:\/\/doktorvolt.pl\/de\/\",\"name\":\"DOKTORVOLT\u00ae\",\"description\":\"Producent rozdzielnic budowlanych\",\"publisher\":{\"@id\":\"https:\/\/doktorvolt.pl\/de\/#organization\"},\"potentialAction\":[{\"@type\":\"SearchAction\",\"target\":{\"@type\":\"EntryPoint\",\"urlTemplate\":\"https:\/\/doktorvolt.pl\/de\/?s={search_term_string}\"},\"query-input\":{\"@type\":\"PropertyValueSpecification\",\"valueRequired\":true,\"valueName\":\"search_term_string\"}}],\"inLanguage\":\"de\"},{\"@type\":\"Organization\",\"@id\":\"https:\/\/doktorvolt.pl\/de\/#organization\",\"name\":\"DOKTORVOLT\u00ae\",\"url\":\"https:\/\/doktorvolt.pl\/de\/\",\"logo\":{\"@type\":\"ImageObject\",\"inLanguage\":\"de\",\"@id\":\"https:\/\/doktorvolt.pl\/de\/#\/schema\/logo\/image\/\",\"url\":\"https:\/\/doktorvolt.pl\/wp-content\/uploads\/2023\/10\/DoktorVOLT-black-png.png\",\"contentUrl\":\"https:\/\/doktorvolt.pl\/wp-content\/uploads\/2023\/10\/DoktorVOLT-black-png.png\",\"width\":729,\"height\":40,\"caption\":\"DOKTORVOLT\u00ae\"},\"image\":{\"@id\":\"https:\/\/doktorvolt.pl\/de\/#\/schema\/logo\/image\/\"}}]}<\/script>\n<!-- \/ Yoast SEO plugin. -->","yoast_head_json":{"title":"Leitungsschutzschalter MCB 6kA 1P 16A VDE C16A LS-Schalter Doktorvolt DV-2687 - DOKTORVOLT\u00ae","robots":{"index":"index","follow":"follow","max-snippet":"max-snippet:-1","max-image-preview":"max-image-preview:large","max-video-preview":"max-video-preview:-1"},"canonical":"https:\/\/doktorvolt.pl\/de\/offer-doktorvolt\/modulare-geraete\/leitungsschutzschalter\/6ka-leitungsschutzschalter\/wylacznik-nadpradowy-mcb-6ka-1p-16a-vde-c16a-doktorvolt-dv-2687\/","og_locale":"de_DE","og_type":"article","og_title":"Leitungsschutzschalter MCB 6kA 1P 16A VDE C16A LS-Schalter Doktorvolt DV-2687 - DOKTORVOLT\u00ae","og_description":"LS-Schalter 6kA von Doktorvolt. Hergestellt aus hochwertigen Materialien. Bietet Schutz vor den Auswirkungen von Kurzschl\u00fcssen. Der Leitungsschutzschalter verf\u00fcgt \u00fcber ein VDE-Zertifikat, das die Einhaltung der internationalen elektrischen Sicherheits","og_url":"https:\/\/doktorvolt.pl\/de\/offer-doktorvolt\/modulare-geraete\/leitungsschutzschalter\/6ka-leitungsschutzschalter\/wylacznik-nadpradowy-mcb-6ka-1p-16a-vde-c16a-doktorvolt-dv-2687\/","og_site_name":"DOKTORVOLT\u00ae","article_modified_time":"2026-04-23T12:20:21+00:00","og_image":[{"width":1600,"height":1600,"url":"https:\/\/doktorvolt.pl\/wp-content\/uploads\/2026\/02\/pol_pl_Wylacznik-nadpradowy-MCB-6kA-1P-16A-VDE-C16A-Doktorvolt-DV-2687-20345_4.jpg","type":"image\/jpeg"}],"twitter_card":"summary_large_image","twitter_misc":{"Gesch\u00e4tzte Lesezeit":"1\u00a0Minute"},"schema":{"@context":"https:\/\/schema.org","@graph":[{"@type":"WebPage","@id":"https:\/\/doktorvolt.pl\/de\/offer-doktorvolt\/modulare-geraete\/leitungsschutzschalter\/6ka-leitungsschutzschalter\/wylacznik-nadpradowy-mcb-6ka-1p-16a-vde-c16a-doktorvolt-dv-2687\/","url":"https:\/\/doktorvolt.pl\/de\/offer-doktorvolt\/modulare-geraete\/leitungsschutzschalter\/6ka-leitungsschutzschalter\/wylacznik-nadpradowy-mcb-6ka-1p-16a-vde-c16a-doktorvolt-dv-2687\/","name":"Leitungsschutzschalter MCB 6kA 1P 16A VDE C16A LS-Schalter Doktorvolt DV-2687 - DOKTORVOLT\u00ae","isPartOf":{"@id":"https:\/\/doktorvolt.pl\/de\/#website"},"primaryImageOfPage":{"@id":"https:\/\/doktorvolt.pl\/de\/offer-doktorvolt\/modulare-geraete\/leitungsschutzschalter\/6ka-leitungsschutzschalter\/wylacznik-nadpradowy-mcb-6ka-1p-16a-vde-c16a-doktorvolt-dv-2687\/#primaryimage"},"image":{"@id":"https:\/\/doktorvolt.pl\/de\/offer-doktorvolt\/modulare-geraete\/leitungsschutzschalter\/6ka-leitungsschutzschalter\/wylacznik-nadpradowy-mcb-6ka-1p-16a-vde-c16a-doktorvolt-dv-2687\/#primaryimage"},"thumbnailUrl":"https:\/\/doktorvolt.pl\/wp-content\/uploads\/2026\/02\/pol_pl_Wylacznik-nadpradowy-MCB-6kA-1P-16A-VDE-C16A-Doktorvolt-DV-2687-20345_4.jpg","datePublished":"2026-02-23T14:17:39+00:00","dateModified":"2026-04-23T12:20:21+00:00","breadcrumb":{"@id":"https:\/\/doktorvolt.pl\/de\/offer-doktorvolt\/modulare-geraete\/leitungsschutzschalter\/6ka-leitungsschutzschalter\/wylacznik-nadpradowy-mcb-6ka-1p-16a-vde-c16a-doktorvolt-dv-2687\/#breadcrumb"},"inLanguage":"de","potentialAction":[{"@type":"ReadAction","target":["https:\/\/doktorvolt.pl\/de\/offer-doktorvolt\/modulare-geraete\/leitungsschutzschalter\/6ka-leitungsschutzschalter\/wylacznik-nadpradowy-mcb-6ka-1p-16a-vde-c16a-doktorvolt-dv-2687\/"]}]},{"@type":"ImageObject","inLanguage":"de","@id":"https:\/\/doktorvolt.pl\/de\/offer-doktorvolt\/modulare-geraete\/leitungsschutzschalter\/6ka-leitungsschutzschalter\/wylacznik-nadpradowy-mcb-6ka-1p-16a-vde-c16a-doktorvolt-dv-2687\/#primaryimage","url":"https:\/\/doktorvolt.pl\/wp-content\/uploads\/2026\/02\/pol_pl_Wylacznik-nadpradowy-MCB-6kA-1P-16A-VDE-C16A-Doktorvolt-DV-2687-20345_4.jpg","contentUrl":"https:\/\/doktorvolt.pl\/wp-content\/uploads\/2026\/02\/pol_pl_Wylacznik-nadpradowy-MCB-6kA-1P-16A-VDE-C16A-Doktorvolt-DV-2687-20345_4.jpg","width":1600,"height":1600},{"@type":"BreadcrumbList","@id":"https:\/\/doktorvolt.pl\/de\/offer-doktorvolt\/modulare-geraete\/leitungsschutzschalter\/6ka-leitungsschutzschalter\/wylacznik-nadpradowy-mcb-6ka-1p-16a-vde-c16a-doktorvolt-dv-2687\/#breadcrumb","itemListElement":[{"@type":"ListItem","position":1,"name":"Strona g\u0142\u00f3wna","item":"https:\/\/doktorvolt.pl\/de\/"},{"@type":"ListItem","position":2,"name":"Angebot Doktorvolt","item":"https:\/\/doktorvolt.pl\/de\/angebot-doktorvolt\/"},{"@type":"ListItem","position":3,"name":"Leitungsschutzschalter MCB 6kA 1P 16A VDE C16A LS-Schalter Doktorvolt DV-2687"}]},{"@type":"WebSite","@id":"https:\/\/doktorvolt.pl\/de\/#website","url":"https:\/\/doktorvolt.pl\/de\/","name":"DOKTORVOLT\u00ae","description":"Producent rozdzielnic budowlanych","publisher":{"@id":"https:\/\/doktorvolt.pl\/de\/#organization"},"potentialAction":[{"@type":"SearchAction","target":{"@type":"EntryPoint","urlTemplate":"https:\/\/doktorvolt.pl\/de\/?s={search_term_string}"},"query-input":{"@type":"PropertyValueSpecification","valueRequired":true,"valueName":"search_term_string"}}],"inLanguage":"de"},{"@type":"Organization","@id":"https:\/\/doktorvolt.pl\/de\/#organization","name":"DOKTORVOLT\u00ae","url":"https:\/\/doktorvolt.pl\/de\/","logo":{"@type":"ImageObject","inLanguage":"de","@id":"https:\/\/doktorvolt.pl\/de\/#\/schema\/logo\/image\/","url":"https:\/\/doktorvolt.pl\/wp-content\/uploads\/2023\/10\/DoktorVOLT-black-png.png","contentUrl":"https:\/\/doktorvolt.pl\/wp-content\/uploads\/2023\/10\/DoktorVOLT-black-png.png","width":729,"height":40,"caption":"DOKTORVOLT\u00ae"},"image":{"@id":"https:\/\/doktorvolt.pl\/de\/#\/schema\/logo\/image\/"}}]}},"_links":{"self":[{"href":"https:\/\/doktorvolt.pl\/de\/wp-json\/wp\/v2\/product\/109721","targetHints":{"allow":["GET"]}}],"collection":[{"href":"https:\/\/doktorvolt.pl\/de\/wp-json\/wp\/v2\/product"}],"about":[{"href":"https:\/\/doktorvolt.pl\/de\/wp-json\/wp\/v2\/types\/product"}],"wp:featuredmedia":[{"embeddable":true,"href":"https:\/\/doktorvolt.pl\/de\/wp-json\/wp\/v2\/media\/106539"}],"wp:attachment":[{"href":"https:\/\/doktorvolt.pl\/de\/wp-json\/wp\/v2\/media?parent=109721"}],"wp:term":[{"taxonomy":"product_brand","embeddable":true,"href":"https:\/\/doktorvolt.pl\/de\/wp-json\/wp\/v2\/product_brand?post=109721"},{"taxonomy":"product_cat","embeddable":true,"href":"https:\/\/doktorvolt.pl\/de\/wp-json\/wp\/v2\/product_cat?post=109721"},{"taxonomy":"product_tag","embeddable":true,"href":"https:\/\/doktorvolt.pl\/de\/wp-json\/wp\/v2\/product_tag?post=109721"}],"curies":[{"name":"wp","href":"https:\/\/api.w.org\/{rel}","templated":true}]}}