{"id":109724,"date":"2026-02-23T16:17:00","date_gmt":"2026-02-23T14:17:00","guid":{"rendered":"https:\/\/doktorvolt.pl\/sklep\/unkategorisiert\/wylacznik-roznicowopradowy-rccb-6ka-4p-40a-30ma-typ-ac-doktorvolt-dv-5589\/"},"modified":"2026-04-23T14:20:19","modified_gmt":"2026-04-23T12:20:19","slug":"wylacznik-roznicowopradowy-rccb-6ka-4p-40a-30ma-typ-ac-doktorvolt-dv-5589","status":"publish","type":"product","link":"https:\/\/doktorvolt.pl\/de\/offer-doktorvolt\/modulare-geraete\/fehlerstromschutzschalter\/fehlerstromschutzschalter-typ-ac\/wylacznik-roznicowopradowy-rccb-6ka-4p-40a-30ma-typ-ac-doktorvolt-dv-5589\/","title":{"rendered":"Fehlerstromschutzschalter RCCB 6kA 4P 40A 30mA typ AC Doktorvolt FI-Schalter DV-5589"},"content":{"rendered":"<p><!-- Nag\u0142\u00f3wek g\u0142\u00f3wny strony --><\/p>\n<h1 style=\"font-size: 24pt;\">\n  <!-- Tytu\u0142 strony --><br \/>\n  <span style=\"display: inline-block; width: 100%;\">Der Fehlerstromschutzschalter Doktorvolt 6kA 4P 40A 30mA RCCB<\/span><br \/>\n <\/h1>\n<p> <!-- Kr\u00f3tki opis produktu --><\/p>\n<h4 style=\"font-size: 14pt;\">\n  <span>Der Fehlerstromschutzschalter ist aus hochwertigen Materialien gefertigt, um die Sicherheit der Benutzer zu gew\u00e4hrleisten. Seine Aufgabe ist es, die Stromdifferenz zwischen den Phasenleitern und dem Neutralleiter zu erkennen.<\/span><br \/>\n <\/h4>\n<p> <!-- Separator graficzny --><\/p>\n<div>\n  <img decoding=\"async\" style=\"max-width: 100%; margin-bottom: 20px; margin-top: 20px;\"\n  src=\"https:\/\/shop38554-1.yourtechnicaldomain.com\/data\/include\/cms\/1-zdjecia-produktow\/DOKTORVOLT\/DV-4995-EV\/ikonka_zielona_z_literka_D_biala.png?v=1729773346118\"\n  border=\"0\" width=\"1900\" height=\"30\">\n <\/div>\n<p> <!-- G\u0142\u00f3wna sekcja z opisem i obrazem produktu --><\/p>\n<div style=\"display: flex; width: 100%; justify-content: space-between; align-items: center; flex-wrap: wrap; gap: 20px; padding: 30px;\">\n  <!-- Sekcja tekstowa z opisem produktu --><\/p>\n<div style=\"flex: auto; max-width: 550px;\">\n<h2 style=\"font-size: 16pt; padding-bottom: 10px; color: #000 !important; border-bottom: 5px solid #7dd956;\">\n  <strong>Hochwertige Verarbeitung<\/strong><br \/>\n  <\/h2>\n<p style=\"font-size: 14pt; text-align: justify;\">\n  Der Fehlerstromschutzschalter <strong>DV-5589<\/strong> des Typs <strong>AC<\/strong> und einem Nennstrom von <strong>40 A<\/strong> bietet einen effektiven Schutz f\u00fcr Elektroinstallationen in Industrie und Bauwesen. Er ist ausgestattet mit einer Testtaste, die sich oben auf dem Schalter befindet und eine schnelle und bequeme Funktionskontrolle erm\u00f6glicht. Unter der Kunststoffklappe kann eine Beschriftung angebracht werden, die zu einer eindeutigen Identifizierung dient. Ein weiterer Vorteil ist die Kurzschlussfestigkeit von bis zu <strong>6 kA<\/strong>. Damit ist es die ideale Wahl f\u00fcr industrielle und gewerbliche Systeme, die h\u00f6chste Zuverl\u00e4ssigkeit erfordern.\n  <\/p>\n<\/p><\/div>\n<p>  <!-- Sekcja z obrazem produktu --><\/p>\n<div style=\"flex: auto; max-width: 472px;\">\n  <img decoding=\"async\" src=\"https:\/\/preis-zone.pl\/hpeciai\/4c8337a54326c2728794f65a7ac52051\/20347_3.jpg?65616\"\n  width=\"472\" height=\"472\" style=\"max-width: 100%; border-radius: 8px;\">\n  <\/div>\n<\/p><\/div>\n<p> <!-- Separator graficzny --><\/p>\n<div>\n  <img decoding=\"async\" style=\"max-width: 100%; margin-bottom: 20px; margin-top: 20px;\"\n  src=\"https:\/\/shop38554-1.yourtechnicaldomain.com\/data\/include\/cms\/1-zdjecia-produktow\/DOKTORVOLT\/DV-4995-EV\/ikonka_zielona_z_literka_D_biala.png?v=1729773346118\"\n  border=\"0\" width=\"1900\" height=\"30\">\n <\/div>\n<p> <!-- Sekcja video i specyfikacja techniczna --><\/p>\n<div style=\"display: flex; width: 100%; flex-wrap: wrap; justify-content: space-around;\">\n  <!-- Sekcja z video --><\/p>\n<div style=\"flex: auto; max-width: 472px;\">\n <video style=\"max-width=100%; margin-top: 10px; padding-top: 10px;\" width=\"500\" height=\"400\" src=\"https:\/\/preis-zone.pl\/data\/include\/cms\/1-zdjecia-produktow\/DOKTORVOLT\/DV-5589\/DV-5589_v.mp4?v=1754641294596\" type=\"video\/mp4\" controls autoplay muted loop controlsList=\"nodownload\"><\/video>\n <\/div>\n<p>  <!-- Specyfikacja techniczna produktu --><\/p>\n<div style=\"display: flex; flex-direction: column; justify-content: center; align-items: left; padding-left: 50px; padding-right: 50px; padding-top: 30px; max-width: 500px; font-size: 14pt;\">\n<h2 style=\"font-size: 16pt; color: #000 !important; padding-bottom: 10px; border-bottom: 5px solid #7dd956;\">\n  <strong>Technische Spezifikationen<\/strong><br \/>\n  <\/h2>\n<p style=\"margin: 5px;\"><strong>Schaltverm\u00f6gen:<\/strong> 6kA<\/p>\n<p style=\"margin: 5px;\"><strong>Nennstrom:<\/strong> 40A<\/p>\n<p style=\"margin: 5px;\"><strong>Anzahl der Pole:<\/strong> 4P(3P+N)<\/p>\n<p style=\"margin: 5px;\"><strong>Bemessungsfehlerstrom:<\/strong> 30mA<\/p>\n<p style=\"margin: 5px;\"><strong>Nennspannung:<\/strong> 415V<\/p>\n<p style=\"margin: 5px;\"><strong>Umgebungstemperatur:<\/strong> -25 &#8211; +40 <\/p>\n<p style=\"margin: 5px;\"><strong>Schutzart:<\/strong> IP20 <\/p>\n<p style=\"margin: 5px;\"><strong>Installation:<\/strong> DIN-Schiene 35mm <\/p>\n<p style=\"margin: 5px;\"><strong>Typ:<\/strong> AC <\/p>\n<p style=\"margin: 5px;\"><strong>Frequenz:<\/strong> 50\/60 Hz <\/p>\n<\/p><\/div>\n<\/p><\/div>\n","protected":false},"excerpt":{"rendered":"<p>FI-Schalter 6kA von Doktorvolt. Hergestellt aus hochwertigen Materialien. Bietet Schutz vor den Auswirkungen von Kurzschl\u00fcssen.<\/p>\n","protected":false},"featured_media":106488,"template":"","meta":[],"product_brand":[],"product_cat":[4556],"product_tag":[],"class_list":{"0":"post-109724","1":"product","2":"type-product","3":"status-publish","4":"has-post-thumbnail","6":"product_cat-fehlerstromschutzschalter-typ-ac","7":"pa_liczba-biegunow-4p","9":"first","10":"instock","11":"shipping-taxable","12":"product-type-external"},"yoast_head":"<!-- This site is optimized with the Yoast SEO plugin v27.0 - https:\/\/yoast.com\/product\/yoast-seo-wordpress\/ -->\n<title>Fehlerstromschutzschalter RCCB 6kA 4P 40A 30mA typ AC Doktorvolt FI-Schalter DV-5589 - DOKTORVOLT\u00ae<\/title>\n<meta name=\"robots\" content=\"index, follow, max-snippet:-1, max-image-preview:large, max-video-preview:-1\" \/>\n<link rel=\"canonical\" href=\"https:\/\/doktorvolt.pl\/de\/offer-doktorvolt\/modulare-geraete\/fehlerstromschutzschalter\/fehlerstromschutzschalter-typ-ac\/wylacznik-roznicowopradowy-rccb-6ka-4p-40a-30ma-typ-ac-doktorvolt-dv-5589\/\" \/>\n<meta property=\"og:locale\" content=\"de_DE\" \/>\n<meta property=\"og:type\" content=\"article\" \/>\n<meta property=\"og:title\" content=\"Fehlerstromschutzschalter RCCB 6kA 4P 40A 30mA typ AC Doktorvolt FI-Schalter DV-5589 - DOKTORVOLT\u00ae\" \/>\n<meta property=\"og:description\" content=\"FI-Schalter 6kA von Doktorvolt. Hergestellt aus hochwertigen Materialien. Bietet Schutz vor den Auswirkungen von Kurzschl\u00fcssen.\" \/>\n<meta property=\"og:url\" content=\"https:\/\/doktorvolt.pl\/de\/offer-doktorvolt\/modulare-geraete\/fehlerstromschutzschalter\/fehlerstromschutzschalter-typ-ac\/wylacznik-roznicowopradowy-rccb-6ka-4p-40a-30ma-typ-ac-doktorvolt-dv-5589\/\" \/>\n<meta property=\"og:site_name\" content=\"DOKTORVOLT\u00ae\" \/>\n<meta property=\"article:modified_time\" content=\"2026-04-23T12:20:19+00:00\" \/>\n<meta property=\"og:image\" content=\"https:\/\/doktorvolt.pl\/wp-content\/uploads\/2026\/02\/pol_pl_Wylacznik-roznicowopradowy-RCCB-6kA-4P-40A-30mA-typ-AC-Doktorvolt-DV-5589-20347_2.jpg\" \/>\n\t<meta property=\"og:image:width\" content=\"1600\" \/>\n\t<meta property=\"og:image:height\" content=\"1600\" \/>\n\t<meta property=\"og:image:type\" content=\"image\/jpeg\" \/>\n<meta name=\"twitter:card\" content=\"summary_large_image\" \/>\n<meta name=\"twitter:label1\" content=\"Gesch\u00e4tzte Lesezeit\" \/>\n\t<meta name=\"twitter:data1\" content=\"1\u00a0Minute\" \/>\n<script type=\"application\/ld+json\" class=\"yoast-schema-graph\">{\"@context\":\"https:\/\/schema.org\",\"@graph\":[{\"@type\":\"WebPage\",\"@id\":\"https:\/\/doktorvolt.pl\/de\/offer-doktorvolt\/modulare-geraete\/fehlerstromschutzschalter\/fehlerstromschutzschalter-typ-ac\/wylacznik-roznicowopradowy-rccb-6ka-4p-40a-30ma-typ-ac-doktorvolt-dv-5589\/\",\"url\":\"https:\/\/doktorvolt.pl\/de\/offer-doktorvolt\/modulare-geraete\/fehlerstromschutzschalter\/fehlerstromschutzschalter-typ-ac\/wylacznik-roznicowopradowy-rccb-6ka-4p-40a-30ma-typ-ac-doktorvolt-dv-5589\/\",\"name\":\"Fehlerstromschutzschalter RCCB 6kA 4P 40A 30mA typ AC Doktorvolt FI-Schalter DV-5589 - DOKTORVOLT\u00ae\",\"isPartOf\":{\"@id\":\"https:\/\/doktorvolt.pl\/de\/#website\"},\"primaryImageOfPage\":{\"@id\":\"https:\/\/doktorvolt.pl\/de\/offer-doktorvolt\/modulare-geraete\/fehlerstromschutzschalter\/fehlerstromschutzschalter-typ-ac\/wylacznik-roznicowopradowy-rccb-6ka-4p-40a-30ma-typ-ac-doktorvolt-dv-5589\/#primaryimage\"},\"image\":{\"@id\":\"https:\/\/doktorvolt.pl\/de\/offer-doktorvolt\/modulare-geraete\/fehlerstromschutzschalter\/fehlerstromschutzschalter-typ-ac\/wylacznik-roznicowopradowy-rccb-6ka-4p-40a-30ma-typ-ac-doktorvolt-dv-5589\/#primaryimage\"},\"thumbnailUrl\":\"https:\/\/doktorvolt.pl\/wp-content\/uploads\/2026\/02\/pol_pl_Wylacznik-roznicowopradowy-RCCB-6kA-4P-40A-30mA-typ-AC-Doktorvolt-DV-5589-20347_2.jpg\",\"datePublished\":\"2026-02-23T14:17:00+00:00\",\"dateModified\":\"2026-04-23T12:20:19+00:00\",\"breadcrumb\":{\"@id\":\"https:\/\/doktorvolt.pl\/de\/offer-doktorvolt\/modulare-geraete\/fehlerstromschutzschalter\/fehlerstromschutzschalter-typ-ac\/wylacznik-roznicowopradowy-rccb-6ka-4p-40a-30ma-typ-ac-doktorvolt-dv-5589\/#breadcrumb\"},\"inLanguage\":\"de\",\"potentialAction\":[{\"@type\":\"ReadAction\",\"target\":[\"https:\/\/doktorvolt.pl\/de\/offer-doktorvolt\/modulare-geraete\/fehlerstromschutzschalter\/fehlerstromschutzschalter-typ-ac\/wylacznik-roznicowopradowy-rccb-6ka-4p-40a-30ma-typ-ac-doktorvolt-dv-5589\/\"]}]},{\"@type\":\"ImageObject\",\"inLanguage\":\"de\",\"@id\":\"https:\/\/doktorvolt.pl\/de\/offer-doktorvolt\/modulare-geraete\/fehlerstromschutzschalter\/fehlerstromschutzschalter-typ-ac\/wylacznik-roznicowopradowy-rccb-6ka-4p-40a-30ma-typ-ac-doktorvolt-dv-5589\/#primaryimage\",\"url\":\"https:\/\/doktorvolt.pl\/wp-content\/uploads\/2026\/02\/pol_pl_Wylacznik-roznicowopradowy-RCCB-6kA-4P-40A-30mA-typ-AC-Doktorvolt-DV-5589-20347_2.jpg\",\"contentUrl\":\"https:\/\/doktorvolt.pl\/wp-content\/uploads\/2026\/02\/pol_pl_Wylacznik-roznicowopradowy-RCCB-6kA-4P-40A-30mA-typ-AC-Doktorvolt-DV-5589-20347_2.jpg\",\"width\":1600,\"height\":1600},{\"@type\":\"BreadcrumbList\",\"@id\":\"https:\/\/doktorvolt.pl\/de\/offer-doktorvolt\/modulare-geraete\/fehlerstromschutzschalter\/fehlerstromschutzschalter-typ-ac\/wylacznik-roznicowopradowy-rccb-6ka-4p-40a-30ma-typ-ac-doktorvolt-dv-5589\/#breadcrumb\",\"itemListElement\":[{\"@type\":\"ListItem\",\"position\":1,\"name\":\"Strona g\u0142\u00f3wna\",\"item\":\"https:\/\/doktorvolt.pl\/de\/\"},{\"@type\":\"ListItem\",\"position\":2,\"name\":\"Angebot Doktorvolt\",\"item\":\"https:\/\/doktorvolt.pl\/de\/angebot-doktorvolt\/\"},{\"@type\":\"ListItem\",\"position\":3,\"name\":\"Fehlerstromschutzschalter RCCB 6kA 4P 40A 30mA typ AC Doktorvolt FI-Schalter DV-5589\"}]},{\"@type\":\"WebSite\",\"@id\":\"https:\/\/doktorvolt.pl\/de\/#website\",\"url\":\"https:\/\/doktorvolt.pl\/de\/\",\"name\":\"DOKTORVOLT\u00ae\",\"description\":\"Producent rozdzielnic budowlanych\",\"publisher\":{\"@id\":\"https:\/\/doktorvolt.pl\/de\/#organization\"},\"potentialAction\":[{\"@type\":\"SearchAction\",\"target\":{\"@type\":\"EntryPoint\",\"urlTemplate\":\"https:\/\/doktorvolt.pl\/de\/?s={search_term_string}\"},\"query-input\":{\"@type\":\"PropertyValueSpecification\",\"valueRequired\":true,\"valueName\":\"search_term_string\"}}],\"inLanguage\":\"de\"},{\"@type\":\"Organization\",\"@id\":\"https:\/\/doktorvolt.pl\/de\/#organization\",\"name\":\"DOKTORVOLT\u00ae\",\"url\":\"https:\/\/doktorvolt.pl\/de\/\",\"logo\":{\"@type\":\"ImageObject\",\"inLanguage\":\"de\",\"@id\":\"https:\/\/doktorvolt.pl\/de\/#\/schema\/logo\/image\/\",\"url\":\"https:\/\/doktorvolt.pl\/wp-content\/uploads\/2023\/10\/DoktorVOLT-black-png.png\",\"contentUrl\":\"https:\/\/doktorvolt.pl\/wp-content\/uploads\/2023\/10\/DoktorVOLT-black-png.png\",\"width\":729,\"height\":40,\"caption\":\"DOKTORVOLT\u00ae\"},\"image\":{\"@id\":\"https:\/\/doktorvolt.pl\/de\/#\/schema\/logo\/image\/\"}}]}<\/script>\n<!-- \/ Yoast SEO plugin. -->","yoast_head_json":{"title":"Fehlerstromschutzschalter RCCB 6kA 4P 40A 30mA typ AC Doktorvolt FI-Schalter DV-5589 - DOKTORVOLT\u00ae","robots":{"index":"index","follow":"follow","max-snippet":"max-snippet:-1","max-image-preview":"max-image-preview:large","max-video-preview":"max-video-preview:-1"},"canonical":"https:\/\/doktorvolt.pl\/de\/offer-doktorvolt\/modulare-geraete\/fehlerstromschutzschalter\/fehlerstromschutzschalter-typ-ac\/wylacznik-roznicowopradowy-rccb-6ka-4p-40a-30ma-typ-ac-doktorvolt-dv-5589\/","og_locale":"de_DE","og_type":"article","og_title":"Fehlerstromschutzschalter RCCB 6kA 4P 40A 30mA typ AC Doktorvolt FI-Schalter DV-5589 - DOKTORVOLT\u00ae","og_description":"FI-Schalter 6kA von Doktorvolt. Hergestellt aus hochwertigen Materialien. Bietet Schutz vor den Auswirkungen von Kurzschl\u00fcssen.","og_url":"https:\/\/doktorvolt.pl\/de\/offer-doktorvolt\/modulare-geraete\/fehlerstromschutzschalter\/fehlerstromschutzschalter-typ-ac\/wylacznik-roznicowopradowy-rccb-6ka-4p-40a-30ma-typ-ac-doktorvolt-dv-5589\/","og_site_name":"DOKTORVOLT\u00ae","article_modified_time":"2026-04-23T12:20:19+00:00","og_image":[{"width":1600,"height":1600,"url":"https:\/\/doktorvolt.pl\/wp-content\/uploads\/2026\/02\/pol_pl_Wylacznik-roznicowopradowy-RCCB-6kA-4P-40A-30mA-typ-AC-Doktorvolt-DV-5589-20347_2.jpg","type":"image\/jpeg"}],"twitter_card":"summary_large_image","twitter_misc":{"Gesch\u00e4tzte Lesezeit":"1\u00a0Minute"},"schema":{"@context":"https:\/\/schema.org","@graph":[{"@type":"WebPage","@id":"https:\/\/doktorvolt.pl\/de\/offer-doktorvolt\/modulare-geraete\/fehlerstromschutzschalter\/fehlerstromschutzschalter-typ-ac\/wylacznik-roznicowopradowy-rccb-6ka-4p-40a-30ma-typ-ac-doktorvolt-dv-5589\/","url":"https:\/\/doktorvolt.pl\/de\/offer-doktorvolt\/modulare-geraete\/fehlerstromschutzschalter\/fehlerstromschutzschalter-typ-ac\/wylacznik-roznicowopradowy-rccb-6ka-4p-40a-30ma-typ-ac-doktorvolt-dv-5589\/","name":"Fehlerstromschutzschalter RCCB 6kA 4P 40A 30mA typ AC Doktorvolt FI-Schalter DV-5589 - DOKTORVOLT\u00ae","isPartOf":{"@id":"https:\/\/doktorvolt.pl\/de\/#website"},"primaryImageOfPage":{"@id":"https:\/\/doktorvolt.pl\/de\/offer-doktorvolt\/modulare-geraete\/fehlerstromschutzschalter\/fehlerstromschutzschalter-typ-ac\/wylacznik-roznicowopradowy-rccb-6ka-4p-40a-30ma-typ-ac-doktorvolt-dv-5589\/#primaryimage"},"image":{"@id":"https:\/\/doktorvolt.pl\/de\/offer-doktorvolt\/modulare-geraete\/fehlerstromschutzschalter\/fehlerstromschutzschalter-typ-ac\/wylacznik-roznicowopradowy-rccb-6ka-4p-40a-30ma-typ-ac-doktorvolt-dv-5589\/#primaryimage"},"thumbnailUrl":"https:\/\/doktorvolt.pl\/wp-content\/uploads\/2026\/02\/pol_pl_Wylacznik-roznicowopradowy-RCCB-6kA-4P-40A-30mA-typ-AC-Doktorvolt-DV-5589-20347_2.jpg","datePublished":"2026-02-23T14:17:00+00:00","dateModified":"2026-04-23T12:20:19+00:00","breadcrumb":{"@id":"https:\/\/doktorvolt.pl\/de\/offer-doktorvolt\/modulare-geraete\/fehlerstromschutzschalter\/fehlerstromschutzschalter-typ-ac\/wylacznik-roznicowopradowy-rccb-6ka-4p-40a-30ma-typ-ac-doktorvolt-dv-5589\/#breadcrumb"},"inLanguage":"de","potentialAction":[{"@type":"ReadAction","target":["https:\/\/doktorvolt.pl\/de\/offer-doktorvolt\/modulare-geraete\/fehlerstromschutzschalter\/fehlerstromschutzschalter-typ-ac\/wylacznik-roznicowopradowy-rccb-6ka-4p-40a-30ma-typ-ac-doktorvolt-dv-5589\/"]}]},{"@type":"ImageObject","inLanguage":"de","@id":"https:\/\/doktorvolt.pl\/de\/offer-doktorvolt\/modulare-geraete\/fehlerstromschutzschalter\/fehlerstromschutzschalter-typ-ac\/wylacznik-roznicowopradowy-rccb-6ka-4p-40a-30ma-typ-ac-doktorvolt-dv-5589\/#primaryimage","url":"https:\/\/doktorvolt.pl\/wp-content\/uploads\/2026\/02\/pol_pl_Wylacznik-roznicowopradowy-RCCB-6kA-4P-40A-30mA-typ-AC-Doktorvolt-DV-5589-20347_2.jpg","contentUrl":"https:\/\/doktorvolt.pl\/wp-content\/uploads\/2026\/02\/pol_pl_Wylacznik-roznicowopradowy-RCCB-6kA-4P-40A-30mA-typ-AC-Doktorvolt-DV-5589-20347_2.jpg","width":1600,"height":1600},{"@type":"BreadcrumbList","@id":"https:\/\/doktorvolt.pl\/de\/offer-doktorvolt\/modulare-geraete\/fehlerstromschutzschalter\/fehlerstromschutzschalter-typ-ac\/wylacznik-roznicowopradowy-rccb-6ka-4p-40a-30ma-typ-ac-doktorvolt-dv-5589\/#breadcrumb","itemListElement":[{"@type":"ListItem","position":1,"name":"Strona g\u0142\u00f3wna","item":"https:\/\/doktorvolt.pl\/de\/"},{"@type":"ListItem","position":2,"name":"Angebot Doktorvolt","item":"https:\/\/doktorvolt.pl\/de\/angebot-doktorvolt\/"},{"@type":"ListItem","position":3,"name":"Fehlerstromschutzschalter RCCB 6kA 4P 40A 30mA typ AC Doktorvolt FI-Schalter DV-5589"}]},{"@type":"WebSite","@id":"https:\/\/doktorvolt.pl\/de\/#website","url":"https:\/\/doktorvolt.pl\/de\/","name":"DOKTORVOLT\u00ae","description":"Producent rozdzielnic budowlanych","publisher":{"@id":"https:\/\/doktorvolt.pl\/de\/#organization"},"potentialAction":[{"@type":"SearchAction","target":{"@type":"EntryPoint","urlTemplate":"https:\/\/doktorvolt.pl\/de\/?s={search_term_string}"},"query-input":{"@type":"PropertyValueSpecification","valueRequired":true,"valueName":"search_term_string"}}],"inLanguage":"de"},{"@type":"Organization","@id":"https:\/\/doktorvolt.pl\/de\/#organization","name":"DOKTORVOLT\u00ae","url":"https:\/\/doktorvolt.pl\/de\/","logo":{"@type":"ImageObject","inLanguage":"de","@id":"https:\/\/doktorvolt.pl\/de\/#\/schema\/logo\/image\/","url":"https:\/\/doktorvolt.pl\/wp-content\/uploads\/2023\/10\/DoktorVOLT-black-png.png","contentUrl":"https:\/\/doktorvolt.pl\/wp-content\/uploads\/2023\/10\/DoktorVOLT-black-png.png","width":729,"height":40,"caption":"DOKTORVOLT\u00ae"},"image":{"@id":"https:\/\/doktorvolt.pl\/de\/#\/schema\/logo\/image\/"}}]}},"_links":{"self":[{"href":"https:\/\/doktorvolt.pl\/de\/wp-json\/wp\/v2\/product\/109724","targetHints":{"allow":["GET"]}}],"collection":[{"href":"https:\/\/doktorvolt.pl\/de\/wp-json\/wp\/v2\/product"}],"about":[{"href":"https:\/\/doktorvolt.pl\/de\/wp-json\/wp\/v2\/types\/product"}],"wp:featuredmedia":[{"embeddable":true,"href":"https:\/\/doktorvolt.pl\/de\/wp-json\/wp\/v2\/media\/106488"}],"wp:attachment":[{"href":"https:\/\/doktorvolt.pl\/de\/wp-json\/wp\/v2\/media?parent=109724"}],"wp:term":[{"taxonomy":"product_brand","embeddable":true,"href":"https:\/\/doktorvolt.pl\/de\/wp-json\/wp\/v2\/product_brand?post=109724"},{"taxonomy":"product_cat","embeddable":true,"href":"https:\/\/doktorvolt.pl\/de\/wp-json\/wp\/v2\/product_cat?post=109724"},{"taxonomy":"product_tag","embeddable":true,"href":"https:\/\/doktorvolt.pl\/de\/wp-json\/wp\/v2\/product_tag?post=109724"}],"curies":[{"name":"wp","href":"https:\/\/api.w.org\/{rel}","templated":true}]}}