{"id":109738,"date":"2026-02-23T16:13:38","date_gmt":"2026-02-23T14:13:38","guid":{"rendered":"https:\/\/doktorvolt.pl\/sklep\/unkategorisiert\/wiadro-budowlane-20l-ogrodnicze-gospodarcze-pvc-plastikowe-czarne-na-zaprawe-wode-doktorvolt\/"},"modified":"2026-02-27T09:38:46","modified_gmt":"2026-02-27T07:38:46","slug":"wiadro-budowlane-20l-ogrodnicze-gospodarcze-pvc-plastikowe-czarne-na-zaprawe-wode-doktorvolt","status":"publish","type":"product","link":"https:\/\/doktorvolt.pl\/de\/oferta-doktorvolt\/zubehoer\/bau-heimwerken-werkzeuge\/eimer-und-moertelkasten\/wiadro-budowlane-20l-ogrodnicze-gospodarcze-pvc-plastikowe-czarne-na-zaprawe-wode-doktorvolt\/","title":{"rendered":"Baueimer 20L Garteneimer PVC M\u00f6rtelk\u00fcbel Wassereimer M\u00f6rteleimer Eimer K\u00fcbel Maurereimer Putzeimer schwarz DV-5701"},"content":{"rendered":"<p>Stabiler 20-Liter-Kunststoffeimer aus PVC, ideal f\u00fcr Gartenarbeit und Bauprojekte. Robuster Universaleimer mit Metallhenkel \u2013 perfekt als Wassereimer, M\u00f6rtelk\u00fcbel, f\u00fcr Sand oder Bauschutt. Langlebig und praktisch im t\u00e4glichen Einsatz.<\/p>\n","protected":false},"excerpt":{"rendered":"<p>Stabiler 20-Liter-Kunststoffeimer aus PVC, ideal f\u00fcr Gartenarbeit und Bauprojekte. Robuster Universaleimer mit Metallhenkel \u2013 perfekt als Wassereimer, M\u00f6rtelk\u00fcbel, f\u00fcr Sand oder Bauschutt. Langlebig und praktisch im t\u00e4glichen Einsatz.<\/p>\n","protected":false},"featured_media":106250,"template":"","meta":[],"product_brand":[],"product_cat":[4498],"product_tag":[],"class_list":{"0":"post-109738","1":"product","2":"type-product","3":"status-publish","4":"has-post-thumbnail","6":"product_cat-eimer-und-moertelkasten","7":"pa_pojemnosc-l-20l-2","9":"first","10":"instock","11":"shipping-taxable","12":"product-type-external"},"yoast_head":"<!-- This site is optimized with the Yoast SEO plugin v27.0 - https:\/\/yoast.com\/product\/yoast-seo-wordpress\/ -->\n<title>Baueimer 20L Garteneimer PVC M\u00f6rtelk\u00fcbel Wassereimer M\u00f6rteleimer Eimer K\u00fcbel Maurereimer Putzeimer schwarz DV-5701 - DOKTORVOLT\u00ae<\/title>\n<meta name=\"robots\" content=\"index, follow, max-snippet:-1, max-image-preview:large, max-video-preview:-1\" \/>\n<link rel=\"canonical\" href=\"https:\/\/doktorvolt.pl\/de\/oferta-doktorvolt\/zubehoer\/bau-heimwerken-werkzeuge\/eimer-und-moertelkasten\/wiadro-budowlane-20l-ogrodnicze-gospodarcze-pvc-plastikowe-czarne-na-zaprawe-wode-doktorvolt\/\" \/>\n<meta property=\"og:locale\" content=\"de_DE\" \/>\n<meta property=\"og:type\" content=\"article\" \/>\n<meta property=\"og:title\" content=\"Baueimer 20L Garteneimer PVC M\u00f6rtelk\u00fcbel Wassereimer M\u00f6rteleimer Eimer K\u00fcbel Maurereimer Putzeimer schwarz DV-5701 - DOKTORVOLT\u00ae\" \/>\n<meta property=\"og:description\" content=\"Stabiler 20-Liter-Kunststoffeimer aus PVC, ideal f\u00fcr Gartenarbeit und Bauprojekte. Robuster Universaleimer mit Metallhenkel \u2013 perfekt als Wassereimer, M\u00f6rtelk\u00fcbel, f\u00fcr Sand oder Bauschutt. Langlebig und praktisch im t\u00e4glichen Einsatz.\" \/>\n<meta property=\"og:url\" content=\"https:\/\/doktorvolt.pl\/de\/oferta-doktorvolt\/zubehoer\/bau-heimwerken-werkzeuge\/eimer-und-moertelkasten\/wiadro-budowlane-20l-ogrodnicze-gospodarcze-pvc-plastikowe-czarne-na-zaprawe-wode-doktorvolt\/\" \/>\n<meta property=\"og:site_name\" content=\"DOKTORVOLT\u00ae\" \/>\n<meta property=\"article:modified_time\" content=\"2026-02-27T07:38:46+00:00\" \/>\n<meta property=\"og:image\" content=\"https:\/\/doktorvolt.pl\/wp-content\/uploads\/2026\/02\/pol_pl_20003-20003_2.jpg\" \/>\n\t<meta property=\"og:image:width\" content=\"1600\" \/>\n\t<meta property=\"og:image:height\" content=\"1600\" \/>\n\t<meta property=\"og:image:type\" content=\"image\/jpeg\" \/>\n<meta name=\"twitter:card\" content=\"summary_large_image\" \/>\n<script type=\"application\/ld+json\" class=\"yoast-schema-graph\">{\"@context\":\"https:\/\/schema.org\",\"@graph\":[{\"@type\":\"WebPage\",\"@id\":\"https:\/\/doktorvolt.pl\/de\/oferta-doktorvolt\/zubehoer\/bau-heimwerken-werkzeuge\/eimer-und-moertelkasten\/wiadro-budowlane-20l-ogrodnicze-gospodarcze-pvc-plastikowe-czarne-na-zaprawe-wode-doktorvolt\/\",\"url\":\"https:\/\/doktorvolt.pl\/de\/oferta-doktorvolt\/zubehoer\/bau-heimwerken-werkzeuge\/eimer-und-moertelkasten\/wiadro-budowlane-20l-ogrodnicze-gospodarcze-pvc-plastikowe-czarne-na-zaprawe-wode-doktorvolt\/\",\"name\":\"Baueimer 20L Garteneimer PVC M\u00f6rtelk\u00fcbel Wassereimer M\u00f6rteleimer Eimer K\u00fcbel Maurereimer Putzeimer schwarz DV-5701 - DOKTORVOLT\u00ae\",\"isPartOf\":{\"@id\":\"https:\/\/doktorvolt.pl\/de\/#website\"},\"primaryImageOfPage\":{\"@id\":\"https:\/\/doktorvolt.pl\/de\/oferta-doktorvolt\/zubehoer\/bau-heimwerken-werkzeuge\/eimer-und-moertelkasten\/wiadro-budowlane-20l-ogrodnicze-gospodarcze-pvc-plastikowe-czarne-na-zaprawe-wode-doktorvolt\/#primaryimage\"},\"image\":{\"@id\":\"https:\/\/doktorvolt.pl\/de\/oferta-doktorvolt\/zubehoer\/bau-heimwerken-werkzeuge\/eimer-und-moertelkasten\/wiadro-budowlane-20l-ogrodnicze-gospodarcze-pvc-plastikowe-czarne-na-zaprawe-wode-doktorvolt\/#primaryimage\"},\"thumbnailUrl\":\"https:\/\/doktorvolt.pl\/wp-content\/uploads\/2026\/02\/pol_pl_20003-20003_2.jpg\",\"datePublished\":\"2026-02-23T14:13:38+00:00\",\"dateModified\":\"2026-02-27T07:38:46+00:00\",\"breadcrumb\":{\"@id\":\"https:\/\/doktorvolt.pl\/de\/oferta-doktorvolt\/zubehoer\/bau-heimwerken-werkzeuge\/eimer-und-moertelkasten\/wiadro-budowlane-20l-ogrodnicze-gospodarcze-pvc-plastikowe-czarne-na-zaprawe-wode-doktorvolt\/#breadcrumb\"},\"inLanguage\":\"de\",\"potentialAction\":[{\"@type\":\"ReadAction\",\"target\":[\"https:\/\/doktorvolt.pl\/de\/oferta-doktorvolt\/zubehoer\/bau-heimwerken-werkzeuge\/eimer-und-moertelkasten\/wiadro-budowlane-20l-ogrodnicze-gospodarcze-pvc-plastikowe-czarne-na-zaprawe-wode-doktorvolt\/\"]}]},{\"@type\":\"ImageObject\",\"inLanguage\":\"de\",\"@id\":\"https:\/\/doktorvolt.pl\/de\/oferta-doktorvolt\/zubehoer\/bau-heimwerken-werkzeuge\/eimer-und-moertelkasten\/wiadro-budowlane-20l-ogrodnicze-gospodarcze-pvc-plastikowe-czarne-na-zaprawe-wode-doktorvolt\/#primaryimage\",\"url\":\"https:\/\/doktorvolt.pl\/wp-content\/uploads\/2026\/02\/pol_pl_20003-20003_2.jpg\",\"contentUrl\":\"https:\/\/doktorvolt.pl\/wp-content\/uploads\/2026\/02\/pol_pl_20003-20003_2.jpg\",\"width\":1600,\"height\":1600},{\"@type\":\"BreadcrumbList\",\"@id\":\"https:\/\/doktorvolt.pl\/de\/oferta-doktorvolt\/zubehoer\/bau-heimwerken-werkzeuge\/eimer-und-moertelkasten\/wiadro-budowlane-20l-ogrodnicze-gospodarcze-pvc-plastikowe-czarne-na-zaprawe-wode-doktorvolt\/#breadcrumb\",\"itemListElement\":[{\"@type\":\"ListItem\",\"position\":1,\"name\":\"Strona g\u0142\u00f3wna\",\"item\":\"https:\/\/doktorvolt.pl\/de\/\"},{\"@type\":\"ListItem\",\"position\":2,\"name\":\"Angebot Doktorvolt\",\"item\":\"https:\/\/doktorvolt.pl\/de\/angebot-doktorvolt\/\"},{\"@type\":\"ListItem\",\"position\":3,\"name\":\"Baueimer 20L Garteneimer PVC M\u00f6rtelk\u00fcbel Wassereimer M\u00f6rteleimer Eimer K\u00fcbel Maurereimer Putzeimer schwarz DV-5701\"}]},{\"@type\":\"WebSite\",\"@id\":\"https:\/\/doktorvolt.pl\/de\/#website\",\"url\":\"https:\/\/doktorvolt.pl\/de\/\",\"name\":\"DOKTORVOLT\u00ae\",\"description\":\"Producent rozdzielnic budowlanych\",\"publisher\":{\"@id\":\"https:\/\/doktorvolt.pl\/de\/#organization\"},\"potentialAction\":[{\"@type\":\"SearchAction\",\"target\":{\"@type\":\"EntryPoint\",\"urlTemplate\":\"https:\/\/doktorvolt.pl\/de\/?s={search_term_string}\"},\"query-input\":{\"@type\":\"PropertyValueSpecification\",\"valueRequired\":true,\"valueName\":\"search_term_string\"}}],\"inLanguage\":\"de\"},{\"@type\":\"Organization\",\"@id\":\"https:\/\/doktorvolt.pl\/de\/#organization\",\"name\":\"DOKTORVOLT\u00ae\",\"url\":\"https:\/\/doktorvolt.pl\/de\/\",\"logo\":{\"@type\":\"ImageObject\",\"inLanguage\":\"de\",\"@id\":\"https:\/\/doktorvolt.pl\/de\/#\/schema\/logo\/image\/\",\"url\":\"https:\/\/doktorvolt.pl\/wp-content\/uploads\/2023\/10\/DoktorVOLT-black-png.png\",\"contentUrl\":\"https:\/\/doktorvolt.pl\/wp-content\/uploads\/2023\/10\/DoktorVOLT-black-png.png\",\"width\":729,\"height\":40,\"caption\":\"DOKTORVOLT\u00ae\"},\"image\":{\"@id\":\"https:\/\/doktorvolt.pl\/de\/#\/schema\/logo\/image\/\"}}]}<\/script>\n<!-- \/ Yoast SEO plugin. -->","yoast_head_json":{"title":"Baueimer 20L Garteneimer PVC M\u00f6rtelk\u00fcbel Wassereimer M\u00f6rteleimer Eimer K\u00fcbel Maurereimer Putzeimer schwarz DV-5701 - DOKTORVOLT\u00ae","robots":{"index":"index","follow":"follow","max-snippet":"max-snippet:-1","max-image-preview":"max-image-preview:large","max-video-preview":"max-video-preview:-1"},"canonical":"https:\/\/doktorvolt.pl\/de\/oferta-doktorvolt\/zubehoer\/bau-heimwerken-werkzeuge\/eimer-und-moertelkasten\/wiadro-budowlane-20l-ogrodnicze-gospodarcze-pvc-plastikowe-czarne-na-zaprawe-wode-doktorvolt\/","og_locale":"de_DE","og_type":"article","og_title":"Baueimer 20L Garteneimer PVC M\u00f6rtelk\u00fcbel Wassereimer M\u00f6rteleimer Eimer K\u00fcbel Maurereimer Putzeimer schwarz DV-5701 - DOKTORVOLT\u00ae","og_description":"Stabiler 20-Liter-Kunststoffeimer aus PVC, ideal f\u00fcr Gartenarbeit und Bauprojekte. Robuster Universaleimer mit Metallhenkel \u2013 perfekt als Wassereimer, M\u00f6rtelk\u00fcbel, f\u00fcr Sand oder Bauschutt. Langlebig und praktisch im t\u00e4glichen Einsatz.","og_url":"https:\/\/doktorvolt.pl\/de\/oferta-doktorvolt\/zubehoer\/bau-heimwerken-werkzeuge\/eimer-und-moertelkasten\/wiadro-budowlane-20l-ogrodnicze-gospodarcze-pvc-plastikowe-czarne-na-zaprawe-wode-doktorvolt\/","og_site_name":"DOKTORVOLT\u00ae","article_modified_time":"2026-02-27T07:38:46+00:00","og_image":[{"width":1600,"height":1600,"url":"https:\/\/doktorvolt.pl\/wp-content\/uploads\/2026\/02\/pol_pl_20003-20003_2.jpg","type":"image\/jpeg"}],"twitter_card":"summary_large_image","schema":{"@context":"https:\/\/schema.org","@graph":[{"@type":"WebPage","@id":"https:\/\/doktorvolt.pl\/de\/oferta-doktorvolt\/zubehoer\/bau-heimwerken-werkzeuge\/eimer-und-moertelkasten\/wiadro-budowlane-20l-ogrodnicze-gospodarcze-pvc-plastikowe-czarne-na-zaprawe-wode-doktorvolt\/","url":"https:\/\/doktorvolt.pl\/de\/oferta-doktorvolt\/zubehoer\/bau-heimwerken-werkzeuge\/eimer-und-moertelkasten\/wiadro-budowlane-20l-ogrodnicze-gospodarcze-pvc-plastikowe-czarne-na-zaprawe-wode-doktorvolt\/","name":"Baueimer 20L Garteneimer PVC M\u00f6rtelk\u00fcbel Wassereimer M\u00f6rteleimer Eimer K\u00fcbel Maurereimer Putzeimer schwarz DV-5701 - DOKTORVOLT\u00ae","isPartOf":{"@id":"https:\/\/doktorvolt.pl\/de\/#website"},"primaryImageOfPage":{"@id":"https:\/\/doktorvolt.pl\/de\/oferta-doktorvolt\/zubehoer\/bau-heimwerken-werkzeuge\/eimer-und-moertelkasten\/wiadro-budowlane-20l-ogrodnicze-gospodarcze-pvc-plastikowe-czarne-na-zaprawe-wode-doktorvolt\/#primaryimage"},"image":{"@id":"https:\/\/doktorvolt.pl\/de\/oferta-doktorvolt\/zubehoer\/bau-heimwerken-werkzeuge\/eimer-und-moertelkasten\/wiadro-budowlane-20l-ogrodnicze-gospodarcze-pvc-plastikowe-czarne-na-zaprawe-wode-doktorvolt\/#primaryimage"},"thumbnailUrl":"https:\/\/doktorvolt.pl\/wp-content\/uploads\/2026\/02\/pol_pl_20003-20003_2.jpg","datePublished":"2026-02-23T14:13:38+00:00","dateModified":"2026-02-27T07:38:46+00:00","breadcrumb":{"@id":"https:\/\/doktorvolt.pl\/de\/oferta-doktorvolt\/zubehoer\/bau-heimwerken-werkzeuge\/eimer-und-moertelkasten\/wiadro-budowlane-20l-ogrodnicze-gospodarcze-pvc-plastikowe-czarne-na-zaprawe-wode-doktorvolt\/#breadcrumb"},"inLanguage":"de","potentialAction":[{"@type":"ReadAction","target":["https:\/\/doktorvolt.pl\/de\/oferta-doktorvolt\/zubehoer\/bau-heimwerken-werkzeuge\/eimer-und-moertelkasten\/wiadro-budowlane-20l-ogrodnicze-gospodarcze-pvc-plastikowe-czarne-na-zaprawe-wode-doktorvolt\/"]}]},{"@type":"ImageObject","inLanguage":"de","@id":"https:\/\/doktorvolt.pl\/de\/oferta-doktorvolt\/zubehoer\/bau-heimwerken-werkzeuge\/eimer-und-moertelkasten\/wiadro-budowlane-20l-ogrodnicze-gospodarcze-pvc-plastikowe-czarne-na-zaprawe-wode-doktorvolt\/#primaryimage","url":"https:\/\/doktorvolt.pl\/wp-content\/uploads\/2026\/02\/pol_pl_20003-20003_2.jpg","contentUrl":"https:\/\/doktorvolt.pl\/wp-content\/uploads\/2026\/02\/pol_pl_20003-20003_2.jpg","width":1600,"height":1600},{"@type":"BreadcrumbList","@id":"https:\/\/doktorvolt.pl\/de\/oferta-doktorvolt\/zubehoer\/bau-heimwerken-werkzeuge\/eimer-und-moertelkasten\/wiadro-budowlane-20l-ogrodnicze-gospodarcze-pvc-plastikowe-czarne-na-zaprawe-wode-doktorvolt\/#breadcrumb","itemListElement":[{"@type":"ListItem","position":1,"name":"Strona g\u0142\u00f3wna","item":"https:\/\/doktorvolt.pl\/de\/"},{"@type":"ListItem","position":2,"name":"Angebot Doktorvolt","item":"https:\/\/doktorvolt.pl\/de\/angebot-doktorvolt\/"},{"@type":"ListItem","position":3,"name":"Baueimer 20L Garteneimer PVC M\u00f6rtelk\u00fcbel Wassereimer M\u00f6rteleimer Eimer K\u00fcbel Maurereimer Putzeimer schwarz DV-5701"}]},{"@type":"WebSite","@id":"https:\/\/doktorvolt.pl\/de\/#website","url":"https:\/\/doktorvolt.pl\/de\/","name":"DOKTORVOLT\u00ae","description":"Producent rozdzielnic budowlanych","publisher":{"@id":"https:\/\/doktorvolt.pl\/de\/#organization"},"potentialAction":[{"@type":"SearchAction","target":{"@type":"EntryPoint","urlTemplate":"https:\/\/doktorvolt.pl\/de\/?s={search_term_string}"},"query-input":{"@type":"PropertyValueSpecification","valueRequired":true,"valueName":"search_term_string"}}],"inLanguage":"de"},{"@type":"Organization","@id":"https:\/\/doktorvolt.pl\/de\/#organization","name":"DOKTORVOLT\u00ae","url":"https:\/\/doktorvolt.pl\/de\/","logo":{"@type":"ImageObject","inLanguage":"de","@id":"https:\/\/doktorvolt.pl\/de\/#\/schema\/logo\/image\/","url":"https:\/\/doktorvolt.pl\/wp-content\/uploads\/2023\/10\/DoktorVOLT-black-png.png","contentUrl":"https:\/\/doktorvolt.pl\/wp-content\/uploads\/2023\/10\/DoktorVOLT-black-png.png","width":729,"height":40,"caption":"DOKTORVOLT\u00ae"},"image":{"@id":"https:\/\/doktorvolt.pl\/de\/#\/schema\/logo\/image\/"}}]}},"_links":{"self":[{"href":"https:\/\/doktorvolt.pl\/de\/wp-json\/wp\/v2\/product\/109738","targetHints":{"allow":["GET"]}}],"collection":[{"href":"https:\/\/doktorvolt.pl\/de\/wp-json\/wp\/v2\/product"}],"about":[{"href":"https:\/\/doktorvolt.pl\/de\/wp-json\/wp\/v2\/types\/product"}],"wp:featuredmedia":[{"embeddable":true,"href":"https:\/\/doktorvolt.pl\/de\/wp-json\/wp\/v2\/media\/106250"}],"wp:attachment":[{"href":"https:\/\/doktorvolt.pl\/de\/wp-json\/wp\/v2\/media?parent=109738"}],"wp:term":[{"taxonomy":"product_brand","embeddable":true,"href":"https:\/\/doktorvolt.pl\/de\/wp-json\/wp\/v2\/product_brand?post=109738"},{"taxonomy":"product_cat","embeddable":true,"href":"https:\/\/doktorvolt.pl\/de\/wp-json\/wp\/v2\/product_cat?post=109738"},{"taxonomy":"product_tag","embeddable":true,"href":"https:\/\/doktorvolt.pl\/de\/wp-json\/wp\/v2\/product_tag?post=109738"}],"curies":[{"name":"wp","href":"https:\/\/api.w.org\/{rel}","templated":true}]}}