{"id":109746,"date":"2026-02-23T16:11:39","date_gmt":"2026-02-23T14:11:39","guid":{"rendered":"https:\/\/doktorvolt.pl\/sklep\/unkategorisiert\/slupek-ogrodowy-z-kranikiem-dekoracyjny-tanker-kran-ogrodowy-na-dzialke-hydrant-antracyt-doktorvolt\/"},"modified":"2026-02-27T09:38:39","modified_gmt":"2026-02-27T07:38:39","slug":"slupek-ogrodowy-z-kranikiem-dekoracyjny-tanker-kran-ogrodowy-na-dzialke-hydrant-antracyt-doktorvolt","status":"publish","type":"product","link":"https:\/\/doktorvolt.pl\/de\/oferta-doktorvolt\/camping\/wassersaeulen\/slupek-ogrodowy-z-kranikiem-dekoracyjny-tanker-kran-ogrodowy-na-dzialke-hydrant-antracyt-doktorvolt\/","title":{"rendered":"Wassers\u00e4ule Gartenpfosten mit Wasserhahn dekorative Wasserzapfstelle anthrazit Wasserzapfs\u00e4ule Doktorvolt DV-5145"},"content":{"rendered":"<p>Gartenpfahl mit Wasserhahn. Der moderne K\u00f6rper ist eine \u00e4sthetische Erg\u00e4nzung f\u00fcr jeden Garten, benutzerfreundlich, langlebig und einfach zu montieren. Ideal f\u00fcr Garten und Terrasse.<\/p>\n","protected":false},"excerpt":{"rendered":"<p>Gartenpfahl mit Wasserhahn. Der moderne K\u00f6rper ist eine \u00e4sthetische Erg\u00e4nzung f\u00fcr jeden Garten, benutzerfreundlich, langlebig und einfach zu montieren. Ideal f\u00fcr Garten und Terrasse.<\/p>\n","protected":false},"featured_media":106113,"template":"","meta":[],"product_brand":[],"product_cat":[4562],"product_tag":[],"class_list":{"0":"post-109746","1":"product","2":"type-product","3":"status-publish","4":"has-post-thumbnail","6":"product_cat-wassersaeulen","7":"pa_dodatkowe-wyposazenie-wasserhahn","9":"first","10":"instock","11":"shipping-taxable","12":"product-type-external"},"yoast_head":"<!-- This site is optimized with the Yoast SEO plugin v27.0 - https:\/\/yoast.com\/product\/yoast-seo-wordpress\/ -->\n<title>Wassers\u00e4ule Gartenpfosten mit Wasserhahn dekorative Wasserzapfstelle anthrazit Wasserzapfs\u00e4ule Doktorvolt DV-5145 - DOKTORVOLT\u00ae<\/title>\n<meta name=\"robots\" content=\"index, follow, max-snippet:-1, max-image-preview:large, max-video-preview:-1\" \/>\n<link rel=\"canonical\" href=\"https:\/\/doktorvolt.pl\/de\/oferta-doktorvolt\/camping\/wassersaeulen\/slupek-ogrodowy-z-kranikiem-dekoracyjny-tanker-kran-ogrodowy-na-dzialke-hydrant-antracyt-doktorvolt\/\" \/>\n<meta property=\"og:locale\" content=\"de_DE\" \/>\n<meta property=\"og:type\" content=\"article\" \/>\n<meta property=\"og:title\" content=\"Wassers\u00e4ule Gartenpfosten mit Wasserhahn dekorative Wasserzapfstelle anthrazit Wasserzapfs\u00e4ule Doktorvolt DV-5145 - DOKTORVOLT\u00ae\" \/>\n<meta property=\"og:description\" content=\"Gartenpfahl mit Wasserhahn. Der moderne K\u00f6rper ist eine \u00e4sthetische Erg\u00e4nzung f\u00fcr jeden Garten, benutzerfreundlich, langlebig und einfach zu montieren. Ideal f\u00fcr Garten und Terrasse.\" \/>\n<meta property=\"og:url\" content=\"https:\/\/doktorvolt.pl\/de\/oferta-doktorvolt\/camping\/wassersaeulen\/slupek-ogrodowy-z-kranikiem-dekoracyjny-tanker-kran-ogrodowy-na-dzialke-hydrant-antracyt-doktorvolt\/\" \/>\n<meta property=\"og:site_name\" content=\"DOKTORVOLT\u00ae\" \/>\n<meta property=\"article:modified_time\" content=\"2026-02-27T07:38:39+00:00\" \/>\n<meta property=\"og:image\" content=\"https:\/\/doktorvolt.pl\/wp-content\/uploads\/2026\/02\/pol_pl_Slupek-ogrodowy-z-kranikiem-dekoracyjny-tanker-kran-ogrodowy-na-dzialke-hydrant-antracyt-Doktorvolt-19947_1.jpg\" \/>\n\t<meta property=\"og:image:width\" content=\"1600\" \/>\n\t<meta property=\"og:image:height\" content=\"1600\" \/>\n\t<meta property=\"og:image:type\" content=\"image\/jpeg\" \/>\n<meta name=\"twitter:card\" content=\"summary_large_image\" \/>\n<script type=\"application\/ld+json\" class=\"yoast-schema-graph\">{\"@context\":\"https:\/\/schema.org\",\"@graph\":[{\"@type\":\"WebPage\",\"@id\":\"https:\/\/doktorvolt.pl\/de\/oferta-doktorvolt\/camping\/wassersaeulen\/slupek-ogrodowy-z-kranikiem-dekoracyjny-tanker-kran-ogrodowy-na-dzialke-hydrant-antracyt-doktorvolt\/\",\"url\":\"https:\/\/doktorvolt.pl\/de\/oferta-doktorvolt\/camping\/wassersaeulen\/slupek-ogrodowy-z-kranikiem-dekoracyjny-tanker-kran-ogrodowy-na-dzialke-hydrant-antracyt-doktorvolt\/\",\"name\":\"Wassers\u00e4ule Gartenpfosten mit Wasserhahn dekorative Wasserzapfstelle anthrazit Wasserzapfs\u00e4ule Doktorvolt DV-5145 - DOKTORVOLT\u00ae\",\"isPartOf\":{\"@id\":\"https:\/\/doktorvolt.pl\/de\/#website\"},\"primaryImageOfPage\":{\"@id\":\"https:\/\/doktorvolt.pl\/de\/oferta-doktorvolt\/camping\/wassersaeulen\/slupek-ogrodowy-z-kranikiem-dekoracyjny-tanker-kran-ogrodowy-na-dzialke-hydrant-antracyt-doktorvolt\/#primaryimage\"},\"image\":{\"@id\":\"https:\/\/doktorvolt.pl\/de\/oferta-doktorvolt\/camping\/wassersaeulen\/slupek-ogrodowy-z-kranikiem-dekoracyjny-tanker-kran-ogrodowy-na-dzialke-hydrant-antracyt-doktorvolt\/#primaryimage\"},\"thumbnailUrl\":\"https:\/\/doktorvolt.pl\/wp-content\/uploads\/2026\/02\/pol_pl_Slupek-ogrodowy-z-kranikiem-dekoracyjny-tanker-kran-ogrodowy-na-dzialke-hydrant-antracyt-Doktorvolt-19947_1.jpg\",\"datePublished\":\"2026-02-23T14:11:39+00:00\",\"dateModified\":\"2026-02-27T07:38:39+00:00\",\"breadcrumb\":{\"@id\":\"https:\/\/doktorvolt.pl\/de\/oferta-doktorvolt\/camping\/wassersaeulen\/slupek-ogrodowy-z-kranikiem-dekoracyjny-tanker-kran-ogrodowy-na-dzialke-hydrant-antracyt-doktorvolt\/#breadcrumb\"},\"inLanguage\":\"de\",\"potentialAction\":[{\"@type\":\"ReadAction\",\"target\":[\"https:\/\/doktorvolt.pl\/de\/oferta-doktorvolt\/camping\/wassersaeulen\/slupek-ogrodowy-z-kranikiem-dekoracyjny-tanker-kran-ogrodowy-na-dzialke-hydrant-antracyt-doktorvolt\/\"]}]},{\"@type\":\"ImageObject\",\"inLanguage\":\"de\",\"@id\":\"https:\/\/doktorvolt.pl\/de\/oferta-doktorvolt\/camping\/wassersaeulen\/slupek-ogrodowy-z-kranikiem-dekoracyjny-tanker-kran-ogrodowy-na-dzialke-hydrant-antracyt-doktorvolt\/#primaryimage\",\"url\":\"https:\/\/doktorvolt.pl\/wp-content\/uploads\/2026\/02\/pol_pl_Slupek-ogrodowy-z-kranikiem-dekoracyjny-tanker-kran-ogrodowy-na-dzialke-hydrant-antracyt-Doktorvolt-19947_1.jpg\",\"contentUrl\":\"https:\/\/doktorvolt.pl\/wp-content\/uploads\/2026\/02\/pol_pl_Slupek-ogrodowy-z-kranikiem-dekoracyjny-tanker-kran-ogrodowy-na-dzialke-hydrant-antracyt-Doktorvolt-19947_1.jpg\",\"width\":1600,\"height\":1600},{\"@type\":\"BreadcrumbList\",\"@id\":\"https:\/\/doktorvolt.pl\/de\/oferta-doktorvolt\/camping\/wassersaeulen\/slupek-ogrodowy-z-kranikiem-dekoracyjny-tanker-kran-ogrodowy-na-dzialke-hydrant-antracyt-doktorvolt\/#breadcrumb\",\"itemListElement\":[{\"@type\":\"ListItem\",\"position\":1,\"name\":\"Strona g\u0142\u00f3wna\",\"item\":\"https:\/\/doktorvolt.pl\/de\/\"},{\"@type\":\"ListItem\",\"position\":2,\"name\":\"Angebot Doktorvolt\",\"item\":\"https:\/\/doktorvolt.pl\/de\/angebot-doktorvolt\/\"},{\"@type\":\"ListItem\",\"position\":3,\"name\":\"Wassers\u00e4ule Gartenpfosten mit Wasserhahn dekorative Wasserzapfstelle anthrazit Wasserzapfs\u00e4ule Doktorvolt DV-5145\"}]},{\"@type\":\"WebSite\",\"@id\":\"https:\/\/doktorvolt.pl\/de\/#website\",\"url\":\"https:\/\/doktorvolt.pl\/de\/\",\"name\":\"DOKTORVOLT\u00ae\",\"description\":\"Producent rozdzielnic budowlanych\",\"publisher\":{\"@id\":\"https:\/\/doktorvolt.pl\/de\/#organization\"},\"potentialAction\":[{\"@type\":\"SearchAction\",\"target\":{\"@type\":\"EntryPoint\",\"urlTemplate\":\"https:\/\/doktorvolt.pl\/de\/?s={search_term_string}\"},\"query-input\":{\"@type\":\"PropertyValueSpecification\",\"valueRequired\":true,\"valueName\":\"search_term_string\"}}],\"inLanguage\":\"de\"},{\"@type\":\"Organization\",\"@id\":\"https:\/\/doktorvolt.pl\/de\/#organization\",\"name\":\"DOKTORVOLT\u00ae\",\"url\":\"https:\/\/doktorvolt.pl\/de\/\",\"logo\":{\"@type\":\"ImageObject\",\"inLanguage\":\"de\",\"@id\":\"https:\/\/doktorvolt.pl\/de\/#\/schema\/logo\/image\/\",\"url\":\"https:\/\/doktorvolt.pl\/wp-content\/uploads\/2023\/10\/DoktorVOLT-black-png.png\",\"contentUrl\":\"https:\/\/doktorvolt.pl\/wp-content\/uploads\/2023\/10\/DoktorVOLT-black-png.png\",\"width\":729,\"height\":40,\"caption\":\"DOKTORVOLT\u00ae\"},\"image\":{\"@id\":\"https:\/\/doktorvolt.pl\/de\/#\/schema\/logo\/image\/\"}}]}<\/script>\n<!-- \/ Yoast SEO plugin. -->","yoast_head_json":{"title":"Wassers\u00e4ule Gartenpfosten mit Wasserhahn dekorative Wasserzapfstelle anthrazit Wasserzapfs\u00e4ule Doktorvolt DV-5145 - DOKTORVOLT\u00ae","robots":{"index":"index","follow":"follow","max-snippet":"max-snippet:-1","max-image-preview":"max-image-preview:large","max-video-preview":"max-video-preview:-1"},"canonical":"https:\/\/doktorvolt.pl\/de\/oferta-doktorvolt\/camping\/wassersaeulen\/slupek-ogrodowy-z-kranikiem-dekoracyjny-tanker-kran-ogrodowy-na-dzialke-hydrant-antracyt-doktorvolt\/","og_locale":"de_DE","og_type":"article","og_title":"Wassers\u00e4ule Gartenpfosten mit Wasserhahn dekorative Wasserzapfstelle anthrazit Wasserzapfs\u00e4ule Doktorvolt DV-5145 - DOKTORVOLT\u00ae","og_description":"Gartenpfahl mit Wasserhahn. Der moderne K\u00f6rper ist eine \u00e4sthetische Erg\u00e4nzung f\u00fcr jeden Garten, benutzerfreundlich, langlebig und einfach zu montieren. Ideal f\u00fcr Garten und Terrasse.","og_url":"https:\/\/doktorvolt.pl\/de\/oferta-doktorvolt\/camping\/wassersaeulen\/slupek-ogrodowy-z-kranikiem-dekoracyjny-tanker-kran-ogrodowy-na-dzialke-hydrant-antracyt-doktorvolt\/","og_site_name":"DOKTORVOLT\u00ae","article_modified_time":"2026-02-27T07:38:39+00:00","og_image":[{"width":1600,"height":1600,"url":"https:\/\/doktorvolt.pl\/wp-content\/uploads\/2026\/02\/pol_pl_Slupek-ogrodowy-z-kranikiem-dekoracyjny-tanker-kran-ogrodowy-na-dzialke-hydrant-antracyt-Doktorvolt-19947_1.jpg","type":"image\/jpeg"}],"twitter_card":"summary_large_image","schema":{"@context":"https:\/\/schema.org","@graph":[{"@type":"WebPage","@id":"https:\/\/doktorvolt.pl\/de\/oferta-doktorvolt\/camping\/wassersaeulen\/slupek-ogrodowy-z-kranikiem-dekoracyjny-tanker-kran-ogrodowy-na-dzialke-hydrant-antracyt-doktorvolt\/","url":"https:\/\/doktorvolt.pl\/de\/oferta-doktorvolt\/camping\/wassersaeulen\/slupek-ogrodowy-z-kranikiem-dekoracyjny-tanker-kran-ogrodowy-na-dzialke-hydrant-antracyt-doktorvolt\/","name":"Wassers\u00e4ule Gartenpfosten mit Wasserhahn dekorative Wasserzapfstelle anthrazit Wasserzapfs\u00e4ule Doktorvolt DV-5145 - DOKTORVOLT\u00ae","isPartOf":{"@id":"https:\/\/doktorvolt.pl\/de\/#website"},"primaryImageOfPage":{"@id":"https:\/\/doktorvolt.pl\/de\/oferta-doktorvolt\/camping\/wassersaeulen\/slupek-ogrodowy-z-kranikiem-dekoracyjny-tanker-kran-ogrodowy-na-dzialke-hydrant-antracyt-doktorvolt\/#primaryimage"},"image":{"@id":"https:\/\/doktorvolt.pl\/de\/oferta-doktorvolt\/camping\/wassersaeulen\/slupek-ogrodowy-z-kranikiem-dekoracyjny-tanker-kran-ogrodowy-na-dzialke-hydrant-antracyt-doktorvolt\/#primaryimage"},"thumbnailUrl":"https:\/\/doktorvolt.pl\/wp-content\/uploads\/2026\/02\/pol_pl_Slupek-ogrodowy-z-kranikiem-dekoracyjny-tanker-kran-ogrodowy-na-dzialke-hydrant-antracyt-Doktorvolt-19947_1.jpg","datePublished":"2026-02-23T14:11:39+00:00","dateModified":"2026-02-27T07:38:39+00:00","breadcrumb":{"@id":"https:\/\/doktorvolt.pl\/de\/oferta-doktorvolt\/camping\/wassersaeulen\/slupek-ogrodowy-z-kranikiem-dekoracyjny-tanker-kran-ogrodowy-na-dzialke-hydrant-antracyt-doktorvolt\/#breadcrumb"},"inLanguage":"de","potentialAction":[{"@type":"ReadAction","target":["https:\/\/doktorvolt.pl\/de\/oferta-doktorvolt\/camping\/wassersaeulen\/slupek-ogrodowy-z-kranikiem-dekoracyjny-tanker-kran-ogrodowy-na-dzialke-hydrant-antracyt-doktorvolt\/"]}]},{"@type":"ImageObject","inLanguage":"de","@id":"https:\/\/doktorvolt.pl\/de\/oferta-doktorvolt\/camping\/wassersaeulen\/slupek-ogrodowy-z-kranikiem-dekoracyjny-tanker-kran-ogrodowy-na-dzialke-hydrant-antracyt-doktorvolt\/#primaryimage","url":"https:\/\/doktorvolt.pl\/wp-content\/uploads\/2026\/02\/pol_pl_Slupek-ogrodowy-z-kranikiem-dekoracyjny-tanker-kran-ogrodowy-na-dzialke-hydrant-antracyt-Doktorvolt-19947_1.jpg","contentUrl":"https:\/\/doktorvolt.pl\/wp-content\/uploads\/2026\/02\/pol_pl_Slupek-ogrodowy-z-kranikiem-dekoracyjny-tanker-kran-ogrodowy-na-dzialke-hydrant-antracyt-Doktorvolt-19947_1.jpg","width":1600,"height":1600},{"@type":"BreadcrumbList","@id":"https:\/\/doktorvolt.pl\/de\/oferta-doktorvolt\/camping\/wassersaeulen\/slupek-ogrodowy-z-kranikiem-dekoracyjny-tanker-kran-ogrodowy-na-dzialke-hydrant-antracyt-doktorvolt\/#breadcrumb","itemListElement":[{"@type":"ListItem","position":1,"name":"Strona g\u0142\u00f3wna","item":"https:\/\/doktorvolt.pl\/de\/"},{"@type":"ListItem","position":2,"name":"Angebot Doktorvolt","item":"https:\/\/doktorvolt.pl\/de\/angebot-doktorvolt\/"},{"@type":"ListItem","position":3,"name":"Wassers\u00e4ule Gartenpfosten mit Wasserhahn dekorative Wasserzapfstelle anthrazit Wasserzapfs\u00e4ule Doktorvolt DV-5145"}]},{"@type":"WebSite","@id":"https:\/\/doktorvolt.pl\/de\/#website","url":"https:\/\/doktorvolt.pl\/de\/","name":"DOKTORVOLT\u00ae","description":"Producent rozdzielnic budowlanych","publisher":{"@id":"https:\/\/doktorvolt.pl\/de\/#organization"},"potentialAction":[{"@type":"SearchAction","target":{"@type":"EntryPoint","urlTemplate":"https:\/\/doktorvolt.pl\/de\/?s={search_term_string}"},"query-input":{"@type":"PropertyValueSpecification","valueRequired":true,"valueName":"search_term_string"}}],"inLanguage":"de"},{"@type":"Organization","@id":"https:\/\/doktorvolt.pl\/de\/#organization","name":"DOKTORVOLT\u00ae","url":"https:\/\/doktorvolt.pl\/de\/","logo":{"@type":"ImageObject","inLanguage":"de","@id":"https:\/\/doktorvolt.pl\/de\/#\/schema\/logo\/image\/","url":"https:\/\/doktorvolt.pl\/wp-content\/uploads\/2023\/10\/DoktorVOLT-black-png.png","contentUrl":"https:\/\/doktorvolt.pl\/wp-content\/uploads\/2023\/10\/DoktorVOLT-black-png.png","width":729,"height":40,"caption":"DOKTORVOLT\u00ae"},"image":{"@id":"https:\/\/doktorvolt.pl\/de\/#\/schema\/logo\/image\/"}}]}},"_links":{"self":[{"href":"https:\/\/doktorvolt.pl\/de\/wp-json\/wp\/v2\/product\/109746","targetHints":{"allow":["GET"]}}],"collection":[{"href":"https:\/\/doktorvolt.pl\/de\/wp-json\/wp\/v2\/product"}],"about":[{"href":"https:\/\/doktorvolt.pl\/de\/wp-json\/wp\/v2\/types\/product"}],"wp:featuredmedia":[{"embeddable":true,"href":"https:\/\/doktorvolt.pl\/de\/wp-json\/wp\/v2\/media\/106113"}],"wp:attachment":[{"href":"https:\/\/doktorvolt.pl\/de\/wp-json\/wp\/v2\/media?parent=109746"}],"wp:term":[{"taxonomy":"product_brand","embeddable":true,"href":"https:\/\/doktorvolt.pl\/de\/wp-json\/wp\/v2\/product_brand?post=109746"},{"taxonomy":"product_cat","embeddable":true,"href":"https:\/\/doktorvolt.pl\/de\/wp-json\/wp\/v2\/product_cat?post=109746"},{"taxonomy":"product_tag","embeddable":true,"href":"https:\/\/doktorvolt.pl\/de\/wp-json\/wp\/v2\/product_tag?post=109746"}],"curies":[{"name":"wp","href":"https:\/\/api.w.org\/{rel}","templated":true}]}}