{"id":109766,"date":"2026-02-23T16:07:42","date_gmt":"2026-02-23T14:07:42","guid":{"rendered":"https:\/\/doktorvolt.pl\/sklep\/unkategorisiert\/wylacznik-nadpradowy-mcb-10ka-3p-63a-c63a-vde-doktorvolt-dv-3943\/"},"modified":"2026-04-23T14:19:47","modified_gmt":"2026-04-23T12:19:47","slug":"wylacznik-nadpradowy-mcb-10ka-3p-63a-c63a-vde-doktorvolt-dv-3943","status":"publish","type":"product","link":"https:\/\/doktorvolt.pl\/de\/offer-doktorvolt\/modulare-geraete\/leitungsschutzschalter\/10ka-leitungsschutzschalter\/wylacznik-nadpradowy-mcb-10ka-3p-63a-c63a-vde-doktorvolt-dv-3943\/","title":{"rendered":"Leitungsschutzschalter MCB 10kA 3P 63A C63A Doktorvolt VDE LS-Schalter DV-3943"},"content":{"rendered":"<p><!-- Nag\u0142\u00f3wek g\u0142\u00f3wny strony --><\/p>\n<h1 style=\"font-size: 24pt;\">\n  <!-- Tytu\u0142 strony --><br \/>\n  <span style=\"display: inline-block; width: 100%;\">Leitungsschutzschalter MCB 10kA 3P 63A VDE C63A LS-Schalter Doktorvolt DV-3943<\/span><br \/>\n <\/h1>\n<p> <!-- Kr\u00f3tki opis produktu --><\/p>\n<h4 style=\"font-size: 14pt;\">\n  <span>Der LS-schalter wurde aus hochwertigen Materialien gefertigt, um die Sicherheit der Benutzer zu gew\u00e4hrleisten. Seine Aufgabe ist es, auf pl\u00f6tzliche Stromst\u00f6\u00dfe, die typischerweise bei Kurzschl\u00fcssen auftreten, zu reagieren und automatisch einzugreifen. Er verf\u00fcgt \u00fcber ein VDE-Zertifikat, das die Einhaltung internationaler Sicherheitsnormen im Elektrobereich best\u00e4tigt.<\/span><br \/>\n <\/h4>\n<p> <!-- Separator graficzny --><\/p>\n<div>\n  <img decoding=\"async\" style=\"max-width: 100%; margin-bottom: 20px; margin-top: 20px;\"\n  src=\"https:\/\/shop38554-1.yourtechnicaldomain.com\/data\/include\/cms\/1-zdjecia-produktow\/DOKTORVOLT\/DV-4995-EV\/ikonka_zielona_z_literka_D_biala.png?v=1729773346118\"\n  border=\"0\" width=\"1900\" height=\"30\">\n <\/div>\n<p> <!-- G\u0142\u00f3wna sekcja z opisem i obrazem produktu --><\/p>\n<div style=\"display: flex; width: 100%; justify-content: space-between; align-items: center; flex-wrap: wrap; gap: 20px; padding: 30px;\">\n  <!-- Sekcja tekstowa z opisem produktu --><\/p>\n<div style=\"flex: 3; max-width: 550px;\">\n<h2 style=\"font-size: 16pt; padding-bottom: 10px; color: #000 !important; border-bottom: 5px solid #7dd956;\">\n  <strong>Hochwertige Verarbeitung<\/strong><br \/>\n  <\/h2>\n<p style=\"font-size: 14pt; text-align: justify;\">\n  Der Leitungsschutzschalter DV-3943 mit einem Nennstrom von <strong>63A<\/strong> und einer Nennspannung von<strong> 400V<\/strong> bietet zuverl\u00e4ssigen Schutz f\u00fcr elektrische Anlagen in Industrie und Bauwesen. <strong>Er besitzt die Charakteristik Typ C<\/strong>, was bedeutet, dass er f\u00fcr den Schutz von Stromkreisen mit h\u00f6heren Einschaltstr\u00f6men wie Motoren, Transformatoren und LED Beleuchtung ausgelegt ist, bei denen eine verz\u00f6gerte Ausl\u00f6sung bei \u00dcberlast erforderlich ist. Unter einer Kunststoffklappe l\u00e4sst sich das Ger\u00e4t beschriften und identifizieren. Die <strong>VDE-Zertifizierung<\/strong> best\u00e4tigt seine hohe Qualit\u00e4t und Zuverl\u00e4ssigkeit. Die Kurzschlussfestigkeit von bis zu <strong>10kA<\/strong> macht ihn zur idealen Wahl f\u00fcr anspruchsvolle elektrische Systeme, die ein Maximum an Sicherheit und Zuverl\u00e4ssigkeit erfordern.\n  <\/p>\n<\/p><\/div>\n<p>  <!-- Sekcja z obrazem produktu --><\/p>\n<div style=\"flex: 2; max-width: 472px;\">\n  <img decoding=\"async\" src=\"https:\/\/preis-zone.pl\/data\/include\/cms\/1-zdjecia-produktow\/DOKTORVOLT\/DV-3943\/DV-3943_7.jpg?v=1739954171578\"\n  width=\"472\" height=\"472\" style=\"max-width: 100%; border-radius: 8px;\">\n  <\/div>\n<\/p><\/div>\n<p> <!-- Separator graficzny --><\/p>\n<div>\n  <img decoding=\"async\" style=\"max-width: 100%; margin-bottom: 20px; margin-top: 20px;\"\n  src=\"https:\/\/shop38554-1.yourtechnicaldomain.com\/data\/include\/cms\/1-zdjecia-produktow\/DOKTORVOLT\/DV-4995-EV\/ikonka_zielona_z_literka_D_biala.png?v=1729773346118\"\n  border=\"0\" width=\"1900\" height=\"30\">\n <\/div>\n<p> <!-- Sekcja video i specyfikacja techniczna --><\/p>\n<div style=\"display: flex; width: 100%; flex-wrap: wrap; justify-content: space-around;\">\n  <!-- Sekcja z video --><\/p>\n<div style=\"flex: 2; max-width: 472px;\">\n <video style=\"max-width=100%; margin-top: 10px; padding-top: 10px;\" width=\"500\" height=\"400\" src=\"https:\/\/preis-zone.pl\/data\/include\/cms\/1-zdjecia-produktow\/DOKTORVOLT\/DV-4513\/DV_MCB_RCCB_Video_Draft.mp4?v=1739366846334\" type=\"video\/mp4\" controls autoplay muted loop controlsList=\"nodownload\"><\/video>\n <\/div>\n<p>  <!-- Specyfikacja techniczna produktu --><\/p>\n<div style=\"display: flex; flex-direction: column; justify-content: center; align-items: left; padding-left: 50px; padding-right: 50px; padding-top: 30px; max-width: 500px; font-size: 14pt;\">\n<h2 style=\"font-size: 16pt; color: #000 !important; padding-bottom: 10px; border-bottom: 5px solid #7dd956;\">\n  <strong>Technische Spezifikationen<\/strong><br \/>\n  <\/h2>\n<p style=\"margin: 5px;\"><strong>Schaltverm\u00f6gen:<\/strong> 10kA<\/p>\n<p style=\"margin: 5px;\"><strong>Nennstrom:<\/strong> 63A<\/p>\n<p style=\"margin: 5px;\"><strong>Anzahl der Pole:<\/strong> 3P<\/p>\n<p style=\"margin: 5px;\"><strong>Nennspannung:<\/strong> 400V<\/p>\n<p style=\"margin: 5px;\"><strong>Umgebungstemperatur:<\/strong> -25 &#8211; +40 <\/p>\n<p style=\"margin: 5px;\"><strong>Schutzart:<\/strong> IP20 <\/p>\n<p style=\"margin: 5px;\"><strong>Installation:<\/strong> DIN-Schiene 35mm <\/p>\n<p style=\"margin: 5px;\"><strong>Charakteristik:<\/strong> typ C <\/p>\n<p style=\"margin: 5px;\"><strong>Frequenz:<\/strong> 50\/60 Hz <\/p>\n<\/p><\/div>\n<\/p><\/div>\n","protected":false},"excerpt":{"rendered":"<p>LS-Schalter 10kA von Doktorvolt. Hergestellt aus hochwertigen Materialien. Bietet Schutz vor den Auswirkungen von Kurzschl\u00fcssen. Der Leitungsschutzschalter verf\u00fcgt \u00fcber ein VDE-Zertifikat, das die Einhaltung der internationalen elektrischen Sicherheits<\/p>\n","protected":false},"featured_media":105836,"template":"","meta":[],"product_brand":[],"product_cat":[4552],"product_tag":[],"class_list":{"0":"post-109766","1":"product","2":"type-product","3":"status-publish","4":"has-post-thumbnail","6":"product_cat-10ka-leitungsschutzschalter","7":"pa_liczba-biegunow-3p","9":"first","10":"instock","11":"shipping-taxable","12":"product-type-external"},"yoast_head":"<!-- This site is optimized with the Yoast SEO plugin v27.0 - https:\/\/yoast.com\/product\/yoast-seo-wordpress\/ -->\n<title>Leitungsschutzschalter MCB 10kA 3P 63A C63A Doktorvolt VDE LS-Schalter DV-3943 - DOKTORVOLT\u00ae<\/title>\n<meta name=\"robots\" content=\"index, follow, max-snippet:-1, max-image-preview:large, max-video-preview:-1\" \/>\n<link rel=\"canonical\" href=\"https:\/\/doktorvolt.pl\/de\/offer-doktorvolt\/modulare-geraete\/leitungsschutzschalter\/10ka-leitungsschutzschalter\/wylacznik-nadpradowy-mcb-10ka-3p-63a-c63a-vde-doktorvolt-dv-3943\/\" \/>\n<meta property=\"og:locale\" content=\"de_DE\" \/>\n<meta property=\"og:type\" content=\"article\" \/>\n<meta property=\"og:title\" content=\"Leitungsschutzschalter MCB 10kA 3P 63A C63A Doktorvolt VDE LS-Schalter DV-3943 - DOKTORVOLT\u00ae\" \/>\n<meta property=\"og:description\" content=\"LS-Schalter 10kA von Doktorvolt. Hergestellt aus hochwertigen Materialien. Bietet Schutz vor den Auswirkungen von Kurzschl\u00fcssen. Der Leitungsschutzschalter verf\u00fcgt \u00fcber ein VDE-Zertifikat, das die Einhaltung der internationalen elektrischen Sicherheits\" \/>\n<meta property=\"og:url\" content=\"https:\/\/doktorvolt.pl\/de\/offer-doktorvolt\/modulare-geraete\/leitungsschutzschalter\/10ka-leitungsschutzschalter\/wylacznik-nadpradowy-mcb-10ka-3p-63a-c63a-vde-doktorvolt-dv-3943\/\" \/>\n<meta property=\"og:site_name\" content=\"DOKTORVOLT\u00ae\" \/>\n<meta property=\"article:modified_time\" content=\"2026-04-23T12:19:47+00:00\" \/>\n<meta property=\"og:image\" content=\"https:\/\/doktorvolt.pl\/wp-content\/uploads\/2026\/02\/pol_pl_19902-19902_8.jpg\" \/>\n\t<meta property=\"og:image:width\" content=\"1600\" \/>\n\t<meta property=\"og:image:height\" content=\"1600\" \/>\n\t<meta property=\"og:image:type\" content=\"image\/jpeg\" \/>\n<meta name=\"twitter:card\" content=\"summary_large_image\" \/>\n<meta name=\"twitter:label1\" content=\"Gesch\u00e4tzte Lesezeit\" \/>\n\t<meta name=\"twitter:data1\" content=\"1\u00a0Minute\" \/>\n<script type=\"application\/ld+json\" class=\"yoast-schema-graph\">{\"@context\":\"https:\/\/schema.org\",\"@graph\":[{\"@type\":\"WebPage\",\"@id\":\"https:\/\/doktorvolt.pl\/de\/offer-doktorvolt\/modulare-geraete\/leitungsschutzschalter\/10ka-leitungsschutzschalter\/wylacznik-nadpradowy-mcb-10ka-3p-63a-c63a-vde-doktorvolt-dv-3943\/\",\"url\":\"https:\/\/doktorvolt.pl\/de\/offer-doktorvolt\/modulare-geraete\/leitungsschutzschalter\/10ka-leitungsschutzschalter\/wylacznik-nadpradowy-mcb-10ka-3p-63a-c63a-vde-doktorvolt-dv-3943\/\",\"name\":\"Leitungsschutzschalter MCB 10kA 3P 63A C63A Doktorvolt VDE LS-Schalter DV-3943 - DOKTORVOLT\u00ae\",\"isPartOf\":{\"@id\":\"https:\/\/doktorvolt.pl\/de\/#website\"},\"primaryImageOfPage\":{\"@id\":\"https:\/\/doktorvolt.pl\/de\/offer-doktorvolt\/modulare-geraete\/leitungsschutzschalter\/10ka-leitungsschutzschalter\/wylacznik-nadpradowy-mcb-10ka-3p-63a-c63a-vde-doktorvolt-dv-3943\/#primaryimage\"},\"image\":{\"@id\":\"https:\/\/doktorvolt.pl\/de\/offer-doktorvolt\/modulare-geraete\/leitungsschutzschalter\/10ka-leitungsschutzschalter\/wylacznik-nadpradowy-mcb-10ka-3p-63a-c63a-vde-doktorvolt-dv-3943\/#primaryimage\"},\"thumbnailUrl\":\"https:\/\/doktorvolt.pl\/wp-content\/uploads\/2026\/02\/pol_pl_19902-19902_8.jpg\",\"datePublished\":\"2026-02-23T14:07:42+00:00\",\"dateModified\":\"2026-04-23T12:19:47+00:00\",\"breadcrumb\":{\"@id\":\"https:\/\/doktorvolt.pl\/de\/offer-doktorvolt\/modulare-geraete\/leitungsschutzschalter\/10ka-leitungsschutzschalter\/wylacznik-nadpradowy-mcb-10ka-3p-63a-c63a-vde-doktorvolt-dv-3943\/#breadcrumb\"},\"inLanguage\":\"de\",\"potentialAction\":[{\"@type\":\"ReadAction\",\"target\":[\"https:\/\/doktorvolt.pl\/de\/offer-doktorvolt\/modulare-geraete\/leitungsschutzschalter\/10ka-leitungsschutzschalter\/wylacznik-nadpradowy-mcb-10ka-3p-63a-c63a-vde-doktorvolt-dv-3943\/\"]}]},{\"@type\":\"ImageObject\",\"inLanguage\":\"de\",\"@id\":\"https:\/\/doktorvolt.pl\/de\/offer-doktorvolt\/modulare-geraete\/leitungsschutzschalter\/10ka-leitungsschutzschalter\/wylacznik-nadpradowy-mcb-10ka-3p-63a-c63a-vde-doktorvolt-dv-3943\/#primaryimage\",\"url\":\"https:\/\/doktorvolt.pl\/wp-content\/uploads\/2026\/02\/pol_pl_19902-19902_8.jpg\",\"contentUrl\":\"https:\/\/doktorvolt.pl\/wp-content\/uploads\/2026\/02\/pol_pl_19902-19902_8.jpg\",\"width\":1600,\"height\":1600},{\"@type\":\"BreadcrumbList\",\"@id\":\"https:\/\/doktorvolt.pl\/de\/offer-doktorvolt\/modulare-geraete\/leitungsschutzschalter\/10ka-leitungsschutzschalter\/wylacznik-nadpradowy-mcb-10ka-3p-63a-c63a-vde-doktorvolt-dv-3943\/#breadcrumb\",\"itemListElement\":[{\"@type\":\"ListItem\",\"position\":1,\"name\":\"Strona g\u0142\u00f3wna\",\"item\":\"https:\/\/doktorvolt.pl\/de\/\"},{\"@type\":\"ListItem\",\"position\":2,\"name\":\"Angebot Doktorvolt\",\"item\":\"https:\/\/doktorvolt.pl\/de\/angebot-doktorvolt\/\"},{\"@type\":\"ListItem\",\"position\":3,\"name\":\"Leitungsschutzschalter MCB 10kA 3P 63A C63A Doktorvolt VDE LS-Schalter DV-3943\"}]},{\"@type\":\"WebSite\",\"@id\":\"https:\/\/doktorvolt.pl\/de\/#website\",\"url\":\"https:\/\/doktorvolt.pl\/de\/\",\"name\":\"DOKTORVOLT\u00ae\",\"description\":\"Producent rozdzielnic budowlanych\",\"publisher\":{\"@id\":\"https:\/\/doktorvolt.pl\/de\/#organization\"},\"potentialAction\":[{\"@type\":\"SearchAction\",\"target\":{\"@type\":\"EntryPoint\",\"urlTemplate\":\"https:\/\/doktorvolt.pl\/de\/?s={search_term_string}\"},\"query-input\":{\"@type\":\"PropertyValueSpecification\",\"valueRequired\":true,\"valueName\":\"search_term_string\"}}],\"inLanguage\":\"de\"},{\"@type\":\"Organization\",\"@id\":\"https:\/\/doktorvolt.pl\/de\/#organization\",\"name\":\"DOKTORVOLT\u00ae\",\"url\":\"https:\/\/doktorvolt.pl\/de\/\",\"logo\":{\"@type\":\"ImageObject\",\"inLanguage\":\"de\",\"@id\":\"https:\/\/doktorvolt.pl\/de\/#\/schema\/logo\/image\/\",\"url\":\"https:\/\/doktorvolt.pl\/wp-content\/uploads\/2023\/10\/DoktorVOLT-black-png.png\",\"contentUrl\":\"https:\/\/doktorvolt.pl\/wp-content\/uploads\/2023\/10\/DoktorVOLT-black-png.png\",\"width\":729,\"height\":40,\"caption\":\"DOKTORVOLT\u00ae\"},\"image\":{\"@id\":\"https:\/\/doktorvolt.pl\/de\/#\/schema\/logo\/image\/\"}}]}<\/script>\n<!-- \/ Yoast SEO plugin. -->","yoast_head_json":{"title":"Leitungsschutzschalter MCB 10kA 3P 63A C63A Doktorvolt VDE LS-Schalter DV-3943 - DOKTORVOLT\u00ae","robots":{"index":"index","follow":"follow","max-snippet":"max-snippet:-1","max-image-preview":"max-image-preview:large","max-video-preview":"max-video-preview:-1"},"canonical":"https:\/\/doktorvolt.pl\/de\/offer-doktorvolt\/modulare-geraete\/leitungsschutzschalter\/10ka-leitungsschutzschalter\/wylacznik-nadpradowy-mcb-10ka-3p-63a-c63a-vde-doktorvolt-dv-3943\/","og_locale":"de_DE","og_type":"article","og_title":"Leitungsschutzschalter MCB 10kA 3P 63A C63A Doktorvolt VDE LS-Schalter DV-3943 - DOKTORVOLT\u00ae","og_description":"LS-Schalter 10kA von Doktorvolt. Hergestellt aus hochwertigen Materialien. Bietet Schutz vor den Auswirkungen von Kurzschl\u00fcssen. Der Leitungsschutzschalter verf\u00fcgt \u00fcber ein VDE-Zertifikat, das die Einhaltung der internationalen elektrischen Sicherheits","og_url":"https:\/\/doktorvolt.pl\/de\/offer-doktorvolt\/modulare-geraete\/leitungsschutzschalter\/10ka-leitungsschutzschalter\/wylacznik-nadpradowy-mcb-10ka-3p-63a-c63a-vde-doktorvolt-dv-3943\/","og_site_name":"DOKTORVOLT\u00ae","article_modified_time":"2026-04-23T12:19:47+00:00","og_image":[{"width":1600,"height":1600,"url":"https:\/\/doktorvolt.pl\/wp-content\/uploads\/2026\/02\/pol_pl_19902-19902_8.jpg","type":"image\/jpeg"}],"twitter_card":"summary_large_image","twitter_misc":{"Gesch\u00e4tzte Lesezeit":"1\u00a0Minute"},"schema":{"@context":"https:\/\/schema.org","@graph":[{"@type":"WebPage","@id":"https:\/\/doktorvolt.pl\/de\/offer-doktorvolt\/modulare-geraete\/leitungsschutzschalter\/10ka-leitungsschutzschalter\/wylacznik-nadpradowy-mcb-10ka-3p-63a-c63a-vde-doktorvolt-dv-3943\/","url":"https:\/\/doktorvolt.pl\/de\/offer-doktorvolt\/modulare-geraete\/leitungsschutzschalter\/10ka-leitungsschutzschalter\/wylacznik-nadpradowy-mcb-10ka-3p-63a-c63a-vde-doktorvolt-dv-3943\/","name":"Leitungsschutzschalter MCB 10kA 3P 63A C63A Doktorvolt VDE LS-Schalter DV-3943 - DOKTORVOLT\u00ae","isPartOf":{"@id":"https:\/\/doktorvolt.pl\/de\/#website"},"primaryImageOfPage":{"@id":"https:\/\/doktorvolt.pl\/de\/offer-doktorvolt\/modulare-geraete\/leitungsschutzschalter\/10ka-leitungsschutzschalter\/wylacznik-nadpradowy-mcb-10ka-3p-63a-c63a-vde-doktorvolt-dv-3943\/#primaryimage"},"image":{"@id":"https:\/\/doktorvolt.pl\/de\/offer-doktorvolt\/modulare-geraete\/leitungsschutzschalter\/10ka-leitungsschutzschalter\/wylacznik-nadpradowy-mcb-10ka-3p-63a-c63a-vde-doktorvolt-dv-3943\/#primaryimage"},"thumbnailUrl":"https:\/\/doktorvolt.pl\/wp-content\/uploads\/2026\/02\/pol_pl_19902-19902_8.jpg","datePublished":"2026-02-23T14:07:42+00:00","dateModified":"2026-04-23T12:19:47+00:00","breadcrumb":{"@id":"https:\/\/doktorvolt.pl\/de\/offer-doktorvolt\/modulare-geraete\/leitungsschutzschalter\/10ka-leitungsschutzschalter\/wylacznik-nadpradowy-mcb-10ka-3p-63a-c63a-vde-doktorvolt-dv-3943\/#breadcrumb"},"inLanguage":"de","potentialAction":[{"@type":"ReadAction","target":["https:\/\/doktorvolt.pl\/de\/offer-doktorvolt\/modulare-geraete\/leitungsschutzschalter\/10ka-leitungsschutzschalter\/wylacznik-nadpradowy-mcb-10ka-3p-63a-c63a-vde-doktorvolt-dv-3943\/"]}]},{"@type":"ImageObject","inLanguage":"de","@id":"https:\/\/doktorvolt.pl\/de\/offer-doktorvolt\/modulare-geraete\/leitungsschutzschalter\/10ka-leitungsschutzschalter\/wylacznik-nadpradowy-mcb-10ka-3p-63a-c63a-vde-doktorvolt-dv-3943\/#primaryimage","url":"https:\/\/doktorvolt.pl\/wp-content\/uploads\/2026\/02\/pol_pl_19902-19902_8.jpg","contentUrl":"https:\/\/doktorvolt.pl\/wp-content\/uploads\/2026\/02\/pol_pl_19902-19902_8.jpg","width":1600,"height":1600},{"@type":"BreadcrumbList","@id":"https:\/\/doktorvolt.pl\/de\/offer-doktorvolt\/modulare-geraete\/leitungsschutzschalter\/10ka-leitungsschutzschalter\/wylacznik-nadpradowy-mcb-10ka-3p-63a-c63a-vde-doktorvolt-dv-3943\/#breadcrumb","itemListElement":[{"@type":"ListItem","position":1,"name":"Strona g\u0142\u00f3wna","item":"https:\/\/doktorvolt.pl\/de\/"},{"@type":"ListItem","position":2,"name":"Angebot Doktorvolt","item":"https:\/\/doktorvolt.pl\/de\/angebot-doktorvolt\/"},{"@type":"ListItem","position":3,"name":"Leitungsschutzschalter MCB 10kA 3P 63A C63A Doktorvolt VDE LS-Schalter DV-3943"}]},{"@type":"WebSite","@id":"https:\/\/doktorvolt.pl\/de\/#website","url":"https:\/\/doktorvolt.pl\/de\/","name":"DOKTORVOLT\u00ae","description":"Producent rozdzielnic budowlanych","publisher":{"@id":"https:\/\/doktorvolt.pl\/de\/#organization"},"potentialAction":[{"@type":"SearchAction","target":{"@type":"EntryPoint","urlTemplate":"https:\/\/doktorvolt.pl\/de\/?s={search_term_string}"},"query-input":{"@type":"PropertyValueSpecification","valueRequired":true,"valueName":"search_term_string"}}],"inLanguage":"de"},{"@type":"Organization","@id":"https:\/\/doktorvolt.pl\/de\/#organization","name":"DOKTORVOLT\u00ae","url":"https:\/\/doktorvolt.pl\/de\/","logo":{"@type":"ImageObject","inLanguage":"de","@id":"https:\/\/doktorvolt.pl\/de\/#\/schema\/logo\/image\/","url":"https:\/\/doktorvolt.pl\/wp-content\/uploads\/2023\/10\/DoktorVOLT-black-png.png","contentUrl":"https:\/\/doktorvolt.pl\/wp-content\/uploads\/2023\/10\/DoktorVOLT-black-png.png","width":729,"height":40,"caption":"DOKTORVOLT\u00ae"},"image":{"@id":"https:\/\/doktorvolt.pl\/de\/#\/schema\/logo\/image\/"}}]}},"_links":{"self":[{"href":"https:\/\/doktorvolt.pl\/de\/wp-json\/wp\/v2\/product\/109766","targetHints":{"allow":["GET"]}}],"collection":[{"href":"https:\/\/doktorvolt.pl\/de\/wp-json\/wp\/v2\/product"}],"about":[{"href":"https:\/\/doktorvolt.pl\/de\/wp-json\/wp\/v2\/types\/product"}],"wp:featuredmedia":[{"embeddable":true,"href":"https:\/\/doktorvolt.pl\/de\/wp-json\/wp\/v2\/media\/105836"}],"wp:attachment":[{"href":"https:\/\/doktorvolt.pl\/de\/wp-json\/wp\/v2\/media?parent=109766"}],"wp:term":[{"taxonomy":"product_brand","embeddable":true,"href":"https:\/\/doktorvolt.pl\/de\/wp-json\/wp\/v2\/product_brand?post=109766"},{"taxonomy":"product_cat","embeddable":true,"href":"https:\/\/doktorvolt.pl\/de\/wp-json\/wp\/v2\/product_cat?post=109766"},{"taxonomy":"product_tag","embeddable":true,"href":"https:\/\/doktorvolt.pl\/de\/wp-json\/wp\/v2\/product_tag?post=109766"}],"curies":[{"name":"wp","href":"https:\/\/api.w.org\/{rel}","templated":true}]}}