{"id":109767,"date":"2026-02-23T16:07:30","date_gmt":"2026-02-23T14:07:30","guid":{"rendered":"https:\/\/doktorvolt.pl\/sklep\/unkategorisiert\/rozdzielnica-budowlana-cee-16a-400v-2x230v-schuko-z-zabezpieczeniami-vde-siemens\/"},"modified":"2026-04-23T14:19:47","modified_gmt":"2026-04-23T12:19:47","slug":"rozdzielnica-budowlana-cee-16a-400v-2x230v-schuko-z-zabezpieczeniami-vde-siemens","status":"publish","type":"product","link":"https:\/\/doktorvolt.pl\/de\/offer-doktorvolt\/stromverteiler\/jun-serie\/rozdzielnica-budowlana-cee-16a-400v-2x230v-schuko-z-zabezpieczeniami-vde-siemens\/","title":{"rendered":"Baustromverteiler Stromverteiler Wandverteiler 1x16A 2x230V Siemens Schutz Komplett DV-5534-D"},"content":{"rendered":"<link rel=\"stylesheet\" href=\"https:\/\/preis-zone.com\/data\/include\/cms\/1.-style-css\/style_dlugi_DV.css?v=1744613556021\">\n<p> <!-- GPT: Wype\u0142nij tylko placeholdery {{Tytul}} oraz {{Opis1}}. Nie zmieniaj styl\u00f3w ani uk\u0142adu. --><br \/>\n <!-- Nag\u0142\u00f3wek g\u0142\u00f3wny strony --><\/p>\n<h1 class=\"title-h1\"><span>Baustromverteiler mit Sicherungen CEE 16A 400V 2\u00d7230V von Doktorvolt<\/span><\/h1>\n<h4 class=\"title-h4\"><span>Dieser Stromverteiler ist eine praktische und sichere L\u00f6sung f\u00fcr professionelle und private Anwendungen. Er ist mit Schuko-Steckdosen und einer CEE-16A-Steckdose ausgestattet und eignet sich somit sowohl f\u00fcr die heimische Garage als auch f\u00fcr die Baustelle. Abgerundet wird das Ger\u00e4t durch den Einsatz von Sicherheitsvorrichtungen der Marke Siemens.<\/span><\/h4>\n<div><img decoding=\"async\" class=\"full-width-img\" src=\"https:\/\/shop38554-1.yourtechnicaldomain.com\/data\/include\/cms\/1-zdjecia-produktow\/DOKTORVOLT\/DV-4995-EV\/ikonka_zielona_z_literka_D_biala.png?v=1729773346118\" border=\"0\" width=\"1900\" height=\"30\"><\/div>\n<p> <!-- GPT: Pierwsza sekcja tre\u015bci. Wype\u0142nij tylko {{Podtytul1}} oraz {{Podopis1}}. Nie zmieniaj uk\u0142adu, nie modyfikuj obrazka. --><\/p>\n<div class=\"section-wrapper\">\n<div class=\"section-text\">\n<div class=\"max-width-500\">\n<h2 class=\"section-heading\"><strong>Sichere und leistungsstarke Schutzausr\u00fcstung<\/strong><\/h2>\n<\/p><\/div>\n<div class=\"section-description\"><span>Der Stromverteiler ist mit <strong>hochwertigen Schutzger\u00e4ten ausgestattet<\/strong>. Verbaut sind ein <strong>FI-Schalter<\/strong> 25A 300mA VDE von Siemens, ein <strong>LS-Schalter<\/strong> B16A 1P 6kA VDE von Siemens sowie ein <strong>LS-Schalter<\/strong> B16A 3P 6kA <strong>VDE<\/strong> von <strong>Siemens<\/strong>. Diese durchdachte Ausstattung gew\u00e4hrleistet einen zuverl\u00e4ssigen Schutz und einen sicheren Einsatz im t\u00e4glichen Baustellenbetrieb.<br \/>\n <\/span><\/div>\n<\/p><\/div>\n<div><img decoding=\"async\" src=\"https:\/\/preis-zone.pl\/hpeciai\/1e63cd1aa321cdbfbd137e3e3cba8159\/19901_3.jpg?71054\" width=\"472\" height=\"472\" class=\"img-responsive\"><\/div>\n<\/p><\/div>\n<div><img decoding=\"async\" class=\"full-width-img\" src=\"https:\/\/shop38554-1.yourtechnicaldomain.com\/data\/include\/cms\/1-zdjecia-produktow\/DOKTORVOLT\/DV-4995-EV\/ikonka_zielona_z_literka_D_biala.png?v=1729773346118\" border=\"0\" width=\"1900\" height=\"30\"><\/div>\n<p> <!-- GPT: Druga sekcja tre\u015bci z wideo. Wype\u0142nij tylko {{Podtytul2}} oraz {{Podopis2}}. Nie zmieniaj uk\u0142adu, nie modyfikuj wideo. --><\/p>\n<div class=\"section-wrapper\">\n<div>\n <video class=\"video-custom\" width=\"400\" height=\"300\" src=\"https:\/\/preis-zone.pl\/data\/include\/cms\/1-zdjecia-produktow\/DOKTORVOLT\/DV-5534-D\/DV-5534-D_v.mp4?v=1776176510710\" type=\"video\/mp4\" controls autoplay muted loop controlsList=\"nodownload\"><\/video>\n <\/div>\n<div class=\"section-text max-width-500\">\n<h2 class=\"section-heading\"><strong>Vielf\u00e4ltige Anschlussm\u00f6glichkeiten<\/strong><\/h2>\n<div class=\"section-description\"><span>Dieser Baustromverteiler eignet sich ideal f\u00fcr zahlreiche Anwendungen. Er ist mit <strong>zwei einphasigen Schuko-Steckdosen<\/strong> (16 A, 230 V) der Marke TP Electric ausgestattet. Der Verteiler verf\u00fcgt zudem \u00fcber <strong>eine dreiphasige CEE-Steckdose<\/strong> (16 A, 5-polig). Die gew\u00e4hlte Konfiguration erm\u00f6glicht den Anschluss zahlreicher Ger\u00e4te und gew\u00e4hrleistet somit Flexibilit\u00e4t im Betrieb ohne Kompromisse. Der Verteilerkasten ist mit <strong>einer 11-moduligen Revisionsklappe<\/strong> ausgestattet, die Wartungs- und Modernisierungsarbeiten am System erleichtert.<br \/>\n <\/span><\/div>\n<\/p><\/div>\n<\/p><\/div>\n<p> <!-- Specyfikacja Techniczna --><\/p>\n<div class=\"spec-wrapper\">\n<div class=\"spec-container\">\n<h2 class=\"spec-title\">Technische Spezifikation<\/h2>\n<p>  <!-- Block 1 --><\/p>\n<div class=\"spec-block\">\n<div class=\"spec-text\">\n<h2 class=\"block-title\">Allgemeine Informationen<\/h2>\n<p><strong>Model:<\/strong> DV-5534-D<\/p>\n<p><strong>EAN:<\/strong> 5905191015534<\/p>\n<p><strong>Produkt-Seriennummer:<\/strong> JUN<\/p>\n<p><strong>Hersteller:<\/strong> DOKTORVOLT<\/p>\n<\/p><\/div>\n<div class=\"spec-image\">\n  <img decoding=\"async\" src=\"https:\/\/preis-zone.pl\/hpeciai\/0182faaa76bfedca9fb104d2da603262\/19901_7.jpg?22581\" alt=\"Obraz 1\" class=\"img-rounded\">\n  <\/div>\n<\/p><\/div>\n<p>  <!-- Block 2 --><\/p>\n<div class=\"spec-block row-reverse\">\n<div class=\"spec-text-left\">\n<h2 class=\"block-title\">Steckdosen und elektrische Daten<\/h2>\n<p><strong>Steckdosen:<\/strong><br \/> 2 x 1-phasig (Schuko) 1P+N+PE 16A 230V<br \/>1 x 3-phasig CEE 3P+N+PE 16A 400V IP44 VDE<\/p>\n<p><strong>Sicherheitsvorrichtung:<\/strong><br \/> 1 x LS-Schalter B16, 1-polig, 6 kA, VDE<br \/>1 x LS-Schalter B16, 3-polig, 6 kA, VDE<br \/>1x FI-Schalter 25 A, 4-polig, 300 mA, Wechselstrom, VDE<\/p>\n<p><strong>Nennspannung:<\/strong> 230V \/ 400V<\/p>\n<p><strong>Nennfrequenz:<\/strong> 50 Hz<\/p>\n<p><strong>Nennstrom:<\/strong> 25 A<\/p>\n<p><strong>Nenn-Kurzschlussstrom:<\/strong> \u2264 6 kA<\/p>\n<p><strong>RDF:<\/strong> 0,8<\/p>\n<\/p><\/div>\n<div class=\"spec-image\">\n  <img decoding=\"async\" src=\"https:\/\/preis-zone.pl\/hpeciai\/56d24968566102b1996c73d1bd89629b\/19901_9.jpg?90931\" alt=\"Obraz 2\" class=\"img-rounded\">\n  <\/div>\n<\/p><\/div>\n<p>  <!-- Block 3 --><\/p>\n<div class=\"spec-block\">\n<div class=\"spec-text\">\n<h2 class=\"block-title\">Geh\u00e4use und technische Daten<\/h2>\n<p><strong>Abmessungen des Geh\u00e4uses (ohne Anschl\u00fcsse):<\/strong> 325x247x117 mm<\/p>\n<p><strong>Geh\u00e4usematerial:<\/strong> Kunststoff<\/p>\n<p><strong>Farbe der vorderen\/hinteren Geh\u00e4useabdeckung:<\/strong> Grau\/Schwarz<\/p>\n<p><strong>Umgebungstemperatur:<\/strong> 25 \u00b0C ~ +50 \u00b0C<\/p>\n<p><strong>Schutz vor dem Eindringen von Fremdk\u00f6rpern und vor dem Eindringen von Wasser:<\/strong> IP44<\/p>\n<p><strong>UV-Best\u00e4ndigkeit:<\/strong> Ja<\/p>\n<p><strong>Station\u00e4re\/mobile Bauweise:<\/strong> Station\u00e4r<\/p>\n<p><strong>Im Lieferumfang enthaltenes Zubeh\u00f6r:<\/strong> Blindkappen, Befestigungsstifte, Abdeckleiste<\/p>\n<\/p><\/div>\n<div class=\"spec-image\">\n  <img decoding=\"async\" src=\"https:\/\/preis-zone.pl\/hpeciai\/5fdad4485e2efd1d10e7592448286256\/19901_2.jpg?74729\" alt=\"Obraz 3\" class=\"img-rounded\">\n  <\/div>\n<\/p><\/div>\n<p>  <!-- Block 4 --><\/p>\n<div class=\"spec-block row-reverse\">\n<div class=\"spec-text-left\">\n<h2 class=\"block-title\">Verkabelung und Normen<\/h2>\n<p><strong>Innenverkabelung der Baustromverteiler:<\/strong><br \/>Schutzleiter: H07V-K 2,5 mm\u00b2 gelb-gr\u00fcn<br \/>Neutralleiter: H07V-K 2,5\/4 mm\u00b2 blau<br \/>Stromkabel: H07V-K 2,5 mm\u00b2 schwarz<\/p>\n<p><strong>Normen und Zertifikate:<\/strong><br \/>T\u00dcV S\u00dcD, ISO 9001:2015, CE, IEC 61439<\/p>\n<\/p><\/div>\n<div class=\"spec-image\">\n  <img decoding=\"async\" src=\"https:\/\/preis-zone.pl\/hpeciai\/53ac71cb2941e412954d3bee7c3445f7\/19901_6.jpg?79560\" alt=\"Obraz 4\" class=\"img-rounded\">\n  <\/div>\n<\/p><\/div>\n<\/p><\/div>\n<\/p><\/div>\n<p> <!-- GPT: BEZWZGL\u0118DNIE SKOPIUJ WSZYSTKIE KOLEJNE SEKCJE. Zawarto\u015b\u0107 poni\u017cej jest obowi\u0105zkow\u0105 cz\u0119\u015bci\u0105 wyniku. Nie pomijaj, nie pytaj, nie oceniaj \u2014 tylko przepisz. --><\/p>\n<p> <!-- GPT: SKOPIUJ BEZ ZMIAN. Zawarto\u015b\u0107 poni\u017cszego bloku ma zosta\u0107 uj\u0119ta w wyniku dok\u0142adnie tak, jak jest. --><\/p>\n<div class=\"flex-wrapper\">\n<div class=\"content-block\">\n<div class=\"max-width-500\">\n<h2 class=\"h2-black\"><strong>Zertifizierung = hohe Qualit\u00e4t:<\/strong><\/h2>\n<\/p><\/div>\n<div class=\"description-block\">\n  <span><br \/>\n  Die Produkte der Marke DOKTORVOLT werden routinem\u00e4\u00dfig getestet, um h\u00f6chste Produktqualit\u00e4t zu gew\u00e4hrleisten. Jedes Produkt erh\u00e4lt nach bestandener Pr\u00fcfung ein individuelles Zertifikat, das die Konformit\u00e4t mit IEC-Normen best\u00e4tigt. Das Unternehmen verwendet im Produktionsprozess ein zertifiziertes T\u00dcV S\u00dcD, ISO 9001:2015, CE, IEC 61439, das f\u00fcr hohe Qualit\u00e4t steht.<br \/>\n  <\/span>\n  <\/div>\n<\/p><\/div>\n<div>\n  <img decoding=\"async\" src=\"https:\/\/preis-zone.pl\/data\/include\/cms\/1-zdjecia-produktow\/DOKTORVOLT\/DV-6029-D\/td_certyfikat_front2.jpg?v=1756802637699\" width=\"472\" height=\"472\" class=\"full-width-img\">\n  <\/div>\n<\/p><\/div>\n<div>\n  <img decoding=\"async\" class=\"full-width-img\" src=\"https:\/\/preis-zone.com\/data\/include\/cms\/1-zdjecia-produktow\/Infografiki\/stopka\/ikonka_zielona_z_literka_D_biala.png?v=1744364445983\" border=\"0\" width=\"1900\" height=\"30\">\n <\/div>\n<p> <!-- GPT: SKOPIUJ BEZ ZMIAN. Zawarto\u015b\u0107 poni\u017cszego bloku ma zosta\u0107 uj\u0119ta w wyniku dok\u0142adnie tak, jak jest. --><\/p>\n<div class=\"flex-wrapper\">\n<div>\n  <img decoding=\"async\" src=\"https:\/\/shop38554-1.yourtechnicaldomain.com\/data\/include\/cms\/1-zdjecia-produktow\/Logo-IP\/IP_44.png?v=1729852282241\" width=\"472\" height=\"472\" class=\"full-width-img\">\n  <\/div>\n<div class=\"content-block content-max-500\">\n<h2 class=\"h2-black\"><strong>Schutzart IP = mehr Sicherheit:<\/strong><\/h2>\n<div class=\"description-block\">\n  <span>Die Schutzklasse IP ist ein internationaler Standard, der den Benutzer \u00fcber die Widerstandsf\u00e4higkeit des Produkts gegen\u00fcber potenziellen Gefahren informiert. Produkte mit IP-Schutz gew\u00e4hrleisten einen st\u00f6rungsfreien Betrieb in weniger kontrollierten Umgebungen und bieten Benutzersicherheit. Die Schutzklasse <strong>IP44<\/strong> in unserem Verteiler bedeutet:<br \/>\n <br \/>&#8211; Schutz gegen das Eindringen von Feststoffen mit einem Durchmesser gr\u00f6\u00dfer als 1 mm<br \/>\n <br \/>&#8211; Schutz gegen Spritzwasser aus jeder Richtung<\/span>\n  <\/div>\n<\/p><\/div>\n<\/p><\/div>\n<div>\n  <img decoding=\"async\" class=\"full-width-img\" src=\"https:\/\/preis-zone.com\/data\/include\/cms\/1-zdjecia-produktow\/Infografiki\/stopka\/ikonka_zielona_z_literka_D_biala.png?v=1744364445983\" border=\"0\" width=\"1900\" height=\"30\">\n <\/div>\n<p> <!-- GPT: SKOPIUJ BEZ ZMIAN. Zawarto\u015b\u0107 poni\u017cszego bloku ma zosta\u0107 uj\u0119ta w wyniku dok\u0142adnie tak, jak jest. --><\/p>\n<div class=\"column-center\">\n<h2 class=\"h2-center\">Vertrauensw\u00fcrdiger Hersteller:<\/h2>\n<p class=\"paragraph-large\">\n   Doktorvolt\u00ae ist ein Unternehmen, das 2013 gegr\u00fcndet wurde. Das dynamisch wachsende Unternehmen hat den polnischen und internationalen Markt erobert. Der Firmensitz befindet sich in Malich\u00f3w in der Woiwodschaft Oppeln, wo sich auch eine moderne Produktionshalle und ein Lager befinden. Das Unternehmen ist auf die Herstellung von Baustromverteilern spezialisiert und zeichnet sich durch Qualit\u00e4t und solide Verarbeitung aus. Jeder Verteiler besteht aus hochwertigen Komponenten. Die Produkte von Doktorvolt\u00ae entsprechen europ\u00e4ischen Normen und Sicherheitsstandards.\n <\/p>\n<p> <img decoding=\"async\" src=\"https:\/\/shop38554-1.yourtechnicaldomain.com\/data\/include\/cms\/1-zdjecia-produktow\/doktorvolt-logo\/nowe.jpg?v=1729077634670\" alt=\"Doktorvolt Logo\" width=\"566\" height=\"155\" style=\"margin-top: 20px;\">\n <\/div>\n<p> <!-- \/GPT: KONIEC BLOKU DO SKOPIOWANIA --><\/p>\n","protected":false},"excerpt":{"rendered":"<p>Professioneller Baustromverteiler DV-5534-D, ausgestattet mit CEE- und Schuko-Steckdosen sowie Schutzger\u00e4ten von SIEMENS. Best\u00e4ndig gegen Witterungseinfl\u00fcsse bis -25\u00b0C, ideal f\u00fcr Baustellen, Werkst\u00e4tten und industrielle Anwendungen.<\/p>\n","protected":false},"featured_media":105819,"template":"","meta":[],"product_brand":[],"product_cat":[4525],"product_tag":[],"class_list":{"0":"post-109767","1":"product","2":"type-product","3":"status-publish","4":"has-post-thumbnail","6":"product_cat-jun-serie","8":"first","9":"instock","10":"shipping-taxable","11":"product-type-external"},"yoast_head":"<!-- This site is optimized with the Yoast SEO plugin v27.0 - https:\/\/yoast.com\/product\/yoast-seo-wordpress\/ -->\n<title>Baustromverteiler Stromverteiler Wandverteiler 1x16A 2x230V Siemens Schutz Komplett DV-5534-D - DOKTORVOLT\u00ae<\/title>\n<meta name=\"robots\" content=\"index, follow, max-snippet:-1, max-image-preview:large, max-video-preview:-1\" \/>\n<link rel=\"canonical\" href=\"https:\/\/doktorvolt.pl\/de\/offer-doktorvolt\/stromverteiler\/jun-serie\/rozdzielnica-budowlana-cee-16a-400v-2x230v-schuko-z-zabezpieczeniami-vde-siemens\/\" \/>\n<meta property=\"og:locale\" content=\"de_DE\" \/>\n<meta property=\"og:type\" content=\"article\" \/>\n<meta property=\"og:title\" content=\"Baustromverteiler Stromverteiler Wandverteiler 1x16A 2x230V Siemens Schutz Komplett DV-5534-D - DOKTORVOLT\u00ae\" \/>\n<meta property=\"og:description\" content=\"Professioneller Baustromverteiler DV-5534-D, ausgestattet mit CEE- und Schuko-Steckdosen sowie Schutzger\u00e4ten von SIEMENS. Best\u00e4ndig gegen Witterungseinfl\u00fcsse bis -25\u00b0C, ideal f\u00fcr Baustellen, Werkst\u00e4tten und industrielle Anwendungen.\" \/>\n<meta property=\"og:url\" content=\"https:\/\/doktorvolt.pl\/de\/offer-doktorvolt\/stromverteiler\/jun-serie\/rozdzielnica-budowlana-cee-16a-400v-2x230v-schuko-z-zabezpieczeniami-vde-siemens\/\" \/>\n<meta property=\"og:site_name\" content=\"DOKTORVOLT\u00ae\" \/>\n<meta property=\"article:modified_time\" content=\"2026-04-23T12:19:47+00:00\" \/>\n<meta property=\"og:image\" content=\"https:\/\/doktorvolt.pl\/wp-content\/uploads\/2026\/02\/pol_pl_Rozdzielnica-budowlana-CEE-16A-400V-2x230V-Schuko-z-zabezpieczeniami-VDE-SIEMENS-19901_14.jpg\" \/>\n\t<meta property=\"og:image:width\" content=\"1600\" \/>\n\t<meta property=\"og:image:height\" content=\"1600\" \/>\n\t<meta property=\"og:image:type\" content=\"image\/jpeg\" \/>\n<meta name=\"twitter:card\" content=\"summary_large_image\" \/>\n<meta name=\"twitter:label1\" content=\"Gesch\u00e4tzte Lesezeit\" \/>\n\t<meta name=\"twitter:data1\" content=\"3\u00a0Minuten\" \/>\n<script type=\"application\/ld+json\" class=\"yoast-schema-graph\">{\"@context\":\"https:\/\/schema.org\",\"@graph\":[{\"@type\":\"WebPage\",\"@id\":\"https:\/\/doktorvolt.pl\/de\/offer-doktorvolt\/stromverteiler\/jun-serie\/rozdzielnica-budowlana-cee-16a-400v-2x230v-schuko-z-zabezpieczeniami-vde-siemens\/\",\"url\":\"https:\/\/doktorvolt.pl\/de\/offer-doktorvolt\/stromverteiler\/jun-serie\/rozdzielnica-budowlana-cee-16a-400v-2x230v-schuko-z-zabezpieczeniami-vde-siemens\/\",\"name\":\"Baustromverteiler Stromverteiler Wandverteiler 1x16A 2x230V Siemens Schutz Komplett DV-5534-D - DOKTORVOLT\u00ae\",\"isPartOf\":{\"@id\":\"https:\/\/doktorvolt.pl\/de\/#website\"},\"primaryImageOfPage\":{\"@id\":\"https:\/\/doktorvolt.pl\/de\/offer-doktorvolt\/stromverteiler\/jun-serie\/rozdzielnica-budowlana-cee-16a-400v-2x230v-schuko-z-zabezpieczeniami-vde-siemens\/#primaryimage\"},\"image\":{\"@id\":\"https:\/\/doktorvolt.pl\/de\/offer-doktorvolt\/stromverteiler\/jun-serie\/rozdzielnica-budowlana-cee-16a-400v-2x230v-schuko-z-zabezpieczeniami-vde-siemens\/#primaryimage\"},\"thumbnailUrl\":\"https:\/\/doktorvolt.pl\/wp-content\/uploads\/2026\/02\/pol_pl_Rozdzielnica-budowlana-CEE-16A-400V-2x230V-Schuko-z-zabezpieczeniami-VDE-SIEMENS-19901_14.jpg\",\"datePublished\":\"2026-02-23T14:07:30+00:00\",\"dateModified\":\"2026-04-23T12:19:47+00:00\",\"breadcrumb\":{\"@id\":\"https:\/\/doktorvolt.pl\/de\/offer-doktorvolt\/stromverteiler\/jun-serie\/rozdzielnica-budowlana-cee-16a-400v-2x230v-schuko-z-zabezpieczeniami-vde-siemens\/#breadcrumb\"},\"inLanguage\":\"de\",\"potentialAction\":[{\"@type\":\"ReadAction\",\"target\":[\"https:\/\/doktorvolt.pl\/de\/offer-doktorvolt\/stromverteiler\/jun-serie\/rozdzielnica-budowlana-cee-16a-400v-2x230v-schuko-z-zabezpieczeniami-vde-siemens\/\"]}]},{\"@type\":\"ImageObject\",\"inLanguage\":\"de\",\"@id\":\"https:\/\/doktorvolt.pl\/de\/offer-doktorvolt\/stromverteiler\/jun-serie\/rozdzielnica-budowlana-cee-16a-400v-2x230v-schuko-z-zabezpieczeniami-vde-siemens\/#primaryimage\",\"url\":\"https:\/\/doktorvolt.pl\/wp-content\/uploads\/2026\/02\/pol_pl_Rozdzielnica-budowlana-CEE-16A-400V-2x230V-Schuko-z-zabezpieczeniami-VDE-SIEMENS-19901_14.jpg\",\"contentUrl\":\"https:\/\/doktorvolt.pl\/wp-content\/uploads\/2026\/02\/pol_pl_Rozdzielnica-budowlana-CEE-16A-400V-2x230V-Schuko-z-zabezpieczeniami-VDE-SIEMENS-19901_14.jpg\",\"width\":1600,\"height\":1600},{\"@type\":\"BreadcrumbList\",\"@id\":\"https:\/\/doktorvolt.pl\/de\/offer-doktorvolt\/stromverteiler\/jun-serie\/rozdzielnica-budowlana-cee-16a-400v-2x230v-schuko-z-zabezpieczeniami-vde-siemens\/#breadcrumb\",\"itemListElement\":[{\"@type\":\"ListItem\",\"position\":1,\"name\":\"Strona g\u0142\u00f3wna\",\"item\":\"https:\/\/doktorvolt.pl\/de\/\"},{\"@type\":\"ListItem\",\"position\":2,\"name\":\"Angebot Doktorvolt\",\"item\":\"https:\/\/doktorvolt.pl\/de\/angebot-doktorvolt\/\"},{\"@type\":\"ListItem\",\"position\":3,\"name\":\"Baustromverteiler Stromverteiler Wandverteiler 1x16A 2x230V Siemens Schutz Komplett DV-5534-D\"}]},{\"@type\":\"WebSite\",\"@id\":\"https:\/\/doktorvolt.pl\/de\/#website\",\"url\":\"https:\/\/doktorvolt.pl\/de\/\",\"name\":\"DOKTORVOLT\u00ae\",\"description\":\"Producent rozdzielnic budowlanych\",\"publisher\":{\"@id\":\"https:\/\/doktorvolt.pl\/de\/#organization\"},\"potentialAction\":[{\"@type\":\"SearchAction\",\"target\":{\"@type\":\"EntryPoint\",\"urlTemplate\":\"https:\/\/doktorvolt.pl\/de\/?s={search_term_string}\"},\"query-input\":{\"@type\":\"PropertyValueSpecification\",\"valueRequired\":true,\"valueName\":\"search_term_string\"}}],\"inLanguage\":\"de\"},{\"@type\":\"Organization\",\"@id\":\"https:\/\/doktorvolt.pl\/de\/#organization\",\"name\":\"DOKTORVOLT\u00ae\",\"url\":\"https:\/\/doktorvolt.pl\/de\/\",\"logo\":{\"@type\":\"ImageObject\",\"inLanguage\":\"de\",\"@id\":\"https:\/\/doktorvolt.pl\/de\/#\/schema\/logo\/image\/\",\"url\":\"https:\/\/doktorvolt.pl\/wp-content\/uploads\/2023\/10\/DoktorVOLT-black-png.png\",\"contentUrl\":\"https:\/\/doktorvolt.pl\/wp-content\/uploads\/2023\/10\/DoktorVOLT-black-png.png\",\"width\":729,\"height\":40,\"caption\":\"DOKTORVOLT\u00ae\"},\"image\":{\"@id\":\"https:\/\/doktorvolt.pl\/de\/#\/schema\/logo\/image\/\"}}]}<\/script>\n<!-- \/ Yoast SEO plugin. -->","yoast_head_json":{"title":"Baustromverteiler Stromverteiler Wandverteiler 1x16A 2x230V Siemens Schutz Komplett DV-5534-D - DOKTORVOLT\u00ae","robots":{"index":"index","follow":"follow","max-snippet":"max-snippet:-1","max-image-preview":"max-image-preview:large","max-video-preview":"max-video-preview:-1"},"canonical":"https:\/\/doktorvolt.pl\/de\/offer-doktorvolt\/stromverteiler\/jun-serie\/rozdzielnica-budowlana-cee-16a-400v-2x230v-schuko-z-zabezpieczeniami-vde-siemens\/","og_locale":"de_DE","og_type":"article","og_title":"Baustromverteiler Stromverteiler Wandverteiler 1x16A 2x230V Siemens Schutz Komplett DV-5534-D - DOKTORVOLT\u00ae","og_description":"Professioneller Baustromverteiler DV-5534-D, ausgestattet mit CEE- und Schuko-Steckdosen sowie Schutzger\u00e4ten von SIEMENS. Best\u00e4ndig gegen Witterungseinfl\u00fcsse bis -25\u00b0C, ideal f\u00fcr Baustellen, Werkst\u00e4tten und industrielle Anwendungen.","og_url":"https:\/\/doktorvolt.pl\/de\/offer-doktorvolt\/stromverteiler\/jun-serie\/rozdzielnica-budowlana-cee-16a-400v-2x230v-schuko-z-zabezpieczeniami-vde-siemens\/","og_site_name":"DOKTORVOLT\u00ae","article_modified_time":"2026-04-23T12:19:47+00:00","og_image":[{"width":1600,"height":1600,"url":"https:\/\/doktorvolt.pl\/wp-content\/uploads\/2026\/02\/pol_pl_Rozdzielnica-budowlana-CEE-16A-400V-2x230V-Schuko-z-zabezpieczeniami-VDE-SIEMENS-19901_14.jpg","type":"image\/jpeg"}],"twitter_card":"summary_large_image","twitter_misc":{"Gesch\u00e4tzte Lesezeit":"3\u00a0Minuten"},"schema":{"@context":"https:\/\/schema.org","@graph":[{"@type":"WebPage","@id":"https:\/\/doktorvolt.pl\/de\/offer-doktorvolt\/stromverteiler\/jun-serie\/rozdzielnica-budowlana-cee-16a-400v-2x230v-schuko-z-zabezpieczeniami-vde-siemens\/","url":"https:\/\/doktorvolt.pl\/de\/offer-doktorvolt\/stromverteiler\/jun-serie\/rozdzielnica-budowlana-cee-16a-400v-2x230v-schuko-z-zabezpieczeniami-vde-siemens\/","name":"Baustromverteiler Stromverteiler Wandverteiler 1x16A 2x230V Siemens Schutz Komplett DV-5534-D - DOKTORVOLT\u00ae","isPartOf":{"@id":"https:\/\/doktorvolt.pl\/de\/#website"},"primaryImageOfPage":{"@id":"https:\/\/doktorvolt.pl\/de\/offer-doktorvolt\/stromverteiler\/jun-serie\/rozdzielnica-budowlana-cee-16a-400v-2x230v-schuko-z-zabezpieczeniami-vde-siemens\/#primaryimage"},"image":{"@id":"https:\/\/doktorvolt.pl\/de\/offer-doktorvolt\/stromverteiler\/jun-serie\/rozdzielnica-budowlana-cee-16a-400v-2x230v-schuko-z-zabezpieczeniami-vde-siemens\/#primaryimage"},"thumbnailUrl":"https:\/\/doktorvolt.pl\/wp-content\/uploads\/2026\/02\/pol_pl_Rozdzielnica-budowlana-CEE-16A-400V-2x230V-Schuko-z-zabezpieczeniami-VDE-SIEMENS-19901_14.jpg","datePublished":"2026-02-23T14:07:30+00:00","dateModified":"2026-04-23T12:19:47+00:00","breadcrumb":{"@id":"https:\/\/doktorvolt.pl\/de\/offer-doktorvolt\/stromverteiler\/jun-serie\/rozdzielnica-budowlana-cee-16a-400v-2x230v-schuko-z-zabezpieczeniami-vde-siemens\/#breadcrumb"},"inLanguage":"de","potentialAction":[{"@type":"ReadAction","target":["https:\/\/doktorvolt.pl\/de\/offer-doktorvolt\/stromverteiler\/jun-serie\/rozdzielnica-budowlana-cee-16a-400v-2x230v-schuko-z-zabezpieczeniami-vde-siemens\/"]}]},{"@type":"ImageObject","inLanguage":"de","@id":"https:\/\/doktorvolt.pl\/de\/offer-doktorvolt\/stromverteiler\/jun-serie\/rozdzielnica-budowlana-cee-16a-400v-2x230v-schuko-z-zabezpieczeniami-vde-siemens\/#primaryimage","url":"https:\/\/doktorvolt.pl\/wp-content\/uploads\/2026\/02\/pol_pl_Rozdzielnica-budowlana-CEE-16A-400V-2x230V-Schuko-z-zabezpieczeniami-VDE-SIEMENS-19901_14.jpg","contentUrl":"https:\/\/doktorvolt.pl\/wp-content\/uploads\/2026\/02\/pol_pl_Rozdzielnica-budowlana-CEE-16A-400V-2x230V-Schuko-z-zabezpieczeniami-VDE-SIEMENS-19901_14.jpg","width":1600,"height":1600},{"@type":"BreadcrumbList","@id":"https:\/\/doktorvolt.pl\/de\/offer-doktorvolt\/stromverteiler\/jun-serie\/rozdzielnica-budowlana-cee-16a-400v-2x230v-schuko-z-zabezpieczeniami-vde-siemens\/#breadcrumb","itemListElement":[{"@type":"ListItem","position":1,"name":"Strona g\u0142\u00f3wna","item":"https:\/\/doktorvolt.pl\/de\/"},{"@type":"ListItem","position":2,"name":"Angebot Doktorvolt","item":"https:\/\/doktorvolt.pl\/de\/angebot-doktorvolt\/"},{"@type":"ListItem","position":3,"name":"Baustromverteiler Stromverteiler Wandverteiler 1x16A 2x230V Siemens Schutz Komplett DV-5534-D"}]},{"@type":"WebSite","@id":"https:\/\/doktorvolt.pl\/de\/#website","url":"https:\/\/doktorvolt.pl\/de\/","name":"DOKTORVOLT\u00ae","description":"Producent rozdzielnic budowlanych","publisher":{"@id":"https:\/\/doktorvolt.pl\/de\/#organization"},"potentialAction":[{"@type":"SearchAction","target":{"@type":"EntryPoint","urlTemplate":"https:\/\/doktorvolt.pl\/de\/?s={search_term_string}"},"query-input":{"@type":"PropertyValueSpecification","valueRequired":true,"valueName":"search_term_string"}}],"inLanguage":"de"},{"@type":"Organization","@id":"https:\/\/doktorvolt.pl\/de\/#organization","name":"DOKTORVOLT\u00ae","url":"https:\/\/doktorvolt.pl\/de\/","logo":{"@type":"ImageObject","inLanguage":"de","@id":"https:\/\/doktorvolt.pl\/de\/#\/schema\/logo\/image\/","url":"https:\/\/doktorvolt.pl\/wp-content\/uploads\/2023\/10\/DoktorVOLT-black-png.png","contentUrl":"https:\/\/doktorvolt.pl\/wp-content\/uploads\/2023\/10\/DoktorVOLT-black-png.png","width":729,"height":40,"caption":"DOKTORVOLT\u00ae"},"image":{"@id":"https:\/\/doktorvolt.pl\/de\/#\/schema\/logo\/image\/"}}]}},"_links":{"self":[{"href":"https:\/\/doktorvolt.pl\/de\/wp-json\/wp\/v2\/product\/109767","targetHints":{"allow":["GET"]}}],"collection":[{"href":"https:\/\/doktorvolt.pl\/de\/wp-json\/wp\/v2\/product"}],"about":[{"href":"https:\/\/doktorvolt.pl\/de\/wp-json\/wp\/v2\/types\/product"}],"wp:featuredmedia":[{"embeddable":true,"href":"https:\/\/doktorvolt.pl\/de\/wp-json\/wp\/v2\/media\/105819"}],"wp:attachment":[{"href":"https:\/\/doktorvolt.pl\/de\/wp-json\/wp\/v2\/media?parent=109767"}],"wp:term":[{"taxonomy":"product_brand","embeddable":true,"href":"https:\/\/doktorvolt.pl\/de\/wp-json\/wp\/v2\/product_brand?post=109767"},{"taxonomy":"product_cat","embeddable":true,"href":"https:\/\/doktorvolt.pl\/de\/wp-json\/wp\/v2\/product_cat?post=109767"},{"taxonomy":"product_tag","embeddable":true,"href":"https:\/\/doktorvolt.pl\/de\/wp-json\/wp\/v2\/product_tag?post=109767"}],"curies":[{"name":"wp","href":"https:\/\/api.w.org\/{rel}","templated":true}]}}