{"id":109771,"date":"2026-02-23T16:06:32","date_gmt":"2026-02-23T14:06:32","guid":{"rendered":"https:\/\/doktorvolt.pl\/sklep\/unkategorisiert\/rozdzielnica-budowlana-bv-sfi-16a-32a-2x230v-na-fundamencie-ip44-erbetka-doktorvolt-dv-5039\/"},"modified":"2026-02-27T09:38:02","modified_gmt":"2026-02-27T07:38:02","slug":"rozdzielnica-budowlana-bv-sfi-16a-32a-2x230v-na-fundamencie-ip44-erbetka-doktorvolt-dv-5039","status":"publish","type":"product","link":"https:\/\/doktorvolt.pl\/de\/oferta-doktorvolt\/stromverteiler\/bv-serie\/rozdzielnica-budowlana-bv-sfi-16a-32a-2x230v-na-fundamencie-ip44-erbetka-doktorvolt-dv-5039\/","title":{"rendered":"Stromverteiler auf Fundament BV-SFI 16-32A 2x230V Baustromverteiler Verteilers\u00e4ule IP44 Doktorvolt DV-5039-F"},"content":{"rendered":"<p>Stromverteiler mit Fundament. Hergestellt aus den hochwertigsten Materialien, um die Langlebigkeit der Schaltanlage f\u00fcr die n\u00e4chsten Jahre zu gew\u00e4hrleisten. Die Eingrabungsh\u00f6he der Schaltanlage betr\u00e4gt 600 mm.<br \/>\n TYP E Steockdosen.<\/p>\n","protected":false},"excerpt":{"rendered":"<p>Stromverteiler mit Fundament. Hergestellt aus den hochwertigsten Materialien, um die Langlebigkeit der Schaltanlage f\u00fcr die n\u00e4chsten Jahre zu gew\u00e4hrleisten. Die Eingrabungsh\u00f6he der Schaltanlage betr\u00e4gt 600 mm.<br \/>\n TYP E Steockdosen.<\/p>\n","protected":false},"featured_media":105751,"template":"","meta":[],"product_brand":[],"product_cat":[4514],"product_tag":[],"class_list":{"0":"post-109771","1":"product","2":"type-product","3":"status-publish","4":"has-post-thumbnail","6":"product_cat-bv-serie","7":"pa_cee-liczba-biegunow-modulow-4579","8":"pa_material-obudowy-smc","9":"pa_napiecie-cee-400v","10":"pa_natezenie-pradu-cee-32a-2","11":"pa_typ-gniazd-typ-e-z-bolcem-uziemiajacym","12":"pa_zabezpieczenie-wylacznik-roznicowopradowy","14":"first","15":"instock","16":"shipping-taxable","17":"product-type-external"},"yoast_head":"<!-- This site is optimized with the Yoast SEO plugin v27.0 - https:\/\/yoast.com\/product\/yoast-seo-wordpress\/ -->\n<title>Stromverteiler auf Fundament BV-SFI 16-32A 2x230V Baustromverteiler Verteilers\u00e4ule IP44 Doktorvolt DV-5039-F - DOKTORVOLT\u00ae<\/title>\n<meta name=\"robots\" content=\"index, follow, max-snippet:-1, max-image-preview:large, max-video-preview:-1\" \/>\n<link rel=\"canonical\" href=\"https:\/\/doktorvolt.pl\/de\/oferta-doktorvolt\/stromverteiler\/bv-serie\/rozdzielnica-budowlana-bv-sfi-16a-32a-2x230v-na-fundamencie-ip44-erbetka-doktorvolt-dv-5039\/\" \/>\n<meta property=\"og:locale\" content=\"de_DE\" \/>\n<meta property=\"og:type\" content=\"article\" \/>\n<meta property=\"og:title\" content=\"Stromverteiler auf Fundament BV-SFI 16-32A 2x230V Baustromverteiler Verteilers\u00e4ule IP44 Doktorvolt DV-5039-F - DOKTORVOLT\u00ae\" \/>\n<meta property=\"og:description\" content=\"Stromverteiler mit Fundament. Hergestellt aus den hochwertigsten Materialien, um die Langlebigkeit der Schaltanlage f\u00fcr die n\u00e4chsten Jahre zu gew\u00e4hrleisten. Die Eingrabungsh\u00f6he der Schaltanlage betr\u00e4gt 600 mm.  TYP E Steockdosen.\" \/>\n<meta property=\"og:url\" content=\"https:\/\/doktorvolt.pl\/de\/oferta-doktorvolt\/stromverteiler\/bv-serie\/rozdzielnica-budowlana-bv-sfi-16a-32a-2x230v-na-fundamencie-ip44-erbetka-doktorvolt-dv-5039\/\" \/>\n<meta property=\"og:site_name\" content=\"DOKTORVOLT\u00ae\" \/>\n<meta property=\"article:modified_time\" content=\"2026-02-27T07:38:02+00:00\" \/>\n<meta property=\"og:image\" content=\"https:\/\/doktorvolt.pl\/wp-content\/uploads\/2026\/02\/pol_pl_Rozdzielnica-budowlana-BV-SFI-16A-32A-2x230V-na-fundamencie-IP44-erbetka-Doktorvolt-DV-5039-19821_16.jpg\" \/>\n\t<meta property=\"og:image:width\" content=\"1600\" \/>\n\t<meta property=\"og:image:height\" content=\"1600\" \/>\n\t<meta property=\"og:image:type\" content=\"image\/jpeg\" \/>\n<meta name=\"twitter:card\" content=\"summary_large_image\" \/>\n<script type=\"application\/ld+json\" class=\"yoast-schema-graph\">{\"@context\":\"https:\/\/schema.org\",\"@graph\":[{\"@type\":\"WebPage\",\"@id\":\"https:\/\/doktorvolt.pl\/de\/oferta-doktorvolt\/stromverteiler\/bv-serie\/rozdzielnica-budowlana-bv-sfi-16a-32a-2x230v-na-fundamencie-ip44-erbetka-doktorvolt-dv-5039\/\",\"url\":\"https:\/\/doktorvolt.pl\/de\/oferta-doktorvolt\/stromverteiler\/bv-serie\/rozdzielnica-budowlana-bv-sfi-16a-32a-2x230v-na-fundamencie-ip44-erbetka-doktorvolt-dv-5039\/\",\"name\":\"Stromverteiler auf Fundament BV-SFI 16-32A 2x230V Baustromverteiler Verteilers\u00e4ule IP44 Doktorvolt DV-5039-F - DOKTORVOLT\u00ae\",\"isPartOf\":{\"@id\":\"https:\/\/doktorvolt.pl\/de\/#website\"},\"primaryImageOfPage\":{\"@id\":\"https:\/\/doktorvolt.pl\/de\/oferta-doktorvolt\/stromverteiler\/bv-serie\/rozdzielnica-budowlana-bv-sfi-16a-32a-2x230v-na-fundamencie-ip44-erbetka-doktorvolt-dv-5039\/#primaryimage\"},\"image\":{\"@id\":\"https:\/\/doktorvolt.pl\/de\/oferta-doktorvolt\/stromverteiler\/bv-serie\/rozdzielnica-budowlana-bv-sfi-16a-32a-2x230v-na-fundamencie-ip44-erbetka-doktorvolt-dv-5039\/#primaryimage\"},\"thumbnailUrl\":\"https:\/\/doktorvolt.pl\/wp-content\/uploads\/2026\/02\/pol_pl_Rozdzielnica-budowlana-BV-SFI-16A-32A-2x230V-na-fundamencie-IP44-erbetka-Doktorvolt-DV-5039-19821_16.jpg\",\"datePublished\":\"2026-02-23T14:06:32+00:00\",\"dateModified\":\"2026-02-27T07:38:02+00:00\",\"breadcrumb\":{\"@id\":\"https:\/\/doktorvolt.pl\/de\/oferta-doktorvolt\/stromverteiler\/bv-serie\/rozdzielnica-budowlana-bv-sfi-16a-32a-2x230v-na-fundamencie-ip44-erbetka-doktorvolt-dv-5039\/#breadcrumb\"},\"inLanguage\":\"de\",\"potentialAction\":[{\"@type\":\"ReadAction\",\"target\":[\"https:\/\/doktorvolt.pl\/de\/oferta-doktorvolt\/stromverteiler\/bv-serie\/rozdzielnica-budowlana-bv-sfi-16a-32a-2x230v-na-fundamencie-ip44-erbetka-doktorvolt-dv-5039\/\"]}]},{\"@type\":\"ImageObject\",\"inLanguage\":\"de\",\"@id\":\"https:\/\/doktorvolt.pl\/de\/oferta-doktorvolt\/stromverteiler\/bv-serie\/rozdzielnica-budowlana-bv-sfi-16a-32a-2x230v-na-fundamencie-ip44-erbetka-doktorvolt-dv-5039\/#primaryimage\",\"url\":\"https:\/\/doktorvolt.pl\/wp-content\/uploads\/2026\/02\/pol_pl_Rozdzielnica-budowlana-BV-SFI-16A-32A-2x230V-na-fundamencie-IP44-erbetka-Doktorvolt-DV-5039-19821_16.jpg\",\"contentUrl\":\"https:\/\/doktorvolt.pl\/wp-content\/uploads\/2026\/02\/pol_pl_Rozdzielnica-budowlana-BV-SFI-16A-32A-2x230V-na-fundamencie-IP44-erbetka-Doktorvolt-DV-5039-19821_16.jpg\",\"width\":1600,\"height\":1600},{\"@type\":\"BreadcrumbList\",\"@id\":\"https:\/\/doktorvolt.pl\/de\/oferta-doktorvolt\/stromverteiler\/bv-serie\/rozdzielnica-budowlana-bv-sfi-16a-32a-2x230v-na-fundamencie-ip44-erbetka-doktorvolt-dv-5039\/#breadcrumb\",\"itemListElement\":[{\"@type\":\"ListItem\",\"position\":1,\"name\":\"Strona g\u0142\u00f3wna\",\"item\":\"https:\/\/doktorvolt.pl\/de\/\"},{\"@type\":\"ListItem\",\"position\":2,\"name\":\"Angebot Doktorvolt\",\"item\":\"https:\/\/doktorvolt.pl\/de\/angebot-doktorvolt\/\"},{\"@type\":\"ListItem\",\"position\":3,\"name\":\"Stromverteiler auf Fundament BV-SFI 16-32A 2x230V Baustromverteiler Verteilers\u00e4ule IP44 Doktorvolt DV-5039-F\"}]},{\"@type\":\"WebSite\",\"@id\":\"https:\/\/doktorvolt.pl\/de\/#website\",\"url\":\"https:\/\/doktorvolt.pl\/de\/\",\"name\":\"DOKTORVOLT\u00ae\",\"description\":\"Producent rozdzielnic budowlanych\",\"publisher\":{\"@id\":\"https:\/\/doktorvolt.pl\/de\/#organization\"},\"potentialAction\":[{\"@type\":\"SearchAction\",\"target\":{\"@type\":\"EntryPoint\",\"urlTemplate\":\"https:\/\/doktorvolt.pl\/de\/?s={search_term_string}\"},\"query-input\":{\"@type\":\"PropertyValueSpecification\",\"valueRequired\":true,\"valueName\":\"search_term_string\"}}],\"inLanguage\":\"de\"},{\"@type\":\"Organization\",\"@id\":\"https:\/\/doktorvolt.pl\/de\/#organization\",\"name\":\"DOKTORVOLT\u00ae\",\"url\":\"https:\/\/doktorvolt.pl\/de\/\",\"logo\":{\"@type\":\"ImageObject\",\"inLanguage\":\"de\",\"@id\":\"https:\/\/doktorvolt.pl\/de\/#\/schema\/logo\/image\/\",\"url\":\"https:\/\/doktorvolt.pl\/wp-content\/uploads\/2023\/10\/DoktorVOLT-black-png.png\",\"contentUrl\":\"https:\/\/doktorvolt.pl\/wp-content\/uploads\/2023\/10\/DoktorVOLT-black-png.png\",\"width\":729,\"height\":40,\"caption\":\"DOKTORVOLT\u00ae\"},\"image\":{\"@id\":\"https:\/\/doktorvolt.pl\/de\/#\/schema\/logo\/image\/\"}}]}<\/script>\n<!-- \/ Yoast SEO plugin. -->","yoast_head_json":{"title":"Stromverteiler auf Fundament BV-SFI 16-32A 2x230V Baustromverteiler Verteilers\u00e4ule IP44 Doktorvolt DV-5039-F - DOKTORVOLT\u00ae","robots":{"index":"index","follow":"follow","max-snippet":"max-snippet:-1","max-image-preview":"max-image-preview:large","max-video-preview":"max-video-preview:-1"},"canonical":"https:\/\/doktorvolt.pl\/de\/oferta-doktorvolt\/stromverteiler\/bv-serie\/rozdzielnica-budowlana-bv-sfi-16a-32a-2x230v-na-fundamencie-ip44-erbetka-doktorvolt-dv-5039\/","og_locale":"de_DE","og_type":"article","og_title":"Stromverteiler auf Fundament BV-SFI 16-32A 2x230V Baustromverteiler Verteilers\u00e4ule IP44 Doktorvolt DV-5039-F - DOKTORVOLT\u00ae","og_description":"Stromverteiler mit Fundament. Hergestellt aus den hochwertigsten Materialien, um die Langlebigkeit der Schaltanlage f\u00fcr die n\u00e4chsten Jahre zu gew\u00e4hrleisten. Die Eingrabungsh\u00f6he der Schaltanlage betr\u00e4gt 600 mm.  TYP E Steockdosen.","og_url":"https:\/\/doktorvolt.pl\/de\/oferta-doktorvolt\/stromverteiler\/bv-serie\/rozdzielnica-budowlana-bv-sfi-16a-32a-2x230v-na-fundamencie-ip44-erbetka-doktorvolt-dv-5039\/","og_site_name":"DOKTORVOLT\u00ae","article_modified_time":"2026-02-27T07:38:02+00:00","og_image":[{"width":1600,"height":1600,"url":"https:\/\/doktorvolt.pl\/wp-content\/uploads\/2026\/02\/pol_pl_Rozdzielnica-budowlana-BV-SFI-16A-32A-2x230V-na-fundamencie-IP44-erbetka-Doktorvolt-DV-5039-19821_16.jpg","type":"image\/jpeg"}],"twitter_card":"summary_large_image","schema":{"@context":"https:\/\/schema.org","@graph":[{"@type":"WebPage","@id":"https:\/\/doktorvolt.pl\/de\/oferta-doktorvolt\/stromverteiler\/bv-serie\/rozdzielnica-budowlana-bv-sfi-16a-32a-2x230v-na-fundamencie-ip44-erbetka-doktorvolt-dv-5039\/","url":"https:\/\/doktorvolt.pl\/de\/oferta-doktorvolt\/stromverteiler\/bv-serie\/rozdzielnica-budowlana-bv-sfi-16a-32a-2x230v-na-fundamencie-ip44-erbetka-doktorvolt-dv-5039\/","name":"Stromverteiler auf Fundament BV-SFI 16-32A 2x230V Baustromverteiler Verteilers\u00e4ule IP44 Doktorvolt DV-5039-F - DOKTORVOLT\u00ae","isPartOf":{"@id":"https:\/\/doktorvolt.pl\/de\/#website"},"primaryImageOfPage":{"@id":"https:\/\/doktorvolt.pl\/de\/oferta-doktorvolt\/stromverteiler\/bv-serie\/rozdzielnica-budowlana-bv-sfi-16a-32a-2x230v-na-fundamencie-ip44-erbetka-doktorvolt-dv-5039\/#primaryimage"},"image":{"@id":"https:\/\/doktorvolt.pl\/de\/oferta-doktorvolt\/stromverteiler\/bv-serie\/rozdzielnica-budowlana-bv-sfi-16a-32a-2x230v-na-fundamencie-ip44-erbetka-doktorvolt-dv-5039\/#primaryimage"},"thumbnailUrl":"https:\/\/doktorvolt.pl\/wp-content\/uploads\/2026\/02\/pol_pl_Rozdzielnica-budowlana-BV-SFI-16A-32A-2x230V-na-fundamencie-IP44-erbetka-Doktorvolt-DV-5039-19821_16.jpg","datePublished":"2026-02-23T14:06:32+00:00","dateModified":"2026-02-27T07:38:02+00:00","breadcrumb":{"@id":"https:\/\/doktorvolt.pl\/de\/oferta-doktorvolt\/stromverteiler\/bv-serie\/rozdzielnica-budowlana-bv-sfi-16a-32a-2x230v-na-fundamencie-ip44-erbetka-doktorvolt-dv-5039\/#breadcrumb"},"inLanguage":"de","potentialAction":[{"@type":"ReadAction","target":["https:\/\/doktorvolt.pl\/de\/oferta-doktorvolt\/stromverteiler\/bv-serie\/rozdzielnica-budowlana-bv-sfi-16a-32a-2x230v-na-fundamencie-ip44-erbetka-doktorvolt-dv-5039\/"]}]},{"@type":"ImageObject","inLanguage":"de","@id":"https:\/\/doktorvolt.pl\/de\/oferta-doktorvolt\/stromverteiler\/bv-serie\/rozdzielnica-budowlana-bv-sfi-16a-32a-2x230v-na-fundamencie-ip44-erbetka-doktorvolt-dv-5039\/#primaryimage","url":"https:\/\/doktorvolt.pl\/wp-content\/uploads\/2026\/02\/pol_pl_Rozdzielnica-budowlana-BV-SFI-16A-32A-2x230V-na-fundamencie-IP44-erbetka-Doktorvolt-DV-5039-19821_16.jpg","contentUrl":"https:\/\/doktorvolt.pl\/wp-content\/uploads\/2026\/02\/pol_pl_Rozdzielnica-budowlana-BV-SFI-16A-32A-2x230V-na-fundamencie-IP44-erbetka-Doktorvolt-DV-5039-19821_16.jpg","width":1600,"height":1600},{"@type":"BreadcrumbList","@id":"https:\/\/doktorvolt.pl\/de\/oferta-doktorvolt\/stromverteiler\/bv-serie\/rozdzielnica-budowlana-bv-sfi-16a-32a-2x230v-na-fundamencie-ip44-erbetka-doktorvolt-dv-5039\/#breadcrumb","itemListElement":[{"@type":"ListItem","position":1,"name":"Strona g\u0142\u00f3wna","item":"https:\/\/doktorvolt.pl\/de\/"},{"@type":"ListItem","position":2,"name":"Angebot Doktorvolt","item":"https:\/\/doktorvolt.pl\/de\/angebot-doktorvolt\/"},{"@type":"ListItem","position":3,"name":"Stromverteiler auf Fundament BV-SFI 16-32A 2x230V Baustromverteiler Verteilers\u00e4ule IP44 Doktorvolt DV-5039-F"}]},{"@type":"WebSite","@id":"https:\/\/doktorvolt.pl\/de\/#website","url":"https:\/\/doktorvolt.pl\/de\/","name":"DOKTORVOLT\u00ae","description":"Producent rozdzielnic budowlanych","publisher":{"@id":"https:\/\/doktorvolt.pl\/de\/#organization"},"potentialAction":[{"@type":"SearchAction","target":{"@type":"EntryPoint","urlTemplate":"https:\/\/doktorvolt.pl\/de\/?s={search_term_string}"},"query-input":{"@type":"PropertyValueSpecification","valueRequired":true,"valueName":"search_term_string"}}],"inLanguage":"de"},{"@type":"Organization","@id":"https:\/\/doktorvolt.pl\/de\/#organization","name":"DOKTORVOLT\u00ae","url":"https:\/\/doktorvolt.pl\/de\/","logo":{"@type":"ImageObject","inLanguage":"de","@id":"https:\/\/doktorvolt.pl\/de\/#\/schema\/logo\/image\/","url":"https:\/\/doktorvolt.pl\/wp-content\/uploads\/2023\/10\/DoktorVOLT-black-png.png","contentUrl":"https:\/\/doktorvolt.pl\/wp-content\/uploads\/2023\/10\/DoktorVOLT-black-png.png","width":729,"height":40,"caption":"DOKTORVOLT\u00ae"},"image":{"@id":"https:\/\/doktorvolt.pl\/de\/#\/schema\/logo\/image\/"}}]}},"_links":{"self":[{"href":"https:\/\/doktorvolt.pl\/de\/wp-json\/wp\/v2\/product\/109771","targetHints":{"allow":["GET"]}}],"collection":[{"href":"https:\/\/doktorvolt.pl\/de\/wp-json\/wp\/v2\/product"}],"about":[{"href":"https:\/\/doktorvolt.pl\/de\/wp-json\/wp\/v2\/types\/product"}],"wp:featuredmedia":[{"embeddable":true,"href":"https:\/\/doktorvolt.pl\/de\/wp-json\/wp\/v2\/media\/105751"}],"wp:attachment":[{"href":"https:\/\/doktorvolt.pl\/de\/wp-json\/wp\/v2\/media?parent=109771"}],"wp:term":[{"taxonomy":"product_brand","embeddable":true,"href":"https:\/\/doktorvolt.pl\/de\/wp-json\/wp\/v2\/product_brand?post=109771"},{"taxonomy":"product_cat","embeddable":true,"href":"https:\/\/doktorvolt.pl\/de\/wp-json\/wp\/v2\/product_cat?post=109771"},{"taxonomy":"product_tag","embeddable":true,"href":"https:\/\/doktorvolt.pl\/de\/wp-json\/wp\/v2\/product_tag?post=109771"}],"curies":[{"name":"wp","href":"https:\/\/api.w.org\/{rel}","templated":true}]}}