{"id":109780,"date":"2026-02-23T16:04:37","date_gmt":"2026-02-23T14:04:37","guid":{"rendered":"https:\/\/doktorvolt.pl\/sklep\/unkategorisiert\/rozdzielnica-budowlana-xs-s-16a-2x230v-erbetka-ip44-gniazda-doktorvolt-dv-5107-d\/"},"modified":"2026-04-23T14:19:40","modified_gmt":"2026-04-23T12:19:40","slug":"rozdzielnica-budowlana-xs-s-16a-2x230v-erbetka-ip44-gniazda-doktorvolt-dv-5107-d","status":"publish","type":"product","link":"https:\/\/doktorvolt.pl\/de\/offer-doktorvolt\/stromverteiler\/xs-serie\/rozdzielnica-budowlana-xs-s-16a-2x230v-erbetka-ip44-gniazda-doktorvolt-dv-5107-d\/","title":{"rendered":"Wandverteiler XS-S 16A 2x230V IP44 Stromverteiler Komplett Verdrahtet Doktorvolt DV-5107-D"},"content":{"rendered":"<h1 style=\"text-align: center; font-size: 24pt;\"><span>Wandverteiler XS-S 16A 2x230V IP44 Stromverteiler Komplett Verdrahtet<\/span><\/h1>\n<h4 style=\"font-size: 14pt; text-align: center;\"><span>Hochwertiger Verteiler XS DV-5107-D 16A 2x230V mit Absicherung. Ausgestattet mit Steckdosen der renommierten Marke DOKTORVOLT. Die Schutzart IP44 weist auf die Widerstandsf\u00e4higkeit des Stromverteilers gegen\u00fcber potentiellen Risikofaktoren hin.<\/span><\/h4>\n<div><img decoding=\"async\" style=\"max-width: 100%;\" src=\"https:\/\/preis-zone.pl\/data\/include\/cms\/1-zdjecia-produktow\/DOKTORVOLT\/DV-4995-EV\/ikonka_zielona_z_literka_D_biala.png?v=1729773346118\" border=\"0\" width=\"1900\" height=\"30\" \/><\/div>\n<div style=\"display: flex; width: 100%; flex-wrap: wrap; justify-content: space-around;\">\n<div style=\"display: flex; flex-direction: column; justify-content: center; align-items: left; padding-left: 50px; padding-right: 50px; padding-top: 30px;\">\n<div style=\"max-width: 500px;\">\n<h2 style=\"font-size: 14pt;\"><strong>Garantie f\u00fcr hohe Qualit\u00e4t:<\/strong><\/h2>\n<\/p><\/div>\n<div style=\"font-size: 12pt; min-width: 250px; max-width: 472px; text-align: justify;\"><span>Doktorvolt Geb\u00e4ude-Schaltanlagen aus <strong>hochwertigen Materialien.<\/strong> Ein Produkt, das entwickelt wurde, um einen zuverl\u00e4ssigen Zugang zu Elektrizit\u00e4t unter den verschiedensten Arbeitsbedingungen zu gew\u00e4hrleisten. Ideal sowohl f\u00fcr den professionellen als auch f\u00fcr den privaten Gebrauch. <strong>Ausgestattet mit 2 Schuko-Steckdosen 230V 16A und einer CEE-Steckdose 400V 16A. Geh\u00e4use aus robustem Kunststoff mit Schutzart IP44 und Sichtfenster.<\/strong><\/span><\/div>\n<\/p><\/div>\n<div><img decoding=\"async\" src=\"https:\/\/preis-zone.pl\/data\/include\/cms\/1-zdjecia-produktow\/DOKTORVOLT\/DV-5107-D\/DV-5107-D_22.jpg?v=1730724306989\" width=\"472\" height=\"472\" style=\"max-width: 100%;\" \/><\/div>\n<\/p><\/div>\n<div><img decoding=\"async\" style=\"max-width: 100%;\" src=\"https:\/\/preis-zone.pl\/data\/include\/cms\/1-zdjecia-produktow\/DOKTORVOLT\/DV-4995-EV\/ikonka_zielona_z_literka_D_biala.png?v=1729773346118\" border=\"0\" width=\"1900\" height=\"30\" \/><\/div>\n<div style=\"display: flex; width: 100%; flex-wrap: wrap; justify-content: space-around;\">\n<div>\n <video style=\"max-width=100%; margin-top: 50px; padding-top: 50px;\" width=\"400\" height=\"300\" src=\"https:\/\/preis-zone.pl\/data\/include\/cms\/1-zdjecia-produktow\/DOKTORVOLT\/DV-5107-D\/16A_BEZPIECZNIK_TYP_F.mp4?v=1730724306989\" type=\"video\/mp4\" controls autoplay muted loop controlsList=\"nodownload\"><\/video>\n <\/div>\n<div style=\"display: flex; flex-direction: column; justify-content: center; align-items: left; padding-left: 50px; padding-right: 50px; padding-top: 30px; max-width: 500px;\">\n<h2 style=\"font-size: 14pt;\"><strong>Einfache Installation = Zeitersparnis:<\/strong><\/h2>\n<div style=\"font-size: 12pt; min-width: 250px; text-align: justify;\"><span>Das Stromverteiler DV-5107-D<strong> wird mit komplettem Zubeh\u00f6r,<\/strong> einschlie\u00dflich 2 Gummidurchf\u00fchrungen und Befestigungsschrauben, f\u00fcr eine schnelle und problemlose Installation geliefert. Die kompakten Abmessungen (224 x 133 x 110 mm) und die vorbereitete Verdrahtung<strong> erm\u00f6glichen eine schnelle und effiziente Installation, <\/strong> so dass das Ger\u00e4t sofort einsatzbereit ist.<\/span><\/div>\n<\/p><\/div>\n<\/p><\/div>\n<p> <!-- Specyfikacja Techniczna --><\/p>\n<div style=\"display: flex; justify-content: center; align-items: center; min-height: 100vh;\">\n<div style=\"font-family: Arial, sans-serif; padding: 20px; max-width: 900px; border-radius: 8px; box-shadow: 0 4px 8px rgba(0, 0, 0, 0.1); text-align: left; background-color: white; margin-bottom: 50px; margin-top: 50px;\">\n<h2 style=\"background-color: #7dd956; color: #333; padding: 15px; border-radius: 8px 8px 0 0; text-align: center;\">Technische Spezifikationen<\/h2>\n<p>   <!-- Pierwsza cz\u0119\u015b\u0107 z obrazem po prawej --><\/p>\n<div style=\"display: flex; align-items: center; justify-content: center; margin-bottom: 30px; flex-wrap: wrap;\">\n<div style=\"flex-basis: 100%; max-width: 450px; padding-right: 30px; text-align: justify;\">\n<h3 style=\"border-bottom: 5px solid #7dd956; padding-bottom: 10px; color: #333;\">Elektrische Daten<\/h3>\n<p><strong>Nennspannung:<\/strong> 230 V \/400 V<\/p>\n<p><strong>Nennfrequenz:<\/strong> 50 Hz<\/p>\n<p><strong>Nennstrom:<\/strong> 16 A<\/p>\n<p><strong>Vereinbarter Bemessungskurzschlussstrom:<\/strong> \u2264 6 kA<\/p>\n<p><strong>RDF:<\/strong> 0,8<\/p>\n<p><strong>Geh\u00e4useabmessungen (ohne Steckdosen):<\/strong> 224 x 133 x 110 mm<\/p>\n<p><strong>Material des Geh\u00e4uses:<\/strong> Kunststoff<\/p>\n<p><strong>Farbe der Front- und R\u00fcckwand:<\/strong> Grau\/Schwarz<\/p>\n<p><strong>Inklusive Zubeh\u00f6r:<\/strong> Montaged\u00fcbel, 2x Gummikabelverschraubung<\/p>\n<\/p><\/div>\n<div style=\"flex-basis: 100%; max-width: 400px; text-align: center;\">\n   <img decoding=\"async\" src=\"https:\/\/preis-zone.pl\/data\/include\/cms\/1-zdjecia-produktow\/DOKTORVOLT\/DV-5107-D\/TYP_F_SCHUKO_230V_16A_Obszar_roboczy_1.jpg?v=1730724306988\" alt=\"Obraz 1\" style=\"width: 100%; max-width: 400px; height: auto; border-radius: 8px;\">\n   <\/div>\n<\/p><\/div>\n<p>   <!-- Druga cz\u0119\u015b\u0107 z obrazem po lewej --><\/p>\n<div style=\"display: flex; align-items: center; justify-content: center; margin-bottom: 30px; flex-wrap: wrap;\">\n<div style=\"flex-basis: 100%; max-width: 400px; text-align: center;\">\n   <img decoding=\"async\" src=\"https:\/\/preis-zone.pl\/data\/include\/cms\/1-zdjecia-produktow\/DOKTORVOLT\/DV-5107-D\/DV-5107-D_14.jpg?v=1730724306989\" alt=\"Obraz 2\" style=\"width: 100%; max-width: 400px; height: auto; border-radius: 8px;\">\n   <\/div>\n<div style=\"flex-basis: 100%; max-width: 450px; padding-left: 30px; text-align: justify;\">\n<h3 style=\"border-bottom: 5px solid #7dd956; padding-bottom: 10px; color: #333;\">Schutzvorrichtungen, Steckdosen und Verkabelung<\/h3>\n<p><strong>2 x einphasig (Schuko):<\/strong> 1P + N + PE, 16 A, 230 V<\/p>\n<p><strong>1 x dreiphasig CEE:<\/strong> 3P + N + PE, 16 A, 400 V<\/p>\n<p><strong>Kabelhersteller:<\/strong> Bitner<\/p>\n<p><strong>Schutzleitungen:<\/strong> Steuerleitung H07V-K 2,5 mm\u00b2 gelbgr\u00fcn<\/p>\n<p><strong>Neutrale Leitungen:<\/strong> Steuerleitung H07V-K 2,5 mm\u00b2 blau<\/p>\n<p><strong>Versorgungsleitungen:<\/strong> Steuerleitung H07V-K 2,5 mm\u00b2 schwarz<\/p>\n<p><strong>1 x Leitungsschutzschalter:<\/strong> B16, 1P, 6 kA<\/p>\n<p><strong>1x Leitungsschutzschalter:<\/strong> C16, 3P, 6 kA<\/p>\n<\/p><\/div>\n<\/p><\/div>\n<p>   <!-- Trzecia cz\u0119\u015b\u0107 z obrazem przypisanym do ka\u017cdej sekcji --><\/p>\n<div style=\"margin-bottom: 30px;\">\n   <!-- Sekcja 1 z obrazem po prawej --><\/p>\n<div style=\"display: flex; align-items: center; justify-content: center; margin-bottom: 30px; flex-wrap: wrap;\">\n<div style=\"flex-basis: 100%; max-width: 450px; padding-right: 30px; text-align: justify;\">\n<h3 style=\"border-bottom: 5px solid #7dd956; padding-bottom: 10px; color: #333;\">Zertifikate und Normen<\/h3>\n<p><strong>T\u00dcV S\u00dcD ISO 9001:2015 Certified Quality Management System Doktorvolt:<\/strong> Ja<\/p>\n<p><strong>CE:<\/strong> Ja<\/p>\n<p><strong>IEC 61439:<\/strong> Ja<\/p>\n<\/p><\/div>\n<div style=\"flex-basis: 100%; max-width: 400px; text-align: center;\">\n   <img decoding=\"async\" src=\"https:\/\/preis-zone.pl\/data\/include\/cms\/1-zdjecia-produktow\/DOKTORVOLT\/DV-5107-D\/DV-5107-D_7.jpg?v=1730724306988\" alt=\"Obraz 3\" style=\"width: 100%; max-width: 400px; height: auto; border-radius: 8px;\">\n   <\/div>\n<\/p><\/div>\n<p>   <!-- Sekcja 4 z obrazem po lewej --><\/p>\n<div style=\"display: flex; align-items: center; justify-content: center; margin-bottom: 30px; flex-wrap: wrap;\">\n<div style=\"flex-basis: 100%; max-width: 400px; text-align: center;\">\n   <img decoding=\"async\" src=\"https:\/\/preis-zone.pl\/data\/include\/cms\/1-zdjecia-produktow\/DOKTORVOLT\/DV-5107-D\/DV-5107-D_2.jpg?v=1730724306989\" alt=\"Obraz 4\" style=\"width: 100%; max-width: 400px; height: auto; border-radius: 8px;\">\n   <\/div>\n<div style=\"flex-basis: 100%; max-width: 450px; padding-left: 30px; text-align: justify;\">\n<h3 style=\"border-bottom: 5px solid #7dd956; padding-bottom: 10px; color: #333;\">Allgemeine Informationen<\/h3>\n<p><strong>Umgebungstemperatur:<\/strong> -25 \u00b0C ~ +50 \u00b0C<\/p>\n<p><strong>Schutzklasse:<\/strong> IP44<\/p>\n<p><strong>UV-Best\u00e4ndigkeit:<\/strong> Ja<\/p>\n<p><strong>Station\u00e4re\/mobile Konstruktion:<\/strong> Station\u00e4r<\/p>\n<p><strong>Modell:<\/strong> DV-5107-D<\/p>\n<p><strong>EAN:<\/strong> 5905191015107<\/p>\n<p><strong>Produktserienbezeichnung:<\/strong> XS<\/p>\n<p><strong>Hersteller:<\/strong> DOKTORVOLT<\/p>\n<\/p><\/div>\n<\/p><\/div>\n<\/p><\/div>\n<\/p><\/div>\n<\/p><\/div>\n<div style=\"display: flex; width: 100%; flex-wrap: wrap; justify-content: space-around;\">\n<div style=\"display: flex; flex-direction: column; justify-content: center; align-items: left; padding-left: 50px; padding-right: 50px; padding-top: 30px;\">\n<div style=\"max-width: 500px;\">\n<h2 style=\"font-size: 14pt;\"><strong>Zertifizierung = hohe Qualit\u00e4t:<\/strong><\/h2>\n<\/p><\/div>\n<div style=\"font-size: 12pt; min-width: 250px; max-width: 472px; text-align: justify;\"><span>Produkte der Marke <strong> DOKTORVOLT <\/strong> werden routinem\u00e4\u00dfig getestet, um h\u00f6chste Produktqualit\u00e4t zu gew\u00e4hrleisten. Jedes Produkt erh\u00e4lt nach ausf\u00fchrlichen Tests ein individuelles Zertifikat, das die Konformit\u00e4t mit den IEC-Normen best\u00e4tigt. Das Unternehmen verwendet im Produktionsprozess ein T\u00dcV S\u00dcD-zertifiziertes System, das f\u00fcr hohe Qualit\u00e4t steht.<\/span><\/div>\n<\/p><\/div>\n<div><img decoding=\"async\" src=\"https:\/\/preis-zone.pl\/data\/include\/cms\/1-zdjecia-produktow\/Certyfikaty\/eco_certyfikat_front.png?v=1730728300929\" width=\"472\" height=\"472\" style=\"max-width: 100%;\" \/><\/div>\n<\/p><\/div>\n<div><img decoding=\"async\" style=\"max-width: 100%;\" src=\"https:\/\/preis-zone.pl\/data\/include\/cms\/1-zdjecia-produktow\/DOKTORVOLT\/DV-4995-EV\/ikonka_zielona_z_literka_D_biala.png?v=1729773346118\" border=\"0\" width=\"1900\" height=\"30\" \/><\/div>\n<div style=\"display: flex; width: 100%; flex-wrap: wrap; justify-content: space-around;\">\n<div><img decoding=\"async\" src=\"https:\/\/preis-zone.pl\/data\/include\/cms\/1-zdjecia-produktow\/Logo-IP\/IP_44.png?v=1730728375342\" width=\"472\" height=\"472\" style=\"max-width: 100%;\" \/><\/div>\n<div style=\"display: flex; flex-direction: column; justify-content: center; align-items: left; padding-left: 50px; padding-right: 50px; padding-top: 30px; max-width: 500px;\">\n<h2 style=\"font-size: 14pt;\"><strong>Schutzklasse IP = erh\u00f6hte Sicherheit:<\/strong><\/h2>\n<div style=\"font-size: 12pt; min-width: 250px; text-align: justify;\"><span><strong>Die Bezeichnung der IP-Schutzart ist ein internationaler Standard,<\/strong> der dem Benutzer Informationen \u00fcber die Widerstandsf\u00e4higkeit des Objekts gegen potentielle Risikofaktoren gibt. Produkte mit einem IP-Schutzgrad garantieren einen problemlosen Betrieb des Ger\u00e4ts unter weniger kontrollierten Bedingungen sowie die Sicherheit des Benutzers. Die in unserem Verteiler verwendete <strong> Schutzart IP44 <\/strong>gibt Auskunft \u00fcber Schutz gegen das Eindringen von festen Fremdk\u00f6rpern mit einem Durchmesser von mehr als 1 mm und Schutz gegen Spritzwasser aus allen Richtungen.<\/span><\/div>\n<\/p><\/div>\n<\/p><\/div>\n<div><img decoding=\"async\" style=\"max-width: 100%;\" src=\"https:\/\/preis-zone.pl\/data\/include\/cms\/1-zdjecia-produktow\/DOKTORVOLT\/DV-4995-EV\/ikonka_zielona_z_literka_D_biala.png?v=1729773346118\" border=\"0\" width=\"1900\" height=\"30\" \/><\/div>\n<div style=\"display: flex; flex-direction: column; align-items: center; justify-content: center; text-align: center; width: 100%;\">\n<h3 style=\"font-size: 18pt; color: #000;\">Vertrauensw\u00fcrdiger Hersteller:<\/h3>\n<p style=\"font-size: 16pt; line-height: 1.5; color: #000; max-width: 800px; text-align: justify;\">\n   Doktorvolt\u00ae ist ein Unternehmen, das 2013 gegr\u00fcndet wurde. Das dynamisch wachsende Unternehmen ist sowohl auf dem polnischen als auch auf dem internationalen Markt t\u00e4tig. Der Firmensitz befindet sich in Malich\u00f3w in der Woiwodschaft Oppeln, wo sich eine moderne Produktionshalle und Lager befinden. Das Unternehmen ist auf die Herstellung von Baustromverteilern spezialisiert und zeichnet sich durch Qualit\u00e4t und Zuverl\u00e4ssigkeit aus. Jeder Verteiler besteht aus hochwertigen Komponenten. Die Produkte von Doktorvolt\u00ae entsprechen den europ\u00e4ischen Sicherheitsstandards und Normen.\n <\/p>\n<p> <img decoding=\"async\" src=\"https:\/\/preis-zone.pl\/data\/include\/cms\/1-zdjecia-produktow\/doktorvolt-logo\/nowe.jpg?v=1729077634670\" alt=\"Doktorvolt logo\" width=\"566\" height=\"155\" style=\"margin-top: 20px;\" \/>\n <\/div>\n","protected":false},"excerpt":{"rendered":"<p>Hochwertiger Baustromverteiler XS DV-5107-D 16A 2x230V mit Absicherung. Ausgestattet mit Steckdosen der renommierten Marke DOKTORVOLT. Schutzart IP44 . Stromverteiler Komplett Verdrahtet.<\/p>\n","protected":false},"featured_media":105598,"template":"","meta":[],"product_brand":[],"product_cat":[4533],"product_tag":[],"class_list":{"0":"post-109780","1":"product","2":"type-product","3":"status-publish","4":"has-post-thumbnail","6":"product_cat-xs-serie","8":"first","9":"instock","10":"shipping-taxable","11":"product-type-external"},"yoast_head":"<!-- This site is optimized with the Yoast SEO plugin v27.0 - https:\/\/yoast.com\/product\/yoast-seo-wordpress\/ -->\n<title>Wandverteiler XS-S 16A 2x230V IP44 Stromverteiler Komplett Verdrahtet Doktorvolt DV-5107-D - DOKTORVOLT\u00ae<\/title>\n<meta name=\"robots\" content=\"index, follow, max-snippet:-1, max-image-preview:large, max-video-preview:-1\" \/>\n<link rel=\"canonical\" href=\"https:\/\/doktorvolt.pl\/de\/offer-doktorvolt\/stromverteiler\/xs-serie\/rozdzielnica-budowlana-xs-s-16a-2x230v-erbetka-ip44-gniazda-doktorvolt-dv-5107-d\/\" \/>\n<meta property=\"og:locale\" content=\"de_DE\" \/>\n<meta property=\"og:type\" content=\"article\" \/>\n<meta property=\"og:title\" content=\"Wandverteiler XS-S 16A 2x230V IP44 Stromverteiler Komplett Verdrahtet Doktorvolt DV-5107-D - DOKTORVOLT\u00ae\" \/>\n<meta property=\"og:description\" content=\"Hochwertiger Baustromverteiler XS DV-5107-D 16A 2x230V mit Absicherung. Ausgestattet mit Steckdosen der renommierten Marke DOKTORVOLT. Schutzart IP44 . Stromverteiler Komplett Verdrahtet.\" \/>\n<meta property=\"og:url\" content=\"https:\/\/doktorvolt.pl\/de\/offer-doktorvolt\/stromverteiler\/xs-serie\/rozdzielnica-budowlana-xs-s-16a-2x230v-erbetka-ip44-gniazda-doktorvolt-dv-5107-d\/\" \/>\n<meta property=\"og:site_name\" content=\"DOKTORVOLT\u00ae\" \/>\n<meta property=\"article:modified_time\" content=\"2026-04-23T12:19:40+00:00\" \/>\n<meta property=\"og:image\" content=\"https:\/\/doktorvolt.pl\/wp-content\/uploads\/2026\/02\/pol_pl_19802-19802_22.jpg\" \/>\n\t<meta property=\"og:image:width\" content=\"1600\" \/>\n\t<meta property=\"og:image:height\" content=\"1600\" \/>\n\t<meta property=\"og:image:type\" content=\"image\/jpeg\" \/>\n<meta name=\"twitter:card\" content=\"summary_large_image\" \/>\n<meta name=\"twitter:label1\" content=\"Gesch\u00e4tzte Lesezeit\" \/>\n\t<meta name=\"twitter:data1\" content=\"3\u00a0Minuten\" \/>\n<script type=\"application\/ld+json\" class=\"yoast-schema-graph\">{\"@context\":\"https:\/\/schema.org\",\"@graph\":[{\"@type\":\"WebPage\",\"@id\":\"https:\/\/doktorvolt.pl\/de\/offer-doktorvolt\/stromverteiler\/xs-serie\/rozdzielnica-budowlana-xs-s-16a-2x230v-erbetka-ip44-gniazda-doktorvolt-dv-5107-d\/\",\"url\":\"https:\/\/doktorvolt.pl\/de\/offer-doktorvolt\/stromverteiler\/xs-serie\/rozdzielnica-budowlana-xs-s-16a-2x230v-erbetka-ip44-gniazda-doktorvolt-dv-5107-d\/\",\"name\":\"Wandverteiler XS-S 16A 2x230V IP44 Stromverteiler Komplett Verdrahtet Doktorvolt DV-5107-D - DOKTORVOLT\u00ae\",\"isPartOf\":{\"@id\":\"https:\/\/doktorvolt.pl\/de\/#website\"},\"primaryImageOfPage\":{\"@id\":\"https:\/\/doktorvolt.pl\/de\/offer-doktorvolt\/stromverteiler\/xs-serie\/rozdzielnica-budowlana-xs-s-16a-2x230v-erbetka-ip44-gniazda-doktorvolt-dv-5107-d\/#primaryimage\"},\"image\":{\"@id\":\"https:\/\/doktorvolt.pl\/de\/offer-doktorvolt\/stromverteiler\/xs-serie\/rozdzielnica-budowlana-xs-s-16a-2x230v-erbetka-ip44-gniazda-doktorvolt-dv-5107-d\/#primaryimage\"},\"thumbnailUrl\":\"https:\/\/doktorvolt.pl\/wp-content\/uploads\/2026\/02\/pol_pl_19802-19802_22.jpg\",\"datePublished\":\"2026-02-23T14:04:37+00:00\",\"dateModified\":\"2026-04-23T12:19:40+00:00\",\"breadcrumb\":{\"@id\":\"https:\/\/doktorvolt.pl\/de\/offer-doktorvolt\/stromverteiler\/xs-serie\/rozdzielnica-budowlana-xs-s-16a-2x230v-erbetka-ip44-gniazda-doktorvolt-dv-5107-d\/#breadcrumb\"},\"inLanguage\":\"de\",\"potentialAction\":[{\"@type\":\"ReadAction\",\"target\":[\"https:\/\/doktorvolt.pl\/de\/offer-doktorvolt\/stromverteiler\/xs-serie\/rozdzielnica-budowlana-xs-s-16a-2x230v-erbetka-ip44-gniazda-doktorvolt-dv-5107-d\/\"]}]},{\"@type\":\"ImageObject\",\"inLanguage\":\"de\",\"@id\":\"https:\/\/doktorvolt.pl\/de\/offer-doktorvolt\/stromverteiler\/xs-serie\/rozdzielnica-budowlana-xs-s-16a-2x230v-erbetka-ip44-gniazda-doktorvolt-dv-5107-d\/#primaryimage\",\"url\":\"https:\/\/doktorvolt.pl\/wp-content\/uploads\/2026\/02\/pol_pl_19802-19802_22.jpg\",\"contentUrl\":\"https:\/\/doktorvolt.pl\/wp-content\/uploads\/2026\/02\/pol_pl_19802-19802_22.jpg\",\"width\":1600,\"height\":1600},{\"@type\":\"BreadcrumbList\",\"@id\":\"https:\/\/doktorvolt.pl\/de\/offer-doktorvolt\/stromverteiler\/xs-serie\/rozdzielnica-budowlana-xs-s-16a-2x230v-erbetka-ip44-gniazda-doktorvolt-dv-5107-d\/#breadcrumb\",\"itemListElement\":[{\"@type\":\"ListItem\",\"position\":1,\"name\":\"Strona g\u0142\u00f3wna\",\"item\":\"https:\/\/doktorvolt.pl\/de\/\"},{\"@type\":\"ListItem\",\"position\":2,\"name\":\"Angebot Doktorvolt\",\"item\":\"https:\/\/doktorvolt.pl\/de\/angebot-doktorvolt\/\"},{\"@type\":\"ListItem\",\"position\":3,\"name\":\"Wandverteiler XS-S 16A 2x230V IP44 Stromverteiler Komplett Verdrahtet Doktorvolt DV-5107-D\"}]},{\"@type\":\"WebSite\",\"@id\":\"https:\/\/doktorvolt.pl\/de\/#website\",\"url\":\"https:\/\/doktorvolt.pl\/de\/\",\"name\":\"DOKTORVOLT\u00ae\",\"description\":\"Producent rozdzielnic budowlanych\",\"publisher\":{\"@id\":\"https:\/\/doktorvolt.pl\/de\/#organization\"},\"potentialAction\":[{\"@type\":\"SearchAction\",\"target\":{\"@type\":\"EntryPoint\",\"urlTemplate\":\"https:\/\/doktorvolt.pl\/de\/?s={search_term_string}\"},\"query-input\":{\"@type\":\"PropertyValueSpecification\",\"valueRequired\":true,\"valueName\":\"search_term_string\"}}],\"inLanguage\":\"de\"},{\"@type\":\"Organization\",\"@id\":\"https:\/\/doktorvolt.pl\/de\/#organization\",\"name\":\"DOKTORVOLT\u00ae\",\"url\":\"https:\/\/doktorvolt.pl\/de\/\",\"logo\":{\"@type\":\"ImageObject\",\"inLanguage\":\"de\",\"@id\":\"https:\/\/doktorvolt.pl\/de\/#\/schema\/logo\/image\/\",\"url\":\"https:\/\/doktorvolt.pl\/wp-content\/uploads\/2023\/10\/DoktorVOLT-black-png.png\",\"contentUrl\":\"https:\/\/doktorvolt.pl\/wp-content\/uploads\/2023\/10\/DoktorVOLT-black-png.png\",\"width\":729,\"height\":40,\"caption\":\"DOKTORVOLT\u00ae\"},\"image\":{\"@id\":\"https:\/\/doktorvolt.pl\/de\/#\/schema\/logo\/image\/\"}}]}<\/script>\n<!-- \/ Yoast SEO plugin. -->","yoast_head_json":{"title":"Wandverteiler XS-S 16A 2x230V IP44 Stromverteiler Komplett Verdrahtet Doktorvolt DV-5107-D - DOKTORVOLT\u00ae","robots":{"index":"index","follow":"follow","max-snippet":"max-snippet:-1","max-image-preview":"max-image-preview:large","max-video-preview":"max-video-preview:-1"},"canonical":"https:\/\/doktorvolt.pl\/de\/offer-doktorvolt\/stromverteiler\/xs-serie\/rozdzielnica-budowlana-xs-s-16a-2x230v-erbetka-ip44-gniazda-doktorvolt-dv-5107-d\/","og_locale":"de_DE","og_type":"article","og_title":"Wandverteiler XS-S 16A 2x230V IP44 Stromverteiler Komplett Verdrahtet Doktorvolt DV-5107-D - DOKTORVOLT\u00ae","og_description":"Hochwertiger Baustromverteiler XS DV-5107-D 16A 2x230V mit Absicherung. Ausgestattet mit Steckdosen der renommierten Marke DOKTORVOLT. Schutzart IP44 . Stromverteiler Komplett Verdrahtet.","og_url":"https:\/\/doktorvolt.pl\/de\/offer-doktorvolt\/stromverteiler\/xs-serie\/rozdzielnica-budowlana-xs-s-16a-2x230v-erbetka-ip44-gniazda-doktorvolt-dv-5107-d\/","og_site_name":"DOKTORVOLT\u00ae","article_modified_time":"2026-04-23T12:19:40+00:00","og_image":[{"width":1600,"height":1600,"url":"https:\/\/doktorvolt.pl\/wp-content\/uploads\/2026\/02\/pol_pl_19802-19802_22.jpg","type":"image\/jpeg"}],"twitter_card":"summary_large_image","twitter_misc":{"Gesch\u00e4tzte Lesezeit":"3\u00a0Minuten"},"schema":{"@context":"https:\/\/schema.org","@graph":[{"@type":"WebPage","@id":"https:\/\/doktorvolt.pl\/de\/offer-doktorvolt\/stromverteiler\/xs-serie\/rozdzielnica-budowlana-xs-s-16a-2x230v-erbetka-ip44-gniazda-doktorvolt-dv-5107-d\/","url":"https:\/\/doktorvolt.pl\/de\/offer-doktorvolt\/stromverteiler\/xs-serie\/rozdzielnica-budowlana-xs-s-16a-2x230v-erbetka-ip44-gniazda-doktorvolt-dv-5107-d\/","name":"Wandverteiler XS-S 16A 2x230V IP44 Stromverteiler Komplett Verdrahtet Doktorvolt DV-5107-D - DOKTORVOLT\u00ae","isPartOf":{"@id":"https:\/\/doktorvolt.pl\/de\/#website"},"primaryImageOfPage":{"@id":"https:\/\/doktorvolt.pl\/de\/offer-doktorvolt\/stromverteiler\/xs-serie\/rozdzielnica-budowlana-xs-s-16a-2x230v-erbetka-ip44-gniazda-doktorvolt-dv-5107-d\/#primaryimage"},"image":{"@id":"https:\/\/doktorvolt.pl\/de\/offer-doktorvolt\/stromverteiler\/xs-serie\/rozdzielnica-budowlana-xs-s-16a-2x230v-erbetka-ip44-gniazda-doktorvolt-dv-5107-d\/#primaryimage"},"thumbnailUrl":"https:\/\/doktorvolt.pl\/wp-content\/uploads\/2026\/02\/pol_pl_19802-19802_22.jpg","datePublished":"2026-02-23T14:04:37+00:00","dateModified":"2026-04-23T12:19:40+00:00","breadcrumb":{"@id":"https:\/\/doktorvolt.pl\/de\/offer-doktorvolt\/stromverteiler\/xs-serie\/rozdzielnica-budowlana-xs-s-16a-2x230v-erbetka-ip44-gniazda-doktorvolt-dv-5107-d\/#breadcrumb"},"inLanguage":"de","potentialAction":[{"@type":"ReadAction","target":["https:\/\/doktorvolt.pl\/de\/offer-doktorvolt\/stromverteiler\/xs-serie\/rozdzielnica-budowlana-xs-s-16a-2x230v-erbetka-ip44-gniazda-doktorvolt-dv-5107-d\/"]}]},{"@type":"ImageObject","inLanguage":"de","@id":"https:\/\/doktorvolt.pl\/de\/offer-doktorvolt\/stromverteiler\/xs-serie\/rozdzielnica-budowlana-xs-s-16a-2x230v-erbetka-ip44-gniazda-doktorvolt-dv-5107-d\/#primaryimage","url":"https:\/\/doktorvolt.pl\/wp-content\/uploads\/2026\/02\/pol_pl_19802-19802_22.jpg","contentUrl":"https:\/\/doktorvolt.pl\/wp-content\/uploads\/2026\/02\/pol_pl_19802-19802_22.jpg","width":1600,"height":1600},{"@type":"BreadcrumbList","@id":"https:\/\/doktorvolt.pl\/de\/offer-doktorvolt\/stromverteiler\/xs-serie\/rozdzielnica-budowlana-xs-s-16a-2x230v-erbetka-ip44-gniazda-doktorvolt-dv-5107-d\/#breadcrumb","itemListElement":[{"@type":"ListItem","position":1,"name":"Strona g\u0142\u00f3wna","item":"https:\/\/doktorvolt.pl\/de\/"},{"@type":"ListItem","position":2,"name":"Angebot Doktorvolt","item":"https:\/\/doktorvolt.pl\/de\/angebot-doktorvolt\/"},{"@type":"ListItem","position":3,"name":"Wandverteiler XS-S 16A 2x230V IP44 Stromverteiler Komplett Verdrahtet Doktorvolt DV-5107-D"}]},{"@type":"WebSite","@id":"https:\/\/doktorvolt.pl\/de\/#website","url":"https:\/\/doktorvolt.pl\/de\/","name":"DOKTORVOLT\u00ae","description":"Producent rozdzielnic budowlanych","publisher":{"@id":"https:\/\/doktorvolt.pl\/de\/#organization"},"potentialAction":[{"@type":"SearchAction","target":{"@type":"EntryPoint","urlTemplate":"https:\/\/doktorvolt.pl\/de\/?s={search_term_string}"},"query-input":{"@type":"PropertyValueSpecification","valueRequired":true,"valueName":"search_term_string"}}],"inLanguage":"de"},{"@type":"Organization","@id":"https:\/\/doktorvolt.pl\/de\/#organization","name":"DOKTORVOLT\u00ae","url":"https:\/\/doktorvolt.pl\/de\/","logo":{"@type":"ImageObject","inLanguage":"de","@id":"https:\/\/doktorvolt.pl\/de\/#\/schema\/logo\/image\/","url":"https:\/\/doktorvolt.pl\/wp-content\/uploads\/2023\/10\/DoktorVOLT-black-png.png","contentUrl":"https:\/\/doktorvolt.pl\/wp-content\/uploads\/2023\/10\/DoktorVOLT-black-png.png","width":729,"height":40,"caption":"DOKTORVOLT\u00ae"},"image":{"@id":"https:\/\/doktorvolt.pl\/de\/#\/schema\/logo\/image\/"}}]}},"_links":{"self":[{"href":"https:\/\/doktorvolt.pl\/de\/wp-json\/wp\/v2\/product\/109780","targetHints":{"allow":["GET"]}}],"collection":[{"href":"https:\/\/doktorvolt.pl\/de\/wp-json\/wp\/v2\/product"}],"about":[{"href":"https:\/\/doktorvolt.pl\/de\/wp-json\/wp\/v2\/types\/product"}],"wp:featuredmedia":[{"embeddable":true,"href":"https:\/\/doktorvolt.pl\/de\/wp-json\/wp\/v2\/media\/105598"}],"wp:attachment":[{"href":"https:\/\/doktorvolt.pl\/de\/wp-json\/wp\/v2\/media?parent=109780"}],"wp:term":[{"taxonomy":"product_brand","embeddable":true,"href":"https:\/\/doktorvolt.pl\/de\/wp-json\/wp\/v2\/product_brand?post=109780"},{"taxonomy":"product_cat","embeddable":true,"href":"https:\/\/doktorvolt.pl\/de\/wp-json\/wp\/v2\/product_cat?post=109780"},{"taxonomy":"product_tag","embeddable":true,"href":"https:\/\/doktorvolt.pl\/de\/wp-json\/wp\/v2\/product_tag?post=109780"}],"curies":[{"name":"wp","href":"https:\/\/api.w.org\/{rel}","templated":true}]}}