{"id":109786,"date":"2026-02-23T16:03:27","date_gmt":"2026-02-23T14:03:27","guid":{"rendered":"https:\/\/doktorvolt.pl\/sklep\/unkategorisiert\/przedluzacz-silowy-5m-63a-5p-ip67-cee-400v-5x16-mm2-doktorvolt-4742\/"},"modified":"2026-04-23T14:19:38","modified_gmt":"2026-04-23T12:19:38","slug":"przedluzacz-silowy-5m-63a-5p-ip67-cee-400v-5x16-mm2-doktorvolt-4742","status":"publish","type":"product","link":"https:\/\/doktorvolt.pl\/de\/offer-doktorvolt\/verlangerungskabel\/cee-verlaengerungskabel\/przedluzacz-silowy-5m-63a-5p-ip67-cee-400v-5x16-mm2-doktorvolt-4742\/","title":{"rendered":"CEE Verl\u00e4ngerungskabel 5m 63A\/5P IP67 400V 5&#215;16 mm2 Doktorvolt\u00ae DV-4742-CEE-63"},"content":{"rendered":"<h1 style=\"text-align: center; font-size: 24pt;\"><span>CEE Verl\u00e4ngerungskabel 5m 63A IP67 wasserdicht<\/span><\/h1>\n<h4 style=\"font-size: 14pt; text-align: center;\"><span>Gummiverl\u00e4ngerungskabel, f\u00fcr den Einsatz unter anspruchsvollen Bedingungen, z. B. in Werkst\u00e4tten, auf Baustellen, in der Landwirtschaft, im Bergbau und in der Industrie. Ideal f\u00fcr die Stromversorgung von tragbaren Ger\u00e4ten. \u00d6lbest\u00e4ndiges Kabel. F\u00fcr die Installation in trockenen und feuchten R\u00e4umen sowie im Freien und in Brauchwasser.<\/span><\/h4>\n<div style=\"display: flex; width: 100%; flex-wrap: wrap; justify-content: space-around;\">\n<div style=\"display: flex; justify-content: center; align-items: center; padding-left: 50px; padding-right: 50px; padding-top: 30px;\">\n<div style=\"min-width: 250px; max-width: 500px;\">\n<h2 style=\"font-size: 14pt; text-align: justify;\"><strong><span>Technische Daten:<\/span><\/strong><\/h2>\n<ul>\n<li><span style=\"font-size: 12pt;\"><strong>L\u00e4nge:<\/strong> 10m<\/span><\/li>\n<li><span style=\"font-size: 12pt;\"><strong>Nennstrom:<\/strong> 63A<\/span><\/li>\n<li><span style=\"font-size: 12pt;\"><strong>Bemessungsspannung:<\/strong> 400V<\/span><\/li>\n<li><span style=\"font-size: 12pt;\"><strong>Schutzklasse:<\/strong> IP67<\/span><\/li>\n<li><span style=\"font-size: 12pt;\"><strong>Kabelquerschnitt:<\/strong> 5x16mm\u00b2<\/span><\/li>\n<li><span style=\"font-size: 12pt;\"><strong>Kabelisolierung:<\/strong> Neopren-Kautschuk, \u00f6lbest\u00e4ndig<\/span><\/li>\n<li><span style=\"font-size: 12pt;\"><strong>Hersteller:<\/strong> Doktorvolt<\/span><\/li>\n<li><span style=\"font-size: 12pt;\"><strong>Symbol des Herstellers:<\/strong> DV-4742-CEE-63<\/span><\/li>\n<li><span style=\"font-size: 12pt;\"><strong>EAN:<\/strong> 5905191014742<\/span><\/li>\n<\/ul><\/div>\n<\/p><\/div>\n<div style=\"display: flex;\"><img decoding=\"async\" src=\"https:\/\/preis-zone.pl\/hpeciai\/2935c5bd0428787ff2404397e73f449e\/pol_pl_Przedluzacz-silowy-5m-63A-5P-IP67-CEE-400V-5x16-mm2-Doktorvolt-R-4742-17869_6.jpg\" border=\"0\" alt=\"\" width=\"472\" height=\"472\" \/><\/div>\n<\/p><\/div>\n<div style=\"display: flex; width: 100%; flex-wrap: wrap; justify-content: space-around;\">\n<div><img decoding=\"async\" src=\"https:\/\/preis-zone.pl\/hpeciai\/09b7447a423555e2bbbad3732ed16a96\/pol_pl_Przedluzacz-silowy-5m-63A-5P-IP67-CEE-400V-5x16-mm2-Doktorvolt-R-4742-17869_9.jpg\" border=\"0\" alt=\"\" width=\"472\" height=\"472\" \/><\/div>\n<div style=\"display: flex; flex-direction: column; justify-content: center; align-items: left; padding-left: 50px; padding-right: 50px; padding-top: 30px; max-width: 500px;\">\n<h2 style=\"font-size: 14pt;\"><strong>Kabel-Typ:<\/strong><\/h2>\n<div style=\"font-size: 12pt; min-width: 250px; text-align: justify;\"><span>H07RN-F &#8211; harmonisiertes Kabel (H), f\u00fcr Nennspannung 450\/750V (07), mit Isolierung aus Natur- oder Synthesekautschuk (R) und Mantel aus Chloroprenkautschuk (N), mit feinen Kupferleitern (F)<\/span><\/div>\n<\/p><\/div>\n<\/p><\/div>\n<div style=\"display: flex; width: 100%; flex-wrap: wrap; justify-content: space-around;\">\n<div style=\"display: flex; flex-direction: column; justify-content: center; align-items: left; padding-left: 50px; padding-right: 50px; padding-top: 30px;\">\n<div style=\"max-width: 500px;\">\n<h2 style=\"font-size: 14pt;\"><strong>Ausstattung:<\/strong><\/h2>\n<\/p><\/div>\n<div style=\"font-size: 12pt; min-width: 250px; max-width: 472px;\">\n<ul>\n<li style=\"text-align: justify;\"><strong>CEE gerader Netzstecker<\/strong> tragbar wasserdicht IP67 63A\/5p 3P+Z+N 6h 230\/400V~ code:406118\/035 PCE<\/li>\n<li style=\"text-align: justify;\"><strong>Gerade wasserdichte Steckdose<\/strong> IP67 63A\/5P 3P+Z+N 6h 230\/400V~<\/li>\n<\/ul><\/div>\n<\/p><\/div>\n<div><img decoding=\"async\" src=\"https:\/\/preis-zone.pl\/hpeciai\/2a672815b96076a2ee699bd52c76a5cd\/pol_pl_Przedluzacz-silowy-5m-63A-5P-IP67-CEE-400V-5x16-mm2-Doktorvolt-R-4742-17869_12.jpg\" border=\"0\" alt=\"\" width=\"472\" height=\"472\" \/><\/div>\n<\/p><\/div>\n","protected":false},"excerpt":{"rendered":"<p>Starkstrom Verl\u00e4ngerungskabel 5m 63A\/5P IP67 CEE 400V\/63A H07RN-F 5&#215;16 mm2 Wasserdichte Steckdosen PCE<\/p>\n","protected":false},"featured_media":105496,"template":"","meta":[],"product_brand":[],"product_cat":[4494],"product_tag":[],"class_list":{"0":"post-109786","1":"product","2":"type-product","3":"status-publish","4":"has-post-thumbnail","6":"product_cat-cee-verlaengerungskabel","8":"first","9":"instock","10":"shipping-taxable","11":"product-type-external"},"yoast_head":"<!-- This site is optimized with the Yoast SEO plugin v27.0 - https:\/\/yoast.com\/product\/yoast-seo-wordpress\/ -->\n<title>CEE Verl\u00e4ngerungskabel 5m 63A\/5P IP67 400V 5x16 mm2 Doktorvolt\u00ae DV-4742-CEE-63 - DOKTORVOLT\u00ae<\/title>\n<meta name=\"robots\" content=\"index, follow, max-snippet:-1, max-image-preview:large, max-video-preview:-1\" \/>\n<link rel=\"canonical\" href=\"https:\/\/doktorvolt.pl\/de\/offer-doktorvolt\/verlangerungskabel\/cee-verlaengerungskabel\/przedluzacz-silowy-5m-63a-5p-ip67-cee-400v-5x16-mm2-doktorvolt-4742\/\" \/>\n<meta property=\"og:locale\" content=\"de_DE\" \/>\n<meta property=\"og:type\" content=\"article\" \/>\n<meta property=\"og:title\" content=\"CEE Verl\u00e4ngerungskabel 5m 63A\/5P IP67 400V 5x16 mm2 Doktorvolt\u00ae DV-4742-CEE-63 - DOKTORVOLT\u00ae\" \/>\n<meta property=\"og:description\" content=\"Starkstrom Verl\u00e4ngerungskabel 5m 63A\/5P IP67 CEE 400V\/63A H07RN-F 5x16 mm2 Wasserdichte Steckdosen PCE\" \/>\n<meta property=\"og:url\" content=\"https:\/\/doktorvolt.pl\/de\/offer-doktorvolt\/verlangerungskabel\/cee-verlaengerungskabel\/przedluzacz-silowy-5m-63a-5p-ip67-cee-400v-5x16-mm2-doktorvolt-4742\/\" \/>\n<meta property=\"og:site_name\" content=\"DOKTORVOLT\u00ae\" \/>\n<meta property=\"article:modified_time\" content=\"2026-04-23T12:19:38+00:00\" \/>\n<meta property=\"og:image\" content=\"https:\/\/doktorvolt.pl\/wp-content\/uploads\/2026\/02\/pol_pl_17869-17869_1.jpg\" \/>\n\t<meta property=\"og:image:width\" content=\"1000\" \/>\n\t<meta property=\"og:image:height\" content=\"1000\" \/>\n\t<meta property=\"og:image:type\" content=\"image\/jpeg\" \/>\n<meta name=\"twitter:card\" content=\"summary_large_image\" \/>\n<meta name=\"twitter:label1\" content=\"Gesch\u00e4tzte Lesezeit\" \/>\n\t<meta name=\"twitter:data1\" content=\"1\u00a0Minute\" \/>\n<script type=\"application\/ld+json\" class=\"yoast-schema-graph\">{\"@context\":\"https:\/\/schema.org\",\"@graph\":[{\"@type\":\"WebPage\",\"@id\":\"https:\/\/doktorvolt.pl\/de\/offer-doktorvolt\/verlangerungskabel\/cee-verlaengerungskabel\/przedluzacz-silowy-5m-63a-5p-ip67-cee-400v-5x16-mm2-doktorvolt-4742\/\",\"url\":\"https:\/\/doktorvolt.pl\/de\/offer-doktorvolt\/verlangerungskabel\/cee-verlaengerungskabel\/przedluzacz-silowy-5m-63a-5p-ip67-cee-400v-5x16-mm2-doktorvolt-4742\/\",\"name\":\"CEE Verl\u00e4ngerungskabel 5m 63A\/5P IP67 400V 5x16 mm2 Doktorvolt\u00ae DV-4742-CEE-63 - DOKTORVOLT\u00ae\",\"isPartOf\":{\"@id\":\"https:\/\/doktorvolt.pl\/de\/#website\"},\"primaryImageOfPage\":{\"@id\":\"https:\/\/doktorvolt.pl\/de\/offer-doktorvolt\/verlangerungskabel\/cee-verlaengerungskabel\/przedluzacz-silowy-5m-63a-5p-ip67-cee-400v-5x16-mm2-doktorvolt-4742\/#primaryimage\"},\"image\":{\"@id\":\"https:\/\/doktorvolt.pl\/de\/offer-doktorvolt\/verlangerungskabel\/cee-verlaengerungskabel\/przedluzacz-silowy-5m-63a-5p-ip67-cee-400v-5x16-mm2-doktorvolt-4742\/#primaryimage\"},\"thumbnailUrl\":\"https:\/\/doktorvolt.pl\/wp-content\/uploads\/2026\/02\/pol_pl_17869-17869_1.jpg\",\"datePublished\":\"2026-02-23T14:03:27+00:00\",\"dateModified\":\"2026-04-23T12:19:38+00:00\",\"breadcrumb\":{\"@id\":\"https:\/\/doktorvolt.pl\/de\/offer-doktorvolt\/verlangerungskabel\/cee-verlaengerungskabel\/przedluzacz-silowy-5m-63a-5p-ip67-cee-400v-5x16-mm2-doktorvolt-4742\/#breadcrumb\"},\"inLanguage\":\"de\",\"potentialAction\":[{\"@type\":\"ReadAction\",\"target\":[\"https:\/\/doktorvolt.pl\/de\/offer-doktorvolt\/verlangerungskabel\/cee-verlaengerungskabel\/przedluzacz-silowy-5m-63a-5p-ip67-cee-400v-5x16-mm2-doktorvolt-4742\/\"]}]},{\"@type\":\"ImageObject\",\"inLanguage\":\"de\",\"@id\":\"https:\/\/doktorvolt.pl\/de\/offer-doktorvolt\/verlangerungskabel\/cee-verlaengerungskabel\/przedluzacz-silowy-5m-63a-5p-ip67-cee-400v-5x16-mm2-doktorvolt-4742\/#primaryimage\",\"url\":\"https:\/\/doktorvolt.pl\/wp-content\/uploads\/2026\/02\/pol_pl_17869-17869_1.jpg\",\"contentUrl\":\"https:\/\/doktorvolt.pl\/wp-content\/uploads\/2026\/02\/pol_pl_17869-17869_1.jpg\",\"width\":1000,\"height\":1000},{\"@type\":\"BreadcrumbList\",\"@id\":\"https:\/\/doktorvolt.pl\/de\/offer-doktorvolt\/verlangerungskabel\/cee-verlaengerungskabel\/przedluzacz-silowy-5m-63a-5p-ip67-cee-400v-5x16-mm2-doktorvolt-4742\/#breadcrumb\",\"itemListElement\":[{\"@type\":\"ListItem\",\"position\":1,\"name\":\"Strona g\u0142\u00f3wna\",\"item\":\"https:\/\/doktorvolt.pl\/de\/\"},{\"@type\":\"ListItem\",\"position\":2,\"name\":\"Angebot Doktorvolt\",\"item\":\"https:\/\/doktorvolt.pl\/de\/angebot-doktorvolt\/\"},{\"@type\":\"ListItem\",\"position\":3,\"name\":\"CEE Verl\u00e4ngerungskabel 5m 63A\/5P IP67 400V 5&#215;16 mm2 Doktorvolt\u00ae DV-4742-CEE-63\"}]},{\"@type\":\"WebSite\",\"@id\":\"https:\/\/doktorvolt.pl\/de\/#website\",\"url\":\"https:\/\/doktorvolt.pl\/de\/\",\"name\":\"DOKTORVOLT\u00ae\",\"description\":\"Producent rozdzielnic budowlanych\",\"publisher\":{\"@id\":\"https:\/\/doktorvolt.pl\/de\/#organization\"},\"potentialAction\":[{\"@type\":\"SearchAction\",\"target\":{\"@type\":\"EntryPoint\",\"urlTemplate\":\"https:\/\/doktorvolt.pl\/de\/?s={search_term_string}\"},\"query-input\":{\"@type\":\"PropertyValueSpecification\",\"valueRequired\":true,\"valueName\":\"search_term_string\"}}],\"inLanguage\":\"de\"},{\"@type\":\"Organization\",\"@id\":\"https:\/\/doktorvolt.pl\/de\/#organization\",\"name\":\"DOKTORVOLT\u00ae\",\"url\":\"https:\/\/doktorvolt.pl\/de\/\",\"logo\":{\"@type\":\"ImageObject\",\"inLanguage\":\"de\",\"@id\":\"https:\/\/doktorvolt.pl\/de\/#\/schema\/logo\/image\/\",\"url\":\"https:\/\/doktorvolt.pl\/wp-content\/uploads\/2023\/10\/DoktorVOLT-black-png.png\",\"contentUrl\":\"https:\/\/doktorvolt.pl\/wp-content\/uploads\/2023\/10\/DoktorVOLT-black-png.png\",\"width\":729,\"height\":40,\"caption\":\"DOKTORVOLT\u00ae\"},\"image\":{\"@id\":\"https:\/\/doktorvolt.pl\/de\/#\/schema\/logo\/image\/\"}}]}<\/script>\n<!-- \/ Yoast SEO plugin. -->","yoast_head_json":{"title":"CEE Verl\u00e4ngerungskabel 5m 63A\/5P IP67 400V 5x16 mm2 Doktorvolt\u00ae DV-4742-CEE-63 - DOKTORVOLT\u00ae","robots":{"index":"index","follow":"follow","max-snippet":"max-snippet:-1","max-image-preview":"max-image-preview:large","max-video-preview":"max-video-preview:-1"},"canonical":"https:\/\/doktorvolt.pl\/de\/offer-doktorvolt\/verlangerungskabel\/cee-verlaengerungskabel\/przedluzacz-silowy-5m-63a-5p-ip67-cee-400v-5x16-mm2-doktorvolt-4742\/","og_locale":"de_DE","og_type":"article","og_title":"CEE Verl\u00e4ngerungskabel 5m 63A\/5P IP67 400V 5x16 mm2 Doktorvolt\u00ae DV-4742-CEE-63 - DOKTORVOLT\u00ae","og_description":"Starkstrom Verl\u00e4ngerungskabel 5m 63A\/5P IP67 CEE 400V\/63A H07RN-F 5x16 mm2 Wasserdichte Steckdosen PCE","og_url":"https:\/\/doktorvolt.pl\/de\/offer-doktorvolt\/verlangerungskabel\/cee-verlaengerungskabel\/przedluzacz-silowy-5m-63a-5p-ip67-cee-400v-5x16-mm2-doktorvolt-4742\/","og_site_name":"DOKTORVOLT\u00ae","article_modified_time":"2026-04-23T12:19:38+00:00","og_image":[{"width":1000,"height":1000,"url":"https:\/\/doktorvolt.pl\/wp-content\/uploads\/2026\/02\/pol_pl_17869-17869_1.jpg","type":"image\/jpeg"}],"twitter_card":"summary_large_image","twitter_misc":{"Gesch\u00e4tzte Lesezeit":"1\u00a0Minute"},"schema":{"@context":"https:\/\/schema.org","@graph":[{"@type":"WebPage","@id":"https:\/\/doktorvolt.pl\/de\/offer-doktorvolt\/verlangerungskabel\/cee-verlaengerungskabel\/przedluzacz-silowy-5m-63a-5p-ip67-cee-400v-5x16-mm2-doktorvolt-4742\/","url":"https:\/\/doktorvolt.pl\/de\/offer-doktorvolt\/verlangerungskabel\/cee-verlaengerungskabel\/przedluzacz-silowy-5m-63a-5p-ip67-cee-400v-5x16-mm2-doktorvolt-4742\/","name":"CEE Verl\u00e4ngerungskabel 5m 63A\/5P IP67 400V 5x16 mm2 Doktorvolt\u00ae DV-4742-CEE-63 - DOKTORVOLT\u00ae","isPartOf":{"@id":"https:\/\/doktorvolt.pl\/de\/#website"},"primaryImageOfPage":{"@id":"https:\/\/doktorvolt.pl\/de\/offer-doktorvolt\/verlangerungskabel\/cee-verlaengerungskabel\/przedluzacz-silowy-5m-63a-5p-ip67-cee-400v-5x16-mm2-doktorvolt-4742\/#primaryimage"},"image":{"@id":"https:\/\/doktorvolt.pl\/de\/offer-doktorvolt\/verlangerungskabel\/cee-verlaengerungskabel\/przedluzacz-silowy-5m-63a-5p-ip67-cee-400v-5x16-mm2-doktorvolt-4742\/#primaryimage"},"thumbnailUrl":"https:\/\/doktorvolt.pl\/wp-content\/uploads\/2026\/02\/pol_pl_17869-17869_1.jpg","datePublished":"2026-02-23T14:03:27+00:00","dateModified":"2026-04-23T12:19:38+00:00","breadcrumb":{"@id":"https:\/\/doktorvolt.pl\/de\/offer-doktorvolt\/verlangerungskabel\/cee-verlaengerungskabel\/przedluzacz-silowy-5m-63a-5p-ip67-cee-400v-5x16-mm2-doktorvolt-4742\/#breadcrumb"},"inLanguage":"de","potentialAction":[{"@type":"ReadAction","target":["https:\/\/doktorvolt.pl\/de\/offer-doktorvolt\/verlangerungskabel\/cee-verlaengerungskabel\/przedluzacz-silowy-5m-63a-5p-ip67-cee-400v-5x16-mm2-doktorvolt-4742\/"]}]},{"@type":"ImageObject","inLanguage":"de","@id":"https:\/\/doktorvolt.pl\/de\/offer-doktorvolt\/verlangerungskabel\/cee-verlaengerungskabel\/przedluzacz-silowy-5m-63a-5p-ip67-cee-400v-5x16-mm2-doktorvolt-4742\/#primaryimage","url":"https:\/\/doktorvolt.pl\/wp-content\/uploads\/2026\/02\/pol_pl_17869-17869_1.jpg","contentUrl":"https:\/\/doktorvolt.pl\/wp-content\/uploads\/2026\/02\/pol_pl_17869-17869_1.jpg","width":1000,"height":1000},{"@type":"BreadcrumbList","@id":"https:\/\/doktorvolt.pl\/de\/offer-doktorvolt\/verlangerungskabel\/cee-verlaengerungskabel\/przedluzacz-silowy-5m-63a-5p-ip67-cee-400v-5x16-mm2-doktorvolt-4742\/#breadcrumb","itemListElement":[{"@type":"ListItem","position":1,"name":"Strona g\u0142\u00f3wna","item":"https:\/\/doktorvolt.pl\/de\/"},{"@type":"ListItem","position":2,"name":"Angebot Doktorvolt","item":"https:\/\/doktorvolt.pl\/de\/angebot-doktorvolt\/"},{"@type":"ListItem","position":3,"name":"CEE Verl\u00e4ngerungskabel 5m 63A\/5P IP67 400V 5&#215;16 mm2 Doktorvolt\u00ae DV-4742-CEE-63"}]},{"@type":"WebSite","@id":"https:\/\/doktorvolt.pl\/de\/#website","url":"https:\/\/doktorvolt.pl\/de\/","name":"DOKTORVOLT\u00ae","description":"Producent rozdzielnic budowlanych","publisher":{"@id":"https:\/\/doktorvolt.pl\/de\/#organization"},"potentialAction":[{"@type":"SearchAction","target":{"@type":"EntryPoint","urlTemplate":"https:\/\/doktorvolt.pl\/de\/?s={search_term_string}"},"query-input":{"@type":"PropertyValueSpecification","valueRequired":true,"valueName":"search_term_string"}}],"inLanguage":"de"},{"@type":"Organization","@id":"https:\/\/doktorvolt.pl\/de\/#organization","name":"DOKTORVOLT\u00ae","url":"https:\/\/doktorvolt.pl\/de\/","logo":{"@type":"ImageObject","inLanguage":"de","@id":"https:\/\/doktorvolt.pl\/de\/#\/schema\/logo\/image\/","url":"https:\/\/doktorvolt.pl\/wp-content\/uploads\/2023\/10\/DoktorVOLT-black-png.png","contentUrl":"https:\/\/doktorvolt.pl\/wp-content\/uploads\/2023\/10\/DoktorVOLT-black-png.png","width":729,"height":40,"caption":"DOKTORVOLT\u00ae"},"image":{"@id":"https:\/\/doktorvolt.pl\/de\/#\/schema\/logo\/image\/"}}]}},"_links":{"self":[{"href":"https:\/\/doktorvolt.pl\/de\/wp-json\/wp\/v2\/product\/109786","targetHints":{"allow":["GET"]}}],"collection":[{"href":"https:\/\/doktorvolt.pl\/de\/wp-json\/wp\/v2\/product"}],"about":[{"href":"https:\/\/doktorvolt.pl\/de\/wp-json\/wp\/v2\/types\/product"}],"wp:featuredmedia":[{"embeddable":true,"href":"https:\/\/doktorvolt.pl\/de\/wp-json\/wp\/v2\/media\/105496"}],"wp:attachment":[{"href":"https:\/\/doktorvolt.pl\/de\/wp-json\/wp\/v2\/media?parent=109786"}],"wp:term":[{"taxonomy":"product_brand","embeddable":true,"href":"https:\/\/doktorvolt.pl\/de\/wp-json\/wp\/v2\/product_brand?post=109786"},{"taxonomy":"product_cat","embeddable":true,"href":"https:\/\/doktorvolt.pl\/de\/wp-json\/wp\/v2\/product_cat?post=109786"},{"taxonomy":"product_tag","embeddable":true,"href":"https:\/\/doktorvolt.pl\/de\/wp-json\/wp\/v2\/product_tag?post=109786"}],"curies":[{"name":"wp","href":"https:\/\/api.w.org\/{rel}","templated":true}]}}