{"id":109789,"date":"2026-02-23T16:02:37","date_gmt":"2026-02-23T14:02:37","guid":{"rendered":"https:\/\/doktorvolt.pl\/sklep\/unkategorisiert\/rozdzielnica-budowlana-12-modulowa-z-uchwytem-ip44-4x230v-2x16a-32a-doktorvolt-bez-zabezpieczen\/"},"modified":"2026-04-23T14:19:37","modified_gmt":"2026-04-23T12:19:37","slug":"rozdzielnica-budowlana-12-modulowa-z-uchwytem-ip44-4x230v-2x16a-32a-doktorvolt-bez-zabezpieczen","status":"publish","type":"product","link":"https:\/\/doktorvolt.pl\/de\/offer-doktorvolt\/stromverteiler\/tr-serie\/rozdzielnica-budowlana-12-modulowa-z-uchwytem-ip44-4x230v-2x16a-32a-doktorvolt-bez-zabezpieczen\/","title":{"rendered":"Baustromverteiler 12 Module mit Griff IP44 4x230V 2x16A 32A Doktorvolt Stromverteiler ohne Schutz DV-4926-F"},"content":{"rendered":"<h1 style=\"text-align: center;\"><strong>Baustromverteiler 12 Module mit Griff IP44 4x230V 2x16A 32A Doktorvolt Stromverteiler ohne Schutz<\/strong><\/h1>\n<p style=\"font-size: 13pt; line-height: 1.5; color: #000000; text-align: center;\">Das Verteilergeh\u00e4use bietet Platz f\u00fcr 12 Module in einer Reihe und ist damit die ideale L\u00f6sung f\u00fcr verschiedene elektrische Installationen. Aus Technopolymer gefertigt, ist es sowohl leicht als auch widerstandsf\u00e4hig gegen Besch\u00e4digungen. Die Aufputzmontage und der Griff gew\u00e4hrleisten eine einfache und bequeme Installation.<\/p>\n<div style=\"display: flex; width: 100%; flex-wrap: wrap; justify-content: space-around;\">\n<div style=\"display: flex; justify-content: center; align-items: center; padding-left: 50px; padding-right: 50px; padding-top: 30px;\">\n<div style=\"min-width: 250px; max-width: 500px;\">\n<h2 style=\"text-align: justify;\"><strong><span>Technische Spezifikation:<\/span><\/strong><\/h2>\n<p style=\"font-size: 13pt; line-height: 1.5; color: #000000; text-align: left;\">Anzahl der Module: <strong>12<\/strong><br \/>Anzahl der Reihen: <strong>1<\/strong><br \/>Griff: <strong>JA<\/strong><br \/>Montage: <strong>Aufputz<\/strong><br \/>Schutzklasse: <strong>IP44<\/strong><br \/>Abmessungen des Geh\u00e4uses: <strong>280 x 260 x 111 mm<\/strong><br \/>Geh\u00e4usematerial: <strong>Technopolymer<\/strong><br \/>Fenstermaterial: <strong>Polycarbonat<\/strong><br \/>Farbe der Frontplatte: <strong>Grau RAL 7035<\/strong><br \/>Farbe der R\u00fcckplatte: <strong>Schwarz<\/strong><br \/>Schraubenmaterial: <strong>Edelstahl<\/strong><br \/>PG-Kabelverschraubung im Lieferumfang: <strong>1x PG-16<\/strong><br \/>Nennstrom: <strong>112 A<\/strong><br \/>Nennspannung: <strong>230 \/ 400 V<\/strong><br \/>RDF: <strong>1<\/strong><\/p>\n<\/p><\/div>\n<\/p><\/div>\n<div style=\"display: flex;\"><img decoding=\"async\" style=\"max-width: 100%;\" src=\"https:\/\/preis-zone.pl\/hpeciai\/428bb16a1a957cdde715f03afaada364\/17854_1.jpg?52779\" border=\"0\" alt=\"Rozdzielnica natynkowa 12 Modu\u0142\u00f3w IP44 z Gniazdami 230V i Si\u0142owymi - Doktorvolt\" width=\"400\" height=\"400\" \/><\/div>\n<\/p><\/div>\n<div style=\"display: flex; width: 100%; flex-wrap: wrap; justify-content: space-around;\">\n<div><img decoding=\"async\" style=\"max-width: 100%;\" src=\"https:\/\/preis-zone.pl\/hpeciai\/ea61cf4aa5e02f1440521e7357f5074d\/17854_6.jpg?60136\" border=\"0\" alt=\"Rozdzielnica natynkowa 12 Modu\u0142\u00f3w IP44 z Gniazdami 230V i Si\u0142owymi - Doktorvolt\" width=\"400\" height=\"400\" \/><\/div>\n<div style=\"display: flex; flex-direction: column; justify-content: center; align-items: left; padding-left: 50px; padding-right: 50px; padding-top: 30px; max-width: 500px;\">\n<h2><strong>Herstellerinformationen:<\/strong><\/h2>\n<div style=\"font-size: 13pt; line-height: 1.5; color: #000000; text-align: left; min-width: 250px;\">Hersteller: <strong>Doktorvolt<\/strong><br \/>Zertifikate und Normen des Herstellers:<br \/><strong>T\u00dcV S\u00dcD<\/strong><br \/><strong>ISO 9001:2015<\/strong><br \/><strong>CEE<\/strong><br \/><strong>IEC 61439<\/strong><br \/>Herstellerkennzeichnung: <strong>DV-4926-F<\/strong><br \/>EAN: <strong>5905191014926<\/strong><\/div>\n<\/p><\/div>\n<\/p><\/div>\n<div style=\"display: flex; width: 100%; flex-wrap: wrap; justify-content: space-around;\">\n<div style=\"font-size: 13pt; line-height: 1.5; color: #000000; text-align: left; min-width: 250px;\"><span><br \/>Steckdosen und modulare Ger\u00e4te:<br \/><\/span><span>Starkstromsteckdosen:<br \/><strong>16A 5P 400V IP54 Rot Typ 1320011 Bals<\/strong><br \/><strong>32A 5P 400V IP54 Rot Typ 1320021 Bals<\/strong><br \/>230V-Steckdosen:<br \/><strong>4 x 230V 16A Bals 71094 IP54 2P+E<\/strong><br \/><strong>Franz\u00f6sisches System<\/strong> mit Schutzkontaktstift<br \/>Weitere Komponenten: <strong>PG-21-Kabelverschraubung, Montaged\u00fcbel<\/strong><\/p>\n<p>Kabeltyp:<br \/><strong>Steuerleitung H07V-K 2,5, 4 mm2 Gelb-Gr\u00fcn<\/strong><br \/><strong>Steuerleitung H07V-K 2,5, 4 mm2 Schwarz<\/strong><br \/><strong>Steuerleitung H07V-K 2,5, 4, 6 mm2 Blau<\/strong><\/p>\n<\/div>\n<div><img decoding=\"async\" style=\"max-width: 100%;\" src=\"https:\/\/preis-zone.pl\/hpeciai\/2bfa06cf3c08e659f8e8917e973528bf\/17854_2.jpg?52682\" border=\"0\" alt=\"Rozdzielnica natynkowa 12 Modu\u0142\u00f3w IP44 z Gniazdami 230V i Si\u0142owymi - Doktorvolt\" width=\"400\" height=\"400\" \/><\/div>\n<\/p><\/div>\n<div style=\"display: flex; width: 100%; flex-wrap: wrap; justify-content: space-around;\">\n<div><img decoding=\"async\" style=\"max-width: 100%;\" src=\"https:\/\/preis-zone.pl\/hpeciai\/7c2d857488cf3a3f5c2d7a86e1e12e4d\/17854_3.jpg?39353\" border=\"0\" alt=\"Rozdzielnica natynkowa 12 Modu\u0142\u00f3w IP44 z Gniazdami 230V i Si\u0142owymi - Doktorvolt\" width=\"400\" height=\"400\" \/><\/div>\n<div style=\"font-size: 13pt; line-height: 1.5; color: #000000; min-width: 250px; max-width: 500px; text-align: justify;\">\n<h2>Starkstrom- und 230V-Steckdosen:<\/h2>\n<p> <span>Der Baustellenverteiler ist mit Hochleistungs-Starkstromsteckdosen (16A und 32A 400V) sowie vier 230V-Steckdosen im franz\u00f6sischen System mit Schutzkontaktstift ausgestattet. Au\u00dferdem umfasst das Set eine PG-21-Kabelverschraubung und Montaged\u00fcbel, sodass das Produkt als sofort einsatzbereite Komplettl\u00f6sung geliefert wird.<\/div>\n<\/p><\/div>\n<p><img decoding=\"async\" style=\"max-width: 100%; display: block; margin-left: auto; margin-right: auto;\" src=\"https:\/\/preis-zone.pl\/hpeciai\/fc0f9bd525c457bb972b011f3a4d6566\/17854_9.jpg?51630\" border=\"0\" alt=\"Rozdzielnica natynkowa 12 Modu\u0142\u00f3w IP44 z Gniazdami 230V i Si\u0142owymi - Doktorvolt\" width=\"400\" height=\"400\" \/><\/p>\n<h3 style=\"font-size: 18pt; color: #000000; text-align: center;\">Vertrauensw\u00fcrdiger Hersteller:<\/h3>\n<p style=\"text-align: center; font-size: 16pt; line-height: 1.5; color: #000;\">Doktorvolt\u00ae ist ein Unternehmen, das 2013 gegr\u00fcndet wurde. Das sich schnell entwickelnde Unternehmen hat den polnischen und ausl\u00e4ndischen Markt erobert. Der Firmensitz befindet sich in Malich\u00f3w in der Woiwodschaft Oppeln, wo sich eine moderne Produktionshalle und Lager befinden. Das Unternehmen ist auf die Herstellung von Baustellenverteilern spezialisiert und zeichnet sich durch Qualit\u00e4t und Solidit\u00e4t aus. Jeder Verteiler besteht aus hochwertigen Komponenten. Die Produkte von Doktorvolt\u00ae erf\u00fcllen europ\u00e4ische Standards und Sicherheitsnormen<\/p>\n<p><img decoding=\"async\" style=\"display: block; margin-left: auto; margin-right: auto;\" src=\"https:\/\/preis-zone.pl\/data\/include\/cms\/1-zdjecia-produktow\/DOKTORVOLT\/LOGO-DV\/nowe.jpg\" border=\"0\" alt=\"Doktorvolt logo\" width=\"566\" height=\"155\" \/><\/p>\n","protected":false},"excerpt":{"rendered":"<p>Der Schaltschrank ist mit Hochleistungssteckdosen (16A und 32A 400V) und vier 230V-Steckdosen des franz\u00f6sischen Systems ausgestattet<\/p>\n","protected":false},"featured_media":105445,"template":"","meta":[],"product_brand":[],"product_cat":[4531],"product_tag":[],"class_list":{"0":"post-109789","1":"product","2":"type-product","3":"status-publish","4":"has-post-thumbnail","6":"product_cat-tr-serie","8":"first","9":"instock","10":"shipping-taxable","11":"product-type-external"},"yoast_head":"<!-- This site is optimized with the Yoast SEO plugin v27.0 - https:\/\/yoast.com\/product\/yoast-seo-wordpress\/ -->\n<title>Baustromverteiler 12 Module mit Griff IP44 4x230V 2x16A 32A Doktorvolt Stromverteiler ohne Schutz DV-4926-F - DOKTORVOLT\u00ae<\/title>\n<meta name=\"robots\" content=\"index, follow, max-snippet:-1, max-image-preview:large, max-video-preview:-1\" \/>\n<link rel=\"canonical\" href=\"https:\/\/doktorvolt.pl\/de\/offer-doktorvolt\/stromverteiler\/tr-serie\/rozdzielnica-budowlana-12-modulowa-z-uchwytem-ip44-4x230v-2x16a-32a-doktorvolt-bez-zabezpieczen\/\" \/>\n<meta property=\"og:locale\" content=\"de_DE\" \/>\n<meta property=\"og:type\" content=\"article\" \/>\n<meta property=\"og:title\" content=\"Baustromverteiler 12 Module mit Griff IP44 4x230V 2x16A 32A Doktorvolt Stromverteiler ohne Schutz DV-4926-F - DOKTORVOLT\u00ae\" \/>\n<meta property=\"og:description\" content=\"Der Schaltschrank ist mit Hochleistungssteckdosen (16A und 32A 400V) und vier 230V-Steckdosen des franz\u00f6sischen Systems ausgestattet\" \/>\n<meta property=\"og:url\" content=\"https:\/\/doktorvolt.pl\/de\/offer-doktorvolt\/stromverteiler\/tr-serie\/rozdzielnica-budowlana-12-modulowa-z-uchwytem-ip44-4x230v-2x16a-32a-doktorvolt-bez-zabezpieczen\/\" \/>\n<meta property=\"og:site_name\" content=\"DOKTORVOLT\u00ae\" \/>\n<meta property=\"article:modified_time\" content=\"2026-04-23T12:19:37+00:00\" \/>\n<meta property=\"og:image\" content=\"https:\/\/doktorvolt.pl\/wp-content\/uploads\/2026\/02\/pol_pl_17854-17854_1.jpg\" \/>\n\t<meta property=\"og:image:width\" content=\"1000\" \/>\n\t<meta property=\"og:image:height\" content=\"1000\" \/>\n\t<meta property=\"og:image:type\" content=\"image\/jpeg\" \/>\n<meta name=\"twitter:card\" content=\"summary_large_image\" \/>\n<meta name=\"twitter:label1\" content=\"Gesch\u00e4tzte Lesezeit\" \/>\n\t<meta name=\"twitter:data1\" content=\"1\u00a0Minute\" \/>\n<script type=\"application\/ld+json\" class=\"yoast-schema-graph\">{\"@context\":\"https:\/\/schema.org\",\"@graph\":[{\"@type\":\"WebPage\",\"@id\":\"https:\/\/doktorvolt.pl\/de\/offer-doktorvolt\/stromverteiler\/tr-serie\/rozdzielnica-budowlana-12-modulowa-z-uchwytem-ip44-4x230v-2x16a-32a-doktorvolt-bez-zabezpieczen\/\",\"url\":\"https:\/\/doktorvolt.pl\/de\/offer-doktorvolt\/stromverteiler\/tr-serie\/rozdzielnica-budowlana-12-modulowa-z-uchwytem-ip44-4x230v-2x16a-32a-doktorvolt-bez-zabezpieczen\/\",\"name\":\"Baustromverteiler 12 Module mit Griff IP44 4x230V 2x16A 32A Doktorvolt Stromverteiler ohne Schutz DV-4926-F - DOKTORVOLT\u00ae\",\"isPartOf\":{\"@id\":\"https:\/\/doktorvolt.pl\/de\/#website\"},\"primaryImageOfPage\":{\"@id\":\"https:\/\/doktorvolt.pl\/de\/offer-doktorvolt\/stromverteiler\/tr-serie\/rozdzielnica-budowlana-12-modulowa-z-uchwytem-ip44-4x230v-2x16a-32a-doktorvolt-bez-zabezpieczen\/#primaryimage\"},\"image\":{\"@id\":\"https:\/\/doktorvolt.pl\/de\/offer-doktorvolt\/stromverteiler\/tr-serie\/rozdzielnica-budowlana-12-modulowa-z-uchwytem-ip44-4x230v-2x16a-32a-doktorvolt-bez-zabezpieczen\/#primaryimage\"},\"thumbnailUrl\":\"https:\/\/doktorvolt.pl\/wp-content\/uploads\/2026\/02\/pol_pl_17854-17854_1.jpg\",\"datePublished\":\"2026-02-23T14:02:37+00:00\",\"dateModified\":\"2026-04-23T12:19:37+00:00\",\"breadcrumb\":{\"@id\":\"https:\/\/doktorvolt.pl\/de\/offer-doktorvolt\/stromverteiler\/tr-serie\/rozdzielnica-budowlana-12-modulowa-z-uchwytem-ip44-4x230v-2x16a-32a-doktorvolt-bez-zabezpieczen\/#breadcrumb\"},\"inLanguage\":\"de\",\"potentialAction\":[{\"@type\":\"ReadAction\",\"target\":[\"https:\/\/doktorvolt.pl\/de\/offer-doktorvolt\/stromverteiler\/tr-serie\/rozdzielnica-budowlana-12-modulowa-z-uchwytem-ip44-4x230v-2x16a-32a-doktorvolt-bez-zabezpieczen\/\"]}]},{\"@type\":\"ImageObject\",\"inLanguage\":\"de\",\"@id\":\"https:\/\/doktorvolt.pl\/de\/offer-doktorvolt\/stromverteiler\/tr-serie\/rozdzielnica-budowlana-12-modulowa-z-uchwytem-ip44-4x230v-2x16a-32a-doktorvolt-bez-zabezpieczen\/#primaryimage\",\"url\":\"https:\/\/doktorvolt.pl\/wp-content\/uploads\/2026\/02\/pol_pl_17854-17854_1.jpg\",\"contentUrl\":\"https:\/\/doktorvolt.pl\/wp-content\/uploads\/2026\/02\/pol_pl_17854-17854_1.jpg\",\"width\":1000,\"height\":1000},{\"@type\":\"BreadcrumbList\",\"@id\":\"https:\/\/doktorvolt.pl\/de\/offer-doktorvolt\/stromverteiler\/tr-serie\/rozdzielnica-budowlana-12-modulowa-z-uchwytem-ip44-4x230v-2x16a-32a-doktorvolt-bez-zabezpieczen\/#breadcrumb\",\"itemListElement\":[{\"@type\":\"ListItem\",\"position\":1,\"name\":\"Strona g\u0142\u00f3wna\",\"item\":\"https:\/\/doktorvolt.pl\/de\/\"},{\"@type\":\"ListItem\",\"position\":2,\"name\":\"Angebot Doktorvolt\",\"item\":\"https:\/\/doktorvolt.pl\/de\/angebot-doktorvolt\/\"},{\"@type\":\"ListItem\",\"position\":3,\"name\":\"Baustromverteiler 12 Module mit Griff IP44 4x230V 2x16A 32A Doktorvolt Stromverteiler ohne Schutz DV-4926-F\"}]},{\"@type\":\"WebSite\",\"@id\":\"https:\/\/doktorvolt.pl\/de\/#website\",\"url\":\"https:\/\/doktorvolt.pl\/de\/\",\"name\":\"DOKTORVOLT\u00ae\",\"description\":\"Producent rozdzielnic budowlanych\",\"publisher\":{\"@id\":\"https:\/\/doktorvolt.pl\/de\/#organization\"},\"potentialAction\":[{\"@type\":\"SearchAction\",\"target\":{\"@type\":\"EntryPoint\",\"urlTemplate\":\"https:\/\/doktorvolt.pl\/de\/?s={search_term_string}\"},\"query-input\":{\"@type\":\"PropertyValueSpecification\",\"valueRequired\":true,\"valueName\":\"search_term_string\"}}],\"inLanguage\":\"de\"},{\"@type\":\"Organization\",\"@id\":\"https:\/\/doktorvolt.pl\/de\/#organization\",\"name\":\"DOKTORVOLT\u00ae\",\"url\":\"https:\/\/doktorvolt.pl\/de\/\",\"logo\":{\"@type\":\"ImageObject\",\"inLanguage\":\"de\",\"@id\":\"https:\/\/doktorvolt.pl\/de\/#\/schema\/logo\/image\/\",\"url\":\"https:\/\/doktorvolt.pl\/wp-content\/uploads\/2023\/10\/DoktorVOLT-black-png.png\",\"contentUrl\":\"https:\/\/doktorvolt.pl\/wp-content\/uploads\/2023\/10\/DoktorVOLT-black-png.png\",\"width\":729,\"height\":40,\"caption\":\"DOKTORVOLT\u00ae\"},\"image\":{\"@id\":\"https:\/\/doktorvolt.pl\/de\/#\/schema\/logo\/image\/\"}}]}<\/script>\n<!-- \/ Yoast SEO plugin. -->","yoast_head_json":{"title":"Baustromverteiler 12 Module mit Griff IP44 4x230V 2x16A 32A Doktorvolt Stromverteiler ohne Schutz DV-4926-F - DOKTORVOLT\u00ae","robots":{"index":"index","follow":"follow","max-snippet":"max-snippet:-1","max-image-preview":"max-image-preview:large","max-video-preview":"max-video-preview:-1"},"canonical":"https:\/\/doktorvolt.pl\/de\/offer-doktorvolt\/stromverteiler\/tr-serie\/rozdzielnica-budowlana-12-modulowa-z-uchwytem-ip44-4x230v-2x16a-32a-doktorvolt-bez-zabezpieczen\/","og_locale":"de_DE","og_type":"article","og_title":"Baustromverteiler 12 Module mit Griff IP44 4x230V 2x16A 32A Doktorvolt Stromverteiler ohne Schutz DV-4926-F - DOKTORVOLT\u00ae","og_description":"Der Schaltschrank ist mit Hochleistungssteckdosen (16A und 32A 400V) und vier 230V-Steckdosen des franz\u00f6sischen Systems ausgestattet","og_url":"https:\/\/doktorvolt.pl\/de\/offer-doktorvolt\/stromverteiler\/tr-serie\/rozdzielnica-budowlana-12-modulowa-z-uchwytem-ip44-4x230v-2x16a-32a-doktorvolt-bez-zabezpieczen\/","og_site_name":"DOKTORVOLT\u00ae","article_modified_time":"2026-04-23T12:19:37+00:00","og_image":[{"width":1000,"height":1000,"url":"https:\/\/doktorvolt.pl\/wp-content\/uploads\/2026\/02\/pol_pl_17854-17854_1.jpg","type":"image\/jpeg"}],"twitter_card":"summary_large_image","twitter_misc":{"Gesch\u00e4tzte Lesezeit":"1\u00a0Minute"},"schema":{"@context":"https:\/\/schema.org","@graph":[{"@type":"WebPage","@id":"https:\/\/doktorvolt.pl\/de\/offer-doktorvolt\/stromverteiler\/tr-serie\/rozdzielnica-budowlana-12-modulowa-z-uchwytem-ip44-4x230v-2x16a-32a-doktorvolt-bez-zabezpieczen\/","url":"https:\/\/doktorvolt.pl\/de\/offer-doktorvolt\/stromverteiler\/tr-serie\/rozdzielnica-budowlana-12-modulowa-z-uchwytem-ip44-4x230v-2x16a-32a-doktorvolt-bez-zabezpieczen\/","name":"Baustromverteiler 12 Module mit Griff IP44 4x230V 2x16A 32A Doktorvolt Stromverteiler ohne Schutz DV-4926-F - DOKTORVOLT\u00ae","isPartOf":{"@id":"https:\/\/doktorvolt.pl\/de\/#website"},"primaryImageOfPage":{"@id":"https:\/\/doktorvolt.pl\/de\/offer-doktorvolt\/stromverteiler\/tr-serie\/rozdzielnica-budowlana-12-modulowa-z-uchwytem-ip44-4x230v-2x16a-32a-doktorvolt-bez-zabezpieczen\/#primaryimage"},"image":{"@id":"https:\/\/doktorvolt.pl\/de\/offer-doktorvolt\/stromverteiler\/tr-serie\/rozdzielnica-budowlana-12-modulowa-z-uchwytem-ip44-4x230v-2x16a-32a-doktorvolt-bez-zabezpieczen\/#primaryimage"},"thumbnailUrl":"https:\/\/doktorvolt.pl\/wp-content\/uploads\/2026\/02\/pol_pl_17854-17854_1.jpg","datePublished":"2026-02-23T14:02:37+00:00","dateModified":"2026-04-23T12:19:37+00:00","breadcrumb":{"@id":"https:\/\/doktorvolt.pl\/de\/offer-doktorvolt\/stromverteiler\/tr-serie\/rozdzielnica-budowlana-12-modulowa-z-uchwytem-ip44-4x230v-2x16a-32a-doktorvolt-bez-zabezpieczen\/#breadcrumb"},"inLanguage":"de","potentialAction":[{"@type":"ReadAction","target":["https:\/\/doktorvolt.pl\/de\/offer-doktorvolt\/stromverteiler\/tr-serie\/rozdzielnica-budowlana-12-modulowa-z-uchwytem-ip44-4x230v-2x16a-32a-doktorvolt-bez-zabezpieczen\/"]}]},{"@type":"ImageObject","inLanguage":"de","@id":"https:\/\/doktorvolt.pl\/de\/offer-doktorvolt\/stromverteiler\/tr-serie\/rozdzielnica-budowlana-12-modulowa-z-uchwytem-ip44-4x230v-2x16a-32a-doktorvolt-bez-zabezpieczen\/#primaryimage","url":"https:\/\/doktorvolt.pl\/wp-content\/uploads\/2026\/02\/pol_pl_17854-17854_1.jpg","contentUrl":"https:\/\/doktorvolt.pl\/wp-content\/uploads\/2026\/02\/pol_pl_17854-17854_1.jpg","width":1000,"height":1000},{"@type":"BreadcrumbList","@id":"https:\/\/doktorvolt.pl\/de\/offer-doktorvolt\/stromverteiler\/tr-serie\/rozdzielnica-budowlana-12-modulowa-z-uchwytem-ip44-4x230v-2x16a-32a-doktorvolt-bez-zabezpieczen\/#breadcrumb","itemListElement":[{"@type":"ListItem","position":1,"name":"Strona g\u0142\u00f3wna","item":"https:\/\/doktorvolt.pl\/de\/"},{"@type":"ListItem","position":2,"name":"Angebot Doktorvolt","item":"https:\/\/doktorvolt.pl\/de\/angebot-doktorvolt\/"},{"@type":"ListItem","position":3,"name":"Baustromverteiler 12 Module mit Griff IP44 4x230V 2x16A 32A Doktorvolt Stromverteiler ohne Schutz DV-4926-F"}]},{"@type":"WebSite","@id":"https:\/\/doktorvolt.pl\/de\/#website","url":"https:\/\/doktorvolt.pl\/de\/","name":"DOKTORVOLT\u00ae","description":"Producent rozdzielnic budowlanych","publisher":{"@id":"https:\/\/doktorvolt.pl\/de\/#organization"},"potentialAction":[{"@type":"SearchAction","target":{"@type":"EntryPoint","urlTemplate":"https:\/\/doktorvolt.pl\/de\/?s={search_term_string}"},"query-input":{"@type":"PropertyValueSpecification","valueRequired":true,"valueName":"search_term_string"}}],"inLanguage":"de"},{"@type":"Organization","@id":"https:\/\/doktorvolt.pl\/de\/#organization","name":"DOKTORVOLT\u00ae","url":"https:\/\/doktorvolt.pl\/de\/","logo":{"@type":"ImageObject","inLanguage":"de","@id":"https:\/\/doktorvolt.pl\/de\/#\/schema\/logo\/image\/","url":"https:\/\/doktorvolt.pl\/wp-content\/uploads\/2023\/10\/DoktorVOLT-black-png.png","contentUrl":"https:\/\/doktorvolt.pl\/wp-content\/uploads\/2023\/10\/DoktorVOLT-black-png.png","width":729,"height":40,"caption":"DOKTORVOLT\u00ae"},"image":{"@id":"https:\/\/doktorvolt.pl\/de\/#\/schema\/logo\/image\/"}}]}},"_links":{"self":[{"href":"https:\/\/doktorvolt.pl\/de\/wp-json\/wp\/v2\/product\/109789","targetHints":{"allow":["GET"]}}],"collection":[{"href":"https:\/\/doktorvolt.pl\/de\/wp-json\/wp\/v2\/product"}],"about":[{"href":"https:\/\/doktorvolt.pl\/de\/wp-json\/wp\/v2\/types\/product"}],"wp:featuredmedia":[{"embeddable":true,"href":"https:\/\/doktorvolt.pl\/de\/wp-json\/wp\/v2\/media\/105445"}],"wp:attachment":[{"href":"https:\/\/doktorvolt.pl\/de\/wp-json\/wp\/v2\/media?parent=109789"}],"wp:term":[{"taxonomy":"product_brand","embeddable":true,"href":"https:\/\/doktorvolt.pl\/de\/wp-json\/wp\/v2\/product_brand?post=109789"},{"taxonomy":"product_cat","embeddable":true,"href":"https:\/\/doktorvolt.pl\/de\/wp-json\/wp\/v2\/product_cat?post=109789"},{"taxonomy":"product_tag","embeddable":true,"href":"https:\/\/doktorvolt.pl\/de\/wp-json\/wp\/v2\/product_tag?post=109789"}],"curies":[{"name":"wp","href":"https:\/\/api.w.org\/{rel}","templated":true}]}}