{"id":109841,"date":"2026-02-23T15:56:02","date_gmt":"2026-02-23T13:56:02","guid":{"rendered":"https:\/\/doktorvolt.pl\/sklep\/unkategorisiert\/wylacznik-roznicowopradowy-z-czlonem-nadpradowym-c32-typ-a-30ma-32a-4p-rcbo-doktorvolt-0867\/"},"modified":"2026-04-23T14:19:09","modified_gmt":"2026-04-23T12:19:09","slug":"wylacznik-roznicowopradowy-z-czlonem-nadpradowym-c32-typ-a-30ma-32a-4p-rcbo-doktorvolt-0867","status":"publish","type":"product","link":"https:\/\/doktorvolt.pl\/de\/offer-doktorvolt\/modulare-geraete\/fehlerstromschutzschalter\/fehlerstromschutzschalter-typ-a\/wylacznik-roznicowopradowy-z-czlonem-nadpradowym-c32-typ-a-30ma-32a-4p-rcbo-doktorvolt-0867\/","title":{"rendered":"Doktorvolt Fehlerstrom-Schutzschalter Typ A 300mA 40A 4P RCD DV-0867"},"content":{"rendered":"<h1 style=\"font-size:13pt;text-align:center;\"><span style=\"color:#000000;\">Fehlerstrom-Schutzschalter mit \u00dcberstromausl\u00f6ser C32 DV-0867<\/span><\/h1>\n<p style=\"font-size:13pt;text-align:justify;\"><span style=\"color:#000000;\"><strong>Fehlerstrom-Schutzschalter Typ A mit \u00dcberstromschutz<\/strong> \u2013 gewidmet dem Schutz von Ger\u00e4ten bei Besch\u00e4digung und \u00dcberschwemmung, Schutz vor elektrischem Schlag sowie mit Schutzfunktion gegen Kurzschluss\/\u00dcberlastung. Fehlerstrom-Schutzschalter vom Typ A erkennen wechselnde und pulsierende Differenzstr\u00f6me<\/span><\/p>\n<p style=\"font-size:13pt;text-align:justify;\"><span style=\"color:#000000;\">Der verwendete <strong>\u00dcberstromausl\u00f6ser C32<\/strong> wird an Orten eingesetzt, wo moderate \u00dcberlastungen erwartet werden. Der Buchstabe \u201eC\u201c bezeichnet die Ausl\u00f6secharakteristik des Schalters und bezieht sich auf den Strom, bei dem der Schalter zu arbeiten beginnt. Die Zahl \u201e16\u201c steht f\u00fcr den Nennstrom des Schalters. <strong>Schutzart von IP20<\/strong>.<\/span><\/p>\n<p style=\"font-size:13pt;text-align:justify;\"><span style=\"color:#000000;\">Zus\u00e4tzlich ist auf dem Schalter ein \u201eTEST\u201c-Knopf sichtbar. Sein Dr\u00fccken simuliert eine fehlerhafte Verbindung und Stromleckage innerhalb des Ger\u00e4ts. Dies erm\u00f6glicht es uns, sicherzustellen, dass der Schalter funktioniert.<\/span><\/p>\n<p style=\"font-size:13pt;text-align:justify;\"><span style=\"color:#000000;\"><strong>Technische Spezifikation<\/strong><\/span><\/p>\n<ul>\n<li style=\"font-size:13pt;text-align:left;\"><span style=\"color:#000000;\">Zertifikate und Normen- <strong>IEC61009, CE<\/strong><\/span><\/li>\n<li style=\"font-size:13pt;text-align:left;\"><span style=\"color:#000000;\">Nennstrom- <strong>32<\/strong><\/span><\/li>\n<li style=\"font-size:13pt;text-align:left;\"><span style=\"color:#000000;\">Ausl\u00f6secharakteristik- <strong>C<\/strong><\/span><\/li>\n<li style=\"font-size:13pt;text-align:left;\"><span style=\"color:#000000;\">Polzahl- <strong>4<\/strong><\/span><\/li>\n<li style=\"font-size:13pt;text-align:left;\"><span style=\"color:#000000;\">Typ- <strong>A<\/strong><\/span><\/li>\n<li style=\"font-size:13pt;text-align:left;\"><span style=\"color:#000000;\">Nennspannung Un- <strong>400V<\/strong><\/span><\/li>\n<li style=\"font-size:13pt;text-align:left;\"><span style=\"color:#000000;\">Montage- <strong>auf DIN-Schiene<\/strong><\/span><\/li>\n<li style=\"font-size:13pt;text-align:left;\"><span style=\"color:#000000;\">Nennfehlerstrom- <strong>30mA<\/strong><\/span><\/li>\n<\/ul>\n","protected":false},"excerpt":{"rendered":"","protected":false},"featured_media":96898,"template":"","meta":[],"product_brand":[],"product_cat":[4555],"product_tag":[],"class_list":{"0":"post-109841","1":"product","2":"type-product","3":"status-publish","4":"has-post-thumbnail","6":"product_cat-fehlerstromschutzschalter-typ-a","7":"pa_liczba-biegunow-4p","9":"first","10":"instock","11":"shipping-taxable","12":"product-type-external"},"yoast_head":"<!-- This site is optimized with the Yoast SEO plugin v27.0 - https:\/\/yoast.com\/product\/yoast-seo-wordpress\/ -->\n<title>Doktorvolt Fehlerstrom-Schutzschalter Typ A 300mA 40A 4P RCD DV-0867 - DOKTORVOLT\u00ae<\/title>\n<meta name=\"robots\" content=\"index, follow, max-snippet:-1, max-image-preview:large, max-video-preview:-1\" \/>\n<link rel=\"canonical\" href=\"https:\/\/doktorvolt.pl\/de\/offer-doktorvolt\/modulare-geraete\/fehlerstromschutzschalter\/fehlerstromschutzschalter-typ-a\/wylacznik-roznicowopradowy-z-czlonem-nadpradowym-c32-typ-a-30ma-32a-4p-rcbo-doktorvolt-0867\/\" \/>\n<meta property=\"og:locale\" content=\"de_DE\" \/>\n<meta property=\"og:type\" content=\"article\" \/>\n<meta property=\"og:title\" content=\"Doktorvolt Fehlerstrom-Schutzschalter Typ A 300mA 40A 4P RCD DV-0867 - DOKTORVOLT\u00ae\" \/>\n<meta property=\"og:url\" content=\"https:\/\/doktorvolt.pl\/de\/offer-doktorvolt\/modulare-geraete\/fehlerstromschutzschalter\/fehlerstromschutzschalter-typ-a\/wylacznik-roznicowopradowy-z-czlonem-nadpradowym-c32-typ-a-30ma-32a-4p-rcbo-doktorvolt-0867\/\" \/>\n<meta property=\"og:site_name\" content=\"DOKTORVOLT\u00ae\" \/>\n<meta property=\"article:modified_time\" content=\"2026-04-23T12:19:09+00:00\" \/>\n<meta property=\"og:image\" content=\"https:\/\/doktorvolt.pl\/wp-content\/uploads\/2026\/02\/pol_pl_16876-16876_1.jpg\" \/>\n\t<meta property=\"og:image:width\" content=\"1000\" \/>\n\t<meta property=\"og:image:height\" content=\"1000\" \/>\n\t<meta property=\"og:image:type\" content=\"image\/jpeg\" \/>\n<meta name=\"twitter:card\" content=\"summary_large_image\" \/>\n<meta name=\"twitter:label1\" content=\"Gesch\u00e4tzte Lesezeit\" \/>\n\t<meta name=\"twitter:data1\" content=\"1\u00a0Minute\" \/>\n<script type=\"application\/ld+json\" class=\"yoast-schema-graph\">{\"@context\":\"https:\/\/schema.org\",\"@graph\":[{\"@type\":\"WebPage\",\"@id\":\"https:\/\/doktorvolt.pl\/de\/offer-doktorvolt\/modulare-geraete\/fehlerstromschutzschalter\/fehlerstromschutzschalter-typ-a\/wylacznik-roznicowopradowy-z-czlonem-nadpradowym-c32-typ-a-30ma-32a-4p-rcbo-doktorvolt-0867\/\",\"url\":\"https:\/\/doktorvolt.pl\/de\/offer-doktorvolt\/modulare-geraete\/fehlerstromschutzschalter\/fehlerstromschutzschalter-typ-a\/wylacznik-roznicowopradowy-z-czlonem-nadpradowym-c32-typ-a-30ma-32a-4p-rcbo-doktorvolt-0867\/\",\"name\":\"Doktorvolt Fehlerstrom-Schutzschalter Typ A 300mA 40A 4P RCD DV-0867 - DOKTORVOLT\u00ae\",\"isPartOf\":{\"@id\":\"https:\/\/doktorvolt.pl\/de\/#website\"},\"primaryImageOfPage\":{\"@id\":\"https:\/\/doktorvolt.pl\/de\/offer-doktorvolt\/modulare-geraete\/fehlerstromschutzschalter\/fehlerstromschutzschalter-typ-a\/wylacznik-roznicowopradowy-z-czlonem-nadpradowym-c32-typ-a-30ma-32a-4p-rcbo-doktorvolt-0867\/#primaryimage\"},\"image\":{\"@id\":\"https:\/\/doktorvolt.pl\/de\/offer-doktorvolt\/modulare-geraete\/fehlerstromschutzschalter\/fehlerstromschutzschalter-typ-a\/wylacznik-roznicowopradowy-z-czlonem-nadpradowym-c32-typ-a-30ma-32a-4p-rcbo-doktorvolt-0867\/#primaryimage\"},\"thumbnailUrl\":\"https:\/\/doktorvolt.pl\/wp-content\/uploads\/2026\/02\/pol_pl_16876-16876_1.jpg\",\"datePublished\":\"2026-02-23T13:56:02+00:00\",\"dateModified\":\"2026-04-23T12:19:09+00:00\",\"breadcrumb\":{\"@id\":\"https:\/\/doktorvolt.pl\/de\/offer-doktorvolt\/modulare-geraete\/fehlerstromschutzschalter\/fehlerstromschutzschalter-typ-a\/wylacznik-roznicowopradowy-z-czlonem-nadpradowym-c32-typ-a-30ma-32a-4p-rcbo-doktorvolt-0867\/#breadcrumb\"},\"inLanguage\":\"de\",\"potentialAction\":[{\"@type\":\"ReadAction\",\"target\":[\"https:\/\/doktorvolt.pl\/de\/offer-doktorvolt\/modulare-geraete\/fehlerstromschutzschalter\/fehlerstromschutzschalter-typ-a\/wylacznik-roznicowopradowy-z-czlonem-nadpradowym-c32-typ-a-30ma-32a-4p-rcbo-doktorvolt-0867\/\"]}]},{\"@type\":\"ImageObject\",\"inLanguage\":\"de\",\"@id\":\"https:\/\/doktorvolt.pl\/de\/offer-doktorvolt\/modulare-geraete\/fehlerstromschutzschalter\/fehlerstromschutzschalter-typ-a\/wylacznik-roznicowopradowy-z-czlonem-nadpradowym-c32-typ-a-30ma-32a-4p-rcbo-doktorvolt-0867\/#primaryimage\",\"url\":\"https:\/\/doktorvolt.pl\/wp-content\/uploads\/2026\/02\/pol_pl_16876-16876_1.jpg\",\"contentUrl\":\"https:\/\/doktorvolt.pl\/wp-content\/uploads\/2026\/02\/pol_pl_16876-16876_1.jpg\",\"width\":1000,\"height\":1000},{\"@type\":\"BreadcrumbList\",\"@id\":\"https:\/\/doktorvolt.pl\/de\/offer-doktorvolt\/modulare-geraete\/fehlerstromschutzschalter\/fehlerstromschutzschalter-typ-a\/wylacznik-roznicowopradowy-z-czlonem-nadpradowym-c32-typ-a-30ma-32a-4p-rcbo-doktorvolt-0867\/#breadcrumb\",\"itemListElement\":[{\"@type\":\"ListItem\",\"position\":1,\"name\":\"Strona g\u0142\u00f3wna\",\"item\":\"https:\/\/doktorvolt.pl\/de\/\"},{\"@type\":\"ListItem\",\"position\":2,\"name\":\"Angebot Doktorvolt\",\"item\":\"https:\/\/doktorvolt.pl\/de\/angebot-doktorvolt\/\"},{\"@type\":\"ListItem\",\"position\":3,\"name\":\"Doktorvolt Fehlerstrom-Schutzschalter Typ A 300mA 40A 4P RCD DV-0867\"}]},{\"@type\":\"WebSite\",\"@id\":\"https:\/\/doktorvolt.pl\/de\/#website\",\"url\":\"https:\/\/doktorvolt.pl\/de\/\",\"name\":\"DOKTORVOLT\u00ae\",\"description\":\"Producent rozdzielnic budowlanych\",\"publisher\":{\"@id\":\"https:\/\/doktorvolt.pl\/de\/#organization\"},\"potentialAction\":[{\"@type\":\"SearchAction\",\"target\":{\"@type\":\"EntryPoint\",\"urlTemplate\":\"https:\/\/doktorvolt.pl\/de\/?s={search_term_string}\"},\"query-input\":{\"@type\":\"PropertyValueSpecification\",\"valueRequired\":true,\"valueName\":\"search_term_string\"}}],\"inLanguage\":\"de\"},{\"@type\":\"Organization\",\"@id\":\"https:\/\/doktorvolt.pl\/de\/#organization\",\"name\":\"DOKTORVOLT\u00ae\",\"url\":\"https:\/\/doktorvolt.pl\/de\/\",\"logo\":{\"@type\":\"ImageObject\",\"inLanguage\":\"de\",\"@id\":\"https:\/\/doktorvolt.pl\/de\/#\/schema\/logo\/image\/\",\"url\":\"https:\/\/doktorvolt.pl\/wp-content\/uploads\/2023\/10\/DoktorVOLT-black-png.png\",\"contentUrl\":\"https:\/\/doktorvolt.pl\/wp-content\/uploads\/2023\/10\/DoktorVOLT-black-png.png\",\"width\":729,\"height\":40,\"caption\":\"DOKTORVOLT\u00ae\"},\"image\":{\"@id\":\"https:\/\/doktorvolt.pl\/de\/#\/schema\/logo\/image\/\"}}]}<\/script>\n<!-- \/ Yoast SEO plugin. -->","yoast_head_json":{"title":"Doktorvolt Fehlerstrom-Schutzschalter Typ A 300mA 40A 4P RCD DV-0867 - DOKTORVOLT\u00ae","robots":{"index":"index","follow":"follow","max-snippet":"max-snippet:-1","max-image-preview":"max-image-preview:large","max-video-preview":"max-video-preview:-1"},"canonical":"https:\/\/doktorvolt.pl\/de\/offer-doktorvolt\/modulare-geraete\/fehlerstromschutzschalter\/fehlerstromschutzschalter-typ-a\/wylacznik-roznicowopradowy-z-czlonem-nadpradowym-c32-typ-a-30ma-32a-4p-rcbo-doktorvolt-0867\/","og_locale":"de_DE","og_type":"article","og_title":"Doktorvolt Fehlerstrom-Schutzschalter Typ A 300mA 40A 4P RCD DV-0867 - DOKTORVOLT\u00ae","og_url":"https:\/\/doktorvolt.pl\/de\/offer-doktorvolt\/modulare-geraete\/fehlerstromschutzschalter\/fehlerstromschutzschalter-typ-a\/wylacznik-roznicowopradowy-z-czlonem-nadpradowym-c32-typ-a-30ma-32a-4p-rcbo-doktorvolt-0867\/","og_site_name":"DOKTORVOLT\u00ae","article_modified_time":"2026-04-23T12:19:09+00:00","og_image":[{"width":1000,"height":1000,"url":"https:\/\/doktorvolt.pl\/wp-content\/uploads\/2026\/02\/pol_pl_16876-16876_1.jpg","type":"image\/jpeg"}],"twitter_card":"summary_large_image","twitter_misc":{"Gesch\u00e4tzte Lesezeit":"1\u00a0Minute"},"schema":{"@context":"https:\/\/schema.org","@graph":[{"@type":"WebPage","@id":"https:\/\/doktorvolt.pl\/de\/offer-doktorvolt\/modulare-geraete\/fehlerstromschutzschalter\/fehlerstromschutzschalter-typ-a\/wylacznik-roznicowopradowy-z-czlonem-nadpradowym-c32-typ-a-30ma-32a-4p-rcbo-doktorvolt-0867\/","url":"https:\/\/doktorvolt.pl\/de\/offer-doktorvolt\/modulare-geraete\/fehlerstromschutzschalter\/fehlerstromschutzschalter-typ-a\/wylacznik-roznicowopradowy-z-czlonem-nadpradowym-c32-typ-a-30ma-32a-4p-rcbo-doktorvolt-0867\/","name":"Doktorvolt Fehlerstrom-Schutzschalter Typ A 300mA 40A 4P RCD DV-0867 - DOKTORVOLT\u00ae","isPartOf":{"@id":"https:\/\/doktorvolt.pl\/de\/#website"},"primaryImageOfPage":{"@id":"https:\/\/doktorvolt.pl\/de\/offer-doktorvolt\/modulare-geraete\/fehlerstromschutzschalter\/fehlerstromschutzschalter-typ-a\/wylacznik-roznicowopradowy-z-czlonem-nadpradowym-c32-typ-a-30ma-32a-4p-rcbo-doktorvolt-0867\/#primaryimage"},"image":{"@id":"https:\/\/doktorvolt.pl\/de\/offer-doktorvolt\/modulare-geraete\/fehlerstromschutzschalter\/fehlerstromschutzschalter-typ-a\/wylacznik-roznicowopradowy-z-czlonem-nadpradowym-c32-typ-a-30ma-32a-4p-rcbo-doktorvolt-0867\/#primaryimage"},"thumbnailUrl":"https:\/\/doktorvolt.pl\/wp-content\/uploads\/2026\/02\/pol_pl_16876-16876_1.jpg","datePublished":"2026-02-23T13:56:02+00:00","dateModified":"2026-04-23T12:19:09+00:00","breadcrumb":{"@id":"https:\/\/doktorvolt.pl\/de\/offer-doktorvolt\/modulare-geraete\/fehlerstromschutzschalter\/fehlerstromschutzschalter-typ-a\/wylacznik-roznicowopradowy-z-czlonem-nadpradowym-c32-typ-a-30ma-32a-4p-rcbo-doktorvolt-0867\/#breadcrumb"},"inLanguage":"de","potentialAction":[{"@type":"ReadAction","target":["https:\/\/doktorvolt.pl\/de\/offer-doktorvolt\/modulare-geraete\/fehlerstromschutzschalter\/fehlerstromschutzschalter-typ-a\/wylacznik-roznicowopradowy-z-czlonem-nadpradowym-c32-typ-a-30ma-32a-4p-rcbo-doktorvolt-0867\/"]}]},{"@type":"ImageObject","inLanguage":"de","@id":"https:\/\/doktorvolt.pl\/de\/offer-doktorvolt\/modulare-geraete\/fehlerstromschutzschalter\/fehlerstromschutzschalter-typ-a\/wylacznik-roznicowopradowy-z-czlonem-nadpradowym-c32-typ-a-30ma-32a-4p-rcbo-doktorvolt-0867\/#primaryimage","url":"https:\/\/doktorvolt.pl\/wp-content\/uploads\/2026\/02\/pol_pl_16876-16876_1.jpg","contentUrl":"https:\/\/doktorvolt.pl\/wp-content\/uploads\/2026\/02\/pol_pl_16876-16876_1.jpg","width":1000,"height":1000},{"@type":"BreadcrumbList","@id":"https:\/\/doktorvolt.pl\/de\/offer-doktorvolt\/modulare-geraete\/fehlerstromschutzschalter\/fehlerstromschutzschalter-typ-a\/wylacznik-roznicowopradowy-z-czlonem-nadpradowym-c32-typ-a-30ma-32a-4p-rcbo-doktorvolt-0867\/#breadcrumb","itemListElement":[{"@type":"ListItem","position":1,"name":"Strona g\u0142\u00f3wna","item":"https:\/\/doktorvolt.pl\/de\/"},{"@type":"ListItem","position":2,"name":"Angebot Doktorvolt","item":"https:\/\/doktorvolt.pl\/de\/angebot-doktorvolt\/"},{"@type":"ListItem","position":3,"name":"Doktorvolt Fehlerstrom-Schutzschalter Typ A 300mA 40A 4P RCD DV-0867"}]},{"@type":"WebSite","@id":"https:\/\/doktorvolt.pl\/de\/#website","url":"https:\/\/doktorvolt.pl\/de\/","name":"DOKTORVOLT\u00ae","description":"Producent rozdzielnic budowlanych","publisher":{"@id":"https:\/\/doktorvolt.pl\/de\/#organization"},"potentialAction":[{"@type":"SearchAction","target":{"@type":"EntryPoint","urlTemplate":"https:\/\/doktorvolt.pl\/de\/?s={search_term_string}"},"query-input":{"@type":"PropertyValueSpecification","valueRequired":true,"valueName":"search_term_string"}}],"inLanguage":"de"},{"@type":"Organization","@id":"https:\/\/doktorvolt.pl\/de\/#organization","name":"DOKTORVOLT\u00ae","url":"https:\/\/doktorvolt.pl\/de\/","logo":{"@type":"ImageObject","inLanguage":"de","@id":"https:\/\/doktorvolt.pl\/de\/#\/schema\/logo\/image\/","url":"https:\/\/doktorvolt.pl\/wp-content\/uploads\/2023\/10\/DoktorVOLT-black-png.png","contentUrl":"https:\/\/doktorvolt.pl\/wp-content\/uploads\/2023\/10\/DoktorVOLT-black-png.png","width":729,"height":40,"caption":"DOKTORVOLT\u00ae"},"image":{"@id":"https:\/\/doktorvolt.pl\/de\/#\/schema\/logo\/image\/"}}]}},"_links":{"self":[{"href":"https:\/\/doktorvolt.pl\/de\/wp-json\/wp\/v2\/product\/109841","targetHints":{"allow":["GET"]}}],"collection":[{"href":"https:\/\/doktorvolt.pl\/de\/wp-json\/wp\/v2\/product"}],"about":[{"href":"https:\/\/doktorvolt.pl\/de\/wp-json\/wp\/v2\/types\/product"}],"wp:featuredmedia":[{"embeddable":true,"href":"https:\/\/doktorvolt.pl\/de\/wp-json\/wp\/v2\/media\/96898"}],"wp:attachment":[{"href":"https:\/\/doktorvolt.pl\/de\/wp-json\/wp\/v2\/media?parent=109841"}],"wp:term":[{"taxonomy":"product_brand","embeddable":true,"href":"https:\/\/doktorvolt.pl\/de\/wp-json\/wp\/v2\/product_brand?post=109841"},{"taxonomy":"product_cat","embeddable":true,"href":"https:\/\/doktorvolt.pl\/de\/wp-json\/wp\/v2\/product_cat?post=109841"},{"taxonomy":"product_tag","embeddable":true,"href":"https:\/\/doktorvolt.pl\/de\/wp-json\/wp\/v2\/product_tag?post=109841"}],"curies":[{"name":"wp","href":"https:\/\/api.w.org\/{rel}","templated":true}]}}