{"id":109842,"date":"2026-02-23T15:56:01","date_gmt":"2026-02-23T13:56:01","guid":{"rendered":"https:\/\/doktorvolt.pl\/sklep\/unkategorisiert\/wylacznik-roznicowopradowy-z-czlonem-nadpradowym-c16-typ-a-30ma-16a-4p-rcbo-doktorvolt-0850\/"},"modified":"2026-04-23T14:19:08","modified_gmt":"2026-04-23T12:19:08","slug":"wylacznik-roznicowopradowy-z-czlonem-nadpradowym-c16-typ-a-30ma-16a-4p-rcbo-doktorvolt-0850","status":"publish","type":"product","link":"https:\/\/doktorvolt.pl\/de\/offer-doktorvolt\/modulare-geraete\/fehlerstromschutzschalter\/fehlerstromschutzschalter-typ-a\/wylacznik-roznicowopradowy-z-czlonem-nadpradowym-c16-typ-a-30ma-16a-4p-rcbo-doktorvolt-0850\/","title":{"rendered":"Fi-Schutzschalter mit \u00dcberstromschutz C16 Typ A 30mA 16A 4P RCBO Doktorvolt DV-0850"},"content":{"rendered":"<h1 style=\"font-size:13pt;text-align:center;\"><span style=\"color:#000000;\">Fehlerstromschutzschalter mit \u00dcberstromschutz DV-0850<\/span><\/h1>\n<p style=\"font-size:13pt;text-align:justify;\"><span style=\"color:#000000;\"><strong>FI-Schutzschalter Typ A mit \u00dcberstromschutz<\/strong> \u2013 gewidmet dem Schutz von Ger\u00e4ten bei Besch\u00e4digung und \u00dcberschwemmung, Schutz vor elektrischem Schlag sowie mit einer Schutzfunktion gegen Kurzschluss\/\u00dcberlastung. FI-Schutzschalter Typ A erkennen Wechsel- und Pulsierende Differenzstr\u00f6me.<\/span><\/p>\n<p style=\"font-size:13pt;text-align:justify;\"><span style=\"color:#000000;\">Das verwendete <strong>\u00dcberstromglied C16<\/strong> wird an Orten eingesetzt, wo moderate \u00dcberlastungen erwartet werden. Der Buchstabe &#8222;C&#8220; steht f\u00fcr die Ausl\u00f6secharakteristik des Schalters und bezieht sich auf den Strom, bei dem der Schalter zu arbeiten beginnt. Die Zahl &#8222;16&#8220; steht f\u00fcr den Nennstrom des Schalters.<\/span><\/p>\n<p style=\"font-size:13pt;text-align:justify;\"><span style=\"color:#000000;\">Zus\u00e4tzlich ist auf dem Schalter ein <strong>\u201eTEST\u201c-Knopf<\/strong> sichtbar. Sein Dr\u00fccken simuliert eine fehlerhafte Verbindung und den Stromfluss im Inneren des Ger\u00e4ts. Dies erm\u00f6glicht uns, sicherzustellen, dass der Schalter funktionst\u00fcchtig ist.<\/span><\/p>\n<ul>\n<li style=\"font-size:13pt;text-align:left;\"><strong>Technische Spezifikation<\/strong><\/li>\n<li style=\"font-size:13pt;text-align:left;\">Nennstrom &#8211; <strong>16<\/strong><\/li>\n<li style=\"font-size:13pt;text-align:left;\">Polzahl &#8211; <strong>4<\/strong><\/li>\n<li style=\"font-size:13pt;text-align:left;\">Typ &#8211; <strong>A<\/strong><\/li>\n<li style=\"font-size:13pt;text-align:left;\">Nennspannung Un &#8211; <strong>400V<\/strong><\/li>\n<li style=\"font-size:13pt;text-align:left;\">Betriebscharakteristik &#8211; <strong>C<\/strong><\/li>\n<li style=\"font-size:13pt;text-align:left;\">Montage &#8211; <strong>auf DIN-Schiene<\/strong><\/li>\n<li style=\"font-size:13pt;text-align:left;\">Nennfehlerstrom &#8211; <strong>30mA<\/strong><\/li>\n<li style=\"font-size:13pt;text-align:left;\">Zertifikate und Normen &#8211; <strong>IEC61009, CE<\/strong><\/li>\n<\/ul>\n","protected":false},"excerpt":{"rendered":"","protected":false},"featured_media":96864,"template":"","meta":[],"product_brand":[],"product_cat":[4555],"product_tag":[],"class_list":{"0":"post-109842","1":"product","2":"type-product","3":"status-publish","4":"has-post-thumbnail","6":"product_cat-fehlerstromschutzschalter-typ-a","7":"pa_liczba-biegunow-4p","9":"first","10":"instock","11":"shipping-taxable","12":"product-type-external"},"yoast_head":"<!-- This site is optimized with the Yoast SEO plugin v27.0 - https:\/\/yoast.com\/product\/yoast-seo-wordpress\/ -->\n<title>Fi-Schutzschalter mit \u00dcberstromschutz C16 Typ A 30mA 16A 4P RCBO Doktorvolt DV-0850 - DOKTORVOLT\u00ae<\/title>\n<meta name=\"robots\" content=\"index, follow, max-snippet:-1, max-image-preview:large, max-video-preview:-1\" \/>\n<link rel=\"canonical\" href=\"https:\/\/doktorvolt.pl\/de\/offer-doktorvolt\/modulare-geraete\/fehlerstromschutzschalter\/fehlerstromschutzschalter-typ-a\/wylacznik-roznicowopradowy-z-czlonem-nadpradowym-c16-typ-a-30ma-16a-4p-rcbo-doktorvolt-0850\/\" \/>\n<meta property=\"og:locale\" content=\"de_DE\" \/>\n<meta property=\"og:type\" content=\"article\" \/>\n<meta property=\"og:title\" content=\"Fi-Schutzschalter mit \u00dcberstromschutz C16 Typ A 30mA 16A 4P RCBO Doktorvolt DV-0850 - DOKTORVOLT\u00ae\" \/>\n<meta property=\"og:url\" content=\"https:\/\/doktorvolt.pl\/de\/offer-doktorvolt\/modulare-geraete\/fehlerstromschutzschalter\/fehlerstromschutzschalter-typ-a\/wylacznik-roznicowopradowy-z-czlonem-nadpradowym-c16-typ-a-30ma-16a-4p-rcbo-doktorvolt-0850\/\" \/>\n<meta property=\"og:site_name\" content=\"DOKTORVOLT\u00ae\" \/>\n<meta property=\"article:modified_time\" content=\"2026-04-23T12:19:08+00:00\" \/>\n<meta property=\"og:image\" content=\"https:\/\/doktorvolt.pl\/wp-content\/uploads\/2026\/02\/pol_pl_16872-16872_2.jpg\" \/>\n\t<meta property=\"og:image:width\" content=\"1000\" \/>\n\t<meta property=\"og:image:height\" content=\"1000\" \/>\n\t<meta property=\"og:image:type\" content=\"image\/jpeg\" \/>\n<meta name=\"twitter:card\" content=\"summary_large_image\" \/>\n<meta name=\"twitter:label1\" content=\"Gesch\u00e4tzte Lesezeit\" \/>\n\t<meta name=\"twitter:data1\" content=\"1\u00a0Minute\" \/>\n<script type=\"application\/ld+json\" class=\"yoast-schema-graph\">{\"@context\":\"https:\/\/schema.org\",\"@graph\":[{\"@type\":\"WebPage\",\"@id\":\"https:\/\/doktorvolt.pl\/de\/offer-doktorvolt\/modulare-geraete\/fehlerstromschutzschalter\/fehlerstromschutzschalter-typ-a\/wylacznik-roznicowopradowy-z-czlonem-nadpradowym-c16-typ-a-30ma-16a-4p-rcbo-doktorvolt-0850\/\",\"url\":\"https:\/\/doktorvolt.pl\/de\/offer-doktorvolt\/modulare-geraete\/fehlerstromschutzschalter\/fehlerstromschutzschalter-typ-a\/wylacznik-roznicowopradowy-z-czlonem-nadpradowym-c16-typ-a-30ma-16a-4p-rcbo-doktorvolt-0850\/\",\"name\":\"Fi-Schutzschalter mit \u00dcberstromschutz C16 Typ A 30mA 16A 4P RCBO Doktorvolt DV-0850 - DOKTORVOLT\u00ae\",\"isPartOf\":{\"@id\":\"https:\/\/doktorvolt.pl\/de\/#website\"},\"primaryImageOfPage\":{\"@id\":\"https:\/\/doktorvolt.pl\/de\/offer-doktorvolt\/modulare-geraete\/fehlerstromschutzschalter\/fehlerstromschutzschalter-typ-a\/wylacznik-roznicowopradowy-z-czlonem-nadpradowym-c16-typ-a-30ma-16a-4p-rcbo-doktorvolt-0850\/#primaryimage\"},\"image\":{\"@id\":\"https:\/\/doktorvolt.pl\/de\/offer-doktorvolt\/modulare-geraete\/fehlerstromschutzschalter\/fehlerstromschutzschalter-typ-a\/wylacznik-roznicowopradowy-z-czlonem-nadpradowym-c16-typ-a-30ma-16a-4p-rcbo-doktorvolt-0850\/#primaryimage\"},\"thumbnailUrl\":\"https:\/\/doktorvolt.pl\/wp-content\/uploads\/2026\/02\/pol_pl_16872-16872_2.jpg\",\"datePublished\":\"2026-02-23T13:56:01+00:00\",\"dateModified\":\"2026-04-23T12:19:08+00:00\",\"breadcrumb\":{\"@id\":\"https:\/\/doktorvolt.pl\/de\/offer-doktorvolt\/modulare-geraete\/fehlerstromschutzschalter\/fehlerstromschutzschalter-typ-a\/wylacznik-roznicowopradowy-z-czlonem-nadpradowym-c16-typ-a-30ma-16a-4p-rcbo-doktorvolt-0850\/#breadcrumb\"},\"inLanguage\":\"de\",\"potentialAction\":[{\"@type\":\"ReadAction\",\"target\":[\"https:\/\/doktorvolt.pl\/de\/offer-doktorvolt\/modulare-geraete\/fehlerstromschutzschalter\/fehlerstromschutzschalter-typ-a\/wylacznik-roznicowopradowy-z-czlonem-nadpradowym-c16-typ-a-30ma-16a-4p-rcbo-doktorvolt-0850\/\"]}]},{\"@type\":\"ImageObject\",\"inLanguage\":\"de\",\"@id\":\"https:\/\/doktorvolt.pl\/de\/offer-doktorvolt\/modulare-geraete\/fehlerstromschutzschalter\/fehlerstromschutzschalter-typ-a\/wylacznik-roznicowopradowy-z-czlonem-nadpradowym-c16-typ-a-30ma-16a-4p-rcbo-doktorvolt-0850\/#primaryimage\",\"url\":\"https:\/\/doktorvolt.pl\/wp-content\/uploads\/2026\/02\/pol_pl_16872-16872_2.jpg\",\"contentUrl\":\"https:\/\/doktorvolt.pl\/wp-content\/uploads\/2026\/02\/pol_pl_16872-16872_2.jpg\",\"width\":1000,\"height\":1000},{\"@type\":\"BreadcrumbList\",\"@id\":\"https:\/\/doktorvolt.pl\/de\/offer-doktorvolt\/modulare-geraete\/fehlerstromschutzschalter\/fehlerstromschutzschalter-typ-a\/wylacznik-roznicowopradowy-z-czlonem-nadpradowym-c16-typ-a-30ma-16a-4p-rcbo-doktorvolt-0850\/#breadcrumb\",\"itemListElement\":[{\"@type\":\"ListItem\",\"position\":1,\"name\":\"Strona g\u0142\u00f3wna\",\"item\":\"https:\/\/doktorvolt.pl\/de\/\"},{\"@type\":\"ListItem\",\"position\":2,\"name\":\"Angebot Doktorvolt\",\"item\":\"https:\/\/doktorvolt.pl\/de\/angebot-doktorvolt\/\"},{\"@type\":\"ListItem\",\"position\":3,\"name\":\"Fi-Schutzschalter mit \u00dcberstromschutz C16 Typ A 30mA 16A 4P RCBO Doktorvolt DV-0850\"}]},{\"@type\":\"WebSite\",\"@id\":\"https:\/\/doktorvolt.pl\/de\/#website\",\"url\":\"https:\/\/doktorvolt.pl\/de\/\",\"name\":\"DOKTORVOLT\u00ae\",\"description\":\"Producent rozdzielnic budowlanych\",\"publisher\":{\"@id\":\"https:\/\/doktorvolt.pl\/de\/#organization\"},\"potentialAction\":[{\"@type\":\"SearchAction\",\"target\":{\"@type\":\"EntryPoint\",\"urlTemplate\":\"https:\/\/doktorvolt.pl\/de\/?s={search_term_string}\"},\"query-input\":{\"@type\":\"PropertyValueSpecification\",\"valueRequired\":true,\"valueName\":\"search_term_string\"}}],\"inLanguage\":\"de\"},{\"@type\":\"Organization\",\"@id\":\"https:\/\/doktorvolt.pl\/de\/#organization\",\"name\":\"DOKTORVOLT\u00ae\",\"url\":\"https:\/\/doktorvolt.pl\/de\/\",\"logo\":{\"@type\":\"ImageObject\",\"inLanguage\":\"de\",\"@id\":\"https:\/\/doktorvolt.pl\/de\/#\/schema\/logo\/image\/\",\"url\":\"https:\/\/doktorvolt.pl\/wp-content\/uploads\/2023\/10\/DoktorVOLT-black-png.png\",\"contentUrl\":\"https:\/\/doktorvolt.pl\/wp-content\/uploads\/2023\/10\/DoktorVOLT-black-png.png\",\"width\":729,\"height\":40,\"caption\":\"DOKTORVOLT\u00ae\"},\"image\":{\"@id\":\"https:\/\/doktorvolt.pl\/de\/#\/schema\/logo\/image\/\"}}]}<\/script>\n<!-- \/ Yoast SEO plugin. -->","yoast_head_json":{"title":"Fi-Schutzschalter mit \u00dcberstromschutz C16 Typ A 30mA 16A 4P RCBO Doktorvolt DV-0850 - DOKTORVOLT\u00ae","robots":{"index":"index","follow":"follow","max-snippet":"max-snippet:-1","max-image-preview":"max-image-preview:large","max-video-preview":"max-video-preview:-1"},"canonical":"https:\/\/doktorvolt.pl\/de\/offer-doktorvolt\/modulare-geraete\/fehlerstromschutzschalter\/fehlerstromschutzschalter-typ-a\/wylacznik-roznicowopradowy-z-czlonem-nadpradowym-c16-typ-a-30ma-16a-4p-rcbo-doktorvolt-0850\/","og_locale":"de_DE","og_type":"article","og_title":"Fi-Schutzschalter mit \u00dcberstromschutz C16 Typ A 30mA 16A 4P RCBO Doktorvolt DV-0850 - DOKTORVOLT\u00ae","og_url":"https:\/\/doktorvolt.pl\/de\/offer-doktorvolt\/modulare-geraete\/fehlerstromschutzschalter\/fehlerstromschutzschalter-typ-a\/wylacznik-roznicowopradowy-z-czlonem-nadpradowym-c16-typ-a-30ma-16a-4p-rcbo-doktorvolt-0850\/","og_site_name":"DOKTORVOLT\u00ae","article_modified_time":"2026-04-23T12:19:08+00:00","og_image":[{"width":1000,"height":1000,"url":"https:\/\/doktorvolt.pl\/wp-content\/uploads\/2026\/02\/pol_pl_16872-16872_2.jpg","type":"image\/jpeg"}],"twitter_card":"summary_large_image","twitter_misc":{"Gesch\u00e4tzte Lesezeit":"1\u00a0Minute"},"schema":{"@context":"https:\/\/schema.org","@graph":[{"@type":"WebPage","@id":"https:\/\/doktorvolt.pl\/de\/offer-doktorvolt\/modulare-geraete\/fehlerstromschutzschalter\/fehlerstromschutzschalter-typ-a\/wylacznik-roznicowopradowy-z-czlonem-nadpradowym-c16-typ-a-30ma-16a-4p-rcbo-doktorvolt-0850\/","url":"https:\/\/doktorvolt.pl\/de\/offer-doktorvolt\/modulare-geraete\/fehlerstromschutzschalter\/fehlerstromschutzschalter-typ-a\/wylacznik-roznicowopradowy-z-czlonem-nadpradowym-c16-typ-a-30ma-16a-4p-rcbo-doktorvolt-0850\/","name":"Fi-Schutzschalter mit \u00dcberstromschutz C16 Typ A 30mA 16A 4P RCBO Doktorvolt DV-0850 - DOKTORVOLT\u00ae","isPartOf":{"@id":"https:\/\/doktorvolt.pl\/de\/#website"},"primaryImageOfPage":{"@id":"https:\/\/doktorvolt.pl\/de\/offer-doktorvolt\/modulare-geraete\/fehlerstromschutzschalter\/fehlerstromschutzschalter-typ-a\/wylacznik-roznicowopradowy-z-czlonem-nadpradowym-c16-typ-a-30ma-16a-4p-rcbo-doktorvolt-0850\/#primaryimage"},"image":{"@id":"https:\/\/doktorvolt.pl\/de\/offer-doktorvolt\/modulare-geraete\/fehlerstromschutzschalter\/fehlerstromschutzschalter-typ-a\/wylacznik-roznicowopradowy-z-czlonem-nadpradowym-c16-typ-a-30ma-16a-4p-rcbo-doktorvolt-0850\/#primaryimage"},"thumbnailUrl":"https:\/\/doktorvolt.pl\/wp-content\/uploads\/2026\/02\/pol_pl_16872-16872_2.jpg","datePublished":"2026-02-23T13:56:01+00:00","dateModified":"2026-04-23T12:19:08+00:00","breadcrumb":{"@id":"https:\/\/doktorvolt.pl\/de\/offer-doktorvolt\/modulare-geraete\/fehlerstromschutzschalter\/fehlerstromschutzschalter-typ-a\/wylacznik-roznicowopradowy-z-czlonem-nadpradowym-c16-typ-a-30ma-16a-4p-rcbo-doktorvolt-0850\/#breadcrumb"},"inLanguage":"de","potentialAction":[{"@type":"ReadAction","target":["https:\/\/doktorvolt.pl\/de\/offer-doktorvolt\/modulare-geraete\/fehlerstromschutzschalter\/fehlerstromschutzschalter-typ-a\/wylacznik-roznicowopradowy-z-czlonem-nadpradowym-c16-typ-a-30ma-16a-4p-rcbo-doktorvolt-0850\/"]}]},{"@type":"ImageObject","inLanguage":"de","@id":"https:\/\/doktorvolt.pl\/de\/offer-doktorvolt\/modulare-geraete\/fehlerstromschutzschalter\/fehlerstromschutzschalter-typ-a\/wylacznik-roznicowopradowy-z-czlonem-nadpradowym-c16-typ-a-30ma-16a-4p-rcbo-doktorvolt-0850\/#primaryimage","url":"https:\/\/doktorvolt.pl\/wp-content\/uploads\/2026\/02\/pol_pl_16872-16872_2.jpg","contentUrl":"https:\/\/doktorvolt.pl\/wp-content\/uploads\/2026\/02\/pol_pl_16872-16872_2.jpg","width":1000,"height":1000},{"@type":"BreadcrumbList","@id":"https:\/\/doktorvolt.pl\/de\/offer-doktorvolt\/modulare-geraete\/fehlerstromschutzschalter\/fehlerstromschutzschalter-typ-a\/wylacznik-roznicowopradowy-z-czlonem-nadpradowym-c16-typ-a-30ma-16a-4p-rcbo-doktorvolt-0850\/#breadcrumb","itemListElement":[{"@type":"ListItem","position":1,"name":"Strona g\u0142\u00f3wna","item":"https:\/\/doktorvolt.pl\/de\/"},{"@type":"ListItem","position":2,"name":"Angebot Doktorvolt","item":"https:\/\/doktorvolt.pl\/de\/angebot-doktorvolt\/"},{"@type":"ListItem","position":3,"name":"Fi-Schutzschalter mit \u00dcberstromschutz C16 Typ A 30mA 16A 4P RCBO Doktorvolt DV-0850"}]},{"@type":"WebSite","@id":"https:\/\/doktorvolt.pl\/de\/#website","url":"https:\/\/doktorvolt.pl\/de\/","name":"DOKTORVOLT\u00ae","description":"Producent rozdzielnic budowlanych","publisher":{"@id":"https:\/\/doktorvolt.pl\/de\/#organization"},"potentialAction":[{"@type":"SearchAction","target":{"@type":"EntryPoint","urlTemplate":"https:\/\/doktorvolt.pl\/de\/?s={search_term_string}"},"query-input":{"@type":"PropertyValueSpecification","valueRequired":true,"valueName":"search_term_string"}}],"inLanguage":"de"},{"@type":"Organization","@id":"https:\/\/doktorvolt.pl\/de\/#organization","name":"DOKTORVOLT\u00ae","url":"https:\/\/doktorvolt.pl\/de\/","logo":{"@type":"ImageObject","inLanguage":"de","@id":"https:\/\/doktorvolt.pl\/de\/#\/schema\/logo\/image\/","url":"https:\/\/doktorvolt.pl\/wp-content\/uploads\/2023\/10\/DoktorVOLT-black-png.png","contentUrl":"https:\/\/doktorvolt.pl\/wp-content\/uploads\/2023\/10\/DoktorVOLT-black-png.png","width":729,"height":40,"caption":"DOKTORVOLT\u00ae"},"image":{"@id":"https:\/\/doktorvolt.pl\/de\/#\/schema\/logo\/image\/"}}]}},"_links":{"self":[{"href":"https:\/\/doktorvolt.pl\/de\/wp-json\/wp\/v2\/product\/109842","targetHints":{"allow":["GET"]}}],"collection":[{"href":"https:\/\/doktorvolt.pl\/de\/wp-json\/wp\/v2\/product"}],"about":[{"href":"https:\/\/doktorvolt.pl\/de\/wp-json\/wp\/v2\/types\/product"}],"wp:featuredmedia":[{"embeddable":true,"href":"https:\/\/doktorvolt.pl\/de\/wp-json\/wp\/v2\/media\/96864"}],"wp:attachment":[{"href":"https:\/\/doktorvolt.pl\/de\/wp-json\/wp\/v2\/media?parent=109842"}],"wp:term":[{"taxonomy":"product_brand","embeddable":true,"href":"https:\/\/doktorvolt.pl\/de\/wp-json\/wp\/v2\/product_brand?post=109842"},{"taxonomy":"product_cat","embeddable":true,"href":"https:\/\/doktorvolt.pl\/de\/wp-json\/wp\/v2\/product_cat?post=109842"},{"taxonomy":"product_tag","embeddable":true,"href":"https:\/\/doktorvolt.pl\/de\/wp-json\/wp\/v2\/product_tag?post=109842"}],"curies":[{"name":"wp","href":"https:\/\/api.w.org\/{rel}","templated":true}]}}