{"id":109844,"date":"2026-02-23T15:56:00","date_gmt":"2026-02-23T13:56:00","guid":{"rendered":"https:\/\/doktorvolt.pl\/sklep\/unkategorisiert\/wylacznik-roznicowopradowy-typ-a-300ma-25a-2p-rcd-0782\/"},"modified":"2026-04-23T14:19:08","modified_gmt":"2026-04-23T12:19:08","slug":"wylacznik-roznicowopradowy-typ-a-300ma-25a-2p-rcd-0782","status":"publish","type":"product","link":"https:\/\/doktorvolt.pl\/de\/offer-doktorvolt\/modulare-geraete\/fehlerstromschutzschalter\/fehlerstromschutzschalter-typ-a\/wylacznik-roznicowopradowy-typ-a-300ma-25a-2p-rcd-0782\/","title":{"rendered":"Doktorvolt Fehlerstromschutzschalter Typ A 300mA 25A 2P RCD DV-0782"},"content":{"rendered":"<h1 style=\"font-size:13pt;text-align:center;\"><span style=\"color:#000000;\">Fehlerstromschutzschalter Typ A RCCB &#8211; maximaler Schutz f\u00fcr Personen und Eigentum<\/span><\/h1>\n<p style=\"font-size:13pt;text-align:justify;\"><span style=\"color:#000000;\">Der Fehlerstromschutzschalter der Marke <strong>Doktorvolt<\/strong> ist ein elektrisches Sicherheitsger\u00e4t von h\u00f6chster Qualit\u00e4t, das zuverl\u00e4ssigen <strong>Schutz f\u00fcr Personen und Eigentum<\/strong> vor elektrischen Schl\u00e4gen bietet, indem es die Installation schnell und sicher vom Netz trennt.<\/span><\/p>\n<p style=\"font-size:13pt;text-align:justify;\"><span style=\"color:#000000;\">Die Aufgabe der Fehlerstromschutzschalter besteht darin, die Differenz zwischen dem abflie\u00dfenden und dem zur\u00fcckkehrenden Strom zu \u00fcberwachen. Die Schalter verf\u00fcgen \u00fcber eine <strong>Schutzart von IP20<\/strong>.<\/span><\/p>\n<p style=\"font-size:13pt;text-align:justify;\"><span style=\"color:#000000;\">Fehlerstromschutzschalter <strong>Typ A<\/strong><\/span><\/p>\n<ul>\n<li style=\"font-size:13pt;text-align:left;\">erkennt Wechsel- und pulsierende Gleichfehlerstr\u00f6me<\/li>\n<\/ul>\n<p style=\"font-size:13pt;text-align:justify;\"><span style=\"color:#000000;\">Diese L\u00f6sung garantiert uns <strong>Schutz vor elektrischen Schl\u00e4gen<\/strong> bei indirektem sowie direktem Kontakt.<\/span><\/p>\n<p style=\"font-size:13pt;text-align:justify;\"><span style=\"color:#000000;\">Zus\u00e4tzlich ist auf dem Schalter ein <strong>\u201eTEST\u201c-Knopf<\/strong> sichtbar. Sein Dr\u00fccken simuliert eine fehlerhafte Verbindung und Stromaustritt im Inneren des Ger\u00e4ts. Dies erm\u00f6glicht uns, sicherzustellen, dass der Schalter funktionsf\u00e4hig ist. Fehlerstromschutzschalter sind mit Klemmen f\u00fcr die Montage auf der DIN-Schiene TH\/TS-35 ausgestattet.<\/span><\/p>\n<ul>\n<li style=\"font-size:13pt;text-align:left;\"><strong>Technische Spezifikation<\/strong><\/li>\n<li style=\"font-size:13pt;text-align:left;\">Typ <strong>A RCCB<\/strong><\/li>\n<li style=\"font-size:13pt;text-align:left;\">Nennstrom: <strong>25A<\/strong><\/li>\n<li style=\"font-size:13pt;text-align:left;\">Polanzahl: <strong>2<\/strong><\/li>\n<li style=\"font-size:13pt;text-align:left;\">Nennfehlerstrom: <strong>300mA<\/strong><\/li>\n<li style=\"font-size:13pt;text-align:left;\">Kurzschlussfestigkeit Inc: <strong>6000A<\/strong><\/li>\n<li style=\"font-size:13pt;text-align:left;\">Nennspannung Un: <strong>240V<\/strong><\/li>\n<li style=\"font-size:13pt;text-align:left;\">Frequenz: <strong>50\/60 Hz<\/strong><\/li>\n<li style=\"font-size:13pt;text-align:left;\">Schutzart: <strong>IP20<\/strong><\/li>\n<li style=\"font-size:13pt;text-align:left;\">Mindestbetriebstemperatur: <strong>-25\u00b0C<\/strong><\/li>\n<li style=\"font-size:13pt;text-align:left;\">Farbe: <strong>grau<\/strong><\/li>\n<li style=\"font-size:13pt;text-align:left;\">Normen: <strong>CE<\/strong><\/li>\n<li style=\"font-size:13pt;text-align:left;\">Hersteller: <strong>Doktorvolt<\/strong><\/li>\n<\/ul>\n","protected":false},"excerpt":{"rendered":"","protected":false},"featured_media":96847,"template":"","meta":[],"product_brand":[],"product_cat":[4555],"product_tag":[],"class_list":{"0":"post-109844","1":"product","2":"type-product","3":"status-publish","4":"has-post-thumbnail","6":"product_cat-fehlerstromschutzschalter-typ-a","7":"pa_liczba-biegunow-2p","9":"first","10":"instock","11":"shipping-taxable","12":"product-type-external"},"yoast_head":"<!-- This site is optimized with the Yoast SEO plugin v27.0 - https:\/\/yoast.com\/product\/yoast-seo-wordpress\/ -->\n<title>Doktorvolt Fehlerstromschutzschalter Typ A 300mA 25A 2P RCD DV-0782 - DOKTORVOLT\u00ae<\/title>\n<meta name=\"robots\" content=\"index, follow, max-snippet:-1, max-image-preview:large, max-video-preview:-1\" \/>\n<link rel=\"canonical\" href=\"https:\/\/doktorvolt.pl\/de\/offer-doktorvolt\/modulare-geraete\/fehlerstromschutzschalter\/fehlerstromschutzschalter-typ-a\/wylacznik-roznicowopradowy-typ-a-300ma-25a-2p-rcd-0782\/\" \/>\n<meta property=\"og:locale\" content=\"de_DE\" \/>\n<meta property=\"og:type\" content=\"article\" \/>\n<meta property=\"og:title\" content=\"Doktorvolt Fehlerstromschutzschalter Typ A 300mA 25A 2P RCD DV-0782 - DOKTORVOLT\u00ae\" \/>\n<meta property=\"og:url\" content=\"https:\/\/doktorvolt.pl\/de\/offer-doktorvolt\/modulare-geraete\/fehlerstromschutzschalter\/fehlerstromschutzschalter-typ-a\/wylacznik-roznicowopradowy-typ-a-300ma-25a-2p-rcd-0782\/\" \/>\n<meta property=\"og:site_name\" content=\"DOKTORVOLT\u00ae\" \/>\n<meta property=\"article:modified_time\" content=\"2026-04-23T12:19:08+00:00\" \/>\n<meta property=\"og:image\" content=\"https:\/\/doktorvolt.pl\/wp-content\/uploads\/2026\/02\/pol_pl_16871-16871_3.jpg\" \/>\n\t<meta property=\"og:image:width\" content=\"800\" \/>\n\t<meta property=\"og:image:height\" content=\"800\" \/>\n\t<meta property=\"og:image:type\" content=\"image\/jpeg\" \/>\n<meta name=\"twitter:card\" content=\"summary_large_image\" \/>\n<meta name=\"twitter:label1\" content=\"Gesch\u00e4tzte Lesezeit\" \/>\n\t<meta name=\"twitter:data1\" content=\"1\u00a0Minute\" \/>\n<script type=\"application\/ld+json\" class=\"yoast-schema-graph\">{\"@context\":\"https:\/\/schema.org\",\"@graph\":[{\"@type\":\"WebPage\",\"@id\":\"https:\/\/doktorvolt.pl\/de\/offer-doktorvolt\/modulare-geraete\/fehlerstromschutzschalter\/fehlerstromschutzschalter-typ-a\/wylacznik-roznicowopradowy-typ-a-300ma-25a-2p-rcd-0782\/\",\"url\":\"https:\/\/doktorvolt.pl\/de\/offer-doktorvolt\/modulare-geraete\/fehlerstromschutzschalter\/fehlerstromschutzschalter-typ-a\/wylacznik-roznicowopradowy-typ-a-300ma-25a-2p-rcd-0782\/\",\"name\":\"Doktorvolt Fehlerstromschutzschalter Typ A 300mA 25A 2P RCD DV-0782 - DOKTORVOLT\u00ae\",\"isPartOf\":{\"@id\":\"https:\/\/doktorvolt.pl\/de\/#website\"},\"primaryImageOfPage\":{\"@id\":\"https:\/\/doktorvolt.pl\/de\/offer-doktorvolt\/modulare-geraete\/fehlerstromschutzschalter\/fehlerstromschutzschalter-typ-a\/wylacznik-roznicowopradowy-typ-a-300ma-25a-2p-rcd-0782\/#primaryimage\"},\"image\":{\"@id\":\"https:\/\/doktorvolt.pl\/de\/offer-doktorvolt\/modulare-geraete\/fehlerstromschutzschalter\/fehlerstromschutzschalter-typ-a\/wylacznik-roznicowopradowy-typ-a-300ma-25a-2p-rcd-0782\/#primaryimage\"},\"thumbnailUrl\":\"https:\/\/doktorvolt.pl\/wp-content\/uploads\/2026\/02\/pol_pl_16871-16871_3.jpg\",\"datePublished\":\"2026-02-23T13:56:00+00:00\",\"dateModified\":\"2026-04-23T12:19:08+00:00\",\"breadcrumb\":{\"@id\":\"https:\/\/doktorvolt.pl\/de\/offer-doktorvolt\/modulare-geraete\/fehlerstromschutzschalter\/fehlerstromschutzschalter-typ-a\/wylacznik-roznicowopradowy-typ-a-300ma-25a-2p-rcd-0782\/#breadcrumb\"},\"inLanguage\":\"de\",\"potentialAction\":[{\"@type\":\"ReadAction\",\"target\":[\"https:\/\/doktorvolt.pl\/de\/offer-doktorvolt\/modulare-geraete\/fehlerstromschutzschalter\/fehlerstromschutzschalter-typ-a\/wylacznik-roznicowopradowy-typ-a-300ma-25a-2p-rcd-0782\/\"]}]},{\"@type\":\"ImageObject\",\"inLanguage\":\"de\",\"@id\":\"https:\/\/doktorvolt.pl\/de\/offer-doktorvolt\/modulare-geraete\/fehlerstromschutzschalter\/fehlerstromschutzschalter-typ-a\/wylacznik-roznicowopradowy-typ-a-300ma-25a-2p-rcd-0782\/#primaryimage\",\"url\":\"https:\/\/doktorvolt.pl\/wp-content\/uploads\/2026\/02\/pol_pl_16871-16871_3.jpg\",\"contentUrl\":\"https:\/\/doktorvolt.pl\/wp-content\/uploads\/2026\/02\/pol_pl_16871-16871_3.jpg\",\"width\":800,\"height\":800},{\"@type\":\"BreadcrumbList\",\"@id\":\"https:\/\/doktorvolt.pl\/de\/offer-doktorvolt\/modulare-geraete\/fehlerstromschutzschalter\/fehlerstromschutzschalter-typ-a\/wylacznik-roznicowopradowy-typ-a-300ma-25a-2p-rcd-0782\/#breadcrumb\",\"itemListElement\":[{\"@type\":\"ListItem\",\"position\":1,\"name\":\"Strona g\u0142\u00f3wna\",\"item\":\"https:\/\/doktorvolt.pl\/de\/\"},{\"@type\":\"ListItem\",\"position\":2,\"name\":\"Angebot Doktorvolt\",\"item\":\"https:\/\/doktorvolt.pl\/de\/angebot-doktorvolt\/\"},{\"@type\":\"ListItem\",\"position\":3,\"name\":\"Doktorvolt Fehlerstromschutzschalter Typ A 300mA 25A 2P RCD DV-0782\"}]},{\"@type\":\"WebSite\",\"@id\":\"https:\/\/doktorvolt.pl\/de\/#website\",\"url\":\"https:\/\/doktorvolt.pl\/de\/\",\"name\":\"DOKTORVOLT\u00ae\",\"description\":\"Producent rozdzielnic budowlanych\",\"publisher\":{\"@id\":\"https:\/\/doktorvolt.pl\/de\/#organization\"},\"potentialAction\":[{\"@type\":\"SearchAction\",\"target\":{\"@type\":\"EntryPoint\",\"urlTemplate\":\"https:\/\/doktorvolt.pl\/de\/?s={search_term_string}\"},\"query-input\":{\"@type\":\"PropertyValueSpecification\",\"valueRequired\":true,\"valueName\":\"search_term_string\"}}],\"inLanguage\":\"de\"},{\"@type\":\"Organization\",\"@id\":\"https:\/\/doktorvolt.pl\/de\/#organization\",\"name\":\"DOKTORVOLT\u00ae\",\"url\":\"https:\/\/doktorvolt.pl\/de\/\",\"logo\":{\"@type\":\"ImageObject\",\"inLanguage\":\"de\",\"@id\":\"https:\/\/doktorvolt.pl\/de\/#\/schema\/logo\/image\/\",\"url\":\"https:\/\/doktorvolt.pl\/wp-content\/uploads\/2023\/10\/DoktorVOLT-black-png.png\",\"contentUrl\":\"https:\/\/doktorvolt.pl\/wp-content\/uploads\/2023\/10\/DoktorVOLT-black-png.png\",\"width\":729,\"height\":40,\"caption\":\"DOKTORVOLT\u00ae\"},\"image\":{\"@id\":\"https:\/\/doktorvolt.pl\/de\/#\/schema\/logo\/image\/\"}}]}<\/script>\n<!-- \/ Yoast SEO plugin. -->","yoast_head_json":{"title":"Doktorvolt Fehlerstromschutzschalter Typ A 300mA 25A 2P RCD DV-0782 - DOKTORVOLT\u00ae","robots":{"index":"index","follow":"follow","max-snippet":"max-snippet:-1","max-image-preview":"max-image-preview:large","max-video-preview":"max-video-preview:-1"},"canonical":"https:\/\/doktorvolt.pl\/de\/offer-doktorvolt\/modulare-geraete\/fehlerstromschutzschalter\/fehlerstromschutzschalter-typ-a\/wylacznik-roznicowopradowy-typ-a-300ma-25a-2p-rcd-0782\/","og_locale":"de_DE","og_type":"article","og_title":"Doktorvolt Fehlerstromschutzschalter Typ A 300mA 25A 2P RCD DV-0782 - DOKTORVOLT\u00ae","og_url":"https:\/\/doktorvolt.pl\/de\/offer-doktorvolt\/modulare-geraete\/fehlerstromschutzschalter\/fehlerstromschutzschalter-typ-a\/wylacznik-roznicowopradowy-typ-a-300ma-25a-2p-rcd-0782\/","og_site_name":"DOKTORVOLT\u00ae","article_modified_time":"2026-04-23T12:19:08+00:00","og_image":[{"width":800,"height":800,"url":"https:\/\/doktorvolt.pl\/wp-content\/uploads\/2026\/02\/pol_pl_16871-16871_3.jpg","type":"image\/jpeg"}],"twitter_card":"summary_large_image","twitter_misc":{"Gesch\u00e4tzte Lesezeit":"1\u00a0Minute"},"schema":{"@context":"https:\/\/schema.org","@graph":[{"@type":"WebPage","@id":"https:\/\/doktorvolt.pl\/de\/offer-doktorvolt\/modulare-geraete\/fehlerstromschutzschalter\/fehlerstromschutzschalter-typ-a\/wylacznik-roznicowopradowy-typ-a-300ma-25a-2p-rcd-0782\/","url":"https:\/\/doktorvolt.pl\/de\/offer-doktorvolt\/modulare-geraete\/fehlerstromschutzschalter\/fehlerstromschutzschalter-typ-a\/wylacznik-roznicowopradowy-typ-a-300ma-25a-2p-rcd-0782\/","name":"Doktorvolt Fehlerstromschutzschalter Typ A 300mA 25A 2P RCD DV-0782 - DOKTORVOLT\u00ae","isPartOf":{"@id":"https:\/\/doktorvolt.pl\/de\/#website"},"primaryImageOfPage":{"@id":"https:\/\/doktorvolt.pl\/de\/offer-doktorvolt\/modulare-geraete\/fehlerstromschutzschalter\/fehlerstromschutzschalter-typ-a\/wylacznik-roznicowopradowy-typ-a-300ma-25a-2p-rcd-0782\/#primaryimage"},"image":{"@id":"https:\/\/doktorvolt.pl\/de\/offer-doktorvolt\/modulare-geraete\/fehlerstromschutzschalter\/fehlerstromschutzschalter-typ-a\/wylacznik-roznicowopradowy-typ-a-300ma-25a-2p-rcd-0782\/#primaryimage"},"thumbnailUrl":"https:\/\/doktorvolt.pl\/wp-content\/uploads\/2026\/02\/pol_pl_16871-16871_3.jpg","datePublished":"2026-02-23T13:56:00+00:00","dateModified":"2026-04-23T12:19:08+00:00","breadcrumb":{"@id":"https:\/\/doktorvolt.pl\/de\/offer-doktorvolt\/modulare-geraete\/fehlerstromschutzschalter\/fehlerstromschutzschalter-typ-a\/wylacznik-roznicowopradowy-typ-a-300ma-25a-2p-rcd-0782\/#breadcrumb"},"inLanguage":"de","potentialAction":[{"@type":"ReadAction","target":["https:\/\/doktorvolt.pl\/de\/offer-doktorvolt\/modulare-geraete\/fehlerstromschutzschalter\/fehlerstromschutzschalter-typ-a\/wylacznik-roznicowopradowy-typ-a-300ma-25a-2p-rcd-0782\/"]}]},{"@type":"ImageObject","inLanguage":"de","@id":"https:\/\/doktorvolt.pl\/de\/offer-doktorvolt\/modulare-geraete\/fehlerstromschutzschalter\/fehlerstromschutzschalter-typ-a\/wylacznik-roznicowopradowy-typ-a-300ma-25a-2p-rcd-0782\/#primaryimage","url":"https:\/\/doktorvolt.pl\/wp-content\/uploads\/2026\/02\/pol_pl_16871-16871_3.jpg","contentUrl":"https:\/\/doktorvolt.pl\/wp-content\/uploads\/2026\/02\/pol_pl_16871-16871_3.jpg","width":800,"height":800},{"@type":"BreadcrumbList","@id":"https:\/\/doktorvolt.pl\/de\/offer-doktorvolt\/modulare-geraete\/fehlerstromschutzschalter\/fehlerstromschutzschalter-typ-a\/wylacznik-roznicowopradowy-typ-a-300ma-25a-2p-rcd-0782\/#breadcrumb","itemListElement":[{"@type":"ListItem","position":1,"name":"Strona g\u0142\u00f3wna","item":"https:\/\/doktorvolt.pl\/de\/"},{"@type":"ListItem","position":2,"name":"Angebot Doktorvolt","item":"https:\/\/doktorvolt.pl\/de\/angebot-doktorvolt\/"},{"@type":"ListItem","position":3,"name":"Doktorvolt Fehlerstromschutzschalter Typ A 300mA 25A 2P RCD DV-0782"}]},{"@type":"WebSite","@id":"https:\/\/doktorvolt.pl\/de\/#website","url":"https:\/\/doktorvolt.pl\/de\/","name":"DOKTORVOLT\u00ae","description":"Producent rozdzielnic budowlanych","publisher":{"@id":"https:\/\/doktorvolt.pl\/de\/#organization"},"potentialAction":[{"@type":"SearchAction","target":{"@type":"EntryPoint","urlTemplate":"https:\/\/doktorvolt.pl\/de\/?s={search_term_string}"},"query-input":{"@type":"PropertyValueSpecification","valueRequired":true,"valueName":"search_term_string"}}],"inLanguage":"de"},{"@type":"Organization","@id":"https:\/\/doktorvolt.pl\/de\/#organization","name":"DOKTORVOLT\u00ae","url":"https:\/\/doktorvolt.pl\/de\/","logo":{"@type":"ImageObject","inLanguage":"de","@id":"https:\/\/doktorvolt.pl\/de\/#\/schema\/logo\/image\/","url":"https:\/\/doktorvolt.pl\/wp-content\/uploads\/2023\/10\/DoktorVOLT-black-png.png","contentUrl":"https:\/\/doktorvolt.pl\/wp-content\/uploads\/2023\/10\/DoktorVOLT-black-png.png","width":729,"height":40,"caption":"DOKTORVOLT\u00ae"},"image":{"@id":"https:\/\/doktorvolt.pl\/de\/#\/schema\/logo\/image\/"}}]}},"_links":{"self":[{"href":"https:\/\/doktorvolt.pl\/de\/wp-json\/wp\/v2\/product\/109844","targetHints":{"allow":["GET"]}}],"collection":[{"href":"https:\/\/doktorvolt.pl\/de\/wp-json\/wp\/v2\/product"}],"about":[{"href":"https:\/\/doktorvolt.pl\/de\/wp-json\/wp\/v2\/types\/product"}],"wp:featuredmedia":[{"embeddable":true,"href":"https:\/\/doktorvolt.pl\/de\/wp-json\/wp\/v2\/media\/96847"}],"wp:attachment":[{"href":"https:\/\/doktorvolt.pl\/de\/wp-json\/wp\/v2\/media?parent=109844"}],"wp:term":[{"taxonomy":"product_brand","embeddable":true,"href":"https:\/\/doktorvolt.pl\/de\/wp-json\/wp\/v2\/product_brand?post=109844"},{"taxonomy":"product_cat","embeddable":true,"href":"https:\/\/doktorvolt.pl\/de\/wp-json\/wp\/v2\/product_cat?post=109844"},{"taxonomy":"product_tag","embeddable":true,"href":"https:\/\/doktorvolt.pl\/de\/wp-json\/wp\/v2\/product_tag?post=109844"}],"curies":[{"name":"wp","href":"https:\/\/api.w.org\/{rel}","templated":true}]}}