{"id":109858,"date":"2026-02-23T15:53:40","date_gmt":"2026-02-23T13:53:40","guid":{"rendered":"https:\/\/doktorvolt.pl\/sklep\/unkategorisiert\/doktorvolt-rozdzielnica-podtynkowa-8x18-skrzynka-elektryczna-modulowa-metalowa-ip30-1635\/"},"modified":"2026-02-27T09:35:58","modified_gmt":"2026-02-27T07:35:58","slug":"doktorvolt-rozdzielnica-podtynkowa-8x18-skrzynka-elektryczna-modulowa-metalowa-ip30-1635","status":"publish","type":"product","link":"https:\/\/doktorvolt.pl\/de\/oferta-doktorvolt\/modulare-verteilerkasten\/mp-serie\/doktorvolt-rozdzielnica-podtynkowa-8x18-skrzynka-elektryczna-modulowa-metalowa-ip30-1635\/","title":{"rendered":"Doktorvolt Verteilerkasten Unterputz Sicherungskasten aus Metall 144 Module 8-reihig IP30 MP144\/8\/18"},"content":{"rendered":"<p>Dieser Unterputz Verteilerkasten vef\u00fcgt \u00fcber 8 Reihen mit insgesamt 144 Modulen. Er ist aus 1 mm dickem Stahlblech gefertigt und bew\u00e4hrt sich selbst an den anspruchsvollsten Arbeitspl\u00e4tzen.<\/p>\n","protected":false},"excerpt":{"rendered":"<p>Dieser Unterputz Verteilerkasten vef\u00fcgt \u00fcber 8 Reihen mit insgesamt 144 Modulen. Er ist aus 1 mm dickem Stahlblech gefertigt und bew\u00e4hrt sich selbst an den anspruchsvollsten Arbeitspl\u00e4tzen.<\/p>\n","protected":false},"featured_media":104700,"template":"","meta":[],"product_brand":[],"product_cat":[4539],"product_tag":[],"class_list":{"0":"post-109858","1":"product","2":"type-product","3":"status-publish","4":"has-post-thumbnail","6":"product_cat-mp-serie","7":"pa_liczba-modulow-144-moduly-2","8":"pa_liczba-rzedow-8-rzedow-2","9":"pa_material-stahlblech","10":"pa_rzedy-moduly-8-144","11":"pa_stopien-ochrony-ip30","12":"pa_typ-montazu-montaz-podtynkowy","14":"first","15":"instock","16":"shipping-taxable","17":"product-type-external"},"yoast_head":"<!-- This site is optimized with the Yoast SEO plugin v27.0 - https:\/\/yoast.com\/product\/yoast-seo-wordpress\/ -->\n<title>Doktorvolt Verteilerkasten Unterputz Sicherungskasten aus Metall 144 Module 8-reihig IP30 MP144\/8\/18 - DOKTORVOLT\u00ae<\/title>\n<meta name=\"robots\" content=\"index, follow, max-snippet:-1, max-image-preview:large, max-video-preview:-1\" \/>\n<link rel=\"canonical\" href=\"https:\/\/doktorvolt.pl\/de\/oferta-doktorvolt\/modulare-verteilerkasten\/mp-serie\/doktorvolt-rozdzielnica-podtynkowa-8x18-skrzynka-elektryczna-modulowa-metalowa-ip30-1635\/\" \/>\n<meta property=\"og:locale\" content=\"de_DE\" \/>\n<meta property=\"og:type\" content=\"article\" \/>\n<meta property=\"og:title\" content=\"Doktorvolt Verteilerkasten Unterputz Sicherungskasten aus Metall 144 Module 8-reihig IP30 MP144\/8\/18 - DOKTORVOLT\u00ae\" \/>\n<meta property=\"og:description\" content=\"Dieser Unterputz Verteilerkasten vef\u00fcgt \u00fcber 8 Reihen mit insgesamt 144 Modulen. Er ist aus 1 mm dickem Stahlblech gefertigt und bew\u00e4hrt sich selbst an den anspruchsvollsten Arbeitspl\u00e4tzen.\" \/>\n<meta property=\"og:url\" content=\"https:\/\/doktorvolt.pl\/de\/oferta-doktorvolt\/modulare-verteilerkasten\/mp-serie\/doktorvolt-rozdzielnica-podtynkowa-8x18-skrzynka-elektryczna-modulowa-metalowa-ip30-1635\/\" \/>\n<meta property=\"og:site_name\" content=\"DOKTORVOLT\u00ae\" \/>\n<meta property=\"article:modified_time\" content=\"2026-02-27T07:35:58+00:00\" \/>\n<meta property=\"og:image\" content=\"https:\/\/doktorvolt.pl\/wp-content\/uploads\/2026\/02\/pol_pl_Doktorvolt-Rozdzielnica-podtynkowa-8x18-skrzynka-elektryczna-modulowa-metalowa-IP30-1635-16809_5.jpg\" \/>\n\t<meta property=\"og:image:width\" content=\"1600\" \/>\n\t<meta property=\"og:image:height\" content=\"1600\" \/>\n\t<meta property=\"og:image:type\" content=\"image\/jpeg\" \/>\n<meta name=\"twitter:card\" content=\"summary_large_image\" \/>\n<script type=\"application\/ld+json\" class=\"yoast-schema-graph\">{\"@context\":\"https:\/\/schema.org\",\"@graph\":[{\"@type\":\"WebPage\",\"@id\":\"https:\/\/doktorvolt.pl\/de\/oferta-doktorvolt\/modulare-verteilerkasten\/mp-serie\/doktorvolt-rozdzielnica-podtynkowa-8x18-skrzynka-elektryczna-modulowa-metalowa-ip30-1635\/\",\"url\":\"https:\/\/doktorvolt.pl\/de\/oferta-doktorvolt\/modulare-verteilerkasten\/mp-serie\/doktorvolt-rozdzielnica-podtynkowa-8x18-skrzynka-elektryczna-modulowa-metalowa-ip30-1635\/\",\"name\":\"Doktorvolt Verteilerkasten Unterputz Sicherungskasten aus Metall 144 Module 8-reihig IP30 MP144\/8\/18 - DOKTORVOLT\u00ae\",\"isPartOf\":{\"@id\":\"https:\/\/doktorvolt.pl\/de\/#website\"},\"primaryImageOfPage\":{\"@id\":\"https:\/\/doktorvolt.pl\/de\/oferta-doktorvolt\/modulare-verteilerkasten\/mp-serie\/doktorvolt-rozdzielnica-podtynkowa-8x18-skrzynka-elektryczna-modulowa-metalowa-ip30-1635\/#primaryimage\"},\"image\":{\"@id\":\"https:\/\/doktorvolt.pl\/de\/oferta-doktorvolt\/modulare-verteilerkasten\/mp-serie\/doktorvolt-rozdzielnica-podtynkowa-8x18-skrzynka-elektryczna-modulowa-metalowa-ip30-1635\/#primaryimage\"},\"thumbnailUrl\":\"https:\/\/doktorvolt.pl\/wp-content\/uploads\/2026\/02\/pol_pl_Doktorvolt-Rozdzielnica-podtynkowa-8x18-skrzynka-elektryczna-modulowa-metalowa-IP30-1635-16809_5.jpg\",\"datePublished\":\"2026-02-23T13:53:40+00:00\",\"dateModified\":\"2026-02-27T07:35:58+00:00\",\"breadcrumb\":{\"@id\":\"https:\/\/doktorvolt.pl\/de\/oferta-doktorvolt\/modulare-verteilerkasten\/mp-serie\/doktorvolt-rozdzielnica-podtynkowa-8x18-skrzynka-elektryczna-modulowa-metalowa-ip30-1635\/#breadcrumb\"},\"inLanguage\":\"de\",\"potentialAction\":[{\"@type\":\"ReadAction\",\"target\":[\"https:\/\/doktorvolt.pl\/de\/oferta-doktorvolt\/modulare-verteilerkasten\/mp-serie\/doktorvolt-rozdzielnica-podtynkowa-8x18-skrzynka-elektryczna-modulowa-metalowa-ip30-1635\/\"]}]},{\"@type\":\"ImageObject\",\"inLanguage\":\"de\",\"@id\":\"https:\/\/doktorvolt.pl\/de\/oferta-doktorvolt\/modulare-verteilerkasten\/mp-serie\/doktorvolt-rozdzielnica-podtynkowa-8x18-skrzynka-elektryczna-modulowa-metalowa-ip30-1635\/#primaryimage\",\"url\":\"https:\/\/doktorvolt.pl\/wp-content\/uploads\/2026\/02\/pol_pl_Doktorvolt-Rozdzielnica-podtynkowa-8x18-skrzynka-elektryczna-modulowa-metalowa-IP30-1635-16809_5.jpg\",\"contentUrl\":\"https:\/\/doktorvolt.pl\/wp-content\/uploads\/2026\/02\/pol_pl_Doktorvolt-Rozdzielnica-podtynkowa-8x18-skrzynka-elektryczna-modulowa-metalowa-IP30-1635-16809_5.jpg\",\"width\":1600,\"height\":1600},{\"@type\":\"BreadcrumbList\",\"@id\":\"https:\/\/doktorvolt.pl\/de\/oferta-doktorvolt\/modulare-verteilerkasten\/mp-serie\/doktorvolt-rozdzielnica-podtynkowa-8x18-skrzynka-elektryczna-modulowa-metalowa-ip30-1635\/#breadcrumb\",\"itemListElement\":[{\"@type\":\"ListItem\",\"position\":1,\"name\":\"Strona g\u0142\u00f3wna\",\"item\":\"https:\/\/doktorvolt.pl\/de\/\"},{\"@type\":\"ListItem\",\"position\":2,\"name\":\"Angebot Doktorvolt\",\"item\":\"https:\/\/doktorvolt.pl\/de\/angebot-doktorvolt\/\"},{\"@type\":\"ListItem\",\"position\":3,\"name\":\"Doktorvolt Verteilerkasten Unterputz Sicherungskasten aus Metall 144 Module 8-reihig IP30 MP144\/8\/18\"}]},{\"@type\":\"WebSite\",\"@id\":\"https:\/\/doktorvolt.pl\/de\/#website\",\"url\":\"https:\/\/doktorvolt.pl\/de\/\",\"name\":\"DOKTORVOLT\u00ae\",\"description\":\"Producent rozdzielnic budowlanych\",\"publisher\":{\"@id\":\"https:\/\/doktorvolt.pl\/de\/#organization\"},\"potentialAction\":[{\"@type\":\"SearchAction\",\"target\":{\"@type\":\"EntryPoint\",\"urlTemplate\":\"https:\/\/doktorvolt.pl\/de\/?s={search_term_string}\"},\"query-input\":{\"@type\":\"PropertyValueSpecification\",\"valueRequired\":true,\"valueName\":\"search_term_string\"}}],\"inLanguage\":\"de\"},{\"@type\":\"Organization\",\"@id\":\"https:\/\/doktorvolt.pl\/de\/#organization\",\"name\":\"DOKTORVOLT\u00ae\",\"url\":\"https:\/\/doktorvolt.pl\/de\/\",\"logo\":{\"@type\":\"ImageObject\",\"inLanguage\":\"de\",\"@id\":\"https:\/\/doktorvolt.pl\/de\/#\/schema\/logo\/image\/\",\"url\":\"https:\/\/doktorvolt.pl\/wp-content\/uploads\/2023\/10\/DoktorVOLT-black-png.png\",\"contentUrl\":\"https:\/\/doktorvolt.pl\/wp-content\/uploads\/2023\/10\/DoktorVOLT-black-png.png\",\"width\":729,\"height\":40,\"caption\":\"DOKTORVOLT\u00ae\"},\"image\":{\"@id\":\"https:\/\/doktorvolt.pl\/de\/#\/schema\/logo\/image\/\"}}]}<\/script>\n<!-- \/ Yoast SEO plugin. -->","yoast_head_json":{"title":"Doktorvolt Verteilerkasten Unterputz Sicherungskasten aus Metall 144 Module 8-reihig IP30 MP144\/8\/18 - DOKTORVOLT\u00ae","robots":{"index":"index","follow":"follow","max-snippet":"max-snippet:-1","max-image-preview":"max-image-preview:large","max-video-preview":"max-video-preview:-1"},"canonical":"https:\/\/doktorvolt.pl\/de\/oferta-doktorvolt\/modulare-verteilerkasten\/mp-serie\/doktorvolt-rozdzielnica-podtynkowa-8x18-skrzynka-elektryczna-modulowa-metalowa-ip30-1635\/","og_locale":"de_DE","og_type":"article","og_title":"Doktorvolt Verteilerkasten Unterputz Sicherungskasten aus Metall 144 Module 8-reihig IP30 MP144\/8\/18 - DOKTORVOLT\u00ae","og_description":"Dieser Unterputz Verteilerkasten vef\u00fcgt \u00fcber 8 Reihen mit insgesamt 144 Modulen. Er ist aus 1 mm dickem Stahlblech gefertigt und bew\u00e4hrt sich selbst an den anspruchsvollsten Arbeitspl\u00e4tzen.","og_url":"https:\/\/doktorvolt.pl\/de\/oferta-doktorvolt\/modulare-verteilerkasten\/mp-serie\/doktorvolt-rozdzielnica-podtynkowa-8x18-skrzynka-elektryczna-modulowa-metalowa-ip30-1635\/","og_site_name":"DOKTORVOLT\u00ae","article_modified_time":"2026-02-27T07:35:58+00:00","og_image":[{"width":1600,"height":1600,"url":"https:\/\/doktorvolt.pl\/wp-content\/uploads\/2026\/02\/pol_pl_Doktorvolt-Rozdzielnica-podtynkowa-8x18-skrzynka-elektryczna-modulowa-metalowa-IP30-1635-16809_5.jpg","type":"image\/jpeg"}],"twitter_card":"summary_large_image","schema":{"@context":"https:\/\/schema.org","@graph":[{"@type":"WebPage","@id":"https:\/\/doktorvolt.pl\/de\/oferta-doktorvolt\/modulare-verteilerkasten\/mp-serie\/doktorvolt-rozdzielnica-podtynkowa-8x18-skrzynka-elektryczna-modulowa-metalowa-ip30-1635\/","url":"https:\/\/doktorvolt.pl\/de\/oferta-doktorvolt\/modulare-verteilerkasten\/mp-serie\/doktorvolt-rozdzielnica-podtynkowa-8x18-skrzynka-elektryczna-modulowa-metalowa-ip30-1635\/","name":"Doktorvolt Verteilerkasten Unterputz Sicherungskasten aus Metall 144 Module 8-reihig IP30 MP144\/8\/18 - DOKTORVOLT\u00ae","isPartOf":{"@id":"https:\/\/doktorvolt.pl\/de\/#website"},"primaryImageOfPage":{"@id":"https:\/\/doktorvolt.pl\/de\/oferta-doktorvolt\/modulare-verteilerkasten\/mp-serie\/doktorvolt-rozdzielnica-podtynkowa-8x18-skrzynka-elektryczna-modulowa-metalowa-ip30-1635\/#primaryimage"},"image":{"@id":"https:\/\/doktorvolt.pl\/de\/oferta-doktorvolt\/modulare-verteilerkasten\/mp-serie\/doktorvolt-rozdzielnica-podtynkowa-8x18-skrzynka-elektryczna-modulowa-metalowa-ip30-1635\/#primaryimage"},"thumbnailUrl":"https:\/\/doktorvolt.pl\/wp-content\/uploads\/2026\/02\/pol_pl_Doktorvolt-Rozdzielnica-podtynkowa-8x18-skrzynka-elektryczna-modulowa-metalowa-IP30-1635-16809_5.jpg","datePublished":"2026-02-23T13:53:40+00:00","dateModified":"2026-02-27T07:35:58+00:00","breadcrumb":{"@id":"https:\/\/doktorvolt.pl\/de\/oferta-doktorvolt\/modulare-verteilerkasten\/mp-serie\/doktorvolt-rozdzielnica-podtynkowa-8x18-skrzynka-elektryczna-modulowa-metalowa-ip30-1635\/#breadcrumb"},"inLanguage":"de","potentialAction":[{"@type":"ReadAction","target":["https:\/\/doktorvolt.pl\/de\/oferta-doktorvolt\/modulare-verteilerkasten\/mp-serie\/doktorvolt-rozdzielnica-podtynkowa-8x18-skrzynka-elektryczna-modulowa-metalowa-ip30-1635\/"]}]},{"@type":"ImageObject","inLanguage":"de","@id":"https:\/\/doktorvolt.pl\/de\/oferta-doktorvolt\/modulare-verteilerkasten\/mp-serie\/doktorvolt-rozdzielnica-podtynkowa-8x18-skrzynka-elektryczna-modulowa-metalowa-ip30-1635\/#primaryimage","url":"https:\/\/doktorvolt.pl\/wp-content\/uploads\/2026\/02\/pol_pl_Doktorvolt-Rozdzielnica-podtynkowa-8x18-skrzynka-elektryczna-modulowa-metalowa-IP30-1635-16809_5.jpg","contentUrl":"https:\/\/doktorvolt.pl\/wp-content\/uploads\/2026\/02\/pol_pl_Doktorvolt-Rozdzielnica-podtynkowa-8x18-skrzynka-elektryczna-modulowa-metalowa-IP30-1635-16809_5.jpg","width":1600,"height":1600},{"@type":"BreadcrumbList","@id":"https:\/\/doktorvolt.pl\/de\/oferta-doktorvolt\/modulare-verteilerkasten\/mp-serie\/doktorvolt-rozdzielnica-podtynkowa-8x18-skrzynka-elektryczna-modulowa-metalowa-ip30-1635\/#breadcrumb","itemListElement":[{"@type":"ListItem","position":1,"name":"Strona g\u0142\u00f3wna","item":"https:\/\/doktorvolt.pl\/de\/"},{"@type":"ListItem","position":2,"name":"Angebot Doktorvolt","item":"https:\/\/doktorvolt.pl\/de\/angebot-doktorvolt\/"},{"@type":"ListItem","position":3,"name":"Doktorvolt Verteilerkasten Unterputz Sicherungskasten aus Metall 144 Module 8-reihig IP30 MP144\/8\/18"}]},{"@type":"WebSite","@id":"https:\/\/doktorvolt.pl\/de\/#website","url":"https:\/\/doktorvolt.pl\/de\/","name":"DOKTORVOLT\u00ae","description":"Producent rozdzielnic budowlanych","publisher":{"@id":"https:\/\/doktorvolt.pl\/de\/#organization"},"potentialAction":[{"@type":"SearchAction","target":{"@type":"EntryPoint","urlTemplate":"https:\/\/doktorvolt.pl\/de\/?s={search_term_string}"},"query-input":{"@type":"PropertyValueSpecification","valueRequired":true,"valueName":"search_term_string"}}],"inLanguage":"de"},{"@type":"Organization","@id":"https:\/\/doktorvolt.pl\/de\/#organization","name":"DOKTORVOLT\u00ae","url":"https:\/\/doktorvolt.pl\/de\/","logo":{"@type":"ImageObject","inLanguage":"de","@id":"https:\/\/doktorvolt.pl\/de\/#\/schema\/logo\/image\/","url":"https:\/\/doktorvolt.pl\/wp-content\/uploads\/2023\/10\/DoktorVOLT-black-png.png","contentUrl":"https:\/\/doktorvolt.pl\/wp-content\/uploads\/2023\/10\/DoktorVOLT-black-png.png","width":729,"height":40,"caption":"DOKTORVOLT\u00ae"},"image":{"@id":"https:\/\/doktorvolt.pl\/de\/#\/schema\/logo\/image\/"}}]}},"_links":{"self":[{"href":"https:\/\/doktorvolt.pl\/de\/wp-json\/wp\/v2\/product\/109858","targetHints":{"allow":["GET"]}}],"collection":[{"href":"https:\/\/doktorvolt.pl\/de\/wp-json\/wp\/v2\/product"}],"about":[{"href":"https:\/\/doktorvolt.pl\/de\/wp-json\/wp\/v2\/types\/product"}],"wp:featuredmedia":[{"embeddable":true,"href":"https:\/\/doktorvolt.pl\/de\/wp-json\/wp\/v2\/media\/104700"}],"wp:attachment":[{"href":"https:\/\/doktorvolt.pl\/de\/wp-json\/wp\/v2\/media?parent=109858"}],"wp:term":[{"taxonomy":"product_brand","embeddable":true,"href":"https:\/\/doktorvolt.pl\/de\/wp-json\/wp\/v2\/product_brand?post=109858"},{"taxonomy":"product_cat","embeddable":true,"href":"https:\/\/doktorvolt.pl\/de\/wp-json\/wp\/v2\/product_cat?post=109858"},{"taxonomy":"product_tag","embeddable":true,"href":"https:\/\/doktorvolt.pl\/de\/wp-json\/wp\/v2\/product_tag?post=109858"}],"curies":[{"name":"wp","href":"https:\/\/api.w.org\/{rel}","templated":true}]}}