{"id":109870,"date":"2026-02-23T15:50:52","date_gmt":"2026-02-23T13:50:52","guid":{"rendered":"https:\/\/doktorvolt.pl\/sklep\/unkategorisiert\/rozdzielnica-budowlana-16a-32a-z-kablem-zabezpieczona-3x-230v-doktorvolt-dv-0287-f-jun-s-fi\/"},"modified":"2026-04-23T14:18:42","modified_gmt":"2026-04-23T12:18:42","slug":"rozdzielnica-budowlana-16a-32a-z-kablem-zabezpieczona-3x-230v-doktorvolt-dv-0287-f-jun-s-fi","status":"publish","type":"product","link":"https:\/\/doktorvolt.pl\/de\/offer-doktorvolt\/stromverteiler\/jun-serie\/rozdzielnica-budowlana-16a-32a-z-kablem-zabezpieczona-3x-230v-doktorvolt-dv-0287-f-jun-s-fi\/","title":{"rendered":"Baustromverteiler JUN-S\/FI 1x 32A 1x 16A 3x230V mit Kabel IP44 DOKTORVOLT\u00ae DV-0287-F"},"content":{"rendered":"<h1 style=\"font-family: Arial; text-align: center; font-size: 24pt;\">\n  <span>Baustromverteiler 16A 32A mit Kabel FI und LS Schalter 3x 230V Doktorvolt DV-0287-F JUN-S\/FI<\/span><br \/>\n <\/h1>\n<h4 style=\"font-family: Arial; font-size: 14pt; text-align: center;\">\n  <span><br \/>\n  Modell DV-0287-F: Nennstrom 40 A, 230\/400 V 50 Hz, ICC \u2264 6 kA, RDF 0,7. Es bietet drei 230 V Steckdosen (16 A, IP54) sowie zwei Drehstromanschl\u00fcsse (16 A und 32 A 400 V, IP54).<br \/>\n  <\/span><br \/>\n <\/h4>\n<div>\n  <img decoding=\"async\" style=\"max-width: 100%;\" \n  src=\"https:\/\/shop38554-1.yourtechnicaldomain.com\/data\/include\/cms\/1-zdjecia-produktow\/DOKTORVOLT\/DV-4995-EV\/ikonka_zielona_z_literka_D_biala.png?v=1729773346118\" \n  border=\"0\" width=\"1900\" height=\"30\">\n <\/div>\n<div style=\"font-family: Arial; display: flex; width: 100%; flex-wrap: wrap; justify-content: space-around;\">\n<div style=\"display: flex; flex-direction: column; justify-content: center; align-items: left; padding-left: 50px; padding-right: 50px; padding-top: 30px;\">\n<div style=\"max-width: 500px;\">\n<h2 style=\"font-size: 14pt; color: #000 !important;\">\n  <strong>Zuverl\u00e4ssige Fertigung und gepr\u00fcfte Zertifikate<\/strong><br \/>\n  <\/h2>\n<\/p><\/div>\n<div style=\"font-size: 12pt; min-width: 250px; max-width: 472px; text-align: justify;\">\n  <span><br \/>\n  Das Modell DV-0287-F gew\u00e4hrleistet einen Bemessungsstrom von bis zu 40 A und einen Betrieb bei 230\/400 V, 50 Hz, mit einem Kurzschlussschaltverm\u00f6gen (ICC) von bis zu 6 kA und einem RDF-Wert von 0,7. Verantwortlich f\u00fcr diesen Verteiler ist Doktorvolt, ein T\u00dcV S\u00dcD-, ISO 9001:2015, CE- und IEC 61439-zertifiziertes Unternehmen.<br \/>\n  <\/span>\n  <\/div>\n<\/p><\/div>\n<div>\n  <img decoding=\"async\" src=\"https:\/\/preis-zone.com\/hpeciai\/49cbd8a497f8da4673de50dc944e2332\/17737_3.jpg?71928\" \n  width=\"472\" height=\"472\" style=\"max-width: 100%;\">\n  <\/div>\n<\/p><\/div>\n<div>\n  <img decoding=\"async\" style=\"max-width: 100%;\" \n  src=\"https:\/\/shop38554-1.yourtechnicaldomain.com\/data\/include\/cms\/1-zdjecia-produktow\/DOKTORVOLT\/DV-4995-EV\/ikonka_zielona_z_literka_D_biala.png?v=1729773346118\" \n  border=\"0\" width=\"1900\" height=\"30\">\n <\/div>\n<div style=\"font-family: Arial; display: flex; width: 100%; flex-wrap: wrap; justify-content: space-around;\">\n<div>\n  <img decoding=\"async\" style=\"max-width=100%; margin-top: 50px; padding-top: 50px;\" \n  width=\"400\" height=\"400\" \n  src=\"https:\/\/preis-zone.com\/hpeciai\/d14c31450c7aab4b3cbe8428d59922f5\/17737_4.jpg?81074\">\n  <\/div>\n<div style=\"display: flex; flex-direction: column; justify-content: center; align-items: left; padding-left: 50px; padding-right: 50px; padding-top: 30px; max-width: 500px;\">\n<h2 style=\"font-size: 14pt; color: #000 !important;\">\n  <strong>Steckdosen f\u00fcr ein breites Anwendungsspektrum<\/strong><br \/>\n  <\/h2>\n<div style=\"font-size: 12pt; min-width: 250px; text-align: justify;\">\n  <span><br \/>\n  Das Ger\u00e4t verf\u00fcgt \u00fcber drei 230V Steckdosen (16A, IP54) und zwei Drehstromsteckdosen: eine 16A 400V IP54 und eine 32A 400V IP54. Damit k\u00f6nnen verschiedenste Bauger\u00e4te und Elektrowerkzeuge angeschlossen werden.<br \/>\n  <\/span>\n  <\/div>\n<\/p><\/div>\n<\/p><\/div>\n<p> <!-- Specyfikacja Techniczna --><\/p>\n<div style=\"font-family: Arial; display: flex; justify-content: center; align-items: center; padding: 20px; background-color: #fff;\">\n<div style=\"sans-serif; padding: 20px; max-width: 900px; border-radius: 8px; box-shadow: 0 4px 8px rgba(0, 0, 0, 0.1); text-align: left; background-color: white;\">\n<h2 style=\"background-color: #7dd956; font-size: 14pt; color: #333; padding: 15px; border-radius: 8px 8px 0 0; text-align: center;\">\n  Technische Spezifikation<br \/>\n  <\/h2>\n<p>  <!-- Pierwsza cz\u0119\u015b\u0107 z obrazem po prawej --><\/p>\n<div style=\"display: flex; align-items: center; margin-bottom: 30px; flex-wrap: wrap;\">\n<div style=\"flex: 1; max-width: 450px; padding-right: 30px; text-align: justify; font-size: 12pt\">\n<h2 style=\"border-bottom: 5px solid #7dd956; font-size: 14pt; padding-bottom: 10px; color: #333;\">\n  Geh\u00e4use des Verteilers<br \/>\n  <\/h2>\n<p><strong>Konstruktion:<\/strong> station\u00e4r<\/p>\n<p><strong>Montage:<\/strong> Aufputz<\/p>\n<p><strong>Schutzart des Verteilers:<\/strong> IP44<\/p>\n<p><strong>Geh\u00e4useabmessungen mit Steckdosen:<\/strong> 223 x 310 x 112 mm<\/p>\n<p><strong>Umgebungstemperatur:<\/strong> -25 \u00b0C ~ +50 \u00b0C<\/p>\n<p><strong>Geh\u00e4usematerial:<\/strong> Kunststoff<\/p>\n<p><strong>Farbe der vorderen Geh\u00e4useplatte:<\/strong> Grau<\/p>\n<p><strong>Farbe der hinteren Geh\u00e4useplatte:<\/strong> Schwarz<\/p>\n<p><strong>Zubeh\u00f6r:<\/strong> Membran 1x PG21, 1x PG29<\/p>\n<\/p><\/div>\n<div style=\"flex: 1; max-width: 400px; text-align: center;\">\n  <img decoding=\"async\" src=\"https:\/\/preis-zone.com\/hpeciai\/56f78ab6aa7f2674a31273488c9fa8d2\/17737_2.jpg?87456\" \n  alt=\"Obraz 1\" \n  style=\"width: 100%; max-width: 400px; height: auto; border-radius: 8px;\">\n  <\/div>\n<\/p><\/div>\n<p>  <!-- Druga cz\u0119\u015b\u0107 z obrazem po lewej --><\/p>\n<div style=\"display: flex; align-items: center; margin-bottom: 30px; flex-wrap: wrap; flex-direction: row-reverse;\">\n<div style=\"flex: 1; max-width: 450px; padding-left: 30px; text-align: justify; font-size: 12pt\">\n<h2 style=\"border-bottom: 5px solid #7dd956; font-size: 14pt; padding-bottom: 10px; color: #333;\">\n  Steckdosen und modulare Ger\u00e4te<br \/>\n  <\/h2>\n<p>\n  <strong>Schutz gegen indirektes Ber\u00fchren:<\/strong> FI-Schutzschalter 40A 4P 30mA Typ AC\n  <\/p>\n<p>\n  <strong>230-V-Steckdosen:<\/strong> 3x 230V 16A 1P+N+PE IP54\n  <\/p>\n<p>\n  <strong>Leitungsschutzschalter f\u00fcr 230-V-Steckdosen:<\/strong> 1x C16A 1P 6kA\n  <\/p>\n<p>\n  <strong>Drehstromsteckdosen:<\/strong> 1x 16A 400V IP54, 1x 32A 400V IP54\n  <\/p>\n<p>\n  <strong>Leitungsschutzschalter f\u00fcr Drehstromsteckdosen:<\/strong><br \/>\n  <br \/>1x C32A 3P 6kA<br \/>\n  <br \/>1x C16A 3P 6kA\n  <\/p>\n<\/p><\/div>\n<div style=\"flex: 1; max-width: 400px; text-align: center;\">\n  <img decoding=\"async\" src=\"https:\/\/preis-zone.com\/hpeciai\/c1604f59214e6cfb6e21f4ceaeb28a06\/17737_5.jpg?41193\" \n  alt=\"Obraz 2\" \n  style=\"width: 100%; max-width: 400px; height: auto; border-radius: 8px;\">\n  <\/div>\n<\/p><\/div>\n<p>  <!-- Trzecia cz\u0119\u015b\u0107 z obrazem po prawej --><\/p>\n<div style=\"display: flex; align-items: center; margin-bottom: 30px; flex-wrap: wrap;\">\n<div style=\"flex: 1; max-width: 450px; padding-right: 30px; text-align: justify; font-size: 12pt\">\n<h2 style=\"border-bottom: 5px solid #7dd956; font-size: 14pt; padding-bottom: 10px; color: #333;\">\n  Verkabelung<br \/>\n  <\/h2>\n<p>\n  <strong>Art der Verdrahtung:<\/strong><br \/>\n  <br \/>H07V-K 2,5\/4 mm2 gelb-gr\u00fcn<br \/>\n  <br \/>H07V-K 2,5\/4 mm2 blau<br \/>\n  <br \/>H07V-K 2,5\/4 mm2 schwarz\n  <\/p>\n<p>\n  <strong>Anschlusskabel:<\/strong> 5&#215;4 mm2 ca. 1m H07RN-F (OnPD) Schwarz\n  <\/p>\n<p>\n  <strong>Anschlussstecker:<\/strong> 32A 5P 400V 6h IP44 QUICK-CONNECT Bals\n  <\/p>\n<\/p><\/div>\n<div style=\"flex: 1; max-width: 400px; text-align: center;\">\n  <img decoding=\"async\" src=\"https:\/\/preis-zone.pl\/hpeciai\/1e195b88a64e329bd1305dd899d62bdd\/pol_pl_Rozdzielnica-budowlana-TD-S-FI-32A-16A-4x230V-Schuko-Doktorvolt-bez-zabezpieczen-6442-16969_11.jpg\" \n  alt=\"Obraz 3\" \n  style=\"width: 100%; max-width: 400px; height: auto; border-radius: 8px;\">\n  <\/div>\n<\/p><\/div>\n<div style=\"display: flex; align-items: center; justify-content: center; margin-bottom: 30px;\">\n<div style=\"max-width: 450px; font-size: 12pt;\">\n<h2 style=\"border-bottom: 5px solid #7dd956; font-size: 14pt; padding-bottom: 10px; color: #333;\">\n  Allgemeine Informationen und Herstellerdaten<br \/>\n  <\/h2>\n<p><strong>Bemessungsstrom:<\/strong> 40 A<\/p>\n<p><strong>Bemessungsspannung:<\/strong> 230V \/ 400V 50Hz<\/p>\n<p><strong>ICC:<\/strong> \u2264 6 kA<\/p>\n<p><strong>RDF:<\/strong> 0,7<\/p>\n<p><strong>Hersteller:<\/strong> Doktorvolt<\/p>\n<p><strong>Herstellerzertifikate und -normen:<\/strong> T\u00dcV S\u00dcD, ISO 9001:2015, CE, IEC 61439<\/p>\n<p><strong>Herstellerbezeichnung:<\/strong> DV-0287-F<\/p>\n<p><strong>EAN:<\/strong> 5905191010287<\/p>\n<\/p><\/div>\n<\/p><\/div>\n<\/p><\/div>\n<\/p><\/div>\n<div style=\"font-family: Arial; display: flex; width: 100%; flex-wrap: wrap; justify-content: space-around;\">\n<div style=\"display: flex; flex-direction: column; justify-content: center; align-items: left; padding-left: 50px; padding-right: 50px; padding-top: 30px;\">\n<div style=\"max-width: 500px;\">\n<h2 style=\"font-size: 14pt; color: #000 !important;\">\n  <strong>Zertifizierung = hohe Qualit\u00e4t:<\/strong><br \/>\n  <\/h2>\n<\/p><\/div>\n<div style=\"font-size: 12pt; min-width: 250px; max-width: 472px; text-align: justify;\">\n  <span><br \/>\n  Die Produkte der Marke DOKTORVOLT werden routinem\u00e4\u00dfig getestet, um die h\u00f6chste Qualit\u00e4t sicherzustellen.<br \/>\n  Jedes Produkt erh\u00e4lt nach bestandenen Tests ein individuelles Zertifikat, das die Konformit\u00e4t mit den<br \/>\n  IEC-Normen best\u00e4tigt. Das Unternehmen verwendet im Produktionsprozess ein T\u00dcV S\u00dcD-zertifiziertes System,<br \/>\n  das die hohe Qualit\u00e4t bescheinigt.<br \/>\n  <\/span>\n  <\/div>\n<\/p><\/div>\n<div>\n  <img decoding=\"async\" src=\"https:\/\/preis-zone.com\/hpeciai\/e17e2b5e0e4adc4f9ce126b5812a4067\/17737_1.jpg?28495\" \n  width=\"472\" height=\"472\" style=\"max-width: 100%;\">\n  <\/div>\n<\/p><\/div>\n<div>\n  <img decoding=\"async\" style=\"max-width: 100%;\" \n  src=\"https:\/\/shop38554-1.yourtechnicaldomain.com\/data\/include\/cms\/1-zdjecia-produktow\/DOKTORVOLT\/DV-4995-EV\/ikonka_zielona_z_literka_D_biala.png?v=1729773346118\" \n  border=\"0\" width=\"1900\" height=\"30\">\n <\/div>\n<div style=\"font-family: Arial; display: flex; width: 100%; flex-wrap: wrap; justify-content: space-around;\">\n<div>\n  <img decoding=\"async\" src=\"https:\/\/shop38554-1.yourtechnicaldomain.com\/data\/include\/cms\/1-zdjecia-produktow\/Logo-IP\/IP_44.png?v=1729852282241\" \n  width=\"472\" height=\"472\" style=\"max-width: 100%;\">\n  <\/div>\n<div style=\"display: flex; flex-direction: column; justify-content: center; align-items: left; padding-left: 50px; padding-right: 50px; padding-top: 30px; max-width: 500px;\">\n<h2 style=\"font-size: 14pt; color: #000 !important;\">\n  <strong>Schutzart IP = mehr Sicherheit:<\/strong><br \/>\n  <\/h2>\n<div style=\"font-size: 12pt; min-width: 250px; text-align: justify;\">\n  <span><br \/>\n  Die Schutzart IP ist ein internationaler Standard, der den Benutzer \u00fcber den Widerstandsf\u00e4higkeitsgrad<br \/>\n  eines Produkts gegen\u00fcber potenziellen Gefahren informiert. Produkte mit IP-Schutz garantieren einen<br \/>\n  st\u00f6rungsfreien Betrieb des Ger\u00e4ts bei weniger kontrollierten Bedingungen sowie die Sicherheit des Benutzers.<br \/>\n  Die Schutzart IP44 bei unserem Verteiler bedeutet:<br \/>\n  <br \/>\u2022 Schutz gegen Eindringen von Festk\u00f6rpern mit einem Durchmesser \u00fcber 1 mm<br \/>\n  <br \/>\u2022 Schutz gegen Spritzwasser aus beliebiger Richtung<br \/>\n  <\/span>\n  <\/div>\n<\/p><\/div>\n<\/p><\/div>\n<div>\n  <img decoding=\"async\" style=\"max-width: 100%;\" \n  src=\"https:\/\/shop38554-1.yourtechnicaldomain.com\/data\/include\/cms\/1-zdjecia-produktow\/DOKTORVOLT\/DV-4995-EV\/ikonka_zielona_z_literka_D_biala.png?v=1729773346118\" \n  border=\"0\" width=\"1900\" height=\"30\">\n <\/div>\n<div style=\"font-family: Arial; display: flex; flex-direction: column; align-items: center; justify-content: center; text-align: center; width: 100%;\">\n<h2 style=\"font-size: 18pt; color: #000 !important;\">Ein vertrauensw\u00fcrdiger Hersteller:<\/h2>\n<p style=\"font-size: 16pt; line-height: 1.5; color: #000; max-width: 800px; text-align: justify;\">\n  Doktorvolt\u00ae ist ein Unternehmen, das 2013 gegr\u00fcndet wurde. Dank seines dynamischen Wachstums konnte es den<br \/>\n  polnischen und ausl\u00e4ndischen Markt erobern. Der Firmensitz befindet sich in Malich\u00f3w in der Woiwodschaft Opole,<br \/>\n  wo sich auch die moderne Produktions- und Lagerhalle befindet. Das Unternehmen ist auf die Herstellung von<br \/>\n  Baustromverteilern spezialisiert und zeichnet sich durch Qualit\u00e4t und robuste Verarbeitung aus. Jeder Verteiler<br \/>\n  wird aus hochwertigen Komponenten gefertigt. Die Produkte von Doktorvolt\u00ae erf\u00fcllen europ\u00e4ische Normen und<br \/>\n  Sicherheitsstandards.\n  <\/p>\n<p>  <img decoding=\"async\" src=\"https:\/\/shop38554-1.yourtechnicaldomain.com\/data\/include\/cms\/1-zdjecia-produktow\/doktorvolt-logo\/nowe.jpg?v=1729077634670\" \n  alt=\"Doktorvolt logo\" width=\"566\" height=\"155\" style=\"margin-top: 20px;\">\n <\/div>\n","protected":false},"excerpt":{"rendered":"","protected":false},"featured_media":104496,"template":"","meta":[],"product_brand":[],"product_cat":[4525],"product_tag":[],"class_list":{"0":"post-109870","1":"product","2":"type-product","3":"status-publish","4":"has-post-thumbnail","6":"product_cat-jun-serie","8":"first","9":"instock","10":"shipping-taxable","11":"product-type-external"},"yoast_head":"<!-- This site is optimized with the Yoast SEO plugin v27.0 - https:\/\/yoast.com\/product\/yoast-seo-wordpress\/ -->\n<title>Baustromverteiler JUN-S\/FI 1x 32A 1x 16A 3x230V mit Kabel IP44 DOKTORVOLT\u00ae DV-0287-F - DOKTORVOLT\u00ae<\/title>\n<meta name=\"robots\" content=\"index, follow, max-snippet:-1, max-image-preview:large, max-video-preview:-1\" \/>\n<link rel=\"canonical\" href=\"https:\/\/doktorvolt.pl\/de\/offer-doktorvolt\/stromverteiler\/jun-serie\/rozdzielnica-budowlana-16a-32a-z-kablem-zabezpieczona-3x-230v-doktorvolt-dv-0287-f-jun-s-fi\/\" \/>\n<meta property=\"og:locale\" content=\"de_DE\" \/>\n<meta property=\"og:type\" content=\"article\" \/>\n<meta property=\"og:title\" content=\"Baustromverteiler JUN-S\/FI 1x 32A 1x 16A 3x230V mit Kabel IP44 DOKTORVOLT\u00ae DV-0287-F - DOKTORVOLT\u00ae\" \/>\n<meta property=\"og:url\" content=\"https:\/\/doktorvolt.pl\/de\/offer-doktorvolt\/stromverteiler\/jun-serie\/rozdzielnica-budowlana-16a-32a-z-kablem-zabezpieczona-3x-230v-doktorvolt-dv-0287-f-jun-s-fi\/\" \/>\n<meta property=\"og:site_name\" content=\"DOKTORVOLT\u00ae\" \/>\n<meta property=\"article:modified_time\" content=\"2026-04-23T12:18:42+00:00\" \/>\n<meta property=\"og:image\" content=\"https:\/\/doktorvolt.pl\/wp-content\/uploads\/2026\/02\/pol_pl_Rozdzielnica-budowlana-16A-32A-z-kablem-zabezpieczona-3x-230V-Doktorvolt-DV-0287-F-JUN-S-FI-17737_3.jpg\" \/>\n\t<meta property=\"og:image:width\" content=\"1000\" \/>\n\t<meta property=\"og:image:height\" content=\"1000\" \/>\n\t<meta property=\"og:image:type\" content=\"image\/jpeg\" \/>\n<meta name=\"twitter:card\" content=\"summary_large_image\" \/>\n<meta name=\"twitter:label1\" content=\"Gesch\u00e4tzte Lesezeit\" \/>\n\t<meta name=\"twitter:data1\" content=\"3\u00a0Minuten\" \/>\n<script type=\"application\/ld+json\" class=\"yoast-schema-graph\">{\"@context\":\"https:\/\/schema.org\",\"@graph\":[{\"@type\":\"WebPage\",\"@id\":\"https:\/\/doktorvolt.pl\/de\/offer-doktorvolt\/stromverteiler\/jun-serie\/rozdzielnica-budowlana-16a-32a-z-kablem-zabezpieczona-3x-230v-doktorvolt-dv-0287-f-jun-s-fi\/\",\"url\":\"https:\/\/doktorvolt.pl\/de\/offer-doktorvolt\/stromverteiler\/jun-serie\/rozdzielnica-budowlana-16a-32a-z-kablem-zabezpieczona-3x-230v-doktorvolt-dv-0287-f-jun-s-fi\/\",\"name\":\"Baustromverteiler JUN-S\/FI 1x 32A 1x 16A 3x230V mit Kabel IP44 DOKTORVOLT\u00ae DV-0287-F - DOKTORVOLT\u00ae\",\"isPartOf\":{\"@id\":\"https:\/\/doktorvolt.pl\/de\/#website\"},\"primaryImageOfPage\":{\"@id\":\"https:\/\/doktorvolt.pl\/de\/offer-doktorvolt\/stromverteiler\/jun-serie\/rozdzielnica-budowlana-16a-32a-z-kablem-zabezpieczona-3x-230v-doktorvolt-dv-0287-f-jun-s-fi\/#primaryimage\"},\"image\":{\"@id\":\"https:\/\/doktorvolt.pl\/de\/offer-doktorvolt\/stromverteiler\/jun-serie\/rozdzielnica-budowlana-16a-32a-z-kablem-zabezpieczona-3x-230v-doktorvolt-dv-0287-f-jun-s-fi\/#primaryimage\"},\"thumbnailUrl\":\"https:\/\/doktorvolt.pl\/wp-content\/uploads\/2026\/02\/pol_pl_Rozdzielnica-budowlana-16A-32A-z-kablem-zabezpieczona-3x-230V-Doktorvolt-DV-0287-F-JUN-S-FI-17737_3.jpg\",\"datePublished\":\"2026-02-23T13:50:52+00:00\",\"dateModified\":\"2026-04-23T12:18:42+00:00\",\"breadcrumb\":{\"@id\":\"https:\/\/doktorvolt.pl\/de\/offer-doktorvolt\/stromverteiler\/jun-serie\/rozdzielnica-budowlana-16a-32a-z-kablem-zabezpieczona-3x-230v-doktorvolt-dv-0287-f-jun-s-fi\/#breadcrumb\"},\"inLanguage\":\"de\",\"potentialAction\":[{\"@type\":\"ReadAction\",\"target\":[\"https:\/\/doktorvolt.pl\/de\/offer-doktorvolt\/stromverteiler\/jun-serie\/rozdzielnica-budowlana-16a-32a-z-kablem-zabezpieczona-3x-230v-doktorvolt-dv-0287-f-jun-s-fi\/\"]}]},{\"@type\":\"ImageObject\",\"inLanguage\":\"de\",\"@id\":\"https:\/\/doktorvolt.pl\/de\/offer-doktorvolt\/stromverteiler\/jun-serie\/rozdzielnica-budowlana-16a-32a-z-kablem-zabezpieczona-3x-230v-doktorvolt-dv-0287-f-jun-s-fi\/#primaryimage\",\"url\":\"https:\/\/doktorvolt.pl\/wp-content\/uploads\/2026\/02\/pol_pl_Rozdzielnica-budowlana-16A-32A-z-kablem-zabezpieczona-3x-230V-Doktorvolt-DV-0287-F-JUN-S-FI-17737_3.jpg\",\"contentUrl\":\"https:\/\/doktorvolt.pl\/wp-content\/uploads\/2026\/02\/pol_pl_Rozdzielnica-budowlana-16A-32A-z-kablem-zabezpieczona-3x-230V-Doktorvolt-DV-0287-F-JUN-S-FI-17737_3.jpg\",\"width\":1000,\"height\":1000},{\"@type\":\"BreadcrumbList\",\"@id\":\"https:\/\/doktorvolt.pl\/de\/offer-doktorvolt\/stromverteiler\/jun-serie\/rozdzielnica-budowlana-16a-32a-z-kablem-zabezpieczona-3x-230v-doktorvolt-dv-0287-f-jun-s-fi\/#breadcrumb\",\"itemListElement\":[{\"@type\":\"ListItem\",\"position\":1,\"name\":\"Strona g\u0142\u00f3wna\",\"item\":\"https:\/\/doktorvolt.pl\/de\/\"},{\"@type\":\"ListItem\",\"position\":2,\"name\":\"Angebot Doktorvolt\",\"item\":\"https:\/\/doktorvolt.pl\/de\/angebot-doktorvolt\/\"},{\"@type\":\"ListItem\",\"position\":3,\"name\":\"Baustromverteiler JUN-S\/FI 1x 32A 1x 16A 3x230V mit Kabel IP44 DOKTORVOLT\u00ae DV-0287-F\"}]},{\"@type\":\"WebSite\",\"@id\":\"https:\/\/doktorvolt.pl\/de\/#website\",\"url\":\"https:\/\/doktorvolt.pl\/de\/\",\"name\":\"DOKTORVOLT\u00ae\",\"description\":\"Producent rozdzielnic budowlanych\",\"publisher\":{\"@id\":\"https:\/\/doktorvolt.pl\/de\/#organization\"},\"potentialAction\":[{\"@type\":\"SearchAction\",\"target\":{\"@type\":\"EntryPoint\",\"urlTemplate\":\"https:\/\/doktorvolt.pl\/de\/?s={search_term_string}\"},\"query-input\":{\"@type\":\"PropertyValueSpecification\",\"valueRequired\":true,\"valueName\":\"search_term_string\"}}],\"inLanguage\":\"de\"},{\"@type\":\"Organization\",\"@id\":\"https:\/\/doktorvolt.pl\/de\/#organization\",\"name\":\"DOKTORVOLT\u00ae\",\"url\":\"https:\/\/doktorvolt.pl\/de\/\",\"logo\":{\"@type\":\"ImageObject\",\"inLanguage\":\"de\",\"@id\":\"https:\/\/doktorvolt.pl\/de\/#\/schema\/logo\/image\/\",\"url\":\"https:\/\/doktorvolt.pl\/wp-content\/uploads\/2023\/10\/DoktorVOLT-black-png.png\",\"contentUrl\":\"https:\/\/doktorvolt.pl\/wp-content\/uploads\/2023\/10\/DoktorVOLT-black-png.png\",\"width\":729,\"height\":40,\"caption\":\"DOKTORVOLT\u00ae\"},\"image\":{\"@id\":\"https:\/\/doktorvolt.pl\/de\/#\/schema\/logo\/image\/\"}}]}<\/script>\n<!-- \/ Yoast SEO plugin. -->","yoast_head_json":{"title":"Baustromverteiler JUN-S\/FI 1x 32A 1x 16A 3x230V mit Kabel IP44 DOKTORVOLT\u00ae DV-0287-F - DOKTORVOLT\u00ae","robots":{"index":"index","follow":"follow","max-snippet":"max-snippet:-1","max-image-preview":"max-image-preview:large","max-video-preview":"max-video-preview:-1"},"canonical":"https:\/\/doktorvolt.pl\/de\/offer-doktorvolt\/stromverteiler\/jun-serie\/rozdzielnica-budowlana-16a-32a-z-kablem-zabezpieczona-3x-230v-doktorvolt-dv-0287-f-jun-s-fi\/","og_locale":"de_DE","og_type":"article","og_title":"Baustromverteiler JUN-S\/FI 1x 32A 1x 16A 3x230V mit Kabel IP44 DOKTORVOLT\u00ae DV-0287-F - DOKTORVOLT\u00ae","og_url":"https:\/\/doktorvolt.pl\/de\/offer-doktorvolt\/stromverteiler\/jun-serie\/rozdzielnica-budowlana-16a-32a-z-kablem-zabezpieczona-3x-230v-doktorvolt-dv-0287-f-jun-s-fi\/","og_site_name":"DOKTORVOLT\u00ae","article_modified_time":"2026-04-23T12:18:42+00:00","og_image":[{"width":1000,"height":1000,"url":"https:\/\/doktorvolt.pl\/wp-content\/uploads\/2026\/02\/pol_pl_Rozdzielnica-budowlana-16A-32A-z-kablem-zabezpieczona-3x-230V-Doktorvolt-DV-0287-F-JUN-S-FI-17737_3.jpg","type":"image\/jpeg"}],"twitter_card":"summary_large_image","twitter_misc":{"Gesch\u00e4tzte Lesezeit":"3\u00a0Minuten"},"schema":{"@context":"https:\/\/schema.org","@graph":[{"@type":"WebPage","@id":"https:\/\/doktorvolt.pl\/de\/offer-doktorvolt\/stromverteiler\/jun-serie\/rozdzielnica-budowlana-16a-32a-z-kablem-zabezpieczona-3x-230v-doktorvolt-dv-0287-f-jun-s-fi\/","url":"https:\/\/doktorvolt.pl\/de\/offer-doktorvolt\/stromverteiler\/jun-serie\/rozdzielnica-budowlana-16a-32a-z-kablem-zabezpieczona-3x-230v-doktorvolt-dv-0287-f-jun-s-fi\/","name":"Baustromverteiler JUN-S\/FI 1x 32A 1x 16A 3x230V mit Kabel IP44 DOKTORVOLT\u00ae DV-0287-F - DOKTORVOLT\u00ae","isPartOf":{"@id":"https:\/\/doktorvolt.pl\/de\/#website"},"primaryImageOfPage":{"@id":"https:\/\/doktorvolt.pl\/de\/offer-doktorvolt\/stromverteiler\/jun-serie\/rozdzielnica-budowlana-16a-32a-z-kablem-zabezpieczona-3x-230v-doktorvolt-dv-0287-f-jun-s-fi\/#primaryimage"},"image":{"@id":"https:\/\/doktorvolt.pl\/de\/offer-doktorvolt\/stromverteiler\/jun-serie\/rozdzielnica-budowlana-16a-32a-z-kablem-zabezpieczona-3x-230v-doktorvolt-dv-0287-f-jun-s-fi\/#primaryimage"},"thumbnailUrl":"https:\/\/doktorvolt.pl\/wp-content\/uploads\/2026\/02\/pol_pl_Rozdzielnica-budowlana-16A-32A-z-kablem-zabezpieczona-3x-230V-Doktorvolt-DV-0287-F-JUN-S-FI-17737_3.jpg","datePublished":"2026-02-23T13:50:52+00:00","dateModified":"2026-04-23T12:18:42+00:00","breadcrumb":{"@id":"https:\/\/doktorvolt.pl\/de\/offer-doktorvolt\/stromverteiler\/jun-serie\/rozdzielnica-budowlana-16a-32a-z-kablem-zabezpieczona-3x-230v-doktorvolt-dv-0287-f-jun-s-fi\/#breadcrumb"},"inLanguage":"de","potentialAction":[{"@type":"ReadAction","target":["https:\/\/doktorvolt.pl\/de\/offer-doktorvolt\/stromverteiler\/jun-serie\/rozdzielnica-budowlana-16a-32a-z-kablem-zabezpieczona-3x-230v-doktorvolt-dv-0287-f-jun-s-fi\/"]}]},{"@type":"ImageObject","inLanguage":"de","@id":"https:\/\/doktorvolt.pl\/de\/offer-doktorvolt\/stromverteiler\/jun-serie\/rozdzielnica-budowlana-16a-32a-z-kablem-zabezpieczona-3x-230v-doktorvolt-dv-0287-f-jun-s-fi\/#primaryimage","url":"https:\/\/doktorvolt.pl\/wp-content\/uploads\/2026\/02\/pol_pl_Rozdzielnica-budowlana-16A-32A-z-kablem-zabezpieczona-3x-230V-Doktorvolt-DV-0287-F-JUN-S-FI-17737_3.jpg","contentUrl":"https:\/\/doktorvolt.pl\/wp-content\/uploads\/2026\/02\/pol_pl_Rozdzielnica-budowlana-16A-32A-z-kablem-zabezpieczona-3x-230V-Doktorvolt-DV-0287-F-JUN-S-FI-17737_3.jpg","width":1000,"height":1000},{"@type":"BreadcrumbList","@id":"https:\/\/doktorvolt.pl\/de\/offer-doktorvolt\/stromverteiler\/jun-serie\/rozdzielnica-budowlana-16a-32a-z-kablem-zabezpieczona-3x-230v-doktorvolt-dv-0287-f-jun-s-fi\/#breadcrumb","itemListElement":[{"@type":"ListItem","position":1,"name":"Strona g\u0142\u00f3wna","item":"https:\/\/doktorvolt.pl\/de\/"},{"@type":"ListItem","position":2,"name":"Angebot Doktorvolt","item":"https:\/\/doktorvolt.pl\/de\/angebot-doktorvolt\/"},{"@type":"ListItem","position":3,"name":"Baustromverteiler JUN-S\/FI 1x 32A 1x 16A 3x230V mit Kabel IP44 DOKTORVOLT\u00ae DV-0287-F"}]},{"@type":"WebSite","@id":"https:\/\/doktorvolt.pl\/de\/#website","url":"https:\/\/doktorvolt.pl\/de\/","name":"DOKTORVOLT\u00ae","description":"Producent rozdzielnic budowlanych","publisher":{"@id":"https:\/\/doktorvolt.pl\/de\/#organization"},"potentialAction":[{"@type":"SearchAction","target":{"@type":"EntryPoint","urlTemplate":"https:\/\/doktorvolt.pl\/de\/?s={search_term_string}"},"query-input":{"@type":"PropertyValueSpecification","valueRequired":true,"valueName":"search_term_string"}}],"inLanguage":"de"},{"@type":"Organization","@id":"https:\/\/doktorvolt.pl\/de\/#organization","name":"DOKTORVOLT\u00ae","url":"https:\/\/doktorvolt.pl\/de\/","logo":{"@type":"ImageObject","inLanguage":"de","@id":"https:\/\/doktorvolt.pl\/de\/#\/schema\/logo\/image\/","url":"https:\/\/doktorvolt.pl\/wp-content\/uploads\/2023\/10\/DoktorVOLT-black-png.png","contentUrl":"https:\/\/doktorvolt.pl\/wp-content\/uploads\/2023\/10\/DoktorVOLT-black-png.png","width":729,"height":40,"caption":"DOKTORVOLT\u00ae"},"image":{"@id":"https:\/\/doktorvolt.pl\/de\/#\/schema\/logo\/image\/"}}]}},"_links":{"self":[{"href":"https:\/\/doktorvolt.pl\/de\/wp-json\/wp\/v2\/product\/109870","targetHints":{"allow":["GET"]}}],"collection":[{"href":"https:\/\/doktorvolt.pl\/de\/wp-json\/wp\/v2\/product"}],"about":[{"href":"https:\/\/doktorvolt.pl\/de\/wp-json\/wp\/v2\/types\/product"}],"wp:featuredmedia":[{"embeddable":true,"href":"https:\/\/doktorvolt.pl\/de\/wp-json\/wp\/v2\/media\/104496"}],"wp:attachment":[{"href":"https:\/\/doktorvolt.pl\/de\/wp-json\/wp\/v2\/media?parent=109870"}],"wp:term":[{"taxonomy":"product_brand","embeddable":true,"href":"https:\/\/doktorvolt.pl\/de\/wp-json\/wp\/v2\/product_brand?post=109870"},{"taxonomy":"product_cat","embeddable":true,"href":"https:\/\/doktorvolt.pl\/de\/wp-json\/wp\/v2\/product_cat?post=109870"},{"taxonomy":"product_tag","embeddable":true,"href":"https:\/\/doktorvolt.pl\/de\/wp-json\/wp\/v2\/product_tag?post=109870"}],"curies":[{"name":"wp","href":"https:\/\/api.w.org\/{rel}","templated":true}]}}