{"id":110075,"date":"2026-02-23T15:30:03","date_gmt":"2026-02-23T13:30:03","guid":{"rendered":"https:\/\/doktorvolt.pl\/sklep\/unkategorisiert\/szyna-laczeniowa-sztyftowa-ps-s-3f-11mod-16mm2-5149\/"},"modified":"2026-04-23T14:16:27","modified_gmt":"2026-04-23T12:16:27","slug":"szyna-laczeniowa-sztyftowa-ps-s-3f-11mod-16mm2-5149","status":"publish","type":"product","link":"https:\/\/doktorvolt.pl\/de\/offer-doktorvolt\/zubehoer\/phasenschienen\/stift-phasenschiene\/szyna-laczeniowa-sztyftowa-ps-s-3f-11mod-16mm2-5149\/","title":{"rendered":"3P Phasenschiene Stift 11-polig 16mm\u00b2 PS\/SB Schiene DV-5149-PSS"},"content":{"rendered":"<p>3P Phasenschiene Stift 11-polig 16mm\u00b2 PS\/SB Schiene Sammelschiene 100A<\/p>\n<h1 style=\"text-align:center;\"><span style=\"font-size:12pt;color:#4a4a4a;\"><span style=\"color:#000000;\">3P Phasenschiene Stift 11-polig 16mm\u00b2 PS\/SB Schiene 100A<\/span><\/span><\/h1>\n<\/p>\n<p style=\"text-align:justify;\"><span style=\"font-size:12pt;color:#4a4a4a;\"><span style=\"color:#000000;\">Die Erstellung einer Elektroinstallation im Haus sollte mit dem Anschluss des Netzkabels an diesen Schalter beginnen, der zuerst vom Rand aus angebracht wird. Sowohl dieser Schalter als auch die dahinter liegenden Schalter werden dann \u00fcber den Energiebus verbunden. Auf diese Weise wird die Spannung in der Leitung an alle angeschlossenen Schalter verteilt, was eine Verteilung der Elektrizit\u00e4t im ganzen Haus erm\u00f6glicht.<\/span><\/span><\/p>\n<p style=\"text-align:left;\">\n<p style=\"text-align:justify;\"><span style=\"font-size:12pt;color:#4a4a4a;\"><span style=\"color:#000000;\">Stiftschiene &#8211; der Name bezieht sich auf die Form der Kontakte, die nur einem Stift oder l\u00e4nglichen St\u00e4ben \u00e4hnelt. Diese Art von Zubeh\u00f6r wird am h\u00e4ufigsten in Industrie- oder Geb\u00e4udeinstallationen verwendet, da es in der Regel recht lang und mit einer gro\u00dfen Anzahl von Modulen ausgestattet ist. Auf dem Markt finden wir verschiedene Modelle von Stift Phasenschienen &#8211; vertikal, horizontal, sowie ein- und mehrreihig. Stift Stromschiene &#8211; der Name bezieht sich auf die Form der Kontakte, die nur einem Stock oder l\u00e4nglichen St\u00e4ben \u00e4hnelt. Diese Art von Zubeh\u00f6r wird am h\u00e4ufigsten in Industrie- oder Geb\u00e4udeinstallationen verwendet, da es in der Regel recht lang und mit einer gro\u00dfen Anzahl von Modulen ausgestattet ist. Auf dem Markt finden wir verschiedene Modelle von Stiftschienen &#8211; vertikal, horizontal, sowie ein- und mehrreihig.<\/span><\/span><\/p>\n<p style=\"text-align:left;\">\n<p style=\"text-align:justify;\"><span style=\"font-size:12pt;color:#4a4a4a;\"><span style=\"color:#000000;\">Die Kontakte haben die Form von Stiften (die Form \u00e4hnelt einer Stift), diese Art von Schienen haben in der Regel eine sehr gro\u00dfe Anzahl von Modulen und sind zudem relativ lang. All dies f\u00fchrt dazu, dass sie sehr h\u00e4ufig in der Industrie, Metallurgie und im Bauwesen eingesetzt werden. Die Stift Phasenschiene ist auf dem Markt in vertikaler, horizontaler, ein- und mehrreihiger Form sowie in mehreren Phasen erh\u00e4ltlich. Einige Modelle dieser Schienen eignen sich nicht f\u00fcr die Arbeit mit Ger\u00e4ten mit zus\u00e4tzlichen Kontakten und Typenschienen, so dass es sich lohnt, darauf zu achten.<\/span><\/span><\/p>\n<p style=\"text-align:left;\">\n<p><\/p>\n<\/p>\n<table class=\"center\" style=\"background-color:#f5f5f5;margin-left:auto;margin-right:auto;width:366px;height:443px;border:1px solid #ffffff;\" align=\"center\">\n<tbody>\n<tr>\n<td style=\"text-align:right;padding:15px;height:25px;\" valign=\"middle\" align=\"right\"><span style=\"font-size:12pt;color:#000000;\"><span style=\"font-family:verdana, geneva;\">Typ<br \/>Anschlussart<\/span><\/span><\/td>\n<td style=\"background-color:#ffffff;text-align:center;\">\n<p><span style=\"font-size:12pt;color:#000000;\"><span style=\"font-family:verdana, geneva;font-size:12pt;\"><span style=\"font-size:xx-small;\"><span style=\"font-size:12pt;\"><span style=\"font-size:10pt;\"><span style=\"font-size:12pt;\"><span style=\"font-size:12pt;\"><span style=\"font-size:12pt;\"><span style=\"font-size:12pt;\">Stift<\/span><\/span><\/span><\/span><\/span><\/span><\/span><\/span><\/span><\/p>\n<\/td>\n<\/tr>\n<tr>\n<td style=\"text-align:right;padding:15px;height:25px;\" valign=\"middle\" align=\"right\"><span style=\"font-size:12pt;color:#000000;\"><span style=\"font-family:verdana, geneva;\">Bemessungsdauerstrom<\/span><\/span><\/td>\n<td style=\"background-color:#ffffff;text-align:center;\">\n<p><span style=\"font-size:12pt;color:#000000;\"><span style=\"font-family:verdana, geneva;font-size:12pt;\"><span style=\"font-size:xx-small;\"><span style=\"font-size:12pt;\"><span style=\"font-size:10pt;\"><span style=\"font-size:12pt;\"><span style=\"font-size:12pt;\"><span style=\"font-size:12pt;\"><span style=\"font-size:12pt;\">100A<\/span><\/span><\/span><\/span><\/span><\/span><\/span><\/span><\/span><\/p>\n<\/td>\n<\/tr>\n<tr>\n<td style=\"text-align:right;padding:15px;height:25px;\" valign=\"middle\" align=\"right\"><span style=\"font-size:12pt;color:#000000;\"><span style=\"font-family:verdana, geneva;\">Aderquerschnitt max.<\/span><\/span><\/td>\n<td style=\"background-color:#ffffff;text-align:center;\">\n<p><span style=\"font-size:12pt;color:#000000;\">16 mm\u00b2<br \/><\/span><\/p>\n<\/td>\n<\/tr>\n<tr>\n<td style=\"text-align:right;padding:15px;height:25px;\" valign=\"middle\" align=\"right\"><span style=\"font-size:12pt;color:#000000;\"><span style=\"font-family:verdana, geneva;\">Anzahl der Phasen<\/span><\/span><\/td>\n<td style=\"background-color:#ffffff;text-align:center;\">\n<p><span style=\"font-size:12pt;color:#000000;\">1<br \/><\/span><\/p>\n<\/td>\n<\/tr>\n<tr>\n<td style=\"text-align:right;padding:15px;height:25px;\" valign=\"middle\" align=\"right\"><span style=\"font-size:12pt;color:#000000;\"><span style=\"font-family:verdana, geneva;\">Anzahl der Module<\/span><\/span><\/td>\n<td style=\"background-color:#ffffff;text-align:center;\">\n<p><span style=\"font-size:12pt;color:#000000;\">11<br \/><\/span><\/p>\n<\/td>\n<\/tr>\n<tr>\n<td style=\"text-align:right;padding:15px;height:25px;\" valign=\"middle\" align=\"right\"><span style=\"font-size:12pt;color:#000000;\"><span style=\"font-family:verdana, geneva;\">Anzahl der Pole<br \/><\/span><\/span><\/td>\n<td style=\"background-color:#ffffff;text-align:center;\"><span style=\"font-size:12pt;color:#000000;\">3P<\/span><\/td>\n<\/tr>\n<tr>\n<td style=\"text-align:right;padding:15px;height:25px;\" valign=\"middle\" align=\"right\"><span style=\"font-size:12pt;color:#000000;\"><span style=\"font-family:verdana, geneva;\">Ui<br \/><\/span><\/span><\/td>\n<td style=\"background-color:#ffffff;text-align:center;\"><span style=\"font-size:12pt;color:#000000;\">500V<\/span><\/td>\n<\/tr>\n<tr>\n<td style=\"text-align:right;padding:15px;height:25px;\" valign=\"middle\" align=\"right\"><span style=\"font-size:12pt;color:#000000;\"><span style=\"font-family:verdana, geneva;\">L\u00e4nge<br \/><\/span><\/span><\/td>\n<td style=\"background-color:#ffffff;text-align:center;\"><span style=\"font-size:12pt;color:#000000;\">126mm<br \/><\/span><\/td>\n<\/tr>\n<tr>\n<td style=\"text-align:right;padding:15px;height:25px;\" valign=\"middle\" align=\"right\"><span style=\"font-size:12pt;color:#000000;\"><span style=\"font-family:verdana, geneva;\">Farbe<br \/><\/span><\/span><\/td>\n<td style=\"background-color:#ffffff;text-align:center;\"><span style=\"font-family:verdana, geneva;font-size:12pt;color:#000000;\">wei\u00df<\/span><\/td>\n<\/tr>\n<tr>\n<td style=\"text-align:right;padding:15px;height:25px;\" valign=\"middle\" align=\"right\"><span style=\"font-size:12pt;color:#000000;\"><span style=\"font-family:verdana, geneva;\">Symbol<br \/><\/span><\/span><\/td>\n<td style=\"background-color:#ffffff;text-align:center;\"><span style=\"font-family:verdana, geneva;font-size:12pt;color:#000000;\">DV-5149-PSS<\/span><\/td>\n<\/tr>\n<tr>\n<td style=\"text-align:right;padding:15px;height:25px;\" valign=\"middle\" align=\"right\"><span style=\"font-size:12pt;color:#000000;\"><span style=\"font-family:verdana, geneva;\">EAN<\/span><\/span><\/td>\n<td style=\"background-color:#ffffff;text-align:center;\">\n<p><span style=\"font-family:verdana, geneva;font-size:12pt;color:#000000;\">5907589335149<\/span><\/p>\n<\/td>\n<\/tr>\n<\/tbody>\n<\/table>\n","protected":false},"excerpt":{"rendered":"<p>3P Phasenschiene Stift 11-polig 16mm\u00b2 PS\/SB Schiene Sammelschiene 100A DV-5149-PSS 5907589335149 Doktorvolt Preis-Zone<\/p>\n","protected":false},"featured_media":102202,"template":"","meta":[],"product_brand":[],"product_cat":[4506],"product_tag":[],"class_list":{"0":"post-110075","1":"product","2":"type-product","3":"status-publish","4":"has-post-thumbnail","6":"product_cat-stift-phasenschiene","7":"pa_liczba-biegunow-3p","9":"first","10":"instock","11":"shipping-taxable","12":"product-type-external"},"yoast_head":"<!-- This site is optimized with the Yoast SEO plugin v27.0 - https:\/\/yoast.com\/product\/yoast-seo-wordpress\/ -->\n<title>3P Phasenschiene Stift 11-polig 16mm\u00b2 PS\/SB Schiene DV-5149-PSS - DOKTORVOLT\u00ae<\/title>\n<meta name=\"robots\" content=\"index, follow, max-snippet:-1, max-image-preview:large, max-video-preview:-1\" \/>\n<link rel=\"canonical\" href=\"https:\/\/doktorvolt.pl\/de\/offer-doktorvolt\/zubehoer\/phasenschienen\/stift-phasenschiene\/szyna-laczeniowa-sztyftowa-ps-s-3f-11mod-16mm2-5149\/\" \/>\n<meta property=\"og:locale\" content=\"de_DE\" \/>\n<meta property=\"og:type\" content=\"article\" \/>\n<meta property=\"og:title\" content=\"3P Phasenschiene Stift 11-polig 16mm\u00b2 PS\/SB Schiene DV-5149-PSS - DOKTORVOLT\u00ae\" \/>\n<meta property=\"og:description\" content=\"3P Phasenschiene Stift 11-polig 16mm\u00b2 PS\/SB Schiene Sammelschiene 100A DV-5149-PSS 5907589335149 Doktorvolt Preis-Zone\" \/>\n<meta property=\"og:url\" content=\"https:\/\/doktorvolt.pl\/de\/offer-doktorvolt\/zubehoer\/phasenschienen\/stift-phasenschiene\/szyna-laczeniowa-sztyftowa-ps-s-3f-11mod-16mm2-5149\/\" \/>\n<meta property=\"og:site_name\" content=\"DOKTORVOLT\u00ae\" \/>\n<meta property=\"article:modified_time\" content=\"2026-04-23T12:16:27+00:00\" \/>\n<meta property=\"og:image\" content=\"https:\/\/doktorvolt.pl\/wp-content\/uploads\/2026\/02\/pol_pl_14319-14319_1.jpg\" \/>\n\t<meta property=\"og:image:width\" content=\"1000\" \/>\n\t<meta property=\"og:image:height\" content=\"1000\" \/>\n\t<meta property=\"og:image:type\" content=\"image\/jpeg\" \/>\n<meta name=\"twitter:card\" content=\"summary_large_image\" \/>\n<meta name=\"twitter:label1\" content=\"Gesch\u00e4tzte Lesezeit\" \/>\n\t<meta name=\"twitter:data1\" content=\"2\u00a0Minuten\" \/>\n<script type=\"application\/ld+json\" class=\"yoast-schema-graph\">{\"@context\":\"https:\/\/schema.org\",\"@graph\":[{\"@type\":\"WebPage\",\"@id\":\"https:\/\/doktorvolt.pl\/de\/offer-doktorvolt\/zubehoer\/phasenschienen\/stift-phasenschiene\/szyna-laczeniowa-sztyftowa-ps-s-3f-11mod-16mm2-5149\/\",\"url\":\"https:\/\/doktorvolt.pl\/de\/offer-doktorvolt\/zubehoer\/phasenschienen\/stift-phasenschiene\/szyna-laczeniowa-sztyftowa-ps-s-3f-11mod-16mm2-5149\/\",\"name\":\"3P Phasenschiene Stift 11-polig 16mm\u00b2 PS\/SB Schiene DV-5149-PSS - DOKTORVOLT\u00ae\",\"isPartOf\":{\"@id\":\"https:\/\/doktorvolt.pl\/de\/#website\"},\"primaryImageOfPage\":{\"@id\":\"https:\/\/doktorvolt.pl\/de\/offer-doktorvolt\/zubehoer\/phasenschienen\/stift-phasenschiene\/szyna-laczeniowa-sztyftowa-ps-s-3f-11mod-16mm2-5149\/#primaryimage\"},\"image\":{\"@id\":\"https:\/\/doktorvolt.pl\/de\/offer-doktorvolt\/zubehoer\/phasenschienen\/stift-phasenschiene\/szyna-laczeniowa-sztyftowa-ps-s-3f-11mod-16mm2-5149\/#primaryimage\"},\"thumbnailUrl\":\"https:\/\/doktorvolt.pl\/wp-content\/uploads\/2026\/02\/pol_pl_14319-14319_1.jpg\",\"datePublished\":\"2026-02-23T13:30:03+00:00\",\"dateModified\":\"2026-04-23T12:16:27+00:00\",\"breadcrumb\":{\"@id\":\"https:\/\/doktorvolt.pl\/de\/offer-doktorvolt\/zubehoer\/phasenschienen\/stift-phasenschiene\/szyna-laczeniowa-sztyftowa-ps-s-3f-11mod-16mm2-5149\/#breadcrumb\"},\"inLanguage\":\"de\",\"potentialAction\":[{\"@type\":\"ReadAction\",\"target\":[\"https:\/\/doktorvolt.pl\/de\/offer-doktorvolt\/zubehoer\/phasenschienen\/stift-phasenschiene\/szyna-laczeniowa-sztyftowa-ps-s-3f-11mod-16mm2-5149\/\"]}]},{\"@type\":\"ImageObject\",\"inLanguage\":\"de\",\"@id\":\"https:\/\/doktorvolt.pl\/de\/offer-doktorvolt\/zubehoer\/phasenschienen\/stift-phasenschiene\/szyna-laczeniowa-sztyftowa-ps-s-3f-11mod-16mm2-5149\/#primaryimage\",\"url\":\"https:\/\/doktorvolt.pl\/wp-content\/uploads\/2026\/02\/pol_pl_14319-14319_1.jpg\",\"contentUrl\":\"https:\/\/doktorvolt.pl\/wp-content\/uploads\/2026\/02\/pol_pl_14319-14319_1.jpg\",\"width\":1000,\"height\":1000},{\"@type\":\"BreadcrumbList\",\"@id\":\"https:\/\/doktorvolt.pl\/de\/offer-doktorvolt\/zubehoer\/phasenschienen\/stift-phasenschiene\/szyna-laczeniowa-sztyftowa-ps-s-3f-11mod-16mm2-5149\/#breadcrumb\",\"itemListElement\":[{\"@type\":\"ListItem\",\"position\":1,\"name\":\"Strona g\u0142\u00f3wna\",\"item\":\"https:\/\/doktorvolt.pl\/de\/\"},{\"@type\":\"ListItem\",\"position\":2,\"name\":\"Angebot Doktorvolt\",\"item\":\"https:\/\/doktorvolt.pl\/de\/angebot-doktorvolt\/\"},{\"@type\":\"ListItem\",\"position\":3,\"name\":\"3P Phasenschiene Stift 11-polig 16mm\u00b2 PS\/SB Schiene DV-5149-PSS\"}]},{\"@type\":\"WebSite\",\"@id\":\"https:\/\/doktorvolt.pl\/de\/#website\",\"url\":\"https:\/\/doktorvolt.pl\/de\/\",\"name\":\"DOKTORVOLT\u00ae\",\"description\":\"Producent rozdzielnic budowlanych\",\"publisher\":{\"@id\":\"https:\/\/doktorvolt.pl\/de\/#organization\"},\"potentialAction\":[{\"@type\":\"SearchAction\",\"target\":{\"@type\":\"EntryPoint\",\"urlTemplate\":\"https:\/\/doktorvolt.pl\/de\/?s={search_term_string}\"},\"query-input\":{\"@type\":\"PropertyValueSpecification\",\"valueRequired\":true,\"valueName\":\"search_term_string\"}}],\"inLanguage\":\"de\"},{\"@type\":\"Organization\",\"@id\":\"https:\/\/doktorvolt.pl\/de\/#organization\",\"name\":\"DOKTORVOLT\u00ae\",\"url\":\"https:\/\/doktorvolt.pl\/de\/\",\"logo\":{\"@type\":\"ImageObject\",\"inLanguage\":\"de\",\"@id\":\"https:\/\/doktorvolt.pl\/de\/#\/schema\/logo\/image\/\",\"url\":\"https:\/\/doktorvolt.pl\/wp-content\/uploads\/2023\/10\/DoktorVOLT-black-png.png\",\"contentUrl\":\"https:\/\/doktorvolt.pl\/wp-content\/uploads\/2023\/10\/DoktorVOLT-black-png.png\",\"width\":729,\"height\":40,\"caption\":\"DOKTORVOLT\u00ae\"},\"image\":{\"@id\":\"https:\/\/doktorvolt.pl\/de\/#\/schema\/logo\/image\/\"}}]}<\/script>\n<!-- \/ Yoast SEO plugin. -->","yoast_head_json":{"title":"3P Phasenschiene Stift 11-polig 16mm\u00b2 PS\/SB Schiene DV-5149-PSS - DOKTORVOLT\u00ae","robots":{"index":"index","follow":"follow","max-snippet":"max-snippet:-1","max-image-preview":"max-image-preview:large","max-video-preview":"max-video-preview:-1"},"canonical":"https:\/\/doktorvolt.pl\/de\/offer-doktorvolt\/zubehoer\/phasenschienen\/stift-phasenschiene\/szyna-laczeniowa-sztyftowa-ps-s-3f-11mod-16mm2-5149\/","og_locale":"de_DE","og_type":"article","og_title":"3P Phasenschiene Stift 11-polig 16mm\u00b2 PS\/SB Schiene DV-5149-PSS - DOKTORVOLT\u00ae","og_description":"3P Phasenschiene Stift 11-polig 16mm\u00b2 PS\/SB Schiene Sammelschiene 100A DV-5149-PSS 5907589335149 Doktorvolt Preis-Zone","og_url":"https:\/\/doktorvolt.pl\/de\/offer-doktorvolt\/zubehoer\/phasenschienen\/stift-phasenschiene\/szyna-laczeniowa-sztyftowa-ps-s-3f-11mod-16mm2-5149\/","og_site_name":"DOKTORVOLT\u00ae","article_modified_time":"2026-04-23T12:16:27+00:00","og_image":[{"width":1000,"height":1000,"url":"https:\/\/doktorvolt.pl\/wp-content\/uploads\/2026\/02\/pol_pl_14319-14319_1.jpg","type":"image\/jpeg"}],"twitter_card":"summary_large_image","twitter_misc":{"Gesch\u00e4tzte Lesezeit":"2\u00a0Minuten"},"schema":{"@context":"https:\/\/schema.org","@graph":[{"@type":"WebPage","@id":"https:\/\/doktorvolt.pl\/de\/offer-doktorvolt\/zubehoer\/phasenschienen\/stift-phasenschiene\/szyna-laczeniowa-sztyftowa-ps-s-3f-11mod-16mm2-5149\/","url":"https:\/\/doktorvolt.pl\/de\/offer-doktorvolt\/zubehoer\/phasenschienen\/stift-phasenschiene\/szyna-laczeniowa-sztyftowa-ps-s-3f-11mod-16mm2-5149\/","name":"3P Phasenschiene Stift 11-polig 16mm\u00b2 PS\/SB Schiene DV-5149-PSS - DOKTORVOLT\u00ae","isPartOf":{"@id":"https:\/\/doktorvolt.pl\/de\/#website"},"primaryImageOfPage":{"@id":"https:\/\/doktorvolt.pl\/de\/offer-doktorvolt\/zubehoer\/phasenschienen\/stift-phasenschiene\/szyna-laczeniowa-sztyftowa-ps-s-3f-11mod-16mm2-5149\/#primaryimage"},"image":{"@id":"https:\/\/doktorvolt.pl\/de\/offer-doktorvolt\/zubehoer\/phasenschienen\/stift-phasenschiene\/szyna-laczeniowa-sztyftowa-ps-s-3f-11mod-16mm2-5149\/#primaryimage"},"thumbnailUrl":"https:\/\/doktorvolt.pl\/wp-content\/uploads\/2026\/02\/pol_pl_14319-14319_1.jpg","datePublished":"2026-02-23T13:30:03+00:00","dateModified":"2026-04-23T12:16:27+00:00","breadcrumb":{"@id":"https:\/\/doktorvolt.pl\/de\/offer-doktorvolt\/zubehoer\/phasenschienen\/stift-phasenschiene\/szyna-laczeniowa-sztyftowa-ps-s-3f-11mod-16mm2-5149\/#breadcrumb"},"inLanguage":"de","potentialAction":[{"@type":"ReadAction","target":["https:\/\/doktorvolt.pl\/de\/offer-doktorvolt\/zubehoer\/phasenschienen\/stift-phasenschiene\/szyna-laczeniowa-sztyftowa-ps-s-3f-11mod-16mm2-5149\/"]}]},{"@type":"ImageObject","inLanguage":"de","@id":"https:\/\/doktorvolt.pl\/de\/offer-doktorvolt\/zubehoer\/phasenschienen\/stift-phasenschiene\/szyna-laczeniowa-sztyftowa-ps-s-3f-11mod-16mm2-5149\/#primaryimage","url":"https:\/\/doktorvolt.pl\/wp-content\/uploads\/2026\/02\/pol_pl_14319-14319_1.jpg","contentUrl":"https:\/\/doktorvolt.pl\/wp-content\/uploads\/2026\/02\/pol_pl_14319-14319_1.jpg","width":1000,"height":1000},{"@type":"BreadcrumbList","@id":"https:\/\/doktorvolt.pl\/de\/offer-doktorvolt\/zubehoer\/phasenschienen\/stift-phasenschiene\/szyna-laczeniowa-sztyftowa-ps-s-3f-11mod-16mm2-5149\/#breadcrumb","itemListElement":[{"@type":"ListItem","position":1,"name":"Strona g\u0142\u00f3wna","item":"https:\/\/doktorvolt.pl\/de\/"},{"@type":"ListItem","position":2,"name":"Angebot Doktorvolt","item":"https:\/\/doktorvolt.pl\/de\/angebot-doktorvolt\/"},{"@type":"ListItem","position":3,"name":"3P Phasenschiene Stift 11-polig 16mm\u00b2 PS\/SB Schiene DV-5149-PSS"}]},{"@type":"WebSite","@id":"https:\/\/doktorvolt.pl\/de\/#website","url":"https:\/\/doktorvolt.pl\/de\/","name":"DOKTORVOLT\u00ae","description":"Producent rozdzielnic budowlanych","publisher":{"@id":"https:\/\/doktorvolt.pl\/de\/#organization"},"potentialAction":[{"@type":"SearchAction","target":{"@type":"EntryPoint","urlTemplate":"https:\/\/doktorvolt.pl\/de\/?s={search_term_string}"},"query-input":{"@type":"PropertyValueSpecification","valueRequired":true,"valueName":"search_term_string"}}],"inLanguage":"de"},{"@type":"Organization","@id":"https:\/\/doktorvolt.pl\/de\/#organization","name":"DOKTORVOLT\u00ae","url":"https:\/\/doktorvolt.pl\/de\/","logo":{"@type":"ImageObject","inLanguage":"de","@id":"https:\/\/doktorvolt.pl\/de\/#\/schema\/logo\/image\/","url":"https:\/\/doktorvolt.pl\/wp-content\/uploads\/2023\/10\/DoktorVOLT-black-png.png","contentUrl":"https:\/\/doktorvolt.pl\/wp-content\/uploads\/2023\/10\/DoktorVOLT-black-png.png","width":729,"height":40,"caption":"DOKTORVOLT\u00ae"},"image":{"@id":"https:\/\/doktorvolt.pl\/de\/#\/schema\/logo\/image\/"}}]}},"_links":{"self":[{"href":"https:\/\/doktorvolt.pl\/de\/wp-json\/wp\/v2\/product\/110075","targetHints":{"allow":["GET"]}}],"collection":[{"href":"https:\/\/doktorvolt.pl\/de\/wp-json\/wp\/v2\/product"}],"about":[{"href":"https:\/\/doktorvolt.pl\/de\/wp-json\/wp\/v2\/types\/product"}],"wp:featuredmedia":[{"embeddable":true,"href":"https:\/\/doktorvolt.pl\/de\/wp-json\/wp\/v2\/media\/102202"}],"wp:attachment":[{"href":"https:\/\/doktorvolt.pl\/de\/wp-json\/wp\/v2\/media?parent=110075"}],"wp:term":[{"taxonomy":"product_brand","embeddable":true,"href":"https:\/\/doktorvolt.pl\/de\/wp-json\/wp\/v2\/product_brand?post=110075"},{"taxonomy":"product_cat","embeddable":true,"href":"https:\/\/doktorvolt.pl\/de\/wp-json\/wp\/v2\/product_cat?post=110075"},{"taxonomy":"product_tag","embeddable":true,"href":"https:\/\/doktorvolt.pl\/de\/wp-json\/wp\/v2\/product_tag?post=110075"}],"curies":[{"name":"wp","href":"https:\/\/api.w.org\/{rel}","templated":true}]}}