{"id":110098,"date":"2026-02-23T15:27:26","date_gmt":"2026-02-23T13:27:26","guid":{"rendered":"https:\/\/doktorvolt.pl\/sklep\/unkategorisiert\/szyna-laczeniowa-grzebieniowa-ps-g-4-fazowa-12-modulowa-16mm2-dv-2831\/"},"modified":"2026-02-27T09:28:26","modified_gmt":"2026-02-27T07:28:26","slug":"szyna-laczeniowa-grzebieniowa-ps-g-4-fazowa-12-modulowa-16mm2-dv-2831","status":"publish","type":"product","link":"https:\/\/doktorvolt.pl\/de\/oferta-doktorvolt\/zubehoer\/phasenschienen\/gabel-phasenschiene\/szyna-laczeniowa-grzebieniowa-ps-g-4-fazowa-12-modulowa-16mm2-dv-2831\/","title":{"rendered":"Phasenschiene 4P Gabel 12-polig 16mm2 PS\/G Schiene Sammelschiene 125A DV-2831-PSG"},"content":{"rendered":"<p>Die 4P-Kammschiene von Doktorvolt ist ein unverzichtbares Element f\u00fcr industrielle und gewerbliche Verteilungen. Sie erm\u00f6glicht die Stromversorgung von 12 Ger\u00e4ten bis 125A. Mit Gabelanschluss und 16 mm\u00b2 Querschnitt f\u00fcr jede Installation geeignet.<\/p>\n","protected":false},"excerpt":{"rendered":"<p>Die 4P-Kammschiene von Doktorvolt ist ein unverzichtbares Element f\u00fcr industrielle und gewerbliche Verteilungen. Sie erm\u00f6glicht die Stromversorgung von 12 Ger\u00e4ten bis 125A. Mit Gabelanschluss und 16 mm\u00b2 Querschnitt f\u00fcr jede Installation geeignet.<\/p>\n","protected":false},"featured_media":101967,"template":"","meta":[],"product_brand":[],"product_cat":[4505],"product_tag":[],"class_list":{"0":"post-110098","1":"product","2":"type-product","3":"status-publish","4":"has-post-thumbnail","6":"product_cat-gabel-phasenschiene","7":"pa_liczba-biegunow-4p","8":"pa_liczba-faz-4-phasige","9":"pa_liczba-modulow-4672","10":"pa_maksymalny-prad-znamionowy-100a","11":"pa_przekroj-16mm","13":"first","14":"instock","15":"shipping-taxable","16":"product-type-external"},"yoast_head":"<!-- This site is optimized with the Yoast SEO plugin v27.0 - https:\/\/yoast.com\/product\/yoast-seo-wordpress\/ -->\n<title>Phasenschiene 4P Gabel 12-polig 16mm2 PS\/G Schiene Sammelschiene 125A DV-2831-PSG - DOKTORVOLT\u00ae<\/title>\n<meta name=\"robots\" content=\"index, follow, max-snippet:-1, max-image-preview:large, max-video-preview:-1\" \/>\n<link rel=\"canonical\" href=\"https:\/\/doktorvolt.pl\/de\/oferta-doktorvolt\/zubehoer\/phasenschienen\/gabel-phasenschiene\/szyna-laczeniowa-grzebieniowa-ps-g-4-fazowa-12-modulowa-16mm2-dv-2831\/\" \/>\n<meta property=\"og:locale\" content=\"de_DE\" \/>\n<meta property=\"og:type\" content=\"article\" \/>\n<meta property=\"og:title\" content=\"Phasenschiene 4P Gabel 12-polig 16mm2 PS\/G Schiene Sammelschiene 125A DV-2831-PSG - DOKTORVOLT\u00ae\" \/>\n<meta property=\"og:description\" content=\"Die 4P-Kammschiene von Doktorvolt ist ein unverzichtbares Element f\u00fcr industrielle und gewerbliche Verteilungen. Sie erm\u00f6glicht die Stromversorgung von 12 Ger\u00e4ten bis 125A. Mit Gabelanschluss und 16 mm\u00b2 Querschnitt f\u00fcr jede Installation geeignet.\" \/>\n<meta property=\"og:url\" content=\"https:\/\/doktorvolt.pl\/de\/oferta-doktorvolt\/zubehoer\/phasenschienen\/gabel-phasenschiene\/szyna-laczeniowa-grzebieniowa-ps-g-4-fazowa-12-modulowa-16mm2-dv-2831\/\" \/>\n<meta property=\"og:site_name\" content=\"DOKTORVOLT\u00ae\" \/>\n<meta property=\"article:modified_time\" content=\"2026-02-27T07:28:26+00:00\" \/>\n<meta property=\"og:image\" content=\"https:\/\/doktorvolt.pl\/wp-content\/uploads\/2026\/02\/pol_pl_15367-15367_5.jpg\" \/>\n\t<meta property=\"og:image:width\" content=\"1600\" \/>\n\t<meta property=\"og:image:height\" content=\"1600\" \/>\n\t<meta property=\"og:image:type\" content=\"image\/jpeg\" \/>\n<meta name=\"twitter:card\" content=\"summary_large_image\" \/>\n<script type=\"application\/ld+json\" class=\"yoast-schema-graph\">{\"@context\":\"https:\/\/schema.org\",\"@graph\":[{\"@type\":\"WebPage\",\"@id\":\"https:\/\/doktorvolt.pl\/de\/oferta-doktorvolt\/zubehoer\/phasenschienen\/gabel-phasenschiene\/szyna-laczeniowa-grzebieniowa-ps-g-4-fazowa-12-modulowa-16mm2-dv-2831\/\",\"url\":\"https:\/\/doktorvolt.pl\/de\/oferta-doktorvolt\/zubehoer\/phasenschienen\/gabel-phasenschiene\/szyna-laczeniowa-grzebieniowa-ps-g-4-fazowa-12-modulowa-16mm2-dv-2831\/\",\"name\":\"Phasenschiene 4P Gabel 12-polig 16mm2 PS\/G Schiene Sammelschiene 125A DV-2831-PSG - DOKTORVOLT\u00ae\",\"isPartOf\":{\"@id\":\"https:\/\/doktorvolt.pl\/de\/#website\"},\"primaryImageOfPage\":{\"@id\":\"https:\/\/doktorvolt.pl\/de\/oferta-doktorvolt\/zubehoer\/phasenschienen\/gabel-phasenschiene\/szyna-laczeniowa-grzebieniowa-ps-g-4-fazowa-12-modulowa-16mm2-dv-2831\/#primaryimage\"},\"image\":{\"@id\":\"https:\/\/doktorvolt.pl\/de\/oferta-doktorvolt\/zubehoer\/phasenschienen\/gabel-phasenschiene\/szyna-laczeniowa-grzebieniowa-ps-g-4-fazowa-12-modulowa-16mm2-dv-2831\/#primaryimage\"},\"thumbnailUrl\":\"https:\/\/doktorvolt.pl\/wp-content\/uploads\/2026\/02\/pol_pl_15367-15367_5.jpg\",\"datePublished\":\"2026-02-23T13:27:26+00:00\",\"dateModified\":\"2026-02-27T07:28:26+00:00\",\"breadcrumb\":{\"@id\":\"https:\/\/doktorvolt.pl\/de\/oferta-doktorvolt\/zubehoer\/phasenschienen\/gabel-phasenschiene\/szyna-laczeniowa-grzebieniowa-ps-g-4-fazowa-12-modulowa-16mm2-dv-2831\/#breadcrumb\"},\"inLanguage\":\"de\",\"potentialAction\":[{\"@type\":\"ReadAction\",\"target\":[\"https:\/\/doktorvolt.pl\/de\/oferta-doktorvolt\/zubehoer\/phasenschienen\/gabel-phasenschiene\/szyna-laczeniowa-grzebieniowa-ps-g-4-fazowa-12-modulowa-16mm2-dv-2831\/\"]}]},{\"@type\":\"ImageObject\",\"inLanguage\":\"de\",\"@id\":\"https:\/\/doktorvolt.pl\/de\/oferta-doktorvolt\/zubehoer\/phasenschienen\/gabel-phasenschiene\/szyna-laczeniowa-grzebieniowa-ps-g-4-fazowa-12-modulowa-16mm2-dv-2831\/#primaryimage\",\"url\":\"https:\/\/doktorvolt.pl\/wp-content\/uploads\/2026\/02\/pol_pl_15367-15367_5.jpg\",\"contentUrl\":\"https:\/\/doktorvolt.pl\/wp-content\/uploads\/2026\/02\/pol_pl_15367-15367_5.jpg\",\"width\":1600,\"height\":1600},{\"@type\":\"BreadcrumbList\",\"@id\":\"https:\/\/doktorvolt.pl\/de\/oferta-doktorvolt\/zubehoer\/phasenschienen\/gabel-phasenschiene\/szyna-laczeniowa-grzebieniowa-ps-g-4-fazowa-12-modulowa-16mm2-dv-2831\/#breadcrumb\",\"itemListElement\":[{\"@type\":\"ListItem\",\"position\":1,\"name\":\"Strona g\u0142\u00f3wna\",\"item\":\"https:\/\/doktorvolt.pl\/de\/\"},{\"@type\":\"ListItem\",\"position\":2,\"name\":\"Angebot Doktorvolt\",\"item\":\"https:\/\/doktorvolt.pl\/de\/angebot-doktorvolt\/\"},{\"@type\":\"ListItem\",\"position\":3,\"name\":\"Phasenschiene 4P Gabel 12-polig 16mm2 PS\/G Schiene Sammelschiene 125A DV-2831-PSG\"}]},{\"@type\":\"WebSite\",\"@id\":\"https:\/\/doktorvolt.pl\/de\/#website\",\"url\":\"https:\/\/doktorvolt.pl\/de\/\",\"name\":\"DOKTORVOLT\u00ae\",\"description\":\"Producent rozdzielnic budowlanych\",\"publisher\":{\"@id\":\"https:\/\/doktorvolt.pl\/de\/#organization\"},\"potentialAction\":[{\"@type\":\"SearchAction\",\"target\":{\"@type\":\"EntryPoint\",\"urlTemplate\":\"https:\/\/doktorvolt.pl\/de\/?s={search_term_string}\"},\"query-input\":{\"@type\":\"PropertyValueSpecification\",\"valueRequired\":true,\"valueName\":\"search_term_string\"}}],\"inLanguage\":\"de\"},{\"@type\":\"Organization\",\"@id\":\"https:\/\/doktorvolt.pl\/de\/#organization\",\"name\":\"DOKTORVOLT\u00ae\",\"url\":\"https:\/\/doktorvolt.pl\/de\/\",\"logo\":{\"@type\":\"ImageObject\",\"inLanguage\":\"de\",\"@id\":\"https:\/\/doktorvolt.pl\/de\/#\/schema\/logo\/image\/\",\"url\":\"https:\/\/doktorvolt.pl\/wp-content\/uploads\/2023\/10\/DoktorVOLT-black-png.png\",\"contentUrl\":\"https:\/\/doktorvolt.pl\/wp-content\/uploads\/2023\/10\/DoktorVOLT-black-png.png\",\"width\":729,\"height\":40,\"caption\":\"DOKTORVOLT\u00ae\"},\"image\":{\"@id\":\"https:\/\/doktorvolt.pl\/de\/#\/schema\/logo\/image\/\"}}]}<\/script>\n<!-- \/ Yoast SEO plugin. -->","yoast_head_json":{"title":"Phasenschiene 4P Gabel 12-polig 16mm2 PS\/G Schiene Sammelschiene 125A DV-2831-PSG - DOKTORVOLT\u00ae","robots":{"index":"index","follow":"follow","max-snippet":"max-snippet:-1","max-image-preview":"max-image-preview:large","max-video-preview":"max-video-preview:-1"},"canonical":"https:\/\/doktorvolt.pl\/de\/oferta-doktorvolt\/zubehoer\/phasenschienen\/gabel-phasenschiene\/szyna-laczeniowa-grzebieniowa-ps-g-4-fazowa-12-modulowa-16mm2-dv-2831\/","og_locale":"de_DE","og_type":"article","og_title":"Phasenschiene 4P Gabel 12-polig 16mm2 PS\/G Schiene Sammelschiene 125A DV-2831-PSG - DOKTORVOLT\u00ae","og_description":"Die 4P-Kammschiene von Doktorvolt ist ein unverzichtbares Element f\u00fcr industrielle und gewerbliche Verteilungen. Sie erm\u00f6glicht die Stromversorgung von 12 Ger\u00e4ten bis 125A. Mit Gabelanschluss und 16 mm\u00b2 Querschnitt f\u00fcr jede Installation geeignet.","og_url":"https:\/\/doktorvolt.pl\/de\/oferta-doktorvolt\/zubehoer\/phasenschienen\/gabel-phasenschiene\/szyna-laczeniowa-grzebieniowa-ps-g-4-fazowa-12-modulowa-16mm2-dv-2831\/","og_site_name":"DOKTORVOLT\u00ae","article_modified_time":"2026-02-27T07:28:26+00:00","og_image":[{"width":1600,"height":1600,"url":"https:\/\/doktorvolt.pl\/wp-content\/uploads\/2026\/02\/pol_pl_15367-15367_5.jpg","type":"image\/jpeg"}],"twitter_card":"summary_large_image","schema":{"@context":"https:\/\/schema.org","@graph":[{"@type":"WebPage","@id":"https:\/\/doktorvolt.pl\/de\/oferta-doktorvolt\/zubehoer\/phasenschienen\/gabel-phasenschiene\/szyna-laczeniowa-grzebieniowa-ps-g-4-fazowa-12-modulowa-16mm2-dv-2831\/","url":"https:\/\/doktorvolt.pl\/de\/oferta-doktorvolt\/zubehoer\/phasenschienen\/gabel-phasenschiene\/szyna-laczeniowa-grzebieniowa-ps-g-4-fazowa-12-modulowa-16mm2-dv-2831\/","name":"Phasenschiene 4P Gabel 12-polig 16mm2 PS\/G Schiene Sammelschiene 125A DV-2831-PSG - DOKTORVOLT\u00ae","isPartOf":{"@id":"https:\/\/doktorvolt.pl\/de\/#website"},"primaryImageOfPage":{"@id":"https:\/\/doktorvolt.pl\/de\/oferta-doktorvolt\/zubehoer\/phasenschienen\/gabel-phasenschiene\/szyna-laczeniowa-grzebieniowa-ps-g-4-fazowa-12-modulowa-16mm2-dv-2831\/#primaryimage"},"image":{"@id":"https:\/\/doktorvolt.pl\/de\/oferta-doktorvolt\/zubehoer\/phasenschienen\/gabel-phasenschiene\/szyna-laczeniowa-grzebieniowa-ps-g-4-fazowa-12-modulowa-16mm2-dv-2831\/#primaryimage"},"thumbnailUrl":"https:\/\/doktorvolt.pl\/wp-content\/uploads\/2026\/02\/pol_pl_15367-15367_5.jpg","datePublished":"2026-02-23T13:27:26+00:00","dateModified":"2026-02-27T07:28:26+00:00","breadcrumb":{"@id":"https:\/\/doktorvolt.pl\/de\/oferta-doktorvolt\/zubehoer\/phasenschienen\/gabel-phasenschiene\/szyna-laczeniowa-grzebieniowa-ps-g-4-fazowa-12-modulowa-16mm2-dv-2831\/#breadcrumb"},"inLanguage":"de","potentialAction":[{"@type":"ReadAction","target":["https:\/\/doktorvolt.pl\/de\/oferta-doktorvolt\/zubehoer\/phasenschienen\/gabel-phasenschiene\/szyna-laczeniowa-grzebieniowa-ps-g-4-fazowa-12-modulowa-16mm2-dv-2831\/"]}]},{"@type":"ImageObject","inLanguage":"de","@id":"https:\/\/doktorvolt.pl\/de\/oferta-doktorvolt\/zubehoer\/phasenschienen\/gabel-phasenschiene\/szyna-laczeniowa-grzebieniowa-ps-g-4-fazowa-12-modulowa-16mm2-dv-2831\/#primaryimage","url":"https:\/\/doktorvolt.pl\/wp-content\/uploads\/2026\/02\/pol_pl_15367-15367_5.jpg","contentUrl":"https:\/\/doktorvolt.pl\/wp-content\/uploads\/2026\/02\/pol_pl_15367-15367_5.jpg","width":1600,"height":1600},{"@type":"BreadcrumbList","@id":"https:\/\/doktorvolt.pl\/de\/oferta-doktorvolt\/zubehoer\/phasenschienen\/gabel-phasenschiene\/szyna-laczeniowa-grzebieniowa-ps-g-4-fazowa-12-modulowa-16mm2-dv-2831\/#breadcrumb","itemListElement":[{"@type":"ListItem","position":1,"name":"Strona g\u0142\u00f3wna","item":"https:\/\/doktorvolt.pl\/de\/"},{"@type":"ListItem","position":2,"name":"Angebot Doktorvolt","item":"https:\/\/doktorvolt.pl\/de\/angebot-doktorvolt\/"},{"@type":"ListItem","position":3,"name":"Phasenschiene 4P Gabel 12-polig 16mm2 PS\/G Schiene Sammelschiene 125A DV-2831-PSG"}]},{"@type":"WebSite","@id":"https:\/\/doktorvolt.pl\/de\/#website","url":"https:\/\/doktorvolt.pl\/de\/","name":"DOKTORVOLT\u00ae","description":"Producent rozdzielnic budowlanych","publisher":{"@id":"https:\/\/doktorvolt.pl\/de\/#organization"},"potentialAction":[{"@type":"SearchAction","target":{"@type":"EntryPoint","urlTemplate":"https:\/\/doktorvolt.pl\/de\/?s={search_term_string}"},"query-input":{"@type":"PropertyValueSpecification","valueRequired":true,"valueName":"search_term_string"}}],"inLanguage":"de"},{"@type":"Organization","@id":"https:\/\/doktorvolt.pl\/de\/#organization","name":"DOKTORVOLT\u00ae","url":"https:\/\/doktorvolt.pl\/de\/","logo":{"@type":"ImageObject","inLanguage":"de","@id":"https:\/\/doktorvolt.pl\/de\/#\/schema\/logo\/image\/","url":"https:\/\/doktorvolt.pl\/wp-content\/uploads\/2023\/10\/DoktorVOLT-black-png.png","contentUrl":"https:\/\/doktorvolt.pl\/wp-content\/uploads\/2023\/10\/DoktorVOLT-black-png.png","width":729,"height":40,"caption":"DOKTORVOLT\u00ae"},"image":{"@id":"https:\/\/doktorvolt.pl\/de\/#\/schema\/logo\/image\/"}}]}},"_links":{"self":[{"href":"https:\/\/doktorvolt.pl\/de\/wp-json\/wp\/v2\/product\/110098","targetHints":{"allow":["GET"]}}],"collection":[{"href":"https:\/\/doktorvolt.pl\/de\/wp-json\/wp\/v2\/product"}],"about":[{"href":"https:\/\/doktorvolt.pl\/de\/wp-json\/wp\/v2\/types\/product"}],"wp:featuredmedia":[{"embeddable":true,"href":"https:\/\/doktorvolt.pl\/de\/wp-json\/wp\/v2\/media\/101967"}],"wp:attachment":[{"href":"https:\/\/doktorvolt.pl\/de\/wp-json\/wp\/v2\/media?parent=110098"}],"wp:term":[{"taxonomy":"product_brand","embeddable":true,"href":"https:\/\/doktorvolt.pl\/de\/wp-json\/wp\/v2\/product_brand?post=110098"},{"taxonomy":"product_cat","embeddable":true,"href":"https:\/\/doktorvolt.pl\/de\/wp-json\/wp\/v2\/product_cat?post=110098"},{"taxonomy":"product_tag","embeddable":true,"href":"https:\/\/doktorvolt.pl\/de\/wp-json\/wp\/v2\/product_tag?post=110098"}],"curies":[{"name":"wp","href":"https:\/\/api.w.org\/{rel}","templated":true}]}}