{"id":110102,"date":"2026-02-23T15:26:27","date_gmt":"2026-02-23T13:26:27","guid":{"rendered":"https:\/\/doktorvolt.pl\/sklep\/unkategorisiert\/szyna-laczeniowa-sztyftowa-ps-s-3-fazowa-54-modulowa-10mm2-63a-2084\/"},"modified":"2026-04-23T14:16:11","modified_gmt":"2026-04-23T12:16:11","slug":"szyna-laczeniowa-sztyftowa-ps-s-3-fazowa-54-modulowa-10mm2-63a-2084","status":"publish","type":"product","link":"https:\/\/doktorvolt.pl\/de\/offer-doktorvolt\/zubehoer\/phasenschienen\/stift-phasenschiene\/szyna-laczeniowa-sztyftowa-ps-s-3-fazowa-54-modulowa-10mm2-63a-2084\/","title":{"rendered":"3P Phasenschiene Stift 54-polig 10mm2 PS\/S Schiene Sammelschiene 63A DV-2084-PSS"},"content":{"rendered":"<p><!-- Nag\u0142\u00f3wek g\u0142\u00f3wny strony --><\/p>\n<h1 style=\"font-size: 24pt; text-align: center\">\n  <!-- Tytu\u0142 strony --><br \/>\n  <span style=\"display: inline-block; width: 100%;\">Phasenschiene 3P Stift 54-polig 10mm2 PS\/S Schiene Sammelschiene 63A DV 2084<\/span><br \/>\n <\/h1>\n<p> <!-- Kr\u00f3tki opis produktu --><\/p>\n<h4 style=\"font-size: 14pt; text-align: center\">\n  <span>Mit einer L\u00e4nge von 100 cm und einem Querschnitt von 10 mm\u00b2 ist die 3P-Schiene ideal f\u00fcr gro\u00dfe Schaltschr\u00e4nke. Sie tr\u00e4gt bis zu 54 Module und gew\u00e4hrleistet eine stabile und sichere Stromversorgung. Das wei\u00dfe Geh\u00e4use passt zu modernen Elektroinstallationen.<\/span><br \/>\n <\/h4>\n<p> <!-- Separator graficzny --><\/p>\n<div>\n  <img decoding=\"async\" style=\"max-width: 100%; margin-bottom: 20px; margin-top: 20px;\"\n  src=\"https:\/\/shop38554-1.yourtechnicaldomain.com\/data\/include\/cms\/1-zdjecia-produktow\/Infografiki\/stopka\/preis_zone_przerywnik.png?v=1730189337244\"\n  border=\"0\" width=\"1900\" height=\"30\">\n <\/div>\n<p> <!-- Sekcja zdj\u0119cia i specyfikacji technicznej --><\/p>\n<div style=\"display: flex; width: 100%; flex-wrap: wrap; justify-content: space-around;\">\n  <!-- Sekcja z obrazem --><\/p>\n<div style=\"flex: 2; max-width: 472px;\">\n  <img decoding=\"async\" src=\"https:\/\/preis-zone.com\/hpeciai\/3a92d1eb16ab6fbda8784717141b9de3\/17086_3.jpg?91045\"\n  width=\"472\" height=\"472\" style=\"max-width: 100%; border-radius: 8px;\">\n  <\/div>\n<p>  <!-- Technische Produktspezifikation --><\/p>\n<div style=\"display: flex; flex-direction: column; justify-content: center; align-items: left;\n  padding-left: 50px; padding-right: 50px; padding-top: 30px;\n  max-width: 500px; font-size: 14pt;\"><\/p>\n<h2 style=\"font-size: 16pt; color: #000 !important;\n  padding-bottom: 10px; border-bottom: 5px solid #de1d2a;\"><br \/>\n  <strong>Technische Daten<\/strong><br \/>\n  <\/h2>\n<p style=\"margin: 5px;\"><strong>Typ:<\/strong> Stift-Schiene<\/p>\n<p style=\"margin: 5px;\"><strong>Querschnitt:<\/strong> 10 mm\u00b2<\/p>\n<p style=\"margin: 5px;\"><strong>L\u00e4nge:<\/strong> 100 cm<\/p>\n<p style=\"margin: 5px;\"><strong>Anzahl der Module:<\/strong> 54<\/p>\n<p style=\"margin: 5px;\"><strong>Polzahl:<\/strong> 3P<\/p>\n<p style=\"margin: 5px;\"><strong>Farbe:<\/strong> Wei\u00df<\/p>\n<p style=\"margin: 5px;\"><strong>EAN:<\/strong> 5905669992084<\/p>\n<p style=\"margin: 5px;\"><strong>SKU:<\/strong> DV-2084-PSS<\/p>\n<\/p><\/div>\n<\/p><\/div>\n","protected":false},"excerpt":{"rendered":"<p>Mit einer L\u00e4nge von 100 cm und einem Querschnitt von 10 mm\u00b2 ist die 3P-Schiene ideal f\u00fcr gro\u00dfe Schaltschr\u00e4nke. Sie tr\u00e4gt bis zu 54 Module und gew\u00e4hrleistet eine stabile und sichere Stromversorgung. Das wei\u00dfe Geh\u00e4use passt zu modernen Elektroinstallationen<\/p>\n","protected":false},"featured_media":101899,"template":"","meta":[],"product_brand":[],"product_cat":[4506],"product_tag":[],"class_list":{"0":"post-110102","1":"product","2":"type-product","3":"status-publish","4":"has-post-thumbnail","6":"product_cat-stift-phasenschiene","7":"pa_liczba-biegunow-3p","9":"first","10":"instock","11":"shipping-taxable","12":"product-type-external"},"yoast_head":"<!-- This site is optimized with the Yoast SEO plugin v27.0 - https:\/\/yoast.com\/product\/yoast-seo-wordpress\/ -->\n<title>3P Phasenschiene Stift 54-polig 10mm2 PS\/S Schiene Sammelschiene 63A DV-2084-PSS - DOKTORVOLT\u00ae<\/title>\n<meta name=\"robots\" content=\"index, follow, max-snippet:-1, max-image-preview:large, max-video-preview:-1\" \/>\n<link rel=\"canonical\" href=\"https:\/\/doktorvolt.pl\/de\/offer-doktorvolt\/zubehoer\/phasenschienen\/stift-phasenschiene\/szyna-laczeniowa-sztyftowa-ps-s-3-fazowa-54-modulowa-10mm2-63a-2084\/\" \/>\n<meta property=\"og:locale\" content=\"de_DE\" \/>\n<meta property=\"og:type\" content=\"article\" \/>\n<meta property=\"og:title\" content=\"3P Phasenschiene Stift 54-polig 10mm2 PS\/S Schiene Sammelschiene 63A DV-2084-PSS - DOKTORVOLT\u00ae\" \/>\n<meta property=\"og:description\" content=\"Mit einer L\u00e4nge von 100 cm und einem Querschnitt von 10 mm\u00b2 ist die 3P-Schiene ideal f\u00fcr gro\u00dfe Schaltschr\u00e4nke. Sie tr\u00e4gt bis zu 54 Module und gew\u00e4hrleistet eine stabile und sichere Stromversorgung. Das wei\u00dfe Geh\u00e4use passt zu modernen Elektroinstallationen\" \/>\n<meta property=\"og:url\" content=\"https:\/\/doktorvolt.pl\/de\/offer-doktorvolt\/zubehoer\/phasenschienen\/stift-phasenschiene\/szyna-laczeniowa-sztyftowa-ps-s-3-fazowa-54-modulowa-10mm2-63a-2084\/\" \/>\n<meta property=\"og:site_name\" content=\"DOKTORVOLT\u00ae\" \/>\n<meta property=\"article:modified_time\" content=\"2026-04-23T12:16:11+00:00\" \/>\n<meta property=\"og:image\" content=\"https:\/\/doktorvolt.pl\/wp-content\/uploads\/2026\/02\/pol_pl_17086-17086_3.jpg\" \/>\n\t<meta property=\"og:image:width\" content=\"1600\" \/>\n\t<meta property=\"og:image:height\" content=\"1600\" \/>\n\t<meta property=\"og:image:type\" content=\"image\/jpeg\" \/>\n<meta name=\"twitter:card\" content=\"summary_large_image\" \/>\n<script type=\"application\/ld+json\" class=\"yoast-schema-graph\">{\"@context\":\"https:\/\/schema.org\",\"@graph\":[{\"@type\":\"WebPage\",\"@id\":\"https:\/\/doktorvolt.pl\/de\/offer-doktorvolt\/zubehoer\/phasenschienen\/stift-phasenschiene\/szyna-laczeniowa-sztyftowa-ps-s-3-fazowa-54-modulowa-10mm2-63a-2084\/\",\"url\":\"https:\/\/doktorvolt.pl\/de\/offer-doktorvolt\/zubehoer\/phasenschienen\/stift-phasenschiene\/szyna-laczeniowa-sztyftowa-ps-s-3-fazowa-54-modulowa-10mm2-63a-2084\/\",\"name\":\"3P Phasenschiene Stift 54-polig 10mm2 PS\/S Schiene Sammelschiene 63A DV-2084-PSS - DOKTORVOLT\u00ae\",\"isPartOf\":{\"@id\":\"https:\/\/doktorvolt.pl\/de\/#website\"},\"primaryImageOfPage\":{\"@id\":\"https:\/\/doktorvolt.pl\/de\/offer-doktorvolt\/zubehoer\/phasenschienen\/stift-phasenschiene\/szyna-laczeniowa-sztyftowa-ps-s-3-fazowa-54-modulowa-10mm2-63a-2084\/#primaryimage\"},\"image\":{\"@id\":\"https:\/\/doktorvolt.pl\/de\/offer-doktorvolt\/zubehoer\/phasenschienen\/stift-phasenschiene\/szyna-laczeniowa-sztyftowa-ps-s-3-fazowa-54-modulowa-10mm2-63a-2084\/#primaryimage\"},\"thumbnailUrl\":\"https:\/\/doktorvolt.pl\/wp-content\/uploads\/2026\/02\/pol_pl_17086-17086_3.jpg\",\"datePublished\":\"2026-02-23T13:26:27+00:00\",\"dateModified\":\"2026-04-23T12:16:11+00:00\",\"breadcrumb\":{\"@id\":\"https:\/\/doktorvolt.pl\/de\/offer-doktorvolt\/zubehoer\/phasenschienen\/stift-phasenschiene\/szyna-laczeniowa-sztyftowa-ps-s-3-fazowa-54-modulowa-10mm2-63a-2084\/#breadcrumb\"},\"inLanguage\":\"de\",\"potentialAction\":[{\"@type\":\"ReadAction\",\"target\":[\"https:\/\/doktorvolt.pl\/de\/offer-doktorvolt\/zubehoer\/phasenschienen\/stift-phasenschiene\/szyna-laczeniowa-sztyftowa-ps-s-3-fazowa-54-modulowa-10mm2-63a-2084\/\"]}]},{\"@type\":\"ImageObject\",\"inLanguage\":\"de\",\"@id\":\"https:\/\/doktorvolt.pl\/de\/offer-doktorvolt\/zubehoer\/phasenschienen\/stift-phasenschiene\/szyna-laczeniowa-sztyftowa-ps-s-3-fazowa-54-modulowa-10mm2-63a-2084\/#primaryimage\",\"url\":\"https:\/\/doktorvolt.pl\/wp-content\/uploads\/2026\/02\/pol_pl_17086-17086_3.jpg\",\"contentUrl\":\"https:\/\/doktorvolt.pl\/wp-content\/uploads\/2026\/02\/pol_pl_17086-17086_3.jpg\",\"width\":1600,\"height\":1600},{\"@type\":\"BreadcrumbList\",\"@id\":\"https:\/\/doktorvolt.pl\/de\/offer-doktorvolt\/zubehoer\/phasenschienen\/stift-phasenschiene\/szyna-laczeniowa-sztyftowa-ps-s-3-fazowa-54-modulowa-10mm2-63a-2084\/#breadcrumb\",\"itemListElement\":[{\"@type\":\"ListItem\",\"position\":1,\"name\":\"Strona g\u0142\u00f3wna\",\"item\":\"https:\/\/doktorvolt.pl\/de\/\"},{\"@type\":\"ListItem\",\"position\":2,\"name\":\"Angebot Doktorvolt\",\"item\":\"https:\/\/doktorvolt.pl\/de\/angebot-doktorvolt\/\"},{\"@type\":\"ListItem\",\"position\":3,\"name\":\"3P Phasenschiene Stift 54-polig 10mm2 PS\/S Schiene Sammelschiene 63A DV-2084-PSS\"}]},{\"@type\":\"WebSite\",\"@id\":\"https:\/\/doktorvolt.pl\/de\/#website\",\"url\":\"https:\/\/doktorvolt.pl\/de\/\",\"name\":\"DOKTORVOLT\u00ae\",\"description\":\"Producent rozdzielnic budowlanych\",\"publisher\":{\"@id\":\"https:\/\/doktorvolt.pl\/de\/#organization\"},\"potentialAction\":[{\"@type\":\"SearchAction\",\"target\":{\"@type\":\"EntryPoint\",\"urlTemplate\":\"https:\/\/doktorvolt.pl\/de\/?s={search_term_string}\"},\"query-input\":{\"@type\":\"PropertyValueSpecification\",\"valueRequired\":true,\"valueName\":\"search_term_string\"}}],\"inLanguage\":\"de\"},{\"@type\":\"Organization\",\"@id\":\"https:\/\/doktorvolt.pl\/de\/#organization\",\"name\":\"DOKTORVOLT\u00ae\",\"url\":\"https:\/\/doktorvolt.pl\/de\/\",\"logo\":{\"@type\":\"ImageObject\",\"inLanguage\":\"de\",\"@id\":\"https:\/\/doktorvolt.pl\/de\/#\/schema\/logo\/image\/\",\"url\":\"https:\/\/doktorvolt.pl\/wp-content\/uploads\/2023\/10\/DoktorVOLT-black-png.png\",\"contentUrl\":\"https:\/\/doktorvolt.pl\/wp-content\/uploads\/2023\/10\/DoktorVOLT-black-png.png\",\"width\":729,\"height\":40,\"caption\":\"DOKTORVOLT\u00ae\"},\"image\":{\"@id\":\"https:\/\/doktorvolt.pl\/de\/#\/schema\/logo\/image\/\"}}]}<\/script>\n<!-- \/ Yoast SEO plugin. -->","yoast_head_json":{"title":"3P Phasenschiene Stift 54-polig 10mm2 PS\/S Schiene Sammelschiene 63A DV-2084-PSS - DOKTORVOLT\u00ae","robots":{"index":"index","follow":"follow","max-snippet":"max-snippet:-1","max-image-preview":"max-image-preview:large","max-video-preview":"max-video-preview:-1"},"canonical":"https:\/\/doktorvolt.pl\/de\/offer-doktorvolt\/zubehoer\/phasenschienen\/stift-phasenschiene\/szyna-laczeniowa-sztyftowa-ps-s-3-fazowa-54-modulowa-10mm2-63a-2084\/","og_locale":"de_DE","og_type":"article","og_title":"3P Phasenschiene Stift 54-polig 10mm2 PS\/S Schiene Sammelschiene 63A DV-2084-PSS - DOKTORVOLT\u00ae","og_description":"Mit einer L\u00e4nge von 100 cm und einem Querschnitt von 10 mm\u00b2 ist die 3P-Schiene ideal f\u00fcr gro\u00dfe Schaltschr\u00e4nke. Sie tr\u00e4gt bis zu 54 Module und gew\u00e4hrleistet eine stabile und sichere Stromversorgung. Das wei\u00dfe Geh\u00e4use passt zu modernen Elektroinstallationen","og_url":"https:\/\/doktorvolt.pl\/de\/offer-doktorvolt\/zubehoer\/phasenschienen\/stift-phasenschiene\/szyna-laczeniowa-sztyftowa-ps-s-3-fazowa-54-modulowa-10mm2-63a-2084\/","og_site_name":"DOKTORVOLT\u00ae","article_modified_time":"2026-04-23T12:16:11+00:00","og_image":[{"width":1600,"height":1600,"url":"https:\/\/doktorvolt.pl\/wp-content\/uploads\/2026\/02\/pol_pl_17086-17086_3.jpg","type":"image\/jpeg"}],"twitter_card":"summary_large_image","schema":{"@context":"https:\/\/schema.org","@graph":[{"@type":"WebPage","@id":"https:\/\/doktorvolt.pl\/de\/offer-doktorvolt\/zubehoer\/phasenschienen\/stift-phasenschiene\/szyna-laczeniowa-sztyftowa-ps-s-3-fazowa-54-modulowa-10mm2-63a-2084\/","url":"https:\/\/doktorvolt.pl\/de\/offer-doktorvolt\/zubehoer\/phasenschienen\/stift-phasenschiene\/szyna-laczeniowa-sztyftowa-ps-s-3-fazowa-54-modulowa-10mm2-63a-2084\/","name":"3P Phasenschiene Stift 54-polig 10mm2 PS\/S Schiene Sammelschiene 63A DV-2084-PSS - DOKTORVOLT\u00ae","isPartOf":{"@id":"https:\/\/doktorvolt.pl\/de\/#website"},"primaryImageOfPage":{"@id":"https:\/\/doktorvolt.pl\/de\/offer-doktorvolt\/zubehoer\/phasenschienen\/stift-phasenschiene\/szyna-laczeniowa-sztyftowa-ps-s-3-fazowa-54-modulowa-10mm2-63a-2084\/#primaryimage"},"image":{"@id":"https:\/\/doktorvolt.pl\/de\/offer-doktorvolt\/zubehoer\/phasenschienen\/stift-phasenschiene\/szyna-laczeniowa-sztyftowa-ps-s-3-fazowa-54-modulowa-10mm2-63a-2084\/#primaryimage"},"thumbnailUrl":"https:\/\/doktorvolt.pl\/wp-content\/uploads\/2026\/02\/pol_pl_17086-17086_3.jpg","datePublished":"2026-02-23T13:26:27+00:00","dateModified":"2026-04-23T12:16:11+00:00","breadcrumb":{"@id":"https:\/\/doktorvolt.pl\/de\/offer-doktorvolt\/zubehoer\/phasenschienen\/stift-phasenschiene\/szyna-laczeniowa-sztyftowa-ps-s-3-fazowa-54-modulowa-10mm2-63a-2084\/#breadcrumb"},"inLanguage":"de","potentialAction":[{"@type":"ReadAction","target":["https:\/\/doktorvolt.pl\/de\/offer-doktorvolt\/zubehoer\/phasenschienen\/stift-phasenschiene\/szyna-laczeniowa-sztyftowa-ps-s-3-fazowa-54-modulowa-10mm2-63a-2084\/"]}]},{"@type":"ImageObject","inLanguage":"de","@id":"https:\/\/doktorvolt.pl\/de\/offer-doktorvolt\/zubehoer\/phasenschienen\/stift-phasenschiene\/szyna-laczeniowa-sztyftowa-ps-s-3-fazowa-54-modulowa-10mm2-63a-2084\/#primaryimage","url":"https:\/\/doktorvolt.pl\/wp-content\/uploads\/2026\/02\/pol_pl_17086-17086_3.jpg","contentUrl":"https:\/\/doktorvolt.pl\/wp-content\/uploads\/2026\/02\/pol_pl_17086-17086_3.jpg","width":1600,"height":1600},{"@type":"BreadcrumbList","@id":"https:\/\/doktorvolt.pl\/de\/offer-doktorvolt\/zubehoer\/phasenschienen\/stift-phasenschiene\/szyna-laczeniowa-sztyftowa-ps-s-3-fazowa-54-modulowa-10mm2-63a-2084\/#breadcrumb","itemListElement":[{"@type":"ListItem","position":1,"name":"Strona g\u0142\u00f3wna","item":"https:\/\/doktorvolt.pl\/de\/"},{"@type":"ListItem","position":2,"name":"Angebot Doktorvolt","item":"https:\/\/doktorvolt.pl\/de\/angebot-doktorvolt\/"},{"@type":"ListItem","position":3,"name":"3P Phasenschiene Stift 54-polig 10mm2 PS\/S Schiene Sammelschiene 63A DV-2084-PSS"}]},{"@type":"WebSite","@id":"https:\/\/doktorvolt.pl\/de\/#website","url":"https:\/\/doktorvolt.pl\/de\/","name":"DOKTORVOLT\u00ae","description":"Producent rozdzielnic budowlanych","publisher":{"@id":"https:\/\/doktorvolt.pl\/de\/#organization"},"potentialAction":[{"@type":"SearchAction","target":{"@type":"EntryPoint","urlTemplate":"https:\/\/doktorvolt.pl\/de\/?s={search_term_string}"},"query-input":{"@type":"PropertyValueSpecification","valueRequired":true,"valueName":"search_term_string"}}],"inLanguage":"de"},{"@type":"Organization","@id":"https:\/\/doktorvolt.pl\/de\/#organization","name":"DOKTORVOLT\u00ae","url":"https:\/\/doktorvolt.pl\/de\/","logo":{"@type":"ImageObject","inLanguage":"de","@id":"https:\/\/doktorvolt.pl\/de\/#\/schema\/logo\/image\/","url":"https:\/\/doktorvolt.pl\/wp-content\/uploads\/2023\/10\/DoktorVOLT-black-png.png","contentUrl":"https:\/\/doktorvolt.pl\/wp-content\/uploads\/2023\/10\/DoktorVOLT-black-png.png","width":729,"height":40,"caption":"DOKTORVOLT\u00ae"},"image":{"@id":"https:\/\/doktorvolt.pl\/de\/#\/schema\/logo\/image\/"}}]}},"_links":{"self":[{"href":"https:\/\/doktorvolt.pl\/de\/wp-json\/wp\/v2\/product\/110102","targetHints":{"allow":["GET"]}}],"collection":[{"href":"https:\/\/doktorvolt.pl\/de\/wp-json\/wp\/v2\/product"}],"about":[{"href":"https:\/\/doktorvolt.pl\/de\/wp-json\/wp\/v2\/types\/product"}],"wp:featuredmedia":[{"embeddable":true,"href":"https:\/\/doktorvolt.pl\/de\/wp-json\/wp\/v2\/media\/101899"}],"wp:attachment":[{"href":"https:\/\/doktorvolt.pl\/de\/wp-json\/wp\/v2\/media?parent=110102"}],"wp:term":[{"taxonomy":"product_brand","embeddable":true,"href":"https:\/\/doktorvolt.pl\/de\/wp-json\/wp\/v2\/product_brand?post=110102"},{"taxonomy":"product_cat","embeddable":true,"href":"https:\/\/doktorvolt.pl\/de\/wp-json\/wp\/v2\/product_cat?post=110102"},{"taxonomy":"product_tag","embeddable":true,"href":"https:\/\/doktorvolt.pl\/de\/wp-json\/wp\/v2\/product_tag?post=110102"}],"curies":[{"name":"wp","href":"https:\/\/api.w.org\/{rel}","templated":true}]}}