{"id":110127,"date":"2026-02-23T15:20:08","date_gmt":"2026-02-23T13:20:08","guid":{"rendered":"https:\/\/doktorvolt.pl\/sklep\/unkategorisiert\/obudowa-rozdzielnica-szczelna-hydra-t-465-ip65-transparentne-drzwi-doktorvolt-1523\/"},"modified":"2026-02-27T09:26:59","modified_gmt":"2026-02-27T07:26:59","slug":"obudowa-rozdzielnica-szczelna-hydra-t-465-ip65-transparentne-drzwi-doktorvolt-1523","status":"publish","type":"product","link":"https:\/\/doktorvolt.pl\/de\/oferta-doktorvolt\/stromverteiler\/hydra-serie\/hydra-gehaeuse\/obudowa-rozdzielnica-szczelna-hydra-t-465-ip65-transparentne-drzwi-doktorvolt-1523\/","title":{"rendered":"Feuchtraumverteiler Geh\u00e4use Schaltschrank Leergeh\u00e4use Verteilerkasten HYDRA T 465 IP65 transparente T\u00fcr DV-1523-HYDRA T 465"},"content":{"rendered":"","protected":false},"excerpt":{"rendered":"","protected":false},"featured_media":101515,"template":"","meta":[],"product_brand":[],"product_cat":[4543],"product_tag":[],"class_list":{"0":"post-110127","1":"product","2":"type-product","3":"status-publish","4":"has-post-thumbnail","6":"product_cat-hydra-gehaeuse","8":"first","9":"instock","10":"shipping-taxable","11":"product-type-external"},"yoast_head":"<!-- This site is optimized with the Yoast SEO plugin v27.0 - https:\/\/yoast.com\/product\/yoast-seo-wordpress\/ -->\n<title>Feuchtraumverteiler Geh\u00e4use Schaltschrank Leergeh\u00e4use Verteilerkasten HYDRA T 465 IP65 transparente T\u00fcr DV-1523-HYDRA T 465 - DOKTORVOLT\u00ae<\/title>\n<meta name=\"robots\" content=\"index, follow, max-snippet:-1, max-image-preview:large, max-video-preview:-1\" \/>\n<link rel=\"canonical\" href=\"https:\/\/doktorvolt.pl\/de\/oferta-doktorvolt\/stromverteiler\/hydra-serie\/hydra-gehaeuse\/obudowa-rozdzielnica-szczelna-hydra-t-465-ip65-transparentne-drzwi-doktorvolt-1523\/\" \/>\n<meta property=\"og:locale\" content=\"de_DE\" \/>\n<meta property=\"og:type\" content=\"article\" \/>\n<meta property=\"og:title\" content=\"Feuchtraumverteiler Geh\u00e4use Schaltschrank Leergeh\u00e4use Verteilerkasten HYDRA T 465 IP65 transparente T\u00fcr DV-1523-HYDRA T 465 - DOKTORVOLT\u00ae\" \/>\n<meta property=\"og:url\" content=\"https:\/\/doktorvolt.pl\/de\/oferta-doktorvolt\/stromverteiler\/hydra-serie\/hydra-gehaeuse\/obudowa-rozdzielnica-szczelna-hydra-t-465-ip65-transparentne-drzwi-doktorvolt-1523\/\" \/>\n<meta property=\"og:site_name\" content=\"DOKTORVOLT\u00ae\" \/>\n<meta property=\"article:modified_time\" content=\"2026-02-27T07:26:59+00:00\" \/>\n<meta property=\"og:image\" content=\"https:\/\/doktorvolt.pl\/wp-content\/uploads\/2026\/02\/pol_pl_12653-12653_1.jpg\" \/>\n\t<meta property=\"og:image:width\" content=\"1000\" \/>\n\t<meta property=\"og:image:height\" content=\"1000\" \/>\n\t<meta property=\"og:image:type\" content=\"image\/jpeg\" \/>\n<meta name=\"twitter:card\" content=\"summary_large_image\" \/>\n<script type=\"application\/ld+json\" class=\"yoast-schema-graph\">{\"@context\":\"https:\/\/schema.org\",\"@graph\":[{\"@type\":\"WebPage\",\"@id\":\"https:\/\/doktorvolt.pl\/de\/oferta-doktorvolt\/stromverteiler\/hydra-serie\/hydra-gehaeuse\/obudowa-rozdzielnica-szczelna-hydra-t-465-ip65-transparentne-drzwi-doktorvolt-1523\/\",\"url\":\"https:\/\/doktorvolt.pl\/de\/oferta-doktorvolt\/stromverteiler\/hydra-serie\/hydra-gehaeuse\/obudowa-rozdzielnica-szczelna-hydra-t-465-ip65-transparentne-drzwi-doktorvolt-1523\/\",\"name\":\"Feuchtraumverteiler Geh\u00e4use Schaltschrank Leergeh\u00e4use Verteilerkasten HYDRA T 465 IP65 transparente T\u00fcr DV-1523-HYDRA T 465 - DOKTORVOLT\u00ae\",\"isPartOf\":{\"@id\":\"https:\/\/doktorvolt.pl\/de\/#website\"},\"primaryImageOfPage\":{\"@id\":\"https:\/\/doktorvolt.pl\/de\/oferta-doktorvolt\/stromverteiler\/hydra-serie\/hydra-gehaeuse\/obudowa-rozdzielnica-szczelna-hydra-t-465-ip65-transparentne-drzwi-doktorvolt-1523\/#primaryimage\"},\"image\":{\"@id\":\"https:\/\/doktorvolt.pl\/de\/oferta-doktorvolt\/stromverteiler\/hydra-serie\/hydra-gehaeuse\/obudowa-rozdzielnica-szczelna-hydra-t-465-ip65-transparentne-drzwi-doktorvolt-1523\/#primaryimage\"},\"thumbnailUrl\":\"https:\/\/doktorvolt.pl\/wp-content\/uploads\/2026\/02\/pol_pl_12653-12653_1.jpg\",\"datePublished\":\"2026-02-23T13:20:08+00:00\",\"dateModified\":\"2026-02-27T07:26:59+00:00\",\"breadcrumb\":{\"@id\":\"https:\/\/doktorvolt.pl\/de\/oferta-doktorvolt\/stromverteiler\/hydra-serie\/hydra-gehaeuse\/obudowa-rozdzielnica-szczelna-hydra-t-465-ip65-transparentne-drzwi-doktorvolt-1523\/#breadcrumb\"},\"inLanguage\":\"de\",\"potentialAction\":[{\"@type\":\"ReadAction\",\"target\":[\"https:\/\/doktorvolt.pl\/de\/oferta-doktorvolt\/stromverteiler\/hydra-serie\/hydra-gehaeuse\/obudowa-rozdzielnica-szczelna-hydra-t-465-ip65-transparentne-drzwi-doktorvolt-1523\/\"]}]},{\"@type\":\"ImageObject\",\"inLanguage\":\"de\",\"@id\":\"https:\/\/doktorvolt.pl\/de\/oferta-doktorvolt\/stromverteiler\/hydra-serie\/hydra-gehaeuse\/obudowa-rozdzielnica-szczelna-hydra-t-465-ip65-transparentne-drzwi-doktorvolt-1523\/#primaryimage\",\"url\":\"https:\/\/doktorvolt.pl\/wp-content\/uploads\/2026\/02\/pol_pl_12653-12653_1.jpg\",\"contentUrl\":\"https:\/\/doktorvolt.pl\/wp-content\/uploads\/2026\/02\/pol_pl_12653-12653_1.jpg\",\"width\":1000,\"height\":1000},{\"@type\":\"BreadcrumbList\",\"@id\":\"https:\/\/doktorvolt.pl\/de\/oferta-doktorvolt\/stromverteiler\/hydra-serie\/hydra-gehaeuse\/obudowa-rozdzielnica-szczelna-hydra-t-465-ip65-transparentne-drzwi-doktorvolt-1523\/#breadcrumb\",\"itemListElement\":[{\"@type\":\"ListItem\",\"position\":1,\"name\":\"Strona g\u0142\u00f3wna\",\"item\":\"https:\/\/doktorvolt.pl\/de\/\"},{\"@type\":\"ListItem\",\"position\":2,\"name\":\"Angebot Doktorvolt\",\"item\":\"https:\/\/doktorvolt.pl\/de\/angebot-doktorvolt\/\"},{\"@type\":\"ListItem\",\"position\":3,\"name\":\"Feuchtraumverteiler Geh\u00e4use Schaltschrank Leergeh\u00e4use Verteilerkasten HYDRA T 465 IP65 transparente T\u00fcr DV-1523-HYDRA T 465\"}]},{\"@type\":\"WebSite\",\"@id\":\"https:\/\/doktorvolt.pl\/de\/#website\",\"url\":\"https:\/\/doktorvolt.pl\/de\/\",\"name\":\"DOKTORVOLT\u00ae\",\"description\":\"Producent rozdzielnic budowlanych\",\"publisher\":{\"@id\":\"https:\/\/doktorvolt.pl\/de\/#organization\"},\"potentialAction\":[{\"@type\":\"SearchAction\",\"target\":{\"@type\":\"EntryPoint\",\"urlTemplate\":\"https:\/\/doktorvolt.pl\/de\/?s={search_term_string}\"},\"query-input\":{\"@type\":\"PropertyValueSpecification\",\"valueRequired\":true,\"valueName\":\"search_term_string\"}}],\"inLanguage\":\"de\"},{\"@type\":\"Organization\",\"@id\":\"https:\/\/doktorvolt.pl\/de\/#organization\",\"name\":\"DOKTORVOLT\u00ae\",\"url\":\"https:\/\/doktorvolt.pl\/de\/\",\"logo\":{\"@type\":\"ImageObject\",\"inLanguage\":\"de\",\"@id\":\"https:\/\/doktorvolt.pl\/de\/#\/schema\/logo\/image\/\",\"url\":\"https:\/\/doktorvolt.pl\/wp-content\/uploads\/2023\/10\/DoktorVOLT-black-png.png\",\"contentUrl\":\"https:\/\/doktorvolt.pl\/wp-content\/uploads\/2023\/10\/DoktorVOLT-black-png.png\",\"width\":729,\"height\":40,\"caption\":\"DOKTORVOLT\u00ae\"},\"image\":{\"@id\":\"https:\/\/doktorvolt.pl\/de\/#\/schema\/logo\/image\/\"}}]}<\/script>\n<!-- \/ Yoast SEO plugin. -->","yoast_head_json":{"title":"Feuchtraumverteiler Geh\u00e4use Schaltschrank Leergeh\u00e4use Verteilerkasten HYDRA T 465 IP65 transparente T\u00fcr DV-1523-HYDRA T 465 - DOKTORVOLT\u00ae","robots":{"index":"index","follow":"follow","max-snippet":"max-snippet:-1","max-image-preview":"max-image-preview:large","max-video-preview":"max-video-preview:-1"},"canonical":"https:\/\/doktorvolt.pl\/de\/oferta-doktorvolt\/stromverteiler\/hydra-serie\/hydra-gehaeuse\/obudowa-rozdzielnica-szczelna-hydra-t-465-ip65-transparentne-drzwi-doktorvolt-1523\/","og_locale":"de_DE","og_type":"article","og_title":"Feuchtraumverteiler Geh\u00e4use Schaltschrank Leergeh\u00e4use Verteilerkasten HYDRA T 465 IP65 transparente T\u00fcr DV-1523-HYDRA T 465 - DOKTORVOLT\u00ae","og_url":"https:\/\/doktorvolt.pl\/de\/oferta-doktorvolt\/stromverteiler\/hydra-serie\/hydra-gehaeuse\/obudowa-rozdzielnica-szczelna-hydra-t-465-ip65-transparentne-drzwi-doktorvolt-1523\/","og_site_name":"DOKTORVOLT\u00ae","article_modified_time":"2026-02-27T07:26:59+00:00","og_image":[{"width":1000,"height":1000,"url":"https:\/\/doktorvolt.pl\/wp-content\/uploads\/2026\/02\/pol_pl_12653-12653_1.jpg","type":"image\/jpeg"}],"twitter_card":"summary_large_image","schema":{"@context":"https:\/\/schema.org","@graph":[{"@type":"WebPage","@id":"https:\/\/doktorvolt.pl\/de\/oferta-doktorvolt\/stromverteiler\/hydra-serie\/hydra-gehaeuse\/obudowa-rozdzielnica-szczelna-hydra-t-465-ip65-transparentne-drzwi-doktorvolt-1523\/","url":"https:\/\/doktorvolt.pl\/de\/oferta-doktorvolt\/stromverteiler\/hydra-serie\/hydra-gehaeuse\/obudowa-rozdzielnica-szczelna-hydra-t-465-ip65-transparentne-drzwi-doktorvolt-1523\/","name":"Feuchtraumverteiler Geh\u00e4use Schaltschrank Leergeh\u00e4use Verteilerkasten HYDRA T 465 IP65 transparente T\u00fcr DV-1523-HYDRA T 465 - DOKTORVOLT\u00ae","isPartOf":{"@id":"https:\/\/doktorvolt.pl\/de\/#website"},"primaryImageOfPage":{"@id":"https:\/\/doktorvolt.pl\/de\/oferta-doktorvolt\/stromverteiler\/hydra-serie\/hydra-gehaeuse\/obudowa-rozdzielnica-szczelna-hydra-t-465-ip65-transparentne-drzwi-doktorvolt-1523\/#primaryimage"},"image":{"@id":"https:\/\/doktorvolt.pl\/de\/oferta-doktorvolt\/stromverteiler\/hydra-serie\/hydra-gehaeuse\/obudowa-rozdzielnica-szczelna-hydra-t-465-ip65-transparentne-drzwi-doktorvolt-1523\/#primaryimage"},"thumbnailUrl":"https:\/\/doktorvolt.pl\/wp-content\/uploads\/2026\/02\/pol_pl_12653-12653_1.jpg","datePublished":"2026-02-23T13:20:08+00:00","dateModified":"2026-02-27T07:26:59+00:00","breadcrumb":{"@id":"https:\/\/doktorvolt.pl\/de\/oferta-doktorvolt\/stromverteiler\/hydra-serie\/hydra-gehaeuse\/obudowa-rozdzielnica-szczelna-hydra-t-465-ip65-transparentne-drzwi-doktorvolt-1523\/#breadcrumb"},"inLanguage":"de","potentialAction":[{"@type":"ReadAction","target":["https:\/\/doktorvolt.pl\/de\/oferta-doktorvolt\/stromverteiler\/hydra-serie\/hydra-gehaeuse\/obudowa-rozdzielnica-szczelna-hydra-t-465-ip65-transparentne-drzwi-doktorvolt-1523\/"]}]},{"@type":"ImageObject","inLanguage":"de","@id":"https:\/\/doktorvolt.pl\/de\/oferta-doktorvolt\/stromverteiler\/hydra-serie\/hydra-gehaeuse\/obudowa-rozdzielnica-szczelna-hydra-t-465-ip65-transparentne-drzwi-doktorvolt-1523\/#primaryimage","url":"https:\/\/doktorvolt.pl\/wp-content\/uploads\/2026\/02\/pol_pl_12653-12653_1.jpg","contentUrl":"https:\/\/doktorvolt.pl\/wp-content\/uploads\/2026\/02\/pol_pl_12653-12653_1.jpg","width":1000,"height":1000},{"@type":"BreadcrumbList","@id":"https:\/\/doktorvolt.pl\/de\/oferta-doktorvolt\/stromverteiler\/hydra-serie\/hydra-gehaeuse\/obudowa-rozdzielnica-szczelna-hydra-t-465-ip65-transparentne-drzwi-doktorvolt-1523\/#breadcrumb","itemListElement":[{"@type":"ListItem","position":1,"name":"Strona g\u0142\u00f3wna","item":"https:\/\/doktorvolt.pl\/de\/"},{"@type":"ListItem","position":2,"name":"Angebot Doktorvolt","item":"https:\/\/doktorvolt.pl\/de\/angebot-doktorvolt\/"},{"@type":"ListItem","position":3,"name":"Feuchtraumverteiler Geh\u00e4use Schaltschrank Leergeh\u00e4use Verteilerkasten HYDRA T 465 IP65 transparente T\u00fcr DV-1523-HYDRA T 465"}]},{"@type":"WebSite","@id":"https:\/\/doktorvolt.pl\/de\/#website","url":"https:\/\/doktorvolt.pl\/de\/","name":"DOKTORVOLT\u00ae","description":"Producent rozdzielnic budowlanych","publisher":{"@id":"https:\/\/doktorvolt.pl\/de\/#organization"},"potentialAction":[{"@type":"SearchAction","target":{"@type":"EntryPoint","urlTemplate":"https:\/\/doktorvolt.pl\/de\/?s={search_term_string}"},"query-input":{"@type":"PropertyValueSpecification","valueRequired":true,"valueName":"search_term_string"}}],"inLanguage":"de"},{"@type":"Organization","@id":"https:\/\/doktorvolt.pl\/de\/#organization","name":"DOKTORVOLT\u00ae","url":"https:\/\/doktorvolt.pl\/de\/","logo":{"@type":"ImageObject","inLanguage":"de","@id":"https:\/\/doktorvolt.pl\/de\/#\/schema\/logo\/image\/","url":"https:\/\/doktorvolt.pl\/wp-content\/uploads\/2023\/10\/DoktorVOLT-black-png.png","contentUrl":"https:\/\/doktorvolt.pl\/wp-content\/uploads\/2023\/10\/DoktorVOLT-black-png.png","width":729,"height":40,"caption":"DOKTORVOLT\u00ae"},"image":{"@id":"https:\/\/doktorvolt.pl\/de\/#\/schema\/logo\/image\/"}}]}},"_links":{"self":[{"href":"https:\/\/doktorvolt.pl\/de\/wp-json\/wp\/v2\/product\/110127","targetHints":{"allow":["GET"]}}],"collection":[{"href":"https:\/\/doktorvolt.pl\/de\/wp-json\/wp\/v2\/product"}],"about":[{"href":"https:\/\/doktorvolt.pl\/de\/wp-json\/wp\/v2\/types\/product"}],"wp:featuredmedia":[{"embeddable":true,"href":"https:\/\/doktorvolt.pl\/de\/wp-json\/wp\/v2\/media\/101515"}],"wp:attachment":[{"href":"https:\/\/doktorvolt.pl\/de\/wp-json\/wp\/v2\/media?parent=110127"}],"wp:term":[{"taxonomy":"product_brand","embeddable":true,"href":"https:\/\/doktorvolt.pl\/de\/wp-json\/wp\/v2\/product_brand?post=110127"},{"taxonomy":"product_cat","embeddable":true,"href":"https:\/\/doktorvolt.pl\/de\/wp-json\/wp\/v2\/product_cat?post=110127"},{"taxonomy":"product_tag","embeddable":true,"href":"https:\/\/doktorvolt.pl\/de\/wp-json\/wp\/v2\/product_tag?post=110127"}],"curies":[{"name":"wp","href":"https:\/\/api.w.org\/{rel}","templated":true}]}}