{"id":110170,"date":"2026-02-23T15:12:48","date_gmt":"2026-02-23T13:12:48","guid":{"rendered":"https:\/\/doktorvolt.pl\/sklep\/unkategorisiert\/szyna-montazowa-perforowana-din-th-35-o-dlugosci-20cm-wspornik-montazowy-doktorvolt-dv-0922-th-p\/"},"modified":"2026-04-23T14:15:38","modified_gmt":"2026-04-23T12:15:38","slug":"szyna-montazowa-perforowana-din-th-35-o-dlugosci-20cm-wspornik-montazowy-doktorvolt-dv-0922-th-p","status":"publish","type":"product","link":"https:\/\/doktorvolt.pl\/de\/offer-doktorvolt\/modulare-verteilerkasten\/din-montageschienen\/szyna-montazowa-perforowana-din-th-35-o-dlugosci-20cm-wspornik-montazowy-doktorvolt-dv-0922-th-p\/","title":{"rendered":"Tragschiene Hutschiene DIN-Schiene TH35 20cm gelocht perforiert verzinkte DIN-Tragschiene Doktorvolt DV-0922-TH-P"},"content":{"rendered":"<link rel=\"stylesheet\" href=\"https:\/\/preis-zone.com\/data\/include\/cms\/1.-style-css\/style_krotki_DV.css?v=1749624370701\">\n<p> <!-- GPT: Wype\u0142nij tylko placeholdery {{Tytul}} oraz {{Opis1}}. Nie zmieniaj styl\u00f3w ani uk\u0142adu. --><br \/>\n <!-- Nag\u0142\u00f3wek g\u0142\u00f3wny strony --><\/p>\n<h1>\n  <!-- Tytu\u0142 strony --><br \/>\n  <span>Tragschiene Hutschiene DIN-Schiene TH35 20cm gelocht perforiert verzinkte DIN-Tragschiene Doktorvolt DV-0922-TH-P<\/span><br \/>\n <\/h1>\n<p> <!-- Kr\u00f3tki opis produktu --><\/p>\n<h4>\n  <span>DV-0922-TH-P ist eine DIN TH-35 Montageschiene von Doktorvolt mit einer L\u00e4nge von 20 cm, f\u00fcr die Montage von modularen Ger\u00e4ten in einem Verteilerkasten vorgesehen ist. Die Montageschiene besteht aus verzinktem Stahl und hat Befestigungsl\u00f6cher \u00fcber die gesamte L\u00e4nge der Schiene.<\/span><br \/>\n <\/h4>\n<p> <!-- Dekoracyjny przerywnik \u2014 nie modyfikuj --><\/p>\n<div>\n  <img decoding=\"async\" class=\"decorative-img\"\n  src=\"https:\/\/shop38554-1.yourtechnicaldomain.com\/data\/include\/cms\/1-zdjecia-produktow\/DOKTORVOLT\/DV-4995-EV\/ikonka_zielona_z_literka_D_biala.png?v=1729773346118\"\n  border=\"0\" width=\"1900\" height=\"30\">\n <\/div>\n<p> <!-- GPT: Pierwsza sekcja tre\u015bci. Wype\u0142nij tylko {{Podtytul1}} oraz {{Podopis1}}. Nie zmieniaj uk\u0142adu, nie modyfikuj obrazka. --><\/p>\n<div class=\"flex-container\">\n  <!-- Sekcja tekstowa z opisem produktu --><\/p>\n<div class=\"text-section\">\n<h2><strong>Anwendung von Montageschienen<\/strong><\/h2>\n<p>Die Hauptanwendung von <strong>TH35-Schienen<\/strong> ist die Montage von modularen Ger\u00e4ten, die mit einem Euroschienenhalterungen ausgestattet sind. Ein Beispiel f\u00fcr solche Ger\u00e4te sind: \u00dcberstromschalter, Fehlerstromschutzschalter, \u00dcberspannungsableiter, Sch\u00fctze, Kontrollleuchten, Z\u00e4hler und viele andere.<\/p>\n<\/p><\/div>\n<p>  <!-- Sekcja z obrazem produktu --><\/p>\n<div class=\"image-section\">\n  <img decoding=\"async\" src=\"https:\/\/preis-zone.pl\/hpeciai\/b829800d015e84fe241f8bbf1ebf867e\/pol_pl_20cm-Szyna-montazowa-perforowana-TH35-wspornik-montazowy-Doktorvolt-DV-0922-TH-P-12441_1.jpg\"\n  width=\"472\" height=\"472\">\n  <\/div>\n<\/p><\/div>\n<p> <!-- Dekoracyjny przerywnik \u2014 nie modyfikuj --><\/p>\n<div>\n  <img decoding=\"async\" class=\"decorative-img\" src=\"https:\/\/shop38554-1.yourtechnicaldomain.com\/data\/include\/cms\/1-zdjecia-produktow\/DOKTORVOLT\/DV-4995-EV\/ikonka_zielona_z_literka_D_biala.png?v=1729773346118\"\n  border=\"0\" width=\"1900\" height=\"30\">\n <\/div>\n<p> <!-- Sekcja video i specyfikacja techniczna --><\/p>\n<div class=\"video-specs-container\">\n  <!-- Sekcja z video --><\/p>\n<div class=\"image-section\">\n  <img decoding=\"async\" src=\"https:\/\/preis-zone.pl\/hpeciai\/14a19f761763f3f0d684b6d15830b1d6\/pol_pl_20cm-Szyna-montazowa-perforowana-TH35-wspornik-montazowy-Doktorvolt-DV-0922-TH-P-12441_3.jpg\"\n  width=\"472\" height=\"472\">\n  <\/div>\n<p>  <!-- GPT: BLOK SPECYFIKACJI. Wype\u0142nij ten blok dynamiczn\u0105 list\u0105 parametr\u00f3w technicznych w formacie \n\n<p><strong>Nazwa:<\/strong> Warto\u015b\u0107<\/p>\n\n. Nie zmieniaj struktury nadrz\u0119dnego \n\n<div>, nie modyfikuj tytu\u0142u ani styl\u00f3w. Nie dodawaj nic poza \n\n<p>. --><\/p>\n<div class=\"specs-section\">\n<h2><strong>Technische Daten<\/strong><\/h2>\n<p>  <!-- Parametry b\u0119d\u0105 tutaj generowane --><\/p>\n<p><strong>Anwendung:<\/strong> Montage standardm\u00e4\u00dfiger elektrischer Apparate mit Euroschienenhalterungen, zb. Leitungsschutzschalter, FI-Schalter, Relais<\/p>\n<p><strong>Material:<\/strong> verzinkter Stahl<\/p>\n<p><strong>Oberfl\u00e4chenbeschaffenheit:<\/strong> perforiert<\/p>\n<p><strong>Abmessung H\/B\/L:<\/strong> ca. 7 \/ 37 \/ 200 mm<\/p>\n<p><strong>Schienen-Dicke:<\/strong> 1 mm<\/p>\n<p><strong>Montage:<\/strong> L\u00f6cher \u00fcber die gesamte L\u00e4nge der Schiene<\/p>\n<p><strong>Artikelnummer:<\/strong> DV-0922-TH-P<\/p>\n<p><strong>Hersteller:<\/strong> Doktorvolt<\/p>\n<p><strong>EAN:<\/strong> 5907589330922<\/p>\n<\/p><\/div>\n<\/p><\/div>\n<p> <\/body><br \/>\n <\/html><\/p>\n","protected":false},"excerpt":{"rendered":"<p>DV-0922-TH-P ist eine DIN TH-35 Montageschiene von Doktorvolt mit einer L\u00e4nge von 20 cm, f\u00fcr die Montage von modularen Ger\u00e4ten in einem Verteilerkasten vorgesehen ist. Die Montageschiene besteht aus verzinktem Stahl.<\/p>\n","protected":false},"featured_media":100864,"template":"","meta":[],"product_brand":[],"product_cat":[4566],"product_tag":[],"class_list":{"0":"post-110170","1":"product","2":"type-product","3":"status-publish","4":"has-post-thumbnail","6":"product_cat-din-montageschienen","8":"first","9":"instock","10":"shipping-taxable","11":"product-type-external"},"yoast_head":"<!-- This site is optimized with the Yoast SEO plugin v27.0 - https:\/\/yoast.com\/product\/yoast-seo-wordpress\/ -->\n<title>Tragschiene Hutschiene DIN-Schiene TH35 20cm gelocht perforiert verzinkte DIN-Tragschiene Doktorvolt DV-0922-TH-P - DOKTORVOLT\u00ae<\/title>\n<meta name=\"robots\" content=\"index, follow, max-snippet:-1, max-image-preview:large, max-video-preview:-1\" \/>\n<link rel=\"canonical\" href=\"https:\/\/doktorvolt.pl\/de\/offer-doktorvolt\/modulare-verteilerkasten\/din-montageschienen\/szyna-montazowa-perforowana-din-th-35-o-dlugosci-20cm-wspornik-montazowy-doktorvolt-dv-0922-th-p\/\" \/>\n<meta property=\"og:locale\" content=\"de_DE\" \/>\n<meta property=\"og:type\" content=\"article\" \/>\n<meta property=\"og:title\" content=\"Tragschiene Hutschiene DIN-Schiene TH35 20cm gelocht perforiert verzinkte DIN-Tragschiene Doktorvolt DV-0922-TH-P - DOKTORVOLT\u00ae\" \/>\n<meta property=\"og:description\" content=\"DV-0922-TH-P ist eine DIN TH-35 Montageschiene von Doktorvolt mit einer L\u00e4nge von 20 cm, f\u00fcr die Montage von modularen Ger\u00e4ten in einem Verteilerkasten vorgesehen ist. Die Montageschiene besteht aus verzinktem Stahl.\" \/>\n<meta property=\"og:url\" content=\"https:\/\/doktorvolt.pl\/de\/offer-doktorvolt\/modulare-verteilerkasten\/din-montageschienen\/szyna-montazowa-perforowana-din-th-35-o-dlugosci-20cm-wspornik-montazowy-doktorvolt-dv-0922-th-p\/\" \/>\n<meta property=\"og:site_name\" content=\"DOKTORVOLT\u00ae\" \/>\n<meta property=\"article:modified_time\" content=\"2026-04-23T12:15:38+00:00\" \/>\n<meta property=\"og:image\" content=\"https:\/\/doktorvolt.pl\/wp-content\/uploads\/2026\/02\/pol_pl_Szyna-montazowa-perforowana-DIN-TH-35-o-dlugosci-20cm-wspornik-montazowy-Doktorvolt-DV-0922-TH-P-12441_1.jpg\" \/>\n\t<meta property=\"og:image:width\" content=\"1000\" \/>\n\t<meta property=\"og:image:height\" content=\"1000\" \/>\n\t<meta property=\"og:image:type\" content=\"image\/jpeg\" \/>\n<meta name=\"twitter:card\" content=\"summary_large_image\" \/>\n<meta name=\"twitter:label1\" content=\"Gesch\u00e4tzte Lesezeit\" \/>\n\t<meta name=\"twitter:data1\" content=\"1\u00a0Minute\" \/>\n<script type=\"application\/ld+json\" class=\"yoast-schema-graph\">{\"@context\":\"https:\/\/schema.org\",\"@graph\":[{\"@type\":\"WebPage\",\"@id\":\"https:\/\/doktorvolt.pl\/de\/offer-doktorvolt\/modulare-verteilerkasten\/din-montageschienen\/szyna-montazowa-perforowana-din-th-35-o-dlugosci-20cm-wspornik-montazowy-doktorvolt-dv-0922-th-p\/\",\"url\":\"https:\/\/doktorvolt.pl\/de\/offer-doktorvolt\/modulare-verteilerkasten\/din-montageschienen\/szyna-montazowa-perforowana-din-th-35-o-dlugosci-20cm-wspornik-montazowy-doktorvolt-dv-0922-th-p\/\",\"name\":\"Tragschiene Hutschiene DIN-Schiene TH35 20cm gelocht perforiert verzinkte DIN-Tragschiene Doktorvolt DV-0922-TH-P - DOKTORVOLT\u00ae\",\"isPartOf\":{\"@id\":\"https:\/\/doktorvolt.pl\/de\/#website\"},\"primaryImageOfPage\":{\"@id\":\"https:\/\/doktorvolt.pl\/de\/offer-doktorvolt\/modulare-verteilerkasten\/din-montageschienen\/szyna-montazowa-perforowana-din-th-35-o-dlugosci-20cm-wspornik-montazowy-doktorvolt-dv-0922-th-p\/#primaryimage\"},\"image\":{\"@id\":\"https:\/\/doktorvolt.pl\/de\/offer-doktorvolt\/modulare-verteilerkasten\/din-montageschienen\/szyna-montazowa-perforowana-din-th-35-o-dlugosci-20cm-wspornik-montazowy-doktorvolt-dv-0922-th-p\/#primaryimage\"},\"thumbnailUrl\":\"https:\/\/doktorvolt.pl\/wp-content\/uploads\/2026\/02\/pol_pl_Szyna-montazowa-perforowana-DIN-TH-35-o-dlugosci-20cm-wspornik-montazowy-Doktorvolt-DV-0922-TH-P-12441_1.jpg\",\"datePublished\":\"2026-02-23T13:12:48+00:00\",\"dateModified\":\"2026-04-23T12:15:38+00:00\",\"breadcrumb\":{\"@id\":\"https:\/\/doktorvolt.pl\/de\/offer-doktorvolt\/modulare-verteilerkasten\/din-montageschienen\/szyna-montazowa-perforowana-din-th-35-o-dlugosci-20cm-wspornik-montazowy-doktorvolt-dv-0922-th-p\/#breadcrumb\"},\"inLanguage\":\"de\",\"potentialAction\":[{\"@type\":\"ReadAction\",\"target\":[\"https:\/\/doktorvolt.pl\/de\/offer-doktorvolt\/modulare-verteilerkasten\/din-montageschienen\/szyna-montazowa-perforowana-din-th-35-o-dlugosci-20cm-wspornik-montazowy-doktorvolt-dv-0922-th-p\/\"]}]},{\"@type\":\"ImageObject\",\"inLanguage\":\"de\",\"@id\":\"https:\/\/doktorvolt.pl\/de\/offer-doktorvolt\/modulare-verteilerkasten\/din-montageschienen\/szyna-montazowa-perforowana-din-th-35-o-dlugosci-20cm-wspornik-montazowy-doktorvolt-dv-0922-th-p\/#primaryimage\",\"url\":\"https:\/\/doktorvolt.pl\/wp-content\/uploads\/2026\/02\/pol_pl_Szyna-montazowa-perforowana-DIN-TH-35-o-dlugosci-20cm-wspornik-montazowy-Doktorvolt-DV-0922-TH-P-12441_1.jpg\",\"contentUrl\":\"https:\/\/doktorvolt.pl\/wp-content\/uploads\/2026\/02\/pol_pl_Szyna-montazowa-perforowana-DIN-TH-35-o-dlugosci-20cm-wspornik-montazowy-Doktorvolt-DV-0922-TH-P-12441_1.jpg\",\"width\":1000,\"height\":1000},{\"@type\":\"BreadcrumbList\",\"@id\":\"https:\/\/doktorvolt.pl\/de\/offer-doktorvolt\/modulare-verteilerkasten\/din-montageschienen\/szyna-montazowa-perforowana-din-th-35-o-dlugosci-20cm-wspornik-montazowy-doktorvolt-dv-0922-th-p\/#breadcrumb\",\"itemListElement\":[{\"@type\":\"ListItem\",\"position\":1,\"name\":\"Strona g\u0142\u00f3wna\",\"item\":\"https:\/\/doktorvolt.pl\/de\/\"},{\"@type\":\"ListItem\",\"position\":2,\"name\":\"Angebot Doktorvolt\",\"item\":\"https:\/\/doktorvolt.pl\/de\/angebot-doktorvolt\/\"},{\"@type\":\"ListItem\",\"position\":3,\"name\":\"Tragschiene Hutschiene DIN-Schiene TH35 20cm gelocht perforiert verzinkte DIN-Tragschiene Doktorvolt DV-0922-TH-P\"}]},{\"@type\":\"WebSite\",\"@id\":\"https:\/\/doktorvolt.pl\/de\/#website\",\"url\":\"https:\/\/doktorvolt.pl\/de\/\",\"name\":\"DOKTORVOLT\u00ae\",\"description\":\"Producent rozdzielnic budowlanych\",\"publisher\":{\"@id\":\"https:\/\/doktorvolt.pl\/de\/#organization\"},\"potentialAction\":[{\"@type\":\"SearchAction\",\"target\":{\"@type\":\"EntryPoint\",\"urlTemplate\":\"https:\/\/doktorvolt.pl\/de\/?s={search_term_string}\"},\"query-input\":{\"@type\":\"PropertyValueSpecification\",\"valueRequired\":true,\"valueName\":\"search_term_string\"}}],\"inLanguage\":\"de\"},{\"@type\":\"Organization\",\"@id\":\"https:\/\/doktorvolt.pl\/de\/#organization\",\"name\":\"DOKTORVOLT\u00ae\",\"url\":\"https:\/\/doktorvolt.pl\/de\/\",\"logo\":{\"@type\":\"ImageObject\",\"inLanguage\":\"de\",\"@id\":\"https:\/\/doktorvolt.pl\/de\/#\/schema\/logo\/image\/\",\"url\":\"https:\/\/doktorvolt.pl\/wp-content\/uploads\/2023\/10\/DoktorVOLT-black-png.png\",\"contentUrl\":\"https:\/\/doktorvolt.pl\/wp-content\/uploads\/2023\/10\/DoktorVOLT-black-png.png\",\"width\":729,\"height\":40,\"caption\":\"DOKTORVOLT\u00ae\"},\"image\":{\"@id\":\"https:\/\/doktorvolt.pl\/de\/#\/schema\/logo\/image\/\"}}]}<\/script>\n<!-- \/ Yoast SEO plugin. -->","yoast_head_json":{"title":"Tragschiene Hutschiene DIN-Schiene TH35 20cm gelocht perforiert verzinkte DIN-Tragschiene Doktorvolt DV-0922-TH-P - DOKTORVOLT\u00ae","robots":{"index":"index","follow":"follow","max-snippet":"max-snippet:-1","max-image-preview":"max-image-preview:large","max-video-preview":"max-video-preview:-1"},"canonical":"https:\/\/doktorvolt.pl\/de\/offer-doktorvolt\/modulare-verteilerkasten\/din-montageschienen\/szyna-montazowa-perforowana-din-th-35-o-dlugosci-20cm-wspornik-montazowy-doktorvolt-dv-0922-th-p\/","og_locale":"de_DE","og_type":"article","og_title":"Tragschiene Hutschiene DIN-Schiene TH35 20cm gelocht perforiert verzinkte DIN-Tragschiene Doktorvolt DV-0922-TH-P - DOKTORVOLT\u00ae","og_description":"DV-0922-TH-P ist eine DIN TH-35 Montageschiene von Doktorvolt mit einer L\u00e4nge von 20 cm, f\u00fcr die Montage von modularen Ger\u00e4ten in einem Verteilerkasten vorgesehen ist. Die Montageschiene besteht aus verzinktem Stahl.","og_url":"https:\/\/doktorvolt.pl\/de\/offer-doktorvolt\/modulare-verteilerkasten\/din-montageschienen\/szyna-montazowa-perforowana-din-th-35-o-dlugosci-20cm-wspornik-montazowy-doktorvolt-dv-0922-th-p\/","og_site_name":"DOKTORVOLT\u00ae","article_modified_time":"2026-04-23T12:15:38+00:00","og_image":[{"width":1000,"height":1000,"url":"https:\/\/doktorvolt.pl\/wp-content\/uploads\/2026\/02\/pol_pl_Szyna-montazowa-perforowana-DIN-TH-35-o-dlugosci-20cm-wspornik-montazowy-Doktorvolt-DV-0922-TH-P-12441_1.jpg","type":"image\/jpeg"}],"twitter_card":"summary_large_image","twitter_misc":{"Gesch\u00e4tzte Lesezeit":"1\u00a0Minute"},"schema":{"@context":"https:\/\/schema.org","@graph":[{"@type":"WebPage","@id":"https:\/\/doktorvolt.pl\/de\/offer-doktorvolt\/modulare-verteilerkasten\/din-montageschienen\/szyna-montazowa-perforowana-din-th-35-o-dlugosci-20cm-wspornik-montazowy-doktorvolt-dv-0922-th-p\/","url":"https:\/\/doktorvolt.pl\/de\/offer-doktorvolt\/modulare-verteilerkasten\/din-montageschienen\/szyna-montazowa-perforowana-din-th-35-o-dlugosci-20cm-wspornik-montazowy-doktorvolt-dv-0922-th-p\/","name":"Tragschiene Hutschiene DIN-Schiene TH35 20cm gelocht perforiert verzinkte DIN-Tragschiene Doktorvolt DV-0922-TH-P - DOKTORVOLT\u00ae","isPartOf":{"@id":"https:\/\/doktorvolt.pl\/de\/#website"},"primaryImageOfPage":{"@id":"https:\/\/doktorvolt.pl\/de\/offer-doktorvolt\/modulare-verteilerkasten\/din-montageschienen\/szyna-montazowa-perforowana-din-th-35-o-dlugosci-20cm-wspornik-montazowy-doktorvolt-dv-0922-th-p\/#primaryimage"},"image":{"@id":"https:\/\/doktorvolt.pl\/de\/offer-doktorvolt\/modulare-verteilerkasten\/din-montageschienen\/szyna-montazowa-perforowana-din-th-35-o-dlugosci-20cm-wspornik-montazowy-doktorvolt-dv-0922-th-p\/#primaryimage"},"thumbnailUrl":"https:\/\/doktorvolt.pl\/wp-content\/uploads\/2026\/02\/pol_pl_Szyna-montazowa-perforowana-DIN-TH-35-o-dlugosci-20cm-wspornik-montazowy-Doktorvolt-DV-0922-TH-P-12441_1.jpg","datePublished":"2026-02-23T13:12:48+00:00","dateModified":"2026-04-23T12:15:38+00:00","breadcrumb":{"@id":"https:\/\/doktorvolt.pl\/de\/offer-doktorvolt\/modulare-verteilerkasten\/din-montageschienen\/szyna-montazowa-perforowana-din-th-35-o-dlugosci-20cm-wspornik-montazowy-doktorvolt-dv-0922-th-p\/#breadcrumb"},"inLanguage":"de","potentialAction":[{"@type":"ReadAction","target":["https:\/\/doktorvolt.pl\/de\/offer-doktorvolt\/modulare-verteilerkasten\/din-montageschienen\/szyna-montazowa-perforowana-din-th-35-o-dlugosci-20cm-wspornik-montazowy-doktorvolt-dv-0922-th-p\/"]}]},{"@type":"ImageObject","inLanguage":"de","@id":"https:\/\/doktorvolt.pl\/de\/offer-doktorvolt\/modulare-verteilerkasten\/din-montageschienen\/szyna-montazowa-perforowana-din-th-35-o-dlugosci-20cm-wspornik-montazowy-doktorvolt-dv-0922-th-p\/#primaryimage","url":"https:\/\/doktorvolt.pl\/wp-content\/uploads\/2026\/02\/pol_pl_Szyna-montazowa-perforowana-DIN-TH-35-o-dlugosci-20cm-wspornik-montazowy-Doktorvolt-DV-0922-TH-P-12441_1.jpg","contentUrl":"https:\/\/doktorvolt.pl\/wp-content\/uploads\/2026\/02\/pol_pl_Szyna-montazowa-perforowana-DIN-TH-35-o-dlugosci-20cm-wspornik-montazowy-Doktorvolt-DV-0922-TH-P-12441_1.jpg","width":1000,"height":1000},{"@type":"BreadcrumbList","@id":"https:\/\/doktorvolt.pl\/de\/offer-doktorvolt\/modulare-verteilerkasten\/din-montageschienen\/szyna-montazowa-perforowana-din-th-35-o-dlugosci-20cm-wspornik-montazowy-doktorvolt-dv-0922-th-p\/#breadcrumb","itemListElement":[{"@type":"ListItem","position":1,"name":"Strona g\u0142\u00f3wna","item":"https:\/\/doktorvolt.pl\/de\/"},{"@type":"ListItem","position":2,"name":"Angebot Doktorvolt","item":"https:\/\/doktorvolt.pl\/de\/angebot-doktorvolt\/"},{"@type":"ListItem","position":3,"name":"Tragschiene Hutschiene DIN-Schiene TH35 20cm gelocht perforiert verzinkte DIN-Tragschiene Doktorvolt DV-0922-TH-P"}]},{"@type":"WebSite","@id":"https:\/\/doktorvolt.pl\/de\/#website","url":"https:\/\/doktorvolt.pl\/de\/","name":"DOKTORVOLT\u00ae","description":"Producent rozdzielnic budowlanych","publisher":{"@id":"https:\/\/doktorvolt.pl\/de\/#organization"},"potentialAction":[{"@type":"SearchAction","target":{"@type":"EntryPoint","urlTemplate":"https:\/\/doktorvolt.pl\/de\/?s={search_term_string}"},"query-input":{"@type":"PropertyValueSpecification","valueRequired":true,"valueName":"search_term_string"}}],"inLanguage":"de"},{"@type":"Organization","@id":"https:\/\/doktorvolt.pl\/de\/#organization","name":"DOKTORVOLT\u00ae","url":"https:\/\/doktorvolt.pl\/de\/","logo":{"@type":"ImageObject","inLanguage":"de","@id":"https:\/\/doktorvolt.pl\/de\/#\/schema\/logo\/image\/","url":"https:\/\/doktorvolt.pl\/wp-content\/uploads\/2023\/10\/DoktorVOLT-black-png.png","contentUrl":"https:\/\/doktorvolt.pl\/wp-content\/uploads\/2023\/10\/DoktorVOLT-black-png.png","width":729,"height":40,"caption":"DOKTORVOLT\u00ae"},"image":{"@id":"https:\/\/doktorvolt.pl\/de\/#\/schema\/logo\/image\/"}}]}},"_links":{"self":[{"href":"https:\/\/doktorvolt.pl\/de\/wp-json\/wp\/v2\/product\/110170","targetHints":{"allow":["GET"]}}],"collection":[{"href":"https:\/\/doktorvolt.pl\/de\/wp-json\/wp\/v2\/product"}],"about":[{"href":"https:\/\/doktorvolt.pl\/de\/wp-json\/wp\/v2\/types\/product"}],"wp:featuredmedia":[{"embeddable":true,"href":"https:\/\/doktorvolt.pl\/de\/wp-json\/wp\/v2\/media\/100864"}],"wp:attachment":[{"href":"https:\/\/doktorvolt.pl\/de\/wp-json\/wp\/v2\/media?parent=110170"}],"wp:term":[{"taxonomy":"product_brand","embeddable":true,"href":"https:\/\/doktorvolt.pl\/de\/wp-json\/wp\/v2\/product_brand?post=110170"},{"taxonomy":"product_cat","embeddable":true,"href":"https:\/\/doktorvolt.pl\/de\/wp-json\/wp\/v2\/product_cat?post=110170"},{"taxonomy":"product_tag","embeddable":true,"href":"https:\/\/doktorvolt.pl\/de\/wp-json\/wp\/v2\/product_tag?post=110170"}],"curies":[{"name":"wp","href":"https:\/\/api.w.org\/{rel}","templated":true}]}}