{"id":110201,"date":"2026-02-23T15:07:08","date_gmt":"2026-02-23T13:07:08","guid":{"rendered":"https:\/\/doktorvolt.pl\/sklep\/unkategorisiert\/rozdzielnica-budowlana-16a-32a-zabezpieczenia-sez-erbetka-gumowa-schuko-ip54-doktorvolt-dv-4654-d-bagu-s-fi\/"},"modified":"2026-04-23T14:15:12","modified_gmt":"2026-04-23T12:15:12","slug":"rozdzielnica-budowlana-16a-32a-zabezpieczenia-sez-erbetka-gumowa-schuko-ip54-doktorvolt-dv-4654-d-bagu-s-fi","status":"publish","type":"product","link":"https:\/\/doktorvolt.pl\/de\/offer-doktorvolt\/stromverteiler\/kib-serie\/rozdzielnica-budowlana-16a-32a-zabezpieczenia-sez-erbetka-gumowa-schuko-ip54-doktorvolt-dv-4654-d-bagu-s-fi\/","title":{"rendered":"Baustromverteiler 16A\/32A FI und LS Schalter Stromverteiler Gummigeh\u00e4use Schuko IP54 Doktorvolt BAGU-S\/FI DV-4654-D"},"content":{"rendered":"<h1 style=\"text-align: center; font-size: 24pt;\"><span>Baustromverteiler 16A\/32A FI und LS Schalter Stromverteiler Gummigeh\u00e4use Schuko IP54 Doktorvolt DV-4654-D BAGU-S\/FI<\/span><\/h1>\n<h4 style=\"font-size: 14pt; text-align: center;\"><span>Der Verteiler ist mit einer Mennekes Kraftsteckdose 16A 5P 400V IP44 sowie drei Mennekes Schuko-Steckdosen 230V 16A ausgestattet. Der eingebaute FI-Schutzschalter SEZ 40A 30mA 4P Typ A RCCB bietet Schutz gegen elektrischen Schlag.<\/span><\/h4>\n<div><img decoding=\"async\" style=\"max-width: 100%;\" src=\"https:\/\/shop38554-1.yourtechnicaldomain.com\/data\/include\/cms\/1-zdjecia-produktow\/DOKTORVOLT\/DV-4995-EV\/ikonka_zielona_z_literka_D_biala.png?v=1729773346118\" border=\"0\" width=\"1900\" height=\"30\"><\/div>\n<div style=\"display: flex; width: 100%; flex-wrap: wrap; justify-content: space-around;\">\n<div style=\"display: flex; flex-direction: column; justify-content: center; align-items: left; padding-left: 50px; padding-right: 50px; padding-top: 30px;\">\n<div style=\"max-width: 500px;\">\n<h2 style=\"font-size: 14pt; color: #000 !important;\"><strong>Erweiterte Kraftsteckdosen<\/strong><\/h2>\n<\/p><\/div>\n<div style=\"font-size: 12pt; min-width: 250px; max-width: 472px; text-align: justify;\"><span>Der Verteiler ist mit einer Mennekes-Steckdose 16A 5P 400V IP44 ausgestattet, die eine stabile und sichere Stromversorgung von Baumaschinen, Betonmischern oder Heizger\u00e4ten erm\u00f6glicht. Drei 230V 16A Mennekes Schuko-Steckdosen bieten einen komfortablen Anschluss f\u00fcr Elektrowerkzeuge wie Bohrmaschinen, Schleifmaschinen oder Akkuladeger\u00e4te. Alle Steckdosen sind mit eigenen Leitungsschutzschaltern C16 vor \u00dcberlast gesch\u00fctzt.<\/span><\/div>\n<\/p><\/div>\n<div><img decoding=\"async\" src=\"https:\/\/preis-zone.com\/hpeciai\/1864995682714ebbbd5430d806a5f0ef\/14188_2.jpg?23150\" width=\"472\" height=\"472\" style=\"max-width: 100%;\"><\/div>\n<\/p><\/div>\n<div><img decoding=\"async\" style=\"max-width: 100%;\" src=\"https:\/\/shop38554-1.yourtechnicaldomain.com\/data\/include\/cms\/1-zdjecia-produktow\/DOKTORVOLT\/DV-4995-EV\/ikonka_zielona_z_literka_D_biala.png?v=1729773346118\" border=\"0\" width=\"1900\" height=\"30\"><\/div>\n<div style=\"display: flex; width: 100%; flex-wrap: wrap; justify-content: space-around;\">\n<div>\n  <img decoding=\"async\" style=\"max-width=100%; margin-top: 50px; padding-top: 50px;\" src=\"https:\/\/preis-zone.com\/hpeciai\/53d44c674844add452ecdf8ecdd1f9e6\/14188_3.jpg?871024\" width=\"472\" height=\"472\">\n  <\/div>\n<div style=\"display: flex; flex-direction: column; justify-content: center; align-items: left; padding-left: 50px; padding-right: 50px; padding-top: 30px; max-width: 500px;\">\n<h2 style=\"font-size: 14pt; color: #000 !important;\"><strong>Professionelle elektrische Schutzma\u00dfnahmen<\/strong><\/h2>\n<div style=\"font-size: 12pt; min-width: 250px; text-align: justify;\"><span>Der integrierte Fehlerstromschutzschalter SEZ 40A 30mA 4P Typ A RCCB bietet Schutz gegen elektrischen Schlag und erkennt selbst kleinste Stromlecks, was auf feuchten und anspruchsvollen Baustellen entscheidend ist. Dank des robusten \u00dcberstromschutzes von SEZ-KROMPACHY sind alle angeschlossenen Ger\u00e4te wirksam vor Kurzschluss und \u00dcberlast gesch\u00fctzt, was die Sicherheit des gesamten Stromverteilungssystems erh\u00f6ht.<\/span><\/div>\n<\/p><\/div>\n<\/p><\/div>\n<p> <!-- Specyfikacja Techniczna --><\/p>\n<div style=\"display: flex; justify-content: center; align-items: center; padding: 20px; background-color: #fff;\">\n<div style=\"font-family: Arial, sans-serif; padding: 20px; max-width: 900px; border-radius: 8px; box-shadow: 0 4px 8px rgba(0, 0, 0, 0.1); text-align: left; background-color: white;\">\n<h2 style=\"background-color: #7dd956; font-size: 14pt; color: #333; padding: 15px; border-radius: 8px 8px 0 0; text-align: center;\">Technische Spezifikation<\/h2>\n<p>  <!-- Obudowa i budowa rozdzielnicy --><\/p>\n<div style=\"display: flex; align-items: center; margin-bottom: 30px; flex-wrap: wrap;\">\n<div style=\"flex: 1; max-width: 450px; padding-right: 30px; text-align: justify; font-size: 12pt\">\n<h2 style=\"border-bottom: 5px solid #7dd956; font-size: 14pt; padding-bottom: 10px; color: #333;\">Geh\u00e4use und Aufbau des Verteilers<\/h2>\n<p><strong>Anzahl der Module:<\/strong> 10<\/p>\n<p><strong>Anzahl der Reihen:<\/strong> 1<\/p>\n<p><strong>Schutzart:<\/strong> IP54<\/p>\n<p><strong>Hitzebest\u00e4ndigkeit:<\/strong> 960\u00baC<\/p>\n<p><strong>Geh\u00e4useabmessungen mit Steckdosen:<\/strong> 270 x 230 x 230 mm<\/p>\n<p><strong>Geh\u00e4usematerial:<\/strong> Gummi (Kautschuk)<\/p>\n<p><strong>Griff:<\/strong> Ja<\/p>\n<p><strong>Schutz durch selbstschlie\u00dfendes, sto\u00dffestes Fenster:<\/strong> Ja<\/p>\n<p><strong>Inspektionsfenster-\u00d6ffnungswinkel:<\/strong> > 180\u00b0<\/p>\n<p><strong>Geh\u00e4usefarbe:<\/strong> Schwarz<\/p>\n<p><strong>Schraubenmaterial:<\/strong> Edelstahl<\/p>\n<p><strong>Dichtungsmaterial:<\/strong> EPDM-Gummi<\/p>\n<p><strong>Zertifikate und Normen:<\/strong> \u00d6VE<\/p>\n<\/p><\/div>\n<div style=\"flex: 1; max-width: 400px; text-align: center;\">\n  <img decoding=\"async\" src=\"https:\/\/preis-zone.com\/hpeciai\/1ced536304a2d8343bbfd30b1d1f8323\/14188_1.jpg?19993\" alt=\"Bild 1\" style=\"width: 100%; max-width: 400px; height: auto; border-radius: 8px;\">\n  <\/div>\n<\/p><\/div>\n<p>  <!-- Wyposa\u017cenie elektryczne i gniazda --><\/p>\n<div style=\"display: flex; align-items: center; margin-bottom: 30px; flex-wrap: wrap; flex-direction: row-reverse;\">\n<div style=\"flex: 1; max-width: 450px; padding-left: 30px; text-align: justify; font-size: 12pt\">\n<h2 style=\"border-bottom: 5px solid #7dd956; font-size: 14pt; padding-bottom: 10px; color: #333;\">Elektrische Ausstattung und Steckdosen<\/h2>\n<p><strong>Schutz gegen indirekten Kontakt:<\/strong> FI-Schalter SEZ 40A 30mA 4P Typ A RCCB<\/p>\n<p><strong>Kraftsteckdosen:<\/strong> 1 x 16A 5P 400V IP44 rot Typ 1385 Mennekes<\/p>\n<p><strong>Leitungsschutzschalter f\u00fcr Kraftsteckdosen:<\/strong> 1 x C16 3P 10kA SEZ-KROMPACHY<\/p>\n<p><strong>230V Steckdosen:<\/strong> 3 x 230V 16A Mennekes 11011 IP54 2P+E (deutsches Schuko-System)<\/p>\n<p><strong>Leitungsschutzschalter f\u00fcr 230V Steckdosen:<\/strong> 3 x C16 1P 10kA SEZ-KROMPACHY<\/p>\n<p><strong>Empf\u00e4ngerstecker:<\/strong> 1 x 32A 5P 6h 400V IP44 Typ 1409 Mennekes<\/p>\n<\/p><\/div>\n<div style=\"flex: 1; max-width: 400px; text-align: center;\">\n  <img decoding=\"async\" src=\"https:\/\/preis-zone.com\/data\/include\/cms\/1-zdjecia-produktow\/Mennekes\/1385\/Gniazdo_16A5P_tablicowe_IP44_1385_MENNEKES.jpg?v=1741009864029\" alt=\"Bild 2\" style=\"width: 100%; max-width: 400px; height: auto; border-radius: 8px;\">\n  <\/div>\n<\/p><\/div>\n<p>  <!-- Okablowanie i przy\u0142\u0105cza --><\/p>\n<div style=\"display: flex; align-items: center; margin-bottom: 30px; flex-wrap: wrap;\">\n<div style=\"flex: 1; max-width: 450px; padding-right: 30px; text-align: justify; font-size: 12pt\">\n<h2 style=\"border-bottom: 5px solid #7dd956; font-size: 14pt; padding-bottom: 10px; color: #333;\">Verkabelung und Anschl\u00fcsse<\/h2>\n<p><strong>Kabeltyp:<\/strong> H07V-K 2,5, 4 mm\u00b2 (gelb-gr\u00fcn, schwarz) sowie H07V-K 2,5, 4, 6 mm\u00b2 (blau)<\/p>\n<\/p><\/div>\n<div style=\"flex: 1; max-width: 400px; text-align: center;\">\n  <img decoding=\"async\" src=\"https:\/\/preis-zone.com\/data\/include\/cms\/1-zdjecia-produktow\/Mennekes\/1409\/1409_MENNEKES.JPG?v=1741009934794\" alt=\"Bild 3\" style=\"width: 100%; max-width: 400px; height: auto; border-radius: 8px;\">\n  <\/div>\n<\/p><\/div>\n<p>  <!-- Informacje techniczne i producenta --><\/p>\n<div style=\"display: flex; align-items: center; margin-bottom: 30px; flex-wrap: wrap; flex-direction: row-reverse;\">\n<div style=\"flex: 1; max-width: 450px; padding-left: 30px; text-align: justify; font-size: 12pt\">\n<h2 style=\"border-bottom: 5px solid #7dd956; font-size: 14pt; padding-bottom: 10px; color: #333;\">Technische Informationen und Hersteller<\/h2>\n<p><strong>Nennstrom:<\/strong> 32 A<\/p>\n<p><strong>Nennspannung:<\/strong> 230 \/ 400 V 50Hz AC<\/p>\n<p><strong>ICC:<\/strong> \u2264 10 kA<\/p>\n<p><strong>RDF:<\/strong> 0,8<\/p>\n<p><strong>Hersteller:<\/strong> Doktorvolt<\/p>\n<p><strong>Zertifikate und Normen des Herstellers:<\/strong> T\u00dcV S\u00dcD, ISO 9001:2015, CE, IEC 61439<\/p>\n<p><strong>SKU:<\/strong> DV-4654-D<\/p>\n<p><strong>EAN:<\/strong> 5907589334654<\/p>\n<\/p><\/div>\n<div style=\"flex: 1; max-width: 400px; text-align: center;\">\n  <img decoding=\"async\" src=\"https:\/\/preis-zone.com\/hpeciai\/58a7c9d4d61645defe6aa9e8e2418632\/14188_4.jpg?21636\" alt=\"Bild 4\" style=\"width: 100%; max-width: 400px; height: auto; border-radius: 8px;\">\n  <\/div>\n<\/p><\/div>\n<\/p><\/div>\n<\/p><\/div>\n<div style=\"display: flex; width: 100%; flex-wrap: wrap; justify-content: space-around;\">\n<div style=\"display: flex; flex-direction: column; justify-content: center; align-items: left; padding-left: 50px; padding-right: 50px; padding-top: 30px;\">\n<div style=\"max-width: 500px;\">\n<h2 style=\"font-size: 14pt; color: #000 !important;\"><strong>Zertifizierung = hohe Qualit\u00e4t:<\/strong><\/h2>\n<\/p><\/div>\n<div style=\"font-size: 12pt; min-width: 250px; max-width: 472px; text-align: justify;\"><span>Die Produkte der Marke DOKTORVOLT werden routinem\u00e4\u00dfig getestet, um die h\u00f6chste Produktqualit\u00e4t sicherzustellen. Jedes Produkt erh\u00e4lt nach bestandener Pr\u00fcfung ein individuelles Zertifikat, das die \u00dcbereinstimmung mit den IEC-Normen best\u00e4tigt. Das Unternehmen verwendet im Produktionsprozess ein zertifiziertes T\u00dcV S\u00dcD-System, das f\u00fcr hohe Qualit\u00e4t steht.<\/span><\/div>\n<\/p><\/div>\n<div><img decoding=\"async\" src=\"https:\/\/preis-zone.pl\/hpeciai\/b50f6f067f4babe8391b5bab852c8573\/pol_pl_Rozdzielnica-budowlana-TD-S-FI-32A-16A-4x230V-Schuko-Doktorvolt-bez-zabezpieczen-6442-16969_12.jpg\" width=\"472\" height=\"472\" style=\"max-width: 100%;\"><\/div>\n<\/p><\/div>\n<div><img decoding=\"async\" style=\"max-width: 100%;\" src=\"https:\/\/shop38554-1.yourtechnicaldomain.com\/data\/include\/cms\/1-zdjecia-produktow\/DOKTORVOLT\/DV-4995-EV\/ikonka_zielona_z_literka_D_biala.png?v=1729773346118\" border=\"0\" width=\"1900\" height=\"30\"><\/div>\n<div style=\"display: flex; width: 100%; flex-wrap: wrap; justify-content: space-around;\">\n<div><img decoding=\"async\" src=\"https:\/\/shop38554-1.yourtechnicaldomain.com\/data\/include\/cms\/1-zdjecia-produktow\/Logo-IP\/IP_54.png?v=1729852282241\" width=\"472\" height=\"472\" style=\"max-width: 100%;\"><\/div>\n<div style=\"display: flex; flex-direction: column; justify-content: center; align-items: left; padding-left: 50px; padding-right: 50px; padding-top: 30px; max-width: 500px;\">\n<h2 style=\"font-size: 14pt; color: #000 !important;\"><strong>Schutzart IP = mehr Sicherheit:<\/strong><\/h2>\n<div style=\"font-size: 12pt; min-width: 250px; text-align: justify;\"><span>Die IP-Schutzart ist ein internationaler Standard, der den Benutzer \u00fcber die Widerstandsf\u00e4higkeit eines Gegenstandes gegen potenzielle Gefahren informiert. Produkte mit IP-Schutz gew\u00e4hrleisten einen st\u00f6rungsfreien Betrieb des Ger\u00e4ts unter weniger kontrollierten Bedingungen sowie die Sicherheit des Benutzers. Die in unserem Verteiler angewandte Schutzklasse IP54 besagt:<br \/>\n   Schutz gegen das Eindringen von Feststoffen mit einem Durchmesser gr\u00f6\u00dfer als 1 mm<br \/>\n   Schutz gegen Spritzwasser aus jeder Richtung<\/span><\/div>\n<\/p><\/div>\n<\/p><\/div>\n<div><img decoding=\"async\" style=\"max-width: 100%;\" src=\"https:\/\/shop38554-1.yourtechnicaldomain.com\/data\/include\/cms\/1-zdjecia-produktow\/DOKTORVOLT\/DV-4995-EV\/ikonka_zielona_z_literka_D_biala.png?v=1729773346118\" border=\"0\" width=\"1900\" height=\"30\"><\/div>\n<div style=\"display: flex; flex-direction: column; align-items: center; justify-content: center; text-align: center; width: 100%;\">\n<h2 style=\"font-size: 18pt; color: #000; color: #000 !important;\">Vertrauensw\u00fcrdiger Hersteller:<\/h2>\n<p style=\"font-size: 16pt; line-height: 1.5; color: #000; max-width: 800px; text-align: justify;\">\n   Doktorvolt\u00ae ist ein Unternehmen, das im Jahr 2013 gegr\u00fcndet wurde. Das schnell wachsende Unternehmen hat den polnischen und ausl\u00e4ndischen Markt erobert. Der Firmensitz befindet sich in Malich\u00f3w in der Woiwodschaft Oppeln, wo sich auch eine moderne Produktionshalle und Lager befinden. Das Unternehmen ist auf die Herstellung von Bauverteilern spezialisiert und zeichnet sich durch Qualit\u00e4t und solide Arbeit aus. Jeder Verteiler besteht aus hochwertigen Komponenten. Die Produkte der Firma Doktorvolt\u00ae erf\u00fcllen europ\u00e4ische Standards und Sicherheitsnormen.\n <\/p>\n<p> <img decoding=\"async\" src=\"https:\/\/shop38554-1.yourtechnicaldomain.com\/data\/include\/cms\/1-zdjecia-produktow\/doktorvolt-logo\/nowe.jpg?v=1729077634670\" alt=\"Doktorvolt logo\" width=\"566\" height=\"155\" style=\"margin-top: 20px;\">\n <\/div>\n","protected":false},"excerpt":{"rendered":"<p>Der Verteiler ist mit einer Mennekes Kraftsteckdose 16A 5P 400V IP44 sowie drei Mennekes Schuko-Steckdosen 230V 16A ausgestattet. Der eingebaute FI-Schutzschalter SEZ 40A 30mA 4P Typ A RCCB bietet Schutz gegen elektrischen Schlag.<\/p>\n","protected":false},"featured_media":100381,"template":"","meta":[],"product_brand":[],"product_cat":[4526],"product_tag":[],"class_list":{"0":"post-110201","1":"product","2":"type-product","3":"status-publish","4":"has-post-thumbnail","6":"product_cat-kib-serie","8":"first","9":"instock","10":"shipping-taxable","11":"product-type-external"},"yoast_head":"<!-- This site is optimized with the Yoast SEO plugin v27.0 - https:\/\/yoast.com\/product\/yoast-seo-wordpress\/ -->\n<title>Baustromverteiler 16A\/32A FI und LS Schalter Stromverteiler Gummigeh\u00e4use Schuko IP54 Doktorvolt BAGU-S\/FI DV-4654-D - DOKTORVOLT\u00ae<\/title>\n<meta name=\"robots\" content=\"index, follow, max-snippet:-1, max-image-preview:large, max-video-preview:-1\" \/>\n<link rel=\"canonical\" href=\"https:\/\/doktorvolt.pl\/de\/offer-doktorvolt\/stromverteiler\/kib-serie\/rozdzielnica-budowlana-16a-32a-zabezpieczenia-sez-erbetka-gumowa-schuko-ip54-doktorvolt-dv-4654-d-bagu-s-fi\/\" \/>\n<meta property=\"og:locale\" content=\"de_DE\" \/>\n<meta property=\"og:type\" content=\"article\" \/>\n<meta property=\"og:title\" content=\"Baustromverteiler 16A\/32A FI und LS Schalter Stromverteiler Gummigeh\u00e4use Schuko IP54 Doktorvolt BAGU-S\/FI DV-4654-D - DOKTORVOLT\u00ae\" \/>\n<meta property=\"og:description\" content=\"Der Verteiler ist mit einer Mennekes Kraftsteckdose 16A 5P 400V IP44 sowie drei Mennekes Schuko-Steckdosen 230V 16A ausgestattet. Der eingebaute FI-Schutzschalter SEZ 40A 30mA 4P Typ A RCCB bietet Schutz gegen elektrischen Schlag.\" \/>\n<meta property=\"og:url\" content=\"https:\/\/doktorvolt.pl\/de\/offer-doktorvolt\/stromverteiler\/kib-serie\/rozdzielnica-budowlana-16a-32a-zabezpieczenia-sez-erbetka-gumowa-schuko-ip54-doktorvolt-dv-4654-d-bagu-s-fi\/\" \/>\n<meta property=\"og:site_name\" content=\"DOKTORVOLT\u00ae\" \/>\n<meta property=\"article:modified_time\" content=\"2026-04-23T12:15:12+00:00\" \/>\n<meta property=\"og:image\" content=\"https:\/\/doktorvolt.pl\/wp-content\/uploads\/2026\/02\/pol_pl_14188-14188_1.jpg\" \/>\n\t<meta property=\"og:image:width\" content=\"1000\" \/>\n\t<meta property=\"og:image:height\" content=\"1000\" \/>\n\t<meta property=\"og:image:type\" content=\"image\/jpeg\" \/>\n<meta name=\"twitter:card\" content=\"summary_large_image\" \/>\n<meta name=\"twitter:label1\" content=\"Gesch\u00e4tzte Lesezeit\" \/>\n\t<meta name=\"twitter:data1\" content=\"3\u00a0Minuten\" \/>\n<script type=\"application\/ld+json\" class=\"yoast-schema-graph\">{\"@context\":\"https:\/\/schema.org\",\"@graph\":[{\"@type\":\"WebPage\",\"@id\":\"https:\/\/doktorvolt.pl\/de\/offer-doktorvolt\/stromverteiler\/kib-serie\/rozdzielnica-budowlana-16a-32a-zabezpieczenia-sez-erbetka-gumowa-schuko-ip54-doktorvolt-dv-4654-d-bagu-s-fi\/\",\"url\":\"https:\/\/doktorvolt.pl\/de\/offer-doktorvolt\/stromverteiler\/kib-serie\/rozdzielnica-budowlana-16a-32a-zabezpieczenia-sez-erbetka-gumowa-schuko-ip54-doktorvolt-dv-4654-d-bagu-s-fi\/\",\"name\":\"Baustromverteiler 16A\/32A FI und LS Schalter Stromverteiler Gummigeh\u00e4use Schuko IP54 Doktorvolt BAGU-S\/FI DV-4654-D - DOKTORVOLT\u00ae\",\"isPartOf\":{\"@id\":\"https:\/\/doktorvolt.pl\/de\/#website\"},\"primaryImageOfPage\":{\"@id\":\"https:\/\/doktorvolt.pl\/de\/offer-doktorvolt\/stromverteiler\/kib-serie\/rozdzielnica-budowlana-16a-32a-zabezpieczenia-sez-erbetka-gumowa-schuko-ip54-doktorvolt-dv-4654-d-bagu-s-fi\/#primaryimage\"},\"image\":{\"@id\":\"https:\/\/doktorvolt.pl\/de\/offer-doktorvolt\/stromverteiler\/kib-serie\/rozdzielnica-budowlana-16a-32a-zabezpieczenia-sez-erbetka-gumowa-schuko-ip54-doktorvolt-dv-4654-d-bagu-s-fi\/#primaryimage\"},\"thumbnailUrl\":\"https:\/\/doktorvolt.pl\/wp-content\/uploads\/2026\/02\/pol_pl_14188-14188_1.jpg\",\"datePublished\":\"2026-02-23T13:07:08+00:00\",\"dateModified\":\"2026-04-23T12:15:12+00:00\",\"breadcrumb\":{\"@id\":\"https:\/\/doktorvolt.pl\/de\/offer-doktorvolt\/stromverteiler\/kib-serie\/rozdzielnica-budowlana-16a-32a-zabezpieczenia-sez-erbetka-gumowa-schuko-ip54-doktorvolt-dv-4654-d-bagu-s-fi\/#breadcrumb\"},\"inLanguage\":\"de\",\"potentialAction\":[{\"@type\":\"ReadAction\",\"target\":[\"https:\/\/doktorvolt.pl\/de\/offer-doktorvolt\/stromverteiler\/kib-serie\/rozdzielnica-budowlana-16a-32a-zabezpieczenia-sez-erbetka-gumowa-schuko-ip54-doktorvolt-dv-4654-d-bagu-s-fi\/\"]}]},{\"@type\":\"ImageObject\",\"inLanguage\":\"de\",\"@id\":\"https:\/\/doktorvolt.pl\/de\/offer-doktorvolt\/stromverteiler\/kib-serie\/rozdzielnica-budowlana-16a-32a-zabezpieczenia-sez-erbetka-gumowa-schuko-ip54-doktorvolt-dv-4654-d-bagu-s-fi\/#primaryimage\",\"url\":\"https:\/\/doktorvolt.pl\/wp-content\/uploads\/2026\/02\/pol_pl_14188-14188_1.jpg\",\"contentUrl\":\"https:\/\/doktorvolt.pl\/wp-content\/uploads\/2026\/02\/pol_pl_14188-14188_1.jpg\",\"width\":1000,\"height\":1000},{\"@type\":\"BreadcrumbList\",\"@id\":\"https:\/\/doktorvolt.pl\/de\/offer-doktorvolt\/stromverteiler\/kib-serie\/rozdzielnica-budowlana-16a-32a-zabezpieczenia-sez-erbetka-gumowa-schuko-ip54-doktorvolt-dv-4654-d-bagu-s-fi\/#breadcrumb\",\"itemListElement\":[{\"@type\":\"ListItem\",\"position\":1,\"name\":\"Strona g\u0142\u00f3wna\",\"item\":\"https:\/\/doktorvolt.pl\/de\/\"},{\"@type\":\"ListItem\",\"position\":2,\"name\":\"Angebot Doktorvolt\",\"item\":\"https:\/\/doktorvolt.pl\/de\/angebot-doktorvolt\/\"},{\"@type\":\"ListItem\",\"position\":3,\"name\":\"Baustromverteiler 16A\/32A FI und LS Schalter Stromverteiler Gummigeh\u00e4use Schuko IP54 Doktorvolt BAGU-S\/FI DV-4654-D\"}]},{\"@type\":\"WebSite\",\"@id\":\"https:\/\/doktorvolt.pl\/de\/#website\",\"url\":\"https:\/\/doktorvolt.pl\/de\/\",\"name\":\"DOKTORVOLT\u00ae\",\"description\":\"Producent rozdzielnic budowlanych\",\"publisher\":{\"@id\":\"https:\/\/doktorvolt.pl\/de\/#organization\"},\"potentialAction\":[{\"@type\":\"SearchAction\",\"target\":{\"@type\":\"EntryPoint\",\"urlTemplate\":\"https:\/\/doktorvolt.pl\/de\/?s={search_term_string}\"},\"query-input\":{\"@type\":\"PropertyValueSpecification\",\"valueRequired\":true,\"valueName\":\"search_term_string\"}}],\"inLanguage\":\"de\"},{\"@type\":\"Organization\",\"@id\":\"https:\/\/doktorvolt.pl\/de\/#organization\",\"name\":\"DOKTORVOLT\u00ae\",\"url\":\"https:\/\/doktorvolt.pl\/de\/\",\"logo\":{\"@type\":\"ImageObject\",\"inLanguage\":\"de\",\"@id\":\"https:\/\/doktorvolt.pl\/de\/#\/schema\/logo\/image\/\",\"url\":\"https:\/\/doktorvolt.pl\/wp-content\/uploads\/2023\/10\/DoktorVOLT-black-png.png\",\"contentUrl\":\"https:\/\/doktorvolt.pl\/wp-content\/uploads\/2023\/10\/DoktorVOLT-black-png.png\",\"width\":729,\"height\":40,\"caption\":\"DOKTORVOLT\u00ae\"},\"image\":{\"@id\":\"https:\/\/doktorvolt.pl\/de\/#\/schema\/logo\/image\/\"}}]}<\/script>\n<!-- \/ Yoast SEO plugin. -->","yoast_head_json":{"title":"Baustromverteiler 16A\/32A FI und LS Schalter Stromverteiler Gummigeh\u00e4use Schuko IP54 Doktorvolt BAGU-S\/FI DV-4654-D - DOKTORVOLT\u00ae","robots":{"index":"index","follow":"follow","max-snippet":"max-snippet:-1","max-image-preview":"max-image-preview:large","max-video-preview":"max-video-preview:-1"},"canonical":"https:\/\/doktorvolt.pl\/de\/offer-doktorvolt\/stromverteiler\/kib-serie\/rozdzielnica-budowlana-16a-32a-zabezpieczenia-sez-erbetka-gumowa-schuko-ip54-doktorvolt-dv-4654-d-bagu-s-fi\/","og_locale":"de_DE","og_type":"article","og_title":"Baustromverteiler 16A\/32A FI und LS Schalter Stromverteiler Gummigeh\u00e4use Schuko IP54 Doktorvolt BAGU-S\/FI DV-4654-D - DOKTORVOLT\u00ae","og_description":"Der Verteiler ist mit einer Mennekes Kraftsteckdose 16A 5P 400V IP44 sowie drei Mennekes Schuko-Steckdosen 230V 16A ausgestattet. Der eingebaute FI-Schutzschalter SEZ 40A 30mA 4P Typ A RCCB bietet Schutz gegen elektrischen Schlag.","og_url":"https:\/\/doktorvolt.pl\/de\/offer-doktorvolt\/stromverteiler\/kib-serie\/rozdzielnica-budowlana-16a-32a-zabezpieczenia-sez-erbetka-gumowa-schuko-ip54-doktorvolt-dv-4654-d-bagu-s-fi\/","og_site_name":"DOKTORVOLT\u00ae","article_modified_time":"2026-04-23T12:15:12+00:00","og_image":[{"width":1000,"height":1000,"url":"https:\/\/doktorvolt.pl\/wp-content\/uploads\/2026\/02\/pol_pl_14188-14188_1.jpg","type":"image\/jpeg"}],"twitter_card":"summary_large_image","twitter_misc":{"Gesch\u00e4tzte Lesezeit":"3\u00a0Minuten"},"schema":{"@context":"https:\/\/schema.org","@graph":[{"@type":"WebPage","@id":"https:\/\/doktorvolt.pl\/de\/offer-doktorvolt\/stromverteiler\/kib-serie\/rozdzielnica-budowlana-16a-32a-zabezpieczenia-sez-erbetka-gumowa-schuko-ip54-doktorvolt-dv-4654-d-bagu-s-fi\/","url":"https:\/\/doktorvolt.pl\/de\/offer-doktorvolt\/stromverteiler\/kib-serie\/rozdzielnica-budowlana-16a-32a-zabezpieczenia-sez-erbetka-gumowa-schuko-ip54-doktorvolt-dv-4654-d-bagu-s-fi\/","name":"Baustromverteiler 16A\/32A FI und LS Schalter Stromverteiler Gummigeh\u00e4use Schuko IP54 Doktorvolt BAGU-S\/FI DV-4654-D - DOKTORVOLT\u00ae","isPartOf":{"@id":"https:\/\/doktorvolt.pl\/de\/#website"},"primaryImageOfPage":{"@id":"https:\/\/doktorvolt.pl\/de\/offer-doktorvolt\/stromverteiler\/kib-serie\/rozdzielnica-budowlana-16a-32a-zabezpieczenia-sez-erbetka-gumowa-schuko-ip54-doktorvolt-dv-4654-d-bagu-s-fi\/#primaryimage"},"image":{"@id":"https:\/\/doktorvolt.pl\/de\/offer-doktorvolt\/stromverteiler\/kib-serie\/rozdzielnica-budowlana-16a-32a-zabezpieczenia-sez-erbetka-gumowa-schuko-ip54-doktorvolt-dv-4654-d-bagu-s-fi\/#primaryimage"},"thumbnailUrl":"https:\/\/doktorvolt.pl\/wp-content\/uploads\/2026\/02\/pol_pl_14188-14188_1.jpg","datePublished":"2026-02-23T13:07:08+00:00","dateModified":"2026-04-23T12:15:12+00:00","breadcrumb":{"@id":"https:\/\/doktorvolt.pl\/de\/offer-doktorvolt\/stromverteiler\/kib-serie\/rozdzielnica-budowlana-16a-32a-zabezpieczenia-sez-erbetka-gumowa-schuko-ip54-doktorvolt-dv-4654-d-bagu-s-fi\/#breadcrumb"},"inLanguage":"de","potentialAction":[{"@type":"ReadAction","target":["https:\/\/doktorvolt.pl\/de\/offer-doktorvolt\/stromverteiler\/kib-serie\/rozdzielnica-budowlana-16a-32a-zabezpieczenia-sez-erbetka-gumowa-schuko-ip54-doktorvolt-dv-4654-d-bagu-s-fi\/"]}]},{"@type":"ImageObject","inLanguage":"de","@id":"https:\/\/doktorvolt.pl\/de\/offer-doktorvolt\/stromverteiler\/kib-serie\/rozdzielnica-budowlana-16a-32a-zabezpieczenia-sez-erbetka-gumowa-schuko-ip54-doktorvolt-dv-4654-d-bagu-s-fi\/#primaryimage","url":"https:\/\/doktorvolt.pl\/wp-content\/uploads\/2026\/02\/pol_pl_14188-14188_1.jpg","contentUrl":"https:\/\/doktorvolt.pl\/wp-content\/uploads\/2026\/02\/pol_pl_14188-14188_1.jpg","width":1000,"height":1000},{"@type":"BreadcrumbList","@id":"https:\/\/doktorvolt.pl\/de\/offer-doktorvolt\/stromverteiler\/kib-serie\/rozdzielnica-budowlana-16a-32a-zabezpieczenia-sez-erbetka-gumowa-schuko-ip54-doktorvolt-dv-4654-d-bagu-s-fi\/#breadcrumb","itemListElement":[{"@type":"ListItem","position":1,"name":"Strona g\u0142\u00f3wna","item":"https:\/\/doktorvolt.pl\/de\/"},{"@type":"ListItem","position":2,"name":"Angebot Doktorvolt","item":"https:\/\/doktorvolt.pl\/de\/angebot-doktorvolt\/"},{"@type":"ListItem","position":3,"name":"Baustromverteiler 16A\/32A FI und LS Schalter Stromverteiler Gummigeh\u00e4use Schuko IP54 Doktorvolt BAGU-S\/FI DV-4654-D"}]},{"@type":"WebSite","@id":"https:\/\/doktorvolt.pl\/de\/#website","url":"https:\/\/doktorvolt.pl\/de\/","name":"DOKTORVOLT\u00ae","description":"Producent rozdzielnic budowlanych","publisher":{"@id":"https:\/\/doktorvolt.pl\/de\/#organization"},"potentialAction":[{"@type":"SearchAction","target":{"@type":"EntryPoint","urlTemplate":"https:\/\/doktorvolt.pl\/de\/?s={search_term_string}"},"query-input":{"@type":"PropertyValueSpecification","valueRequired":true,"valueName":"search_term_string"}}],"inLanguage":"de"},{"@type":"Organization","@id":"https:\/\/doktorvolt.pl\/de\/#organization","name":"DOKTORVOLT\u00ae","url":"https:\/\/doktorvolt.pl\/de\/","logo":{"@type":"ImageObject","inLanguage":"de","@id":"https:\/\/doktorvolt.pl\/de\/#\/schema\/logo\/image\/","url":"https:\/\/doktorvolt.pl\/wp-content\/uploads\/2023\/10\/DoktorVOLT-black-png.png","contentUrl":"https:\/\/doktorvolt.pl\/wp-content\/uploads\/2023\/10\/DoktorVOLT-black-png.png","width":729,"height":40,"caption":"DOKTORVOLT\u00ae"},"image":{"@id":"https:\/\/doktorvolt.pl\/de\/#\/schema\/logo\/image\/"}}]}},"_links":{"self":[{"href":"https:\/\/doktorvolt.pl\/de\/wp-json\/wp\/v2\/product\/110201","targetHints":{"allow":["GET"]}}],"collection":[{"href":"https:\/\/doktorvolt.pl\/de\/wp-json\/wp\/v2\/product"}],"about":[{"href":"https:\/\/doktorvolt.pl\/de\/wp-json\/wp\/v2\/types\/product"}],"wp:featuredmedia":[{"embeddable":true,"href":"https:\/\/doktorvolt.pl\/de\/wp-json\/wp\/v2\/media\/100381"}],"wp:attachment":[{"href":"https:\/\/doktorvolt.pl\/de\/wp-json\/wp\/v2\/media?parent=110201"}],"wp:term":[{"taxonomy":"product_brand","embeddable":true,"href":"https:\/\/doktorvolt.pl\/de\/wp-json\/wp\/v2\/product_brand?post=110201"},{"taxonomy":"product_cat","embeddable":true,"href":"https:\/\/doktorvolt.pl\/de\/wp-json\/wp\/v2\/product_cat?post=110201"},{"taxonomy":"product_tag","embeddable":true,"href":"https:\/\/doktorvolt.pl\/de\/wp-json\/wp\/v2\/product_tag?post=110201"}],"curies":[{"name":"wp","href":"https:\/\/api.w.org\/{rel}","templated":true}]}}