{"id":110333,"date":"2026-02-23T14:48:01","date_gmt":"2026-02-23T12:48:01","guid":{"rendered":"https:\/\/doktorvolt.pl\/sklep\/unkategorisiert\/obudowa-rozdzielnicy-hl-ip44-doktorvolt-5323\/"},"modified":"2026-02-27T09:19:02","modified_gmt":"2026-02-27T07:19:02","slug":"obudowa-rozdzielnicy-hl-ip44-doktorvolt-5323","status":"publish","type":"product","link":"https:\/\/doktorvolt.pl\/de\/oferta-doktorvolt\/zubehoer\/stromverteiler-leergehaeuse\/obudowa-rozdzielnicy-hl-ip44-doktorvolt-5323\/","title":{"rendered":"Stromverteiler Geh\u00e4use HL IP44 Doktorvolt DV-5323"},"content":{"rendered":"<p>Stromverteiler Geh\u00e4use HL IP44 Doktorvolt 5323 5901583205323 Stromverteiler Geh\u00e4use sch\u00fctzt transparente<\/p>\n","protected":false},"excerpt":{"rendered":"<p>Stromverteiler Geh\u00e4use HL IP44 Doktorvolt 5323 5901583205323 Stromverteiler Geh\u00e4use sch\u00fctzt transparente<\/p>\n","protected":false},"featured_media":98408,"template":"","meta":[],"product_brand":[],"product_cat":[4508],"product_tag":[],"class_list":{"0":"post-110333","1":"product","2":"type-product","3":"status-publish","4":"has-post-thumbnail","6":"product_cat-stromverteiler-leergehaeuse","8":"first","9":"instock","10":"shipping-taxable","11":"product-type-external"},"yoast_head":"<!-- This site is optimized with the Yoast SEO plugin v27.0 - https:\/\/yoast.com\/product\/yoast-seo-wordpress\/ -->\n<title>Stromverteiler Geh\u00e4use HL IP44 Doktorvolt DV-5323 - DOKTORVOLT\u00ae<\/title>\n<meta name=\"robots\" content=\"index, follow, max-snippet:-1, max-image-preview:large, max-video-preview:-1\" \/>\n<link rel=\"canonical\" href=\"https:\/\/doktorvolt.pl\/de\/oferta-doktorvolt\/zubehoer\/stromverteiler-leergehaeuse\/obudowa-rozdzielnicy-hl-ip44-doktorvolt-5323\/\" \/>\n<meta property=\"og:locale\" content=\"de_DE\" \/>\n<meta property=\"og:type\" content=\"article\" \/>\n<meta property=\"og:title\" content=\"Stromverteiler Geh\u00e4use HL IP44 Doktorvolt DV-5323 - DOKTORVOLT\u00ae\" \/>\n<meta property=\"og:description\" content=\"Stromverteiler Geh\u00e4use HL IP44 Doktorvolt 5323 5901583205323 Stromverteiler Geh\u00e4use sch\u00fctzt transparente\" \/>\n<meta property=\"og:url\" content=\"https:\/\/doktorvolt.pl\/de\/oferta-doktorvolt\/zubehoer\/stromverteiler-leergehaeuse\/obudowa-rozdzielnicy-hl-ip44-doktorvolt-5323\/\" \/>\n<meta property=\"og:site_name\" content=\"DOKTORVOLT\u00ae\" \/>\n<meta property=\"article:modified_time\" content=\"2026-02-27T07:19:02+00:00\" \/>\n<meta property=\"og:image\" content=\"https:\/\/doktorvolt.pl\/wp-content\/uploads\/2026\/02\/pol_pl_14418-14418_1.jpg\" \/>\n\t<meta property=\"og:image:width\" content=\"400\" \/>\n\t<meta property=\"og:image:height\" content=\"573\" \/>\n\t<meta property=\"og:image:type\" content=\"image\/jpeg\" \/>\n<meta name=\"twitter:card\" content=\"summary_large_image\" \/>\n<script type=\"application\/ld+json\" class=\"yoast-schema-graph\">{\"@context\":\"https:\/\/schema.org\",\"@graph\":[{\"@type\":\"WebPage\",\"@id\":\"https:\/\/doktorvolt.pl\/de\/oferta-doktorvolt\/zubehoer\/stromverteiler-leergehaeuse\/obudowa-rozdzielnicy-hl-ip44-doktorvolt-5323\/\",\"url\":\"https:\/\/doktorvolt.pl\/de\/oferta-doktorvolt\/zubehoer\/stromverteiler-leergehaeuse\/obudowa-rozdzielnicy-hl-ip44-doktorvolt-5323\/\",\"name\":\"Stromverteiler Geh\u00e4use HL IP44 Doktorvolt DV-5323 - DOKTORVOLT\u00ae\",\"isPartOf\":{\"@id\":\"https:\/\/doktorvolt.pl\/de\/#website\"},\"primaryImageOfPage\":{\"@id\":\"https:\/\/doktorvolt.pl\/de\/oferta-doktorvolt\/zubehoer\/stromverteiler-leergehaeuse\/obudowa-rozdzielnicy-hl-ip44-doktorvolt-5323\/#primaryimage\"},\"image\":{\"@id\":\"https:\/\/doktorvolt.pl\/de\/oferta-doktorvolt\/zubehoer\/stromverteiler-leergehaeuse\/obudowa-rozdzielnicy-hl-ip44-doktorvolt-5323\/#primaryimage\"},\"thumbnailUrl\":\"https:\/\/doktorvolt.pl\/wp-content\/uploads\/2026\/02\/pol_pl_14418-14418_1.jpg\",\"datePublished\":\"2026-02-23T12:48:01+00:00\",\"dateModified\":\"2026-02-27T07:19:02+00:00\",\"breadcrumb\":{\"@id\":\"https:\/\/doktorvolt.pl\/de\/oferta-doktorvolt\/zubehoer\/stromverteiler-leergehaeuse\/obudowa-rozdzielnicy-hl-ip44-doktorvolt-5323\/#breadcrumb\"},\"inLanguage\":\"de\",\"potentialAction\":[{\"@type\":\"ReadAction\",\"target\":[\"https:\/\/doktorvolt.pl\/de\/oferta-doktorvolt\/zubehoer\/stromverteiler-leergehaeuse\/obudowa-rozdzielnicy-hl-ip44-doktorvolt-5323\/\"]}]},{\"@type\":\"ImageObject\",\"inLanguage\":\"de\",\"@id\":\"https:\/\/doktorvolt.pl\/de\/oferta-doktorvolt\/zubehoer\/stromverteiler-leergehaeuse\/obudowa-rozdzielnicy-hl-ip44-doktorvolt-5323\/#primaryimage\",\"url\":\"https:\/\/doktorvolt.pl\/wp-content\/uploads\/2026\/02\/pol_pl_14418-14418_1.jpg\",\"contentUrl\":\"https:\/\/doktorvolt.pl\/wp-content\/uploads\/2026\/02\/pol_pl_14418-14418_1.jpg\",\"width\":400,\"height\":573},{\"@type\":\"BreadcrumbList\",\"@id\":\"https:\/\/doktorvolt.pl\/de\/oferta-doktorvolt\/zubehoer\/stromverteiler-leergehaeuse\/obudowa-rozdzielnicy-hl-ip44-doktorvolt-5323\/#breadcrumb\",\"itemListElement\":[{\"@type\":\"ListItem\",\"position\":1,\"name\":\"Strona g\u0142\u00f3wna\",\"item\":\"https:\/\/doktorvolt.pl\/de\/\"},{\"@type\":\"ListItem\",\"position\":2,\"name\":\"Angebot Doktorvolt\",\"item\":\"https:\/\/doktorvolt.pl\/de\/angebot-doktorvolt\/\"},{\"@type\":\"ListItem\",\"position\":3,\"name\":\"Stromverteiler Geh\u00e4use HL IP44 Doktorvolt DV-5323\"}]},{\"@type\":\"WebSite\",\"@id\":\"https:\/\/doktorvolt.pl\/de\/#website\",\"url\":\"https:\/\/doktorvolt.pl\/de\/\",\"name\":\"DOKTORVOLT\u00ae\",\"description\":\"Producent rozdzielnic budowlanych\",\"publisher\":{\"@id\":\"https:\/\/doktorvolt.pl\/de\/#organization\"},\"potentialAction\":[{\"@type\":\"SearchAction\",\"target\":{\"@type\":\"EntryPoint\",\"urlTemplate\":\"https:\/\/doktorvolt.pl\/de\/?s={search_term_string}\"},\"query-input\":{\"@type\":\"PropertyValueSpecification\",\"valueRequired\":true,\"valueName\":\"search_term_string\"}}],\"inLanguage\":\"de\"},{\"@type\":\"Organization\",\"@id\":\"https:\/\/doktorvolt.pl\/de\/#organization\",\"name\":\"DOKTORVOLT\u00ae\",\"url\":\"https:\/\/doktorvolt.pl\/de\/\",\"logo\":{\"@type\":\"ImageObject\",\"inLanguage\":\"de\",\"@id\":\"https:\/\/doktorvolt.pl\/de\/#\/schema\/logo\/image\/\",\"url\":\"https:\/\/doktorvolt.pl\/wp-content\/uploads\/2023\/10\/DoktorVOLT-black-png.png\",\"contentUrl\":\"https:\/\/doktorvolt.pl\/wp-content\/uploads\/2023\/10\/DoktorVOLT-black-png.png\",\"width\":729,\"height\":40,\"caption\":\"DOKTORVOLT\u00ae\"},\"image\":{\"@id\":\"https:\/\/doktorvolt.pl\/de\/#\/schema\/logo\/image\/\"}}]}<\/script>\n<!-- \/ Yoast SEO plugin. -->","yoast_head_json":{"title":"Stromverteiler Geh\u00e4use HL IP44 Doktorvolt DV-5323 - DOKTORVOLT\u00ae","robots":{"index":"index","follow":"follow","max-snippet":"max-snippet:-1","max-image-preview":"max-image-preview:large","max-video-preview":"max-video-preview:-1"},"canonical":"https:\/\/doktorvolt.pl\/de\/oferta-doktorvolt\/zubehoer\/stromverteiler-leergehaeuse\/obudowa-rozdzielnicy-hl-ip44-doktorvolt-5323\/","og_locale":"de_DE","og_type":"article","og_title":"Stromverteiler Geh\u00e4use HL IP44 Doktorvolt DV-5323 - DOKTORVOLT\u00ae","og_description":"Stromverteiler Geh\u00e4use HL IP44 Doktorvolt 5323 5901583205323 Stromverteiler Geh\u00e4use sch\u00fctzt transparente","og_url":"https:\/\/doktorvolt.pl\/de\/oferta-doktorvolt\/zubehoer\/stromverteiler-leergehaeuse\/obudowa-rozdzielnicy-hl-ip44-doktorvolt-5323\/","og_site_name":"DOKTORVOLT\u00ae","article_modified_time":"2026-02-27T07:19:02+00:00","og_image":[{"width":400,"height":573,"url":"https:\/\/doktorvolt.pl\/wp-content\/uploads\/2026\/02\/pol_pl_14418-14418_1.jpg","type":"image\/jpeg"}],"twitter_card":"summary_large_image","schema":{"@context":"https:\/\/schema.org","@graph":[{"@type":"WebPage","@id":"https:\/\/doktorvolt.pl\/de\/oferta-doktorvolt\/zubehoer\/stromverteiler-leergehaeuse\/obudowa-rozdzielnicy-hl-ip44-doktorvolt-5323\/","url":"https:\/\/doktorvolt.pl\/de\/oferta-doktorvolt\/zubehoer\/stromverteiler-leergehaeuse\/obudowa-rozdzielnicy-hl-ip44-doktorvolt-5323\/","name":"Stromverteiler Geh\u00e4use HL IP44 Doktorvolt DV-5323 - DOKTORVOLT\u00ae","isPartOf":{"@id":"https:\/\/doktorvolt.pl\/de\/#website"},"primaryImageOfPage":{"@id":"https:\/\/doktorvolt.pl\/de\/oferta-doktorvolt\/zubehoer\/stromverteiler-leergehaeuse\/obudowa-rozdzielnicy-hl-ip44-doktorvolt-5323\/#primaryimage"},"image":{"@id":"https:\/\/doktorvolt.pl\/de\/oferta-doktorvolt\/zubehoer\/stromverteiler-leergehaeuse\/obudowa-rozdzielnicy-hl-ip44-doktorvolt-5323\/#primaryimage"},"thumbnailUrl":"https:\/\/doktorvolt.pl\/wp-content\/uploads\/2026\/02\/pol_pl_14418-14418_1.jpg","datePublished":"2026-02-23T12:48:01+00:00","dateModified":"2026-02-27T07:19:02+00:00","breadcrumb":{"@id":"https:\/\/doktorvolt.pl\/de\/oferta-doktorvolt\/zubehoer\/stromverteiler-leergehaeuse\/obudowa-rozdzielnicy-hl-ip44-doktorvolt-5323\/#breadcrumb"},"inLanguage":"de","potentialAction":[{"@type":"ReadAction","target":["https:\/\/doktorvolt.pl\/de\/oferta-doktorvolt\/zubehoer\/stromverteiler-leergehaeuse\/obudowa-rozdzielnicy-hl-ip44-doktorvolt-5323\/"]}]},{"@type":"ImageObject","inLanguage":"de","@id":"https:\/\/doktorvolt.pl\/de\/oferta-doktorvolt\/zubehoer\/stromverteiler-leergehaeuse\/obudowa-rozdzielnicy-hl-ip44-doktorvolt-5323\/#primaryimage","url":"https:\/\/doktorvolt.pl\/wp-content\/uploads\/2026\/02\/pol_pl_14418-14418_1.jpg","contentUrl":"https:\/\/doktorvolt.pl\/wp-content\/uploads\/2026\/02\/pol_pl_14418-14418_1.jpg","width":400,"height":573},{"@type":"BreadcrumbList","@id":"https:\/\/doktorvolt.pl\/de\/oferta-doktorvolt\/zubehoer\/stromverteiler-leergehaeuse\/obudowa-rozdzielnicy-hl-ip44-doktorvolt-5323\/#breadcrumb","itemListElement":[{"@type":"ListItem","position":1,"name":"Strona g\u0142\u00f3wna","item":"https:\/\/doktorvolt.pl\/de\/"},{"@type":"ListItem","position":2,"name":"Angebot Doktorvolt","item":"https:\/\/doktorvolt.pl\/de\/angebot-doktorvolt\/"},{"@type":"ListItem","position":3,"name":"Stromverteiler Geh\u00e4use HL IP44 Doktorvolt DV-5323"}]},{"@type":"WebSite","@id":"https:\/\/doktorvolt.pl\/de\/#website","url":"https:\/\/doktorvolt.pl\/de\/","name":"DOKTORVOLT\u00ae","description":"Producent rozdzielnic budowlanych","publisher":{"@id":"https:\/\/doktorvolt.pl\/de\/#organization"},"potentialAction":[{"@type":"SearchAction","target":{"@type":"EntryPoint","urlTemplate":"https:\/\/doktorvolt.pl\/de\/?s={search_term_string}"},"query-input":{"@type":"PropertyValueSpecification","valueRequired":true,"valueName":"search_term_string"}}],"inLanguage":"de"},{"@type":"Organization","@id":"https:\/\/doktorvolt.pl\/de\/#organization","name":"DOKTORVOLT\u00ae","url":"https:\/\/doktorvolt.pl\/de\/","logo":{"@type":"ImageObject","inLanguage":"de","@id":"https:\/\/doktorvolt.pl\/de\/#\/schema\/logo\/image\/","url":"https:\/\/doktorvolt.pl\/wp-content\/uploads\/2023\/10\/DoktorVOLT-black-png.png","contentUrl":"https:\/\/doktorvolt.pl\/wp-content\/uploads\/2023\/10\/DoktorVOLT-black-png.png","width":729,"height":40,"caption":"DOKTORVOLT\u00ae"},"image":{"@id":"https:\/\/doktorvolt.pl\/de\/#\/schema\/logo\/image\/"}}]}},"_links":{"self":[{"href":"https:\/\/doktorvolt.pl\/de\/wp-json\/wp\/v2\/product\/110333","targetHints":{"allow":["GET"]}}],"collection":[{"href":"https:\/\/doktorvolt.pl\/de\/wp-json\/wp\/v2\/product"}],"about":[{"href":"https:\/\/doktorvolt.pl\/de\/wp-json\/wp\/v2\/types\/product"}],"wp:featuredmedia":[{"embeddable":true,"href":"https:\/\/doktorvolt.pl\/de\/wp-json\/wp\/v2\/media\/98408"}],"wp:attachment":[{"href":"https:\/\/doktorvolt.pl\/de\/wp-json\/wp\/v2\/media?parent=110333"}],"wp:term":[{"taxonomy":"product_brand","embeddable":true,"href":"https:\/\/doktorvolt.pl\/de\/wp-json\/wp\/v2\/product_brand?post=110333"},{"taxonomy":"product_cat","embeddable":true,"href":"https:\/\/doktorvolt.pl\/de\/wp-json\/wp\/v2\/product_cat?post=110333"},{"taxonomy":"product_tag","embeddable":true,"href":"https:\/\/doktorvolt.pl\/de\/wp-json\/wp\/v2\/product_tag?post=110333"}],"curies":[{"name":"wp","href":"https:\/\/api.w.org\/{rel}","templated":true}]}}