{"id":110344,"date":"2026-02-23T14:46:21","date_gmt":"2026-02-23T12:46:21","guid":{"rendered":"https:\/\/doktorvolt.pl\/sklep\/unkategorisiert\/rozdzielnica-budowlana-gumowa-hd-ip67-32a-5p-16a-5p-2x230v-gniazda-mennekes-schuko-doktorvolt-9535\/"},"modified":"2026-04-23T14:13:20","modified_gmt":"2026-04-23T12:13:20","slug":"rozdzielnica-budowlana-gumowa-hd-ip67-32a-5p-16a-5p-2x230v-gniazda-mennekes-schuko-doktorvolt-9535","status":"publish","type":"product","link":"https:\/\/doktorvolt.pl\/de\/offer-doktorvolt\/stromverteiler\/hd-serie\/rozdzielnica-budowlana-gumowa-hd-ip67-32a-5p-16a-5p-2x230v-gniazda-mennekes-schuko-doktorvolt-9535\/","title":{"rendered":"Baustromverteiler Vollgummi HD IP67 32A\/5P 16A\/5P 2x230V Doktorvolt\u00ae DV-9535-D"},"content":{"rendered":"<p>Baustromverteiler Vollgummi HD 32A\/5P 16A\/5P 2x230V IP67 Stromverteiler Doktorvolt\u00ae DV-9535-D<\/p>\n<h1 style=\"text-align:center;\"><span style=\"font-family:verdana, geneva;font-size:15pt;color:#000000;\">Baustromverteiler Vollgummi HD 32A 16A 2x230V IP67<br \/>Doktorvolt\u00ae<\/span><\/h1>\n<\/p>\n<p style=\"text-align:center;font-size:15pt;\"><span style=\"color:#000000;\">Transparenter Bet\u00e4tigungsklappe<\/span><\/p>\n<p style=\"text-align:center;\">\n<p style=\"text-align:center;font-size:15pt;\"><span style=\"color:#000000;\">Stromverteiler ber\u00fccksicht Pr\u00fcfanforderungen nach DIN 61439-3<\/span><\/p>\n<p style=\"text-align:center;\">\n<p style=\"text-align:center;\">\n<p style=\"text-align:center;\">\n<p style=\"text-align:center;font-size:15pt;\"><span style=\"color:#000000;\">Warum unsere Stromverteiler !?&nbsp;<\/span><\/p>\n<p><span style=\"color:#000000;\">Unsere Stromverteiler haben nur das beste aus Europa:&nbsp;<\/span><\/p>\n<p><span style=\"color:#000000;\">Steckdosen Mennekes&nbsp;<\/span><\/p>\n<p style=\"text-align:center;font-size:15pt;\">\n<p style=\"text-align:center;font-size:15pt;\"><span style=\"color:#000000;\"><span style=\"color:#000000;\">Vollgummi Geh\u00e4use PCE mit IP67 Schutzgrad<\/span><\/span><\/p>\n<p style=\"text-align:center;font-size:15pt;\"><span style=\"color:#000000;\">&nbsp;<span style=\"color:#000000;\">&#8222;IP&#8220; &#8211; Mit der International Protection Rating der Ingress Protection Rating, um Sie im Namen des Ger\u00e4tegeh\u00e4uses zu benachrichtigen. Durch Lesen des Standardwerts kann der Benutzer die Anwendung des Modells bestimmen, um unter bestimmten atmosph\u00e4rischen Bedingungen zu arbeiten. Der Schutzgrad wird als zweistellige Komponente dargestellt und nach der Abk\u00fcrzung IP (z. B. IP67) angegeben. Je h\u00f6her die Anzahl, desto wirksamer das Schutzniveau.<\/span><\/span><\/p>\n<p style=\"text-align:center;font-size:15pt;\"><span style=\"color:#000000;\"><span style=\"color:#000000;\">IP67 &#8211; die erste Ziffer garantiert auch den Ber\u00fchrungsschutz mit ungesicherten Kabeln und einen vollst\u00e4ndigen Staubschutz, die zweite Ziffer &#8211; sch\u00fctzt 30 Minuten lang vor den Auswirkungen des Eintauchens in Wasser in einer Tiefe von 0,15 m.<\/span><\/span><\/p>\n<\/p>\n<table class=\"center\" style=\"margin-left:auto;margin-right:auto;width:700px;height:400px;\" cellspacing=\"0\" align=\"center\">\n<tbody>\n<tr>\n<td style=\"text-align:right;padding:15px;height:20px;\" valign=\"middle\" align=\"right\">\n<p style=\"text-align:left;\"><span style=\"font-family:verdana, geneva;font-size:12pt;color:#000000;\"><span>Best\u00fcckung<\/span><\/span><\/p>\n<\/td>\n<td style=\"padding:15px;height:20px;text-align:left;\" valign=\"middle\" align=\"right\">\n<p><span style=\"font-family:verdana, geneva;font-size:12pt;color:#000000;\">2 x 230V 16A 2p+E IP68 blau Steckdosen Typ 10808 Mennekes &nbsp; &nbsp;<\/span><\/p>\n<p><span style=\"font-family:verdana, geneva;font-size:12pt;color:#000000;\">1x 32A 5p 400V IP67 rot Steckdosen Typ 240A Mennekes &nbsp;<\/span><\/p>\n<p><span style=\"font-family:verdana, geneva;font-size:12pt;color:#000000;\">1x 16A 5p 400V IP67 rot Steckdosen Typ 228A Mennekes&nbsp; <br \/><\/span><\/p>\n<p><span style=\"font-family:verdana, geneva;font-size:12pt;color:#000000;\">13-Module IP67 Vollgummi-Geh\u00e4use<\/span><\/p>\n<\/td>\n<\/tr>\n<tr style=\"background-color:#d7d7d7;\">\n<td style=\"text-align:right;padding:15px;height:20px;\" valign=\"middle\" align=\"right\">\n<p style=\"text-align:left;\"><span style=\"font-family:verdana, geneva;font-size:12pt;color:#000000;\">Zubeh\u00f6r<\/span><\/p>\n<\/td>\n<td style=\"padding:15px;height:20px;text-align:left;\" valign=\"middle\" align=\"right\">\n<p><span style=\"font-family:verdana, geneva;font-size:12pt;color:#000000;\">N und PE Klemme<\/span><\/p>\n<\/td>\n<\/tr>\n<tr>\n<td style=\"text-align:right;padding:15px;height:20px;\" valign=\"middle\" align=\"right\">\n<p style=\"text-align:left;\"><span style=\"font-family:verdana, geneva;font-size:12pt;color:#000000;\">UV- &amp; Ozonwirkung best\u00e4ndig Geh\u00e4use<br \/><\/span><\/p>\n<\/td>\n<td style=\"padding:15px;height:20px;text-align:left;\" valign=\"middle\" align=\"right\"><span style=\"font-family:verdana, geneva;font-size:12pt;color:#000000;\">ja<\/span><\/td>\n<\/tr>\n<tr style=\"background-color:#d7d7d7;\">\n<td style=\"text-align:right;padding:15px;height:20px;\" valign=\"middle\" align=\"right\">\n<p style=\"text-align:left;\"><span style=\"font-family:verdana, geneva;font-size:12pt;color:#000000;\">Module-Anzahl<\/span><\/p>\n<\/td>\n<td style=\"padding:15px;height:20px;text-align:left;\" valign=\"middle\" align=\"right\">\n<p><span style=\"font-family:verdana, geneva;font-size:12pt;color:#000000;\">13-Module<\/span><\/p>\n<\/td>\n<\/tr>\n<tr>\n<td style=\"text-align:right;padding:15px;height:20px;\" valign=\"middle\" align=\"right\">\n<p style=\"text-align:left;\"><span style=\"font-family:verdana, geneva;font-size:12pt;color:#000000;\">Geh\u00e4usegr\u00f6\u00dfe<br \/><\/span><\/p>\n<\/td>\n<td style=\"padding:15px;height:20px;text-align:left;\" valign=\"middle\" align=\"right\"><span style=\"font-family:verdana, geneva;font-size:12pt;color:#000000;\">370x298x228mm<\/span><\/td>\n<\/tr>\n<tr style=\"background-color:#d7d7d7;\">\n<td style=\"text-align:right;padding:15px;height:20px;\" valign=\"middle\" align=\"right\">\n<p style=\"text-align:left;\"><span style=\"font-family:verdana, geneva;font-size:12pt;color:#000000;\"><span style=\"font-family:verdana, geneva;font-size:12pt;\">Schaltger\u00e4tenorm<\/span><\/span><\/p>\n<\/td>\n<td style=\"padding:15px;height:20px;text-align:left;\" valign=\"middle\" align=\"right\"><span style=\"font-family:verdana, geneva;font-size:12pt;color:#000000;\"><span style=\"font-family:verdana, geneva;font-size:12pt;\">IEC 61439-3<\/span><\/span><\/td>\n<\/tr>\n<tr>\n<td style=\"text-align:right;padding:15px;height:20px;\" valign=\"middle\" align=\"right\">\n<p style=\"text-align:left;\"><span style=\"font-family:verdana, geneva;font-size:12pt;color:#000000;\">Geh\u00e4usefarbe<br \/><\/span><\/p>\n<\/td>\n<td style=\"padding:15px;height:20px;text-align:left;\" valign=\"middle\" align=\"right\"><span style=\"font-family:verdana, geneva;font-size:12pt;color:#000000;\">schwarz<\/span><\/td>\n<\/tr>\n<tr style=\"background-color:#d7d7d7;\">\n<td style=\"text-align:right;padding:15px;height:20px;\" valign=\"middle\" align=\"right\">\n<p style=\"text-align:left;\"><span style=\"font-family:verdana, geneva;font-size:12pt;color:#000000;\">InA<br \/><\/span><\/p>\n<\/td>\n<td style=\"padding:15px;height:20px;text-align:left;\" valign=\"middle\" align=\"right\"><span style=\"font-family:verdana, geneva;font-size:12pt;color:#000000;\">80A<\/span><\/td>\n<\/tr>\n<tr>\n<td style=\"text-align:right;padding:15px;height:20px;\" valign=\"middle\" align=\"right\">\n<p style=\"text-align:left;\"><span style=\"font-family:verdana, geneva;font-size:12pt;color:#000000;\">Un<br \/><\/span><\/p>\n<\/td>\n<td style=\"padding:15px;height:20px;text-align:left;\" valign=\"middle\" align=\"right\"><span style=\"font-family:verdana, geneva;font-size:12pt;color:#000000;\">230\/400V<\/span><\/td>\n<\/tr>\n<tr style=\"background-color:#d7d7d7;\">\n<td style=\"text-align:right;padding:15px;height:20px;\" valign=\"middle\" align=\"right\">\n<p style=\"text-align:left;\"><span style=\"font-family:verdana, geneva;font-size:12pt;color:#000000;\">fn<br \/><\/span><\/p>\n<\/td>\n<td style=\"padding:15px;height:20px;text-align:left;\" valign=\"middle\" align=\"right\"><span style=\"font-family:verdana, geneva;font-size:12pt;color:#000000;\">50Hz<\/span><\/td>\n<\/tr>\n<tr>\n<td style=\"text-align:right;padding:15px;height:20px;\" valign=\"middle\" align=\"right\">\n<p style=\"text-align:left;\"><span style=\"font-family:verdana, geneva;font-size:12pt;color:#000000;\">Icc<br \/><\/span><\/p>\n<\/td>\n<td style=\"padding:15px;height:20px;text-align:left;\" valign=\"middle\" align=\"right\"><span style=\"font-family:verdana, geneva;font-size:12pt;color:#000000;\">\u2264 10kA<\/span><\/td>\n<\/tr>\n<tr style=\"background-color:#d7d7d7;\">\n<td style=\"text-align:right;padding:15px;height:20px;\" valign=\"middle\" align=\"right\">\n<p style=\"text-align:left;\"><span style=\"font-family:verdana, geneva;font-size:12pt;color:#000000;\">RDF<br \/><\/span><\/p>\n<\/td>\n<td style=\"padding:15px;height:20px;text-align:left;\" valign=\"middle\" align=\"right\"><span style=\"font-family:verdana, geneva;font-size:12pt;color:#000000;\">0,7<\/span><\/td>\n<\/tr>\n<tr>\n<td style=\"text-align:right;padding:15px;height:20px;\" valign=\"middle\" align=\"right\">\n<p style=\"text-align:left;\"><span style=\"font-family:verdana, geneva;font-size:12pt;color:#000000;\">Schutzart<br \/><\/span><\/p>\n<\/td>\n<td style=\"padding:15px;height:20px;text-align:left;\" valign=\"middle\" align=\"right\"><span style=\"font-family:verdana, geneva;font-size:12pt;color:#000000;\">IP67<\/span><\/td>\n<\/tr>\n<tr style=\"background-color:#d7d7d7;\">\n<td style=\"text-align:right;padding:15px;height:20px;\" valign=\"middle\" align=\"right\">\n<p style=\"text-align:left;\"><span style=\"font-family:verdana, geneva;font-size:12pt;color:#000000;\">Hersteller<br \/><\/span><\/p>\n<\/td>\n<td style=\"padding:15px;height:20px;text-align:left;\" valign=\"middle\" align=\"right\"><span style=\"font-family:verdana, geneva;font-size:12pt;color:#000000;\">Doktorvolt<\/span><\/td>\n<\/tr>\n<tr>\n<td style=\"text-align:right;padding:15px;height:20px;\" valign=\"middle\" align=\"right\">\n<p style=\"text-align:left;\"><span style=\"font-family:verdana, geneva;font-size:12pt;color:#000000;\"><span style=\"font-family:verdana, geneva;font-size:12pt;\">Artikel-No.<\/span><br \/><\/span><\/p>\n<\/td>\n<td style=\"padding:15px;height:20px;text-align:left;\" valign=\"middle\" align=\"right\"><span style=\"font-family:verdana, geneva;font-size:12pt;color:#000000;\"><span style=\"font-family:verdana, geneva;font-size:12pt;\">DV-9535-D<\/span><br \/><\/span><\/td>\n<\/tr>\n<tr style=\"background-color:#d7d7d7;\">\n<td style=\"text-align:right;padding:15px;height:20px;\" valign=\"middle\" align=\"right\">\n<p style=\"text-align:left;\"><span style=\"font-family:verdana, geneva;font-size:12pt;color:#000000;\">EAN<br \/><\/span><\/p>\n<\/td>\n<td style=\"padding:15px;height:20px;text-align:left;\" valign=\"middle\" align=\"right\"><span style=\"font-family:verdana, geneva;font-size:12pt;color:#000000;\">5903260279535<\/span><\/td>\n<\/tr>\n<\/tbody>\n<\/table>\n","protected":false},"excerpt":{"rendered":"","protected":false},"featured_media":98249,"template":"","meta":[],"product_brand":[],"product_cat":[4520],"product_tag":[],"class_list":{"0":"post-110344","1":"product","2":"type-product","3":"status-publish","4":"has-post-thumbnail","6":"product_cat-hd-serie","8":"first","9":"instock","10":"shipping-taxable","11":"product-type-external"},"yoast_head":"<!-- This site is optimized with the Yoast SEO plugin v27.0 - https:\/\/yoast.com\/product\/yoast-seo-wordpress\/ -->\n<title>Baustromverteiler Vollgummi HD IP67 32A\/5P 16A\/5P 2x230V Doktorvolt\u00ae DV-9535-D - DOKTORVOLT\u00ae<\/title>\n<meta name=\"robots\" content=\"index, follow, max-snippet:-1, max-image-preview:large, max-video-preview:-1\" \/>\n<link rel=\"canonical\" href=\"https:\/\/doktorvolt.pl\/de\/offer-doktorvolt\/stromverteiler\/hd-serie\/rozdzielnica-budowlana-gumowa-hd-ip67-32a-5p-16a-5p-2x230v-gniazda-mennekes-schuko-doktorvolt-9535\/\" \/>\n<meta property=\"og:locale\" content=\"de_DE\" \/>\n<meta property=\"og:type\" content=\"article\" \/>\n<meta property=\"og:title\" content=\"Baustromverteiler Vollgummi HD IP67 32A\/5P 16A\/5P 2x230V Doktorvolt\u00ae DV-9535-D - DOKTORVOLT\u00ae\" \/>\n<meta property=\"og:url\" content=\"https:\/\/doktorvolt.pl\/de\/offer-doktorvolt\/stromverteiler\/hd-serie\/rozdzielnica-budowlana-gumowa-hd-ip67-32a-5p-16a-5p-2x230v-gniazda-mennekes-schuko-doktorvolt-9535\/\" \/>\n<meta property=\"og:site_name\" content=\"DOKTORVOLT\u00ae\" \/>\n<meta property=\"article:modified_time\" content=\"2026-04-23T12:13:20+00:00\" \/>\n<meta property=\"og:image\" content=\"https:\/\/doktorvolt.pl\/wp-content\/uploads\/2026\/02\/pol_pl_17310-17310_1.jpg\" \/>\n\t<meta property=\"og:image:width\" content=\"1600\" \/>\n\t<meta property=\"og:image:height\" content=\"1600\" \/>\n\t<meta property=\"og:image:type\" content=\"image\/jpeg\" \/>\n<meta name=\"twitter:card\" content=\"summary_large_image\" \/>\n<meta name=\"twitter:label1\" content=\"Gesch\u00e4tzte Lesezeit\" \/>\n\t<meta name=\"twitter:data1\" content=\"1\u00a0Minute\" \/>\n<script type=\"application\/ld+json\" class=\"yoast-schema-graph\">{\"@context\":\"https:\/\/schema.org\",\"@graph\":[{\"@type\":\"WebPage\",\"@id\":\"https:\/\/doktorvolt.pl\/de\/offer-doktorvolt\/stromverteiler\/hd-serie\/rozdzielnica-budowlana-gumowa-hd-ip67-32a-5p-16a-5p-2x230v-gniazda-mennekes-schuko-doktorvolt-9535\/\",\"url\":\"https:\/\/doktorvolt.pl\/de\/offer-doktorvolt\/stromverteiler\/hd-serie\/rozdzielnica-budowlana-gumowa-hd-ip67-32a-5p-16a-5p-2x230v-gniazda-mennekes-schuko-doktorvolt-9535\/\",\"name\":\"Baustromverteiler Vollgummi HD IP67 32A\/5P 16A\/5P 2x230V Doktorvolt\u00ae DV-9535-D - DOKTORVOLT\u00ae\",\"isPartOf\":{\"@id\":\"https:\/\/doktorvolt.pl\/de\/#website\"},\"primaryImageOfPage\":{\"@id\":\"https:\/\/doktorvolt.pl\/de\/offer-doktorvolt\/stromverteiler\/hd-serie\/rozdzielnica-budowlana-gumowa-hd-ip67-32a-5p-16a-5p-2x230v-gniazda-mennekes-schuko-doktorvolt-9535\/#primaryimage\"},\"image\":{\"@id\":\"https:\/\/doktorvolt.pl\/de\/offer-doktorvolt\/stromverteiler\/hd-serie\/rozdzielnica-budowlana-gumowa-hd-ip67-32a-5p-16a-5p-2x230v-gniazda-mennekes-schuko-doktorvolt-9535\/#primaryimage\"},\"thumbnailUrl\":\"https:\/\/doktorvolt.pl\/wp-content\/uploads\/2026\/02\/pol_pl_17310-17310_1.jpg\",\"datePublished\":\"2026-02-23T12:46:21+00:00\",\"dateModified\":\"2026-04-23T12:13:20+00:00\",\"breadcrumb\":{\"@id\":\"https:\/\/doktorvolt.pl\/de\/offer-doktorvolt\/stromverteiler\/hd-serie\/rozdzielnica-budowlana-gumowa-hd-ip67-32a-5p-16a-5p-2x230v-gniazda-mennekes-schuko-doktorvolt-9535\/#breadcrumb\"},\"inLanguage\":\"de\",\"potentialAction\":[{\"@type\":\"ReadAction\",\"target\":[\"https:\/\/doktorvolt.pl\/de\/offer-doktorvolt\/stromverteiler\/hd-serie\/rozdzielnica-budowlana-gumowa-hd-ip67-32a-5p-16a-5p-2x230v-gniazda-mennekes-schuko-doktorvolt-9535\/\"]}]},{\"@type\":\"ImageObject\",\"inLanguage\":\"de\",\"@id\":\"https:\/\/doktorvolt.pl\/de\/offer-doktorvolt\/stromverteiler\/hd-serie\/rozdzielnica-budowlana-gumowa-hd-ip67-32a-5p-16a-5p-2x230v-gniazda-mennekes-schuko-doktorvolt-9535\/#primaryimage\",\"url\":\"https:\/\/doktorvolt.pl\/wp-content\/uploads\/2026\/02\/pol_pl_17310-17310_1.jpg\",\"contentUrl\":\"https:\/\/doktorvolt.pl\/wp-content\/uploads\/2026\/02\/pol_pl_17310-17310_1.jpg\",\"width\":1600,\"height\":1600},{\"@type\":\"BreadcrumbList\",\"@id\":\"https:\/\/doktorvolt.pl\/de\/offer-doktorvolt\/stromverteiler\/hd-serie\/rozdzielnica-budowlana-gumowa-hd-ip67-32a-5p-16a-5p-2x230v-gniazda-mennekes-schuko-doktorvolt-9535\/#breadcrumb\",\"itemListElement\":[{\"@type\":\"ListItem\",\"position\":1,\"name\":\"Strona g\u0142\u00f3wna\",\"item\":\"https:\/\/doktorvolt.pl\/de\/\"},{\"@type\":\"ListItem\",\"position\":2,\"name\":\"Angebot Doktorvolt\",\"item\":\"https:\/\/doktorvolt.pl\/de\/angebot-doktorvolt\/\"},{\"@type\":\"ListItem\",\"position\":3,\"name\":\"Baustromverteiler Vollgummi HD IP67 32A\/5P 16A\/5P 2x230V Doktorvolt\u00ae DV-9535-D\"}]},{\"@type\":\"WebSite\",\"@id\":\"https:\/\/doktorvolt.pl\/de\/#website\",\"url\":\"https:\/\/doktorvolt.pl\/de\/\",\"name\":\"DOKTORVOLT\u00ae\",\"description\":\"Producent rozdzielnic budowlanych\",\"publisher\":{\"@id\":\"https:\/\/doktorvolt.pl\/de\/#organization\"},\"potentialAction\":[{\"@type\":\"SearchAction\",\"target\":{\"@type\":\"EntryPoint\",\"urlTemplate\":\"https:\/\/doktorvolt.pl\/de\/?s={search_term_string}\"},\"query-input\":{\"@type\":\"PropertyValueSpecification\",\"valueRequired\":true,\"valueName\":\"search_term_string\"}}],\"inLanguage\":\"de\"},{\"@type\":\"Organization\",\"@id\":\"https:\/\/doktorvolt.pl\/de\/#organization\",\"name\":\"DOKTORVOLT\u00ae\",\"url\":\"https:\/\/doktorvolt.pl\/de\/\",\"logo\":{\"@type\":\"ImageObject\",\"inLanguage\":\"de\",\"@id\":\"https:\/\/doktorvolt.pl\/de\/#\/schema\/logo\/image\/\",\"url\":\"https:\/\/doktorvolt.pl\/wp-content\/uploads\/2023\/10\/DoktorVOLT-black-png.png\",\"contentUrl\":\"https:\/\/doktorvolt.pl\/wp-content\/uploads\/2023\/10\/DoktorVOLT-black-png.png\",\"width\":729,\"height\":40,\"caption\":\"DOKTORVOLT\u00ae\"},\"image\":{\"@id\":\"https:\/\/doktorvolt.pl\/de\/#\/schema\/logo\/image\/\"}}]}<\/script>\n<!-- \/ Yoast SEO plugin. -->","yoast_head_json":{"title":"Baustromverteiler Vollgummi HD IP67 32A\/5P 16A\/5P 2x230V Doktorvolt\u00ae DV-9535-D - DOKTORVOLT\u00ae","robots":{"index":"index","follow":"follow","max-snippet":"max-snippet:-1","max-image-preview":"max-image-preview:large","max-video-preview":"max-video-preview:-1"},"canonical":"https:\/\/doktorvolt.pl\/de\/offer-doktorvolt\/stromverteiler\/hd-serie\/rozdzielnica-budowlana-gumowa-hd-ip67-32a-5p-16a-5p-2x230v-gniazda-mennekes-schuko-doktorvolt-9535\/","og_locale":"de_DE","og_type":"article","og_title":"Baustromverteiler Vollgummi HD IP67 32A\/5P 16A\/5P 2x230V Doktorvolt\u00ae DV-9535-D - DOKTORVOLT\u00ae","og_url":"https:\/\/doktorvolt.pl\/de\/offer-doktorvolt\/stromverteiler\/hd-serie\/rozdzielnica-budowlana-gumowa-hd-ip67-32a-5p-16a-5p-2x230v-gniazda-mennekes-schuko-doktorvolt-9535\/","og_site_name":"DOKTORVOLT\u00ae","article_modified_time":"2026-04-23T12:13:20+00:00","og_image":[{"width":1600,"height":1600,"url":"https:\/\/doktorvolt.pl\/wp-content\/uploads\/2026\/02\/pol_pl_17310-17310_1.jpg","type":"image\/jpeg"}],"twitter_card":"summary_large_image","twitter_misc":{"Gesch\u00e4tzte Lesezeit":"1\u00a0Minute"},"schema":{"@context":"https:\/\/schema.org","@graph":[{"@type":"WebPage","@id":"https:\/\/doktorvolt.pl\/de\/offer-doktorvolt\/stromverteiler\/hd-serie\/rozdzielnica-budowlana-gumowa-hd-ip67-32a-5p-16a-5p-2x230v-gniazda-mennekes-schuko-doktorvolt-9535\/","url":"https:\/\/doktorvolt.pl\/de\/offer-doktorvolt\/stromverteiler\/hd-serie\/rozdzielnica-budowlana-gumowa-hd-ip67-32a-5p-16a-5p-2x230v-gniazda-mennekes-schuko-doktorvolt-9535\/","name":"Baustromverteiler Vollgummi HD IP67 32A\/5P 16A\/5P 2x230V Doktorvolt\u00ae DV-9535-D - DOKTORVOLT\u00ae","isPartOf":{"@id":"https:\/\/doktorvolt.pl\/de\/#website"},"primaryImageOfPage":{"@id":"https:\/\/doktorvolt.pl\/de\/offer-doktorvolt\/stromverteiler\/hd-serie\/rozdzielnica-budowlana-gumowa-hd-ip67-32a-5p-16a-5p-2x230v-gniazda-mennekes-schuko-doktorvolt-9535\/#primaryimage"},"image":{"@id":"https:\/\/doktorvolt.pl\/de\/offer-doktorvolt\/stromverteiler\/hd-serie\/rozdzielnica-budowlana-gumowa-hd-ip67-32a-5p-16a-5p-2x230v-gniazda-mennekes-schuko-doktorvolt-9535\/#primaryimage"},"thumbnailUrl":"https:\/\/doktorvolt.pl\/wp-content\/uploads\/2026\/02\/pol_pl_17310-17310_1.jpg","datePublished":"2026-02-23T12:46:21+00:00","dateModified":"2026-04-23T12:13:20+00:00","breadcrumb":{"@id":"https:\/\/doktorvolt.pl\/de\/offer-doktorvolt\/stromverteiler\/hd-serie\/rozdzielnica-budowlana-gumowa-hd-ip67-32a-5p-16a-5p-2x230v-gniazda-mennekes-schuko-doktorvolt-9535\/#breadcrumb"},"inLanguage":"de","potentialAction":[{"@type":"ReadAction","target":["https:\/\/doktorvolt.pl\/de\/offer-doktorvolt\/stromverteiler\/hd-serie\/rozdzielnica-budowlana-gumowa-hd-ip67-32a-5p-16a-5p-2x230v-gniazda-mennekes-schuko-doktorvolt-9535\/"]}]},{"@type":"ImageObject","inLanguage":"de","@id":"https:\/\/doktorvolt.pl\/de\/offer-doktorvolt\/stromverteiler\/hd-serie\/rozdzielnica-budowlana-gumowa-hd-ip67-32a-5p-16a-5p-2x230v-gniazda-mennekes-schuko-doktorvolt-9535\/#primaryimage","url":"https:\/\/doktorvolt.pl\/wp-content\/uploads\/2026\/02\/pol_pl_17310-17310_1.jpg","contentUrl":"https:\/\/doktorvolt.pl\/wp-content\/uploads\/2026\/02\/pol_pl_17310-17310_1.jpg","width":1600,"height":1600},{"@type":"BreadcrumbList","@id":"https:\/\/doktorvolt.pl\/de\/offer-doktorvolt\/stromverteiler\/hd-serie\/rozdzielnica-budowlana-gumowa-hd-ip67-32a-5p-16a-5p-2x230v-gniazda-mennekes-schuko-doktorvolt-9535\/#breadcrumb","itemListElement":[{"@type":"ListItem","position":1,"name":"Strona g\u0142\u00f3wna","item":"https:\/\/doktorvolt.pl\/de\/"},{"@type":"ListItem","position":2,"name":"Angebot Doktorvolt","item":"https:\/\/doktorvolt.pl\/de\/angebot-doktorvolt\/"},{"@type":"ListItem","position":3,"name":"Baustromverteiler Vollgummi HD IP67 32A\/5P 16A\/5P 2x230V Doktorvolt\u00ae DV-9535-D"}]},{"@type":"WebSite","@id":"https:\/\/doktorvolt.pl\/de\/#website","url":"https:\/\/doktorvolt.pl\/de\/","name":"DOKTORVOLT\u00ae","description":"Producent rozdzielnic budowlanych","publisher":{"@id":"https:\/\/doktorvolt.pl\/de\/#organization"},"potentialAction":[{"@type":"SearchAction","target":{"@type":"EntryPoint","urlTemplate":"https:\/\/doktorvolt.pl\/de\/?s={search_term_string}"},"query-input":{"@type":"PropertyValueSpecification","valueRequired":true,"valueName":"search_term_string"}}],"inLanguage":"de"},{"@type":"Organization","@id":"https:\/\/doktorvolt.pl\/de\/#organization","name":"DOKTORVOLT\u00ae","url":"https:\/\/doktorvolt.pl\/de\/","logo":{"@type":"ImageObject","inLanguage":"de","@id":"https:\/\/doktorvolt.pl\/de\/#\/schema\/logo\/image\/","url":"https:\/\/doktorvolt.pl\/wp-content\/uploads\/2023\/10\/DoktorVOLT-black-png.png","contentUrl":"https:\/\/doktorvolt.pl\/wp-content\/uploads\/2023\/10\/DoktorVOLT-black-png.png","width":729,"height":40,"caption":"DOKTORVOLT\u00ae"},"image":{"@id":"https:\/\/doktorvolt.pl\/de\/#\/schema\/logo\/image\/"}}]}},"_links":{"self":[{"href":"https:\/\/doktorvolt.pl\/de\/wp-json\/wp\/v2\/product\/110344","targetHints":{"allow":["GET"]}}],"collection":[{"href":"https:\/\/doktorvolt.pl\/de\/wp-json\/wp\/v2\/product"}],"about":[{"href":"https:\/\/doktorvolt.pl\/de\/wp-json\/wp\/v2\/types\/product"}],"wp:featuredmedia":[{"embeddable":true,"href":"https:\/\/doktorvolt.pl\/de\/wp-json\/wp\/v2\/media\/98249"}],"wp:attachment":[{"href":"https:\/\/doktorvolt.pl\/de\/wp-json\/wp\/v2\/media?parent=110344"}],"wp:term":[{"taxonomy":"product_brand","embeddable":true,"href":"https:\/\/doktorvolt.pl\/de\/wp-json\/wp\/v2\/product_brand?post=110344"},{"taxonomy":"product_cat","embeddable":true,"href":"https:\/\/doktorvolt.pl\/de\/wp-json\/wp\/v2\/product_cat?post=110344"},{"taxonomy":"product_tag","embeddable":true,"href":"https:\/\/doktorvolt.pl\/de\/wp-json\/wp\/v2\/product_tag?post=110344"}],"curies":[{"name":"wp","href":"https:\/\/api.w.org\/{rel}","templated":true}]}}